{"id":4688,"date":"1970-01-01T00:00:00","date_gmt":"1970-01-01T00:00:00","guid":{"rendered":"https:\/\/elfsight.com\/pt\/?page_id=4688"},"modified":"2024-11-13T12:14:36","modified_gmt":"2024-11-13T12:14:36","slug":"opencart","status":"publish","type":"page","link":"https:\/\/elfsight.com\/pt\/social-media-share-buttons\/opencart\/","title":{"rendered":"Social Share Buttons &#8211; OpenCart"},"content":{"rendered":"<div class=\"application-platform-content-item-description application-platform-content-item\" id=\"description\" data-nav-section=\"description\"><h2>Descri\u00e7\u00e3o<\/h2><p>Uma extens\u00e3o de compartilhamento eficiente para qualquer site, que permite que seus visitantes repostem conte\u00fado em diversas redes sociais. Anuncie sua empresa no Google+, Facebook, LinkedIn e muito mais, e conquiste novos assinantes e f\u00e3s com seu conte\u00fado maravilhoso no site.<\/p><p><b>Tenha visualiza\u00e7\u00f5es e leitores adicionais nas m\u00eddias sociais!<\/b><\/p><ul><li><b>M\u00e1xima cobertura de publica\u00e7\u00f5es e itens em plataformas sociais<\/b>.<br>Com uma interface pr\u00e1tica, com apenas um clique, seu conte\u00fado ter\u00e1 um compartilhamento poderoso em todas as redes sociais .<\/li><li><b>Compartilhe conte\u00fado envolvente para o m\u00e1ximo de espectadores<\/b>.<br>D\u00ea a seus usu\u00e1rios a chance de promover conte\u00fado atraente para um novo p\u00fablico com facilidade e rapidez.<\/li><li><b>Aumente a quantidade de tr\u00e1fego em seu site<\/b>.<br>Atraia mais leitores para seu site atrav\u00e9s de sua presen\u00e7a ativa nas redes sociais e aumente o tr\u00e1fego.<\/li><li><b>Aumente a quantidade de assinantes em servi\u00e7os sociais<\/b>.<br>Voc\u00ea cria postagens realmente atraentes para o seu site? Deixe que os pr\u00f3prios leitores os distribuam, compartilhando postagens facilmente para seus seguidores.<\/li><\/ul><\/div><div class=\"application-platform-content-item-features application-platform-content-item\" id=\"features\" data-nav-section=\"features\"><h2>Recursos<\/h2><p>Por que nossos bot\u00f5es s\u00e3o os melhores de todas as extens\u00f5es de compartilhamento OpenCart? Veja nossos pontos fortes:<\/p><ul><li>Mais de 40 redes sociais incorporadas;<\/li><li>Definir qualquer n\u00famero de colunas para organizar os bot\u00f5es;<\/li><li>Texto edit\u00e1vel do bot\u00e3o;<\/li><li>5 tipos de anima\u00e7\u00e3o dispon\u00edveis;<\/li><li>Otimizado para dispositivos m\u00f3veis com \u00edcone expans\u00edvel.<\/li><\/ul><p><a href=\"#demo\">Experimente mais fun\u00e7\u00f5es gratuitamente editor<\/a><\/p><\/div><div class=\"application-platform-content-item-installation application-platform-content-item\" id=\"installation\" data-nav-section=\"installation\"><h2>Como adicionar bot\u00f5es de compartilhamento ao site OpenCart<\/h2><p>Basta aplicar as instru\u00e7\u00f5es abaixo para incorporar o widget no OpenCart .<\/p> <ol><li><b>Utilize nosso editor gratuito e comece a construir seu pr\u00f3prio instrumento. <\/b><br> Escolha a interface preferida e as especifica\u00e7\u00f5es da extens\u00e3o e aplique as modifica\u00e7\u00f5es. <\/li> <li><b>Receba o c\u00f3digo exclusivo que aparece na caixa dos aplicativos Elfsight. <\/b><br> Assim que a personaliza\u00e7\u00e3o da sua extens\u00e3o pessoal do Social Share Buttons for conclu\u00edda, copie o c\u00f3digo pessoal na caixa exibida e guarde-o para futuras necessidades. <\/li> <li><b>Inicie o emprego da ferramenta em seu site OpenCart. <\/b><br> Insira o c\u00f3digo copiado anteriormente em sua p\u00e1gina e salve as melhorias. <\/li> <li><b>Conclu\u00eddo! A incorpora\u00e7\u00e3o foi finalizada com sucesso. <\/b><br> Acesse seu site para ver como a extens\u00e3o est\u00e1 funcionando. <\/li><\/ol> <p>Precisa de ajuda para inserir ou configurar a extens\u00e3o? A equipa do centro de ajuda da Elfsight ter\u00e1 todo o prazer em fornecer ajuda e oferecer uma solu\u00e7\u00e3o! Voc\u00ea tamb\u00e9m pode resolver o problema aplicando nosso extenso tutorial \u00ab<a href=\"https:\/\/elfsight.com\/tutorials\/how-to-add-social-share-buttons-to-opencart\/\" target=\"_blank\" rel=\"noopener noreferrer\">Como colocar bot\u00f5es de compartilhamento no site OpenCart<\/a>\u00bb.<\/p><\/div><div class=\"faq\" data-component=\"FAQ\"><div class=\"faq-item\">\r\n\t\t\t\t\t<div class=\"faq-item-question\">\r\n\t\t\t\t\t\t<h3 class=\"faq-item-question-text\">De que maneira \u00e9 \u00e9 poss\u00edvel adicionar bot\u00f5es de compartilhamento social ao meu site OpenCart sem codifica\u00e7\u00e3o?<\/h3>\r\n\r\n\t\t\t\t\t\t<div class=\"faq-item-question-icon\"><\/div>\r\n\t\t\t\t\t<\/div>\r\n\r\n\t\t\t\t\t<div class=\"faq-item-answer\">\r\n\t\t\t\t\t\t<div class=\"faq-item-answer-text\"><p>A empresa Elfsight apresenta uma solu\u00e7\u00e3o que permite que as pessoas gerem voc\u00ea mesmo um aplicativo de bot\u00f5es de compartilhamento social. Descubra o guia f\u00e1cil: <\/p><ul><li> V\u00e1 para a demonstra\u00e7\u00e3o on-line para criar uma se\u00e7\u00e3o de bot\u00f5es de compartilhamento social que voc\u00ea gostaria que aparecesse na p\u00e1gina da Web do OpenCart.<\/li><li>Escolha um dos modelos predefinidos e altere as configura\u00e7\u00f5es dos bot\u00f5es de compartilhamento social, adicione seu conte\u00fado, altere o layout e cores sem experi\u00eancia de codifica\u00e7\u00e3o.<\/li><li>Clique para salvar as configura\u00e7\u00f5es feitas nos bot\u00f5es de compartilhamento social e obter o c\u00f3digo de instala\u00e7\u00e3o do widget, que voc\u00ea pode colar facilmente em qualquer p\u00e1gina inicial do OpenCart gratuitamente.<\/li><\/ul><p>Com nosso configurador simples, qualquer usu\u00e1rio da web pode criar bot\u00f5es de compartilhamento social e simplesmente col\u00e1-los na p\u00e1gina inicial do OpenCart. Voc\u00ea n\u00e3o deve pagar ou divulgar os dados do seu cart\u00e3o para acessar nosso servi\u00e7o. Se voc\u00ea encontrar algum obst\u00e1culo em qualquer etapa, v\u00e1 em frente e entre em contato com nosso suporte ao cliente.<\/p><\/div>\r\n\t\t\t\t\t<\/div>\r\n\t\t\t\t<\/div><\/div>","protected":false},"excerpt":{"rendered":"","protected":false},"author":9,"featured_media":0,"parent":697,"menu_order":0,"comment_status":"closed","ping_status":"closed","template":"templates\/template-application-platform.php","meta":{"publish_to_discourse":"","publish_post_category":"","wpdc_auto_publish_overridden":"","wpdc_topic_tags":"","wpdc_pin_topic":"","wpdc_pin_until":"","discourse_post_id":"","discourse_permalink":"","wpdc_publishing_response":"","wpdc_publishing_error":"","footnotes":""},"class_list":["post-4688","page","type-page","status-publish","hentry"],"yoast_head":"<!-- This site is optimized with the Yoast SEO plugin v25.3.1 - https:\/\/yoast.com\/wordpress\/plugins\/seo\/ -->\n<title>Bot\u00f5es de compartilhamento social \u2013 Adicione bot\u00f5es de compartilhamento ao site OpenCart<\/title>\n<meta name=\"description\" content=\"Integre bot\u00f5es de compartilhamento social em seu site OpenCart em apenas alguns minutos. Cria\u00e7\u00e3o imediata e f\u00e1cil de diversas extens\u00f5es de sites pela Elfsight.\" \/>\n<meta name=\"robots\" content=\"index, follow, max-snippet:-1, max-image-preview:large, max-video-preview:-1\" \/>\n<link rel=\"canonical\" href=\"https:\/\/elfsight.com\/pt\/social-media-share-buttons\/opencart\/\" \/>\n<meta property=\"og:locale\" content=\"pt_PT\" \/>\n<meta property=\"og:type\" content=\"article\" \/>\n<meta property=\"og:title\" content=\"Bot\u00f5es de compartilhamento social \u2013 Adicione bot\u00f5es de compartilhamento ao site OpenCart\" \/>\n<meta property=\"og:description\" content=\"Integre bot\u00f5es de compartilhamento social em seu site OpenCart em apenas alguns minutos. Cria\u00e7\u00e3o imediata e f\u00e1cil de diversas extens\u00f5es de sites pela Elfsight.\" \/>\n<meta property=\"og:url\" content=\"https:\/\/elfsight.com\/pt\/social-media-share-buttons\/opencart\/\" \/>\n<meta property=\"og:site_name\" content=\"Elfsight PT\" \/>\n<meta property=\"article:modified_time\" content=\"2024-11-13T12:14:36+00:00\" \/>\n<meta name=\"twitter:card\" content=\"summary_large_image\" \/>\n<meta name=\"twitter:label1\" content=\"Tempo estimado de leitura\" \/>\n\t<meta name=\"twitter:data1\" content=\"2 minutos\" \/>\n<!-- \/ Yoast SEO plugin. -->","yoast_head_json":{"title":"Bot\u00f5es de compartilhamento social \u2013 Adicione bot\u00f5es de compartilhamento ao site OpenCart","description":"Integre bot\u00f5es de compartilhamento social em seu site OpenCart em apenas alguns minutos. Cria\u00e7\u00e3o imediata e f\u00e1cil de diversas extens\u00f5es de sites pela Elfsight.","robots":{"index":"index","follow":"follow","max-snippet":"max-snippet:-1","max-image-preview":"max-image-preview:large","max-video-preview":"max-video-preview:-1"},"canonical":"https:\/\/elfsight.com\/pt\/social-media-share-buttons\/opencart\/","og_locale":"pt_PT","og_type":"article","og_title":"Bot\u00f5es de compartilhamento social \u2013 Adicione bot\u00f5es de compartilhamento ao site OpenCart","og_description":"Integre bot\u00f5es de compartilhamento social em seu site OpenCart em apenas alguns minutos. Cria\u00e7\u00e3o imediata e f\u00e1cil de diversas extens\u00f5es de sites pela Elfsight.","og_url":"https:\/\/elfsight.com\/pt\/social-media-share-buttons\/opencart\/","og_site_name":"Elfsight PT","article_modified_time":"2024-11-13T12:14:36+00:00","twitter_card":"summary_large_image","twitter_misc":{"Tempo estimado de leitura":"2 minutos"},"schema":{"@context":"https:\/\/schema.org","@graph":[{"@type":"WebPage","@id":"https:\/\/elfsight.com\/pt\/social-media-share-buttons\/opencart\/","url":"https:\/\/elfsight.com\/pt\/social-media-share-buttons\/opencart\/","name":"Bot\u00f5es de compartilhamento social \u2013 Adicione bot\u00f5es de compartilhamento ao site OpenCart","isPartOf":{"@id":"https:\/\/elfsight.com\/pt\/#website"},"datePublished":"1970-01-01T00:00:00+00:00","dateModified":"2024-11-13T12:14:36+00:00","description":"Integre bot\u00f5es de compartilhamento social em seu site OpenCart em apenas alguns minutos. Cria\u00e7\u00e3o imediata e f\u00e1cil de diversas extens\u00f5es de sites pela Elfsight.","breadcrumb":{"@id":"https:\/\/elfsight.com\/pt\/social-media-share-buttons\/opencart\/#breadcrumb"},"inLanguage":"pt-PT","potentialAction":[{"@type":"ReadAction","target":["https:\/\/elfsight.com\/pt\/social-media-share-buttons\/opencart\/"]}]},{"@type":"BreadcrumbList","@id":"https:\/\/elfsight.com\/pt\/social-media-share-buttons\/opencart\/#breadcrumb","itemListElement":[{"@type":"ListItem","position":1,"name":"Home","item":"https:\/\/elfsight.com\/pt\/"},{"@type":"ListItem","position":2,"name":"Social Share Buttons","item":"https:\/\/elfsight.com\/pt\/social-media-share-buttons\/"},{"@type":"ListItem","position":3,"name":"Social Share Buttons &#8211; OpenCart"}]},{"@type":"WebSite","@id":"https:\/\/elfsight.com\/pt\/#website","url":"https:\/\/elfsight.com\/pt\/","name":"Elfsight PT","description":"Just another Elfsight Sites site","potentialAction":[{"@type":"SearchAction","target":{"@type":"EntryPoint","urlTemplate":"https:\/\/elfsight.com\/pt\/?s={search_term_string}"},"query-input":{"@type":"PropertyValueSpecification","valueRequired":true,"valueName":"search_term_string"}}],"inLanguage":"pt-PT"}]}},"meta_box":{"industry":"","seo_heading":"","heading":"","description":"","cta_heading":"","cta_description":"","application":"1383","h1":"Bot\u00f5es de compartilhamento social para OpenCart","h1_caption":"Aumente a quantidade de tr\u00e1fego do seu site e melhore a cobertura dos clientes, utilizando as redes sociais","application_category":[],"applications_title":"","applications_request_title":"","applications_request_button_text":"","hero_text":"","hero_video":"","hero_video_schema_markup":"","selling_points_title":"","selling_points_caption":"","selling_points":[],"selling_points_cta_text":"","features_title":"","features":"","ed_cta_examples_text":"","ed_cta_examples_hidden":"","ed_cta_demo_text":"","ed_cta_demo_hidden":"","why_caption":"","why_editor_title":"","why_editor_text":"","why_team_title":"","why_team_text":"","why_service_title":"","why_service_text":"","template_catalog_visible":"","template_catalog_title":"","template_catalog_text":"","template_catalog_categories_visible":"","demo_title":"Crie sua extens\u00e3o de bot\u00f5es de compartilhamento social","demo_caption":"Configure seus bot\u00f5es de compartilhamento social e adicione-os ao seu site OpenCart gratuitamente!","default_faq_hidden":"","app_template_category":[],"platform":"61","template_public_id":"","codecanyon_url":"","codecanyon_item_id":"","codecanyon_price":"","pricing_caption":"","pricing_elfsight_apps_hide_column":"","pricing_elfsight_apps_url":"","pricing_codecanyon_price_caption":"","integration_category":[],"integration_request_title":"","integration_request_cta":"","integration_platform":"","integrations":[],"platform_category":[],"video_schema_markup":"","price":"a partir de US$ 0\/m\u00eas","trial":"","benefits":[{"text":"Ajuda de instala\u00e7\u00e3o gratuita"},{"text":"Atendimento ao cliente competente"},{"text":"Garantia de devolu\u00e7\u00e3o do dinheiro em 14 dias"},{"text":"Atualiza\u00e7\u00f5es gratuitas vital\u00edcias"}],"button_url":"#demo","button_target_blank":"0","button_nofollow":"0","attributes":[{"name":"Instala\u00e7\u00f5es","content":"10,000 - 100,000","_state":"expanded"},{"name":"Responsivo","content":"Sim","_state":"expanded"},{"name":"Navegadores compat\u00edveis","content":"Edge, Chrome, Firefox, Safari, Opera"}],"tags":[],"tags_disable_links":"0","hide_more_platforms":"","video_object":"","demo_hide_cta":"0","demo_hide_cloud_options":"0","pricing_title":"","pricing":[{"pricing_icon":"platform","pricing_title":"Elfsight Apps","pricing_title_caption":"Solu\u00e7\u00e3o digital independente de plataforma","pricing_price":"a partir de US$ 0\/m\u00eas","pricing_price_caption":"comece com plano gratuito","pricing_benefits":[{"text":"Sites ilimitados"},{"text":"Suporte ao cliente premium"},{"text":"Suporte ao cliente premium"},{"text":"Pre\u00e7o especial para v\u00e1rios aplicativos"}],"pricing_button_text":"Adicionar ao site","pricing_button_url":"#demo","_state":"expanded"}],"related_apps_title":"","related_apps_hidden":"1","author":"","image":[],"title":"","job":"","social_networks":[]},"_links":{"self":[{"href":"https:\/\/elfsight.com\/pt\/wp-json\/wp\/v2\/pages\/4688","targetHints":{"allow":["GET"]}}],"collection":[{"href":"https:\/\/elfsight.com\/pt\/wp-json\/wp\/v2\/pages"}],"about":[{"href":"https:\/\/elfsight.com\/pt\/wp-json\/wp\/v2\/types\/page"}],"author":[{"embeddable":true,"href":"https:\/\/elfsight.com\/pt\/wp-json\/wp\/v2\/users\/9"}],"replies":[{"embeddable":true,"href":"https:\/\/elfsight.com\/pt\/wp-json\/wp\/v2\/comments?post=4688"}],"version-history":[{"count":2,"href":"https:\/\/elfsight.com\/pt\/wp-json\/wp\/v2\/pages\/4688\/revisions"}],"predecessor-version":[{"id":12248,"href":"https:\/\/elfsight.com\/pt\/wp-json\/wp\/v2\/pages\/4688\/revisions\/12248"}],"up":[{"embeddable":true,"href":"https:\/\/elfsight.com\/pt\/wp-json\/wp\/v2\/pages\/697"}],"wp:attachment":[{"href":"https:\/\/elfsight.com\/pt\/wp-json\/wp\/v2\/media?parent=4688"}],"curies":[{"name":"wp","href":"https:\/\/api.w.org\/{rel}","templated":true}]}}