{"id":4686,"date":"1970-01-01T00:00:00","date_gmt":"1970-01-01T00:00:00","guid":{"rendered":"https:\/\/elfsight.com\/pt\/?page_id=4686"},"modified":"2024-11-13T12:18:05","modified_gmt":"2024-11-13T12:18:05","slug":"opencart","status":"publish","type":"page","link":"https:\/\/elfsight.com\/pt\/testimonials-slider-widget\/opencart\/","title":{"rendered":"Testimonials Slider &#8211; OpenCart"},"content":{"rendered":"<div class=\"application-platform-content-item-description application-platform-content-item\" id=\"description\" data-nav-section=\"description\"><h2>Descri\u00e7\u00e3o<\/h2><p>Testimonials Slider \u00e9 um m\u00f3dulo responsivo para mostrar coment\u00e1rios de seus usu\u00e1rios em seu site pessoal. Voc\u00ea \u00e9 livre para adicionar qualquer prova social para tornar o feedback confi\u00e1vel: nome do autor, foto, logotipo de sua empresa e at\u00e9 mesmo um URL para o site.<\/p><p><b>Aumente a confian\u00e7a em seus produtos demonstrando aos leitores sua compradores encantados em pessoas.<\/b><\/p><ul><li><b>Aprimore seus depoimentos para torn\u00e1-los perfeitamente confi\u00e1veis<\/b>.<br>Adicione todas as informa\u00e7\u00f5es poss\u00edveis sobre o autor de cada um dos depoimentos , incluindo nome, empresa e cargo. Mostre aos clientes que eles est\u00e3o lidando com depoimentos de clientes realmente existentes.<\/li><li><b>Convence os usu\u00e1rios a agir<\/b>.<br>Adicionar depoimentos de usu\u00e1rios genu\u00ednos com bons exemplos de intera\u00e7\u00e3o convence os leitores a compartilh\u00e1-los. impress\u00f5es e os motiva a comprar e aumentar seu n\u00edvel de convers\u00e3o.<\/li><li><b>Forte prova social<\/b>.<br>Um link de feedback para o Facebook, Google ou site do autor \u00e9 uma mensagem s\u00f3lida para os leitores, o que duplicar\u00e1 a credibilidade e demonstrar\u00e1 que seu neg\u00f3cio \u00e9 real.<\/li><\/ul><\/div><div class=\"application-platform-content-item-features application-platform-content-item\" id=\"features\" data-nav-section=\"features\"><h2>Recursos<\/h2><p>Os recursos cruciais, que transforme o Elfsight Testimonials Slider em um m\u00f3dulo essencial para qualquer site OpenCart.<\/p><ul><li>Use o URL do perfil do Facebook ou Twitter para provar que o autor \u00e9 da vida real;<\/li><li>Adicione o link para o autor Perfil do Facebook ou Twitter para mais credibilidade;<\/li><li>Experimente 6 modelos de depoimentos adapt\u00e1veis \u200b\u200be encontre o que voc\u00ea precisa;<\/li><li>Escolha um dos seis modelos de depoimentos prontos.<\/li><\/ul><p><a href=\"#demo\">Experimente esses recursos na demonstra\u00e7\u00e3o ao vivo<\/a><\/p><\/div><div class=\"application-platform-content-item-installation application-platform-content-item\" id=\"installation\" data-nav-section=\"installation\"><h2>Como adicionar a extens\u00e3o Testimonial ao site OpenCart <\/h2><p>Basta aplicar as instru\u00e7\u00f5es abaixo para incorporar a extens\u00e3o no OpenCart.<\/p> <ol><li><b>Use nossa demonstra\u00e7\u00e3o gratuita e comece a moldar seu instrumento personalizado. <\/b><br> Encontre a interface personalizada e os par\u00e2metros da ferramenta e aplique as edi\u00e7\u00f5es. <\/li> <li><b>Receba o c\u00f3digo individual revelado no formul\u00e1rio especial nas aplica\u00e7\u00f5es Elfsight. <\/b><br> Ap\u00f3s a conclus\u00e3o do estabelecimento de sua extens\u00e3o Testimonials Slider, copie o c\u00f3digo pessoal no pop-up exibido e guarde-o para uso futuro. <\/li> <li><b>Entre usando a extens\u00e3o no site OpenCart. <\/b><br> Cole o c\u00f3digo copiado anteriormente em seu site e salve as modifica\u00e7\u00f5es. <\/li> <li><b>A instala\u00e7\u00e3o foi realizada com sucesso. <\/b><br> Visite seu site para ver o desempenho da ferramenta. <\/li><\/ol> <p>Encontrou alguma dificuldade ao configurar ou ajustar o m\u00f3dulo? Leia o manual completo sobre <a href=\"https:\/\/elfsight.com\/tutorials\/how-to-add-testimonials-slider-widget-to-opencart\/\" target=\"_blank\" rel=\"noopener noreferrer\">criando do controle deslizante de depoimentos para OpenCart<\/a> ou dirija-se ao nosso Centro de Suporte.<\/p><div class=\"faq\" data-component=\"FAQ\"> <div class=\"faq-item\">\r\n\t\t\t\t\t<div class=\"faq-item-question\">\r\n\t\t\t\t\t\t<h3 class=\"faq-item-question-text\">Como adicionar o controle deslizante de depoimentos ao meu site OpenCart sem habilidades de codifica\u00e7\u00e3o?<\/h3>\r\n\r\n\t\t\t\t\t\t<div class=\"faq-item-question-icon\"><\/div>\r\n\t\t\t\t\t<\/div>\r\n\r\n\t\t\t\t\t<div class=\"faq-item-answer\">\r\n\t\t\t\t\t\t<div class=\"faq-item-answer-text\"> <p>A Elfsight fornece uma solu\u00e7\u00e3o SaaS que permite que voc\u00ea mesmo crie um widget Testimonials Slider, veja como o processo \u00e9 f\u00e1cil: Trabalhe diretamente no Editor on-line para criar um widget Testimonials Slider que voc\u00ea gostaria de ver em seu site OpenCart. Escolha um dos modelos predefinidos e ajuste as configura\u00e7\u00f5es do controle deslizante de depoimentos, adicione seu conte\u00fado, altere o layout e as cores sem habilidades de codifica\u00e7\u00e3o. Salve o controle deslizante de depoimentos e copie seu c\u00f3digo de instala\u00e7\u00e3o, que voc\u00ea pode simplesmente incluir em seu site OpenCart sem comprar uma vers\u00e3o paga. Com nosso editor intuitivo, qualquer usu\u00e1rio da Internet pode criar um widget Testimonials Slider online e incorpor\u00e1-lo facilmente em seu site OpenCart. N\u00e3o h\u00e1 necessidade de pagar ou inserir as credenciais do seu cart\u00e3o para acessar o servi\u00e7o. Se voc\u00ea enfrentar qualquer problema em qualquer etapa, n\u00e3o hesite em entrar em contato com nossa equipe de suporte t\u00e9cnico.<\/p> <\/div>\r\n\t\t\t\t\t<\/div>\r\n\t\t\t\t<\/div> <\/div> <\/div>","protected":false},"excerpt":{"rendered":"","protected":false},"author":9,"featured_media":0,"parent":559,"menu_order":0,"comment_status":"closed","ping_status":"closed","template":"templates\/template-application-platform.php","meta":{"publish_to_discourse":"","publish_post_category":"","wpdc_auto_publish_overridden":"","wpdc_topic_tags":"","wpdc_pin_topic":"","wpdc_pin_until":"","discourse_post_id":"","discourse_permalink":"","wpdc_publishing_response":"","wpdc_publishing_error":"","footnotes":""},"class_list":["post-4686","page","type-page","status-publish","hentry"],"yoast_head":"<!-- This site is optimized with the Yoast SEO plugin v25.3.1 - https:\/\/yoast.com\/wordpress\/plugins\/seo\/ -->\n<title>Controle deslizante de depoimentos \u2013 Adicionar extens\u00e3o de depoimento ao site OpenCart<\/title>\n<meta name=\"description\" content=\"Experimente gratuitamente a melhor extens\u00e3o Testimonials Slider para WordPress. Uma configura\u00e7\u00e3o simples e r\u00e1pida em apenas alguns minutos. N\u00e3o \u00e9 necess\u00e1rio conhecimento em desenvolvimento web.\" \/>\n<meta name=\"robots\" content=\"index, follow, max-snippet:-1, max-image-preview:large, max-video-preview:-1\" \/>\n<link rel=\"canonical\" href=\"https:\/\/elfsight.com\/pt\/testimonials-slider-widget\/opencart\/\" \/>\n<meta property=\"og:locale\" content=\"pt_PT\" \/>\n<meta property=\"og:type\" content=\"article\" \/>\n<meta property=\"og:title\" content=\"Controle deslizante de depoimentos \u2013 Adicionar extens\u00e3o de depoimento ao site OpenCart\" \/>\n<meta property=\"og:description\" content=\"Experimente gratuitamente a melhor extens\u00e3o Testimonials Slider para WordPress. Uma configura\u00e7\u00e3o simples e r\u00e1pida em apenas alguns minutos. N\u00e3o \u00e9 necess\u00e1rio conhecimento em desenvolvimento web.\" \/>\n<meta property=\"og:url\" content=\"https:\/\/elfsight.com\/pt\/testimonials-slider-widget\/opencart\/\" \/>\n<meta property=\"og:site_name\" content=\"Elfsight PT\" \/>\n<meta property=\"article:modified_time\" content=\"2024-11-13T12:18:05+00:00\" \/>\n<meta name=\"twitter:card\" content=\"summary_large_image\" \/>\n<meta name=\"twitter:label1\" content=\"Tempo estimado de leitura\" \/>\n\t<meta name=\"twitter:data1\" content=\"2 minutos\" \/>\n<!-- \/ Yoast SEO plugin. -->","yoast_head_json":{"title":"Controle deslizante de depoimentos \u2013 Adicionar extens\u00e3o de depoimento ao site OpenCart","description":"Experimente gratuitamente a melhor extens\u00e3o Testimonials Slider para WordPress. Uma configura\u00e7\u00e3o simples e r\u00e1pida em apenas alguns minutos. N\u00e3o \u00e9 necess\u00e1rio conhecimento em desenvolvimento web.","robots":{"index":"index","follow":"follow","max-snippet":"max-snippet:-1","max-image-preview":"max-image-preview:large","max-video-preview":"max-video-preview:-1"},"canonical":"https:\/\/elfsight.com\/pt\/testimonials-slider-widget\/opencart\/","og_locale":"pt_PT","og_type":"article","og_title":"Controle deslizante de depoimentos \u2013 Adicionar extens\u00e3o de depoimento ao site OpenCart","og_description":"Experimente gratuitamente a melhor extens\u00e3o Testimonials Slider para WordPress. Uma configura\u00e7\u00e3o simples e r\u00e1pida em apenas alguns minutos. N\u00e3o \u00e9 necess\u00e1rio conhecimento em desenvolvimento web.","og_url":"https:\/\/elfsight.com\/pt\/testimonials-slider-widget\/opencart\/","og_site_name":"Elfsight PT","article_modified_time":"2024-11-13T12:18:05+00:00","twitter_card":"summary_large_image","twitter_misc":{"Tempo estimado de leitura":"2 minutos"},"schema":{"@context":"https:\/\/schema.org","@graph":[{"@type":"WebPage","@id":"https:\/\/elfsight.com\/pt\/testimonials-slider-widget\/opencart\/","url":"https:\/\/elfsight.com\/pt\/testimonials-slider-widget\/opencart\/","name":"Controle deslizante de depoimentos \u2013 Adicionar extens\u00e3o de depoimento ao site OpenCart","isPartOf":{"@id":"https:\/\/elfsight.com\/pt\/#website"},"datePublished":"1970-01-01T00:00:00+00:00","dateModified":"2024-11-13T12:18:05+00:00","description":"Experimente gratuitamente a melhor extens\u00e3o Testimonials Slider para WordPress. Uma configura\u00e7\u00e3o simples e r\u00e1pida em apenas alguns minutos. N\u00e3o \u00e9 necess\u00e1rio conhecimento em desenvolvimento web.","breadcrumb":{"@id":"https:\/\/elfsight.com\/pt\/testimonials-slider-widget\/opencart\/#breadcrumb"},"inLanguage":"pt-PT","potentialAction":[{"@type":"ReadAction","target":["https:\/\/elfsight.com\/pt\/testimonials-slider-widget\/opencart\/"]}]},{"@type":"BreadcrumbList","@id":"https:\/\/elfsight.com\/pt\/testimonials-slider-widget\/opencart\/#breadcrumb","itemListElement":[{"@type":"ListItem","position":1,"name":"Home","item":"https:\/\/elfsight.com\/pt\/"},{"@type":"ListItem","position":2,"name":"Testimonials Slider","item":"https:\/\/elfsight.com\/pt\/testimonials-slider-widget\/"},{"@type":"ListItem","position":3,"name":"Testimonials Slider &#8211; OpenCart"}]},{"@type":"WebSite","@id":"https:\/\/elfsight.com\/pt\/#website","url":"https:\/\/elfsight.com\/pt\/","name":"Elfsight PT","description":"Just another Elfsight Sites site","potentialAction":[{"@type":"SearchAction","target":{"@type":"EntryPoint","urlTemplate":"https:\/\/elfsight.com\/pt\/?s={search_term_string}"},"query-input":{"@type":"PropertyValueSpecification","valueRequired":true,"valueName":"search_term_string"}}],"inLanguage":"pt-PT"}]}},"meta_box":{"industry":"","seo_heading":"","heading":"","description":"","cta_heading":"","cta_description":"","application":"947","h1":"Extens\u00e3o Slider de depoimentos para OpenCart","h1_caption":"Um aplicativo f\u00e1cil para mostrar depoimentos de seus usu\u00e1rios no site","application_category":[],"applications_title":"","applications_request_title":"","applications_request_button_text":"","hero_text":"","hero_video":"","hero_video_schema_markup":"","selling_points_title":"","selling_points_caption":"","selling_points":[],"selling_points_cta_text":"","features_title":"","features":"","ed_cta_examples_text":"","ed_cta_examples_hidden":"","ed_cta_demo_text":"","ed_cta_demo_hidden":"","why_caption":"","why_editor_title":"","why_editor_text":"","why_team_title":"","why_team_text":"","why_service_title":"","why_service_text":"","template_catalog_visible":"","template_catalog_title":"","template_catalog_text":"","template_catalog_categories_visible":"","demo_title":"Crie sua extens\u00e3o Slider de Depoimentos","demo_caption":"Configure seu controle deslizante de depoimentos e adicione-o ao seu site OpenCart gratuitamente!","default_faq_hidden":"","app_template_category":[],"platform":"61","template_public_id":"","codecanyon_url":"","codecanyon_item_id":"","codecanyon_price":"","pricing_caption":"","pricing_elfsight_apps_hide_column":"","pricing_elfsight_apps_url":"","pricing_codecanyon_price_caption":"","integration_category":[],"integration_request_title":"","integration_request_cta":"","integration_platform":"","integrations":[],"platform_category":[],"video_schema_markup":"","price":"a partir de US$ 0\/m\u00eas","trial":"","benefits":[{"text":"Assist\u00eancia de instala\u00e7\u00e3o gratuita"},{"text":"Suporte excepcional"},{"text":"Garantia de reembolso de 14 dias"},{"text":"Melhorias ao longo da vida"}],"button_url":"#demo","button_target_blank":"0","button_nofollow":"0","attributes":[{"name":"Instala\u00e7\u00f5es","content":"10,000 - 100,000","_state":"expanded"},{"name":"Responsivo","content":"Sim","_state":"expanded"},{"name":"Navegadores compat\u00edveis","content":"Chrome, Edge, Safari, Firefox, Opera"}],"tags":[],"tags_disable_links":"0","hide_more_platforms":"","video_object":"","demo_hide_cta":"0","demo_hide_cloud_options":"0","pricing_title":"","pricing":[{"pricing_icon":"platform","pricing_title":"Elfsight Apps","pricing_title_caption":"Vers\u00e3o multiplataforma que se adapta a qualquer site","pricing_price":"a partir de US$ 0\/m\u00eas","pricing_price_caption":"comece com plano gratuito","pricing_benefits":[{"text":"Sites ilimitados"},{"text":"Suporte dedicado"},{"text":"Suporte dedicado"},{"text":"100% personaliz\u00e1vel"}],"pricing_button_text":"Adicionar ao site","pricing_button_url":"#demo","_state":"expanded"}],"related_apps_title":"","related_apps_hidden":"1","author":"","image":[],"title":"","job":"","social_networks":[]},"_links":{"self":[{"href":"https:\/\/elfsight.com\/pt\/wp-json\/wp\/v2\/pages\/4686","targetHints":{"allow":["GET"]}}],"collection":[{"href":"https:\/\/elfsight.com\/pt\/wp-json\/wp\/v2\/pages"}],"about":[{"href":"https:\/\/elfsight.com\/pt\/wp-json\/wp\/v2\/types\/page"}],"author":[{"embeddable":true,"href":"https:\/\/elfsight.com\/pt\/wp-json\/wp\/v2\/users\/9"}],"replies":[{"embeddable":true,"href":"https:\/\/elfsight.com\/pt\/wp-json\/wp\/v2\/comments?post=4686"}],"version-history":[{"count":2,"href":"https:\/\/elfsight.com\/pt\/wp-json\/wp\/v2\/pages\/4686\/revisions"}],"predecessor-version":[{"id":12292,"href":"https:\/\/elfsight.com\/pt\/wp-json\/wp\/v2\/pages\/4686\/revisions\/12292"}],"up":[{"embeddable":true,"href":"https:\/\/elfsight.com\/pt\/wp-json\/wp\/v2\/pages\/559"}],"wp:attachment":[{"href":"https:\/\/elfsight.com\/pt\/wp-json\/wp\/v2\/media?parent=4686"}],"curies":[{"name":"wp","href":"https:\/\/api.w.org\/{rel}","templated":true}]}}