{"id":4684,"date":"1970-01-01T00:00:00","date_gmt":"1970-01-01T00:00:00","guid":{"rendered":"https:\/\/elfsight.com\/pt\/?page_id=4684"},"modified":"2024-11-13T11:19:20","modified_gmt":"2024-11-13T11:19:20","slug":"opencart","status":"publish","type":"page","link":"https:\/\/elfsight.com\/pt\/tiktok-feed-widget\/opencart\/","title":{"rendered":"TikTok Feed &#8211; OpenCart"},"content":{"rendered":"<div class=\"application-platform-content-item-description application-platform-content-item\" id=\"description\" data-nav-section=\"description\"> <h2>Descri\u00e7\u00e3o<\/h2> <p>Elfsight TiKTok Feed for OpenCart \u00e9 uma extens\u00e3o especial para promover n\u00e3o apenas bens, mas tamb\u00e9m emo\u00e7\u00f5es e experi\u00eancias. Com ele voc\u00ea pode criar feeds individuais feitos com seu conte\u00fado do TikTok \u2013 e exibi-los diretamente em seu site. Construa uma galeria de v\u00eddeos no 1-2-3! Aproveite o controle total sobre o conte\u00fado revelado e remova spam e qualquer conte\u00fado indesejado usando modera\u00e7\u00e3o manual. O configurador online totalmente responsivo oferece v\u00e1rios modelos para selecionar. <\/p> <p><b>Insira o feed do TikTok para enfrentar os desafios do seu neg\u00f3cio com mais efici\u00eancia! <\/b><\/p> <\/div> <div class=\"application-platform-content-item-features application-platform-content-item\" id=\"features\" data-nav-section=\"features\"> <h2>Estes s\u00e3o apenas alguns dos recursos da ampla extens\u00e3o: <\/h2> <ul><li>Coloque o cabe\u00e7alho para fazer sua ferramenta pare\u00e7a minimalista. <\/li><li>Elimine qualquer spam e conte\u00fado indesejado aplicando modera\u00e7\u00e3o manual. <\/li><li>Defina o bot\u00e3o Seguir no feed da extens\u00e3o. <\/li><li>Fa\u00e7a com que suas postagens sejam visualizadas em modo pop-up. <\/li><\/ul><p><a href=\"#demo\">Experimente esta demonstra\u00e7\u00e3o para ver como funciona<\/a><\/p> <\/div> <div class=\"application-platform-content-item-installation application-platform-content-item\" id=\"installation\" data-nav-section=\"installation\"> <h2>Como fa\u00e7o para incorporar o TikTok Feed ao meu site OpenCart? <\/h2> <p>Basta seguir as instru\u00e7\u00f5es abaixo para come\u00e7ar a usar a extens\u00e3o. <\/p> <ol><li><b>Utilize nosso editor gratuito e comece a criar sua extens\u00e3o personalizada. <\/b><br> Especifique a interface e os aspectos preferidos do widget e salve as corre\u00e7\u00f5es. <\/li> <li><b>Receba seu c\u00f3digo exclusivo revelado na caixa dos aplicativos Elfsight. <\/b><br> Logo ap\u00f3s a conclus\u00e3o da cria\u00e7\u00e3o de sua ferramenta pessoal, copie o c\u00f3digo individual da caixa exibida e guarde-o para uso futuro. <\/li> <li><b>Inicie o emprego da ferramenta na sua p\u00e1gina inicial do OpenCart. <\/b><br> Implemente o c\u00f3digo salvo recentemente em seu site e aplique as corre\u00e7\u00f5es. <\/li> <li><b>Conclu\u00eddo! A configura\u00e7\u00e3o foi executada com sucesso. <\/b><br> Acesse seu site para avaliar o desempenho da ferramenta. <\/li><\/ol> <p>Na condi\u00e7\u00e3o de enfrentar d\u00favidas ou dificuldades, n\u00e3o tenha medo de entrar em contato com nossa equipe de atendimento ao cliente. Nossos especialistas est\u00e3o ansiosos para resolver todas as dificuldades que voc\u00ea possa ter com a ferramenta. <\/p> <\/div><div class=\"faq\" data-component=\"FAQ\"><div class=\"faq-item\">\r\n\t\t\t\t\t<div class=\"faq-item-question\">\r\n\t\t\t\t\t\t<h3 class=\"faq-item-question-text\">De que maneira posso adicionar o TikTok Feed ao meu site OpenCart sem codifica\u00e7\u00e3o?<\/h3>\r\n\r\n\t\t\t\t\t\t<div class=\"faq-item-question-icon\"><\/div>\r\n\t\t\t\t\t<\/div>\r\n\r\n\t\t\t\t\t<div class=\"faq-item-answer\">\r\n\t\t\t\t\t\t<div class=\"faq-item-answer-text\"><p>A empresa Elfsight oferece um Solu\u00e7\u00e3o em nuvem que permite aos usu\u00e1rios gerar voc\u00ea mesmo uma se\u00e7\u00e3o de feed do TikTok, descubra o guia descomplicado:<\/p><ul><li>Trabalhe diretamente na demonstra\u00e7\u00e3o ao vivo para criar uma se\u00e7\u00e3o de feed do TikTok que voc\u00ea gostaria de incluir na p\u00e1gina da web do OpenCart.<\/li><li>Clique em um dos modelos predefinidos e adapte as configura\u00e7\u00f5es do TikTok Feed, altere o layout e as cores, adicione seu conte\u00fado sem nenhum conhecimento de codifica\u00e7\u00e3o.<\/li><li>Salve as configura\u00e7\u00f5es que voc\u00ea fez em TikTok Feed e obtenha o c\u00f3digo do plugin para incorpora\u00e7\u00e3o, que pode ser facilmente incorporado em seu site OpenCart sem comprar um plano pago.<\/li><\/ul><p>Trabalhando em nosso configurador f\u00e1cil de usar, qualquer usu\u00e1rio da web pode criar o TikTok Alimente o aplicativo on-line e inclua-o facilmente em qualquer site do OpenCart. Voc\u00ea n\u00e3o deve adquirir um plano pago ou divulgar os dados do seu cart\u00e3o para entrar no servi\u00e7o. Se voc\u00ea enfrentar algum obst\u00e1culo em qualquer etapa, v\u00e1 em frente e entre em contato com nosso suporte ao cliente.<\/p><\/div>\r\n\t\t\t\t\t<\/div>\r\n\t\t\t\t<\/div><\/div>","protected":false},"excerpt":{"rendered":"","protected":false},"author":9,"featured_media":0,"parent":1491,"menu_order":0,"comment_status":"closed","ping_status":"closed","template":"templates\/template-application-platform.php","meta":{"publish_to_discourse":"","publish_post_category":"","wpdc_auto_publish_overridden":"","wpdc_topic_tags":"","wpdc_pin_topic":"","wpdc_pin_until":"","discourse_post_id":"","discourse_permalink":"","wpdc_publishing_response":"","wpdc_publishing_error":"","footnotes":""},"class_list":["post-4684","page","type-page","status-publish","hentry"],"yoast_head":"<!-- This site is optimized with the Yoast SEO plugin v25.3.1 - https:\/\/yoast.com\/wordpress\/plugins\/seo\/ -->\n<title>Adicione a extens\u00e3o TikTok Feed ao site OpenCart (r\u00e1pido e gratuito)<\/title>\n<meta name=\"description\" content=\"Adicione uma extens\u00e3o OpenCart TikTok Feed amig\u00e1vel ao seu site. Use a demonstra\u00e7\u00e3o pr\u00e1tica da Elfsight e crie seu lindo widget TikTok.\" \/>\n<meta name=\"robots\" content=\"index, follow, max-snippet:-1, max-image-preview:large, max-video-preview:-1\" \/>\n<link rel=\"canonical\" href=\"https:\/\/elfsight.com\/pt\/tiktok-feed-widget\/opencart\/\" \/>\n<meta property=\"og:locale\" content=\"pt_PT\" \/>\n<meta property=\"og:type\" content=\"article\" \/>\n<meta property=\"og:title\" content=\"Adicione a extens\u00e3o TikTok Feed ao site OpenCart (r\u00e1pido e gratuito)\" \/>\n<meta property=\"og:description\" content=\"Adicione uma extens\u00e3o OpenCart TikTok Feed amig\u00e1vel ao seu site. Use a demonstra\u00e7\u00e3o pr\u00e1tica da Elfsight e crie seu lindo widget TikTok.\" \/>\n<meta property=\"og:url\" content=\"https:\/\/elfsight.com\/pt\/tiktok-feed-widget\/opencart\/\" \/>\n<meta property=\"og:site_name\" content=\"Elfsight PT\" \/>\n<meta property=\"article:modified_time\" content=\"2024-11-13T11:19:20+00:00\" \/>\n<meta name=\"twitter:card\" content=\"summary_large_image\" \/>\n<meta name=\"twitter:label1\" content=\"Tempo estimado de leitura\" \/>\n\t<meta name=\"twitter:data1\" content=\"2 minutos\" \/>\n<!-- \/ Yoast SEO plugin. -->","yoast_head_json":{"title":"Adicione a extens\u00e3o TikTok Feed ao site OpenCart (r\u00e1pido e gratuito)","description":"Adicione uma extens\u00e3o OpenCart TikTok Feed amig\u00e1vel ao seu site. Use a demonstra\u00e7\u00e3o pr\u00e1tica da Elfsight e crie seu lindo widget TikTok.","robots":{"index":"index","follow":"follow","max-snippet":"max-snippet:-1","max-image-preview":"max-image-preview:large","max-video-preview":"max-video-preview:-1"},"canonical":"https:\/\/elfsight.com\/pt\/tiktok-feed-widget\/opencart\/","og_locale":"pt_PT","og_type":"article","og_title":"Adicione a extens\u00e3o TikTok Feed ao site OpenCart (r\u00e1pido e gratuito)","og_description":"Adicione uma extens\u00e3o OpenCart TikTok Feed amig\u00e1vel ao seu site. Use a demonstra\u00e7\u00e3o pr\u00e1tica da Elfsight e crie seu lindo widget TikTok.","og_url":"https:\/\/elfsight.com\/pt\/tiktok-feed-widget\/opencart\/","og_site_name":"Elfsight PT","article_modified_time":"2024-11-13T11:19:20+00:00","twitter_card":"summary_large_image","twitter_misc":{"Tempo estimado de leitura":"2 minutos"},"schema":{"@context":"https:\/\/schema.org","@graph":[{"@type":"WebPage","@id":"https:\/\/elfsight.com\/pt\/tiktok-feed-widget\/opencart\/","url":"https:\/\/elfsight.com\/pt\/tiktok-feed-widget\/opencart\/","name":"Adicione a extens\u00e3o TikTok Feed ao site OpenCart (r\u00e1pido e gratuito)","isPartOf":{"@id":"https:\/\/elfsight.com\/pt\/#website"},"datePublished":"1970-01-01T00:00:00+00:00","dateModified":"2024-11-13T11:19:20+00:00","description":"Adicione uma extens\u00e3o OpenCart TikTok Feed amig\u00e1vel ao seu site. Use a demonstra\u00e7\u00e3o pr\u00e1tica da Elfsight e crie seu lindo widget TikTok.","breadcrumb":{"@id":"https:\/\/elfsight.com\/pt\/tiktok-feed-widget\/opencart\/#breadcrumb"},"inLanguage":"pt-PT","potentialAction":[{"@type":"ReadAction","target":["https:\/\/elfsight.com\/pt\/tiktok-feed-widget\/opencart\/"]}]},{"@type":"BreadcrumbList","@id":"https:\/\/elfsight.com\/pt\/tiktok-feed-widget\/opencart\/#breadcrumb","itemListElement":[{"@type":"ListItem","position":1,"name":"Home","item":"https:\/\/elfsight.com\/pt\/"},{"@type":"ListItem","position":2,"name":"TikTok Feed","item":"https:\/\/elfsight.com\/pt\/tiktok-feed-widget\/"},{"@type":"ListItem","position":3,"name":"TikTok Feed &#8211; OpenCart"}]},{"@type":"WebSite","@id":"https:\/\/elfsight.com\/pt\/#website","url":"https:\/\/elfsight.com\/pt\/","name":"Elfsight PT","description":"Just another Elfsight Sites site","potentialAction":[{"@type":"SearchAction","target":{"@type":"EntryPoint","urlTemplate":"https:\/\/elfsight.com\/pt\/?s={search_term_string}"},"query-input":{"@type":"PropertyValueSpecification","valueRequired":true,"valueName":"search_term_string"}}],"inLanguage":"pt-PT"}]}},"meta_box":{"industry":"","seo_heading":"","heading":"","description":"","cta_heading":"","cta_description":"","application":"1490","h1":"Extens\u00e3o OpenCart TikTok Feed","h1_caption":"Demonstre seu conte\u00fado do TikTok em seu site com facilidade!","application_category":[],"applications_title":"","applications_request_title":"","applications_request_button_text":"","hero_text":"","hero_video":"","hero_video_schema_markup":"","selling_points_title":"","selling_points_caption":"","selling_points":[],"selling_points_cta_text":"","features_title":"","features":"","ed_cta_examples_text":"","ed_cta_examples_hidden":"","ed_cta_demo_text":"","ed_cta_demo_hidden":"","why_caption":"","why_editor_title":"","why_editor_text":"","why_team_title":"","why_team_text":"","why_service_title":"","why_service_text":"","template_catalog_visible":"","template_catalog_title":"","template_catalog_text":"","template_catalog_categories_visible":"","demo_title":"Crie sua extens\u00e3o TikTok Feed","demo_caption":"Configure seu TikTok Feed e adicione-o ao seu site OpenCart gratuitamente!","default_faq_hidden":"","app_template_category":[],"platform":"61","template_public_id":"","codecanyon_url":"","codecanyon_item_id":"","codecanyon_price":"","pricing_caption":"","pricing_elfsight_apps_hide_column":"","pricing_elfsight_apps_url":"","pricing_codecanyon_price_caption":"","integration_category":[],"integration_request_title":"","integration_request_cta":"","integration_platform":"","integrations":[],"platform_category":[],"video_schema_markup":"","price":"a partir de US$ 0\/m\u00eas","trial":"","benefits":[{"text":"Servi\u00e7o de instala\u00e7\u00e3o gratuito"},{"text":"Atendimento ao cliente competente"},{"text":"Garantia de reembolso de 14 dias"},{"text":"Atualizando constantemente"}],"button_url":"#demo","button_target_blank":"0","button_nofollow":"0","attributes":[{"name":"Instala\u00e7\u00f5es","content":"10,000 - 100,000","_state":"expanded"},{"name":"Responsivo","content":"Sim","_state":"expanded"},{"name":"Navegadores compat\u00edveis","content":"Firefox, Safari, Opera, Chrome, Edge"}],"tags":[],"tags_disable_links":"0","hide_more_platforms":"","video_object":"","demo_hide_cta":"0","demo_hide_cloud_options":"0","pricing_title":"","pricing":[{"pricing_icon":"platform","pricing_title":"Elfsight Apps","pricing_title_caption":"Software independente de plataforma adequado para qualquer site","pricing_price":"a partir de US$ 0\/m\u00eas","pricing_price_caption":"comece com um plano gratuito","pricing_benefits":[{"text":"Sites ilimitados"},{"text":"Suporte gratuito e bem documentado"},{"text":"Suporte gratuito e bem documentado"},{"text":"Design flex\u00edvel"}],"pricing_button_text":"Adicionar ao site","pricing_button_url":"#demo","_state":"expanded"}],"related_apps_title":"","related_apps_hidden":"1","author":"","image":[],"title":"","job":"","social_networks":[]},"_links":{"self":[{"href":"https:\/\/elfsight.com\/pt\/wp-json\/wp\/v2\/pages\/4684","targetHints":{"allow":["GET"]}}],"collection":[{"href":"https:\/\/elfsight.com\/pt\/wp-json\/wp\/v2\/pages"}],"about":[{"href":"https:\/\/elfsight.com\/pt\/wp-json\/wp\/v2\/types\/page"}],"author":[{"embeddable":true,"href":"https:\/\/elfsight.com\/pt\/wp-json\/wp\/v2\/users\/9"}],"replies":[{"embeddable":true,"href":"https:\/\/elfsight.com\/pt\/wp-json\/wp\/v2\/comments?post=4684"}],"version-history":[{"count":2,"href":"https:\/\/elfsight.com\/pt\/wp-json\/wp\/v2\/pages\/4684\/revisions"}],"predecessor-version":[{"id":12312,"href":"https:\/\/elfsight.com\/pt\/wp-json\/wp\/v2\/pages\/4684\/revisions\/12312"}],"up":[{"embeddable":true,"href":"https:\/\/elfsight.com\/pt\/wp-json\/wp\/v2\/pages\/1491"}],"wp:attachment":[{"href":"https:\/\/elfsight.com\/pt\/wp-json\/wp\/v2\/media?parent=4684"}],"curies":[{"name":"wp","href":"https:\/\/api.w.org\/{rel}","templated":true}]}}