{"id":4673,"date":"1970-01-01T00:00:00","date_gmt":"1970-01-01T00:00:00","guid":{"rendered":"https:\/\/elfsight.com\/pt\/?page_id=4673"},"modified":"2024-11-13T11:20:15","modified_gmt":"2024-11-13T11:20:15","slug":"magento","status":"publish","type":"page","link":"https:\/\/elfsight.com\/pt\/social-feed-widget\/magento\/","title":{"rendered":"Social Feed &#8211; Magento"},"content":{"rendered":"<div class=\"application-platform-content-item-description application-platform-content-item\" id=\"description\" data-nav-section=\"description\"> <h2>Descri\u00e7\u00e3o<\/h2> <p>Elfsight Social Feed para Magento \u00e9 uma extens\u00e3o exclusiva para vender n\u00e3o apenas itens, mas tamb\u00e9m emo\u00e7\u00f5es e experi\u00eancias. Com ele voc\u00ea pode criar feed individualizado composto por conte\u00fados de redes variadas: Instagram, Pinterest, Facebook, Twitter, Tumblr, YouTube, Vimeo \u2013 e apresentar direto no seu site. Forme uma galeria ou cat\u00e1logo de produtos em poucos cliques! Aproveite o controle total sobre o conte\u00fado demonstrado com muitas op\u00e7\u00f5es de filtro e elimine spam e qualquer conte\u00fado indesejado com modera\u00e7\u00e3o manual. O editor online totalmente responsivo oferece v\u00e1rios modelos para voc\u00ea escolher. <\/p> <p><b>Com o Social Wall, alcance um desenvolvimento de neg\u00f3cios mais r\u00e1pido e aumento de vendas <\/b><\/p> <\/div> <div class=\"application-platform-content-item-features application-platform-content-item\" id=\"features\" data-nav-section=\"features\"> <h2>Essas s\u00e3o apenas algumas das muitos recursos da extens\u00e3o: <\/h2> <ul><li>Exiba seu conte\u00fado de m\u00eddia social de diversas fontes. <\/li><li>Elimine qualquer spam e conte\u00fado indesejado usando o modo de modera\u00e7\u00e3o manual. <\/li><li>Coloque o bot\u00e3o Seguir no feed do widget. <\/li><li>Fa\u00e7a suas postagens aparecerem em um pop-up. <\/li><\/ul><p><a href=\"#demo\">Voc\u00ea pode conferir todos os recursos da extens\u00e3o na demonstra\u00e7\u00e3o agora mesmo<\/a><\/p> <\/div> <div class=\"application-platform-content-item-instala\u00e7\u00e3o application-platform-content-item\" id=\"instala\u00e7\u00e3o\" data-nav-section=\"instala\u00e7\u00e3o\"> <h2>Como adicionar a extens\u00e3o Social Media Feed ao meu site Magento? <\/h2> <p>Basta seguir as instru\u00e7\u00f5es abaixo para ativar o widget. <\/p> <ol><li><b>Inicie nossa demonstra\u00e7\u00e3o gratuita e comece a moldar sua extens\u00e3o personalizada. <\/b><br> Encontre a interface preferida e as especifica\u00e7\u00f5es do widget e aplique as edi\u00e7\u00f5es. <\/li> <li><b>Adquira o seu c\u00f3digo pessoal revelado na caixa das Apps Elfsight. <\/b><br> Ap\u00f3s finalizar a customiza\u00e7\u00e3o do seu widget pessoal, copie o c\u00f3digo exclusivo da caixa que surgiu e guarde-o para necessidades futuras. <\/li> <li><b>Comece a usar a extens\u00e3o Social Wall em sua p\u00e1gina Magento. <\/b><br> Integre o c\u00f3digo que voc\u00ea copiou recentemente em sua p\u00e1gina inicial e aplique as melhorias. <\/li> <li><b>A instala\u00e7\u00e3o foi totalmente conclu\u00edda. <\/b><br> Acesse sua p\u00e1gina da web para inspecionar o funcionamento da ferramenta. <\/li><\/ol> <p>Na condi\u00e7\u00e3o de lidar com d\u00favidas ou enfrentar alguma dificuldade, solicite nossa equipe de atendimento ao cliente. Nossos consultores est\u00e3o ansiosos para resolver todos os problemas que voc\u00ea possa ter com a ferramenta. <\/p> <\/div><div class=\"faq\" data-component=\"FAQ\"><div class=\"faq-item\">\r\n\t\t\t\t\t<div class=\"faq-item-question\">\r\n\t\t\t\t\t\t<h3 class=\"faq-item-question-text\">Como adicionar Social Feed \u00e0 minha p\u00e1gina inicial do Magento sem codifica\u00e7\u00e3o?<\/h3>\r\n\r\n\t\t\t\t\t\t<div class=\"faq-item-question-icon\"><\/div>\r\n\t\t\t\t\t<\/div>\r\n\r\n\t\t\t\t\t<div class=\"faq-item-answer\">\r\n\t\t\t\t\t\t<div class=\"faq-item-answer-text\"><p>A empresa Elfsight oferece uma solu\u00e7\u00e3o que permite voc\u00ea mesmo gera uma se\u00e7\u00e3o de Feed Social, veja como ela \u00e9 simples: <\/p><ul><li>V\u00e1 para o Editor ao vivo para estabelecer um widget de Feed Social que voc\u00ea gostaria de incorporar na p\u00e1gina inicial do Magento.<\/li><li>Escolha um dos modelos prontos e ajuste as configura\u00e7\u00f5es do Social Feed, altere o layout e o esquema de cores, inclua seu conte\u00fado sem nenhuma experi\u00eancia de codifica\u00e7\u00e3o.<\/li><li>Salve o Social Feed e obtenha seu c\u00f3digo para incorpora\u00e7\u00e3o, que pode ser facilmente adicionado \u00e0 sua p\u00e1gina inicial do Magento, sem a necessidade de comprar uma assinatura paga.<\/li><\/ul><p>Com a ajuda do Configurador f\u00e1cil de usar, qualquer usu\u00e1rio da web pode criar um widget de feed social on-line e inclu\u00ed-lo facilmente o site Magento. Voc\u00ea n\u00e3o deve obter uma assinatura paga ou divulgar os dados do seu cart\u00e3o para acessar nosso servi\u00e7o. Se voc\u00ea enfrentar algum obst\u00e1culo em qualquer etapa, n\u00e3o hesite em falar com nossa equipe de suporte.<\/p><\/div>\r\n\t\t\t\t\t<\/div>\r\n\t\t\t\t<\/div><\/div>","protected":false},"excerpt":{"rendered":"","protected":false},"author":9,"featured_media":0,"parent":462,"menu_order":0,"comment_status":"closed","ping_status":"closed","template":"templates\/template-application-platform.php","meta":{"publish_to_discourse":"","publish_post_category":"","wpdc_auto_publish_overridden":"","wpdc_topic_tags":"","wpdc_pin_topic":"","wpdc_pin_until":"","discourse_post_id":"","discourse_permalink":"","wpdc_publishing_response":"","wpdc_publishing_error":"","footnotes":""},"class_list":["post-4673","page","type-page","status-publish","hentry"],"yoast_head":"<!-- This site is optimized with the Yoast SEO plugin v25.3.1 - https:\/\/yoast.com\/wordpress\/plugins\/seo\/ -->\n<title>Adicionar extens\u00e3o Social Wall ao site Magento (r\u00e1pido e gratuito)<\/title>\n<meta name=\"description\" content=\"Incorpore uma extens\u00e3o Magento Social Feed responsiva em sua p\u00e1gina Magento. Experimente a demonstra\u00e7\u00e3o pr\u00e1tica da Elfsight e gere seu impressionante aplicativo Social Wall.\" \/>\n<meta name=\"robots\" content=\"index, follow, max-snippet:-1, max-image-preview:large, max-video-preview:-1\" \/>\n<link rel=\"canonical\" href=\"https:\/\/elfsight.com\/pt\/social-feed-widget\/magento\/\" \/>\n<meta property=\"og:locale\" content=\"pt_PT\" \/>\n<meta property=\"og:type\" content=\"article\" \/>\n<meta property=\"og:title\" content=\"Adicionar extens\u00e3o Social Wall ao site Magento (r\u00e1pido e gratuito)\" \/>\n<meta property=\"og:description\" content=\"Incorpore uma extens\u00e3o Magento Social Feed responsiva em sua p\u00e1gina Magento. Experimente a demonstra\u00e7\u00e3o pr\u00e1tica da Elfsight e gere seu impressionante aplicativo Social Wall.\" \/>\n<meta property=\"og:url\" content=\"https:\/\/elfsight.com\/pt\/social-feed-widget\/magento\/\" \/>\n<meta property=\"og:site_name\" content=\"Elfsight PT\" \/>\n<meta property=\"article:modified_time\" content=\"2024-11-13T11:20:15+00:00\" \/>\n<meta name=\"twitter:card\" content=\"summary_large_image\" \/>\n<meta name=\"twitter:label1\" content=\"Tempo estimado de leitura\" \/>\n\t<meta name=\"twitter:data1\" content=\"2 minutos\" \/>\n<!-- \/ Yoast SEO plugin. -->","yoast_head_json":{"title":"Adicionar extens\u00e3o Social Wall ao site Magento (r\u00e1pido e gratuito)","description":"Incorpore uma extens\u00e3o Magento Social Feed responsiva em sua p\u00e1gina Magento. Experimente a demonstra\u00e7\u00e3o pr\u00e1tica da Elfsight e gere seu impressionante aplicativo Social Wall.","robots":{"index":"index","follow":"follow","max-snippet":"max-snippet:-1","max-image-preview":"max-image-preview:large","max-video-preview":"max-video-preview:-1"},"canonical":"https:\/\/elfsight.com\/pt\/social-feed-widget\/magento\/","og_locale":"pt_PT","og_type":"article","og_title":"Adicionar extens\u00e3o Social Wall ao site Magento (r\u00e1pido e gratuito)","og_description":"Incorpore uma extens\u00e3o Magento Social Feed responsiva em sua p\u00e1gina Magento. Experimente a demonstra\u00e7\u00e3o pr\u00e1tica da Elfsight e gere seu impressionante aplicativo Social Wall.","og_url":"https:\/\/elfsight.com\/pt\/social-feed-widget\/magento\/","og_site_name":"Elfsight PT","article_modified_time":"2024-11-13T11:20:15+00:00","twitter_card":"summary_large_image","twitter_misc":{"Tempo estimado de leitura":"2 minutos"},"schema":{"@context":"https:\/\/schema.org","@graph":[{"@type":"WebPage","@id":"https:\/\/elfsight.com\/pt\/social-feed-widget\/magento\/","url":"https:\/\/elfsight.com\/pt\/social-feed-widget\/magento\/","name":"Adicionar extens\u00e3o Social Wall ao site Magento (r\u00e1pido e gratuito)","isPartOf":{"@id":"https:\/\/elfsight.com\/pt\/#website"},"datePublished":"1970-01-01T00:00:00+00:00","dateModified":"2024-11-13T11:20:15+00:00","description":"Incorpore uma extens\u00e3o Magento Social Feed responsiva em sua p\u00e1gina Magento. Experimente a demonstra\u00e7\u00e3o pr\u00e1tica da Elfsight e gere seu impressionante aplicativo Social Wall.","breadcrumb":{"@id":"https:\/\/elfsight.com\/pt\/social-feed-widget\/magento\/#breadcrumb"},"inLanguage":"pt-PT","potentialAction":[{"@type":"ReadAction","target":["https:\/\/elfsight.com\/pt\/social-feed-widget\/magento\/"]}]},{"@type":"BreadcrumbList","@id":"https:\/\/elfsight.com\/pt\/social-feed-widget\/magento\/#breadcrumb","itemListElement":[{"@type":"ListItem","position":1,"name":"Home","item":"https:\/\/elfsight.com\/pt\/"},{"@type":"ListItem","position":2,"name":"Social Feed","item":"https:\/\/elfsight.com\/pt\/social-feed-widget\/"},{"@type":"ListItem","position":3,"name":"Social Feed &#8211; Magento"}]},{"@type":"WebSite","@id":"https:\/\/elfsight.com\/pt\/#website","url":"https:\/\/elfsight.com\/pt\/","name":"Elfsight PT","description":"Just another Elfsight Sites site","potentialAction":[{"@type":"SearchAction","target":{"@type":"EntryPoint","urlTemplate":"https:\/\/elfsight.com\/pt\/?s={search_term_string}"},"query-input":{"@type":"PropertyValueSpecification","valueRequired":true,"valueName":"search_term_string"}}],"inLanguage":"pt-PT"}]}},"meta_box":{"industry":"","seo_heading":"","heading":"","description":"","cta_heading":"","cta_description":"","application":"461","h1":"Extens\u00e3o de feed de m\u00eddia social Magento","h1_caption":"Demonstre suas postagens em v\u00e1rias plataformas de m\u00eddia social","application_category":[],"applications_title":"","applications_request_title":"","applications_request_button_text":"","hero_text":"","hero_video":"","hero_video_schema_markup":"","selling_points_title":"","selling_points_caption":"","selling_points":[],"selling_points_cta_text":"","features_title":"","features":"","ed_cta_examples_text":"","ed_cta_examples_hidden":"","ed_cta_demo_text":"","ed_cta_demo_hidden":"","why_caption":"","why_editor_title":"","why_editor_text":"","why_team_title":"","why_team_text":"","why_service_title":"","why_service_text":"","template_catalog_visible":"","template_catalog_title":"","template_catalog_text":"","template_catalog_categories_visible":"","demo_title":"Crie sua extens\u00e3o de feed social","demo_caption":"Configure seu Social Feed e adicione-o ao seu site Magento gratuitamente!","default_faq_hidden":"","app_template_category":[],"platform":"58","template_public_id":"","codecanyon_url":"","codecanyon_item_id":"","codecanyon_price":"","pricing_caption":"","pricing_elfsight_apps_hide_column":"","pricing_elfsight_apps_url":"","pricing_codecanyon_price_caption":"","integration_category":[],"integration_request_title":"","integration_request_cta":"","integration_platform":"","integrations":[],"platform_category":[],"video_schema_markup":"","price":"a partir de US$ 0\/m\u00eas","trial":"","benefits":[{"text":"Ajuda de instala\u00e7\u00e3o gratuita"},{"text":"Atendimento ao cliente eficaz"},{"text":"Garantia de devolu\u00e7\u00e3o do dinheiro em 14 dias"},{"text":"Atualiza\u00e7\u00f5es regulares"}],"button_url":"#demo","button_target_blank":"0","button_nofollow":"0","attributes":[{"name":"Instala\u00e7\u00f5es","content":"100,000 - 500,000","_state":"expanded"},{"name":"Responsivo","content":"Sim","_state":"expanded"},{"name":"Navegadores compat\u00edveis","content":"Firefox, Safari, Opera, Edge"}],"tags":[],"tags_disable_links":"0","hide_more_platforms":"","video_object":"","demo_hide_cta":"0","demo_hide_cloud_options":"0","pricing_title":"","pricing":[{"pricing_icon":"platform","pricing_title":"Elfsight Apps","pricing_title_caption":"Software multiplataforma","pricing_price":"a partir de US$ 0\/m\u00eas","pricing_price_caption":"comece com um plano gratuito","pricing_benefits":[{"text":"Dom\u00ednios ilimitados"},{"text":"Suporte dedicado e bem documentado"},{"text":"Suporte dedicado e bem documentado"},{"text":"Oferta especial para v\u00e1rios aplicativos"}],"pricing_button_text":"Adicionar ao site","pricing_button_url":"#demo","_state":"expanded"}],"related_apps_title":"","related_apps_hidden":"1","author":"","image":[],"title":"","job":"","social_networks":[]},"_links":{"self":[{"href":"https:\/\/elfsight.com\/pt\/wp-json\/wp\/v2\/pages\/4673","targetHints":{"allow":["GET"]}}],"collection":[{"href":"https:\/\/elfsight.com\/pt\/wp-json\/wp\/v2\/pages"}],"about":[{"href":"https:\/\/elfsight.com\/pt\/wp-json\/wp\/v2\/types\/page"}],"author":[{"embeddable":true,"href":"https:\/\/elfsight.com\/pt\/wp-json\/wp\/v2\/users\/9"}],"replies":[{"embeddable":true,"href":"https:\/\/elfsight.com\/pt\/wp-json\/wp\/v2\/comments?post=4673"}],"version-history":[{"count":2,"href":"https:\/\/elfsight.com\/pt\/wp-json\/wp\/v2\/pages\/4673\/revisions"}],"predecessor-version":[{"id":12213,"href":"https:\/\/elfsight.com\/pt\/wp-json\/wp\/v2\/pages\/4673\/revisions\/12213"}],"up":[{"embeddable":true,"href":"https:\/\/elfsight.com\/pt\/wp-json\/wp\/v2\/pages\/462"}],"wp:attachment":[{"href":"https:\/\/elfsight.com\/pt\/wp-json\/wp\/v2\/media?parent=4673"}],"curies":[{"name":"wp","href":"https:\/\/api.w.org\/{rel}","templated":true}]}}