{"id":4672,"date":"2024-05-03T06:48:50","date_gmt":"2024-05-03T06:48:50","guid":{"rendered":"https:\/\/elfsight.com\/pt\/?page_id=4672"},"modified":"2024-11-13T12:14:36","modified_gmt":"2024-11-13T12:14:36","slug":"magento","status":"publish","type":"page","link":"https:\/\/elfsight.com\/pt\/social-media-share-buttons\/magento\/","title":{"rendered":"Social Share Buttons &#8211; Magento"},"content":{"rendered":"<div class=\"application-platform-content-item-description application-platform-content-item\" id=\"description\" data-nav-section=\"description\"><h2>Descri\u00e7\u00e3o<\/h2><p>Uma extens\u00e3o de compartilhamento eficaz para qualquer site, que ajudar\u00e1 seus usu\u00e1rios a compartilhar suas postagens em diferentes m\u00eddias sociais. Comece a desenvolver sua empresa no Google+, Facebook, LinkedIn e outros recursos e alcance ainda mais assinantes e f\u00e3s com postagens eficazes em seu site pessoal.<\/p><p><b>Tenha visualiza\u00e7\u00f5es e leitores adicionais nas m\u00eddias sociais!<\/b><\/p><ul><li><b>M\u00e1xima divulga\u00e7\u00e3o de conte\u00fado e itens nas m\u00eddias sociais<\/b>.<br>Gra\u00e7as a um design pr\u00e1tico e funcionalidade com apenas um clique do mouse, seu conte\u00fado ter\u00e1 um compartilhamento massivo em todas as m\u00eddias sociais sem limites.<\/li><li><b>Avance ainda mais com suas postagens para ter cada vez mais espectadores<\/b>.<br>D\u00ea a seus visitantes a oportunidade de distribuir seu conte\u00fado para um novo p\u00fablico sem nenhum esfor\u00e7o.<\/li><li><b>Aprimore os par\u00e2metros de SEO do site<\/b>.<br>Aumente o tr\u00e1fego em seu site com m\u00eddias sociais para aumentar a aprova\u00e7\u00e3o social de seu site e afetar a posi\u00e7\u00e3o na classifica\u00e7\u00e3o do Google. <\/li><li><b>Aumentar o n\u00famero de assinantes nas m\u00eddias sociais<\/b>.<br>Gerando conte\u00fado de primeira classe? Deixe que os pr\u00f3prios leitores o distribuam, compartilhando postagens para seus assinantes com facilidade.<\/li><\/ul><\/div><div class=\"application-platform-content-item-features application-platform-content-item\" id=\"features\" data-nav-section=\"features\"><h2>Recursos<\/h2><p>O que torna nossos bot\u00f5es o melhor entre as extens\u00f5es de compartilhamento Magento? Saiba mais sobre as principais caracter\u00edsticas:<\/p><ul><li>Duplicar e reordenar os bot\u00f5es da maneira que voc\u00ea precisar;<\/li><li>Definir qualquer n\u00famero de colunas para organizar os bot\u00f5es;<\/li><li>Definir largura do bot\u00e3o;<\/li><li>Transpar\u00eancia ajust\u00e1vel dos bot\u00f5es;<\/li><li>Suporte premium da equipe profissional.<\/li><\/ul><p><a href=\"#demo\">Explore todas as vantagens em uma demonstra\u00e7\u00e3o gratuita<\/a><\/p><\/div><div class=\"application-platform-content-item-installation application-platform-content-item\" id=\"installation\" data-nav-section=\"installation\"><h2>Como adicionar bot\u00f5es de compartilhamento ao Magento<\/h2><p>Basta seguir as etapas a seguir apresentado abaixo para incorporar o widget no Magento.<\/p> <ol><li><b>Execute nosso configurador gratuito e comece a formar seu instrumento personalizado. <\/b><br> Escolha o layout preferido e as especifica\u00e7\u00f5es da extens\u00e3o Social Share Buttons e aplique as modifica\u00e7\u00f5es. <\/li> <li><b>Copie o c\u00f3digo exclusivo que aparece na caixa dos aplicativos Elfsight. <\/b><br> Quando a configura\u00e7\u00e3o do seu ramal pessoal for conclu\u00edda, copie o c\u00f3digo individual no pop-up exibido e salve-o para ocasi\u00f5es futuras. <\/li> <li><b>Iniciar a utiliza\u00e7\u00e3o do widget no site Magento. <\/b><br> Incorpore o c\u00f3digo que voc\u00ea copiou antes em sua p\u00e1gina e salve as melhorias. <\/li> <li><b>Conclu\u00eddo! A integra\u00e7\u00e3o est\u00e1 totalmente encerrada. <\/b><br> Acesse sua p\u00e1gina para examinar como a extens\u00e3o est\u00e1 operando. <\/li><\/ol><p>Precisa de aconselhamento sobre como colocar ou projetar a extens\u00e3o? A equipa da Elfsight ter\u00e1 todo o prazer em apoiar e encontrar uma solu\u00e7\u00e3o! Voc\u00ea tamb\u00e9m pode resolver a consulta sozinho com nosso tutorial abrangente \u00ab<a href=\"https:\/\/elfsight.com\/tutorials\/how-to-add-social-share-buttons-to-magento\/\" target=\"_blank \" rel=\"noopener noreferrer\">Como exibir bot\u00f5es de compartilhamento no site Magento<\/a>\u00bb.<\/p><\/div><div class=\"faq\" data-component=\"FAQ\"><div class=\"faq-item\">\r\n\t\t\t\t\t<div class=\"faq-item-question\">\r\n\t\t\t\t\t\t<h3 class=\"faq-item-question-text\">Como posso Incorporei bot\u00f5es de compartilhamento social no meu Magento sem codifica\u00e7\u00e3o?<\/h3>\r\n\r\n\t\t\t\t\t\t<div class=\"faq-item-question-icon\"><\/div>\r\n\t\t\t\t\t<\/div>\r\n\r\n\t\t\t\t\t<div class=\"faq-item-answer\">\r\n\t\t\t\t\t\t<div class=\"faq-item-answer-text\"><p>A empresa Elfsight fornece uma solu\u00e7\u00e3o que permite que voc\u00ea mesmo crie um aplicativo de bot\u00f5es de compartilhamento social. Descubra as etapas simples: <\/p><ul><li>V\u00e1 para a demonstra\u00e7\u00e3o ao vivo para criar uma se\u00e7\u00e3o de bot\u00f5es de compartilhamento social que voc\u00ea gostaria de ver no Magento.<\/li><li>Escolha um dos modelos prontos e ajuste as configura\u00e7\u00f5es dos bot\u00f5es de compartilhamento social, atualize seu conte\u00fado, altere o layout e a cor esquema sem habilidades de codifica\u00e7\u00e3o.<\/li><li>Salve os bot\u00f5es de compartilhamento social e copie o c\u00f3digo de instala\u00e7\u00e3o do plugin, que pode ser simplesmente incorporado em qualquer site Magento gratuitamente.<\/li><\/ul><p>Usando nosso Configurador f\u00e1cil de usar, qualquer usu\u00e1rio da Internet pode criar uma se\u00e7\u00e3o de bot\u00f5es de compartilhamento social on-line e incorpor\u00e1-la prontamente ao site Magento. N\u00e3o h\u00e1 necessidade de pagar ou enviar as credenciais do seu cart\u00e3o para entrar no Editor. Se voc\u00ea enfrentar qualquer tipo de obst\u00e1culo, sinta-se \u00e0 vontade para entrar em contato com nossa equipe de suporte.<\/p><\/div>\r\n\t\t\t\t\t<\/div>\r\n\t\t\t\t<\/div><\/div>","protected":false},"excerpt":{"rendered":"","protected":false},"author":9,"featured_media":0,"parent":697,"menu_order":0,"comment_status":"closed","ping_status":"closed","template":"templates\/template-application-platform.php","meta":{"publish_to_discourse":"","publish_post_category":"","wpdc_auto_publish_overridden":"","wpdc_topic_tags":"","wpdc_pin_topic":"","wpdc_pin_until":"","discourse_post_id":"","discourse_permalink":"","wpdc_publishing_response":"","wpdc_publishing_error":"","footnotes":""},"class_list":["post-4672","page","type-page","status-publish","hentry"],"yoast_head":"<!-- This site is optimized with the Yoast SEO plugin v25.3.1 - https:\/\/yoast.com\/wordpress\/plugins\/seo\/ -->\n<title>Bot\u00f5es de compartilhamento social \u2013 Adicione bot\u00f5es de compartilhamento ao site Magento<\/title>\n<meta name=\"description\" content=\"Integre bot\u00f5es de compartilhamento social em seu site Magento em apenas alguns minutos. Constru\u00e7\u00e3o r\u00e1pida e simples de diversas extens\u00f5es de sites pela Elfsight.\" \/>\n<meta name=\"robots\" content=\"index, follow, max-snippet:-1, max-image-preview:large, max-video-preview:-1\" \/>\n<link rel=\"canonical\" href=\"https:\/\/elfsight.com\/pt\/social-media-share-buttons\/magento\/\" \/>\n<meta property=\"og:locale\" content=\"pt_PT\" \/>\n<meta property=\"og:type\" content=\"article\" \/>\n<meta property=\"og:title\" content=\"Bot\u00f5es de compartilhamento social \u2013 Adicione bot\u00f5es de compartilhamento ao site Magento\" \/>\n<meta property=\"og:description\" content=\"Integre bot\u00f5es de compartilhamento social em seu site Magento em apenas alguns minutos. Constru\u00e7\u00e3o r\u00e1pida e simples de diversas extens\u00f5es de sites pela Elfsight.\" \/>\n<meta property=\"og:url\" content=\"https:\/\/elfsight.com\/pt\/social-media-share-buttons\/magento\/\" \/>\n<meta property=\"og:site_name\" content=\"Elfsight PT\" \/>\n<meta property=\"article:modified_time\" content=\"2024-11-13T12:14:36+00:00\" \/>\n<meta name=\"twitter:card\" content=\"summary_large_image\" \/>\n<meta name=\"twitter:label1\" content=\"Tempo estimado de leitura\" \/>\n\t<meta name=\"twitter:data1\" content=\"2 minutos\" \/>\n<!-- \/ Yoast SEO plugin. -->","yoast_head_json":{"title":"Bot\u00f5es de compartilhamento social \u2013 Adicione bot\u00f5es de compartilhamento ao site Magento","description":"Integre bot\u00f5es de compartilhamento social em seu site Magento em apenas alguns minutos. Constru\u00e7\u00e3o r\u00e1pida e simples de diversas extens\u00f5es de sites pela Elfsight.","robots":{"index":"index","follow":"follow","max-snippet":"max-snippet:-1","max-image-preview":"max-image-preview:large","max-video-preview":"max-video-preview:-1"},"canonical":"https:\/\/elfsight.com\/pt\/social-media-share-buttons\/magento\/","og_locale":"pt_PT","og_type":"article","og_title":"Bot\u00f5es de compartilhamento social \u2013 Adicione bot\u00f5es de compartilhamento ao site Magento","og_description":"Integre bot\u00f5es de compartilhamento social em seu site Magento em apenas alguns minutos. Constru\u00e7\u00e3o r\u00e1pida e simples de diversas extens\u00f5es de sites pela Elfsight.","og_url":"https:\/\/elfsight.com\/pt\/social-media-share-buttons\/magento\/","og_site_name":"Elfsight PT","article_modified_time":"2024-11-13T12:14:36+00:00","twitter_card":"summary_large_image","twitter_misc":{"Tempo estimado de leitura":"2 minutos"},"schema":{"@context":"https:\/\/schema.org","@graph":[{"@type":"WebPage","@id":"https:\/\/elfsight.com\/pt\/social-media-share-buttons\/magento\/","url":"https:\/\/elfsight.com\/pt\/social-media-share-buttons\/magento\/","name":"Bot\u00f5es de compartilhamento social \u2013 Adicione bot\u00f5es de compartilhamento ao site Magento","isPartOf":{"@id":"https:\/\/elfsight.com\/pt\/#website"},"datePublished":"2024-05-03T06:48:50+00:00","dateModified":"2024-11-13T12:14:36+00:00","description":"Integre bot\u00f5es de compartilhamento social em seu site Magento em apenas alguns minutos. Constru\u00e7\u00e3o r\u00e1pida e simples de diversas extens\u00f5es de sites pela Elfsight.","breadcrumb":{"@id":"https:\/\/elfsight.com\/pt\/social-media-share-buttons\/magento\/#breadcrumb"},"inLanguage":"pt-PT","potentialAction":[{"@type":"ReadAction","target":["https:\/\/elfsight.com\/pt\/social-media-share-buttons\/magento\/"]}]},{"@type":"BreadcrumbList","@id":"https:\/\/elfsight.com\/pt\/social-media-share-buttons\/magento\/#breadcrumb","itemListElement":[{"@type":"ListItem","position":1,"name":"Home","item":"https:\/\/elfsight.com\/pt\/"},{"@type":"ListItem","position":2,"name":"Social Share Buttons","item":"https:\/\/elfsight.com\/pt\/social-media-share-buttons\/"},{"@type":"ListItem","position":3,"name":"Social Share Buttons &#8211; Magento"}]},{"@type":"WebSite","@id":"https:\/\/elfsight.com\/pt\/#website","url":"https:\/\/elfsight.com\/pt\/","name":"Elfsight PT","description":"Just another Elfsight Sites site","potentialAction":[{"@type":"SearchAction","target":{"@type":"EntryPoint","urlTemplate":"https:\/\/elfsight.com\/pt\/?s={search_term_string}"},"query-input":{"@type":"PropertyValueSpecification","valueRequired":true,"valueName":"search_term_string"}}],"inLanguage":"pt-PT"}]}},"meta_box":{"industry":"","seo_heading":"","heading":"","description":"","cta_heading":"","cta_description":"","application":"1383","h1":"Bot\u00f5es de compartilhamento social para Magento","h1_caption":"Promova sua empresa gratuitamente em diversos servi\u00e7os de m\u00eddia social","application_category":[],"applications_title":"","applications_request_title":"","applications_request_button_text":"","hero_text":"","hero_video":"","hero_video_schema_markup":"","selling_points_title":"","selling_points_caption":"","selling_points":[],"selling_points_cta_text":"","features_title":"","features":"","ed_cta_examples_text":"","ed_cta_examples_hidden":"","ed_cta_demo_text":"","ed_cta_demo_hidden":"","why_caption":"","why_editor_title":"","why_editor_text":"","why_team_title":"","why_team_text":"","why_service_title":"","why_service_text":"","template_catalog_visible":"","template_catalog_title":"","template_catalog_text":"","template_catalog_categories_visible":"","demo_title":"Crie sua extens\u00e3o de bot\u00f5es de compartilhamento social","demo_caption":"Configure seus bot\u00f5es de compartilhamento social e adicione-os ao seu site Magento gratuitamente!","default_faq_hidden":"","app_template_category":[],"platform":"58","template_public_id":"","codecanyon_url":"","codecanyon_item_id":"","codecanyon_price":"","pricing_caption":"","pricing_elfsight_apps_hide_column":"","pricing_elfsight_apps_url":"","pricing_codecanyon_price_caption":"","integration_category":[],"integration_request_title":"","integration_request_cta":"","integration_platform":"","integrations":[],"platform_category":[],"video_schema_markup":"","price":"a partir de US$ 0\/m\u00eas","trial":"","benefits":[{"text":"Servi\u00e7o de instala\u00e7\u00e3o gratuito"},{"text":"Suporte excepcional"},{"text":"Garantia de reembolso de 14 dias"},{"text":"Atualiza\u00e7\u00f5es vital\u00edcias"}],"button_url":"#demo","button_target_blank":"0","button_nofollow":"0","attributes":[{"name":"Instala\u00e7\u00f5es","content":"10,000 - 100,000","_state":"expanded"},{"name":"Responsivo","content":"Sim","_state":"expanded"},{"name":"Navegadores compat\u00edveis","content":"Firefox, Safari, Opera, Chrome, Edge"}],"tags":[],"tags_disable_links":"0","hide_more_platforms":"","video_object":"","demo_hide_cta":"0","demo_hide_cloud_options":"0","pricing_title":"","pricing":[{"pricing_icon":"platform","pricing_title":"Elfsight Apps","pricing_title_caption":"Solu\u00e7\u00e3o digital multiplataforma adequada para qualquer site","pricing_price":"a partir de US$ 0\/m\u00eas","pricing_price_caption":"comece com um plano gratuito","pricing_benefits":[{"text":"Dom\u00ednios ilimitados"},{"text":"Suporte r\u00e1pido e bem documentado"},{"text":"Suporte r\u00e1pido e bem documentado"},{"text":"100% personaliz\u00e1vel"}],"pricing_button_text":"Adicionar ao site","pricing_button_url":"#demo","_state":"expanded"}],"related_apps_title":"","related_apps_hidden":"1","author":"","image":[],"title":"","job":"","social_networks":[]},"_links":{"self":[{"href":"https:\/\/elfsight.com\/pt\/wp-json\/wp\/v2\/pages\/4672","targetHints":{"allow":["GET"]}}],"collection":[{"href":"https:\/\/elfsight.com\/pt\/wp-json\/wp\/v2\/pages"}],"about":[{"href":"https:\/\/elfsight.com\/pt\/wp-json\/wp\/v2\/types\/page"}],"author":[{"embeddable":true,"href":"https:\/\/elfsight.com\/pt\/wp-json\/wp\/v2\/users\/9"}],"replies":[{"embeddable":true,"href":"https:\/\/elfsight.com\/pt\/wp-json\/wp\/v2\/comments?post=4672"}],"version-history":[{"count":2,"href":"https:\/\/elfsight.com\/pt\/wp-json\/wp\/v2\/pages\/4672\/revisions"}],"predecessor-version":[{"id":12250,"href":"https:\/\/elfsight.com\/pt\/wp-json\/wp\/v2\/pages\/4672\/revisions\/12250"}],"up":[{"embeddable":true,"href":"https:\/\/elfsight.com\/pt\/wp-json\/wp\/v2\/pages\/697"}],"wp:attachment":[{"href":"https:\/\/elfsight.com\/pt\/wp-json\/wp\/v2\/media?parent=4672"}],"curies":[{"name":"wp","href":"https:\/\/api.w.org\/{rel}","templated":true}]}}