{"id":4670,"date":"1970-01-01T00:00:00","date_gmt":"1970-01-01T00:00:00","guid":{"rendered":"https:\/\/elfsight.com\/pt\/?page_id=4670"},"modified":"2024-11-13T12:18:05","modified_gmt":"2024-11-13T12:18:05","slug":"magento","status":"publish","type":"page","link":"https:\/\/elfsight.com\/pt\/testimonials-slider-widget\/magento\/","title":{"rendered":"Testimonials Slider &#8211; Magento"},"content":{"rendered":"<div class=\"application-platform-content-item-description application-platform-content-item\" id=\"description\" data-nav-section=\"description\"><h2>Descri\u00e7\u00e3o<\/h2><p>Controle deslizante de depoimentos \u2013 uma extens\u00e3o responsiva para demonstrar depoimentos de seus usu\u00e1rios em seu site. Voc\u00ea pode adicionar diferentes tipos de prova social \u00e0s avalia\u00e7\u00f5es &#8211; nome do autor, foto, logotipo da organiza\u00e7\u00e3o e at\u00e9 mesmo uma URL para o site.<\/p><p><b>Aumente a confian\u00e7a em seus produtos mostrando sua satisfa\u00e7\u00e3o clientes.<\/b><\/p><ul><li><b>Torne os depoimentos de seus clientes o mais confi\u00e1veis \u200b\u200bposs\u00edvel<\/b>.<br>Mostre todas as informa\u00e7\u00f5es sobre o autor de cada um dos depoimentos junto com nome, empresa, e posi\u00e7\u00e3o. Assim, demonstre aos seus usu\u00e1rios que eles est\u00e3o lendo depoimentos de pessoas reais.<\/li><li><b>Use um julgamento profissional<\/b>.<br>Voc\u00ea tem clientes cuja avalia\u00e7\u00e3o influenciar\u00e1 outros visitantes? Gere depoimentos abrangentes com dados abrangentes sobre o autor e assim eleve seu n\u00edvel de vendas.<\/li><li><b>Multiplique a confian\u00e7a em seu site<\/b>.<br>Insira feedback de seus clientes no site e demonstre exemplos de uma boa experi\u00eancia do cliente para aumentar a confian\u00e7a em sua empresa.<\/li><\/ul><\/div><div class=\"faq\" data-component=\"FAQ\"><div class=\"faq-item\">\r\n\t\t\t\t\t<div class=\"faq-item-question\">\r\n\t\t\t\t\t\t<h3 class=\"faq-item-question-text\">Como posso incorporar um controle deslizante de depoimentos ao Site Magento? <\/h3>\r\n\r\n\t\t\t\t\t\t<div class=\"faq-item-question-icon\"><\/div>\r\n\t\t\t\t\t<\/div>\r\n\r\n\t\t\t\t\t<div class=\"faq-item-answer\">\r\n\t\t\t\t\t\t<div class=\"faq-item-answer-text\"><p>A constru\u00e7\u00e3o da ferramenta ocorre nas p\u00e1ginas da Elfsight e n\u00e3o necessita de codifica\u00e7\u00e3o. Utilize nossa demonstra\u00e7\u00e3o online para personalizar sua pr\u00f3pria ferramenta, obter o c\u00f3digo e inseri-lo em seu site. <\/p><\/div>\r\n\t\t\t\t\t<\/div>\r\n\t\t\t\t<\/div><div class=\"faq-item\">\r\n\t\t\t\t\t<div class=\"faq-item-question\">\r\n\t\t\t\t\t\t<h3 class=\"faq-item-question-text\">As melhores maneiras de usar a integra\u00e7\u00e3o de widgets de Depoimentos<\/h3>\r\n\r\n\t\t\t\t\t\t<div class=\"faq-item-question-icon\"><\/div>\r\n\t\t\t\t\t<\/div>\r\n\r\n\t\t\t\t\t<div class=\"faq-item-answer\">\r\n\t\t\t\t\t\t<div class=\"faq-item-answer-text\"><p>Temos uma s\u00e9rie de oportunidades de personaliza\u00e7\u00e3o: widgets em tamanho real para inser\u00e7\u00e3o na zona de conte\u00fado, widgets flutuantes com recurso de rolagem, miniaturas para rodap\u00e9, cabe\u00e7alho e todos os tipos de op\u00e7\u00f5es verticais para barras laterais e menus do site. <\/p><\/div>\r\n\t\t\t\t\t<\/div>\r\n\t\t\t\t<\/div><div class=\"faq-item\">\r\n\t\t\t\t\t<div class=\"faq-item-question\">\r\n\t\t\t\t\t\t<h3 class=\"faq-item-question-text\">Como fa\u00e7o para construir um widget de Cart\u00f5es ou Grid Feedback por meio do editor? <\/h3>\r\n\r\n\t\t\t\t\t\t<div class=\"faq-item-question-icon\"><\/div>\r\n\t\t\t\t\t<\/div>\r\n\r\n\t\t\t\t\t<div class=\"faq-item-answer\">\r\n\t\t\t\t\t\t<div class=\"faq-item-answer-text\"><p>Voc\u00ea est\u00e1 convidado a moldar as altera\u00e7\u00f5es de qualquer widget. Existem muitos layouts dispon\u00edveis no editor, e todos eles podem ser facilmente ajustados do jeito que voc\u00ea precisa. <\/p><\/div>\r\n\t\t\t\t\t<\/div>\r\n\t\t\t\t<\/div><\/div><div class=\"application-platform-content-item-features application-platform-content-item\" id=\"features\" data-nav-section=\"features\"><h2>Recursos<\/h2><p>As principais caracter\u00edsticas que transformam nosso controle deslizante de depoimentos em uma extens\u00e3o valiosa para qualquer site Magento.<\/p><ul><li>Use a URL do perfil do Facebook ou Twitter para provar que o autor \u00e9 real;<\/li><li>Layout com largura total;<\/li><li>Edite a legenda para exibir a empresa , posi\u00e7\u00e3o e muito mais;<\/li><li>Para adicionar confian\u00e7a, mostre o logotipo da empresa do autor.<\/li><\/ul><p><a href=\"#demo\">Experimente esses recursos na demonstra\u00e7\u00e3o ao vivo <\/a><\/p><\/div><div class=\"application-platform-content-item-installation application-platform-content-item\" id=\"installation\" data-nav-section=\"installation\"><h2>Como adicionar depoimentos ao site Magento<\/h2><p>Basta seguir as diretrizes abaixo para ativar o widget no Magento.<\/p> <ol><li><b>Utilize nosso configurador gratuito e comece a moldar seu instrumento personalizado. <\/b><br> Encontre a apar\u00eancia selecionada e as caracter\u00edsticas funcionais da extens\u00e3o Testimonials Slider e aplique as corre\u00e7\u00f5es. <\/li> <li><b>Receba o c\u00f3digo exclusivo que aparece na caixa dos aplicativos Elfsight. <\/b><br> Assim que a gera\u00e7\u00e3o da sua extens\u00e3o for conclu\u00edda, copie o c\u00f3digo pessoal na janela que aparece e salve-o para uso posterior. <\/li> <li><b>Entre usando o widget na p\u00e1gina inicial do Magento. <\/b><br> Incorpore o c\u00f3digo que voc\u00ea salvou anteriormente em sua p\u00e1gina web e aplique as corre\u00e7\u00f5es. <\/li> <li><b>Pronto! A integra\u00e7\u00e3o \u00e9 totalmente realizada. <\/b><br> Acesse seu site para ver o funcionamento do widget. <\/li><\/ol><p>Teve alguma d\u00favida ao usar ou ajustar a extens\u00e3o? Leia o guia detalhado sobre <a href=\"https:\/\/elfsight.com\/tutorials\/how-to-add-testimonials-slider-extension-to-magento\/\" target=\"_blank\" rel=\"noopener noreferrer\">configura\u00e7\u00e3o de Depoimentos Slider no Magento<\/a> ou entre em contato com nossa Central de Suporte.<\/p><\/div>","protected":false},"excerpt":{"rendered":"","protected":false},"author":9,"featured_media":0,"parent":559,"menu_order":0,"comment_status":"closed","ping_status":"closed","template":"templates\/template-application-platform.php","meta":{"publish_to_discourse":"","publish_post_category":"","wpdc_auto_publish_overridden":"","wpdc_topic_tags":"","wpdc_pin_topic":"","wpdc_pin_until":"","discourse_post_id":"","discourse_permalink":"","wpdc_publishing_response":"","wpdc_publishing_error":"","footnotes":""},"class_list":["post-4670","page","type-page","status-publish","hentry"],"yoast_head":"<!-- This site is optimized with the Yoast SEO plugin v25.3.1 - https:\/\/yoast.com\/wordpress\/plugins\/seo\/ -->\n<title>Controle deslizante de depoimentos \u2013 Adicionar extens\u00e3o de depoimentos ao site Magento<\/title>\n<meta name=\"description\" content=\"Experimente a melhor extens\u00e3o Testimonials Slider para Magento gratuitamente. A configura\u00e7\u00e3o \u00e9 simples e r\u00e1pida, sem necessidade de conhecimento em desenvolvimento web. Levar\u00e1 apenas 2 minutos.\" \/>\n<meta name=\"robots\" content=\"index, follow, max-snippet:-1, max-image-preview:large, max-video-preview:-1\" \/>\n<link rel=\"canonical\" href=\"https:\/\/elfsight.com\/pt\/testimonials-slider-widget\/magento\/\" \/>\n<meta property=\"og:locale\" content=\"pt_PT\" \/>\n<meta property=\"og:type\" content=\"article\" \/>\n<meta property=\"og:title\" content=\"Controle deslizante de depoimentos \u2013 Adicionar extens\u00e3o de depoimentos ao site Magento\" \/>\n<meta property=\"og:description\" content=\"Experimente a melhor extens\u00e3o Testimonials Slider para Magento gratuitamente. A configura\u00e7\u00e3o \u00e9 simples e r\u00e1pida, sem necessidade de conhecimento em desenvolvimento web. Levar\u00e1 apenas 2 minutos.\" \/>\n<meta property=\"og:url\" content=\"https:\/\/elfsight.com\/pt\/testimonials-slider-widget\/magento\/\" \/>\n<meta property=\"og:site_name\" content=\"Elfsight PT\" \/>\n<meta property=\"article:modified_time\" content=\"2024-11-13T12:18:05+00:00\" \/>\n<meta name=\"twitter:card\" content=\"summary_large_image\" \/>\n<meta name=\"twitter:label1\" content=\"Tempo estimado de leitura\" \/>\n\t<meta name=\"twitter:data1\" content=\"2 minutos\" \/>\n<!-- \/ Yoast SEO plugin. -->","yoast_head_json":{"title":"Controle deslizante de depoimentos \u2013 Adicionar extens\u00e3o de depoimentos ao site Magento","description":"Experimente a melhor extens\u00e3o Testimonials Slider para Magento gratuitamente. A configura\u00e7\u00e3o \u00e9 simples e r\u00e1pida, sem necessidade de conhecimento em desenvolvimento web. Levar\u00e1 apenas 2 minutos.","robots":{"index":"index","follow":"follow","max-snippet":"max-snippet:-1","max-image-preview":"max-image-preview:large","max-video-preview":"max-video-preview:-1"},"canonical":"https:\/\/elfsight.com\/pt\/testimonials-slider-widget\/magento\/","og_locale":"pt_PT","og_type":"article","og_title":"Controle deslizante de depoimentos \u2013 Adicionar extens\u00e3o de depoimentos ao site Magento","og_description":"Experimente a melhor extens\u00e3o Testimonials Slider para Magento gratuitamente. A configura\u00e7\u00e3o \u00e9 simples e r\u00e1pida, sem necessidade de conhecimento em desenvolvimento web. Levar\u00e1 apenas 2 minutos.","og_url":"https:\/\/elfsight.com\/pt\/testimonials-slider-widget\/magento\/","og_site_name":"Elfsight PT","article_modified_time":"2024-11-13T12:18:05+00:00","twitter_card":"summary_large_image","twitter_misc":{"Tempo estimado de leitura":"2 minutos"},"schema":{"@context":"https:\/\/schema.org","@graph":[{"@type":"WebPage","@id":"https:\/\/elfsight.com\/pt\/testimonials-slider-widget\/magento\/","url":"https:\/\/elfsight.com\/pt\/testimonials-slider-widget\/magento\/","name":"Controle deslizante de depoimentos \u2013 Adicionar extens\u00e3o de depoimentos ao site Magento","isPartOf":{"@id":"https:\/\/elfsight.com\/pt\/#website"},"datePublished":"1970-01-01T00:00:00+00:00","dateModified":"2024-11-13T12:18:05+00:00","description":"Experimente a melhor extens\u00e3o Testimonials Slider para Magento gratuitamente. A configura\u00e7\u00e3o \u00e9 simples e r\u00e1pida, sem necessidade de conhecimento em desenvolvimento web. Levar\u00e1 apenas 2 minutos.","breadcrumb":{"@id":"https:\/\/elfsight.com\/pt\/testimonials-slider-widget\/magento\/#breadcrumb"},"inLanguage":"pt-PT","potentialAction":[{"@type":"ReadAction","target":["https:\/\/elfsight.com\/pt\/testimonials-slider-widget\/magento\/"]}]},{"@type":"BreadcrumbList","@id":"https:\/\/elfsight.com\/pt\/testimonials-slider-widget\/magento\/#breadcrumb","itemListElement":[{"@type":"ListItem","position":1,"name":"Home","item":"https:\/\/elfsight.com\/pt\/"},{"@type":"ListItem","position":2,"name":"Testimonials Slider","item":"https:\/\/elfsight.com\/pt\/testimonials-slider-widget\/"},{"@type":"ListItem","position":3,"name":"Testimonials Slider &#8211; Magento"}]},{"@type":"WebSite","@id":"https:\/\/elfsight.com\/pt\/#website","url":"https:\/\/elfsight.com\/pt\/","name":"Elfsight PT","description":"Just another Elfsight Sites site","potentialAction":[{"@type":"SearchAction","target":{"@type":"EntryPoint","urlTemplate":"https:\/\/elfsight.com\/pt\/?s={search_term_string}"},"query-input":{"@type":"PropertyValueSpecification","valueRequired":true,"valueName":"search_term_string"}}],"inLanguage":"pt-PT"}]}},"meta_box":{"industry":"","seo_heading":"","heading":"","description":"","cta_heading":"","cta_description":"","application":"947","h1":"Extens\u00e3o Slider de Depoimentos para Magento","h1_caption":"Mostre a experi\u00eancia do usu\u00e1rio feliz em seu site e conquiste novos usu\u00e1rios","application_category":[],"applications_title":"","applications_request_title":"","applications_request_button_text":"","hero_text":"","hero_video":"","hero_video_schema_markup":"","selling_points_title":"","selling_points_caption":"","selling_points":[],"selling_points_cta_text":"","features_title":"","features":"","ed_cta_examples_text":"","ed_cta_examples_hidden":"","ed_cta_demo_text":"","ed_cta_demo_hidden":"","why_caption":"","why_editor_title":"","why_editor_text":"","why_team_title":"","why_team_text":"","why_service_title":"","why_service_text":"","template_catalog_visible":"","template_catalog_title":"","template_catalog_text":"","template_catalog_categories_visible":"","demo_title":"Crie sua extens\u00e3o Slider de Depoimentos","demo_caption":"Configure seu controle deslizante de depoimentos e adicione-o ao seu site Magento gratuitamente!","default_faq_hidden":"","app_template_category":[],"platform":"58","template_public_id":"","codecanyon_url":"","codecanyon_item_id":"","codecanyon_price":"","pricing_caption":"","pricing_elfsight_apps_hide_column":"","pricing_elfsight_apps_url":"","pricing_codecanyon_price_caption":"","integration_category":[],"integration_request_title":"","integration_request_cta":"","integration_platform":"","integrations":[],"platform_category":[],"video_schema_markup":"","price":"a partir de US$ 0\/m\u00eas","trial":"","benefits":[{"text":"Assist\u00eancia de instala\u00e7\u00e3o gratuita"},{"text":"Suporte ao cliente experiente"},{"text":"Garantia de reembolso de 14 dias"},{"text":"Atualiza\u00e7\u00f5es gratuitas cont\u00ednuas"}],"button_url":"#demo","button_target_blank":"0","button_nofollow":"0","attributes":[{"name":"Instala\u00e7\u00f5es","content":"10,000 - 100,000","_state":"expanded"},{"name":"Responsivo","content":"Sim","_state":"expanded"},{"name":"Navegadores compat\u00edveis","content":"Firefox, Safari, Opera, Chrome, Edge"}],"tags":[],"tags_disable_links":"0","hide_more_platforms":"","video_object":"","demo_hide_cta":"0","demo_hide_cloud_options":"0","pricing_title":"","pricing":[{"pricing_icon":"platform","pricing_title":"Elfsight Apps","pricing_title_caption":"Software multiplataforma que funciona em qualquer site","pricing_price":"a partir de US$ 0\/m\u00eas","pricing_price_caption":"comece com um plano gratuito","pricing_benefits":[{"text":"Sites ilimitados"},{"text":"Suporte \u00e0 empresa 24 horas por dia, 7 dias por semana"},{"text":"Suporte \u00e0 empresa 24 horas por dia, 7 dias por semana"},{"text":"Totalmente personaliz\u00e1vel"}],"pricing_button_text":"Adicionar ao site","pricing_button_url":"#demo","_state":"expanded"}],"related_apps_title":"","related_apps_hidden":"1","author":"","image":[],"title":"","job":"","social_networks":[]},"_links":{"self":[{"href":"https:\/\/elfsight.com\/pt\/wp-json\/wp\/v2\/pages\/4670","targetHints":{"allow":["GET"]}}],"collection":[{"href":"https:\/\/elfsight.com\/pt\/wp-json\/wp\/v2\/pages"}],"about":[{"href":"https:\/\/elfsight.com\/pt\/wp-json\/wp\/v2\/types\/page"}],"author":[{"embeddable":true,"href":"https:\/\/elfsight.com\/pt\/wp-json\/wp\/v2\/users\/9"}],"replies":[{"embeddable":true,"href":"https:\/\/elfsight.com\/pt\/wp-json\/wp\/v2\/comments?post=4670"}],"version-history":[{"count":2,"href":"https:\/\/elfsight.com\/pt\/wp-json\/wp\/v2\/pages\/4670\/revisions"}],"predecessor-version":[{"id":12294,"href":"https:\/\/elfsight.com\/pt\/wp-json\/wp\/v2\/pages\/4670\/revisions\/12294"}],"up":[{"embeddable":true,"href":"https:\/\/elfsight.com\/pt\/wp-json\/wp\/v2\/pages\/559"}],"wp:attachment":[{"href":"https:\/\/elfsight.com\/pt\/wp-json\/wp\/v2\/media?parent=4670"}],"curies":[{"name":"wp","href":"https:\/\/api.w.org\/{rel}","templated":true}]}}