{"id":4657,"date":"2024-05-03T06:48:00","date_gmt":"2024-05-03T06:48:00","guid":{"rendered":"https:\/\/elfsight.com\/pt\/?page_id=4657"},"modified":"2024-11-13T11:20:23","modified_gmt":"2024-11-13T11:20:23","slug":"jquery","status":"publish","type":"page","link":"https:\/\/elfsight.com\/pt\/social-feed-widget\/jquery\/","title":{"rendered":"Social Feed &#8211; jQuery"},"content":{"rendered":"<div class=\"application-platform-content-item-description application-platform-content-item\" id=\"description\" data-nav-section=\"description\"> <h2>Descri\u00e7\u00e3o<\/h2> <p>Elfsight Social Feed para jQuery \u00e9 um plugin para comercializar n\u00e3o apenas itens, mas emo\u00e7\u00f5es e experi\u00eancias. Com ele voc\u00ea pode construir um feed personalizado composto por conte\u00fado de diversas redes: Instagram, Pinterest, Facebook, Twitter, Tumblr, YouTube, Vimeo &#8211; e demonstr\u00e1-lo direto no seu site. Crie uma galeria ou cat\u00e1logo de produtos com apenas alguns cliques! Aproveite o controle total sobre o conte\u00fado demonstrado com diversas op\u00e7\u00f5es de filtro e elimine spam e qualquer conte\u00fado indesejado por meio de modera\u00e7\u00e3o manual. O editor online totalmente responsivo oferece v\u00e1rios modelos para voc\u00ea escolher. <\/p> <p><b>Experimente o Social Wall para atingir o pico do seu com\u00e9rcio eletr\u00f4nico com menos esfor\u00e7o! <\/b><\/p> <\/div> <div class=\"faq\" data-component=\"FAQ\"><div class=\"faq-item\">\r\n\t\t\t\t\t<div class=\"faq-item-question\">\r\n\t\t\t\t\t\t<h3 class=\"faq-item-question-text\">Como adiciono um feed de m\u00eddia social ao jQuery?<\/h3>\r\n\r\n\t\t\t\t\t\t<div class=\"faq-item-question-icon\"><\/div>\r\n\t\t\t\t\t<\/div>\r\n\r\n\t\t\t\t\t<div class=\"faq-item-answer\">\r\n\t\t\t\t\t\t<div class=\"faq-item-answer-text\"><p>A cria\u00e7\u00e3o do widget acontece nas p\u00e1ginas da Elfsight e voc\u00ea n\u00e3o precisa aprender a codificar. Aplique nossa demonstra\u00e7\u00e3o ativa para moldar sua pr\u00f3pria ferramenta, obtenha o c\u00f3digo e incorpore-o em seu site. <\/p><\/div>\r\n\t\t\t\t\t<\/div>\r\n\t\t\t\t<\/div><div class=\"faq-item\">\r\n\t\t\t\t\t<div class=\"faq-item-question\">\r\n\t\t\t\t\t\t<h3 class=\"faq-item-question-text\">Como obtenho o carrossel de m\u00eddia social ou o feed do YouTube usando plug-ins da Elfsight?<\/h3>\r\n\r\n\t\t\t\t\t\t<div class=\"faq-item-question-icon\"><\/div>\r\n\t\t\t\t\t<\/div>\r\n\r\n\t\t\t\t\t<div class=\"faq-item-answer\">\r\n\t\t\t\t\t\t<div class=\"faq-item-answer-text\"><p>Uma variedade de modelos s\u00e3o aplic\u00e1veis: grade, galeria, alvenaria , lista, feed e muitos outros, bem como configura\u00e7\u00f5es de layout male\u00e1veis \u200b\u200bpara harmonizar com suas condi\u00e7\u00f5es. Voc\u00ea est\u00e1 convidado a criar quase qualquer widget que lhe falta. <\/p><\/div>\r\n\t\t\t\t\t<\/div>\r\n\t\t\t\t<\/div><div class=\"faq-item\">\r\n\t\t\t\t\t<div class=\"faq-item-question\">\r\n\t\t\t\t\t\t<h3 class=\"faq-item-question-text\">Por que meu feed do Social Wall n\u00e3o funciona\/\u00e9 atualizado?<\/h3>\r\n\r\n\t\t\t\t\t\t<div class=\"faq-item-question-icon\"><\/div>\r\n\t\t\t\t\t<\/div>\r\n\r\n\t\t\t\t\t<div class=\"faq-item-answer\">\r\n\t\t\t\t\t\t<div class=\"faq-item-answer-text\"><p>Assim que voc\u00ea tiver alguma dificuldade com os widgets de m\u00eddia social, resolva o problema equipe de suporte ao cliente. O suporte \u00e9 totalmente gratuito para todos os clientes da Elfsight. <\/p><\/div>\r\n\t\t\t\t\t<\/div>\r\n\t\t\t\t<\/div><\/div><div class=\"application-platform-content-item-features application-platform-content-item\" id=\"features\" data-nav-section=\"features\"> <h2>Os recursos b\u00e1sicos do widget cont\u00eam<\/h2> <ul><li>Exibir seu conte\u00fado de diversas m\u00eddias sociais. <\/li><li>Remova qualquer spam e conte\u00fado indesejado por meio do modo de modera\u00e7\u00e3o manual. <\/li><li>Defina o bot\u00e3o Seguir no feed do widget. <\/li><li>Deixe suas postagens aparecerem em um pop-up. <\/li><\/ul><p><a href=\"#demo\">Experimente esta demonstra\u00e7\u00e3o para ter uma ideia completa<\/a><\/p> <\/div> <div class=\"application-platform-content-item-installation application-platform-content-item\" id=\"installation\" data-nav-section=\"installation\"> <h2>Como incorporar o plugin Social Media Feed no meu site jQuery? <\/h2> <p>Basta seguir as diretrizes abaixo para adicionar o widget. <\/p> <ol><li><b>Gerencie nosso configurador gratuito e comece a moldar seu plugin exclusivo. <\/b><br> Encontre a apar\u00eancia e as op\u00e7\u00f5es selecionadas do plugin e aplique as modifica\u00e7\u00f5es. <\/li> <li><b>Copie o seu c\u00f3digo individual mostrado na caixa nas aplica\u00e7\u00f5es Elfsight. <\/b><br> Ap\u00f3s a conclus\u00e3o da gera\u00e7\u00e3o do seu widget, copie o c\u00f3digo individual no pop-up exibido e guarde-o para uso posterior. <\/li> <li><b>Entre usando o plugin Social Wall no site jQuery. <\/b><br> Integre o c\u00f3digo que voc\u00ea copiou anteriormente em sua p\u00e1gina e aplique os ajustes. <\/li> <li><b>Pronto! A configura\u00e7\u00e3o foi finalizada com sucesso. <\/b><br> Visite sua p\u00e1gina web para dar uma olhada no trabalho do widget. <\/li><\/ol> <p>Caso voc\u00ea desafie algum obst\u00e1culo, n\u00e3o hesite em escrever para nossa equipe de suporte. Nossos consultores ter\u00e3o prazer em ajud\u00e1-lo com todas as dificuldades que voc\u00ea possa ter com o produto. <\/p> <\/div>","protected":false},"excerpt":{"rendered":"","protected":false},"author":9,"featured_media":0,"parent":462,"menu_order":0,"comment_status":"closed","ping_status":"closed","template":"templates\/template-application-platform.php","meta":{"publish_to_discourse":"","publish_post_category":"","wpdc_auto_publish_overridden":"","wpdc_topic_tags":"","wpdc_pin_topic":"","wpdc_pin_until":"","discourse_post_id":"","discourse_permalink":"","wpdc_publishing_response":"","wpdc_publishing_error":"","footnotes":""},"class_list":["post-4657","page","type-page","status-publish","hentry"],"yoast_head":"<!-- This site is optimized with the Yoast SEO plugin v25.3.1 - https:\/\/yoast.com\/wordpress\/plugins\/seo\/ -->\n<title>Adicione o plugin Social Wall ao site jQuery (r\u00e1pido e gratuito)<\/title>\n<meta name=\"description\" content=\"Integre um plugin jQuery Social Feed f\u00e1cil de usar em seu site jQuery. Experimente a demonstra\u00e7\u00e3o pr\u00e1tica da Elfsight e crie seu elegante plugin Social Wall]\" \/>\n<meta name=\"robots\" content=\"index, follow, max-snippet:-1, max-image-preview:large, max-video-preview:-1\" \/>\n<link rel=\"canonical\" href=\"https:\/\/elfsight.com\/pt\/social-feed-widget\/jquery\/\" \/>\n<meta property=\"og:locale\" content=\"pt_PT\" \/>\n<meta property=\"og:type\" content=\"article\" \/>\n<meta property=\"og:title\" content=\"Adicione o plugin Social Wall ao site jQuery (r\u00e1pido e gratuito)\" \/>\n<meta property=\"og:description\" content=\"Integre um plugin jQuery Social Feed f\u00e1cil de usar em seu site jQuery. Experimente a demonstra\u00e7\u00e3o pr\u00e1tica da Elfsight e crie seu elegante plugin Social Wall]\" \/>\n<meta property=\"og:url\" content=\"https:\/\/elfsight.com\/pt\/social-feed-widget\/jquery\/\" \/>\n<meta property=\"og:site_name\" content=\"Elfsight PT\" \/>\n<meta property=\"article:modified_time\" content=\"2024-11-13T11:20:23+00:00\" \/>\n<meta name=\"twitter:card\" content=\"summary_large_image\" \/>\n<meta name=\"twitter:label1\" content=\"Tempo estimado de leitura\" \/>\n\t<meta name=\"twitter:data1\" content=\"2 minutos\" \/>\n<!-- \/ Yoast SEO plugin. -->","yoast_head_json":{"title":"Adicione o plugin Social Wall ao site jQuery (r\u00e1pido e gratuito)","description":"Integre um plugin jQuery Social Feed f\u00e1cil de usar em seu site jQuery. Experimente a demonstra\u00e7\u00e3o pr\u00e1tica da Elfsight e crie seu elegante plugin Social Wall]","robots":{"index":"index","follow":"follow","max-snippet":"max-snippet:-1","max-image-preview":"max-image-preview:large","max-video-preview":"max-video-preview:-1"},"canonical":"https:\/\/elfsight.com\/pt\/social-feed-widget\/jquery\/","og_locale":"pt_PT","og_type":"article","og_title":"Adicione o plugin Social Wall ao site jQuery (r\u00e1pido e gratuito)","og_description":"Integre um plugin jQuery Social Feed f\u00e1cil de usar em seu site jQuery. Experimente a demonstra\u00e7\u00e3o pr\u00e1tica da Elfsight e crie seu elegante plugin Social Wall]","og_url":"https:\/\/elfsight.com\/pt\/social-feed-widget\/jquery\/","og_site_name":"Elfsight PT","article_modified_time":"2024-11-13T11:20:23+00:00","twitter_card":"summary_large_image","twitter_misc":{"Tempo estimado de leitura":"2 minutos"},"schema":{"@context":"https:\/\/schema.org","@graph":[{"@type":"WebPage","@id":"https:\/\/elfsight.com\/pt\/social-feed-widget\/jquery\/","url":"https:\/\/elfsight.com\/pt\/social-feed-widget\/jquery\/","name":"Adicione o plugin Social Wall ao site jQuery (r\u00e1pido e gratuito)","isPartOf":{"@id":"https:\/\/elfsight.com\/pt\/#website"},"datePublished":"2024-05-03T06:48:00+00:00","dateModified":"2024-11-13T11:20:23+00:00","description":"Integre um plugin jQuery Social Feed f\u00e1cil de usar em seu site jQuery. Experimente a demonstra\u00e7\u00e3o pr\u00e1tica da Elfsight e crie seu elegante plugin Social Wall]","breadcrumb":{"@id":"https:\/\/elfsight.com\/pt\/social-feed-widget\/jquery\/#breadcrumb"},"inLanguage":"pt-PT","potentialAction":[{"@type":"ReadAction","target":["https:\/\/elfsight.com\/pt\/social-feed-widget\/jquery\/"]}]},{"@type":"BreadcrumbList","@id":"https:\/\/elfsight.com\/pt\/social-feed-widget\/jquery\/#breadcrumb","itemListElement":[{"@type":"ListItem","position":1,"name":"Home","item":"https:\/\/elfsight.com\/pt\/"},{"@type":"ListItem","position":2,"name":"Social Feed","item":"https:\/\/elfsight.com\/pt\/social-feed-widget\/"},{"@type":"ListItem","position":3,"name":"Social Feed &#8211; jQuery"}]},{"@type":"WebSite","@id":"https:\/\/elfsight.com\/pt\/#website","url":"https:\/\/elfsight.com\/pt\/","name":"Elfsight PT","description":"Just another Elfsight Sites site","potentialAction":[{"@type":"SearchAction","target":{"@type":"EntryPoint","urlTemplate":"https:\/\/elfsight.com\/pt\/?s={search_term_string}"},"query-input":{"@type":"PropertyValueSpecification","valueRequired":true,"valueName":"search_term_string"}}],"inLanguage":"pt-PT"}]}},"meta_box":{"industry":"","seo_heading":"","heading":"","description":"","cta_heading":"","cta_description":"","application":"461","h1":"Plug-in de feed de m\u00eddia social jQuery","h1_caption":"Demonstre seu conte\u00fado em v\u00e1rias m\u00eddias sociais","application_category":[],"applications_title":"","applications_request_title":"","applications_request_button_text":"","hero_text":"","hero_video":"","hero_video_schema_markup":"","selling_points_title":"","selling_points_caption":"","selling_points":[],"selling_points_cta_text":"","features_title":"","features":"","ed_cta_examples_text":"","ed_cta_examples_hidden":"","ed_cta_demo_text":"","ed_cta_demo_hidden":"","why_caption":"","why_editor_title":"","why_editor_text":"","why_team_title":"","why_team_text":"","why_service_title":"","why_service_text":"","template_catalog_visible":"","template_catalog_title":"","template_catalog_text":"","template_catalog_categories_visible":"","demo_title":"Crie seu plugin de feed social","demo_caption":"Configure seu Social Feed e adicione-o ao seu site jQuery gratuitamente!","default_faq_hidden":"","app_template_category":[],"platform":"55","template_public_id":"","codecanyon_url":"","codecanyon_item_id":"","codecanyon_price":"","pricing_caption":"","pricing_elfsight_apps_hide_column":"","pricing_elfsight_apps_url":"","pricing_codecanyon_price_caption":"","integration_category":[],"integration_request_title":"","integration_request_cta":"","integration_platform":"","integrations":[],"platform_category":[],"video_schema_markup":"","price":"a partir de US$ 0\/m\u00eas","trial":"","benefits":[{"text":"Assist\u00eancia de instala\u00e7\u00e3o gratuita"},{"text":"Suporte premium"},{"text":"Garantia de reembolso de 14 dias"},{"text":"Melhorias gratuitas cont\u00ednuas"}],"button_url":"#demo","button_target_blank":"0","button_nofollow":"0","attributes":[{"name":"Instala\u00e7\u00f5es","content":"100,000 - 500,000","_state":"expanded"},{"name":"Responsivo","content":"Sim","_state":"expanded"},{"name":"Navegadores compat\u00edveis","content":"Firefox, Safari, Opera, Edge"}],"tags":[],"tags_disable_links":"0","hide_more_platforms":"","video_object":"","demo_hide_cta":"0","demo_hide_cloud_options":"0","pricing_title":"","pricing":[{"pricing_icon":"platform","pricing_title":"Elfsight Apps","pricing_title_caption":"Vers\u00e3o multiplataforma","pricing_price":"a partir de US$ 0\/m\u00eas","pricing_price_caption":"comece com um plano gratuito","pricing_benefits":[{"text":"Dom\u00ednios ilimitados"},{"text":"Suporte premium para empresas"},{"text":"Suporte premium para empresas"},{"text":"Oferta por tempo limitado para v\u00e1rios aplicativos"}],"pricing_button_text":"Adicionar ao site","pricing_button_url":"#demo","_state":"expanded"}],"related_apps_title":"","related_apps_hidden":"1","author":"","image":[],"title":"","job":"","social_networks":[]},"_links":{"self":[{"href":"https:\/\/elfsight.com\/pt\/wp-json\/wp\/v2\/pages\/4657","targetHints":{"allow":["GET"]}}],"collection":[{"href":"https:\/\/elfsight.com\/pt\/wp-json\/wp\/v2\/pages"}],"about":[{"href":"https:\/\/elfsight.com\/pt\/wp-json\/wp\/v2\/types\/page"}],"author":[{"embeddable":true,"href":"https:\/\/elfsight.com\/pt\/wp-json\/wp\/v2\/users\/9"}],"replies":[{"embeddable":true,"href":"https:\/\/elfsight.com\/pt\/wp-json\/wp\/v2\/comments?post=4657"}],"version-history":[{"count":2,"href":"https:\/\/elfsight.com\/pt\/wp-json\/wp\/v2\/pages\/4657\/revisions"}],"predecessor-version":[{"id":12216,"href":"https:\/\/elfsight.com\/pt\/wp-json\/wp\/v2\/pages\/4657\/revisions\/12216"}],"up":[{"embeddable":true,"href":"https:\/\/elfsight.com\/pt\/wp-json\/wp\/v2\/pages\/462"}],"wp:attachment":[{"href":"https:\/\/elfsight.com\/pt\/wp-json\/wp\/v2\/media?parent=4657"}],"curies":[{"name":"wp","href":"https:\/\/api.w.org\/{rel}","templated":true}]}}