{"id":4656,"date":"1970-01-01T00:00:00","date_gmt":"1970-01-01T00:00:00","guid":{"rendered":"https:\/\/elfsight.com\/pt\/?page_id=4656"},"modified":"2024-11-13T12:13:21","modified_gmt":"2024-11-13T12:13:21","slug":"jquery","status":"publish","type":"page","link":"https:\/\/elfsight.com\/pt\/social-media-share-buttons\/jquery\/","title":{"rendered":"Social Share Buttons &#8211; jQuery"},"content":{"rendered":"<div class=\"application-platform-content-item-description application-platform-content-item\" id=\"description\" data-nav-section=\"description\"><h2>Descri\u00e7\u00e3o<\/h2><p>Um plugin de compartilhamento simples para todos os sites, que permite que seus visitantes repostem conte\u00fado em diversas m\u00eddias sociais. Desenvolva a presen\u00e7a da sua empresa nas redes sociais e conquiste mais seguidores e f\u00e3s com a ajuda de conte\u00fado de alta qualidade em seu site.<\/p><p><b>Encontre mais visualiza\u00e7\u00f5es e seguidores nas redes sociais!<\/b><\/p><ul><li><b>M\u00e1xima divulga\u00e7\u00e3o de conte\u00fado e itens nas redes sociais<\/b>.<br>Gra\u00e7as ao design e \u00e0s fun\u00e7\u00f5es eficazes do plugin, com apenas um clique, seu conte\u00fado adquirir\u00e1 uma forte promo\u00e7\u00e3o em todas as redes sociais. redes sem muito esfor\u00e7o.<\/li><li><b>Promova seu conte\u00fado envolvente para ter mais espectadores<\/b>.<br>D\u00ea a seus clientes a chance de promover conte\u00fado de alta qualidade sem esfor\u00e7o e imediatamente para um novo p\u00fablico.<\/li><li><b>Fortale\u00e7a a otimiza\u00e7\u00e3o SEO do site<\/b>.<br>Aumente os cliques no seu site com as redes sociais para desenvolver a aprova\u00e7\u00e3o social do seu site e melhorar os resultados da classifica\u00e7\u00e3o pelas ferramentas de pesquisa.<\/li><li><b>Dobrar o n\u00famero de leitores nas m\u00eddias sociais<\/b>.<br>Publicar postagens interessantes em seu site? Deixe que os pr\u00f3prios usu\u00e1rios os promovam compartilhando as publica\u00e7\u00f5es para seus leitores.<\/li><\/ul><\/div><div class=\"application-platform-content-item-features application-platform-content-item\" id=\"features\" data-nav-section=\"features\"><h2>Recursos<\/h2><p>O que torna nosso plugin o melhor melhor entre os bot\u00f5es de compartilhamento de m\u00eddia social jQuery? Explore nossos pontos principais:<\/p><ul><li>Mais de 40 redes sociais incorporadas;<\/li><li>2 layouts: Inline e Flutuante;<\/li><li>3 op\u00e7\u00f5es de formato de bot\u00e3o;<\/li><li>5 tipos de anima\u00e7\u00e3o dispon\u00edveis;<\/li><li>Suporte premium da equipe profissional.<\/li><\/ul><p><a href=\"#demo\">Outros recursos em um editor gratuito<\/a><\/p><\/div><div class=\"application-platform-content-item-installation application-platform-content-item\" id=\"installation\" data-nav-section=\"installation\"><h2>Como adicionar bot\u00f5es de compartilhamento social ao site jQuery<\/h2><p>Um plano r\u00e1pido para adicionar bot\u00f5es sem habilidades de programa\u00e7\u00e3o ou contrata\u00e7\u00e3o de um desenvolvedor profissional. Voc\u00ea precisar\u00e1 de 3 minutos para fazer o guia.<\/p><ol><li><b>Crie seus Social Buttons pessoais<\/b>.<br> Com a ajuda do nosso configurador gratuito, monte um plugin com a apar\u00eancia necess\u00e1ria , capacidades e layouts (inline ou flutuantes).<\/li><li><b>Adquira um c\u00f3digo para mostrar o plugin<\/b>.<br> Ap\u00f3s a cria\u00e7\u00e3o do widget, verifique uma notifica\u00e7\u00e3o pop-up nas aplica\u00e7\u00f5es Elfsight para um c\u00f3digo de instala\u00e7\u00e3o para seus bot\u00f5es de m\u00eddia social jQuery.<\/li><li><b>Revele o plug-in em seu site<\/b>.<br> Adicione o plug-in ao local necess\u00e1rio da p\u00e1gina e aplique as edi\u00e7\u00f5es.<\/li><li><b>Pronto!<\/b>.<br> Acesse seu site para ver o resultado do trabalho.<\/li><\/ol><p>Procurando suporte com colocando ou configurando os bot\u00f5es de compartilhamento? A equipa de suporte da Elfsight ter\u00e1 todo o prazer em ajudar e oferecer uma solu\u00e7\u00e3o! Voc\u00ea tamb\u00e9m pode resolver o problema lendo nosso artigo \u00ab<a href=\"https:\/\/elfsight.com\/tutorials\/how-to-add-social-share-buttons-to-jquery\/\" target=\"_blank\" rel=\"noopener noreferrer\">Como adicionar bot\u00f5es de compartilhamento no site jQuery<\/a>\u00bb.<\/p><\/div><div class=\"faq\" data-component=\"FAQ\"><div class=\"faq-item\">\r\n\t\t\t\t\t<div class=\"faq-item-question\">\r\n\t\t\t\t\t\t<h3 class=\"faq-item-question-text\">Existe uma maneira de adicionar bot\u00f5es de compartilhamento social ao meu site jQuery sem nenhuma experi\u00eancia de codifica\u00e7\u00e3o?<\/h3>\r\n\r\n\t\t\t\t\t\t<div class=\"faq-item-question-icon\"><\/div>\r\n\t\t\t\t\t<\/div>\r\n\r\n\t\t\t\t\t<div class=\"faq-item-answer\">\r\n\t\t\t\t\t\t<div class=\"faq-item-answer-text\"><p>A empresa Elfsight oferece uma solu\u00e7\u00e3o que permite que um p\u00fablico amplo gere voc\u00ea mesmo um widget de bot\u00f5es de compartilhamento social. Descubra as etapas simples: <\/p><ul><li>V\u00e1 para o editor on-line para gerar um aplicativo de bot\u00f5es de compartilhamento social que voc\u00ea gostaria de adicionar ao site jQuery.<\/li><li>Selecione um dos muitos modelos prontos e adapte as configura\u00e7\u00f5es dos bot\u00f5es de compartilhamento social, inclua seu conte\u00fado, altere o layout e as cores sem codifica\u00e7\u00e3o.<\/li><li>Clique para salvar os bot\u00f5es de compartilhamento social e obter o c\u00f3digo para instala\u00e7\u00e3o, que voc\u00ea pode simplesmente colar em qualquer site jQuery gratuitamente.<\/li><\/ul><p> Com o editor simples, cada usu\u00e1rio da Internet pode criar uma se\u00e7\u00e3o de bot\u00f5es de compartilhamento social e adicion\u00e1-la facilmente \u00e0 p\u00e1gina jQuery. Voc\u00ea n\u00e3o deve adquirir um plano pago ou inserir os dados do seu cart\u00e3o para entrar no Editor. Se voc\u00ea encontrar qualquer tipo de problema, n\u00e3o hesite em falar com nosso suporte ao cliente.<\/p><\/div>\r\n\t\t\t\t\t<\/div>\r\n\t\t\t\t<\/div><\/div>","protected":false},"excerpt":{"rendered":"","protected":false},"author":9,"featured_media":0,"parent":697,"menu_order":0,"comment_status":"closed","ping_status":"closed","template":"templates\/template-application-platform.php","meta":{"publish_to_discourse":"","publish_post_category":"","wpdc_auto_publish_overridden":"","wpdc_topic_tags":"","wpdc_pin_topic":"","wpdc_pin_until":"","discourse_post_id":"","discourse_permalink":"","wpdc_publishing_response":"","wpdc_publishing_error":"","footnotes":""},"class_list":["post-4656","page","type-page","status-publish","hentry"],"yoast_head":"<!-- This site is optimized with the Yoast SEO plugin v25.3.1 - https:\/\/yoast.com\/wordpress\/plugins\/seo\/ -->\n<title>Plug-in jQuery Social Share Buttons para site (f\u00e1cil e gratuito)<\/title>\n<meta name=\"description\" content=\"Coloque bot\u00f5es de compartilhamento social em seu site JQuery em apenas alguns minutos. Modelagem r\u00e1pida e simples de diversos plug-ins de sites pela Elfsight.\" \/>\n<meta name=\"robots\" content=\"index, follow, max-snippet:-1, max-image-preview:large, max-video-preview:-1\" \/>\n<link rel=\"canonical\" href=\"https:\/\/elfsight.com\/pt\/social-media-share-buttons\/jquery\/\" \/>\n<meta property=\"og:locale\" content=\"pt_PT\" \/>\n<meta property=\"og:type\" content=\"article\" \/>\n<meta property=\"og:title\" content=\"Plug-in jQuery Social Share Buttons para site (f\u00e1cil e gratuito)\" \/>\n<meta property=\"og:description\" content=\"Coloque bot\u00f5es de compartilhamento social em seu site JQuery em apenas alguns minutos. Modelagem r\u00e1pida e simples de diversos plug-ins de sites pela Elfsight.\" \/>\n<meta property=\"og:url\" content=\"https:\/\/elfsight.com\/pt\/social-media-share-buttons\/jquery\/\" \/>\n<meta property=\"og:site_name\" content=\"Elfsight PT\" \/>\n<meta property=\"article:modified_time\" content=\"2024-11-13T12:13:21+00:00\" \/>\n<meta name=\"twitter:card\" content=\"summary_large_image\" \/>\n<meta name=\"twitter:label1\" content=\"Tempo estimado de leitura\" \/>\n\t<meta name=\"twitter:data1\" content=\"2 minutos\" \/>\n<!-- \/ Yoast SEO plugin. -->","yoast_head_json":{"title":"Plug-in jQuery Social Share Buttons para site (f\u00e1cil e gratuito)","description":"Coloque bot\u00f5es de compartilhamento social em seu site JQuery em apenas alguns minutos. Modelagem r\u00e1pida e simples de diversos plug-ins de sites pela Elfsight.","robots":{"index":"index","follow":"follow","max-snippet":"max-snippet:-1","max-image-preview":"max-image-preview:large","max-video-preview":"max-video-preview:-1"},"canonical":"https:\/\/elfsight.com\/pt\/social-media-share-buttons\/jquery\/","og_locale":"pt_PT","og_type":"article","og_title":"Plug-in jQuery Social Share Buttons para site (f\u00e1cil e gratuito)","og_description":"Coloque bot\u00f5es de compartilhamento social em seu site JQuery em apenas alguns minutos. Modelagem r\u00e1pida e simples de diversos plug-ins de sites pela Elfsight.","og_url":"https:\/\/elfsight.com\/pt\/social-media-share-buttons\/jquery\/","og_site_name":"Elfsight PT","article_modified_time":"2024-11-13T12:13:21+00:00","twitter_card":"summary_large_image","twitter_misc":{"Tempo estimado de leitura":"2 minutos"},"schema":{"@context":"https:\/\/schema.org","@graph":[{"@type":"WebPage","@id":"https:\/\/elfsight.com\/pt\/social-media-share-buttons\/jquery\/","url":"https:\/\/elfsight.com\/pt\/social-media-share-buttons\/jquery\/","name":"Plug-in jQuery Social Share Buttons para site (f\u00e1cil e gratuito)","isPartOf":{"@id":"https:\/\/elfsight.com\/pt\/#website"},"datePublished":"1970-01-01T00:00:00+00:00","dateModified":"2024-11-13T12:13:21+00:00","description":"Coloque bot\u00f5es de compartilhamento social em seu site JQuery em apenas alguns minutos. Modelagem r\u00e1pida e simples de diversos plug-ins de sites pela Elfsight.","breadcrumb":{"@id":"https:\/\/elfsight.com\/pt\/social-media-share-buttons\/jquery\/#breadcrumb"},"inLanguage":"pt-PT","potentialAction":[{"@type":"ReadAction","target":["https:\/\/elfsight.com\/pt\/social-media-share-buttons\/jquery\/"]}]},{"@type":"BreadcrumbList","@id":"https:\/\/elfsight.com\/pt\/social-media-share-buttons\/jquery\/#breadcrumb","itemListElement":[{"@type":"ListItem","position":1,"name":"Home","item":"https:\/\/elfsight.com\/pt\/"},{"@type":"ListItem","position":2,"name":"Social Share Buttons","item":"https:\/\/elfsight.com\/pt\/social-media-share-buttons\/"},{"@type":"ListItem","position":3,"name":"Social Share Buttons &#8211; jQuery"}]},{"@type":"WebSite","@id":"https:\/\/elfsight.com\/pt\/#website","url":"https:\/\/elfsight.com\/pt\/","name":"Elfsight PT","description":"Just another Elfsight Sites site","potentialAction":[{"@type":"SearchAction","target":{"@type":"EntryPoint","urlTemplate":"https:\/\/elfsight.com\/pt\/?s={search_term_string}"},"query-input":{"@type":"PropertyValueSpecification","valueRequired":true,"valueName":"search_term_string"}}],"inLanguage":"pt-PT"}]}},"meta_box":{"industry":"","seo_heading":"","heading":"","description":"","cta_heading":"","cta_description":"","application":"1383","h1":"Plug-in de bot\u00f5es de compartilhamento social jQuery","h1_caption":"Aumente o tr\u00e1fego em seu site e maximize a cobertura de clientes usando m\u00eddias populares","application_category":[],"applications_title":"","applications_request_title":"","applications_request_button_text":"","hero_text":"","hero_video":"","hero_video_schema_markup":"","selling_points_title":"","selling_points_caption":"","selling_points":[],"selling_points_cta_text":"","features_title":"","features":"","ed_cta_examples_text":"","ed_cta_examples_hidden":"","ed_cta_demo_text":"","ed_cta_demo_hidden":"","why_caption":"","why_editor_title":"","why_editor_text":"","why_team_title":"","why_team_text":"","why_service_title":"","why_service_text":"","template_catalog_visible":"","template_catalog_title":"","template_catalog_text":"","template_catalog_categories_visible":"","demo_title":"Crie seu plugin de bot\u00f5es de compartilhamento social","demo_caption":"Configure seus bot\u00f5es de compartilhamento social e adicione-os ao seu site jQuery gratuitamente!","default_faq_hidden":"","app_template_category":[],"platform":"55","template_public_id":"","codecanyon_url":"","codecanyon_item_id":"","codecanyon_price":"","pricing_caption":"","pricing_elfsight_apps_hide_column":"","pricing_elfsight_apps_url":"","pricing_codecanyon_price_caption":"","integration_category":[],"integration_request_title":"","integration_request_cta":"","integration_platform":"","integrations":[],"platform_category":[],"video_schema_markup":"","price":"a partir de US$ 0\/m\u00eas","trial":"","benefits":[{"text":"Servi\u00e7o de instala\u00e7\u00e3o gratuito"},{"text":"Atendimento ao cliente eficaz"},{"text":"Garantia de reembolso de 14 dias"},{"text":"Melhorias regulares"}],"button_url":"#demo","button_target_blank":"0","button_nofollow":"0","attributes":[{"name":"Instala\u00e7\u00f5es","content":"10,000 - 100,000","_state":"expanded"},{"name":"Responsivo","content":"Sim","_state":"expanded"},{"name":"Navegadores compat\u00edveis","content":"Firefox, Safari, Opera, Chrome, Edge"}],"tags":[],"tags_disable_links":"0","hide_more_platforms":"","video_object":"","demo_hide_cta":"0","demo_hide_cloud_options":"0","pricing_title":"","pricing":[{"pricing_icon":"platform","pricing_title":"jQuery plugin","pricing_title_caption":"Solu\u00e7\u00e3o digital multiplataforma que funciona em qualquer site","pricing_price":"a partir de US$ 0\/m\u00eas","pricing_price_caption":"comece com um plano gratuito","pricing_benefits":[{"text":"Sites ilimitados"},{"text":"Suporte dedicado e bem documentado"},{"text":"Suporte dedicado e bem documentado"},{"text":"Design flex\u00edvel"}],"pricing_button_text":"Adicionar ao site","pricing_button_url":"#demo","_state":"expanded"}],"related_apps_title":"","related_apps_hidden":"1","author":"","image":[],"title":"","job":"","social_networks":[]},"_links":{"self":[{"href":"https:\/\/elfsight.com\/pt\/wp-json\/wp\/v2\/pages\/4656","targetHints":{"allow":["GET"]}}],"collection":[{"href":"https:\/\/elfsight.com\/pt\/wp-json\/wp\/v2\/pages"}],"about":[{"href":"https:\/\/elfsight.com\/pt\/wp-json\/wp\/v2\/types\/page"}],"author":[{"embeddable":true,"href":"https:\/\/elfsight.com\/pt\/wp-json\/wp\/v2\/users\/9"}],"replies":[{"embeddable":true,"href":"https:\/\/elfsight.com\/pt\/wp-json\/wp\/v2\/comments?post=4656"}],"version-history":[{"count":2,"href":"https:\/\/elfsight.com\/pt\/wp-json\/wp\/v2\/pages\/4656\/revisions"}],"predecessor-version":[{"id":12243,"href":"https:\/\/elfsight.com\/pt\/wp-json\/wp\/v2\/pages\/4656\/revisions\/12243"}],"up":[{"embeddable":true,"href":"https:\/\/elfsight.com\/pt\/wp-json\/wp\/v2\/pages\/697"}],"wp:attachment":[{"href":"https:\/\/elfsight.com\/pt\/wp-json\/wp\/v2\/media?parent=4656"}],"curies":[{"name":"wp","href":"https:\/\/api.w.org\/{rel}","templated":true}]}}