{"id":4648,"date":"1970-01-01T00:00:00","date_gmt":"1970-01-01T00:00:00","guid":{"rendered":"https:\/\/elfsight.com\/pt\/?page_id=4648"},"modified":"2024-11-13T12:14:36","modified_gmt":"2024-11-13T12:14:36","slug":"joomla","status":"publish","type":"page","link":"https:\/\/elfsight.com\/pt\/social-media-share-buttons\/joomla\/","title":{"rendered":"Social Share Buttons &#8211; Joomla"},"content":{"rendered":"<div class=\"application-platform-content-item-description application-platform-content-item\" id=\"description\" data-nav-section=\"description\"><h2>Descri\u00e7\u00e3o<\/h2><p>Uma extens\u00e3o de compartilhamento conveniente para qualquer site, que permitir\u00e1 que seus usu\u00e1rios repostem artigos em qualquer rede social. Comece a anunciar sua marca nas redes sociais e alcance ainda mais seguidores e leitores com publica\u00e7\u00f5es eficazes em sites pessoais.<\/p><p><b>Obtenha mais tr\u00e1fego e assinantes nas redes sociais!<\/b><\/p><ul><li><b>M\u00e1xima promo\u00e7\u00e3o de publica\u00e7\u00f5es e itens nas redes sociais<\/b>.<br>Com uma interface e fun\u00e7\u00f5es pr\u00e1ticas, em apenas um clique, seu conte\u00fado ter\u00e1 uma promo\u00e7\u00e3o poderosa em todas as redes sociais sem limites. <\/li><li><b>Promova conte\u00fado envolvente para espectadores mais amplos<\/b>.<br>Ofere\u00e7a aos seus usu\u00e1rios uma maneira de compartilhar o conte\u00fado aprovado de maneira f\u00e1cil e imediata para aumentar o p\u00fablico.<\/li><li> <b>Melhore o tr\u00e1fego em seu site<\/b>.<br>Traga novos visitantes para seu site, sendo ativos nas m\u00eddias sociais, e aumente sua taxa de cliques.<\/li><li><b>Aumente o n\u00famero de assinantes. em plataformas sociais<\/b>.<br>Publica conte\u00fado de alta qualidade? Deixe que os pr\u00f3prios leitores o promovam, compartilhando facilmente publica\u00e7\u00f5es para seus amigos e seguidores.<\/li><\/ul><\/div><div class=\"application-platform-content-item-features application-platform-content-item\" id=\"features\" data-nav-section=\"features\"><h2>Recursos<\/h2><p>O que torna nossos bot\u00f5es o melhor entre as extens\u00f5es de compartilhamento do Joomla? Verifique seus pontos principais:<\/p><ul><li>Coloque um n\u00famero ilimitado de bot\u00f5es;<\/li><li>Tamanho da medianiz ajust\u00e1vel;<\/li><li>Defina os elementos dos bot\u00f5es a serem mostrados;<\/li> <li>4 estilos de bot\u00e3o predefinidos;<\/li><li>Servi\u00e7o de instala\u00e7\u00e3o gratuito.<\/li><\/ul><p><a href=\"#demo\">Mais caracter\u00edsticas est\u00e3o em um editor gratuito<\/a> <\/p><\/div><div class=\"application-platform-content-item-installation application-platform-content-item\" id=\"installation\" data-nav-section=\"installation\"><h2>Como adicionar bot\u00f5es de compartilhamento ao Joomla<\/h2><div class=\"video-container\"><iframe width=\"720\" height=\"405\" src=\"https:\/\/www.youtube.com\/embed\/Qm0jSaxlb5g\" frameborder=\"0\" allowfullscreen=\"\"><\/iframe><\/div><p>Basta seguir v\u00e1rias etapas descritas abaixo para ativar a ferramenta no Joomla.<\/p> <ol><li><b>Inicie nosso editor gratuito e comece a criar sua extens\u00e3o personalizada de bot\u00f5es de compartilhamento social. <\/b><br> Encontre a interface personalizada e as caracter\u00edsticas da extens\u00e3o e aplique as corre\u00e7\u00f5es. <\/li> <li><b>Obtenha seu c\u00f3digo pessoal mostrado na janela dos aplicativos Elfsight. <\/b><br> Ap\u00f3s a cria\u00e7\u00e3o da sua ferramenta, copie o c\u00f3digo exclusivo na janela que aparece e salve-o para uso posterior. <\/li> <li><b>Comece a usar a extens\u00e3o em seu site Joomla. <\/b><br> Incorpore o c\u00f3digo que voc\u00ea salvou anteriormente em seu site e aplique as edi\u00e7\u00f5es. <\/li> <li><b>A configura\u00e7\u00e3o foi totalmente conclu\u00edda. <\/b><br> Acesse sua p\u00e1gina para verificar o funcionamento da extens\u00e3o. <\/li><\/ol><p>Precisa de ajuda para adicionar ou criar a extens\u00e3o? A equipa da Elfsight estar\u00e1 aqui para apoiar e propor uma solu\u00e7\u00e3o! Voc\u00ea tamb\u00e9m pode tentar lidar com a consulta lendo nosso tutorial completo \u00ab<a href=\"https:\/\/elfsight.com\/tutorials\/how-to-add-social-share-buttons-to-joomla-website\/\" target=\"_blank\" rel=\"noopener noreferrer\">Como colocar bot\u00f5es de compartilhamento no site Joomla<\/a>\u00bb.<\/p><\/div><div class=\"faq\" data-component=\"FAQ\"><div class=\"faq-item\">\r\n\t\t\t\t\t<div class=\"faq-item-question\">\r\n\t\t\t\t\t\t<h3 class=\"faq-item-question-text\">Existe uma op\u00e7\u00e3o para incorporar bot\u00f5es de compartilhamento social no meu site Joomla sem nenhum conhecimento de codifica\u00e7\u00e3o?<\/h3>\r\n\r\n\t\t\t\t\t\t<div class=\"faq-item-question-icon\"><\/div>\r\n\t\t\t\t\t<\/div>\r\n\r\n\t\t\t\t\t<div class=\"faq-item-answer\">\r\n\t\t\t\t\t\t<div class=\"faq-item-answer-text\"><p>A empresa Elfsight oferece uma solu\u00e7\u00e3o em nuvem que permite que voc\u00ea mesmo gere um widget de bot\u00f5es de compartilhamento social, veja as etapas f\u00e1ceis: <\/p> <ul><li>Trabalhe na demonstra\u00e7\u00e3o on-line para criar uma se\u00e7\u00e3o de bot\u00f5es de compartilhamento social que voc\u00ea gostaria que aparecesse em seu site Joomla.<\/li><li>Escolha um dos modelos prontos e adapte as configura\u00e7\u00f5es dos bot\u00f5es de compartilhamento social, atualize seu conte\u00fado, altere o layout e a cor dos elementos sem nenhum conhecimento de codifica\u00e7\u00e3o.<\/li><li>Clique para salvar os bot\u00f5es de compartilhamento social e obter o c\u00f3digo do widget para instala\u00e7\u00e3o, que voc\u00ea pode incorporar prontamente em sua p\u00e1gina inicial do Joomla gratuitamente .<\/li><\/ul><p>Trabalhando em nosso configurador f\u00e1cil de usar, qualquer usu\u00e1rio da web pode gerar bot\u00f5es de compartilhamento social on-line e inclu\u00ed-los em qualquer p\u00e1gina inicial do Joomla. N\u00e3o \u00e9 necess\u00e1rio pagar ou enviar as credenciais do seu cart\u00e3o para aceder ao servi\u00e7o Elfsight. Se voc\u00ea encontrar qualquer tipo de problema, n\u00e3o hesite em entrar em contato com nosso suporte ao cliente.<\/p><\/div>\r\n\t\t\t\t\t<\/div>\r\n\t\t\t\t<\/div><\/div>","protected":false},"excerpt":{"rendered":"","protected":false},"author":9,"featured_media":0,"parent":697,"menu_order":0,"comment_status":"closed","ping_status":"closed","template":"templates\/template-application-platform.php","meta":{"publish_to_discourse":"","publish_post_category":"","wpdc_auto_publish_overridden":"","wpdc_topic_tags":"","wpdc_pin_topic":"","wpdc_pin_until":"","discourse_post_id":"","discourse_permalink":"","wpdc_publishing_response":"","wpdc_publishing_error":"","footnotes":""},"class_list":["post-4648","page","type-page","status-publish","hentry"],"yoast_head":"<!-- This site is optimized with the Yoast SEO plugin v25.3.1 - https:\/\/yoast.com\/wordpress\/plugins\/seo\/ -->\n<title>Bot\u00f5es de compartilhamento social \u2013 Adicione bot\u00f5es de compartilhamento ao site Joomla<\/title>\n<meta name=\"description\" content=\"Exiba bot\u00f5es de compartilhamento social em seu site Joomla em apenas alguns minutos. Cria\u00e7\u00e3o r\u00e1pida e simples de qualquer extens\u00e3o de site pela Elfsight.\" \/>\n<meta name=\"robots\" content=\"index, follow, max-snippet:-1, max-image-preview:large, max-video-preview:-1\" \/>\n<link rel=\"canonical\" href=\"https:\/\/elfsight.com\/pt\/social-media-share-buttons\/joomla\/\" \/>\n<meta property=\"og:locale\" content=\"pt_PT\" \/>\n<meta property=\"og:type\" content=\"article\" \/>\n<meta property=\"og:title\" content=\"Bot\u00f5es de compartilhamento social \u2013 Adicione bot\u00f5es de compartilhamento ao site Joomla\" \/>\n<meta property=\"og:description\" content=\"Exiba bot\u00f5es de compartilhamento social em seu site Joomla em apenas alguns minutos. Cria\u00e7\u00e3o r\u00e1pida e simples de qualquer extens\u00e3o de site pela Elfsight.\" \/>\n<meta property=\"og:url\" content=\"https:\/\/elfsight.com\/pt\/social-media-share-buttons\/joomla\/\" \/>\n<meta property=\"og:site_name\" content=\"Elfsight PT\" \/>\n<meta property=\"article:modified_time\" content=\"2024-11-13T12:14:36+00:00\" \/>\n<meta name=\"twitter:card\" content=\"summary_large_image\" \/>\n<meta name=\"twitter:label1\" content=\"Tempo estimado de leitura\" \/>\n\t<meta name=\"twitter:data1\" content=\"2 minutos\" \/>\n<!-- \/ Yoast SEO plugin. -->","yoast_head_json":{"title":"Bot\u00f5es de compartilhamento social \u2013 Adicione bot\u00f5es de compartilhamento ao site Joomla","description":"Exiba bot\u00f5es de compartilhamento social em seu site Joomla em apenas alguns minutos. Cria\u00e7\u00e3o r\u00e1pida e simples de qualquer extens\u00e3o de site pela Elfsight.","robots":{"index":"index","follow":"follow","max-snippet":"max-snippet:-1","max-image-preview":"max-image-preview:large","max-video-preview":"max-video-preview:-1"},"canonical":"https:\/\/elfsight.com\/pt\/social-media-share-buttons\/joomla\/","og_locale":"pt_PT","og_type":"article","og_title":"Bot\u00f5es de compartilhamento social \u2013 Adicione bot\u00f5es de compartilhamento ao site Joomla","og_description":"Exiba bot\u00f5es de compartilhamento social em seu site Joomla em apenas alguns minutos. Cria\u00e7\u00e3o r\u00e1pida e simples de qualquer extens\u00e3o de site pela Elfsight.","og_url":"https:\/\/elfsight.com\/pt\/social-media-share-buttons\/joomla\/","og_site_name":"Elfsight PT","article_modified_time":"2024-11-13T12:14:36+00:00","twitter_card":"summary_large_image","twitter_misc":{"Tempo estimado de leitura":"2 minutos"},"schema":{"@context":"https:\/\/schema.org","@graph":[{"@type":"WebPage","@id":"https:\/\/elfsight.com\/pt\/social-media-share-buttons\/joomla\/","url":"https:\/\/elfsight.com\/pt\/social-media-share-buttons\/joomla\/","name":"Bot\u00f5es de compartilhamento social \u2013 Adicione bot\u00f5es de compartilhamento ao site Joomla","isPartOf":{"@id":"https:\/\/elfsight.com\/pt\/#website"},"datePublished":"1970-01-01T00:00:00+00:00","dateModified":"2024-11-13T12:14:36+00:00","description":"Exiba bot\u00f5es de compartilhamento social em seu site Joomla em apenas alguns minutos. Cria\u00e7\u00e3o r\u00e1pida e simples de qualquer extens\u00e3o de site pela Elfsight.","breadcrumb":{"@id":"https:\/\/elfsight.com\/pt\/social-media-share-buttons\/joomla\/#breadcrumb"},"inLanguage":"pt-PT","potentialAction":[{"@type":"ReadAction","target":["https:\/\/elfsight.com\/pt\/social-media-share-buttons\/joomla\/"]}]},{"@type":"BreadcrumbList","@id":"https:\/\/elfsight.com\/pt\/social-media-share-buttons\/joomla\/#breadcrumb","itemListElement":[{"@type":"ListItem","position":1,"name":"Home","item":"https:\/\/elfsight.com\/pt\/"},{"@type":"ListItem","position":2,"name":"Social Share Buttons","item":"https:\/\/elfsight.com\/pt\/social-media-share-buttons\/"},{"@type":"ListItem","position":3,"name":"Social Share Buttons &#8211; Joomla"}]},{"@type":"WebSite","@id":"https:\/\/elfsight.com\/pt\/#website","url":"https:\/\/elfsight.com\/pt\/","name":"Elfsight PT","description":"Just another Elfsight Sites site","potentialAction":[{"@type":"SearchAction","target":{"@type":"EntryPoint","urlTemplate":"https:\/\/elfsight.com\/pt\/?s={search_term_string}"},"query-input":{"@type":"PropertyValueSpecification","valueRequired":true,"valueName":"search_term_string"}}],"inLanguage":"pt-PT"}]}},"meta_box":{"industry":"","seo_heading":"","heading":"","description":"","cta_heading":"","cta_description":"","application":"1383","h1":"Bot\u00f5es de compartilhamento social para Joomla","h1_caption":"Maneira n\u00ba 1 de colocar uma extens\u00e3o de compartilhamento em seu site","application_category":[],"applications_title":"","applications_request_title":"","applications_request_button_text":"","hero_text":"","hero_video":"","hero_video_schema_markup":"","selling_points_title":"","selling_points_caption":"","selling_points":[],"selling_points_cta_text":"","features_title":"","features":"","ed_cta_examples_text":"","ed_cta_examples_hidden":"","ed_cta_demo_text":"","ed_cta_demo_hidden":"","why_caption":"","why_editor_title":"","why_editor_text":"","why_team_title":"","why_team_text":"","why_service_title":"","why_service_text":"","template_catalog_visible":"","template_catalog_title":"","template_catalog_text":"","template_catalog_categories_visible":"","demo_title":"Crie seu plugin de bot\u00f5es de compartilhamento social","demo_caption":"Configure seus bot\u00f5es de compartilhamento social e adicione-os ao seu site Joomla gratuitamente!","default_faq_hidden":"","app_template_category":[],"platform":"52","template_public_id":"","codecanyon_url":"","codecanyon_item_id":"","codecanyon_price":"","pricing_caption":"","pricing_elfsight_apps_hide_column":"","pricing_elfsight_apps_url":"","pricing_codecanyon_price_caption":"","integration_category":[],"integration_request_title":"","integration_request_cta":"","integration_platform":"","integrations":[],"platform_category":[],"video_schema_markup":"","price":"a partir de US$ 0\/m\u00eas","trial":"","benefits":[{"text":"Assist\u00eancia de instala\u00e7\u00e3o gratuita"},{"text":"Suporte ao cliente experiente"},{"text":"Garantia de reembolso de 14 dias"},{"text":"Atualizando constantemente"}],"button_url":"#demo","button_target_blank":"0","button_nofollow":"0","attributes":[{"name":"Instala\u00e7\u00f5es","content":"10,000 - 100,000","_state":"expanded"},{"name":"Responsivo","content":"Sim","_state":"expanded"},{"name":"Navegadores compat\u00edveis","content":"Firefox, Safari, Opera, Chrome, Edge"}],"tags":[],"tags_disable_links":"0","hide_more_platforms":"","video_object":"","demo_hide_cta":"0","demo_hide_cloud_options":"0","pricing_title":"","pricing":[{"pricing_icon":"cloud","pricing_title":"Elfsight Apps","pricing_title_caption":"Vers\u00e3o independente de plataforma adequada para qualquer site","pricing_price":"a partir de US$ 0\/m\u00eas","pricing_price_caption":"comece com plano gratuito","pricing_benefits":[{"text":"Sites ilimitados"},{"text":"Suporte dedicado \u00e0 empresa"},{"text":"Suporte dedicado \u00e0 empresa"},{"text":"Oferta por tempo limitado para v\u00e1rios aplicativos"}],"pricing_button_text":"Adicionar ao site","pricing_button_url":"#demo","_state":"expanded"}],"related_apps_title":"","related_apps_hidden":"1","author":"","image":[],"title":"","job":"","social_networks":[]},"_links":{"self":[{"href":"https:\/\/elfsight.com\/pt\/wp-json\/wp\/v2\/pages\/4648","targetHints":{"allow":["GET"]}}],"collection":[{"href":"https:\/\/elfsight.com\/pt\/wp-json\/wp\/v2\/pages"}],"about":[{"href":"https:\/\/elfsight.com\/pt\/wp-json\/wp\/v2\/types\/page"}],"author":[{"embeddable":true,"href":"https:\/\/elfsight.com\/pt\/wp-json\/wp\/v2\/users\/9"}],"replies":[{"embeddable":true,"href":"https:\/\/elfsight.com\/pt\/wp-json\/wp\/v2\/comments?post=4648"}],"version-history":[{"count":2,"href":"https:\/\/elfsight.com\/pt\/wp-json\/wp\/v2\/pages\/4648\/revisions"}],"predecessor-version":[{"id":12251,"href":"https:\/\/elfsight.com\/pt\/wp-json\/wp\/v2\/pages\/4648\/revisions\/12251"}],"up":[{"embeddable":true,"href":"https:\/\/elfsight.com\/pt\/wp-json\/wp\/v2\/pages\/697"}],"wp:attachment":[{"href":"https:\/\/elfsight.com\/pt\/wp-json\/wp\/v2\/media?parent=4648"}],"curies":[{"name":"wp","href":"https:\/\/api.w.org\/{rel}","templated":true}]}}