{"id":4646,"date":"1970-01-01T00:00:00","date_gmt":"1970-01-01T00:00:00","guid":{"rendered":"https:\/\/elfsight.com\/pt\/?page_id=4646"},"modified":"2024-11-13T12:18:13","modified_gmt":"2024-11-13T12:18:13","slug":"joomla","status":"publish","type":"page","link":"https:\/\/elfsight.com\/pt\/testimonials-slider-widget\/joomla\/","title":{"rendered":"Testimonials Slider &#8211; Joomla"},"content":{"rendered":"<div class=\"application-platform-content-item-description application-platform-content-item\" id=\"description\" data-nav-section=\"description\"><h2>Descri\u00e7\u00e3o<\/h2><p>Testimonials Slider \u00e9 um m\u00f3dulo responsivo, que permite exibir feedback de seus clientes em seu site. Voc\u00ea pode utilizar qualquer tipo de prova social para tornar seus depoimentos confi\u00e1veis: nome do autor, foto, logomarca da empresa e at\u00e9 link para o site.<\/p><p><b>Duplique a confian\u00e7a no seu neg\u00f3cio mostrando as avalia\u00e7\u00f5es de seus compradores satisfeitos.<\/b><\/p><ul><li><b>Torne seus depoimentos absolutamente confi\u00e1veis<\/b>.<br>Coloque o m\u00e1ximo de informa\u00e7\u00f5es sobre o autor de todos os depoimentos, junto com : nome, empresa, cargo provam aos leitores que eles est\u00e3o lendo depoimentos de pessoas existentes.<\/li><li><b>Nivele a convers\u00e3o em at\u00e9 200%<\/b>.<br>Transforme seus coment\u00e1rios em decis\u00f5es. argumentando, revelando-os exatamente onde os visitantes tomam a decis\u00e3o de comprar ou fazer download do seu site.<\/li><li><b>Use uma opini\u00e3o confi\u00e1vel<\/b>.<br>Voc\u00ea tem usu\u00e1rios cujo feedback ter\u00e1 um efeito poderoso sobre o resto dos leitores? Mostre-os como depoimentos abrangentes com detalhes sobre o autor e aumente seu n\u00edvel de vendas.<\/li><\/ul><\/div><div class=\"faq\" data-component=\"FAQ\"><div class=\"faq-item\">\r\n\t\t\t\t\t<div class=\"faq-item-question\">\r\n\t\t\t\t\t\t<h3 class=\"faq-item-question-text\">Qual caminho devo fazer? incorporar um controle deslizante de depoimentos no meu Joomla? <\/h3>\r\n\r\n\t\t\t\t\t\t<div class=\"faq-item-question-icon\"><\/div>\r\n\t\t\t\t\t<\/div>\r\n\r\n\t\t\t\t\t<div class=\"faq-item-answer\">\r\n\t\t\t\t\t\t<div class=\"faq-item-answer-text\"><p>A base da ferramenta acontece no site da Elfsight e voc\u00ea n\u00e3o precisa aprender a programar. Acesse a demonstra\u00e7\u00e3o online para ajustar seu widget pessoal, adquira o c\u00f3digo e adicione-o ao seu site. <\/p><\/div>\r\n\t\t\t\t\t<\/div>\r\n\t\t\t\t<\/div><div class=\"faq-item\">\r\n\t\t\t\t\t<div class=\"faq-item-question\">\r\n\t\t\t\t\t\t<h3 class=\"faq-item-question-text\">As melhores maneiras de usar a integra\u00e7\u00e3o do carrossel de depoimentos<\/h3>\r\n\r\n\t\t\t\t\t\t<div class=\"faq-item-question-icon\"><\/div>\r\n\t\t\t\t\t<\/div>\r\n\r\n\t\t\t\t\t<div class=\"faq-item-answer\">\r\n\t\t\t\t\t\t<div class=\"faq-item-answer-text\"><p>Temos in\u00fameras possibilidades de ajuste: widgets em escala real para implementa\u00e7\u00e3o na se\u00e7\u00e3o de conte\u00fado, flutuantes widgets para op\u00e7\u00f5es de rolagem, layouts para rodap\u00e9 do seu site, cabe\u00e7alho e todas as varia\u00e7\u00f5es de oportunidades verticais para barras laterais e menus. <\/p><\/div>\r\n\t\t\t\t\t<\/div>\r\n\t\t\t\t<\/div><div class=\"faq-item\">\r\n\t\t\t\t\t<div class=\"faq-item-question\">\r\n\t\t\t\t\t\t<h3 class=\"faq-item-question-text\">Existe uma op\u00e7\u00e3o para construir um widget de Lista ou Cart\u00f5es de Depoimentos por meio do editor? <\/h3>\r\n\r\n\t\t\t\t\t\t<div class=\"faq-item-question-icon\"><\/div>\r\n\t\t\t\t\t<\/div>\r\n\r\n\t\t\t\t\t<div class=\"faq-item-answer\">\r\n\t\t\t\t\t\t<div class=\"faq-item-answer-text\"><p>Voc\u00ea \u00e9 livre para moldar as modifica\u00e7\u00f5es de qualquer widget. Existem v\u00e1rios layouts \u00e0 sua disposi\u00e7\u00e3o no editor, e todos eles podem ser facilmente personalizados conforme sua necessidade. <\/p><\/div>\r\n\t\t\t\t\t<\/div>\r\n\t\t\t\t<\/div><\/div><div class=\"application-platform-content-item-features application-platform-content-item\" id=\"features\" data-nav-section=\"features\"><h2>Recursos<\/h2><p>As caracter\u00edsticas proeminentes, que transformam nosso controle deslizante de depoimentos em um m\u00f3dulo valioso para qualquer site Joomla.<\/p><ul><li>Experimente seis modelos de depoimentos adapt\u00e1veis \u200b\u200be encontre o que voc\u00ea precisa;<\/li><li>Mostre informa\u00e7\u00f5es do autor para credibilidade: nome e foto;<\/li><li>Aumente a credibilidade com um link para o site do autor;<\/li><li>Layouts de controle deslizante e grade para uma ampla variedade de casos de uso;<\/li><li>Etc.<\/li><\/ul><p><a href=\"#demo\">Experimente esses recursos na demonstra\u00e7\u00e3o ao vivo<\/a><\/p><\/div><div class=\"application-platform-content-item-installation application-platform-content-item\" id=\"installation\" data-nav-section=\"installation\"><h2>Como adicionar a extens\u00e3o Depoimento ao site Joomla<\/h2><p>Basta seguir as diretrizes abaixo para adicionar a extens\u00e3o no Joomla.<\/p> <ol><li><b>Abra nosso editor gratuito e comece a criar sua extens\u00e3o exclusiva de Depoimentos. <\/b><br> Especifique o design personalizado e os recursos da extens\u00e3o e aplique as edi\u00e7\u00f5es. <\/li> <li><b>Adquira o seu c\u00f3digo exclusivo que aparece na janela dos aplicativos da Elfsight. <\/b><br> Ap\u00f3s a configura\u00e7\u00e3o do seu ramal pessoal, copie o c\u00f3digo exclusivo na janela que aparece e guarde-o para uso posterior. <\/li> <li><b>Comece a usar o plugin no site Joomla. <\/b><br> Cole o c\u00f3digo copiado anteriormente em seu site e aplique as edi\u00e7\u00f5es. <\/li> <li><b>A instala\u00e7\u00e3o foi totalmente conclu\u00edda. <\/b><br> Acesse seu site para ver como a extens\u00e3o est\u00e1 funcionando. <\/li><\/ol><p>Enfrentou algum problema ao configurar ou ajustar o m\u00f3dulo? Estude o guia do m\u00f3dulo sobre <a href=\"https:\/\/elfsight.com\/tutorials\/how-to-add-testimonials-slider-widget-to-joomla\/\" target=\"_blank\" rel=\"noopener noreferrer\">instala\u00e7\u00e3o de Depoimentos Slider no Joomla<\/a> ou dirija-se ao nosso Centro de Suporte.<\/p><\/div>","protected":false},"excerpt":{"rendered":"","protected":false},"author":9,"featured_media":0,"parent":559,"menu_order":0,"comment_status":"closed","ping_status":"closed","template":"templates\/template-application-platform.php","meta":{"publish_to_discourse":"","publish_post_category":"","wpdc_auto_publish_overridden":"","wpdc_topic_tags":"","wpdc_pin_topic":"","wpdc_pin_until":"","discourse_post_id":"","discourse_permalink":"","wpdc_publishing_response":"","wpdc_publishing_error":"","footnotes":""},"class_list":["post-4646","page","type-page","status-publish","hentry"],"yoast_head":"<!-- This site is optimized with the Yoast SEO plugin v25.3.1 - https:\/\/yoast.com\/wordpress\/plugins\/seo\/ -->\n<title>M\u00f3dulo deslizante de depoimentos \u2013 Adicionar extens\u00e3o de depoimento ao Joomla<\/title>\n<meta name=\"description\" content=\"Experimente o melhor m\u00f3dulo Slider de Depoimentos para Joomla 100% gratuito. Uma configura\u00e7\u00e3o descomplicada e r\u00e1pida sem conhecimento de programa\u00e7\u00e3o em apenas 3 minutos.\" \/>\n<meta name=\"robots\" content=\"index, follow, max-snippet:-1, max-image-preview:large, max-video-preview:-1\" \/>\n<link rel=\"canonical\" href=\"https:\/\/elfsight.com\/pt\/testimonials-slider-widget\/joomla\/\" \/>\n<meta property=\"og:locale\" content=\"pt_PT\" \/>\n<meta property=\"og:type\" content=\"article\" \/>\n<meta property=\"og:title\" content=\"M\u00f3dulo deslizante de depoimentos \u2013 Adicionar extens\u00e3o de depoimento ao Joomla\" \/>\n<meta property=\"og:description\" content=\"Experimente o melhor m\u00f3dulo Slider de Depoimentos para Joomla 100% gratuito. Uma configura\u00e7\u00e3o descomplicada e r\u00e1pida sem conhecimento de programa\u00e7\u00e3o em apenas 3 minutos.\" \/>\n<meta property=\"og:url\" content=\"https:\/\/elfsight.com\/pt\/testimonials-slider-widget\/joomla\/\" \/>\n<meta property=\"og:site_name\" content=\"Elfsight PT\" \/>\n<meta property=\"article:modified_time\" content=\"2024-11-13T12:18:13+00:00\" \/>\n<meta name=\"twitter:card\" content=\"summary_large_image\" \/>\n<meta name=\"twitter:label1\" content=\"Tempo estimado de leitura\" \/>\n\t<meta name=\"twitter:data1\" content=\"2 minutos\" \/>\n<!-- \/ Yoast SEO plugin. -->","yoast_head_json":{"title":"M\u00f3dulo deslizante de depoimentos \u2013 Adicionar extens\u00e3o de depoimento ao Joomla","description":"Experimente o melhor m\u00f3dulo Slider de Depoimentos para Joomla 100% gratuito. Uma configura\u00e7\u00e3o descomplicada e r\u00e1pida sem conhecimento de programa\u00e7\u00e3o em apenas 3 minutos.","robots":{"index":"index","follow":"follow","max-snippet":"max-snippet:-1","max-image-preview":"max-image-preview:large","max-video-preview":"max-video-preview:-1"},"canonical":"https:\/\/elfsight.com\/pt\/testimonials-slider-widget\/joomla\/","og_locale":"pt_PT","og_type":"article","og_title":"M\u00f3dulo deslizante de depoimentos \u2013 Adicionar extens\u00e3o de depoimento ao Joomla","og_description":"Experimente o melhor m\u00f3dulo Slider de Depoimentos para Joomla 100% gratuito. Uma configura\u00e7\u00e3o descomplicada e r\u00e1pida sem conhecimento de programa\u00e7\u00e3o em apenas 3 minutos.","og_url":"https:\/\/elfsight.com\/pt\/testimonials-slider-widget\/joomla\/","og_site_name":"Elfsight PT","article_modified_time":"2024-11-13T12:18:13+00:00","twitter_card":"summary_large_image","twitter_misc":{"Tempo estimado de leitura":"2 minutos"},"schema":{"@context":"https:\/\/schema.org","@graph":[{"@type":"WebPage","@id":"https:\/\/elfsight.com\/pt\/testimonials-slider-widget\/joomla\/","url":"https:\/\/elfsight.com\/pt\/testimonials-slider-widget\/joomla\/","name":"M\u00f3dulo deslizante de depoimentos \u2013 Adicionar extens\u00e3o de depoimento ao Joomla","isPartOf":{"@id":"https:\/\/elfsight.com\/pt\/#website"},"datePublished":"1970-01-01T00:00:00+00:00","dateModified":"2024-11-13T12:18:13+00:00","description":"Experimente o melhor m\u00f3dulo Slider de Depoimentos para Joomla 100% gratuito. Uma configura\u00e7\u00e3o descomplicada e r\u00e1pida sem conhecimento de programa\u00e7\u00e3o em apenas 3 minutos.","breadcrumb":{"@id":"https:\/\/elfsight.com\/pt\/testimonials-slider-widget\/joomla\/#breadcrumb"},"inLanguage":"pt-PT","potentialAction":[{"@type":"ReadAction","target":["https:\/\/elfsight.com\/pt\/testimonials-slider-widget\/joomla\/"]}]},{"@type":"BreadcrumbList","@id":"https:\/\/elfsight.com\/pt\/testimonials-slider-widget\/joomla\/#breadcrumb","itemListElement":[{"@type":"ListItem","position":1,"name":"Home","item":"https:\/\/elfsight.com\/pt\/"},{"@type":"ListItem","position":2,"name":"Testimonials Slider","item":"https:\/\/elfsight.com\/pt\/testimonials-slider-widget\/"},{"@type":"ListItem","position":3,"name":"Testimonials Slider &#8211; Joomla"}]},{"@type":"WebSite","@id":"https:\/\/elfsight.com\/pt\/#website","url":"https:\/\/elfsight.com\/pt\/","name":"Elfsight PT","description":"Just another Elfsight Sites site","potentialAction":[{"@type":"SearchAction","target":{"@type":"EntryPoint","urlTemplate":"https:\/\/elfsight.com\/pt\/?s={search_term_string}"},"query-input":{"@type":"PropertyValueSpecification","valueRequired":true,"valueName":"search_term_string"}}],"inLanguage":"pt-PT"}]}},"meta_box":{"industry":"","seo_heading":"","heading":"","description":"","cta_heading":"","cta_description":"","application":"947","h1":"Extens\u00e3o Slider de depoimentos para Joomla","h1_caption":"Um m\u00f3dulo f\u00e1cil para exibir depoimentos de seus clientes no site","application_category":[],"applications_title":"","applications_request_title":"","applications_request_button_text":"","hero_text":"","hero_video":"","hero_video_schema_markup":"","selling_points_title":"","selling_points_caption":"","selling_points":[],"selling_points_cta_text":"","features_title":"","features":"","ed_cta_examples_text":"","ed_cta_examples_hidden":"","ed_cta_demo_text":"","ed_cta_demo_hidden":"","why_caption":"","why_editor_title":"","why_editor_text":"","why_team_title":"","why_team_text":"","why_service_title":"","why_service_text":"","template_catalog_visible":"","template_catalog_title":"","template_catalog_text":"","template_catalog_categories_visible":"","demo_title":"Crie seu plugin Slider de Depoimentos","demo_caption":"Configure seu controle deslizante de depoimentos e adicione-o ao seu site Joomla gratuitamente!","default_faq_hidden":"","app_template_category":[],"platform":"52","template_public_id":"","codecanyon_url":"","codecanyon_item_id":"","codecanyon_price":"","pricing_caption":"","pricing_elfsight_apps_hide_column":"","pricing_elfsight_apps_url":"","pricing_codecanyon_price_caption":"","integration_category":[],"integration_request_title":"","integration_request_cta":"","integration_platform":"","integrations":[],"platform_category":[],"video_schema_markup":"","price":"a partir de US$ 0\/m\u00eas","trial":"","benefits":[{"text":"Servi\u00e7o de instala\u00e7\u00e3o gratuito"},{"text":"Suporte eficaz ao cliente"},{"text":"Garantia de devolu\u00e7\u00e3o do dinheiro em 14 dias"},{"text":"Melhorias gratuitas cont\u00ednuas"}],"button_url":"#demo","button_target_blank":"0","button_nofollow":"0","attributes":[{"name":"Instala\u00e7\u00f5es","content":"10,000 - 100,000","_state":"expanded"},{"name":"Responsivo","content":"Sim","_state":"expanded"},{"name":"Navegadores compat\u00edveis","content":"IE11, Firefox, Safari, Opera, Chrome, Edge"}],"tags":[],"tags_disable_links":"0","hide_more_platforms":"","video_object":"","demo_hide_cta":"0","demo_hide_cloud_options":"0","pricing_title":"","pricing":[{"pricing_icon":"cloud","pricing_title":"Elfsight Apps","pricing_title_caption":"Solu\u00e7\u00e3o independente de plataforma que funciona em qualquer site","pricing_price":"a partir de US$ 0\/m\u00eas","pricing_price_caption":"comece com plano gratuito","pricing_benefits":[{"text":"Dom\u00ednios ilimitados"},{"text":"Suporte gratuito \u00e0 empresa"},{"text":"Suporte gratuito \u00e0 empresa"},{"text":"Pre\u00e7o especial para v\u00e1rios aplicativos"}],"pricing_button_text":"Adicionar ao site","pricing_button_url":"#demo","_state":"expanded"}],"related_apps_title":"","related_apps_hidden":"1","author":"","image":[],"title":"","job":"","social_networks":[]},"_links":{"self":[{"href":"https:\/\/elfsight.com\/pt\/wp-json\/wp\/v2\/pages\/4646","targetHints":{"allow":["GET"]}}],"collection":[{"href":"https:\/\/elfsight.com\/pt\/wp-json\/wp\/v2\/pages"}],"about":[{"href":"https:\/\/elfsight.com\/pt\/wp-json\/wp\/v2\/types\/page"}],"author":[{"embeddable":true,"href":"https:\/\/elfsight.com\/pt\/wp-json\/wp\/v2\/users\/9"}],"replies":[{"embeddable":true,"href":"https:\/\/elfsight.com\/pt\/wp-json\/wp\/v2\/comments?post=4646"}],"version-history":[{"count":2,"href":"https:\/\/elfsight.com\/pt\/wp-json\/wp\/v2\/pages\/4646\/revisions"}],"predecessor-version":[{"id":12295,"href":"https:\/\/elfsight.com\/pt\/wp-json\/wp\/v2\/pages\/4646\/revisions\/12295"}],"up":[{"embeddable":true,"href":"https:\/\/elfsight.com\/pt\/wp-json\/wp\/v2\/pages\/559"}],"wp:attachment":[{"href":"https:\/\/elfsight.com\/pt\/wp-json\/wp\/v2\/media?parent=4646"}],"curies":[{"name":"wp","href":"https:\/\/api.w.org\/{rel}","templated":true}]}}