{"id":4641,"date":"1970-01-01T00:00:00","date_gmt":"1970-01-01T00:00:00","guid":{"rendered":"https:\/\/elfsight.com\/pt\/?page_id=4641"},"modified":"2024-11-13T11:20:23","modified_gmt":"2024-11-13T11:20:23","slug":"iframe","status":"publish","type":"page","link":"https:\/\/elfsight.com\/pt\/social-feed-widget\/iframe\/","title":{"rendered":"Social Feed &#8211; iFrame"},"content":{"rendered":"<div class=\"application-platform-content-item-description application-platform-content-item\" id=\"description\" data-nav-section=\"description\"> <h2>Incorpore Social Feed no iFrame com o widget Elfsight<\/h2> <p>Elfsight Social Feed para iFrame \u00e9 um widget para vender n\u00e3o apenas itens , mas emo\u00e7\u00f5es e experi\u00eancias. Ao us\u00e1-lo voc\u00ea pode criar feeds individuais feitos de conte\u00fado de m\u00faltiplas fontes: Instagram, Pinterest, Facebook, Twitter, Tumblr, YouTube, Vimeo &#8211; e exibi-los diretamente em seu site. Crie uma galeria ou cat\u00e1logo de produtos no 1-2-3! Exer\u00e7a controle total sobre um conte\u00fado demonstrado com m\u00faltiplas op\u00e7\u00f5es de filtragem e elimine spam e qualquer conte\u00fado indesejado por meio de modera\u00e7\u00e3o manual. O configurador online totalmente responsivo fornece diferentes modelos para voc\u00ea escolher. <\/p> <p><b>Torne seu site mais bem-sucedido para as metas de neg\u00f3cios com o Social Wall<\/b><\/p> <\/div> <div class=\"application-platform-content-item-features application-platform-content-item\" id=\"features\" data-nav-section=\"features\"> <h2>Os recursos de widget mais importantes cont\u00eam <\/h2> <ul><li>Exiba seu conte\u00fado de m\u00eddia social de diferentes fontes. <\/li><li>Livre-se de qualquer spam e conte\u00fado indesejado aplicando o modo de modera\u00e7\u00e3o manual. <\/li><li>Coloque o bot\u00e3o Seguir no feed do widget. <\/li><li>Deixe suas postagens aparecerem em modo pop-up. <\/li><\/ul><p><a href=\"#demo\">Examine todas as configura\u00e7\u00f5es na demonstra\u00e7\u00e3o 100% funcional<\/a><\/p> <\/div> <div class=\"application-platform-content-item-installation application-platform-content-item\" id=\"installation\" data-nav-section=\"installation\"> <h2>Como incorporo o widget Social Media Feed ao meu site iFrame? <\/h2> <p>Basta seguir estas etapas abaixo para integrar o plugin. <\/p> <ol><li><b>Execute nosso editor gratuito e comece a formar seu instrumento personalizado. <\/b><br> Especifique a apar\u00eancia selecionada e as caracter\u00edsticas funcionais do widget e aplique as corre\u00e7\u00f5es. <\/li> <li><b>Receba seu c\u00f3digo exclusivo mostrado na caixa dos aplicativos Elfsight. <\/b><br> Logo ap\u00f3s a conclus\u00e3o do estabelecimento do seu widget, copie o c\u00f3digo pessoal da janela que aparece e guarde-o para uso posterior. <\/li> <li><b>Comece a usar o widget Social Wall na p\u00e1gina inicial do iFrame. <\/b><br> Adicione o c\u00f3digo que voc\u00ea copiou anteriormente em seu site e salve os ajustes. <\/li> <li><b>A instala\u00e7\u00e3o foi totalmente conclu\u00edda. <\/b><br> Acesse seu site para examinar o desempenho do plugin. <\/li><\/ol> <p>Caso tenha d\u00favidas ou tenha alguma complica\u00e7\u00e3o, n\u00e3o tenha medo de entrar em contato com nossa equipe de atendimento ao cliente. Nossos especialistas est\u00e3o ansiosos para ajud\u00e1-lo com todas as dificuldades que voc\u00ea possa ter com o plugin. <\/p> <\/div><div class=\"faq\" data-component=\"FAQ\"><div class=\"faq-item\">\r\n\t\t\t\t\t<div class=\"faq-item-question\">\r\n\t\t\t\t\t\t<h3 class=\"faq-item-question-text\">Como adicionar Social Feed ao meu iFrame sem conhecimento de codifica\u00e7\u00e3o?<\/h3>\r\n\r\n\t\t\t\t\t\t<div class=\"faq-item-question-icon\"><\/div>\r\n\t\t\t\t\t<\/div>\r\n\r\n\t\t\t\t\t<div class=\"faq-item-answer\">\r\n\t\t\t\t\t\t<div class=\"faq-item-answer-text\"><p>A empresa Elfsight oferece uma solu\u00e7\u00e3o que permite voc\u00ea mesmo cria um plugin de Feed Social, veja as instru\u00e7\u00f5es simples: <\/p><ul><li>Comece a trabalhar no Editor on-line para formar um plugin de Feed Social que voc\u00ea gostaria de ver em seu iFrame.<\/li><li>Selecione um de nossos modelos pr\u00e9-concebidos e ajuste as configura\u00e7\u00f5es do Social Feed, inclua seu conte\u00fado, altere o layout e o esquema de cores sem qualquer experi\u00eancia de codifica\u00e7\u00e3o.<\/li><li>Clique para salvar o Social Feed e obter o c\u00f3digo do plugin para incorpora\u00e7\u00e3o , que pode ser facilmente adicionado gratuitamente \u00e0 sua p\u00e1gina da web iFrame.<\/li><\/ul><p>Trabalhando em nosso editor intuitivo, qualquer usu\u00e1rio da web pode estabelecer o aplicativo Social Feed e col\u00e1-lo facilmente em qualquer p\u00e1gina da web iFrame. N\u00e3o \u00e9 necess\u00e1rio pagar ou inserir as credenciais do seu cart\u00e3o para entrar no servi\u00e7o. Se voc\u00ea enfrentar qualquer tipo de obst\u00e1culo, fale com nosso suporte t\u00e9cnico ao cliente.<\/p><\/div>\r\n\t\t\t\t\t<\/div>\r\n\t\t\t\t<\/div><\/div>","protected":false},"excerpt":{"rendered":"","protected":false},"author":9,"featured_media":0,"parent":462,"menu_order":0,"comment_status":"closed","ping_status":"closed","template":"templates\/template-application-platform.php","meta":{"publish_to_discourse":"","publish_post_category":"","wpdc_auto_publish_overridden":"","wpdc_topic_tags":"","wpdc_pin_topic":"","wpdc_pin_until":"","discourse_post_id":"","discourse_permalink":"","wpdc_publishing_response":"","wpdc_publishing_error":"","footnotes":""},"class_list":["post-4641","page","type-page","status-publish","hentry"],"yoast_head":"<!-- This site is optimized with the Yoast SEO plugin v25.3.1 - https:\/\/yoast.com\/wordpress\/plugins\/seo\/ -->\n<title>Adicione o widget Social Wall ao site iFrame (r\u00e1pido e gratuito)<\/title>\n<meta name=\"description\" content=\"Incorpore um widget iFrame Social Feed f\u00e1cil de usar em seu site iFrame. Experimente a demonstra\u00e7\u00e3o pr\u00e1tica da Elfsight e gere seu lindo widget de Social Wall.\" \/>\n<meta name=\"robots\" content=\"index, follow, max-snippet:-1, max-image-preview:large, max-video-preview:-1\" \/>\n<link rel=\"canonical\" href=\"https:\/\/elfsight.com\/pt\/social-feed-widget\/iframe\/\" \/>\n<meta property=\"og:locale\" content=\"pt_PT\" \/>\n<meta property=\"og:type\" content=\"article\" \/>\n<meta property=\"og:title\" content=\"Adicione o widget Social Wall ao site iFrame (r\u00e1pido e gratuito)\" \/>\n<meta property=\"og:description\" content=\"Incorpore um widget iFrame Social Feed f\u00e1cil de usar em seu site iFrame. Experimente a demonstra\u00e7\u00e3o pr\u00e1tica da Elfsight e gere seu lindo widget de Social Wall.\" \/>\n<meta property=\"og:url\" content=\"https:\/\/elfsight.com\/pt\/social-feed-widget\/iframe\/\" \/>\n<meta property=\"og:site_name\" content=\"Elfsight PT\" \/>\n<meta property=\"article:modified_time\" content=\"2024-11-13T11:20:23+00:00\" \/>\n<meta name=\"twitter:card\" content=\"summary_large_image\" \/>\n<meta name=\"twitter:label1\" content=\"Tempo estimado de leitura\" \/>\n\t<meta name=\"twitter:data1\" content=\"2 minutos\" \/>\n<!-- \/ Yoast SEO plugin. -->","yoast_head_json":{"title":"Adicione o widget Social Wall ao site iFrame (r\u00e1pido e gratuito)","description":"Incorpore um widget iFrame Social Feed f\u00e1cil de usar em seu site iFrame. Experimente a demonstra\u00e7\u00e3o pr\u00e1tica da Elfsight e gere seu lindo widget de Social Wall.","robots":{"index":"index","follow":"follow","max-snippet":"max-snippet:-1","max-image-preview":"max-image-preview:large","max-video-preview":"max-video-preview:-1"},"canonical":"https:\/\/elfsight.com\/pt\/social-feed-widget\/iframe\/","og_locale":"pt_PT","og_type":"article","og_title":"Adicione o widget Social Wall ao site iFrame (r\u00e1pido e gratuito)","og_description":"Incorpore um widget iFrame Social Feed f\u00e1cil de usar em seu site iFrame. Experimente a demonstra\u00e7\u00e3o pr\u00e1tica da Elfsight e gere seu lindo widget de Social Wall.","og_url":"https:\/\/elfsight.com\/pt\/social-feed-widget\/iframe\/","og_site_name":"Elfsight PT","article_modified_time":"2024-11-13T11:20:23+00:00","twitter_card":"summary_large_image","twitter_misc":{"Tempo estimado de leitura":"2 minutos"},"schema":{"@context":"https:\/\/schema.org","@graph":[{"@type":"WebPage","@id":"https:\/\/elfsight.com\/pt\/social-feed-widget\/iframe\/","url":"https:\/\/elfsight.com\/pt\/social-feed-widget\/iframe\/","name":"Adicione o widget Social Wall ao site iFrame (r\u00e1pido e gratuito)","isPartOf":{"@id":"https:\/\/elfsight.com\/pt\/#website"},"datePublished":"1970-01-01T00:00:00+00:00","dateModified":"2024-11-13T11:20:23+00:00","description":"Incorpore um widget iFrame Social Feed f\u00e1cil de usar em seu site iFrame. Experimente a demonstra\u00e7\u00e3o pr\u00e1tica da Elfsight e gere seu lindo widget de Social Wall.","breadcrumb":{"@id":"https:\/\/elfsight.com\/pt\/social-feed-widget\/iframe\/#breadcrumb"},"inLanguage":"pt-PT","potentialAction":[{"@type":"ReadAction","target":["https:\/\/elfsight.com\/pt\/social-feed-widget\/iframe\/"]}]},{"@type":"BreadcrumbList","@id":"https:\/\/elfsight.com\/pt\/social-feed-widget\/iframe\/#breadcrumb","itemListElement":[{"@type":"ListItem","position":1,"name":"Home","item":"https:\/\/elfsight.com\/pt\/"},{"@type":"ListItem","position":2,"name":"Social Feed","item":"https:\/\/elfsight.com\/pt\/social-feed-widget\/"},{"@type":"ListItem","position":3,"name":"Social Feed &#8211; iFrame"}]},{"@type":"WebSite","@id":"https:\/\/elfsight.com\/pt\/#website","url":"https:\/\/elfsight.com\/pt\/","name":"Elfsight PT","description":"Just another Elfsight Sites site","potentialAction":[{"@type":"SearchAction","target":{"@type":"EntryPoint","urlTemplate":"https:\/\/elfsight.com\/pt\/?s={search_term_string}"},"query-input":{"@type":"PropertyValueSpecification","valueRequired":true,"valueName":"search_term_string"}}],"inLanguage":"pt-PT"}]}},"meta_box":{"industry":"","seo_heading":"","heading":"","description":"","cta_heading":"","cta_description":"","application":"461","h1":"Widget de feed de m\u00eddia social iFrame","h1_caption":"Demonstre suas publica\u00e7\u00f5es em todas as plataformas populares de m\u00eddia social","application_category":[],"applications_title":"","applications_request_title":"","applications_request_button_text":"","hero_text":"","hero_video":"","hero_video_schema_markup":"","selling_points_title":"","selling_points_caption":"","selling_points":[],"selling_points_cta_text":"","features_title":"","features":"","ed_cta_examples_text":"","ed_cta_examples_hidden":"","ed_cta_demo_text":"","ed_cta_demo_hidden":"","why_caption":"","why_editor_title":"","why_editor_text":"","why_team_title":"","why_team_text":"","why_service_title":"","why_service_text":"","template_catalog_visible":"","template_catalog_title":"","template_catalog_text":"","template_catalog_categories_visible":"","demo_title":"Crie seu widget de feed social","demo_caption":"Configure seu Social Feed e adicione-o ao seu site iFrame gratuitamente!","default_faq_hidden":"","app_template_category":[],"platform":"4911","template_public_id":"","codecanyon_url":"","codecanyon_item_id":"","codecanyon_price":"","pricing_caption":"","pricing_elfsight_apps_hide_column":"","pricing_elfsight_apps_url":"","pricing_codecanyon_price_caption":"","integration_category":[],"integration_request_title":"","integration_request_cta":"","integration_platform":"","integrations":[],"platform_category":[],"video_schema_markup":"","price":"a partir de US$ 0\/m\u00eas","trial":"","benefits":[{"text":"Ajuda de instala\u00e7\u00e3o gratuita"},{"text":"Suporte ao cliente experiente"},{"text":"Garantia de reembolso de 14 dias"},{"text":"Atualiza\u00e7\u00f5es cont\u00ednuas"}],"button_url":"#demo","button_target_blank":"0","button_nofollow":"0","attributes":[{"name":"Instala\u00e7\u00f5es","content":"100,000 - 500,000","_state":"expanded"},{"name":"Responsivo","content":"Sim","_state":"expanded"},{"name":"Navegadores compat\u00edveis","content":"Firefox, Safari, Opera, Edge"}],"tags":[],"tags_disable_links":"0","hide_more_platforms":"","video_object":"","demo_hide_cta":"0","demo_hide_cloud_options":"0","pricing_title":"","pricing":[{"pricing_icon":"platform","pricing_title":"Elfsight Apps","pricing_title_caption":"Solu\u00e7\u00e3o digital independente de plataforma que se adapta a qualquer site","pricing_price":"a partir de US$ 0\/m\u00eas","pricing_price_caption":"comece com um plano gratuito","pricing_benefits":[{"text":"Dom\u00ednios ilimitados"},{"text":"Suporte r\u00e1pido ao cliente"},{"text":"Suporte r\u00e1pido ao cliente"},{"text":"Pre\u00e7o a ser pago para v\u00e1rios aplicativos"}],"pricing_button_text":"Adicionar ao site","pricing_button_url":"#demo","_state":"expanded"}],"related_apps_title":"","related_apps_hidden":"1","author":"","image":[],"title":"","job":"","social_networks":[]},"_links":{"self":[{"href":"https:\/\/elfsight.com\/pt\/wp-json\/wp\/v2\/pages\/4641","targetHints":{"allow":["GET"]}}],"collection":[{"href":"https:\/\/elfsight.com\/pt\/wp-json\/wp\/v2\/pages"}],"about":[{"href":"https:\/\/elfsight.com\/pt\/wp-json\/wp\/v2\/types\/page"}],"author":[{"embeddable":true,"href":"https:\/\/elfsight.com\/pt\/wp-json\/wp\/v2\/users\/9"}],"replies":[{"embeddable":true,"href":"https:\/\/elfsight.com\/pt\/wp-json\/wp\/v2\/comments?post=4641"}],"version-history":[{"count":2,"href":"https:\/\/elfsight.com\/pt\/wp-json\/wp\/v2\/pages\/4641\/revisions"}],"predecessor-version":[{"id":12214,"href":"https:\/\/elfsight.com\/pt\/wp-json\/wp\/v2\/pages\/4641\/revisions\/12214"}],"up":[{"embeddable":true,"href":"https:\/\/elfsight.com\/pt\/wp-json\/wp\/v2\/pages\/462"}],"wp:attachment":[{"href":"https:\/\/elfsight.com\/pt\/wp-json\/wp\/v2\/media?parent=4641"}],"curies":[{"name":"wp","href":"https:\/\/api.w.org\/{rel}","templated":true}]}}