{"id":4640,"date":"1970-01-01T00:00:00","date_gmt":"1970-01-01T00:00:00","guid":{"rendered":"https:\/\/elfsight.com\/pt\/?page_id=4640"},"modified":"2024-11-13T11:50:54","modified_gmt":"2024-11-13T11:50:54","slug":"iframe","status":"publish","type":"page","link":"https:\/\/elfsight.com\/pt\/social-media-share-buttons\/iframe\/","title":{"rendered":"Social Share Buttons &#8211; iFrame"},"content":{"rendered":"<div class=\"application-platform-content-item-description application-platform-content-item\" id=\"description\" data-nav-section=\"description\"><h2>Incorpore bot\u00f5es de compartilhamento social no iFrame com o widget Elfsight<\/h2><p>Um plugin de compartilhamento eficaz para qualquer site, que permite que seus clientes para divulgar conte\u00fado em diferentes m\u00eddias sociais. Comece a aumentar a presen\u00e7a da sua empresa no Facebook, LinkedIn e outras m\u00eddias e conquiste novos seguidores e f\u00e3s usando o conte\u00fado do seu site.<\/p> <p><b>Obtenha visualiza\u00e7\u00f5es e seguidores adicionais nas m\u00eddias sociais!<\/b><\/p> <p><b>M\u00e1xima divulga\u00e7\u00e3o de conte\u00fados e itens nas redes sociais<\/b><br> Utilizando diversas op\u00e7\u00f5es de design e funcionalidade, com apenas 1 clique, seu conte\u00fado ter\u00e1 um compartilhamento poderoso em todas as redes sociais.<\/p><p><b>Mostre suas postagens envolventes para um p\u00fablico mais amplo<\/b><br> Forne\u00e7a a seus usu\u00e1rios uma maneira de divulgar seu conte\u00fado sem nenhum esfor\u00e7o para aumentar um p\u00fablico maior.<\/p><p><b>Aumente o tr\u00e1fego em seu site<\/b><br> Atraia novos usu\u00e1rios para seu site por meio da presen\u00e7a ativa nas m\u00eddias sociais e aumente o n\u00famero de cliques.<\/p><p><b>Uma maneira eficaz de atrair novos assinantes redes sociais<\/b><br> Coloque conte\u00fado interessante e d\u00ea aos seus leitores a oportunidade de promov\u00ea-lo em seus pr\u00f3prios perfis de redes sociais.<\/p><\/div><div class=\"application-platform-content-item-features application-platform-content-item\" id=\"features\" data-nav-section=\"features\"><h2>Principais caracter\u00edsticas do widget Bot\u00f5es de compartilhamento social<\/h2><p>O que torna nossos bot\u00f5es os melhores de todos os plug-ins de compartilhamento IFrame? Explore nossos tra\u00e7os estrat\u00e9gicos:<\/p><ul><li>Mais de 40 redes sociais incorporadas;<\/li><li>2 layouts: Inline e Flutuante;<\/li><li>Colocar n\u00famero ilimitado de bot\u00f5es;<\/li><li>Defina qualquer n\u00famero de colunas para organizar os bot\u00f5es;<\/li><li>Defina a largura do bot\u00e3o.<\/li><\/ul><p><a href=\"#demo\">Mais op\u00e7\u00f5es em um demonstra\u00e7\u00e3o gratuita<\/a><\/p><\/div><div class=\"application-platform-content-item-installation application-platform-content-item\" id=\"installation\" data-nav-section=\"installation\"><h2>Como adicionar bot\u00f5es de compartilhamento ao iFrame<\/h2><p>Aqui est\u00e1 uma breve instru\u00e7\u00e3o sobre como integrar bot\u00f5es de compartilhamento em um site sem codifica\u00e7\u00e3o. Voc\u00ea precisar\u00e1 de apenas 2 minutos para realizar o tutorial.<\/p><ol><li><b>Crie seu plugin de compartilhamento personalizado<\/b><br> Com a ajuda de nosso editor gratuito, configure um plugin e ent\u00e3o personalize o layout e o estilo. <\/li><li><b>Receba o c\u00f3digo individual para exibir o plugin<\/b><br> Depois de configurar o seu plugin, voc\u00ea obter\u00e1 o c\u00f3digo exclusivo na janela exibida nos aplicativos Elfsight. Copie o c\u00f3digo para uso futuro. <\/li> <li><b>Exiba o plugin em seu site iFrame<\/b><br> Escolha a \u00e1rea que voc\u00ea precisa para mostrar o plugin e cole o c\u00f3digo copiado l\u00e1. Salve os resultados. <\/li> <li><b>A configura\u00e7\u00e3o foi conclu\u00edda<\/b><br> Entre na p\u00e1gina para ver seus bot\u00f5es. <\/li> <\/ol><p>Precisa de ajuda com a configura\u00e7\u00e3o ou design do plugin? Nossa equipe estar\u00e1 aqui para aconselhar e oferecer uma solu\u00e7\u00e3o! Voc\u00ea tamb\u00e9m pode tentar resolver a d\u00favida sozinho usando nosso manual detalhado \u00abComo colocar bot\u00f5es de compartilhamento no site iFrame\u00bb.<\/p><\/div><div class=\"faq\" data-component=\"FAQ\"><div class=\"faq-item\">\r\n\t\t\t\t\t<div class=\"faq-item-question\">\r\n\t\t\t\t\t\t<h3 class=\"faq-item-question-text\">Como adicionar bot\u00f5es de compartilhamento social \u00e0 minha p\u00e1gina iFrame sem codifica\u00e7\u00e3o?<\/h3>\r\n\r\n\t\t\t\t\t\t<div class=\"faq-item-question-icon\"><\/div>\r\n\t\t\t\t\t<\/div>\r\n\r\n\t\t\t\t\t<div class=\"faq-item-answer\">\r\n\t\t\t\t\t\t<div class=\"faq-item-answer-text\"><p>A empresa Elfsight oferece uma solu\u00e7\u00e3o em nuvem que permite que voc\u00ea mesmo crie um aplicativo de bot\u00f5es de compartilhamento social. Consulte o guia simples: <\/p><ul> <li>V\u00e1 para o editor ao vivo para estabelecer um plug-in de bot\u00f5es de compartilhamento social que voc\u00ea gostaria de incluir na p\u00e1gina da web do iFrame.<\/li><li>Selecione um de nossos modelos pr\u00e9-concebidos e adapte as configura\u00e7\u00f5es dos bot\u00f5es de compartilhamento social, altere o layout e esquema de cores, adicione seu conte\u00fado sem nenhum conhecimento de codifica\u00e7\u00e3o.<\/li><li>Salve os bot\u00f5es de compartilhamento social e obtenha o c\u00f3digo do plugin para instala\u00e7\u00e3o, que voc\u00ea pode incluir facilmente no site iFrame dentro de um plano gratuito.<\/li> <\/ul><p>Usando o editor intuitivo, qualquer usu\u00e1rio da web pode criar o aplicativo Social Share Buttons on-line e inclu\u00ed-lo prontamente em qualquer p\u00e1gina da web iFrame. N\u00e3o \u00e9 necess\u00e1rio pagar nem divulgar os dados do seu cart\u00e3o para aceder ao Elfsight Editor. Se voc\u00ea tiver algum problema em qualquer etapa, n\u00e3o hesite em falar com nosso suporte ao cliente.<\/p><\/div>\r\n\t\t\t\t\t<\/div>\r\n\t\t\t\t<\/div><\/div>","protected":false},"excerpt":{"rendered":"","protected":false},"author":9,"featured_media":0,"parent":697,"menu_order":0,"comment_status":"closed","ping_status":"closed","template":"templates\/template-application-platform.php","meta":{"publish_to_discourse":"","publish_post_category":"","wpdc_auto_publish_overridden":"","wpdc_topic_tags":"","wpdc_pin_topic":"","wpdc_pin_until":"","discourse_post_id":"","discourse_permalink":"","wpdc_publishing_response":"","wpdc_publishing_error":"","footnotes":""},"class_list":["post-4640","page","type-page","status-publish","hentry"],"yoast_head":"<!-- This site is optimized with the Yoast SEO plugin v25.3.1 - https:\/\/yoast.com\/wordpress\/plugins\/seo\/ -->\n<title>Bot\u00e3o de compartilhamento social iFrame para seu site (gr\u00e1tis e r\u00e1pido)<\/title>\n<meta name=\"description\" content=\"Exiba o widget Social Share Buttons em seu site iFrame em alguns minutos. Configura\u00e7\u00e3o instant\u00e2nea e simples de qualquer plugin de site da Elfsight.\" \/>\n<meta name=\"robots\" content=\"index, follow, max-snippet:-1, max-image-preview:large, max-video-preview:-1\" \/>\n<link rel=\"canonical\" href=\"https:\/\/elfsight.com\/pt\/social-media-share-buttons\/iframe\/\" \/>\n<meta property=\"og:locale\" content=\"pt_PT\" \/>\n<meta property=\"og:type\" content=\"article\" \/>\n<meta property=\"og:title\" content=\"Bot\u00e3o de compartilhamento social iFrame para seu site (gr\u00e1tis e r\u00e1pido)\" \/>\n<meta property=\"og:description\" content=\"Exiba o widget Social Share Buttons em seu site iFrame em alguns minutos. Configura\u00e7\u00e3o instant\u00e2nea e simples de qualquer plugin de site da Elfsight.\" \/>\n<meta property=\"og:url\" content=\"https:\/\/elfsight.com\/pt\/social-media-share-buttons\/iframe\/\" \/>\n<meta property=\"og:site_name\" content=\"Elfsight PT\" \/>\n<meta property=\"article:modified_time\" content=\"2024-11-13T11:50:54+00:00\" \/>\n<meta name=\"twitter:card\" content=\"summary_large_image\" \/>\n<meta name=\"twitter:label1\" content=\"Tempo estimado de leitura\" \/>\n\t<meta name=\"twitter:data1\" content=\"2 minutos\" \/>\n<!-- \/ Yoast SEO plugin. -->","yoast_head_json":{"title":"Bot\u00e3o de compartilhamento social iFrame para seu site (gr\u00e1tis e r\u00e1pido)","description":"Exiba o widget Social Share Buttons em seu site iFrame em alguns minutos. Configura\u00e7\u00e3o instant\u00e2nea e simples de qualquer plugin de site da Elfsight.","robots":{"index":"index","follow":"follow","max-snippet":"max-snippet:-1","max-image-preview":"max-image-preview:large","max-video-preview":"max-video-preview:-1"},"canonical":"https:\/\/elfsight.com\/pt\/social-media-share-buttons\/iframe\/","og_locale":"pt_PT","og_type":"article","og_title":"Bot\u00e3o de compartilhamento social iFrame para seu site (gr\u00e1tis e r\u00e1pido)","og_description":"Exiba o widget Social Share Buttons em seu site iFrame em alguns minutos. Configura\u00e7\u00e3o instant\u00e2nea e simples de qualquer plugin de site da Elfsight.","og_url":"https:\/\/elfsight.com\/pt\/social-media-share-buttons\/iframe\/","og_site_name":"Elfsight PT","article_modified_time":"2024-11-13T11:50:54+00:00","twitter_card":"summary_large_image","twitter_misc":{"Tempo estimado de leitura":"2 minutos"},"schema":{"@context":"https:\/\/schema.org","@graph":[{"@type":"WebPage","@id":"https:\/\/elfsight.com\/pt\/social-media-share-buttons\/iframe\/","url":"https:\/\/elfsight.com\/pt\/social-media-share-buttons\/iframe\/","name":"Bot\u00e3o de compartilhamento social iFrame para seu site (gr\u00e1tis e r\u00e1pido)","isPartOf":{"@id":"https:\/\/elfsight.com\/pt\/#website"},"datePublished":"1970-01-01T00:00:00+00:00","dateModified":"2024-11-13T11:50:54+00:00","description":"Exiba o widget Social Share Buttons em seu site iFrame em alguns minutos. Configura\u00e7\u00e3o instant\u00e2nea e simples de qualquer plugin de site da Elfsight.","breadcrumb":{"@id":"https:\/\/elfsight.com\/pt\/social-media-share-buttons\/iframe\/#breadcrumb"},"inLanguage":"pt-PT","potentialAction":[{"@type":"ReadAction","target":["https:\/\/elfsight.com\/pt\/social-media-share-buttons\/iframe\/"]}]},{"@type":"BreadcrumbList","@id":"https:\/\/elfsight.com\/pt\/social-media-share-buttons\/iframe\/#breadcrumb","itemListElement":[{"@type":"ListItem","position":1,"name":"Home","item":"https:\/\/elfsight.com\/pt\/"},{"@type":"ListItem","position":2,"name":"Social Share Buttons","item":"https:\/\/elfsight.com\/pt\/social-media-share-buttons\/"},{"@type":"ListItem","position":3,"name":"Social Share Buttons &#8211; iFrame"}]},{"@type":"WebSite","@id":"https:\/\/elfsight.com\/pt\/#website","url":"https:\/\/elfsight.com\/pt\/","name":"Elfsight PT","description":"Just another Elfsight Sites site","potentialAction":[{"@type":"SearchAction","target":{"@type":"EntryPoint","urlTemplate":"https:\/\/elfsight.com\/pt\/?s={search_term_string}"},"query-input":{"@type":"PropertyValueSpecification","valueRequired":true,"valueName":"search_term_string"}}],"inLanguage":"pt-PT"}]}},"meta_box":{"industry":"","seo_heading":"","heading":"","description":"","cta_heading":"","cta_description":"","application":"1383","h1":"Bot\u00f5es de compartilhamento social iFrame","h1_caption":"Aumente a dissemina\u00e7\u00e3o do conte\u00fado do seu site nas redes sociais","application_category":[],"applications_title":"","applications_request_title":"","applications_request_button_text":"","hero_text":"","hero_video":"","hero_video_schema_markup":"","selling_points_title":"","selling_points_caption":"","selling_points":[],"selling_points_cta_text":"","features_title":"","features":"","ed_cta_examples_text":"","ed_cta_examples_hidden":"","ed_cta_demo_text":"","ed_cta_demo_hidden":"","why_caption":"","why_editor_title":"","why_editor_text":"","why_team_title":"","why_team_text":"","why_service_title":"","why_service_text":"","template_catalog_visible":"","template_catalog_title":"","template_catalog_text":"","template_catalog_categories_visible":"","demo_title":"Crie seu widget de bot\u00f5es de compartilhamento social","demo_caption":"Configure seus bot\u00f5es de compartilhamento social e adicione-os ao seu site iFrame gratuitamente!","default_faq_hidden":"","app_template_category":[],"platform":"4911","template_public_id":"","codecanyon_url":"","codecanyon_item_id":"","codecanyon_price":"","pricing_caption":"","pricing_elfsight_apps_hide_column":"","pricing_elfsight_apps_url":"","pricing_codecanyon_price_caption":"","integration_category":[],"integration_request_title":"","integration_request_cta":"","integration_platform":"","integrations":[],"platform_category":[],"video_schema_markup":"","price":"a partir de US$ 0\/m\u00eas","trial":"","benefits":[{"text":"Ajuda de instala\u00e7\u00e3o gratuita"},{"text":"Suporte ao cliente experiente"},{"text":"Garantia de reembolso de 14 dias"},{"text":"Melhorias gratuitas regulares"}],"button_url":"#demo","button_target_blank":"0","button_nofollow":"0","attributes":[{"name":"Instala\u00e7\u00f5es","content":"10,000 - 100,000","_state":"expanded"},{"name":"Responsivo","content":"Sim","_state":"expanded"},{"name":"Navegadores compat\u00edveis","content":"Firefox, Opera, Edge, Safari, Chrome"}],"tags":[],"tags_disable_links":"0","hide_more_platforms":"","video_object":"","demo_hide_cta":"0","demo_hide_cloud_options":"0","pricing_title":"","pricing":[{"pricing_icon":"platform","pricing_title":"Elfsight Apps","pricing_title_caption":"Software multiplataforma que funciona em qualquer site","pricing_price":"a partir de US$ 0\/m\u00eas","pricing_price_caption":"comece com plano gratuito","pricing_benefits":[{"text":"Sites ilimitados"},{"text":"Suporte r\u00e1pido ao cliente"},{"text":"Suporte r\u00e1pido ao cliente"},{"text":"100% personaliz\u00e1vel"}],"pricing_button_text":"Adicionar ao site","pricing_button_url":"#demo","_state":"expanded"}],"related_apps_title":"","related_apps_hidden":"1","author":"","image":[],"title":"","job":"","social_networks":[]},"_links":{"self":[{"href":"https:\/\/elfsight.com\/pt\/wp-json\/wp\/v2\/pages\/4640","targetHints":{"allow":["GET"]}}],"collection":[{"href":"https:\/\/elfsight.com\/pt\/wp-json\/wp\/v2\/pages"}],"about":[{"href":"https:\/\/elfsight.com\/pt\/wp-json\/wp\/v2\/types\/page"}],"author":[{"embeddable":true,"href":"https:\/\/elfsight.com\/pt\/wp-json\/wp\/v2\/users\/9"}],"replies":[{"embeddable":true,"href":"https:\/\/elfsight.com\/pt\/wp-json\/wp\/v2\/comments?post=4640"}],"version-history":[{"count":2,"href":"https:\/\/elfsight.com\/pt\/wp-json\/wp\/v2\/pages\/4640\/revisions"}],"predecessor-version":[{"id":12241,"href":"https:\/\/elfsight.com\/pt\/wp-json\/wp\/v2\/pages\/4640\/revisions\/12241"}],"up":[{"embeddable":true,"href":"https:\/\/elfsight.com\/pt\/wp-json\/wp\/v2\/pages\/697"}],"wp:attachment":[{"href":"https:\/\/elfsight.com\/pt\/wp-json\/wp\/v2\/media?parent=4640"}],"curies":[{"name":"wp","href":"https:\/\/api.w.org\/{rel}","templated":true}]}}