{"id":4638,"date":"2024-05-03T06:50:50","date_gmt":"2024-05-03T06:50:50","guid":{"rendered":"https:\/\/elfsight.com\/pt\/?page_id=4638"},"modified":"2024-11-13T11:51:14","modified_gmt":"2024-11-13T11:51:14","slug":"iframe","status":"publish","type":"page","link":"https:\/\/elfsight.com\/pt\/testimonials-slider-widget\/iframe\/","title":{"rendered":"Testimonials Slider &#8211; iFrame"},"content":{"rendered":"<div class=\"application-platform-content-item-description application-platform-content-item\" id=\"description\" data-nav-section=\"description\"><h2>Incorpore Testimonials Slider no iFrame com o widget Elfsight<\/h2><p>Testimonials Slider \u00e9 um plugin responsivo para revelar depoimentos de seus clientes em seu site. Voc\u00ea pode incorporar todos os tipos de informa\u00e7\u00f5es adicionais para tornar os depoimentos confi\u00e1veis: nome do autor, foto, s\u00edmbolo da empresa e at\u00e9 mesmo um URL para o site.<\/p> <p><b>Duplique o n\u00edvel de confian\u00e7a em seus produtos demonstrando aos usu\u00e1rios sobre os melhores depoimentos.<\/b><\/p> <p><b>Mostre seus depoimentos de forma confi\u00e1vel<\/b><br> Coloque todos os dados sobre o autor de cada um dos depoimentos, por exemplo , nome, empresa, cargo demonstram aos usu\u00e1rios que eles veem depoimentos de clientes reais existentes.<\/p><p><b>Aumente a convers\u00e3o em at\u00e9 200%<\/b><br> Transforme seus depoimentos no argumento indubit\u00e1vel, exibindo-os ali mesmo, onde os espectadores tomam sua decis\u00e3o sobre pedido ou registro.<\/p><p><b>Mais uma prova social<\/b><br> Um link do depoimento para o Twitter, Pinterest ou site do autor \u00e9 um detalhes importantes para os clientes, que agregar\u00e3o credibilidade e provar\u00e3o que seu neg\u00f3cio \u00e9 verdadeiro.<\/p><\/div><div class=\"application-platform-content-item-features application-platform-content-item\" id=\"features\" data-nav-section=\"features\"><h2>Principais recursos do widget Slider de Depoimentos<\/h2><p>Veja os recursos mais poderosos do nosso plugin. Eles fazem do nosso Slider de Depoimentos um plugin \u00fatil para qualquer site iFrame.<\/p><ul><li>Exibir o nome e a foto do autor para maior confian\u00e7a;<\/li><li>Usar legenda para o nome da empresa, cargo e outros dados; <\/li><li>Forne\u00e7a um link para o site do autor para uma apresenta\u00e7\u00e3o mais confi\u00e1vel;<\/li><li>Para adicionar confian\u00e7a, mostre o logotipo da empresa do autor.<\/li><p><a href=\"#demo\">Experimente todos os recursos da demonstra\u00e7\u00e3o ao vivo<\/a><\/p><\/div><div class=\"application-platform-content-item-installation application-platform-content-item\" id=\"installation\" data-nav-section=\"installation\"><h2>Como adicionar o controle deslizante de depoimentos ao site iFrame<\/h2><p> O plugin Elfsight \u00e9 o mais f\u00e1cil de todos em termos de configura\u00e7\u00e3o e n\u00e3o requer nenhuma habilidade em desenvolvimento web. A conclus\u00e3o do tutorial durar\u00e1 apenas um minuto ou mais.<\/p><ol><li><b>Construa seu plugin exclusivo de Depoimentos<\/b><br> Com a ajuda de nosso configurador gratuito, obtenha um plugin com um layout e funcionalidade selecionados. <\/li><li><b>Receba o c\u00f3digo individual para instalar o plugin<\/b><br> Depois de criar o seu plugin, voc\u00ea obter\u00e1 o c\u00f3digo de configura\u00e7\u00e3o na notifica\u00e7\u00e3o que aparece nos aplicativos da Elfsight. Copie. <\/li> <li><b>Exiba o plugin em seu site iFrame<\/b><br> Selecione a \u00e1rea onde voc\u00ea planeja exibir o plugin e insira o c\u00f3digo salvo l\u00e1. Aplique as edi\u00e7\u00f5es. <\/li> <li><b>Pronto! <\/b><br> Entre na loja para ver seu plugin. <\/li> <\/ol><p>Tive algum problema ao instalar ou configurar o plugin? Explore as extensas instru\u00e7\u00f5es sobre como adicionar o controle deslizante de depoimentos ao iFrame ou dirija-se ao nosso Centro de suporte.<\/p><div class=\"faq\" data-component=\"FAQ\"> <div class=\"faq-item\">\r\n\t\t\t\t\t<div class=\"faq-item-question\">\r\n\t\t\t\t\t\t<h3 class=\"faq-item-question-text\">Como adicionar o controle deslizante de depoimentos ao meu site iFrame sem habilidades de codifica\u00e7\u00e3o?<\/h3>\r\n\r\n\t\t\t\t\t\t<div class=\"faq-item-question-icon\"><\/div>\r\n\t\t\t\t\t<\/div>\r\n\r\n\t\t\t\t\t<div class=\"faq-item-answer\">\r\n\t\t\t\t\t\t<div class=\"faq-item-answer-text\"> <p>A Elfsight fornece um Solu\u00e7\u00e3o SaaS que permite que voc\u00ea mesmo crie um widget Testimonials Slider, veja como o processo \u00e9 f\u00e1cil: Trabalhe diretamente no Editor on-line para criar um widget Testimonials Slider que voc\u00ea gostaria de ver em seu site iFrame. Escolha um dos modelos predefinidos e ajuste as configura\u00e7\u00f5es do controle deslizante de depoimentos, adicione seu conte\u00fado, altere o layout e as cores sem nenhuma habilidade de codifica\u00e7\u00e3o. Salve o controle deslizante de depoimentos e copie seu c\u00f3digo de instala\u00e7\u00e3o, que voc\u00ea pode incluir facilmente em seu site iFrame sem a necessidade de comprar uma assinatura paga. Com nosso editor intuitivo, qualquer usu\u00e1rio da Internet pode criar um widget Testimonials Slider online e incorpor\u00e1-lo facilmente em seu site iFrame. N\u00e3o h\u00e1 necessidade de pagar ou inserir as credenciais do seu cart\u00e3o para acessar o servi\u00e7o. Se voc\u00ea enfrentar qualquer problema em qualquer etapa, n\u00e3o hesite em entrar em contato com nossa equipe de suporte t\u00e9cnico.<\/p> <\/div>\r\n\t\t\t\t\t<\/div>\r\n\t\t\t\t<\/div> <\/div> <\/div><\/ul>","protected":false},"excerpt":{"rendered":"","protected":false},"author":9,"featured_media":0,"parent":559,"menu_order":0,"comment_status":"closed","ping_status":"closed","template":"templates\/template-application-platform.php","meta":{"publish_to_discourse":"","publish_post_category":"","wpdc_auto_publish_overridden":"","wpdc_topic_tags":"","wpdc_pin_topic":"","wpdc_pin_until":"","discourse_post_id":"","discourse_permalink":"","wpdc_publishing_response":"","wpdc_publishing_error":"","footnotes":""},"class_list":["post-4638","page","type-page","status-publish","hentry"],"yoast_head":"<!-- This site is optimized with the Yoast SEO plugin v25.3.1 - https:\/\/yoast.com\/wordpress\/plugins\/seo\/ -->\n<title>Plugin iFrame Testimonials Slider para o seu site (gratuito e r\u00e1pido)<\/title>\n<meta name=\"description\" content=\"Examine o melhor plugin Testimonials Slider para iFrame gratuitamente. Uma configura\u00e7\u00e3o descomplicada e r\u00e1pida sem conhecimento de programa\u00e7\u00e3o em apenas 1 minuto.\" \/>\n<meta name=\"robots\" content=\"index, follow, max-snippet:-1, max-image-preview:large, max-video-preview:-1\" \/>\n<link rel=\"canonical\" href=\"https:\/\/elfsight.com\/pt\/testimonials-slider-widget\/iframe\/\" \/>\n<meta property=\"og:locale\" content=\"pt_PT\" \/>\n<meta property=\"og:type\" content=\"article\" \/>\n<meta property=\"og:title\" content=\"Plugin iFrame Testimonials Slider para o seu site (gratuito e r\u00e1pido)\" \/>\n<meta property=\"og:description\" content=\"Examine o melhor plugin Testimonials Slider para iFrame gratuitamente. Uma configura\u00e7\u00e3o descomplicada e r\u00e1pida sem conhecimento de programa\u00e7\u00e3o em apenas 1 minuto.\" \/>\n<meta property=\"og:url\" content=\"https:\/\/elfsight.com\/pt\/testimonials-slider-widget\/iframe\/\" \/>\n<meta property=\"og:site_name\" content=\"Elfsight PT\" \/>\n<meta property=\"article:modified_time\" content=\"2024-11-13T11:51:14+00:00\" \/>\n<meta name=\"twitter:card\" content=\"summary_large_image\" \/>\n<meta name=\"twitter:label1\" content=\"Tempo estimado de leitura\" \/>\n\t<meta name=\"twitter:data1\" content=\"2 minutos\" \/>\n<!-- \/ Yoast SEO plugin. -->","yoast_head_json":{"title":"Plugin iFrame Testimonials Slider para o seu site (gratuito e r\u00e1pido)","description":"Examine o melhor plugin Testimonials Slider para iFrame gratuitamente. Uma configura\u00e7\u00e3o descomplicada e r\u00e1pida sem conhecimento de programa\u00e7\u00e3o em apenas 1 minuto.","robots":{"index":"index","follow":"follow","max-snippet":"max-snippet:-1","max-image-preview":"max-image-preview:large","max-video-preview":"max-video-preview:-1"},"canonical":"https:\/\/elfsight.com\/pt\/testimonials-slider-widget\/iframe\/","og_locale":"pt_PT","og_type":"article","og_title":"Plugin iFrame Testimonials Slider para o seu site (gratuito e r\u00e1pido)","og_description":"Examine o melhor plugin Testimonials Slider para iFrame gratuitamente. Uma configura\u00e7\u00e3o descomplicada e r\u00e1pida sem conhecimento de programa\u00e7\u00e3o em apenas 1 minuto.","og_url":"https:\/\/elfsight.com\/pt\/testimonials-slider-widget\/iframe\/","og_site_name":"Elfsight PT","article_modified_time":"2024-11-13T11:51:14+00:00","twitter_card":"summary_large_image","twitter_misc":{"Tempo estimado de leitura":"2 minutos"},"schema":{"@context":"https:\/\/schema.org","@graph":[{"@type":"WebPage","@id":"https:\/\/elfsight.com\/pt\/testimonials-slider-widget\/iframe\/","url":"https:\/\/elfsight.com\/pt\/testimonials-slider-widget\/iframe\/","name":"Plugin iFrame Testimonials Slider para o seu site (gratuito e r\u00e1pido)","isPartOf":{"@id":"https:\/\/elfsight.com\/pt\/#website"},"datePublished":"2024-05-03T06:50:50+00:00","dateModified":"2024-11-13T11:51:14+00:00","description":"Examine o melhor plugin Testimonials Slider para iFrame gratuitamente. Uma configura\u00e7\u00e3o descomplicada e r\u00e1pida sem conhecimento de programa\u00e7\u00e3o em apenas 1 minuto.","breadcrumb":{"@id":"https:\/\/elfsight.com\/pt\/testimonials-slider-widget\/iframe\/#breadcrumb"},"inLanguage":"pt-PT","potentialAction":[{"@type":"ReadAction","target":["https:\/\/elfsight.com\/pt\/testimonials-slider-widget\/iframe\/"]}]},{"@type":"BreadcrumbList","@id":"https:\/\/elfsight.com\/pt\/testimonials-slider-widget\/iframe\/#breadcrumb","itemListElement":[{"@type":"ListItem","position":1,"name":"Home","item":"https:\/\/elfsight.com\/pt\/"},{"@type":"ListItem","position":2,"name":"Testimonials Slider","item":"https:\/\/elfsight.com\/pt\/testimonials-slider-widget\/"},{"@type":"ListItem","position":3,"name":"Testimonials Slider &#8211; iFrame"}]},{"@type":"WebSite","@id":"https:\/\/elfsight.com\/pt\/#website","url":"https:\/\/elfsight.com\/pt\/","name":"Elfsight PT","description":"Just another Elfsight Sites site","potentialAction":[{"@type":"SearchAction","target":{"@type":"EntryPoint","urlTemplate":"https:\/\/elfsight.com\/pt\/?s={search_term_string}"},"query-input":{"@type":"PropertyValueSpecification","valueRequired":true,"valueName":"search_term_string"}}],"inLanguage":"pt-PT"}]}},"meta_box":{"industry":"","seo_heading":"","heading":"","description":"","cta_heading":"","cta_description":"","application":"947","h1":"Plug-in deslizante de depoimentos iFrame","h1_caption":"O melhor plugin para mostrar a opini\u00e3o dos seus clientes sobre seus produtos ou servi\u00e7os!","application_category":[],"applications_title":"","applications_request_title":"","applications_request_button_text":"","hero_text":"","hero_video":"","hero_video_schema_markup":"","selling_points_title":"","selling_points_caption":"","selling_points":[],"selling_points_cta_text":"","features_title":"","features":"","ed_cta_examples_text":"","ed_cta_examples_hidden":"","ed_cta_demo_text":"","ed_cta_demo_hidden":"","why_caption":"","why_editor_title":"","why_editor_text":"","why_team_title":"","why_team_text":"","why_service_title":"","why_service_text":"","template_catalog_visible":"","template_catalog_title":"","template_catalog_text":"","template_catalog_categories_visible":"","demo_title":"Crie seu widget deslizante de depoimentos","demo_caption":"Configure seu controle deslizante de depoimentos e adicione-o ao seu site iFrame gratuitamente!","default_faq_hidden":"","app_template_category":[],"platform":"4911","template_public_id":"","codecanyon_url":"","codecanyon_item_id":"","codecanyon_price":"","pricing_caption":"","pricing_elfsight_apps_hide_column":"","pricing_elfsight_apps_url":"","pricing_codecanyon_price_caption":"","integration_category":[],"integration_request_title":"","integration_request_cta":"","integration_platform":"","integrations":[],"platform_category":[],"video_schema_markup":"","price":"a partir de US$ 0\/m\u00eas","trial":"","benefits":[{"text":"Servi\u00e7o de instala\u00e7\u00e3o gratuito"},{"text":"Atendimento ao cliente profissional"},{"text":"Garantia de reembolso de 14 dias"},{"text":"Atualizando constantemente"}],"button_url":"#demo","button_target_blank":"0","button_nofollow":"0","attributes":[{"name":"Instala\u00e7\u00f5es","content":"10,000 - 100,000","_state":"expanded"},{"name":"Responsivo","content":"Sim","_state":"expanded"},{"name":"Navegadores compat\u00edveis","content":"Edge, Chrome, Firefox, Safari, Opera"}],"tags":[],"tags_disable_links":"0","hide_more_platforms":"","video_object":"","demo_hide_cta":"0","demo_hide_cloud_options":"0","pricing_title":"","pricing":[{"pricing_icon":"platform","pricing_title":"Elfsight Apps","pricing_title_caption":"Vers\u00e3o independente de plataforma que se adapta a qualquer site","pricing_price":"a partir de US$ 0\/m\u00eas","pricing_price_caption":"comece com plano gratuito","pricing_benefits":[{"text":"N\u00famero ilimitado de sites"},{"text":"Suporte premium"},{"text":"Suporte premium"},{"text":"Oferta especial para v\u00e1rios aplicativos"}],"pricing_button_text":"Adicionar ao site","pricing_button_url":"#demo","_state":"expanded"}],"related_apps_title":"","related_apps_hidden":"1","author":"","image":[],"title":"","job":"","social_networks":[]},"_links":{"self":[{"href":"https:\/\/elfsight.com\/pt\/wp-json\/wp\/v2\/pages\/4638","targetHints":{"allow":["GET"]}}],"collection":[{"href":"https:\/\/elfsight.com\/pt\/wp-json\/wp\/v2\/pages"}],"about":[{"href":"https:\/\/elfsight.com\/pt\/wp-json\/wp\/v2\/types\/page"}],"author":[{"embeddable":true,"href":"https:\/\/elfsight.com\/pt\/wp-json\/wp\/v2\/users\/9"}],"replies":[{"embeddable":true,"href":"https:\/\/elfsight.com\/pt\/wp-json\/wp\/v2\/comments?post=4638"}],"version-history":[{"count":2,"href":"https:\/\/elfsight.com\/pt\/wp-json\/wp\/v2\/pages\/4638\/revisions"}],"predecessor-version":[{"id":12283,"href":"https:\/\/elfsight.com\/pt\/wp-json\/wp\/v2\/pages\/4638\/revisions\/12283"}],"up":[{"embeddable":true,"href":"https:\/\/elfsight.com\/pt\/wp-json\/wp\/v2\/pages\/559"}],"wp:attachment":[{"href":"https:\/\/elfsight.com\/pt\/wp-json\/wp\/v2\/media?parent=4638"}],"curies":[{"name":"wp","href":"https:\/\/api.w.org\/{rel}","templated":true}]}}