{"id":4636,"date":"1970-01-01T00:00:00","date_gmt":"1970-01-01T00:00:00","guid":{"rendered":"https:\/\/elfsight.com\/pt\/?page_id=4636"},"modified":"2024-11-13T11:19:29","modified_gmt":"2024-11-13T11:19:29","slug":"iframe","status":"publish","type":"page","link":"https:\/\/elfsight.com\/pt\/tiktok-feed-widget\/iframe\/","title":{"rendered":"TikTok Feed &#8211; iFrame"},"content":{"rendered":"<div class=\"application-platform-content-item-description application-platform-content-item\" id=\"description\" data-nav-section=\"description\"> <h2>Incorpore o feed do TikTok no iFrame com o widget Elfsight<\/h2> <p>O Elfsight TiKTok Feed para iFrame \u00e9 um widget exclusivo para marketing, n\u00e3o apenas coisas, mas emo\u00e7\u00f5es e experi\u00eancias. Ao us\u00e1-lo, voc\u00ea pode criar um feed personalizado feito com o conte\u00fado do TikTok &#8211; e exibi-lo diretamente em seu site. Construa uma galeria de v\u00eddeos em poucos minutos! Exer\u00e7a controle absoluto sobre o conte\u00fado revelado e elimine spam e qualquer conte\u00fado indesejado usando modera\u00e7\u00e3o manual. O configurador online totalmente responsivo oferece v\u00e1rios modelos para voc\u00ea escolher. <\/p> <p><b>Torne seu site mais eficiente para objetivos de neg\u00f3cios com a ajuda do TikTok Feed<\/b><\/p> <\/div> <div class=\"application-platform-content-item-features application-platform-content-item\" id=\"features\" data-nav-section=\"features\"> <h2>Estes s\u00e3o apenas v\u00e1rios dos poderosos recursos do widget: <\/h2> <ul><li>Coloque o cabe\u00e7alho para fazer seu widget parecer minimalista. <\/li><li>Livre-se de qualquer spam e conte\u00fado indesejado aplicando o modo de modera\u00e7\u00e3o manual. <\/li><li>Instale o bot\u00e3o Seguir no feed de ferramentas. <\/li><li>Fa\u00e7a com que suas postagens sejam visualizadas em um pop-up. <\/li><\/ul><p><a href=\"#demo\">Experimente todas as op\u00e7\u00f5es de personaliza\u00e7\u00e3o em uma demonstra\u00e7\u00e3o totalmente funcional<\/a><\/p> <\/div> <div class=\"application-platform-content-item-installation application-platform-content-item\" id=\"installation\" data-nav-section=\"installation\"> <h2>Como fa\u00e7o para incorporar o TikTok Feed em meu site iFrame? <\/h2> <p>Simplesmente siga estas etapas abaixo para come\u00e7ar a usar o widget. <\/p> <ol><li><b>Utilize nosso editor gratuito e comece a moldar seu widget personalizado. <\/b><br> Determine a forma preferida e as especifica\u00e7\u00f5es da ferramenta e salve as modifica\u00e7\u00f5es. <\/li> <li><b>Copie o c\u00f3digo exclusivo exposto na caixa dos aplicativos Elfsight. <\/b><br> Logo ap\u00f3s a cria\u00e7\u00e3o do seu widget, copie o c\u00f3digo exclusivo na janela exibida e salve-o para uso futuro. <\/li> <li><b>Iniciar a utiliza\u00e7\u00e3o da ferramenta no seu site iFrame. <\/b><br> Adicione o c\u00f3digo que voc\u00ea copiou recentemente em seu site e salve as edi\u00e7\u00f5es. <\/li> <li><b>A configura\u00e7\u00e3o foi conclu\u00edda com sucesso. <\/b><br> Acesse sua p\u00e1gina para verificar como a ferramenta funciona. <\/li><\/ol> <p>Na condi\u00e7\u00e3o de enfrentar d\u00favidas ou enfrentar alguma dificuldade, n\u00e3o tenha medo de solicitar nossa equipe de atendimento ao cliente. Nossos consultores ter\u00e3o prazer em resolver todos os problemas que voc\u00ea possa ter com o produto. <\/p> <\/div><div class=\"faq\" data-component=\"FAQ\"><div class=\"faq-item\">\r\n\t\t\t\t\t<div class=\"faq-item-question\">\r\n\t\t\t\t\t\t<h3 class=\"faq-item-question-text\">Existe uma maneira de adicionar o TikTok Feed ao meu site iFrame sem conhecimento de codifica\u00e7\u00e3o?<\/h3>\r\n\r\n\t\t\t\t\t\t<div class=\"faq-item-question-icon\"><\/div>\r\n\t\t\t\t\t<\/div>\r\n\r\n\t\t\t\t\t<div class=\"faq-item-answer\">\r\n\t\t\t\t\t\t<div class=\"faq-item-answer-text\"><p>A empresa Elfsight oferece uma solu\u00e7\u00e3o que permite que as pessoas criem uma se\u00e7\u00e3o de feed do TikTok por conta pr\u00f3pria, aprenda as instru\u00e7\u00f5es simples:<\/p><ul><li>Comece a trabalhar no editor on-line para estabelecer uma se\u00e7\u00e3o de feed do TikTok que voc\u00ea gostaria que aparecesse na p\u00e1gina da web do iFrame.<\/li><li>Selecione um dos muitos modelos predefinidos e modifique as configura\u00e7\u00f5es do TikTok Feed, inclua seu conte\u00fado, altere o layout e as cores sem experi\u00eancia de codifica\u00e7\u00e3o.<\/li><li>Salve o TikTok Feed e obtenha o c\u00f3digo para instala\u00e7\u00e3o, que pode ser facilmente adicionado \u00e0 sua p\u00e1gina iFrame sem comprar uma vers\u00e3o paga.<\/li><\/ul><p>Usando nosso configurador f\u00e1cil de usar, qualquer usu\u00e1rio da Internet pode gerar o TikTok Feed on-line e incorpor\u00e1-lo prontamente em qualquer iFrame site. N\u00e3o \u00e9 necess\u00e1rio pagar ou enviar os dados do seu cart\u00e3o para acessar o Editor. Se voc\u00ea encontrar qualquer tipo de problema, fale com nosso suporte ao cliente.<\/p><\/div>\r\n\t\t\t\t\t<\/div>\r\n\t\t\t\t<\/div><\/div>","protected":false},"excerpt":{"rendered":"","protected":false},"author":9,"featured_media":0,"parent":1491,"menu_order":0,"comment_status":"closed","ping_status":"closed","template":"templates\/template-application-platform.php","meta":{"publish_to_discourse":"","publish_post_category":"","wpdc_auto_publish_overridden":"","wpdc_topic_tags":"","wpdc_pin_topic":"","wpdc_pin_until":"","discourse_post_id":"","discourse_permalink":"","wpdc_publishing_response":"","wpdc_publishing_error":"","footnotes":""},"class_list":["post-4636","page","type-page","status-publish","hentry"],"yoast_head":"<!-- This site is optimized with the Yoast SEO plugin v25.3.1 - https:\/\/yoast.com\/wordpress\/plugins\/seo\/ -->\n<title>Adicione o widget TikTok Feed ao site iFrame (r\u00e1pido e gratuito)<\/title>\n<meta name=\"description\" content=\"Adicione um widget iFrame TikTok Feed compat\u00edvel com dispositivos m\u00f3veis ao seu site. Experimente a demonstra\u00e7\u00e3o pr\u00e1tica da Elfsight e gere seu widget TikTok exclusivo.\" \/>\n<meta name=\"robots\" content=\"index, follow, max-snippet:-1, max-image-preview:large, max-video-preview:-1\" \/>\n<link rel=\"canonical\" href=\"https:\/\/elfsight.com\/pt\/tiktok-feed-widget\/iframe\/\" \/>\n<meta property=\"og:locale\" content=\"pt_PT\" \/>\n<meta property=\"og:type\" content=\"article\" \/>\n<meta property=\"og:title\" content=\"Adicione o widget TikTok Feed ao site iFrame (r\u00e1pido e gratuito)\" \/>\n<meta property=\"og:description\" content=\"Adicione um widget iFrame TikTok Feed compat\u00edvel com dispositivos m\u00f3veis ao seu site. Experimente a demonstra\u00e7\u00e3o pr\u00e1tica da Elfsight e gere seu widget TikTok exclusivo.\" \/>\n<meta property=\"og:url\" content=\"https:\/\/elfsight.com\/pt\/tiktok-feed-widget\/iframe\/\" \/>\n<meta property=\"og:site_name\" content=\"Elfsight PT\" \/>\n<meta property=\"article:modified_time\" content=\"2024-11-13T11:19:29+00:00\" \/>\n<meta name=\"twitter:card\" content=\"summary_large_image\" \/>\n<meta name=\"twitter:label1\" content=\"Tempo estimado de leitura\" \/>\n\t<meta name=\"twitter:data1\" content=\"2 minutos\" \/>\n<!-- \/ Yoast SEO plugin. -->","yoast_head_json":{"title":"Adicione o widget TikTok Feed ao site iFrame (r\u00e1pido e gratuito)","description":"Adicione um widget iFrame TikTok Feed compat\u00edvel com dispositivos m\u00f3veis ao seu site. Experimente a demonstra\u00e7\u00e3o pr\u00e1tica da Elfsight e gere seu widget TikTok exclusivo.","robots":{"index":"index","follow":"follow","max-snippet":"max-snippet:-1","max-image-preview":"max-image-preview:large","max-video-preview":"max-video-preview:-1"},"canonical":"https:\/\/elfsight.com\/pt\/tiktok-feed-widget\/iframe\/","og_locale":"pt_PT","og_type":"article","og_title":"Adicione o widget TikTok Feed ao site iFrame (r\u00e1pido e gratuito)","og_description":"Adicione um widget iFrame TikTok Feed compat\u00edvel com dispositivos m\u00f3veis ao seu site. Experimente a demonstra\u00e7\u00e3o pr\u00e1tica da Elfsight e gere seu widget TikTok exclusivo.","og_url":"https:\/\/elfsight.com\/pt\/tiktok-feed-widget\/iframe\/","og_site_name":"Elfsight PT","article_modified_time":"2024-11-13T11:19:29+00:00","twitter_card":"summary_large_image","twitter_misc":{"Tempo estimado de leitura":"2 minutos"},"schema":{"@context":"https:\/\/schema.org","@graph":[{"@type":"WebPage","@id":"https:\/\/elfsight.com\/pt\/tiktok-feed-widget\/iframe\/","url":"https:\/\/elfsight.com\/pt\/tiktok-feed-widget\/iframe\/","name":"Adicione o widget TikTok Feed ao site iFrame (r\u00e1pido e gratuito)","isPartOf":{"@id":"https:\/\/elfsight.com\/pt\/#website"},"datePublished":"1970-01-01T00:00:00+00:00","dateModified":"2024-11-13T11:19:29+00:00","description":"Adicione um widget iFrame TikTok Feed compat\u00edvel com dispositivos m\u00f3veis ao seu site. Experimente a demonstra\u00e7\u00e3o pr\u00e1tica da Elfsight e gere seu widget TikTok exclusivo.","breadcrumb":{"@id":"https:\/\/elfsight.com\/pt\/tiktok-feed-widget\/iframe\/#breadcrumb"},"inLanguage":"pt-PT","potentialAction":[{"@type":"ReadAction","target":["https:\/\/elfsight.com\/pt\/tiktok-feed-widget\/iframe\/"]}]},{"@type":"BreadcrumbList","@id":"https:\/\/elfsight.com\/pt\/tiktok-feed-widget\/iframe\/#breadcrumb","itemListElement":[{"@type":"ListItem","position":1,"name":"Home","item":"https:\/\/elfsight.com\/pt\/"},{"@type":"ListItem","position":2,"name":"TikTok Feed","item":"https:\/\/elfsight.com\/pt\/tiktok-feed-widget\/"},{"@type":"ListItem","position":3,"name":"TikTok Feed &#8211; iFrame"}]},{"@type":"WebSite","@id":"https:\/\/elfsight.com\/pt\/#website","url":"https:\/\/elfsight.com\/pt\/","name":"Elfsight PT","description":"Just another Elfsight Sites site","potentialAction":[{"@type":"SearchAction","target":{"@type":"EntryPoint","urlTemplate":"https:\/\/elfsight.com\/pt\/?s={search_term_string}"},"query-input":{"@type":"PropertyValueSpecification","valueRequired":true,"valueName":"search_term_string"}}],"inLanguage":"pt-PT"}]}},"meta_box":{"industry":"","seo_heading":"","heading":"","description":"","cta_heading":"","cta_description":"","application":"1490","h1":"Widget de feed iFrame TikTok","h1_caption":"Exiba seu conte\u00fado do TikTok em seu site com facilidade!","application_category":[],"applications_title":"","applications_request_title":"","applications_request_button_text":"","hero_text":"","hero_video":"","hero_video_schema_markup":"","selling_points_title":"","selling_points_caption":"","selling_points":[],"selling_points_cta_text":"","features_title":"","features":"","ed_cta_examples_text":"","ed_cta_examples_hidden":"","ed_cta_demo_text":"","ed_cta_demo_hidden":"","why_caption":"","why_editor_title":"","why_editor_text":"","why_team_title":"","why_team_text":"","why_service_title":"","why_service_text":"","template_catalog_visible":"","template_catalog_title":"","template_catalog_text":"","template_catalog_categories_visible":"","demo_title":"Crie seu widget de feed TikTok","demo_caption":"Configure seu TikTok Feed e adicione-o ao seu site iFrame gratuitamente!","default_faq_hidden":"","app_template_category":[],"platform":"4911","template_public_id":"","codecanyon_url":"","codecanyon_item_id":"","codecanyon_price":"","pricing_caption":"","pricing_elfsight_apps_hide_column":"","pricing_elfsight_apps_url":"","pricing_codecanyon_price_caption":"","integration_category":[],"integration_request_title":"","integration_request_cta":"","integration_platform":"","integrations":[],"platform_category":[],"video_schema_markup":"","price":"a partir de US$ 0\/m\u00eas","trial":"","benefits":[{"text":"Assist\u00eancia de instala\u00e7\u00e3o gratuita"},{"text":"Atendimento ao cliente competente"},{"text":"Garantia de reembolso de 14 dias"},{"text":"Futuras melhorias gratuitas"}],"button_url":"#demo","button_target_blank":"0","button_nofollow":"0","attributes":[{"name":"Instala\u00e7\u00f5es","content":"10,000 - 100,000","_state":"expanded"},{"name":"Responsivo","content":"Sim","_state":"expanded"},{"name":"Navegadores compat\u00edveis","content":"Firefox, Safari, Opera, Chrome, Edge"}],"tags":[],"tags_disable_links":"0","hide_more_platforms":"","video_object":"","demo_hide_cta":"0","demo_hide_cloud_options":"0","pricing_title":"","pricing":[{"pricing_icon":"platform","pricing_title":"Elfsight Apps","pricing_title_caption":"Solu\u00e7\u00e3o digital independente de plataforma adequada para qualquer site","pricing_price":"a partir de US$ 0\/m\u00eas","pricing_price_caption":"comece com um plano gratuito","pricing_benefits":[{"text":"Dom\u00ednios ilimitados"},{"text":"Suporte gratuito e bem documentado"},{"text":"Suporte gratuito e bem documentado"},{"text":"100% personaliz\u00e1vel"}],"pricing_button_text":"Adicionar ao site","pricing_button_url":"#demo","_state":"expanded"}],"related_apps_title":"","related_apps_hidden":"1","author":"","image":[],"title":"","job":"","social_networks":[]},"_links":{"self":[{"href":"https:\/\/elfsight.com\/pt\/wp-json\/wp\/v2\/pages\/4636","targetHints":{"allow":["GET"]}}],"collection":[{"href":"https:\/\/elfsight.com\/pt\/wp-json\/wp\/v2\/pages"}],"about":[{"href":"https:\/\/elfsight.com\/pt\/wp-json\/wp\/v2\/types\/page"}],"author":[{"embeddable":true,"href":"https:\/\/elfsight.com\/pt\/wp-json\/wp\/v2\/users\/9"}],"replies":[{"embeddable":true,"href":"https:\/\/elfsight.com\/pt\/wp-json\/wp\/v2\/comments?post=4636"}],"version-history":[{"count":2,"href":"https:\/\/elfsight.com\/pt\/wp-json\/wp\/v2\/pages\/4636\/revisions"}],"predecessor-version":[{"id":12316,"href":"https:\/\/elfsight.com\/pt\/wp-json\/wp\/v2\/pages\/4636\/revisions\/12316"}],"up":[{"embeddable":true,"href":"https:\/\/elfsight.com\/pt\/wp-json\/wp\/v2\/pages\/1491"}],"wp:attachment":[{"href":"https:\/\/elfsight.com\/pt\/wp-json\/wp\/v2\/media?parent=4636"}],"curies":[{"name":"wp","href":"https:\/\/api.w.org\/{rel}","templated":true}]}}