{"id":4628,"date":"1970-01-01T00:00:00","date_gmt":"1970-01-01T00:00:00","guid":{"rendered":"https:\/\/elfsight.com\/pt\/?page_id=4628"},"modified":"2024-11-13T11:19:20","modified_gmt":"2024-11-13T11:19:20","slug":"html","status":"publish","type":"page","link":"https:\/\/elfsight.com\/pt\/tiktok-feed-widget\/html\/","title":{"rendered":"TikTok Feed &#8211; HTML"},"content":{"rendered":"<div class=\"application-platform-content-item-description application-platform-content-item\" id=\"description\" data-nav-section=\"description\"> <h2>Descri\u00e7\u00e3o<\/h2> <p>Elfsight TiKTok Feed for HTML \u00e9 um widget exclusivo para promover n\u00e3o apenas coisas, mas tamb\u00e9m emo\u00e7\u00f5es e experi\u00eancias. Ao us\u00e1-lo voc\u00ea pode moldar um feed individualizado composto pelo conte\u00fado do TikTok \u2013 e apresent\u00e1-lo diretamente no seu site. Crie uma galeria de v\u00eddeos com apenas alguns cliques! Exer\u00e7a controle total sobre o conte\u00fado demonstrado e elimine spam e qualquer conte\u00fado indesejado por meio de modera\u00e7\u00e3o manual. O configurador online totalmente responsivo oferece v\u00e1rios modelos para voc\u00ea escolher. <\/p> <p><b>Com o TikTok Feed, veja um forte desenvolvimento de neg\u00f3cios e aumente as vendas <\/b><\/p> <\/div> <div class=\"application-platform-content-item-features application-platform-content-item\" id=\"features\" data-nav-section=\"features\"> <h2>Os recursos de widget mais populares oferecem <\/h2> <ul><li>Coloque a se\u00e7\u00e3o da cabe\u00e7a para fazer com que sua ferramenta pare\u00e7a minimalista. <\/li><li>Elimine qualquer spam e conte\u00fado indesejado usando modera\u00e7\u00e3o manual. <\/li><li>Instale o bot\u00e3o Seguir nos cart\u00f5es de widget. <\/li><li>Permita que suas postagens apare\u00e7am em um pop-up. <\/li><\/ul><p><a href=\"#demo\">Voc\u00ea pode sentir o que o widget oferece ao experimentar a demonstra\u00e7\u00e3o<\/a><\/p> <\/div> <div class=\"application-platform-content-item-installation application-platform-content-item\" id=\"installation\" data-nav-section=\"installation\"> <h2>Como adiciono o TikTok Feed ao meu site HTML? <\/h2> <p>Basta aplicar as instru\u00e7\u00f5es abaixo para inserir o widget. <\/p> <ol><li><b>Utilize nossa demonstra\u00e7\u00e3o gratuita e comece a moldar seu widget personalizado. <\/b><br> Determine o layout e os par\u00e2metros preferidos do widget e salve as edi\u00e7\u00f5es. <\/li> <li><b>Copie o c\u00f3digo exclusivo que \u00e9 mostrado na janela dos aplicativos Elfsight. <\/b><br> Ap\u00f3s o estabelecimento do seu widget pessoal, copie o c\u00f3digo exclusivo do pop-up exibido e salve-o para uso futuro. <\/li> <li><b>Inicie o uso do widget em seu site HTML. <\/b><br> Incorpore o c\u00f3digo que voc\u00ea salvou recentemente em seu site e salve as modifica\u00e7\u00f5es. <\/li> <li><b>A instala\u00e7\u00e3o est\u00e1 totalmente conclu\u00edda. <\/b><br> Visite seu site para observar como o widget funciona. <\/li><\/ol> <p>Caso voc\u00ea encontre alguma complica\u00e7\u00e3o, n\u00e3o hesite em entrar em contato com nossa equipe de atendimento ao cliente. Nosso pessoal ter\u00e1 prazer em resolver todas as dificuldades que voc\u00ea possa ter com a ferramenta. <\/p> <\/div><div class=\"faq\" data-component=\"FAQ\"><div class=\"faq-item\">\r\n\t\t\t\t\t<div class=\"faq-item-question\">\r\n\t\t\t\t\t\t<h3 class=\"faq-item-question-text\">De que maneira posso adicionar o TikTok Feed \u00e0 minha p\u00e1gina inicial HTML sem nenhum conhecimento de codifica\u00e7\u00e3o?<\/h3>\r\n\r\n\t\t\t\t\t\t<div class=\"faq-item-question-icon\"><\/div>\r\n\t\t\t\t\t<\/div>\r\n\r\n\t\t\t\t\t<div class=\"faq-item-answer\">\r\n\t\t\t\t\t\t<div class=\"faq-item-answer-text\"><p>Empresa Elfsight apresenta uma solu\u00e7\u00e3o em nuvem que permite aos usu\u00e1rios criar voc\u00ea mesmo um plugin do TikTok Feed. Descubra como \u00e9 f\u00e1cil:<\/p><ul><li>Comece a trabalhar diretamente na demonstra\u00e7\u00e3o ao vivo para criar um widget do TikTok Feed que voc\u00ea gostaria que aparecesse em HTML site.<\/li><li>Selecione um dos modelos pr\u00e9-concebidos e ajuste as configura\u00e7\u00f5es do TikTok Feed, altere o layout e a cor dos elementos, inclua seu conte\u00fado sem habilidades de codifica\u00e7\u00e3o.<\/li><li>Clique para salve as configura\u00e7\u00f5es que voc\u00ea fez no TikTok Feed e copie o c\u00f3digo de instala\u00e7\u00e3o do plugin, que pode ser facilmente inclu\u00eddo em sua p\u00e1gina HTML sem a necessidade de comprar uma vers\u00e3o paga.<\/li><\/ul><p>Com o configurador intuitivo qualquer usu\u00e1rio da Internet pode criar o TikTok Feed e adicion\u00e1-lo facilmente \u00e0 p\u00e1gina HTML. Voc\u00ea n\u00e3o deve pagar ou inserir as credenciais do seu cart\u00e3o para entrar em nosso servi\u00e7o. Se voc\u00ea tiver qualquer tipo de problema, entre em contato com nossa equipe de suporte.<\/p><\/div>\r\n\t\t\t\t\t<\/div>\r\n\t\t\t\t<\/div><\/div>","protected":false},"excerpt":{"rendered":"","protected":false},"author":9,"featured_media":0,"parent":1491,"menu_order":0,"comment_status":"closed","ping_status":"closed","template":"templates\/template-application-platform.php","meta":{"publish_to_discourse":"","publish_post_category":"","wpdc_auto_publish_overridden":"","wpdc_topic_tags":"","wpdc_pin_topic":"","wpdc_pin_until":"","discourse_post_id":"","discourse_permalink":"","wpdc_publishing_response":"","wpdc_publishing_error":"","footnotes":""},"class_list":["post-4628","page","type-page","status-publish","hentry"],"yoast_head":"<!-- This site is optimized with the Yoast SEO plugin v25.3.1 - https:\/\/yoast.com\/wordpress\/plugins\/seo\/ -->\n<title>Adicione o widget TikTok Feed ao site HTML (r\u00e1pido e gratuito)<\/title>\n<meta name=\"description\" content=\"Adicione um widget HTML TikTok Feed compat\u00edvel com dispositivos m\u00f3veis em seu site. Use a demonstra\u00e7\u00e3o pr\u00e1tica da Elfsight e modifique seu widget exclusivo do TikTok em poucos minutos\" \/>\n<meta name=\"robots\" content=\"index, follow, max-snippet:-1, max-image-preview:large, max-video-preview:-1\" \/>\n<link rel=\"canonical\" href=\"https:\/\/elfsight.com\/pt\/tiktok-feed-widget\/html\/\" \/>\n<meta property=\"og:locale\" content=\"pt_PT\" \/>\n<meta property=\"og:type\" content=\"article\" \/>\n<meta property=\"og:title\" content=\"Adicione o widget TikTok Feed ao site HTML (r\u00e1pido e gratuito)\" \/>\n<meta property=\"og:description\" content=\"Adicione um widget HTML TikTok Feed compat\u00edvel com dispositivos m\u00f3veis em seu site. Use a demonstra\u00e7\u00e3o pr\u00e1tica da Elfsight e modifique seu widget exclusivo do TikTok em poucos minutos\" \/>\n<meta property=\"og:url\" content=\"https:\/\/elfsight.com\/pt\/tiktok-feed-widget\/html\/\" \/>\n<meta property=\"og:site_name\" content=\"Elfsight PT\" \/>\n<meta property=\"article:modified_time\" content=\"2024-11-13T11:19:20+00:00\" \/>\n<meta name=\"twitter:card\" content=\"summary_large_image\" \/>\n<meta name=\"twitter:label1\" content=\"Tempo estimado de leitura\" \/>\n\t<meta name=\"twitter:data1\" content=\"2 minutos\" \/>\n<!-- \/ Yoast SEO plugin. -->","yoast_head_json":{"title":"Adicione o widget TikTok Feed ao site HTML (r\u00e1pido e gratuito)","description":"Adicione um widget HTML TikTok Feed compat\u00edvel com dispositivos m\u00f3veis em seu site. Use a demonstra\u00e7\u00e3o pr\u00e1tica da Elfsight e modifique seu widget exclusivo do TikTok em poucos minutos","robots":{"index":"index","follow":"follow","max-snippet":"max-snippet:-1","max-image-preview":"max-image-preview:large","max-video-preview":"max-video-preview:-1"},"canonical":"https:\/\/elfsight.com\/pt\/tiktok-feed-widget\/html\/","og_locale":"pt_PT","og_type":"article","og_title":"Adicione o widget TikTok Feed ao site HTML (r\u00e1pido e gratuito)","og_description":"Adicione um widget HTML TikTok Feed compat\u00edvel com dispositivos m\u00f3veis em seu site. Use a demonstra\u00e7\u00e3o pr\u00e1tica da Elfsight e modifique seu widget exclusivo do TikTok em poucos minutos","og_url":"https:\/\/elfsight.com\/pt\/tiktok-feed-widget\/html\/","og_site_name":"Elfsight PT","article_modified_time":"2024-11-13T11:19:20+00:00","twitter_card":"summary_large_image","twitter_misc":{"Tempo estimado de leitura":"2 minutos"},"schema":{"@context":"https:\/\/schema.org","@graph":[{"@type":"WebPage","@id":"https:\/\/elfsight.com\/pt\/tiktok-feed-widget\/html\/","url":"https:\/\/elfsight.com\/pt\/tiktok-feed-widget\/html\/","name":"Adicione o widget TikTok Feed ao site HTML (r\u00e1pido e gratuito)","isPartOf":{"@id":"https:\/\/elfsight.com\/pt\/#website"},"datePublished":"1970-01-01T00:00:00+00:00","dateModified":"2024-11-13T11:19:20+00:00","description":"Adicione um widget HTML TikTok Feed compat\u00edvel com dispositivos m\u00f3veis em seu site. Use a demonstra\u00e7\u00e3o pr\u00e1tica da Elfsight e modifique seu widget exclusivo do TikTok em poucos minutos","breadcrumb":{"@id":"https:\/\/elfsight.com\/pt\/tiktok-feed-widget\/html\/#breadcrumb"},"inLanguage":"pt-PT","potentialAction":[{"@type":"ReadAction","target":["https:\/\/elfsight.com\/pt\/tiktok-feed-widget\/html\/"]}]},{"@type":"BreadcrumbList","@id":"https:\/\/elfsight.com\/pt\/tiktok-feed-widget\/html\/#breadcrumb","itemListElement":[{"@type":"ListItem","position":1,"name":"Home","item":"https:\/\/elfsight.com\/pt\/"},{"@type":"ListItem","position":2,"name":"TikTok Feed","item":"https:\/\/elfsight.com\/pt\/tiktok-feed-widget\/"},{"@type":"ListItem","position":3,"name":"TikTok Feed &#8211; HTML"}]},{"@type":"WebSite","@id":"https:\/\/elfsight.com\/pt\/#website","url":"https:\/\/elfsight.com\/pt\/","name":"Elfsight PT","description":"Just another Elfsight Sites site","potentialAction":[{"@type":"SearchAction","target":{"@type":"EntryPoint","urlTemplate":"https:\/\/elfsight.com\/pt\/?s={search_term_string}"},"query-input":{"@type":"PropertyValueSpecification","valueRequired":true,"valueName":"search_term_string"}}],"inLanguage":"pt-PT"}]}},"meta_box":{"industry":"","seo_heading":"","heading":"","description":"","cta_heading":"","cta_description":"","application":"1490","h1":"Widget de feed HTML do TikTok","h1_caption":"Exiba seu conte\u00fado do TikTok em seu site no 1-2-3!","application_category":[],"applications_title":"","applications_request_title":"","applications_request_button_text":"","hero_text":"","hero_video":"","hero_video_schema_markup":"","selling_points_title":"","selling_points_caption":"","selling_points":[],"selling_points_cta_text":"","features_title":"","features":"","ed_cta_examples_text":"","ed_cta_examples_hidden":"","ed_cta_demo_text":"","ed_cta_demo_hidden":"","why_caption":"","why_editor_title":"","why_editor_text":"","why_team_title":"","why_team_text":"","why_service_title":"","why_service_text":"","template_catalog_visible":"","template_catalog_title":"","template_catalog_text":"","template_catalog_categories_visible":"","demo_title":"Crie seu widget de feed TikTok","demo_caption":"Configure seu feed TikTok e adicione-o ao seu site HTML gratuitamente!","default_faq_hidden":"","app_template_category":[],"platform":"49","template_public_id":"","codecanyon_url":"","codecanyon_item_id":"","codecanyon_price":"","pricing_caption":"","pricing_elfsight_apps_hide_column":"","pricing_elfsight_apps_url":"","pricing_codecanyon_price_caption":"","integration_category":[],"integration_request_title":"","integration_request_cta":"","integration_platform":"","integrations":[],"platform_category":[],"video_schema_markup":"","price":"a partir de US$ 0\/m\u00eas","trial":"","benefits":[{"text":"Ajuda de instala\u00e7\u00e3o gratuita"},{"text":"Suporte premium"},{"text":"Garantia de devolu\u00e7\u00e3o do dinheiro em 14 dias"},{"text":"Desenvolvimento cont\u00ednuo"}],"button_url":"#demo","button_target_blank":"0","button_nofollow":"0","attributes":[{"name":"Instala\u00e7\u00f5es","content":"10,000 - 100,000","_state":"expanded"},{"name":"Responsivo","content":"Sim","_state":"expanded"},{"name":"Navegadores compat\u00edveis","content":"Firefox, Safari, Opera, Chrome, Edge"}],"tags":[],"tags_disable_links":"0","hide_more_platforms":"","video_object":"","demo_hide_cta":"0","demo_hide_cloud_options":"0","pricing_title":"","pricing":[{"pricing_icon":"platform","pricing_title":"Elfsight Apps","pricing_title_caption":"Solu\u00e7\u00e3o multiplataforma que funciona em qualquer site","pricing_price":"a partir de US$ 0\/m\u00eas","pricing_price_caption":"comece com um plano gratuito","pricing_benefits":[{"text":"Sites ilimitados"},{"text":"Suporte dedicado ao cliente"},{"text":"Suporte dedicado ao cliente"},{"text":"Totalmente personaliz\u00e1vel"}],"pricing_button_text":"Adicionar ao site","pricing_button_url":"#demo","_state":"expanded"}],"related_apps_title":"","related_apps_hidden":"1","author":"","image":[],"title":"","job":"","social_networks":[]},"_links":{"self":[{"href":"https:\/\/elfsight.com\/pt\/wp-json\/wp\/v2\/pages\/4628","targetHints":{"allow":["GET"]}}],"collection":[{"href":"https:\/\/elfsight.com\/pt\/wp-json\/wp\/v2\/pages"}],"about":[{"href":"https:\/\/elfsight.com\/pt\/wp-json\/wp\/v2\/types\/page"}],"author":[{"embeddable":true,"href":"https:\/\/elfsight.com\/pt\/wp-json\/wp\/v2\/users\/9"}],"replies":[{"embeddable":true,"href":"https:\/\/elfsight.com\/pt\/wp-json\/wp\/v2\/comments?post=4628"}],"version-history":[{"count":2,"href":"https:\/\/elfsight.com\/pt\/wp-json\/wp\/v2\/pages\/4628\/revisions"}],"predecessor-version":[{"id":12314,"href":"https:\/\/elfsight.com\/pt\/wp-json\/wp\/v2\/pages\/4628\/revisions\/12314"}],"up":[{"embeddable":true,"href":"https:\/\/elfsight.com\/pt\/wp-json\/wp\/v2\/pages\/1491"}],"wp:attachment":[{"href":"https:\/\/elfsight.com\/pt\/wp-json\/wp\/v2\/media?parent=4628"}],"curies":[{"name":"wp","href":"https:\/\/api.w.org\/{rel}","templated":true}]}}