{"id":4625,"date":"1970-01-01T00:00:00","date_gmt":"1970-01-01T00:00:00","guid":{"rendered":"https:\/\/elfsight.com\/pt\/?page_id=4625"},"modified":"2025-02-10T17:34:41","modified_gmt":"2025-02-10T17:34:41","slug":"google-sites","status":"publish","type":"page","link":"https:\/\/elfsight.com\/pt\/social-feed-widget\/google-sites\/","title":{"rendered":"Social Feed &#8211; Google Sites"},"content":{"rendered":"\n<div class=\"application-platform-content-item-description application-platform-content-item\" id=\"description\" data-nav-section=\"description\"> <h2>Incorpore Social Feed no Google Sites com o widget Elfsight<\/h2> <p>Elfsight Social Feed for Google Sites \u00e9 um plugin exclusivo para promo\u00e7\u00e3o n\u00e3o apenas coisas, mas emo\u00e7\u00f5es e experi\u00eancias. Com ele voc\u00ea pode construir um feed individualizado composto por conte\u00fado de diversas redes: Instagram, Pinterest, Facebook, Twitter, Tumblr, YouTube, Vimeo &#8211; e exibi-lo direto no seu site. Crie uma galeria ou cat\u00e1logo de produtos com apenas alguns cliques! Aproveite o controle total sobre o conte\u00fado demonstrado com diversas op\u00e7\u00f5es de filtragem e remova spam e qualquer conte\u00fado indesejado por meio de modera\u00e7\u00e3o manual. O configurador online totalmente responsivo oferece diferentes modelos para voc\u00ea escolher. <\/p> <p><b>Com o Social Wall, tenha um s\u00f3lido desenvolvimento de neg\u00f3cios e melhores vendas <\/b><\/p> <\/div> <div class=\"application-platform-content-item-features application-platform-content-item\" id=\"features\" data-nav-section=\"features\"> <h2>Os principais recursos do widget cont\u00eam<\/h2> <ul><li>Exiba seu conte\u00fado de m\u00eddia social em diversas m\u00eddias sociais. <\/li><li>Livre-se de qualquer spam e conte\u00fado indesejado aplicando o modo de modera\u00e7\u00e3o manual. <\/li><li>Coloque o bot\u00e3o Seguir nos cart\u00f5es de widget. <\/li><li>Permita que suas postagens sejam visualizadas em um pop-up. <\/li><\/ul><p><a href=\"#demo\">Voc\u00ea pode ver se o plugin \u00e9 para voc\u00ea com a ajuda da demonstra\u00e7\u00e3o<\/a><\/p> <\/div> <div class=\"application-platform-content-item-instala\u00e7\u00e3o application-platform-content-item\" id=\"instala\u00e7\u00e3o\" data-nav-section=\"instala\u00e7\u00e3o\"> <h2>Como incorporo o plug-in Social Media Feed em meu site do Google Sites? <\/h2> <p>Basta seguir as orienta\u00e7\u00f5es abaixo para come\u00e7ar a trabalhar com a ferramenta. <\/p> <ol><li><b>Abra nossa demonstra\u00e7\u00e3o gratuita e comece a moldar seu widget personalizado. <\/b><br> Determine a interface e as caracter\u00edsticas adequadas do plugin e aplique as modifica\u00e7\u00f5es. <\/li> <li><b>Adquira o c\u00f3digo individual que aparece na janela dos aplicativos Elfsight. <\/b><br> Ap\u00f3s a conclus\u00e3o da personaliza\u00e7\u00e3o da sua ferramenta pessoal, copie o c\u00f3digo individual na caixa exibida e salve-o para uso posterior. <\/li> <li><b>Iniciar o uso do plug-in Social Wall na p\u00e1gina inicial do Google Sites. <\/b><br> Adicione o c\u00f3digo que voc\u00ea copiou recentemente em sua p\u00e1gina e aplique os ajustes. <\/li> <li><b>A instala\u00e7\u00e3o foi totalmente conclu\u00edda. <\/b><br> Visite seu site para inspecionar o desempenho do widget. <\/li><\/ol> <div class=\"tip-yellow tip\"><b>Devido \u00e0s peculiaridades do funcionamento do Google Sites, o widget pode ter uma apar\u00eancia diferente da demonstra\u00e7\u00e3o on-line. Pedimos desculpas por qualquer inconveniente causado.<\/b><\/div><p>Se voc\u00ea enfrentar alguns obst\u00e1culos, n\u00e3o tenha medo de entrar em contato com nossa equipe de atendimento ao cliente. Nosso pessoal est\u00e1 ansioso para resolver todas as d\u00favidas que voc\u00ea possa ter sobre o produto. <\/p> <div class=\"faq\" data-component=\"FAQ\"><div class=\"faq-item\">\r\n\t\t\t\t\t<div class=\"faq-item-question\">\r\n\t\t\t\t\t\t<h3 class=\"faq-item-question-text\">Como posso incorporar um plug-in de feed de m\u00eddia social na minha p\u00e1gina do Google Sites sem conhecimentos de codifica\u00e7\u00e3o?<\/h3>\r\n\r\n\t\t\t\t\t\t<div class=\"faq-item-question-icon\"><\/div>\r\n\t\t\t\t\t<\/div>\r\n\r\n\t\t\t\t\t<div class=\"faq-item-answer\">\r\n\t\t\t\t\t\t<div class=\"faq-item-answer-text\"><p>A Elfsight oferece uma solu\u00e7\u00e3o baseada na nuvem que permite aos usu\u00e1rios incorporar uma m\u00eddia social Plug-in de feed por conta pr\u00f3pria, veja como o processo \u00e9 simples:<\/p><ul><li>Acesse o editor on-line para gerar uma se\u00e7\u00e3o de plug-in de feed de m\u00eddia social que voc\u00ea gostaria de integrar \u00e0 sua p\u00e1gina do Google Sites.<\/li><li>Escolha um de nossos modelos pr\u00e9-concebidos e personalize as configura\u00e7\u00f5es do plugin Social Media Feed, modifique o layout e o esquema de cores, inclua seu conte\u00fado sem qualquer necessidade de codifica\u00e7\u00e3o.<\/li><li>Salve as configura\u00e7\u00f5es que voc\u00ea definiu. configurado para o plug-in Social Media Feed e obtenha o c\u00f3digo do plug-in para incorpora\u00e7\u00e3o, que pode ser facilmente adicionado \u00e0 sua p\u00e1gina do Google Sites sem nenhum custo.<\/li><\/ul><p>Ao trabalhar no editor f\u00e1cil de usar, qualquer O usu\u00e1rio da Internet pode criar uma se\u00e7\u00e3o de plug-in de feed de m\u00eddia social e incorpor\u00e1-la em sua p\u00e1gina do Google Sites. N\u00e3o h\u00e1 exig\u00eancia de pagamento ou divulga\u00e7\u00e3o dos dados do seu cart\u00e3o para acessar o Editor Elfsight. Se voc\u00ea encontrar alguma dificuldade em qualquer est\u00e1gio, sinta-se \u00e0 vontade para entrar em contato com nosso suporte ao cliente.<\/p><\/div>\r\n\t\t\t\t\t<\/div>\r\n\t\t\t\t<\/div><\/div><\/div>\n","protected":false},"excerpt":{"rendered":"","protected":false},"author":9,"featured_media":0,"parent":462,"menu_order":0,"comment_status":"closed","ping_status":"closed","template":"templates\/template-application-platform.php","meta":{"publish_to_discourse":"","publish_post_category":"","wpdc_auto_publish_overridden":"","wpdc_topic_tags":"","wpdc_pin_topic":"","wpdc_pin_until":"","discourse_post_id":"","discourse_permalink":"","wpdc_publishing_response":"","wpdc_publishing_error":"","footnotes":""},"class_list":["post-4625","page","type-page","status-publish","hentry"],"yoast_head":"<!-- This site is optimized with the Yoast SEO plugin v25.3.1 - https:\/\/yoast.com\/wordpress\/plugins\/seo\/ -->\n<title>Adicione o plugin Social Wall ao site do Google Sites (r\u00e1pido e gratuito)<\/title>\n<meta name=\"description\" content=\"Implemente um widget de feed social do Google Sites f\u00e1cil de usar em sua p\u00e1gina do Google Sites. Use a demonstra\u00e7\u00e3o pr\u00e1tica da Elfsight e crie seu impressionante plugin Social Wall.\" \/>\n<meta name=\"robots\" content=\"index, follow, max-snippet:-1, max-image-preview:large, max-video-preview:-1\" \/>\n<link rel=\"canonical\" href=\"https:\/\/elfsight.com\/pt\/social-feed-widget\/google-sites\/\" \/>\n<meta property=\"og:locale\" content=\"pt_PT\" \/>\n<meta property=\"og:type\" content=\"article\" \/>\n<meta property=\"og:title\" content=\"Adicione o plugin Social Wall ao site do Google Sites (r\u00e1pido e gratuito)\" \/>\n<meta property=\"og:description\" content=\"Implemente um widget de feed social do Google Sites f\u00e1cil de usar em sua p\u00e1gina do Google Sites. Use a demonstra\u00e7\u00e3o pr\u00e1tica da Elfsight e crie seu impressionante plugin Social Wall.\" \/>\n<meta property=\"og:url\" content=\"https:\/\/elfsight.com\/pt\/social-feed-widget\/google-sites\/\" \/>\n<meta property=\"og:site_name\" content=\"Elfsight PT\" \/>\n<meta property=\"article:modified_time\" content=\"2025-02-10T17:34:41+00:00\" \/>\n<meta name=\"twitter:card\" content=\"summary_large_image\" \/>\n<meta name=\"twitter:label1\" content=\"Tempo estimado de leitura\" \/>\n\t<meta name=\"twitter:data1\" content=\"4 minutos\" \/>\n<!-- \/ Yoast SEO plugin. -->","yoast_head_json":{"title":"Adicione o plugin Social Wall ao site do Google Sites (r\u00e1pido e gratuito)","description":"Implemente um widget de feed social do Google Sites f\u00e1cil de usar em sua p\u00e1gina do Google Sites. Use a demonstra\u00e7\u00e3o pr\u00e1tica da Elfsight e crie seu impressionante plugin Social Wall.","robots":{"index":"index","follow":"follow","max-snippet":"max-snippet:-1","max-image-preview":"max-image-preview:large","max-video-preview":"max-video-preview:-1"},"canonical":"https:\/\/elfsight.com\/pt\/social-feed-widget\/google-sites\/","og_locale":"pt_PT","og_type":"article","og_title":"Adicione o plugin Social Wall ao site do Google Sites (r\u00e1pido e gratuito)","og_description":"Implemente um widget de feed social do Google Sites f\u00e1cil de usar em sua p\u00e1gina do Google Sites. Use a demonstra\u00e7\u00e3o pr\u00e1tica da Elfsight e crie seu impressionante plugin Social Wall.","og_url":"https:\/\/elfsight.com\/pt\/social-feed-widget\/google-sites\/","og_site_name":"Elfsight PT","article_modified_time":"2025-02-10T17:34:41+00:00","twitter_card":"summary_large_image","twitter_misc":{"Tempo estimado de leitura":"4 minutos"},"schema":{"@context":"https:\/\/schema.org","@graph":[{"@type":"WebPage","@id":"https:\/\/elfsight.com\/pt\/social-feed-widget\/google-sites\/","url":"https:\/\/elfsight.com\/pt\/social-feed-widget\/google-sites\/","name":"Adicione o plugin Social Wall ao site do Google Sites (r\u00e1pido e gratuito)","isPartOf":{"@id":"https:\/\/elfsight.com\/pt\/#website"},"datePublished":"1970-01-01T00:00:00+00:00","dateModified":"2025-02-10T17:34:41+00:00","description":"Implemente um widget de feed social do Google Sites f\u00e1cil de usar em sua p\u00e1gina do Google Sites. Use a demonstra\u00e7\u00e3o pr\u00e1tica da Elfsight e crie seu impressionante plugin Social Wall.","breadcrumb":{"@id":"https:\/\/elfsight.com\/pt\/social-feed-widget\/google-sites\/#breadcrumb"},"inLanguage":"pt-PT","potentialAction":[{"@type":"ReadAction","target":["https:\/\/elfsight.com\/pt\/social-feed-widget\/google-sites\/"]}]},{"@type":"BreadcrumbList","@id":"https:\/\/elfsight.com\/pt\/social-feed-widget\/google-sites\/#breadcrumb","itemListElement":[{"@type":"ListItem","position":1,"name":"Home","item":"https:\/\/elfsight.com\/pt\/"},{"@type":"ListItem","position":2,"name":"Social Feed","item":"https:\/\/elfsight.com\/pt\/social-feed-widget\/"},{"@type":"ListItem","position":3,"name":"Social Feed &#8211; Google Sites"}]},{"@type":"WebSite","@id":"https:\/\/elfsight.com\/pt\/#website","url":"https:\/\/elfsight.com\/pt\/","name":"Elfsight PT","description":"Just another Elfsight Sites site","potentialAction":[{"@type":"SearchAction","target":{"@type":"EntryPoint","urlTemplate":"https:\/\/elfsight.com\/pt\/?s={search_term_string}"},"query-input":{"@type":"PropertyValueSpecification","valueRequired":true,"valueName":"search_term_string"}}],"inLanguage":"pt-PT"}]}},"meta_box":{"industry":"","seo_heading":"","heading":"","description":"","cta_heading":"","cta_description":"","application":"461","h1":"Plug-in de feed de m\u00eddia social do Google Sites","h1_caption":"Mostre suas publica\u00e7\u00f5es de todas as redes sociais populares","application_category":[],"applications_title":"","applications_request_title":"","applications_request_button_text":"","hero_text":"","hero_video":"","hero_video_schema_markup":"","selling_points_title":"","selling_points_caption":"","selling_points":[],"selling_points_cta_text":"","features_title":"","features":"","ed_cta_examples_text":"","ed_cta_examples_hidden":"","ed_cta_demo_text":"","ed_cta_demo_hidden":"","why_caption":"","why_editor_title":"","why_editor_text":"","why_team_title":"","why_team_text":"","why_service_title":"","why_service_text":"","template_catalog_visible":"0","template_catalog_title":"","template_catalog_text":"","template_catalog_categories_visible":"","demo_title":"Crie seu widget de feed social","demo_caption":"Configure seu feed social e adicione-o ao seu site do Google Sites gratuitamente!","default_faq_hidden":"","app_template_category":[],"platform":"112","template_public_id":"","codecanyon_url":"","codecanyon_item_id":"","codecanyon_price":"","pricing_caption":"","pricing_elfsight_apps_hide_column":"","pricing_elfsight_apps_url":"","pricing_codecanyon_price_caption":"","integration_category":[],"integration_request_title":"","integration_request_cta":"","integration_platform":"","integrations":[],"platform_category":[],"video_schema_markup":"","price":"a partir de US$ 0\/m\u00eas","trial":"","benefits":[{"text":"Assist\u00eancia de instala\u00e7\u00e3o gratuita"},{"text":"Atendimento ao cliente profissional"},{"text":"Garantia de devolu\u00e7\u00e3o do dinheiro em 14 dias"},{"text":"Futuras atualiza\u00e7\u00f5es gratuitas"}],"button_url":"#demo","button_target_blank":"0","button_nofollow":"0","attributes":[{"name":"Instala\u00e7\u00f5es","content":"100,000 - 500,000","_state":"expanded"},{"name":"Responsivo","content":"Sim","_state":"expanded"},{"name":"Navegadores compat\u00edveis","content":"Firefox, Safari, Opera, Edge"}],"tags":[],"tags_disable_links":"0","hide_more_platforms":"0","video_object":"","demo_hide_cta":"0","demo_hide_cloud_options":"0","pricing_title":"","pricing":[{"pricing_icon":"platform","pricing_title":"Elfsight Apps","pricing_title_caption":"Software multiplataforma adequado para qualquer site","pricing_price":"a partir de US$ 0\/m\u00eas","pricing_price_caption":"comece com um plano gratuito","pricing_benefits":[{"text":"Dom\u00ednios ilimitados"},{"text":"Suporte profissional ao cliente e bem documentado"},{"text":"Suporte profissional ao cliente e bem documentado"},{"text":"Pre\u00e7o a ser pago para v\u00e1rios aplicativos"}],"pricing_button_text":"Adicionar ao site","pricing_button_url":"#demo","_state":"expanded"}],"related_apps_title":"","related_apps_hidden":"1","author":"","image":[],"title":"","job":"","social_networks":[]},"_links":{"self":[{"href":"https:\/\/elfsight.com\/pt\/wp-json\/wp\/v2\/pages\/4625","targetHints":{"allow":["GET"]}}],"collection":[{"href":"https:\/\/elfsight.com\/pt\/wp-json\/wp\/v2\/pages"}],"about":[{"href":"https:\/\/elfsight.com\/pt\/wp-json\/wp\/v2\/types\/page"}],"author":[{"embeddable":true,"href":"https:\/\/elfsight.com\/pt\/wp-json\/wp\/v2\/users\/9"}],"replies":[{"embeddable":true,"href":"https:\/\/elfsight.com\/pt\/wp-json\/wp\/v2\/comments?post=4625"}],"version-history":[{"count":3,"href":"https:\/\/elfsight.com\/pt\/wp-json\/wp\/v2\/pages\/4625\/revisions"}],"predecessor-version":[{"id":13834,"href":"https:\/\/elfsight.com\/pt\/wp-json\/wp\/v2\/pages\/4625\/revisions\/13834"}],"up":[{"embeddable":true,"href":"https:\/\/elfsight.com\/pt\/wp-json\/wp\/v2\/pages\/462"}],"wp:attachment":[{"href":"https:\/\/elfsight.com\/pt\/wp-json\/wp\/v2\/media?parent=4625"}],"curies":[{"name":"wp","href":"https:\/\/api.w.org\/{rel}","templated":true}]}}