{"id":4622,"date":"1970-01-01T00:00:00","date_gmt":"1970-01-01T00:00:00","guid":{"rendered":"https:\/\/elfsight.com\/pt\/?page_id=4622"},"modified":"2025-03-03T07:05:03","modified_gmt":"2025-03-03T07:05:03","slug":"google-sites","status":"publish","type":"page","link":"https:\/\/elfsight.com\/pt\/testimonials-slider-widget\/google-sites\/","title":{"rendered":"Testimonials Slider &#8211; Google Sites"},"content":{"rendered":"\n<div class=\"application-platform-content-item-description application-platform-content-item\" id=\"description\" data-nav-section=\"description\"> <h2>Incorpore o controle deslizante de depoimentos no Google Sites com o widget Elfsight<\/h2> <p>Controle deslizante de depoimentos \u2013 um excelente plugin para revelar depoimentos de sua clientela em seu pr\u00f3prio site. Voc\u00ea pode anexar diferentes tipos de prova social para tornar o feedback confi\u00e1vel: nome do autor, foto, logotipo comercial da empresa e at\u00e9 mesmo uma URL para o site. Aumente a confian\u00e7a em seus produtos demonstrando aos visitantes seus clientes satisfeitos.<\/p> <p><b>Incorpore o controle deslizante de depoimentos para alcan\u00e7ar seus objetivos de com\u00e9rcio eletr\u00f4nico com mais rapidez! <\/b><\/p> <\/div> <div class=\"application-platform-content-item-features application-platform-content-item\" id=\"features\" data-nav-section=\"features\"> <h2>Estes s\u00e3o apenas alguns dos valiosos recursos do widget: <\/h2> <ul><li>Uma biblioteca de \u00edcones de bolha para voc\u00ea para escolher<\/li><li>Op\u00e7\u00e3o para editar o texto do bal\u00e3o<\/li><li>Cabe\u00e7alho do bate-papo com imagem, nome e legenda da p\u00e1gina. <\/li><li>Definir a imagem da p\u00e1gina por padr\u00e3o, da biblioteca ou enviar sua pr\u00f3pria imagem<\/li><li>Cinco variantes de tempo de resposta na legenda da janela de bate-papo<\/li><\/ul><p><a href=\"#demo\">Voc\u00ea pode testar a funcionalidade completa do widget na demonstra\u00e7\u00e3o aqui<\/a><\/p> <\/div> <div class=\"application-platform-content-item-installation application-platform-content-item\" id=\"installation\" data-nav-section=\"installation\"> <h2>Como incorporar o controle deslizante de depoimentos em meu site do Google Sites? <\/h2> <p>Basta seguir estas etapas abaixo para come\u00e7ar a usar a ferramenta. <\/p> <ol><li><b>Use nossa demonstra\u00e7\u00e3o gratuita e comece a moldar seu instrumento personalizado. <\/b><br> Especifique o layout e os par\u00e2metros desejados do widget e salve as modifica\u00e7\u00f5es. <\/li> <li><b>Obtenha o c\u00f3digo pessoal exposto na janela dos aplicativos Elfsight. <\/b><br> Ap\u00f3s a gera\u00e7\u00e3o do seu plugin, copie o c\u00f3digo pessoal na janela exibida e guarde-o para ocasi\u00f5es posteriores. <\/li> <li><b>Comece a usar a ferramenta na sua p\u00e1gina inicial do Google Sites. <\/b><br> Coloque o c\u00f3digo salvo anteriormente em sua p\u00e1gina e aplique os ajustes. <\/li> <li><b>Pronto! A configura\u00e7\u00e3o est\u00e1 totalmente conclu\u00edda. <\/b><br> Acesse sua p\u00e1gina da web para inspecionar o funcionamento da ferramenta. <\/li><\/ol> <div class=\"tip-yellow tip\"><b>Devido \u00e0s peculiaridades do funcionamento do Google Sites, o widget pode ter uma apar\u00eancia diferente da demonstra\u00e7\u00e3o on-line. Pedimos desculpas por qualquer inconveniente causado.<\/b><\/div><p>Na condi\u00e7\u00e3o de lidar com d\u00favidas ou enfrentar quaisquer obst\u00e1culos, n\u00e3o hesite em recorrer \u00e0 nossa equipe de suporte. Nossos consultores ter\u00e3o prazer em resolver todas as dificuldades que voc\u00ea possa ter com o plugin. <\/p> <div class=\"faq\" data-component=\"FAQ\"> <div class=\"faq-item\">\r\n\t\t\t\t\t<div class=\"faq-item-question\">\r\n\t\t\t\t\t\t<h3 class=\"faq-item-question-text\">Como adicionar o controle deslizante de depoimentos ao meu site do Google Sites sem habilidades de codifica\u00e7\u00e3o?<\/h3>\r\n\r\n\t\t\t\t\t\t<div class=\"faq-item-question-icon\"><\/div>\r\n\t\t\t\t\t<\/div>\r\n\r\n\t\t\t\t\t<div class=\"faq-item-answer\">\r\n\t\t\t\t\t\t<div class=\"faq-item-answer-text\"> <p>A Elfsight fornece uma solu\u00e7\u00e3o SaaS que permite que voc\u00ea mesmo crie um widget controle deslizante de depoimentos. Veja como \u00e9 f\u00e1cil O processo \u00e9: Trabalhe diretamente no Editor on-line para criar um widget Slider de Depoimentos que voc\u00ea gostaria de ver em seu site do Google Sites. Escolha um dos modelos predefinidos e ajuste as configura\u00e7\u00f5es do controle deslizante de depoimentos, adicione seu conte\u00fado, altere o layout e as cores sem nenhuma habilidade de codifica\u00e7\u00e3o. Salve o controle deslizante de depoimentos e copie seu c\u00f3digo de instala\u00e7\u00e3o, que voc\u00ea pode adicionar facilmente ao seu site do Google Sites sem a necessidade de adquirir um plano pago. Com nosso editor intuitivo, qualquer usu\u00e1rio da Internet pode criar um widget Slider de depoimentos on-line e incorpor\u00e1-lo facilmente ao site do Google Sites. N\u00e3o h\u00e1 necessidade de pagar ou inserir as credenciais do seu cart\u00e3o para acessar o servi\u00e7o. Se voc\u00ea enfrentar qualquer problema em qualquer etapa, n\u00e3o hesite em entrar em contato com nossa equipe de suporte t\u00e9cnico.<\/p> <\/div>\r\n\t\t\t\t\t<\/div>\r\n\t\t\t\t<\/div> <\/div> <\/div>\n","protected":false},"excerpt":{"rendered":"","protected":false},"author":9,"featured_media":0,"parent":559,"menu_order":0,"comment_status":"closed","ping_status":"closed","template":"templates\/template-application-platform.php","meta":{"publish_to_discourse":"","publish_post_category":"","wpdc_auto_publish_overridden":"","wpdc_topic_tags":"","wpdc_pin_topic":"","wpdc_pin_until":"","discourse_post_id":"","discourse_permalink":"","wpdc_publishing_response":"","wpdc_publishing_error":"","footnotes":""},"class_list":["post-4622","page","type-page","status-publish","hentry"],"yoast_head":"<!-- This site is optimized with the Yoast SEO plugin v25.3.1 - https:\/\/yoast.com\/wordpress\/plugins\/seo\/ -->\n<title>Feed do Instagram - Adicionar feed do Instagram ao Google Sites (2025)<\/title>\n<meta name=\"description\" content=\"Incorpore um widget responsivo de controle deslizante de depoimentos em seu site do Google Sites e obtenha confian\u00e7a total. Utilize a demonstra\u00e7\u00e3o da Elfsight para construir a sua ferramenta \u00fanica.\" \/>\n<meta name=\"robots\" content=\"index, follow, max-snippet:-1, max-image-preview:large, max-video-preview:-1\" \/>\n<link rel=\"canonical\" href=\"https:\/\/elfsight.com\/pt\/testimonials-slider-widget\/google-sites\/\" \/>\n<meta property=\"og:locale\" content=\"pt_PT\" \/>\n<meta property=\"og:type\" content=\"article\" \/>\n<meta property=\"og:title\" content=\"Feed do Instagram - Adicionar feed do Instagram ao Google Sites (2025)\" \/>\n<meta property=\"og:description\" content=\"Incorpore um widget responsivo de controle deslizante de depoimentos em seu site do Google Sites e obtenha confian\u00e7a total. Utilize a demonstra\u00e7\u00e3o da Elfsight para construir a sua ferramenta \u00fanica.\" \/>\n<meta property=\"og:url\" content=\"https:\/\/elfsight.com\/pt\/testimonials-slider-widget\/google-sites\/\" \/>\n<meta property=\"og:site_name\" content=\"Elfsight PT\" \/>\n<meta property=\"article:modified_time\" content=\"2025-03-03T07:05:03+00:00\" \/>\n<meta name=\"twitter:card\" content=\"summary_large_image\" \/>\n<meta name=\"twitter:label1\" content=\"Tempo estimado de leitura\" \/>\n\t<meta name=\"twitter:data1\" content=\"3 minutos\" \/>\n<!-- \/ Yoast SEO plugin. -->","yoast_head_json":{"title":"Feed do Instagram - Adicionar feed do Instagram ao Google Sites (2025)","description":"Incorpore um widget responsivo de controle deslizante de depoimentos em seu site do Google Sites e obtenha confian\u00e7a total. Utilize a demonstra\u00e7\u00e3o da Elfsight para construir a sua ferramenta \u00fanica.","robots":{"index":"index","follow":"follow","max-snippet":"max-snippet:-1","max-image-preview":"max-image-preview:large","max-video-preview":"max-video-preview:-1"},"canonical":"https:\/\/elfsight.com\/pt\/testimonials-slider-widget\/google-sites\/","og_locale":"pt_PT","og_type":"article","og_title":"Feed do Instagram - Adicionar feed do Instagram ao Google Sites (2025)","og_description":"Incorpore um widget responsivo de controle deslizante de depoimentos em seu site do Google Sites e obtenha confian\u00e7a total. Utilize a demonstra\u00e7\u00e3o da Elfsight para construir a sua ferramenta \u00fanica.","og_url":"https:\/\/elfsight.com\/pt\/testimonials-slider-widget\/google-sites\/","og_site_name":"Elfsight PT","article_modified_time":"2025-03-03T07:05:03+00:00","twitter_card":"summary_large_image","twitter_misc":{"Tempo estimado de leitura":"3 minutos"},"schema":{"@context":"https:\/\/schema.org","@graph":[{"@type":"WebPage","@id":"https:\/\/elfsight.com\/pt\/testimonials-slider-widget\/google-sites\/","url":"https:\/\/elfsight.com\/pt\/testimonials-slider-widget\/google-sites\/","name":"Feed do Instagram - Adicionar feed do Instagram ao Google Sites (2025)","isPartOf":{"@id":"https:\/\/elfsight.com\/pt\/#website"},"datePublished":"1970-01-01T00:00:00+00:00","dateModified":"2025-03-03T07:05:03+00:00","description":"Incorpore um widget responsivo de controle deslizante de depoimentos em seu site do Google Sites e obtenha confian\u00e7a total. Utilize a demonstra\u00e7\u00e3o da Elfsight para construir a sua ferramenta \u00fanica.","breadcrumb":{"@id":"https:\/\/elfsight.com\/pt\/testimonials-slider-widget\/google-sites\/#breadcrumb"},"inLanguage":"pt-PT","potentialAction":[{"@type":"ReadAction","target":["https:\/\/elfsight.com\/pt\/testimonials-slider-widget\/google-sites\/"]}]},{"@type":"BreadcrumbList","@id":"https:\/\/elfsight.com\/pt\/testimonials-slider-widget\/google-sites\/#breadcrumb","itemListElement":[{"@type":"ListItem","position":1,"name":"Home","item":"https:\/\/elfsight.com\/pt\/"},{"@type":"ListItem","position":2,"name":"Testimonials Slider","item":"https:\/\/elfsight.com\/pt\/testimonials-slider-widget\/"},{"@type":"ListItem","position":3,"name":"Testimonials Slider &#8211; Google Sites"}]},{"@type":"WebSite","@id":"https:\/\/elfsight.com\/pt\/#website","url":"https:\/\/elfsight.com\/pt\/","name":"Elfsight PT","description":"Just another Elfsight Sites site","potentialAction":[{"@type":"SearchAction","target":{"@type":"EntryPoint","urlTemplate":"https:\/\/elfsight.com\/pt\/?s={search_term_string}"},"query-input":{"@type":"PropertyValueSpecification","valueRequired":true,"valueName":"search_term_string"}}],"inLanguage":"pt-PT"}]}},"meta_box":{"industry":"","seo_heading":"","heading":"","description":"","cta_heading":"","cta_description":"","application":"947","h1":"Widget deslizante de depoimentos do Google Sites","h1_caption":"Torne seus depoimentos genuinamente confi\u00e1veis","application_category":[],"applications_title":"","applications_request_title":"","applications_request_button_text":"","hero_text":"","hero_video":"","hero_video_schema_markup":"","selling_points_title":"","selling_points_caption":"","selling_points":[],"selling_points_cta_text":"","features_title":"","features":"","ed_cta_examples_text":"","ed_cta_examples_hidden":"","ed_cta_demo_text":"","ed_cta_demo_hidden":"","why_caption":"","why_editor_title":"","why_editor_text":"","why_team_title":"","why_team_text":"","why_service_title":"","why_service_text":"","template_catalog_visible":"0","template_catalog_title":"","template_catalog_text":"","template_catalog_categories_visible":"","demo_title":"Crie seu widget deslizante de depoimentos","demo_caption":"Configure seu controle deslizante de depoimentos e adicione-o ao seu site do Google Sites gratuitamente!","default_faq_hidden":"","app_template_category":[],"platform":"112","template_public_id":"","codecanyon_url":"","codecanyon_item_id":"","codecanyon_price":"","pricing_caption":"","pricing_elfsight_apps_hide_column":"","pricing_elfsight_apps_url":"","pricing_codecanyon_price_caption":"","integration_category":[],"integration_request_title":"","integration_request_cta":"","integration_platform":"","integrations":[],"platform_category":[],"video_schema_markup":"","price":"a partir de US$ 0\/m\u00eas","trial":"","benefits":[{"text":"Assist\u00eancia de instala\u00e7\u00e3o gratuita"},{"text":"Atendimento ao cliente competente"},{"text":"Garantia de reembolso de 14 dias"},{"text":"Desenvolvimento cont\u00ednuo"}],"button_url":"#demo","button_target_blank":"0","button_nofollow":"0","attributes":[{"name":"Instala\u00e7\u00f5es","content":"10,000 - 100,000","_state":"expanded"},{"name":"Responsivo","content":"Sim","_state":"expanded"},{"name":"Navegadores compat\u00edveis","content":"Firefox, Chrome, Safari, Opera, Edge"}],"tags":[],"tags_disable_links":"0","hide_more_platforms":"0","video_object":"","demo_hide_cta":"0","demo_hide_cloud_options":"0","pricing_title":"","pricing":[{"pricing_icon":"platform","pricing_title":"Elfsight Apps","pricing_title_caption":"Vers\u00e3o multiplataforma que funciona em qualquer site","pricing_price":"a partir de US$ 0\/m\u00eas","pricing_price_caption":"comece com plano gratuito","pricing_benefits":[{"text":"Dom\u00ednios ilimitados"},{"text":"Suporte dedicado"},{"text":"Suporte dedicado"},{"text":"Oferta especial para v\u00e1rios aplicativos"}],"pricing_button_text":"Adicionar ao site","pricing_button_url":"#demo","_state":"expanded"}],"related_apps_title":"","related_apps_hidden":"1","author":"","image":[],"title":"","job":"","social_networks":[]},"_links":{"self":[{"href":"https:\/\/elfsight.com\/pt\/wp-json\/wp\/v2\/pages\/4622","targetHints":{"allow":["GET"]}}],"collection":[{"href":"https:\/\/elfsight.com\/pt\/wp-json\/wp\/v2\/pages"}],"about":[{"href":"https:\/\/elfsight.com\/pt\/wp-json\/wp\/v2\/types\/page"}],"author":[{"embeddable":true,"href":"https:\/\/elfsight.com\/pt\/wp-json\/wp\/v2\/users\/9"}],"replies":[{"embeddable":true,"href":"https:\/\/elfsight.com\/pt\/wp-json\/wp\/v2\/comments?post=4622"}],"version-history":[{"count":3,"href":"https:\/\/elfsight.com\/pt\/wp-json\/wp\/v2\/pages\/4622\/revisions"}],"predecessor-version":[{"id":14147,"href":"https:\/\/elfsight.com\/pt\/wp-json\/wp\/v2\/pages\/4622\/revisions\/14147"}],"up":[{"embeddable":true,"href":"https:\/\/elfsight.com\/pt\/wp-json\/wp\/v2\/pages\/559"}],"wp:attachment":[{"href":"https:\/\/elfsight.com\/pt\/wp-json\/wp\/v2\/media?parent=4622"}],"curies":[{"name":"wp","href":"https:\/\/api.w.org\/{rel}","templated":true}]}}