{"id":4617,"date":"2022-05-18T12:42:21","date_gmt":"2022-05-18T12:42:21","guid":{"rendered":"https:\/\/elfsight.com\/pt\/?page_id=4617"},"modified":"2025-02-10T17:37:28","modified_gmt":"2025-02-10T17:37:28","slug":"godaddy","status":"publish","type":"page","link":"https:\/\/elfsight.com\/pt\/social-feed-widget\/godaddy\/","title":{"rendered":"Social Feed &#8211; GoDaddy"},"content":{"rendered":"\n<div class=\"application-platform-content-item-description application-platform-content-item\" id=\"description\" data-nav-section=\"description\"> \n<h2>Incorporar o Social Feed no GoDaddy com o widget Elfsight<\/h2> \n<p>O Elfsight Social Feed para GoDaddy \u00e9 uma ferramenta especial para promover n\u00e3o apenas produtos, mas emo\u00e7\u00f5es e experi\u00eancias. Com ele, voc\u00ea pode criar um feed personalizado composto por conte\u00fado de v\u00e1rias redes: Instagram, Pinterest, Facebook, Twitter, Tumblr, YouTube, Vimeo \u2013 e exibi-lo diretamente no seu site. Crie uma galeria ou cat\u00e1logo de produtos em poucos minutos! Tenha total controle sobre o conte\u00fado exibido com v\u00e1rias op\u00e7\u00f5es de filtragem e se livre de spam e qualquer conte\u00fado indesejado usando modera\u00e7\u00e3o manual. O editor online totalmente responsivo oferece diversos modelos para voc\u00ea escolher.<\/p> \n<p><b>Com o Social Wall, tenha um desenvolvimento s\u00f3lido nos neg\u00f3cios e aumente as vendas<\/b><\/p> \n<\/div> \n\n<div class=\"application-platform-content-item-features application-platform-content-item\" id=\"features\" data-nav-section=\"features\"> \n<h2>Abaixo est\u00e3o os principais recursos do plugin:<\/h2> \n<ul>\n<li>Exiba o conte\u00fado das suas redes sociais de v\u00e1rias fontes.<\/li>\n<li>Remova qualquer spam e conte\u00fado indesejado aplicando o modo de modera\u00e7\u00e3o manual.<\/li>\n<li>Instale o bot\u00e3o Seguir nos cart\u00f5es do plugin.<\/li>\n<li>Fa\u00e7a com que seus posts apare\u00e7am em modo pop-up.<\/li>\n<\/ul>\n\n<p><a href=\"#demo\">Voc\u00ea pode descobrir toda a funcionalidade do plugin na demo abaixo<\/a><\/p> \n<\/div> \n\n<div class=\"application-platform-content-item-installation application-platform-content-item\" id=\"installation\" data-nav-section=\"installation\"> \n<h2>Como posso adicionar o plugin Social Media Feed no meu site GoDaddy?<\/h2> \n<p>Basta seguir as instru\u00e7\u00f5es abaixo para ativar o plugin.<\/p> \n\n<ol>\n<li><b>Use nosso editor gratuito e comece a criar seu pr\u00f3prio plugin.<\/b><br> \nEscolha o layout e as especifica\u00e7\u00f5es personalizadas do plugin e aplique as edi\u00e7\u00f5es.<\/li> \n<li><b>Receba o c\u00f3digo individual que aparecer\u00e1 na caixa do Elfsight Apps.<\/b><br> \nAp\u00f3s a personaliza\u00e7\u00e3o do seu plugin, copie o c\u00f3digo individual da janela pop-up que aparecer\u00e1 e guarde-o para uso futuro.<\/li> \n<li><b>Comece a aplicar o plugin Social Wall no seu site GoDaddy.<\/b><br> \nColoque o c\u00f3digo copiado recentemente na sua p\u00e1gina web e aplique as melhorias.<\/li> \n<li><b>A configura\u00e7\u00e3o foi realizada com sucesso.<\/b><br> \nVisite sua p\u00e1gina web para verificar como o plugin est\u00e1 funcionando.<\/li>\n<\/ol> \n<p>Se voc\u00ea tiver d\u00favidas ou encontrar dificuldades, entre em contato com nossa equipe de suporte. Nossos especialistas estar\u00e3o felizes em resolver todos os problemas que voc\u00ea possa ter com a ferramenta.<\/p> \n<\/div> \n\n<div class=\"faq\" data-component=\"FAQ\"> \n<div class=\"faq-item\">\r\n\t\t\t\t\t<div class=\"faq-item-question\">\r\n\t\t\t\t\t\t<h3 class=\"faq-item-question-text\">Como \u00e9 poss\u00edvel incorporar o Social Feed na minha p\u00e1gina do GoDaddy sem habilidades de programa\u00e7\u00e3o?<\/h3>\r\n\r\n\t\t\t\t\t\t<div class=\"faq-item-question-icon\"><\/div>\r\n\t\t\t\t\t<\/div>\r\n\r\n\t\t\t\t\t<div class=\"faq-item-answer\">\r\n\t\t\t\t\t\t<div class=\"faq-item-answer-text\"> \n<p>A empresa Elfsight oferece uma solu\u00e7\u00e3o SaaS que permite ao usu\u00e1rio criar um app Social Feed por conta pr\u00f3pria, veja os passos f\u00e1ceis:<\/p>\n<ul>\n<li>Trabalhe diretamente no Editor ao vivo para gerar a se\u00e7\u00e3o Social Feed que voc\u00ea gostaria de ver na sua p\u00e1gina do GoDaddy.<\/li>\n<li>Escolha um dos modelos pr\u00e9-projetados e altere as configura\u00e7\u00f5es do Social Feed, modifique o layout e as cores, atualize seu conte\u00fado sem necessidade de conhecimentos em programa\u00e7\u00e3o.<\/li>\n<li>Salve as configura\u00e7\u00f5es feitas no Social Feed e obtenha o c\u00f3digo de instala\u00e7\u00e3o do plugin, que voc\u00ea pode adicionar facilmente na p\u00e1gina do GoDaddy gratuitamente.<\/li>\n<\/ul>\n<p>Usando o Editor intuitivo, qualquer usu\u00e1rio da web pode criar um Social Feed e incorpor\u00e1-lo ao site do GoDaddy. N\u00e3o \u00e9 necess\u00e1rio assinar uma vers\u00e3o paga ou fornecer dados do cart\u00e3o para acessar o Editor Elfsight. Se voc\u00ea encontrar algum obst\u00e1culo, sinta-se \u00e0 vontade para entrar em contato com nosso suporte ao cliente.<\/p> \n<\/div>\r\n\t\t\t\t\t<\/div>\r\n\t\t\t\t<\/div> \n<\/div> \n\n","protected":false},"excerpt":{"rendered":"","protected":false},"author":18,"featured_media":0,"parent":462,"menu_order":0,"comment_status":"closed","ping_status":"closed","template":"templates\/template-application-platform.php","meta":{"publish_to_discourse":"","publish_post_category":"","wpdc_auto_publish_overridden":"","wpdc_topic_tags":"","wpdc_pin_topic":"","wpdc_pin_until":"","discourse_post_id":"","discourse_permalink":"","wpdc_publishing_response":"","wpdc_publishing_error":"","footnotes":""},"class_list":["post-4617","page","type-page","status-publish","hentry"],"yoast_head":"<!-- This site is optimized with the Yoast SEO plugin v25.3.1 - https:\/\/yoast.com\/wordpress\/plugins\/seo\/ -->\n<title>Feed de Rede Social - inserir widget de Feed Social on site de GoDaddy<\/title>\n<meta name=\"description\" content=\"Adiciona a widget de Feed de Rede Social atractivo na sua do website de GoDaddy. Utiliza Elfsight demonstra\u00e7\u00e3o \u00fatil e genera o teu widget pr\u00f3prio facilmente.\" \/>\n<meta name=\"robots\" content=\"index, follow, max-snippet:-1, max-image-preview:large, max-video-preview:-1\" \/>\n<link rel=\"canonical\" href=\"https:\/\/elfsight.com\/pt\/social-feed-widget\/godaddy\/\" \/>\n<meta property=\"og:locale\" content=\"pt_PT\" \/>\n<meta property=\"og:type\" content=\"article\" \/>\n<meta property=\"og:title\" content=\"Feed de Rede Social - inserir widget de Feed Social on site de GoDaddy\" \/>\n<meta property=\"og:description\" content=\"Adiciona a widget de Feed de Rede Social atractivo na sua do website de GoDaddy. Utiliza Elfsight demonstra\u00e7\u00e3o \u00fatil e genera o teu widget pr\u00f3prio facilmente.\" \/>\n<meta property=\"og:url\" content=\"https:\/\/elfsight.com\/pt\/social-feed-widget\/godaddy\/\" \/>\n<meta property=\"og:site_name\" content=\"Elfsight PT\" \/>\n<meta property=\"article:modified_time\" content=\"2025-02-10T17:37:28+00:00\" \/>\n<meta name=\"twitter:card\" content=\"summary_large_image\" \/>\n<meta name=\"twitter:label1\" content=\"Tempo estimado de leitura\" \/>\n\t<meta name=\"twitter:data1\" content=\"3 minutos\" \/>\n<!-- \/ Yoast SEO plugin. -->","yoast_head_json":{"title":"Feed de Rede Social - inserir widget de Feed Social on site de GoDaddy","description":"Adiciona a widget de Feed de Rede Social atractivo na sua do website de GoDaddy. Utiliza Elfsight demonstra\u00e7\u00e3o \u00fatil e genera o teu widget pr\u00f3prio facilmente.","robots":{"index":"index","follow":"follow","max-snippet":"max-snippet:-1","max-image-preview":"max-image-preview:large","max-video-preview":"max-video-preview:-1"},"canonical":"https:\/\/elfsight.com\/pt\/social-feed-widget\/godaddy\/","og_locale":"pt_PT","og_type":"article","og_title":"Feed de Rede Social - inserir widget de Feed Social on site de GoDaddy","og_description":"Adiciona a widget de Feed de Rede Social atractivo na sua do website de GoDaddy. Utiliza Elfsight demonstra\u00e7\u00e3o \u00fatil e genera o teu widget pr\u00f3prio facilmente.","og_url":"https:\/\/elfsight.com\/pt\/social-feed-widget\/godaddy\/","og_site_name":"Elfsight PT","article_modified_time":"2025-02-10T17:37:28+00:00","twitter_card":"summary_large_image","twitter_misc":{"Tempo estimado de leitura":"3 minutos"},"schema":{"@context":"https:\/\/schema.org","@graph":[{"@type":"WebPage","@id":"https:\/\/elfsight.com\/pt\/social-feed-widget\/godaddy\/","url":"https:\/\/elfsight.com\/pt\/social-feed-widget\/godaddy\/","name":"Feed de Rede Social - inserir widget de Feed Social on site de GoDaddy","isPartOf":{"@id":"https:\/\/elfsight.com\/pt\/#website"},"datePublished":"2022-05-18T12:42:21+00:00","dateModified":"2025-02-10T17:37:28+00:00","description":"Adiciona a widget de Feed de Rede Social atractivo na sua do website de GoDaddy. Utiliza Elfsight demonstra\u00e7\u00e3o \u00fatil e genera o teu widget pr\u00f3prio facilmente.","breadcrumb":{"@id":"https:\/\/elfsight.com\/pt\/social-feed-widget\/godaddy\/#breadcrumb"},"inLanguage":"pt-PT","potentialAction":[{"@type":"ReadAction","target":["https:\/\/elfsight.com\/pt\/social-feed-widget\/godaddy\/"]}]},{"@type":"BreadcrumbList","@id":"https:\/\/elfsight.com\/pt\/social-feed-widget\/godaddy\/#breadcrumb","itemListElement":[{"@type":"ListItem","position":1,"name":"Home","item":"https:\/\/elfsight.com\/pt\/"},{"@type":"ListItem","position":2,"name":"Social Feed","item":"https:\/\/elfsight.com\/pt\/social-feed-widget\/"},{"@type":"ListItem","position":3,"name":"Social Feed &#8211; GoDaddy"}]},{"@type":"WebSite","@id":"https:\/\/elfsight.com\/pt\/#website","url":"https:\/\/elfsight.com\/pt\/","name":"Elfsight PT","description":"Just another Elfsight Sites site","potentialAction":[{"@type":"SearchAction","target":{"@type":"EntryPoint","urlTemplate":"https:\/\/elfsight.com\/pt\/?s={search_term_string}"},"query-input":{"@type":"PropertyValueSpecification","valueRequired":true,"valueName":"search_term_string"}}],"inLanguage":"pt-PT"}]}},"meta_box":{"industry":"","seo_heading":"","heading":"","description":"","cta_heading":"","cta_description":"","application":"461","h1":"Widget de Feed de Rede Social para GoDaddy","h1_caption":"Adicione postagem da Instagram, Twitter, Facebook e outras plataformas de comunica\u00e7\u00e3o social no seu p\u00e1gina web numa \u00fanica widget de parede social","application_category":[],"applications_title":"","applications_request_title":"","applications_request_button_text":"","hero_text":"","hero_video":"","hero_video_schema_markup":"","selling_points_title":"","selling_points_caption":"","selling_points":[],"selling_points_cta_text":"","features_title":"","features":"","ed_cta_examples_text":"","ed_cta_examples_hidden":"","ed_cta_demo_text":"","ed_cta_demo_hidden":"","why_caption":"","why_editor_title":"","why_editor_text":"","why_team_title":"","why_team_text":"","why_service_title":"","why_service_text":"","template_catalog_visible":"0","template_catalog_title":"","template_catalog_text":"","template_catalog_categories_visible":"","demo_title":"N\u00e3o hesite para compor pr\u00f3pria GoDaddy Feed Social","demo_caption":"Ajusta isto e incorpore o widget em o seu p\u00e1gina inicial fazendo uso de demonstra\u00e7\u00e3o .","default_faq_hidden":"","app_template_category":[],"platform":"4908","template_public_id":"","codecanyon_url":"","codecanyon_item_id":"","codecanyon_price":"","pricing_caption":"","pricing_elfsight_apps_hide_column":"","pricing_elfsight_apps_url":"","pricing_codecanyon_price_caption":"","integration_category":[],"integration_request_title":"","integration_request_cta":"","integration_platform":"","integrations":[],"platform_category":[],"video_schema_markup":"","price":"a partir de US$ 0\/m\u00eas","trial":"","benefits":[{"text":"Servi\u00e7os de instala\u00e7\u00e3o livre"},{"text":"Suporte premium"},{"text":"14 dias dinheiro de volta garantia"},{"text":"Atualiza\u00e7\u00f5es vital\u00edcias"}],"button_url":"#demo","button_target_blank":"0","button_nofollow":"0","attributes":[{"name":"Responsivo","content":"Sim","_state":"expanded"},{"name":"Navegadores compat\u00edveis","content":"IE11, Firefox, Safari, Opera, Chrome, Edge","_state":"expanded"}],"tags":[],"tags_disable_links":"0","hide_more_platforms":"0","video_object":"","demo_hide_cta":"0","demo_hide_cloud_options":"0","pricing_title":"","pricing":[{"pricing_icon":"platform","pricing_title":"Elfsight Apps","pricing_title_caption":"Software independente de plataforma","pricing_price":"de US$ 0 por m\u00eas","pricing_price_caption":"come\u00e7ar com um plano gr\u00e1tis","pricing_benefits":[{"text":"Sites ilimitados"},{"text":"Suporte r\u00e1pido"},{"text":"Ajuda para instala\u00e7\u00e3o gratuita"},{"text":"Design flex\u00edvel"}],"pricing_button_text":"Adicionar ao site","pricing_button_url":"#demo","_state":"expanded"}],"related_apps_title":"","related_apps_hidden":"1","author":"","image":[],"title":"","job":"","social_networks":[]},"_links":{"self":[{"href":"https:\/\/elfsight.com\/pt\/wp-json\/wp\/v2\/pages\/4617","targetHints":{"allow":["GET"]}}],"collection":[{"href":"https:\/\/elfsight.com\/pt\/wp-json\/wp\/v2\/pages"}],"about":[{"href":"https:\/\/elfsight.com\/pt\/wp-json\/wp\/v2\/types\/page"}],"author":[{"embeddable":true,"href":"https:\/\/elfsight.com\/pt\/wp-json\/wp\/v2\/users\/18"}],"replies":[{"embeddable":true,"href":"https:\/\/elfsight.com\/pt\/wp-json\/wp\/v2\/comments?post=4617"}],"version-history":[{"count":1,"href":"https:\/\/elfsight.com\/pt\/wp-json\/wp\/v2\/pages\/4617\/revisions"}],"predecessor-version":[{"id":4623,"href":"https:\/\/elfsight.com\/pt\/wp-json\/wp\/v2\/pages\/4617\/revisions\/4623"}],"up":[{"embeddable":true,"href":"https:\/\/elfsight.com\/pt\/wp-json\/wp\/v2\/pages\/462"}],"wp:attachment":[{"href":"https:\/\/elfsight.com\/pt\/wp-json\/wp\/v2\/media?parent=4617"}],"curies":[{"name":"wp","href":"https:\/\/api.w.org\/{rel}","templated":true}]}}