{"id":4614,"date":"2022-05-18T12:42:21","date_gmt":"2022-05-18T12:42:21","guid":{"rendered":"https:\/\/elfsight.com\/pt\/?page_id=4614"},"modified":"2024-11-12T15:33:44","modified_gmt":"2024-11-12T15:33:44","slug":"godaddy","status":"publish","type":"page","link":"https:\/\/elfsight.com\/pt\/testimonials-slider-widget\/godaddy\/","title":{"rendered":"Testimonials Slider &#8211; GoDaddy"},"content":{"rendered":"\n<div class=\"application-platform-content-item-features application-platform-content-item\" id=\"features\" data-nav-section=\"features\">\n<h2>Estes s\u00e3o apenas valiosos caracter\u00edsticas do Slider de Testemunhos widgets:<\/h2>\n<p>\n<ul>\n<li>Use o link do perfil do Twitter ou Facebook para mostrar que o autor \u00e9 da vida real;<\/li> \n<li>Use seis diversos modelos de opini\u00f5es personaliz\u00e1veis e encontre o que precisa;<\/li>\n<li>Mostre o nome do autor e a foto para elevar a confian\u00e7a;<\/li>\n<li>Utilize um t\u00edtulo para o nome da empresa, cargo e outras informa\u00e7\u00f5es;<\/li>\n<li>Facilite um link para o  website do autor para uma apresenta\u00e7\u00e3o mais s\u00f3lida;<\/li>\n<li>Para aumentar a confian\u00e7a, revele o log\u00f3tipo da empresa do autor;<\/li>\n<li>Layouts de Deslizador y Grelha para uma vasta gama de casos de utiliza\u00e7\u00e3o;<\/li>\n<li>Setas de Deslizador e op\u00e7\u00f5es de pagina\u00e7\u00e3o;<\/li>\n<li>Ponha o seu conte\u00fado onde quiser na p\u00e1gina web;<\/li>\n<li>Desenho limpo fornece instala\u00e7\u00e3o suave em qualquer sec\u00e7\u00e3o do  site web;<\/li>\n<li>M\u00f3vel optimizado;<\/li>\n<li>27 l\u00ednguas do mundo ;<\/li>\n<li>O t\u00edtulo edit\u00e1vel do widget;<\/li>\n<li>Ligar qualquer elemento do widget;<\/li>\n<li>As actualiza\u00e7\u00f5es regulares ao vivo para manter o seu widget fresco;<\/li>\n<li> Premium servi\u00e7o ao cliente por uma equipa profissional;<\/li>\n<li>O editor \u00fatil e intuitivo em linha n\u00e3o necessita de codifica\u00e7\u00e3o;<\/li>\n<li>O desenho respons\u00e1vel;<\/li>\n<li>Esquemas de cores diversos prontos a usar<\/li>\n<\/ul>\n<\/p> \n \n<p><a href=\"#demo\">Pode verificar o que vale o widget com a ajuda de a demonstra\u00e7\u00e3o<\/a><\/p> \n<\/div> \n<div class=\"application-platform-content-item-installation application-platform-content-item\" id=\"installation\" data-nav-section=\"installation\">\n<h2>Como posso incorporar a Slider de Testemunhos em minha do s\u00edtio web de GoDaddy?<\/h2> \n<p>Apenas executa as directrizes abaixo para integrar o widget.<\/p> \n\n<ol>\n<li>Lan\u00e7a o nosso editor gratuito e come\u00e7ar criar o seu widget por medida.<\/li> \n <li>Obtenha suas c\u00f3digo pessoal exposto na janela em Elfsight Apps.<\/li> \n <li>Inicia usando o widget em  website de GoDaddy.<\/li> \n <li>A Configura\u00e7\u00e3o \u00e9 perfeita totalmente.<\/li>\n<\/ol> \n<p>No caso de deparar com, n\u00e3o hesite em contactar o nosso funcion\u00e1rio do suporte. Os nossos pessoas est\u00e3o ansiosas para ajudar-vos com todas as dificuldades que tenham com o widget.<\/p>\n\n \n<\/div>\n","protected":false},"excerpt":{"rendered":"","protected":false},"author":18,"featured_media":0,"parent":559,"menu_order":0,"comment_status":"closed","ping_status":"closed","template":"templates\/template-application-platform.php","meta":{"publish_to_discourse":"","publish_post_category":"","wpdc_auto_publish_overridden":"","wpdc_topic_tags":"","wpdc_pin_topic":"","wpdc_pin_until":"","discourse_post_id":"","discourse_permalink":"","wpdc_publishing_response":"","wpdc_publishing_error":"","footnotes":""},"class_list":["post-4614","page","type-page","status-publish","hentry"],"yoast_head":"<!-- This site is optimized with the Yoast SEO plugin v25.3.1 - https:\/\/yoast.com\/wordpress\/plugins\/seo\/ -->\n<title>Controlo Deslizante de Testemunhos - trazer widget de Slider de Testemunhos para site de GoDaddy<\/title>\n<meta name=\"description\" content=\"Instala a widget de Controlo Deslizante de Testemunhos responsivo na sua do s\u00edtio de GoDaddy. Tenta Elfsight demonstra\u00e7\u00e3o amig\u00e1vel e cria o teu widget pr\u00f3prio num instante.\" \/>\n<meta name=\"robots\" content=\"index, follow, max-snippet:-1, max-image-preview:large, max-video-preview:-1\" \/>\n<link rel=\"canonical\" href=\"https:\/\/elfsight.com\/pt\/testimonials-slider-widget\/godaddy\/\" \/>\n<meta property=\"og:locale\" content=\"pt_PT\" \/>\n<meta property=\"og:type\" content=\"article\" \/>\n<meta property=\"og:title\" content=\"Controlo Deslizante de Testemunhos - trazer widget de Slider de Testemunhos para site de GoDaddy\" \/>\n<meta property=\"og:description\" content=\"Instala a widget de Controlo Deslizante de Testemunhos responsivo na sua do s\u00edtio de GoDaddy. Tenta Elfsight demonstra\u00e7\u00e3o amig\u00e1vel e cria o teu widget pr\u00f3prio num instante.\" \/>\n<meta property=\"og:url\" content=\"https:\/\/elfsight.com\/pt\/testimonials-slider-widget\/godaddy\/\" \/>\n<meta property=\"og:site_name\" content=\"Elfsight PT\" \/>\n<meta property=\"article:modified_time\" content=\"2024-11-12T15:33:44+00:00\" \/>\n<meta name=\"twitter:card\" content=\"summary_large_image\" \/>\n<meta name=\"twitter:label1\" content=\"Tempo estimado de leitura\" \/>\n\t<meta name=\"twitter:data1\" content=\"2 minutos\" \/>\n<!-- \/ Yoast SEO plugin. -->","yoast_head_json":{"title":"Controlo Deslizante de Testemunhos - trazer widget de Slider de Testemunhos para site de GoDaddy","description":"Instala a widget de Controlo Deslizante de Testemunhos responsivo na sua do s\u00edtio de GoDaddy. Tenta Elfsight demonstra\u00e7\u00e3o amig\u00e1vel e cria o teu widget pr\u00f3prio num instante.","robots":{"index":"index","follow":"follow","max-snippet":"max-snippet:-1","max-image-preview":"max-image-preview:large","max-video-preview":"max-video-preview:-1"},"canonical":"https:\/\/elfsight.com\/pt\/testimonials-slider-widget\/godaddy\/","og_locale":"pt_PT","og_type":"article","og_title":"Controlo Deslizante de Testemunhos - trazer widget de Slider de Testemunhos para site de GoDaddy","og_description":"Instala a widget de Controlo Deslizante de Testemunhos responsivo na sua do s\u00edtio de GoDaddy. Tenta Elfsight demonstra\u00e7\u00e3o amig\u00e1vel e cria o teu widget pr\u00f3prio num instante.","og_url":"https:\/\/elfsight.com\/pt\/testimonials-slider-widget\/godaddy\/","og_site_name":"Elfsight PT","article_modified_time":"2024-11-12T15:33:44+00:00","twitter_card":"summary_large_image","twitter_misc":{"Tempo estimado de leitura":"2 minutos"},"schema":{"@context":"https:\/\/schema.org","@graph":[{"@type":"WebPage","@id":"https:\/\/elfsight.com\/pt\/testimonials-slider-widget\/godaddy\/","url":"https:\/\/elfsight.com\/pt\/testimonials-slider-widget\/godaddy\/","name":"Controlo Deslizante de Testemunhos - trazer widget de Slider de Testemunhos para site de GoDaddy","isPartOf":{"@id":"https:\/\/elfsight.com\/pt\/#website"},"datePublished":"2022-05-18T12:42:21+00:00","dateModified":"2024-11-12T15:33:44+00:00","description":"Instala a widget de Controlo Deslizante de Testemunhos responsivo na sua do s\u00edtio de GoDaddy. Tenta Elfsight demonstra\u00e7\u00e3o amig\u00e1vel e cria o teu widget pr\u00f3prio num instante.","breadcrumb":{"@id":"https:\/\/elfsight.com\/pt\/testimonials-slider-widget\/godaddy\/#breadcrumb"},"inLanguage":"pt-PT","potentialAction":[{"@type":"ReadAction","target":["https:\/\/elfsight.com\/pt\/testimonials-slider-widget\/godaddy\/"]}]},{"@type":"BreadcrumbList","@id":"https:\/\/elfsight.com\/pt\/testimonials-slider-widget\/godaddy\/#breadcrumb","itemListElement":[{"@type":"ListItem","position":1,"name":"Home","item":"https:\/\/elfsight.com\/pt\/"},{"@type":"ListItem","position":2,"name":"Testimonials Slider","item":"https:\/\/elfsight.com\/pt\/testimonials-slider-widget\/"},{"@type":"ListItem","position":3,"name":"Testimonials Slider &#8211; GoDaddy"}]},{"@type":"WebSite","@id":"https:\/\/elfsight.com\/pt\/#website","url":"https:\/\/elfsight.com\/pt\/","name":"Elfsight PT","description":"Just another Elfsight Sites site","potentialAction":[{"@type":"SearchAction","target":{"@type":"EntryPoint","urlTemplate":"https:\/\/elfsight.com\/pt\/?s={search_term_string}"},"query-input":{"@type":"PropertyValueSpecification","valueRequired":true,"valueName":"search_term_string"}}],"inLanguage":"pt-PT"}]}},"meta_box":{"industry":"","seo_heading":"","heading":"","description":"","cta_heading":"","cta_description":"","application":"558","h1":"Widget de Controlo Deslizante de Testemunhos para GoDaddy","h1_caption":"Mostre os seus coment\u00e1rios de clientes no seu website e nivele a sua credibilidade comercial com widget","application_category":[],"applications_title":"","applications_request_title":"","applications_request_button_text":"","hero_text":"","hero_video":"","hero_video_schema_markup":"","selling_points_title":"","selling_points_caption":"","selling_points":[],"selling_points_cta_text":"","features_title":"","features":"","ed_cta_examples_text":"","ed_cta_examples_hidden":"","ed_cta_demo_text":"","ed_cta_demo_hidden":"","why_caption":"","why_editor_title":"","why_editor_text":"","why_team_title":"","why_team_text":"","why_service_title":"","why_service_text":"","template_catalog_visible":"","template_catalog_title":"","template_catalog_text":"","template_catalog_categories_visible":"","demo_title":"Crie seu plugin Slider de Depoimentos","demo_caption":"Configure seu controle deslizante de depoimentos e adicione-o ao seu site GoDaddy gratuitamente!","default_faq_hidden":"","app_template_category":[],"platform":"4908","template_public_id":"","codecanyon_url":"","codecanyon_item_id":"","codecanyon_price":"","pricing_caption":"","pricing_elfsight_apps_hide_column":"","pricing_elfsight_apps_url":"","pricing_codecanyon_price_caption":"","integration_category":[],"integration_request_title":"","integration_request_cta":"","integration_platform":"","integrations":[],"platform_category":[],"video_schema_markup":"","price":"de US$ 0 por m\u00eas","trial":"","benefits":[{"text":"Servi\u00e7os de instala\u00e7\u00e3o livre"},{"text":"Suporte premium"},{"text":"14 dias dinheiro de volta garantia"},{"text":"Atualiza\u00e7\u00f5es vital\u00edcias"}],"button_url":"#demo","button_target_blank":"0","button_nofollow":"0","attributes":[{"name":"Responsivo","content":"Sim","_state":"expanded"},{"name":"Navegadores compat\u00edveis","content":"IE11, Firefox, Safari, Opera, Chrome, Edge","_state":"expanded"}],"tags":[],"tags_disable_links":"0","hide_more_platforms":"","video_object":"","demo_hide_cta":"0","demo_hide_cloud_options":"0","pricing_title":"","pricing":[{"pricing_icon":"platform","pricing_title":"Elfsight Apps","pricing_title_caption":"Software independente de plataforma","pricing_price":"de US$ 0 por m\u00eas","pricing_price_caption":"come\u00e7ar com um plano gr\u00e1tis","pricing_benefits":[{"text":"Sites ilimitados"},{"text":"Suporte r\u00e1pido"},{"text":"Ajuda para instala\u00e7\u00e3o gratuita"},{"text":"Design flex\u00edvel"}],"pricing_button_text":"Adicionar ao site","pricing_button_url":"#demo","_state":"expanded"}],"related_apps_title":"","related_apps_hidden":"1","author":"","image":[],"title":"","job":"","social_networks":[]},"_links":{"self":[{"href":"https:\/\/elfsight.com\/pt\/wp-json\/wp\/v2\/pages\/4614","targetHints":{"allow":["GET"]}}],"collection":[{"href":"https:\/\/elfsight.com\/pt\/wp-json\/wp\/v2\/pages"}],"about":[{"href":"https:\/\/elfsight.com\/pt\/wp-json\/wp\/v2\/types\/page"}],"author":[{"embeddable":true,"href":"https:\/\/elfsight.com\/pt\/wp-json\/wp\/v2\/users\/18"}],"replies":[{"embeddable":true,"href":"https:\/\/elfsight.com\/pt\/wp-json\/wp\/v2\/comments?post=4614"}],"version-history":[{"count":1,"href":"https:\/\/elfsight.com\/pt\/wp-json\/wp\/v2\/pages\/4614\/revisions"}],"predecessor-version":[{"id":4619,"href":"https:\/\/elfsight.com\/pt\/wp-json\/wp\/v2\/pages\/4614\/revisions\/4619"}],"up":[{"embeddable":true,"href":"https:\/\/elfsight.com\/pt\/wp-json\/wp\/v2\/pages\/559"}],"wp:attachment":[{"href":"https:\/\/elfsight.com\/pt\/wp-json\/wp\/v2\/media?parent=4614"}],"curies":[{"name":"wp","href":"https:\/\/api.w.org\/{rel}","templated":true}]}}