{"id":4609,"date":"2022-05-18T13:19:46","date_gmt":"2022-05-18T13:19:46","guid":{"rendered":"https:\/\/elfsight.com\/pt\/?page_id=4609"},"modified":"2025-02-10T17:26:36","modified_gmt":"2025-02-10T17:26:36","slug":"facebook","status":"publish","type":"page","link":"https:\/\/elfsight.com\/pt\/social-feed-widget\/facebook\/","title":{"rendered":"Social Feed &#8211; Facebook Page"},"content":{"rendered":"\n<div class=\"application-platform-content-item-description application-platform-content-item\" id=\"description\" data-nav-section=\"description\"> \n<h2>Descri\u00e7\u00e3o<\/h2> \n<p>O Elfsight Social Feed para Facebook \u00e9 um widget especial para promover n\u00e3o apenas coisas, mas emo\u00e7\u00f5es e experi\u00eancias. Com ele, voc\u00ea pode criar um feed personalizado a partir de conte\u00fados de v\u00e1rias fontes: Instagram, Pinterest, Facebook, Twitter, Tumblr, YouTube, Vimeo \u2013 e coloc\u00e1-lo diretamente no seu site. Crie uma galeria ou cat\u00e1logo de produtos em 1-2-3! Tenha total controle sobre o conte\u00fado exibido com v\u00e1rias op\u00e7\u00f5es de filtragem e se livre de spam e conte\u00fados indesejados com modera\u00e7\u00e3o manual. O configurador online totalmente responsivo oferece diversos modelos para voc\u00ea escolher.<\/p>\n<p><b>Com o Social Wall, experimente um crescimento mais r\u00e1pido nos neg\u00f3cios e aumente as vendas<\/b><\/p>\n<\/div> \n\n<div class=\"application-platform-content-item-features application-platform-content-item\" id=\"features\" data-nav-section=\"features\"> \n<h2>Oferecemos recursos poderosos e simples, confira alguns deles:<\/h2> \n<ul>\n<li>Exiba o conte\u00fado das suas redes sociais de v\u00e1rias plataformas.<\/li>\n<li>Elimine qualquer spam e conte\u00fado indesejado usando o modo de modera\u00e7\u00e3o manual.<\/li>\n<li>Adicione o bot\u00e3o de Seguir no feed do widget.<\/li>\n<li>Deixe seus posts aparecerem em um pop-up.<\/li>\n<\/ul>\n\n<p><a href=\"#demo\">Voc\u00ea pode sentir como o widget funciona testando a demo<\/a><\/p>\n<\/div> \n\n<div class=\"application-platform-content-item-installation application-platform-content-item\" id=\"installation\" data-nav-section=\"installation\"> \n<h2>Como integrar o widget Social Media Feed na minha p\u00e1gina do Facebook?<\/h2>\n<div class=\"tip-yellow tip\"><b>Devido \u00e0s recentes mudan\u00e7as no Facebook e a transi\u00e7\u00e3o para a Nova Experi\u00eancia da P\u00e1gina, o uso atualmente s\u00f3 \u00e9 poss\u00edvel adicionando um link direto ao widget. Estamos buscando ativamente uma solu\u00e7\u00e3o e atualizaremos a configura\u00e7\u00e3o da p\u00e1gina do Facebook assim que encontrarmos uma forma.<\/b><\/div> \n<p>Basta seguir os passos abaixo para ativar o plugin.<\/p> \n\n<ol>\n<li><b>Use nosso configurador gratuito e comece a criar seu pr\u00f3prio instrumento.<\/b><br> \nEncontre o visual e a funcionalidade desejados para o widget e salve as altera\u00e7\u00f5es.<\/li> \n<li><b>Adquira o c\u00f3digo individual exibido no formul\u00e1rio especial do Elfsight Apps.<\/b><br> \nAp\u00f3s a personaliza\u00e7\u00e3o do seu plugin, copie o c\u00f3digo exclusivo que aparecer\u00e1 na janela pop-up e salve-o para uma ocasi\u00e3o futura.<\/li> \n<li><b>Comece a usar o widget Social Wall no site do Facebook.<\/b><br> \nImplemente o c\u00f3digo copiado recentemente no seu site e aplique as modifica\u00e7\u00f5es.<\/li> \n<li><b>Pronto! A integra\u00e7\u00e3o foi conclu\u00edda com sucesso.<\/b><br> \nAcesse seu site para ver o desempenho do plugin.<\/li>\n<\/ol> \n<p>Se encontrar algum problema, n\u00e3o hesite em escrever para nossa equipe de atendimento ao cliente. Nossa equipe ficar\u00e1 feliz em ajud\u00e1-lo com qualquer dificuldade que voc\u00ea possa ter com a ferramenta.<\/p>\n<\/div>\n\n","protected":false},"excerpt":{"rendered":"","protected":false},"author":18,"featured_media":0,"parent":462,"menu_order":0,"comment_status":"closed","ping_status":"closed","template":"templates\/template-application-platform.php","meta":{"publish_to_discourse":"","publish_post_category":"","wpdc_auto_publish_overridden":"","wpdc_topic_tags":"","wpdc_pin_topic":"","wpdc_pin_until":"","discourse_post_id":"","discourse_permalink":"","wpdc_publishing_response":"","wpdc_publishing_error":"","footnotes":""},"class_list":["post-4609","page","type-page","status-publish","hentry"],"yoast_head":"<!-- This site is optimized with the Yoast SEO plugin v25.3.1 - https:\/\/yoast.com\/wordpress\/plugins\/seo\/ -->\n<title>Feed de Rede Social - trazer widget de Feed Social para site de Facebook Page<\/title>\n<meta name=\"description\" content=\"Incrusta a widget de Feed de Rede Social responsivo na sua do p\u00e1gina de Facebook Page. Tenta Elfsight demonstra\u00e7\u00e3o intuitivo e cria o teu widget \u00fanico num instante.\" \/>\n<meta name=\"robots\" content=\"index, follow, max-snippet:-1, max-image-preview:large, max-video-preview:-1\" \/>\n<link rel=\"canonical\" href=\"https:\/\/elfsight.com\/pt\/social-feed-widget\/facebook\/\" \/>\n<meta property=\"og:locale\" content=\"pt_PT\" \/>\n<meta property=\"og:type\" content=\"article\" \/>\n<meta property=\"og:title\" content=\"Feed de Rede Social - trazer widget de Feed Social para site de Facebook Page\" \/>\n<meta property=\"og:description\" content=\"Incrusta a widget de Feed de Rede Social responsivo na sua do p\u00e1gina de Facebook Page. Tenta Elfsight demonstra\u00e7\u00e3o intuitivo e cria o teu widget \u00fanico num instante.\" \/>\n<meta property=\"og:url\" content=\"https:\/\/elfsight.com\/pt\/social-feed-widget\/facebook\/\" \/>\n<meta property=\"og:site_name\" content=\"Elfsight PT\" \/>\n<meta property=\"article:modified_time\" content=\"2025-02-10T17:26:36+00:00\" \/>\n<meta name=\"twitter:card\" content=\"summary_large_image\" \/>\n<meta name=\"twitter:label1\" content=\"Tempo estimado de leitura\" \/>\n\t<meta name=\"twitter:data1\" content=\"3 minutos\" \/>\n<!-- \/ Yoast SEO plugin. -->","yoast_head_json":{"title":"Feed de Rede Social - trazer widget de Feed Social para site de Facebook Page","description":"Incrusta a widget de Feed de Rede Social responsivo na sua do p\u00e1gina de Facebook Page. Tenta Elfsight demonstra\u00e7\u00e3o intuitivo e cria o teu widget \u00fanico num instante.","robots":{"index":"index","follow":"follow","max-snippet":"max-snippet:-1","max-image-preview":"max-image-preview:large","max-video-preview":"max-video-preview:-1"},"canonical":"https:\/\/elfsight.com\/pt\/social-feed-widget\/facebook\/","og_locale":"pt_PT","og_type":"article","og_title":"Feed de Rede Social - trazer widget de Feed Social para site de Facebook Page","og_description":"Incrusta a widget de Feed de Rede Social responsivo na sua do p\u00e1gina de Facebook Page. Tenta Elfsight demonstra\u00e7\u00e3o intuitivo e cria o teu widget \u00fanico num instante.","og_url":"https:\/\/elfsight.com\/pt\/social-feed-widget\/facebook\/","og_site_name":"Elfsight PT","article_modified_time":"2025-02-10T17:26:36+00:00","twitter_card":"summary_large_image","twitter_misc":{"Tempo estimado de leitura":"3 minutos"},"schema":{"@context":"https:\/\/schema.org","@graph":[{"@type":"WebPage","@id":"https:\/\/elfsight.com\/pt\/social-feed-widget\/facebook\/","url":"https:\/\/elfsight.com\/pt\/social-feed-widget\/facebook\/","name":"Feed de Rede Social - trazer widget de Feed Social para site de Facebook Page","isPartOf":{"@id":"https:\/\/elfsight.com\/pt\/#website"},"datePublished":"2022-05-18T13:19:46+00:00","dateModified":"2025-02-10T17:26:36+00:00","description":"Incrusta a widget de Feed de Rede Social responsivo na sua do p\u00e1gina de Facebook Page. Tenta Elfsight demonstra\u00e7\u00e3o intuitivo e cria o teu widget \u00fanico num instante.","breadcrumb":{"@id":"https:\/\/elfsight.com\/pt\/social-feed-widget\/facebook\/#breadcrumb"},"inLanguage":"pt-PT","potentialAction":[{"@type":"ReadAction","target":["https:\/\/elfsight.com\/pt\/social-feed-widget\/facebook\/"]}]},{"@type":"BreadcrumbList","@id":"https:\/\/elfsight.com\/pt\/social-feed-widget\/facebook\/#breadcrumb","itemListElement":[{"@type":"ListItem","position":1,"name":"Home","item":"https:\/\/elfsight.com\/pt\/"},{"@type":"ListItem","position":2,"name":"Social Feed","item":"https:\/\/elfsight.com\/pt\/social-feed-widget\/"},{"@type":"ListItem","position":3,"name":"Social Feed &#8211; Facebook Page"}]},{"@type":"WebSite","@id":"https:\/\/elfsight.com\/pt\/#website","url":"https:\/\/elfsight.com\/pt\/","name":"Elfsight PT","description":"Just another Elfsight Sites site","potentialAction":[{"@type":"SearchAction","target":{"@type":"EntryPoint","urlTemplate":"https:\/\/elfsight.com\/pt\/?s={search_term_string}"},"query-input":{"@type":"PropertyValueSpecification","valueRequired":true,"valueName":"search_term_string"}}],"inLanguage":"pt-PT"}]}},"meta_box":{"industry":"","seo_heading":"","heading":"","description":"","cta_heading":"","cta_description":"","application":"461","h1":"Widget de Feed de Rede Social para Facebook Page","h1_caption":"Insira postagens da Twitter, Facebook, Instagram e outras plataformas de comunica\u00e7\u00e3o social no seu website numa \u00fanica widget de parede social","application_category":[],"applications_title":"","applications_request_title":"","applications_request_button_text":"","hero_text":"","hero_video":"","hero_video_schema_markup":"","selling_points_title":"","selling_points_caption":"","selling_points":[],"selling_points_cta_text":"","features_title":"","features":"","ed_cta_examples_text":"","ed_cta_examples_hidden":"","ed_cta_demo_text":"","ed_cta_demo_hidden":"","why_caption":"","why_editor_title":"","why_editor_text":"","why_team_title":"","why_team_text":"","why_service_title":"","why_service_text":"","template_catalog_visible":"0","template_catalog_title":"","template_catalog_text":"","template_catalog_categories_visible":"","demo_title":"Apresse-se para criar personalizado Facebook Page Feed Social","demo_caption":"Personaliza isto e insere o widget no o seu p\u00e1gina utiliza\u00e7\u00e3o de demonstra\u00e7\u00e3o ao vivo.","default_faq_hidden":"","app_template_category":[],"platform":"103","template_public_id":"","codecanyon_url":"","codecanyon_item_id":"","codecanyon_price":"","pricing_caption":"","pricing_elfsight_apps_hide_column":"","pricing_elfsight_apps_url":"","pricing_codecanyon_price_caption":"","integration_category":[],"integration_request_title":"","integration_request_cta":"","integration_platform":"","integrations":[],"platform_category":[],"video_schema_markup":"","price":"a partir de US$ 0\/m\u00eas","trial":"","benefits":[{"text":"Servi\u00e7os de instala\u00e7\u00e3o livre"},{"text":"Suporte premium"},{"text":"14 dias dinheiro de volta garantia"},{"text":"Atualiza\u00e7\u00f5es vital\u00edcias"}],"button_url":"#demo","button_target_blank":"0","button_nofollow":"0","attributes":[{"name":"Responsivo","content":"Sim","_state":"expanded"},{"name":"Navegadores compat\u00edveis","content":"IE11, Firefox, Safari, Opera, Chrome, Edge","_state":"expanded"}],"tags":[],"tags_disable_links":"0","hide_more_platforms":"0","video_object":"","demo_hide_cta":"0","demo_hide_cloud_options":"0","pricing_title":"","pricing":[{"pricing_icon":"platform","pricing_title":"Elfsight Apps","pricing_title_caption":"Software independente de plataforma","pricing_price":"de US$ 0 por m\u00eas","pricing_price_caption":"come\u00e7ar com um plano gr\u00e1tis","pricing_benefits":[{"text":"Sites ilimitados"},{"text":"Suporte r\u00e1pido"},{"text":"Ajuda para instala\u00e7\u00e3o gratuita"},{"text":"Design flex\u00edvel"}],"pricing_button_text":"Adicionar ao site","pricing_button_url":"#demo","_state":"expanded"}],"related_apps_title":"","related_apps_hidden":"1","author":"","image":[],"title":"","job":"","social_networks":[]},"_links":{"self":[{"href":"https:\/\/elfsight.com\/pt\/wp-json\/wp\/v2\/pages\/4609","targetHints":{"allow":["GET"]}}],"collection":[{"href":"https:\/\/elfsight.com\/pt\/wp-json\/wp\/v2\/pages"}],"about":[{"href":"https:\/\/elfsight.com\/pt\/wp-json\/wp\/v2\/types\/page"}],"author":[{"embeddable":true,"href":"https:\/\/elfsight.com\/pt\/wp-json\/wp\/v2\/users\/18"}],"replies":[{"embeddable":true,"href":"https:\/\/elfsight.com\/pt\/wp-json\/wp\/v2\/comments?post=4609"}],"version-history":[{"count":1,"href":"https:\/\/elfsight.com\/pt\/wp-json\/wp\/v2\/pages\/4609\/revisions"}],"predecessor-version":[{"id":4615,"href":"https:\/\/elfsight.com\/pt\/wp-json\/wp\/v2\/pages\/4609\/revisions\/4615"}],"up":[{"embeddable":true,"href":"https:\/\/elfsight.com\/pt\/wp-json\/wp\/v2\/pages\/462"}],"wp:attachment":[{"href":"https:\/\/elfsight.com\/pt\/wp-json\/wp\/v2\/media?parent=4609"}],"curies":[{"name":"wp","href":"https:\/\/api.w.org\/{rel}","templated":true}]}}