{"id":4606,"date":"1970-01-01T00:00:00","date_gmt":"1970-01-01T00:00:00","guid":{"rendered":"https:\/\/elfsight.com\/pt\/?page_id=4606"},"modified":"2025-03-03T06:31:09","modified_gmt":"2025-03-03T06:31:09","slug":"facebook","status":"publish","type":"page","link":"https:\/\/elfsight.com\/pt\/testimonials-slider-widget\/facebook\/","title":{"rendered":"Testimonials Slider &#8211; Facebook Page"},"content":{"rendered":"\n<div class=\"application-platform-content-item-description application-platform-content-item\" id=\"description\" data-nav-section=\"description\"><h2>Descri\u00e7\u00e3o<\/h2><p>Testimonials Slider \u00e9 um widget f\u00e1cil para mostrar avalia\u00e7\u00f5es de seus compradores em sua p\u00e1gina pessoal ou comercial. Voc\u00ea pode demonstrar prova social para tornar o feedback confi\u00e1vel: nome do autor, foto, logotipo comercial da empresa e at\u00e9 mesmo um link para a p\u00e1gina.<\/p><p><b>Aumente a confian\u00e7a em sua empresa demonstrando avalia\u00e7\u00f5es positivas de seus visitantes.<\/b><\/p><\/div> <div class=\"application-platform-content-item-features application-platform-content-item\" id=\"features\" data-nav-section=\"features\"><h2>Recursos<\/h2><p>Os aspectos cruciais, que transformam nossa guia Depoimentos em um widget \u00fatil para qualquer p\u00e1gina comercial do Facebook.<\/p><ul><li>6 modelos de depoimentos adapt\u00e1veis;<\/li><li>Layouts de controle deslizante e grade;<\/li><li>Design responsivo;<\/li><li>Nome e foto do autor para demonstrar confian\u00e7a ;<\/li><li>Layout de largura total.<\/li><\/ul><p><a href=\"#demo\">Teste todas as outras fun\u00e7\u00f5es na demonstra\u00e7\u00e3o<\/a><\/p><\/div> <div class=\"application-platform-content-item-installation application-platform-content-item\" id=\"installation\" data-nav-section=\"installation\"><h2>Como adicionar depoimentos \u00e0 p\u00e1gina comercial do Facebook<\/h2><p>O plugin Elfsight \u00e9 f\u00e1cil de instalar e n\u00e3o requer nenhuma habilidade de desenvolvimento. A execu\u00e7\u00e3o das instru\u00e7\u00f5es n\u00e3o levar\u00e1 mais de 2 minutos.<\/p><ul><li><b>Projete seu widget de depoimentos personalizado<\/b><br>Gere um plug-in com apar\u00eancia e funcionalidade personalizadas com a ajuda do nosso editor gratuito. <\/li><li><b>Receba o c\u00f3digo pessoal para integrar o plugin<\/b><br>Depois de criar o seu widget, ir\u00e1 adquirir o c\u00f3digo exclusivo da notifica\u00e7\u00e3o que aparece nas aplica\u00e7\u00f5es Elfsight. Copie o c\u00f3digo para uso posterior. <\/li><li><b>Adicione o widget \u00e0 p\u00e1gina do Facebook<\/b><br> Crie sua guia personalizada do Facebook. Insira o c\u00f3digo que voc\u00ea recebeu nos aplicativos da elfsight na guia. Se voc\u00ea tiver algum problema, basta verificar nosso guia em <a href=\"https:\/\/elfsight.com\/blog\/how-to-add-custom-tab-to-facebook-page\/\" target=\"_blank\" rel=\"noopener noreferrer\">criando uma guia personalizada do Facebook<\/a><\/li><li><b>A configura\u00e7\u00e3o foi bem-sucedida!<\/b><br>Entre na p\u00e1gina para verificar seu plugin.<\/li><\/ul><p>Encontrou algum problema ao configurar ou moldar o plugin? Deixe uma consulta Suporte.<\/p><div class=\"faq\" data-component=\"FAQ\"> <div class=\"faq-item\">\r\n\t\t\t\t\t<div class=\"faq-item-question\">\r\n\t\t\t\t\t\t<h3 class=\"faq-item-question-text\">Como posso adicionar o controle deslizante de depoimentos ao site da minha p\u00e1gina do Facebook sem habilidades de codifica\u00e7\u00e3o?<\/h3>\r\n\r\n\t\t\t\t\t\t<div class=\"faq-item-question-icon\"><\/div>\r\n\t\t\t\t\t<\/div>\r\n\r\n\t\t\t\t\t<div class=\"faq-item-answer\">\r\n\t\t\t\t\t\t<div class=\"faq-item-answer-text\"> <p>A Elfsight fornece uma solu\u00e7\u00e3o SaaS que permite criar um widget controle deslizante de depoimentos voc\u00ea mesmo, veja como o processo \u00e9 f\u00e1cil: Trabalhe diretamente no Editor on-line para criar um widget Slider de Depoimentos que voc\u00ea gostaria de ver no site da sua p\u00e1gina do Facebook. Escolha um dos modelos predefinidos e ajuste as configura\u00e7\u00f5es do controle deslizante de depoimentos, adicione seu conte\u00fado, altere o layout e a cor dos elementos sem nenhuma habilidade de codifica\u00e7\u00e3o. Salve o controle deslizante de depoimentos e copie seu c\u00f3digo de instala\u00e7\u00e3o, que voc\u00ea pode colar facilmente no site da sua p\u00e1gina do Facebook sem a necessidade de comprar uma vers\u00e3o paga. Com nosso editor intuitivo, qualquer usu\u00e1rio da Internet pode criar um widget Slider de Depoimentos online e incorpor\u00e1-lo facilmente em sua p\u00e1gina do Facebook. N\u00e3o h\u00e1 necessidade de pagar ou inserir as credenciais do seu cart\u00e3o para acessar o servi\u00e7o. Se voc\u00ea enfrentar qualquer problema em qualquer etapa, n\u00e3o hesite em entrar em contato com nossa equipe de suporte t\u00e9cnico.<\/p> <\/div>\r\n\t\t\t\t\t<\/div>\r\n\t\t\t\t<\/div> <\/div> <\/div>\n","protected":false},"excerpt":{"rendered":"","protected":false},"author":9,"featured_media":0,"parent":559,"menu_order":0,"comment_status":"closed","ping_status":"closed","template":"templates\/template-application-platform.php","meta":{"publish_to_discourse":"","publish_post_category":"","wpdc_auto_publish_overridden":"","wpdc_topic_tags":"","wpdc_pin_topic":"","wpdc_pin_until":"","discourse_post_id":"","discourse_permalink":"","wpdc_publishing_response":"","wpdc_publishing_error":"","footnotes":""},"class_list":["post-4606","page","type-page","status-publish","hentry"],"yoast_head":"<!-- This site is optimized with the Yoast SEO plugin v25.3.1 - https:\/\/yoast.com\/wordpress\/plugins\/seo\/ -->\n<title>Adicionar controle deslizante de depoimentos \u00e0 guia personalizada da p\u00e1gina do Facebook (2025)<\/title>\n<meta name=\"description\" content=\"Confira gratuitamente a melhor guia de depoimentos para a p\u00e1gina comercial do Facebook. Uma integra\u00e7\u00e3o simples e imediata sem habilidades para desenvolver em um minuto.\" \/>\n<meta name=\"robots\" content=\"index, follow, max-snippet:-1, max-image-preview:large, max-video-preview:-1\" \/>\n<link rel=\"canonical\" href=\"https:\/\/elfsight.com\/pt\/testimonials-slider-widget\/facebook\/\" \/>\n<meta property=\"og:locale\" content=\"pt_PT\" \/>\n<meta property=\"og:type\" content=\"article\" \/>\n<meta property=\"og:title\" content=\"Adicionar controle deslizante de depoimentos \u00e0 guia personalizada da p\u00e1gina do Facebook (2025)\" \/>\n<meta property=\"og:description\" content=\"Confira gratuitamente a melhor guia de depoimentos para a p\u00e1gina comercial do Facebook. Uma integra\u00e7\u00e3o simples e imediata sem habilidades para desenvolver em um minuto.\" \/>\n<meta property=\"og:url\" content=\"https:\/\/elfsight.com\/pt\/testimonials-slider-widget\/facebook\/\" \/>\n<meta property=\"og:site_name\" content=\"Elfsight PT\" \/>\n<meta property=\"article:modified_time\" content=\"2025-03-03T06:31:09+00:00\" \/>\n<meta name=\"twitter:card\" content=\"summary_large_image\" \/>\n<meta name=\"twitter:label1\" content=\"Tempo estimado de leitura\" \/>\n\t<meta name=\"twitter:data1\" content=\"3 minutos\" \/>\n<!-- \/ Yoast SEO plugin. -->","yoast_head_json":{"title":"Adicionar controle deslizante de depoimentos \u00e0 guia personalizada da p\u00e1gina do Facebook (2025)","description":"Confira gratuitamente a melhor guia de depoimentos para a p\u00e1gina comercial do Facebook. Uma integra\u00e7\u00e3o simples e imediata sem habilidades para desenvolver em um minuto.","robots":{"index":"index","follow":"follow","max-snippet":"max-snippet:-1","max-image-preview":"max-image-preview:large","max-video-preview":"max-video-preview:-1"},"canonical":"https:\/\/elfsight.com\/pt\/testimonials-slider-widget\/facebook\/","og_locale":"pt_PT","og_type":"article","og_title":"Adicionar controle deslizante de depoimentos \u00e0 guia personalizada da p\u00e1gina do Facebook (2025)","og_description":"Confira gratuitamente a melhor guia de depoimentos para a p\u00e1gina comercial do Facebook. Uma integra\u00e7\u00e3o simples e imediata sem habilidades para desenvolver em um minuto.","og_url":"https:\/\/elfsight.com\/pt\/testimonials-slider-widget\/facebook\/","og_site_name":"Elfsight PT","article_modified_time":"2025-03-03T06:31:09+00:00","twitter_card":"summary_large_image","twitter_misc":{"Tempo estimado de leitura":"3 minutos"},"schema":{"@context":"https:\/\/schema.org","@graph":[{"@type":"WebPage","@id":"https:\/\/elfsight.com\/pt\/testimonials-slider-widget\/facebook\/","url":"https:\/\/elfsight.com\/pt\/testimonials-slider-widget\/facebook\/","name":"Adicionar controle deslizante de depoimentos \u00e0 guia personalizada da p\u00e1gina do Facebook (2025)","isPartOf":{"@id":"https:\/\/elfsight.com\/pt\/#website"},"datePublished":"1970-01-01T00:00:00+00:00","dateModified":"2025-03-03T06:31:09+00:00","description":"Confira gratuitamente a melhor guia de depoimentos para a p\u00e1gina comercial do Facebook. Uma integra\u00e7\u00e3o simples e imediata sem habilidades para desenvolver em um minuto.","breadcrumb":{"@id":"https:\/\/elfsight.com\/pt\/testimonials-slider-widget\/facebook\/#breadcrumb"},"inLanguage":"pt-PT","potentialAction":[{"@type":"ReadAction","target":["https:\/\/elfsight.com\/pt\/testimonials-slider-widget\/facebook\/"]}]},{"@type":"BreadcrumbList","@id":"https:\/\/elfsight.com\/pt\/testimonials-slider-widget\/facebook\/#breadcrumb","itemListElement":[{"@type":"ListItem","position":1,"name":"Home","item":"https:\/\/elfsight.com\/pt\/"},{"@type":"ListItem","position":2,"name":"Testimonials Slider","item":"https:\/\/elfsight.com\/pt\/testimonials-slider-widget\/"},{"@type":"ListItem","position":3,"name":"Testimonials Slider &#8211; Facebook Page"}]},{"@type":"WebSite","@id":"https:\/\/elfsight.com\/pt\/#website","url":"https:\/\/elfsight.com\/pt\/","name":"Elfsight PT","description":"Just another Elfsight Sites site","potentialAction":[{"@type":"SearchAction","target":{"@type":"EntryPoint","urlTemplate":"https:\/\/elfsight.com\/pt\/?s={search_term_string}"},"query-input":{"@type":"PropertyValueSpecification","valueRequired":true,"valueName":"search_term_string"}}],"inLanguage":"pt-PT"}]}},"meta_box":{"industry":"","seo_heading":"","heading":"","description":"","cta_heading":"","cta_description":"","application":"947","h1":"Guia Depoimentos para p\u00e1gina comercial do Facebook","h1_caption":"Um widget intuitivo para demonstrar o feedback de seus usu\u00e1rios na p\u00e1gina do Facebook","application_category":[],"applications_title":"","applications_request_title":"","applications_request_button_text":"","hero_text":"","hero_video":"","hero_video_schema_markup":"","selling_points_title":"","selling_points_caption":"","selling_points":[],"selling_points_cta_text":"","features_title":"","features":"","ed_cta_examples_text":"","ed_cta_examples_hidden":"","ed_cta_demo_text":"","ed_cta_demo_hidden":"","why_caption":"","why_editor_title":"","why_editor_text":"","why_team_title":"","why_team_text":"","why_service_title":"","why_service_text":"","template_catalog_visible":"0","template_catalog_title":"","template_catalog_text":"","template_catalog_categories_visible":"","demo_title":"Crie seu widget deslizante de depoimentos","demo_caption":"Configure seu controle deslizante de depoimentos e adicione-o ao site da sua p\u00e1gina do Facebook gratuitamente!","default_faq_hidden":"","app_template_category":[],"platform":"103","template_public_id":"","codecanyon_url":"","codecanyon_item_id":"","codecanyon_price":"","pricing_caption":"","pricing_elfsight_apps_hide_column":"","pricing_elfsight_apps_url":"","pricing_codecanyon_price_caption":"","integration_category":[],"integration_request_title":"","integration_request_cta":"","integration_platform":"","integrations":[],"platform_category":[],"video_schema_markup":"","price":"a partir de US$ 0\/m\u00eas","trial":"","benefits":[{"text":"Ajuda de instala\u00e7\u00e3o gratuita"},{"text":"Atendimento ao cliente profissional"},{"text":"Garantia de reembolso de 14 dias"},{"text":"Atualiza\u00e7\u00f5es gratuitas cont\u00ednuas"}],"button_url":"#demo","button_target_blank":"0","button_nofollow":"0","attributes":[{"name":"Instala\u00e7\u00f5es","content":"10,000 - 100,000","_state":"expanded"},{"name":"Responsivo","content":"Sim","_state":"expanded"},{"name":"Navegadores compat\u00edveis","content":"Opera, Safari, Edge, Firefox, Chrome"}],"tags":[],"tags_disable_links":"0","hide_more_platforms":"0","video_object":"","demo_hide_cta":"0","demo_hide_cloud_options":"0","pricing_title":"","pricing":[{"pricing_icon":"platform","pricing_title":"Elfsight Apps","pricing_title_caption":"Solu\u00e7\u00e3o independente de plataforma que se adapta a qualquer site","pricing_price":"a partir de US$ 0\/m\u00eas","pricing_price_caption":"comece com plano gratuito","pricing_benefits":[{"text":"Dom\u00ednios ilimitados"},{"text":"Suporte profissional e pontual"},{"text":"Suporte profissional e pontual"},{"text":"Design flex\u00edvel"}],"pricing_button_text":"Adicionar ao site","pricing_button_url":"#demo","_state":"expanded"}],"related_apps_title":"","related_apps_hidden":"1","author":"","image":[],"title":"","job":"","social_networks":[]},"_links":{"self":[{"href":"https:\/\/elfsight.com\/pt\/wp-json\/wp\/v2\/pages\/4606","targetHints":{"allow":["GET"]}}],"collection":[{"href":"https:\/\/elfsight.com\/pt\/wp-json\/wp\/v2\/pages"}],"about":[{"href":"https:\/\/elfsight.com\/pt\/wp-json\/wp\/v2\/types\/page"}],"author":[{"embeddable":true,"href":"https:\/\/elfsight.com\/pt\/wp-json\/wp\/v2\/users\/9"}],"replies":[{"embeddable":true,"href":"https:\/\/elfsight.com\/pt\/wp-json\/wp\/v2\/comments?post=4606"}],"version-history":[{"count":3,"href":"https:\/\/elfsight.com\/pt\/wp-json\/wp\/v2\/pages\/4606\/revisions"}],"predecessor-version":[{"id":14141,"href":"https:\/\/elfsight.com\/pt\/wp-json\/wp\/v2\/pages\/4606\/revisions\/14141"}],"up":[{"embeddable":true,"href":"https:\/\/elfsight.com\/pt\/wp-json\/wp\/v2\/pages\/559"}],"wp:attachment":[{"href":"https:\/\/elfsight.com\/pt\/wp-json\/wp\/v2\/media?parent=4606"}],"curies":[{"name":"wp","href":"https:\/\/api.w.org\/{rel}","templated":true}]}}