{"id":4604,"date":"2024-05-03T06:51:30","date_gmt":"2024-05-03T06:51:30","guid":{"rendered":"https:\/\/elfsight.com\/pt\/?page_id=4604"},"modified":"2024-11-13T11:19:38","modified_gmt":"2024-11-13T11:19:38","slug":"facebook","status":"publish","type":"page","link":"https:\/\/elfsight.com\/pt\/tiktok-feed-widget\/facebook\/","title":{"rendered":"TikTok Feed &#8211; Facebook Page"},"content":{"rendered":"<div class=\"application-platform-content-item-description application-platform-content-item\" id=\"description\" data-nav-section=\"description\"> <h2>Descri\u00e7\u00e3o<\/h2> <p>Elfsight TiKTok Feed for Facebook Page \u00e9 um widget para vender n\u00e3o apenas itens, mas tamb\u00e9m emo\u00e7\u00f5es e experi\u00eancias. Ao us\u00e1-lo voc\u00ea pode estabelecer feeds individuais feitos com o conte\u00fado do TikTok \u2013 e exibi-los diretamente em seu site. Crie uma galeria de v\u00eddeos com apenas alguns cliques! Aproveite o controle total sobre o conte\u00fado demonstrado e livre-se de spam e qualquer conte\u00fado indesejado com modera\u00e7\u00e3o manual. O editor online totalmente responsivo oferece diversos modelos para voc\u00ea escolher. <\/p> <p><b>Com o TikTok Feed, alcance um forte desenvolvimento de neg\u00f3cios e aumente as vendas <\/b><\/p> <\/div> <div class=\"application-platform-content-item-features application-platform-content-item\" id=\"features\" data-nav-section=\"features\"> <h2>Aqui est\u00e3o os recursos centrais do widget: <\/h2> <ul><li>Oculte a se\u00e7\u00e3o principal para fazer seu widget parecer minimalista. <\/li><li>Remova qualquer spam e conte\u00fado indesejado por meio de modera\u00e7\u00e3o manual. <\/li><li>Coloque o bot\u00e3o Seguir nos cart\u00f5es de ferramentas. <\/li><li>Fa\u00e7a suas postagens aparecerem em um pop-up. <\/li><\/ul><p><a href=\"#demo\">Experimente esta demonstra\u00e7\u00e3o para ver como funciona<\/a><\/p> <\/div> <div class=\"application-platform-content-item-installation application-platform-content-item\" id=\"installation\" data-nav-section=\"installation\"> <h2>Como incorporar o feed do TikTok na minha p\u00e1gina do Facebook? <\/h2> <p>Basta seguir as instru\u00e7\u00f5es abaixo para inserir a ferramenta. <\/p> <ol><li><b>Inicie nosso editor gratuito e comece a criar seu pr\u00f3prio widget. <\/b><br> Determine o layout e os par\u00e2metros preferidos do widget e aplique as edi\u00e7\u00f5es. <\/li> <li><b>Copie o seu c\u00f3digo pessoal apresentado no formul\u00e1rio especial nas aplica\u00e7\u00f5es Elfsight. <\/b><br> Quando a personaliza\u00e7\u00e3o do seu widget estiver conclu\u00edda, copie o c\u00f3digo pessoal na janela que aparece e guarde-o para uso futuro. <\/li> <li><b>Comece a usar o widget no site da p\u00e1gina do Facebook. <\/b><br> Cole o c\u00f3digo que voc\u00ea copiou antes em sua p\u00e1gina inicial e aplique as melhorias. <\/li> <li><b>A configura\u00e7\u00e3o foi totalmente executada. <\/b><br> Visite sua p\u00e1gina para revisar o trabalho do widget. <\/li><\/ol> <p>Caso voc\u00ea enfrente alguma dificuldade, n\u00e3o hesite em entrar em contato com nossa equipe de atendimento ao cliente. Nossos especialistas est\u00e3o ansiosos para ajud\u00e1-lo com todas as dificuldades que voc\u00ea possa ter com o plugin. <\/p> <\/div>","protected":false},"excerpt":{"rendered":"","protected":false},"author":9,"featured_media":0,"parent":1491,"menu_order":0,"comment_status":"closed","ping_status":"closed","template":"templates\/template-application-platform.php","meta":{"publish_to_discourse":"","publish_post_category":"","wpdc_auto_publish_overridden":"","wpdc_topic_tags":"","wpdc_pin_topic":"","wpdc_pin_until":"","discourse_post_id":"","discourse_permalink":"","wpdc_publishing_response":"","wpdc_publishing_error":"","footnotes":""},"class_list":["post-4604","page","type-page","status-publish","hentry"],"yoast_head":"<!-- This site is optimized with the Yoast SEO plugin v25.3.1 - https:\/\/yoast.com\/wordpress\/plugins\/seo\/ -->\n<title>Adicione o widget TikTok Feed ao site da p\u00e1gina do Facebook (r\u00e1pido e gratuito)<\/title>\n<meta name=\"description\" content=\"Implemente um widget TikTok da p\u00e1gina do Facebook f\u00e1cil de usar em seu site. Use a demonstra\u00e7\u00e3o pr\u00e1tica da Elfsight e modifique seu elegante widget TikTok.\" \/>\n<meta name=\"robots\" content=\"index, follow, max-snippet:-1, max-image-preview:large, max-video-preview:-1\" \/>\n<link rel=\"canonical\" href=\"https:\/\/elfsight.com\/pt\/tiktok-feed-widget\/facebook\/\" \/>\n<meta property=\"og:locale\" content=\"pt_PT\" \/>\n<meta property=\"og:type\" content=\"article\" \/>\n<meta property=\"og:title\" content=\"Adicione o widget TikTok Feed ao site da p\u00e1gina do Facebook (r\u00e1pido e gratuito)\" \/>\n<meta property=\"og:description\" content=\"Implemente um widget TikTok da p\u00e1gina do Facebook f\u00e1cil de usar em seu site. Use a demonstra\u00e7\u00e3o pr\u00e1tica da Elfsight e modifique seu elegante widget TikTok.\" \/>\n<meta property=\"og:url\" content=\"https:\/\/elfsight.com\/pt\/tiktok-feed-widget\/facebook\/\" \/>\n<meta property=\"og:site_name\" content=\"Elfsight PT\" \/>\n<meta property=\"article:modified_time\" content=\"2024-11-13T11:19:38+00:00\" \/>\n<meta name=\"twitter:card\" content=\"summary_large_image\" \/>\n<meta name=\"twitter:label1\" content=\"Tempo estimado de leitura\" \/>\n\t<meta name=\"twitter:data1\" content=\"2 minutos\" \/>\n<!-- \/ Yoast SEO plugin. -->","yoast_head_json":{"title":"Adicione o widget TikTok Feed ao site da p\u00e1gina do Facebook (r\u00e1pido e gratuito)","description":"Implemente um widget TikTok da p\u00e1gina do Facebook f\u00e1cil de usar em seu site. Use a demonstra\u00e7\u00e3o pr\u00e1tica da Elfsight e modifique seu elegante widget TikTok.","robots":{"index":"index","follow":"follow","max-snippet":"max-snippet:-1","max-image-preview":"max-image-preview:large","max-video-preview":"max-video-preview:-1"},"canonical":"https:\/\/elfsight.com\/pt\/tiktok-feed-widget\/facebook\/","og_locale":"pt_PT","og_type":"article","og_title":"Adicione o widget TikTok Feed ao site da p\u00e1gina do Facebook (r\u00e1pido e gratuito)","og_description":"Implemente um widget TikTok da p\u00e1gina do Facebook f\u00e1cil de usar em seu site. Use a demonstra\u00e7\u00e3o pr\u00e1tica da Elfsight e modifique seu elegante widget TikTok.","og_url":"https:\/\/elfsight.com\/pt\/tiktok-feed-widget\/facebook\/","og_site_name":"Elfsight PT","article_modified_time":"2024-11-13T11:19:38+00:00","twitter_card":"summary_large_image","twitter_misc":{"Tempo estimado de leitura":"2 minutos"},"schema":{"@context":"https:\/\/schema.org","@graph":[{"@type":"WebPage","@id":"https:\/\/elfsight.com\/pt\/tiktok-feed-widget\/facebook\/","url":"https:\/\/elfsight.com\/pt\/tiktok-feed-widget\/facebook\/","name":"Adicione o widget TikTok Feed ao site da p\u00e1gina do Facebook (r\u00e1pido e gratuito)","isPartOf":{"@id":"https:\/\/elfsight.com\/pt\/#website"},"datePublished":"2024-05-03T06:51:30+00:00","dateModified":"2024-11-13T11:19:38+00:00","description":"Implemente um widget TikTok da p\u00e1gina do Facebook f\u00e1cil de usar em seu site. Use a demonstra\u00e7\u00e3o pr\u00e1tica da Elfsight e modifique seu elegante widget TikTok.","breadcrumb":{"@id":"https:\/\/elfsight.com\/pt\/tiktok-feed-widget\/facebook\/#breadcrumb"},"inLanguage":"pt-PT","potentialAction":[{"@type":"ReadAction","target":["https:\/\/elfsight.com\/pt\/tiktok-feed-widget\/facebook\/"]}]},{"@type":"BreadcrumbList","@id":"https:\/\/elfsight.com\/pt\/tiktok-feed-widget\/facebook\/#breadcrumb","itemListElement":[{"@type":"ListItem","position":1,"name":"Home","item":"https:\/\/elfsight.com\/pt\/"},{"@type":"ListItem","position":2,"name":"TikTok Feed","item":"https:\/\/elfsight.com\/pt\/tiktok-feed-widget\/"},{"@type":"ListItem","position":3,"name":"TikTok Feed &#8211; Facebook Page"}]},{"@type":"WebSite","@id":"https:\/\/elfsight.com\/pt\/#website","url":"https:\/\/elfsight.com\/pt\/","name":"Elfsight PT","description":"Just another Elfsight Sites site","potentialAction":[{"@type":"SearchAction","target":{"@type":"EntryPoint","urlTemplate":"https:\/\/elfsight.com\/pt\/?s={search_term_string}"},"query-input":{"@type":"PropertyValueSpecification","valueRequired":true,"valueName":"search_term_string"}}],"inLanguage":"pt-PT"}]}},"meta_box":{"industry":"","seo_heading":"","heading":"","description":"","cta_heading":"","cta_description":"","application":"1490","h1":"Widget de feed do TikTok da p\u00e1gina do Facebook","h1_caption":"Apresente seu conte\u00fado do TikTok em seu site com um clique!","application_category":[],"applications_title":"","applications_request_title":"","applications_request_button_text":"","hero_text":"","hero_video":"","hero_video_schema_markup":"","selling_points_title":"","selling_points_caption":"","selling_points":[],"selling_points_cta_text":"","features_title":"","features":"","ed_cta_examples_text":"","ed_cta_examples_hidden":"","ed_cta_demo_text":"","ed_cta_demo_hidden":"","why_caption":"","why_editor_title":"","why_editor_text":"","why_team_title":"","why_team_text":"","why_service_title":"","why_service_text":"","template_catalog_visible":"","template_catalog_title":"","template_catalog_text":"","template_catalog_categories_visible":"","demo_title":"Crie seu widget de feed TikTok","demo_caption":"Configure seu feed TikTok e adicione-o ao site da sua p\u00e1gina do Facebook gratuitamente!","default_faq_hidden":"","app_template_category":[],"platform":"103","template_public_id":"","codecanyon_url":"","codecanyon_item_id":"","codecanyon_price":"","pricing_caption":"","pricing_elfsight_apps_hide_column":"","pricing_elfsight_apps_url":"","pricing_codecanyon_price_caption":"","integration_category":[],"integration_request_title":"","integration_request_cta":"","integration_platform":"","integrations":[],"platform_category":[],"video_schema_markup":"","price":"a partir de US$ 0\/m\u00eas","trial":"","benefits":[{"text":"Servi\u00e7o de instala\u00e7\u00e3o gratuito"},{"text":"Suporte excepcional"},{"text":"Garantia de reembolso de 14 dias"},{"text":"Melhorias gratuitas vital\u00edcias"}],"button_url":"#demo","button_target_blank":"0","button_nofollow":"0","attributes":[{"name":"Instala\u00e7\u00f5es","content":"10,000 - 100,000","_state":"expanded"},{"name":"Responsivo","content":"Sim","_state":"expanded"},{"name":"Navegadores compat\u00edveis","content":"Firefox, Safari, Opera, Chrome, Edge"}],"tags":[],"tags_disable_links":"0","hide_more_platforms":"","video_object":"","demo_hide_cta":"0","demo_hide_cloud_options":"0","pricing_title":"","pricing":[{"pricing_icon":"platform","pricing_title":"Elfsight Apps","pricing_title_caption":"Solu\u00e7\u00e3o digital independente de plataforma","pricing_price":"a partir de US$ 0\/m\u00eas","pricing_price_caption":"comece com um plano gratuito","pricing_benefits":[{"text":"Dom\u00ednios ilimitados"},{"text":"Suporte gratuito \u00e0 empresa"},{"text":"Suporte gratuito \u00e0 empresa"},{"text":"Totalmente personaliz\u00e1vel"}],"pricing_button_text":"Adicionar ao site","pricing_button_url":"#demo","_state":"expanded"}],"related_apps_title":"","related_apps_hidden":"1","author":"","image":[],"title":"","job":"","social_networks":[]},"_links":{"self":[{"href":"https:\/\/elfsight.com\/pt\/wp-json\/wp\/v2\/pages\/4604","targetHints":{"allow":["GET"]}}],"collection":[{"href":"https:\/\/elfsight.com\/pt\/wp-json\/wp\/v2\/pages"}],"about":[{"href":"https:\/\/elfsight.com\/pt\/wp-json\/wp\/v2\/types\/page"}],"author":[{"embeddable":true,"href":"https:\/\/elfsight.com\/pt\/wp-json\/wp\/v2\/users\/9"}],"replies":[{"embeddable":true,"href":"https:\/\/elfsight.com\/pt\/wp-json\/wp\/v2\/comments?post=4604"}],"version-history":[{"count":2,"href":"https:\/\/elfsight.com\/pt\/wp-json\/wp\/v2\/pages\/4604\/revisions"}],"predecessor-version":[{"id":12321,"href":"https:\/\/elfsight.com\/pt\/wp-json\/wp\/v2\/pages\/4604\/revisions\/12321"}],"up":[{"embeddable":true,"href":"https:\/\/elfsight.com\/pt\/wp-json\/wp\/v2\/pages\/1491"}],"wp:attachment":[{"href":"https:\/\/elfsight.com\/pt\/wp-json\/wp\/v2\/media?parent=4604"}],"curies":[{"name":"wp","href":"https:\/\/api.w.org\/{rel}","templated":true}]}}