{"id":4601,"date":"1970-01-01T00:00:00","date_gmt":"1970-01-01T00:00:00","guid":{"rendered":"https:\/\/elfsight.com\/pt\/?page_id=4601"},"modified":"2024-11-13T11:20:31","modified_gmt":"2024-11-13T11:20:31","slug":"elementor","status":"publish","type":"page","link":"https:\/\/elfsight.com\/pt\/social-feed-widget\/elementor\/","title":{"rendered":"Social Feed &#8211; Elementor"},"content":{"rendered":"<div class=\"application-platform-content-item-description application-platform-content-item\" id=\"description\" data-nav-section=\"description\"> <h2>Incorpore Social Feed no Elementor com o widget Elfsight<\/h2> <p>Elfsight Social Feed para Elementor \u00e9 um widget para promover n\u00e3o apenas coisas , mas emo\u00e7\u00f5es e experi\u00eancias. Ao us\u00e1-lo voc\u00ea pode desenvolver feed individual composto por conte\u00fado de diversas fontes: Instagram, Pinterest, Facebook, Twitter, Tumblr, YouTube, Vimeo &#8211; e apresent\u00e1-lo diretamente em sua p\u00e1gina web. Desenvolva uma galeria ou cat\u00e1logo de produtos em 1-2-3! Aproveite o controle total sobre o conte\u00fado demonstrado com diferentes op\u00e7\u00f5es de filtro e elimine spam e qualquer conte\u00fado indesejado com modera\u00e7\u00e3o manual. O editor online totalmente responsivo oferece diferentes modelos para voc\u00ea escolher. <\/p> <p><b>Torne seu site mais eficiente para alvos de com\u00e9rcio eletr\u00f4nico com a ajuda do Social Wall<\/b><\/p> <\/div> <div class=\"application-platform-content-item-features application-platform-content-item\" id=\"features\" data-nav-section=\"features\"> <h2>Encontre abaixo a central recursos do widget: <\/h2> <ul><li>Apresente seu conte\u00fado de m\u00eddia social de diversas redes. <\/li><li>Elimine qualquer spam e conte\u00fado indesejado atrav\u00e9s do modo de modera\u00e7\u00e3o manual. <\/li><li>Coloque o bot\u00e3o Seguir nas postagens do widget. <\/li><li>Permita que suas postagens sejam visualizadas em um pop-up. <\/li><\/ul><p><a href=\"#demo\">Basta verificar esta demonstra\u00e7\u00e3o para entender a funcionalidade do widget<\/a><\/p> <\/div> <div class=\"application-platform-content-item-installation application-platform-content-item\" id=\"installation\" data-nav-section=\"installation\"> <h2>Como posso incorporar o widget Social Media Feed em meu site Elementor? <\/h2> <p>Basta seguir as instru\u00e7\u00f5es abaixo para inserir a ferramenta. <\/p> <ol><li><b>Utilize nosso configurador gratuito e comece a construir seu widget personalizado. <\/b><br> Especifique a apar\u00eancia e as especifica\u00e7\u00f5es preferidas do plugin e aplique as corre\u00e7\u00f5es. <\/li> <li><b>Adquira o c\u00f3digo individual apresentado no formul\u00e1rio especial nas aplica\u00e7\u00f5es Elfsight. <\/b><br> Assim que o estabelecimento do seu widget pessoal for conclu\u00eddo, copie o c\u00f3digo exclusivo no pop-up que surgir e salve-o para uso posterior. <\/li> <li><b>Inicie a aplica\u00e7\u00e3o do widget Social Wall em seu site Elementor. <\/b><br> Insira o c\u00f3digo copiado anteriormente em sua p\u00e1gina e aplique as edi\u00e7\u00f5es. <\/li> <li><b>A instala\u00e7\u00e3o foi totalmente realizada. <\/b><br> Acesse seu site para verificar o funcionamento do plugin. <\/li><\/ol> <p>Caso tenha d\u00favidas ou encontre algum obst\u00e1culo, entre em contato com nossa equipe de suporte. Nossos especialistas ter\u00e3o prazer em resolver todas as dificuldades que voc\u00ea possa ter com o widget. <\/p> <\/div><div class=\"faq\" data-component=\"FAQ\"><div class=\"faq-item\">\r\n\t\t\t\t\t<div class=\"faq-item-question\">\r\n\t\t\t\t\t\t<h3 class=\"faq-item-question-text\">Como posso adicionar Social Feed \u00e0 minha p\u00e1gina Elementor sem experi\u00eancia de codifica\u00e7\u00e3o?<\/h3>\r\n\r\n\t\t\t\t\t\t<div class=\"faq-item-question-icon\"><\/div>\r\n\t\t\t\t\t<\/div>\r\n\r\n\t\t\t\t\t<div class=\"faq-item-answer\">\r\n\t\t\t\t\t\t<div class=\"faq-item-answer-text\"><p>A empresa Elfsight apresenta um solu\u00e7\u00e3o que permite ao usu\u00e1rio criar voc\u00ea mesmo uma se\u00e7\u00e3o de feed social, aprenda o guia f\u00e1cil: <\/p><ul><li>Trabalhe diretamente no editor on-line para criar um plug-in de feed social que voc\u00ea gostaria de incorporar no site Elementor.<\/li><li>Escolha um de nossos modelos predefinidos e adapte as configura\u00e7\u00f5es do Social Feed, transforme o layout e as cores, adicione seu conte\u00fado sem habilidades de codifica\u00e7\u00e3o.<\/li><li>Clique para salvar as configura\u00e7\u00f5es que voc\u00ea fez no Social Feed e obtenha o c\u00f3digo de instala\u00e7\u00e3o, que voc\u00ea pode incluir na p\u00e1gina da Elementor usando um plano gratuito.<\/li><\/ul><p>Trabalhando em nosso editor intuitivo, cada usu\u00e1rio da Internet pode formar a se\u00e7\u00e3o Social Feed e incluir no P\u00e1gina da web Elementor. N\u00e3o \u00e9 necess\u00e1rio adquirir um plano pago ou divulgar os dados do seu cart\u00e3o para aceder ao servi\u00e7o Elfsight. Se voc\u00ea encontrar qualquer tipo de problema, entre em contato com nossa equipe de suporte.<\/p><\/div>\r\n\t\t\t\t\t<\/div>\r\n\t\t\t\t<\/div><\/div>","protected":false},"excerpt":{"rendered":"","protected":false},"author":9,"featured_media":0,"parent":462,"menu_order":0,"comment_status":"closed","ping_status":"closed","template":"templates\/template-application-platform.php","meta":{"publish_to_discourse":"","publish_post_category":"","wpdc_auto_publish_overridden":"","wpdc_topic_tags":"","wpdc_pin_topic":"","wpdc_pin_until":"","discourse_post_id":"","discourse_permalink":"","wpdc_publishing_response":"","wpdc_publishing_error":"","footnotes":""},"class_list":["post-4601","page","type-page","status-publish","hentry"],"yoast_head":"<!-- This site is optimized with the Yoast SEO plugin v25.3.1 - https:\/\/yoast.com\/wordpress\/plugins\/seo\/ -->\n<title>Adicione o plugin Social Wall ao site Elementor (r\u00e1pido e gratuito)<\/title>\n<meta name=\"description\" content=\"Adicione um plugin Elementor Social Feed f\u00e1cil de gerenciar em seu site Elementor. Experimente a demonstra\u00e7\u00e3o pr\u00e1tica da Elfsight e crie seu lindo widget de Social Wall.\" \/>\n<meta name=\"robots\" content=\"index, follow, max-snippet:-1, max-image-preview:large, max-video-preview:-1\" \/>\n<link rel=\"canonical\" href=\"https:\/\/elfsight.com\/pt\/social-feed-widget\/elementor\/\" \/>\n<meta property=\"og:locale\" content=\"pt_PT\" \/>\n<meta property=\"og:type\" content=\"article\" \/>\n<meta property=\"og:title\" content=\"Adicione o plugin Social Wall ao site Elementor (r\u00e1pido e gratuito)\" \/>\n<meta property=\"og:description\" content=\"Adicione um plugin Elementor Social Feed f\u00e1cil de gerenciar em seu site Elementor. Experimente a demonstra\u00e7\u00e3o pr\u00e1tica da Elfsight e crie seu lindo widget de Social Wall.\" \/>\n<meta property=\"og:url\" content=\"https:\/\/elfsight.com\/pt\/social-feed-widget\/elementor\/\" \/>\n<meta property=\"og:site_name\" content=\"Elfsight PT\" \/>\n<meta property=\"article:modified_time\" content=\"2024-11-13T11:20:31+00:00\" \/>\n<meta name=\"twitter:card\" content=\"summary_large_image\" \/>\n<meta name=\"twitter:label1\" content=\"Tempo estimado de leitura\" \/>\n\t<meta name=\"twitter:data1\" content=\"2 minutos\" \/>\n<!-- \/ Yoast SEO plugin. -->","yoast_head_json":{"title":"Adicione o plugin Social Wall ao site Elementor (r\u00e1pido e gratuito)","description":"Adicione um plugin Elementor Social Feed f\u00e1cil de gerenciar em seu site Elementor. Experimente a demonstra\u00e7\u00e3o pr\u00e1tica da Elfsight e crie seu lindo widget de Social Wall.","robots":{"index":"index","follow":"follow","max-snippet":"max-snippet:-1","max-image-preview":"max-image-preview:large","max-video-preview":"max-video-preview:-1"},"canonical":"https:\/\/elfsight.com\/pt\/social-feed-widget\/elementor\/","og_locale":"pt_PT","og_type":"article","og_title":"Adicione o plugin Social Wall ao site Elementor (r\u00e1pido e gratuito)","og_description":"Adicione um plugin Elementor Social Feed f\u00e1cil de gerenciar em seu site Elementor. Experimente a demonstra\u00e7\u00e3o pr\u00e1tica da Elfsight e crie seu lindo widget de Social Wall.","og_url":"https:\/\/elfsight.com\/pt\/social-feed-widget\/elementor\/","og_site_name":"Elfsight PT","article_modified_time":"2024-11-13T11:20:31+00:00","twitter_card":"summary_large_image","twitter_misc":{"Tempo estimado de leitura":"2 minutos"},"schema":{"@context":"https:\/\/schema.org","@graph":[{"@type":"WebPage","@id":"https:\/\/elfsight.com\/pt\/social-feed-widget\/elementor\/","url":"https:\/\/elfsight.com\/pt\/social-feed-widget\/elementor\/","name":"Adicione o plugin Social Wall ao site Elementor (r\u00e1pido e gratuito)","isPartOf":{"@id":"https:\/\/elfsight.com\/pt\/#website"},"datePublished":"1970-01-01T00:00:00+00:00","dateModified":"2024-11-13T11:20:31+00:00","description":"Adicione um plugin Elementor Social Feed f\u00e1cil de gerenciar em seu site Elementor. Experimente a demonstra\u00e7\u00e3o pr\u00e1tica da Elfsight e crie seu lindo widget de Social Wall.","breadcrumb":{"@id":"https:\/\/elfsight.com\/pt\/social-feed-widget\/elementor\/#breadcrumb"},"inLanguage":"pt-PT","potentialAction":[{"@type":"ReadAction","target":["https:\/\/elfsight.com\/pt\/social-feed-widget\/elementor\/"]}]},{"@type":"BreadcrumbList","@id":"https:\/\/elfsight.com\/pt\/social-feed-widget\/elementor\/#breadcrumb","itemListElement":[{"@type":"ListItem","position":1,"name":"Home","item":"https:\/\/elfsight.com\/pt\/"},{"@type":"ListItem","position":2,"name":"Social Feed","item":"https:\/\/elfsight.com\/pt\/social-feed-widget\/"},{"@type":"ListItem","position":3,"name":"Social Feed &#8211; Elementor"}]},{"@type":"WebSite","@id":"https:\/\/elfsight.com\/pt\/#website","url":"https:\/\/elfsight.com\/pt\/","name":"Elfsight PT","description":"Just another Elfsight Sites site","potentialAction":[{"@type":"SearchAction","target":{"@type":"EntryPoint","urlTemplate":"https:\/\/elfsight.com\/pt\/?s={search_term_string}"},"query-input":{"@type":"PropertyValueSpecification","valueRequired":true,"valueName":"search_term_string"}}],"inLanguage":"pt-PT"}]}},"meta_box":{"industry":"","seo_heading":"","heading":"","description":"","cta_heading":"","cta_description":"","application":"461","h1":"Widget de feed de m\u00eddia social Elementor","h1_caption":"Apresente seu conte\u00fado de todas as redes sociais populares","application_category":[],"applications_title":"","applications_request_title":"","applications_request_button_text":"","hero_text":"","hero_video":"","hero_video_schema_markup":"","selling_points_title":"","selling_points_caption":"","selling_points":[],"selling_points_cta_text":"","features_title":"","features":"","ed_cta_examples_text":"","ed_cta_examples_hidden":"","ed_cta_demo_text":"","ed_cta_demo_hidden":"","why_caption":"","why_editor_title":"","why_editor_text":"","why_team_title":"","why_team_text":"","why_service_title":"","why_service_text":"","template_catalog_visible":"","template_catalog_title":"","template_catalog_text":"","template_catalog_categories_visible":"","demo_title":"Crie seu widget de feed social","demo_caption":"Configure seu Social Feed e adicione-o ao seu site Elementor gratuitamente!","default_faq_hidden":"","app_template_category":[],"platform":"100","template_public_id":"","codecanyon_url":"","codecanyon_item_id":"","codecanyon_price":"","pricing_caption":"","pricing_elfsight_apps_hide_column":"","pricing_elfsight_apps_url":"","pricing_codecanyon_price_caption":"","integration_category":[],"integration_request_title":"","integration_request_cta":"","integration_platform":"","integrations":[],"platform_category":[],"video_schema_markup":"","price":"a partir de US$ 0\/m\u00eas","trial":"","benefits":[{"text":"Servi\u00e7o de instala\u00e7\u00e3o gratuito"},{"text":"Suporte excepcional"},{"text":"Garantia de reembolso de 14 dias"},{"text":"Atualizando constantemente"}],"button_url":"#demo","button_target_blank":"0","button_nofollow":"0","attributes":[{"name":"Instala\u00e7\u00f5es","content":"100,000 - 500,000","_state":"expanded"},{"name":"Responsivo","content":"Sim","_state":"expanded"},{"name":"Navegadores compat\u00edveis","content":"Firefox, Safari, Opera, Edge"}],"tags":[],"tags_disable_links":"0","hide_more_platforms":"","video_object":"","demo_hide_cta":"0","demo_hide_cloud_options":"0","pricing_title":"","pricing":[{"pricing_icon":"platform","pricing_title":"Elfsight Apps","pricing_title_caption":"Solu\u00e7\u00e3o independente de plataforma","pricing_price":"a partir de US$ 0\/m\u00eas","pricing_price_caption":"comece com um plano gratuito","pricing_benefits":[{"text":"Dom\u00ednios ilimitados"},{"text":"Suporte r\u00e1pido \u00e0 empresa"},{"text":"Suporte r\u00e1pido \u00e0 empresa"},{"text":"Pre\u00e7o a ser pago para v\u00e1rios aplicativos"}],"pricing_button_text":"Adicionar ao site","pricing_button_url":"#demo","_state":"expanded"}],"related_apps_title":"","related_apps_hidden":"1","author":"","image":[],"title":"","job":"","social_networks":[]},"_links":{"self":[{"href":"https:\/\/elfsight.com\/pt\/wp-json\/wp\/v2\/pages\/4601","targetHints":{"allow":["GET"]}}],"collection":[{"href":"https:\/\/elfsight.com\/pt\/wp-json\/wp\/v2\/pages"}],"about":[{"href":"https:\/\/elfsight.com\/pt\/wp-json\/wp\/v2\/types\/page"}],"author":[{"embeddable":true,"href":"https:\/\/elfsight.com\/pt\/wp-json\/wp\/v2\/users\/9"}],"replies":[{"embeddable":true,"href":"https:\/\/elfsight.com\/pt\/wp-json\/wp\/v2\/comments?post=4601"}],"version-history":[{"count":2,"href":"https:\/\/elfsight.com\/pt\/wp-json\/wp\/v2\/pages\/4601\/revisions"}],"predecessor-version":[{"id":12218,"href":"https:\/\/elfsight.com\/pt\/wp-json\/wp\/v2\/pages\/4601\/revisions\/12218"}],"up":[{"embeddable":true,"href":"https:\/\/elfsight.com\/pt\/wp-json\/wp\/v2\/pages\/462"}],"wp:attachment":[{"href":"https:\/\/elfsight.com\/pt\/wp-json\/wp\/v2\/media?parent=4601"}],"curies":[{"name":"wp","href":"https:\/\/api.w.org\/{rel}","templated":true}]}}