{"id":4600,"date":"1970-01-01T00:00:00","date_gmt":"1970-01-01T00:00:00","guid":{"rendered":"https:\/\/elfsight.com\/pt\/?page_id=4600"},"modified":"2024-11-13T12:06:06","modified_gmt":"2024-11-13T12:06:06","slug":"elementor","status":"publish","type":"page","link":"https:\/\/elfsight.com\/pt\/social-media-share-buttons\/elementor\/","title":{"rendered":"Social Share Buttons &#8211; Elementor"},"content":{"rendered":"<div class=\"application-platform-content-item-description application-platform-content-item\" id=\"description\" data-nav-section=\"description\"><h2>Incorpore bot\u00f5es de compartilhamento social no Elementor com o widget Elfsight<\/h2><p>Um plugin de compartilhamento eficaz para todos os sites, que ajudar\u00e1 seu os leitores divulgam o conte\u00fado que gostam em qualquer m\u00eddia social. Ajude a expandir sua empresa no Facebook, Twitter, Medium e outros. E conquiste mais assinantes e f\u00e3s com a ajuda de publica\u00e7\u00f5es personalizadas em sites pessoais.<\/p><p><b>Ganhe mais visualiza\u00e7\u00f5es e seguidores nas redes sociais!<\/b><\/p><p><b>Divulgue conte\u00fado envolvente para um p\u00fablico mais amplo<\/b><br> Ofere\u00e7a a seus visitantes a oportunidade de espalhar conte\u00fado atraente sem nenhum esfor\u00e7o e abranger imediatamente um novo p\u00fablico.<\/p><p><b>Aumente as visitas em seu site<\/b><br> Tenha novos usu\u00e1rios em seu site com a ajuda de uma posi\u00e7\u00e3o ativa nas redes sociais e experimente um aumento no n\u00famero de visitas.<\/p><p><b>Aumente o n\u00famero de leitores nas redes sociais<\/b> <br> Publicando conte\u00fado atraente em seu site? Deixe que os pr\u00f3prios leitores promovam seu site, colocando publica\u00e7\u00f5es para seus assinantes.<\/p><\/div><div class=\"application-platform-content-item-features application-platform-content-item\" id=\"features\" data-nav-section=\"features\"><h2>Principais recursos do widget Social Share Buttons<\/h2><p>Por que s\u00e3o Os bot\u00f5es Elfsight s\u00e3o os melhores entre os plug-ins de compartilhamento Elementor? Confira os recursos mais importantes do plugin:<\/p><ul><li>Coloque um n\u00famero ilimitado de bot\u00f5es;<\/li><li>Alinhamento dos bot\u00f5es \u00e0 esquerda, \u00e0 direita ou ao centro;<\/li><li> Definir largura do bot\u00e3o;<\/li><li>Transpar\u00eancia ajust\u00e1vel dos bot\u00f5es;<\/li><li>Atualiza\u00e7\u00f5es ao vivo lan\u00e7adas constantemente.<\/li><\/ul><p><a href=\"#demo\"> Experimente todas as vantagens em um configurador gratuito<\/a><\/p><\/div><div class=\"application-platform-content-item-installation application-platform-content-item\" id=\"installation\" data-nav-section=\"installation\"><h2>Como adicionar bot\u00f5es de compartilhamento social ao site Elementor<\/h2><div class=\"video- cont\u00eainer\"><iframe width=\"720\" height=\"405\" src=\"https:\/\/www.youtube.com\/embed\/DzEEgArEdtA\" frameborder=\"0\" allowfullscreen=\"\"><\/iframe><\/div> <p>Aqui est\u00e1 uma breve instru\u00e7\u00e3o sobre como configurar os bot\u00f5es sem experi\u00eancia em desenvolvimento web ou ajuda de um desenvolvedor profissional. Voc\u00ea s\u00f3 precisar\u00e1 de 3 minutos para seguir as instru\u00e7\u00f5es.<\/p><ol><li><b>Crie seus bot\u00f5es sociais personalizados<\/b><br>Por meio de nosso editor gratuito, gere um plugin, escolha um modelo e outros par\u00e2metros.<\/li><li><b>Obtenha o c\u00f3digo de instala\u00e7\u00e3o para adicionar o plugin ao seu site<\/b><br>Ap\u00f3s a cria\u00e7\u00e3o do widget, obtenha o seu c\u00f3digo exclusivo para o plugin Share na janela que aparece nos aplicativos Elfsight .<\/li><li><b>Exibir o plugin no site Elementor<\/b><br>Escolha a p\u00e1gina e \u00e1rea onde deseja o plugin, insira o c\u00f3digo de instala\u00e7\u00e3o l\u00e1 e publique as altera\u00e7\u00f5es.<\/li> <li><b>Pronto!<\/b><br>Entre no seu site para ver seu trabalho.<\/li><\/ol><p>Requer suporte com instala\u00e7\u00e3o ou customiza\u00e7\u00e3o do plugin? A equipe da Elfsight ter\u00e1 prazer em ajudar e oferecer uma solu\u00e7\u00e3o!<\/p><div class=\"faq\" data-component=\"FAQ\"><div class=\"faq-item\">\r\n\t\t\t\t\t<div class=\"faq-item-question\">\r\n\t\t\t\t\t\t<h3 class=\"faq-item-question-text\">Como posso incorporar bot\u00f5es de compartilhamento social Elementor em meu site Squarespace sem habilidades de codifica\u00e7\u00e3o?<\/h3>\r\n\r\n\t\t\t\t\t\t<div class=\"faq-item-question-icon\"><\/div>\r\n\t\t\t\t\t<\/div>\r\n\r\n\t\t\t\t\t<div class=\"faq-item-answer\">\r\n\t\t\t\t\t\t<div class=\"faq-item-answer-text\"><p>A Elfsight oferece um Cloud- solu\u00e7\u00e3o baseada que permite aos usu\u00e1rios incorporar bot\u00f5es de compartilhamento social Elementor por conta pr\u00f3pria, veja como o processo \u00e9 simples:<\/p><ul><li>Acesse o editor on-line para gerar uma se\u00e7\u00e3o de bot\u00f5es de compartilhamento social Elementor que voc\u00ea gostaria de integrar seu site Squarespace.<\/li><li>Escolha um de nossos modelos pr\u00e9-concebidos e personalize as configura\u00e7\u00f5es dos bot\u00f5es de compartilhamento social Elementor, modifique o layout e o esquema de cores, inclua seu conte\u00fado sem qualquer necessidade de codifica\u00e7\u00e3o.<\/li><li>Salve as configura\u00e7\u00f5es que voc\u00ea definiu para os bot\u00f5es de compartilhamento social Elementor e obtenha o c\u00f3digo do widget para incorpora\u00e7\u00e3o, que pode ser facilmente adicionado ao seu site Squarespace sem nenhum custo.<\/li><\/ul><p>Trabalhando no Editor f\u00e1cil de usar, qualquer usu\u00e1rio da Internet pode criar uma se\u00e7\u00e3o de bot\u00f5es de compartilhamento social Elementor e incorpor\u00e1-la em seu site Squarespace. N\u00e3o h\u00e1 exig\u00eancia de pagamento ou divulga\u00e7\u00e3o dos dados do seu cart\u00e3o para acessar o Editor Elfsight. Se voc\u00ea encontrar alguma dificuldade em qualquer est\u00e1gio, sinta-se \u00e0 vontade para entrar em contato com nosso suporte ao cliente.<\/p><\/div>\r\n\t\t\t\t\t<\/div>\r\n\t\t\t\t<\/div><\/div><\/div>","protected":false},"excerpt":{"rendered":"","protected":false},"author":9,"featured_media":0,"parent":697,"menu_order":0,"comment_status":"closed","ping_status":"closed","template":"templates\/template-application-platform.php","meta":{"publish_to_discourse":"","publish_post_category":"","wpdc_auto_publish_overridden":"","wpdc_topic_tags":"","wpdc_pin_topic":"","wpdc_pin_until":"","discourse_post_id":"","discourse_permalink":"","wpdc_publishing_response":"","wpdc_publishing_error":"","footnotes":""},"class_list":["post-4600","page","type-page","status-publish","hentry"],"yoast_head":"<!-- This site is optimized with the Yoast SEO plugin v25.3.1 - https:\/\/yoast.com\/wordpress\/plugins\/seo\/ -->\n<title>Bot\u00f5es de compartilhamento social para o site Elementor (2025)<\/title>\n<meta name=\"description\" content=\"Integre bot\u00f5es de compartilhamento social em seu site Elementor em apenas alguns minutos. Configura\u00e7\u00e3o instant\u00e2nea e f\u00e1cil de v\u00e1rios plug-ins de sites pela Elfsight.\" \/>\n<meta name=\"robots\" content=\"index, follow, max-snippet:-1, max-image-preview:large, max-video-preview:-1\" \/>\n<link rel=\"canonical\" href=\"https:\/\/elfsight.com\/pt\/social-media-share-buttons\/elementor\/\" \/>\n<meta property=\"og:locale\" content=\"pt_PT\" \/>\n<meta property=\"og:type\" content=\"article\" \/>\n<meta property=\"og:title\" content=\"Bot\u00f5es de compartilhamento social para o site Elementor (2025)\" \/>\n<meta property=\"og:description\" content=\"Integre bot\u00f5es de compartilhamento social em seu site Elementor em apenas alguns minutos. Configura\u00e7\u00e3o instant\u00e2nea e f\u00e1cil de v\u00e1rios plug-ins de sites pela Elfsight.\" \/>\n<meta property=\"og:url\" content=\"https:\/\/elfsight.com\/pt\/social-media-share-buttons\/elementor\/\" \/>\n<meta property=\"og:site_name\" content=\"Elfsight PT\" \/>\n<meta property=\"article:modified_time\" content=\"2024-11-13T12:06:06+00:00\" \/>\n<meta name=\"twitter:card\" content=\"summary_large_image\" \/>\n<meta name=\"twitter:label1\" content=\"Tempo estimado de leitura\" \/>\n\t<meta name=\"twitter:data1\" content=\"2 minutos\" \/>\n<!-- \/ Yoast SEO plugin. -->","yoast_head_json":{"title":"Bot\u00f5es de compartilhamento social para o site Elementor (2025)","description":"Integre bot\u00f5es de compartilhamento social em seu site Elementor em apenas alguns minutos. Configura\u00e7\u00e3o instant\u00e2nea e f\u00e1cil de v\u00e1rios plug-ins de sites pela Elfsight.","robots":{"index":"index","follow":"follow","max-snippet":"max-snippet:-1","max-image-preview":"max-image-preview:large","max-video-preview":"max-video-preview:-1"},"canonical":"https:\/\/elfsight.com\/pt\/social-media-share-buttons\/elementor\/","og_locale":"pt_PT","og_type":"article","og_title":"Bot\u00f5es de compartilhamento social para o site Elementor (2025)","og_description":"Integre bot\u00f5es de compartilhamento social em seu site Elementor em apenas alguns minutos. Configura\u00e7\u00e3o instant\u00e2nea e f\u00e1cil de v\u00e1rios plug-ins de sites pela Elfsight.","og_url":"https:\/\/elfsight.com\/pt\/social-media-share-buttons\/elementor\/","og_site_name":"Elfsight PT","article_modified_time":"2024-11-13T12:06:06+00:00","twitter_card":"summary_large_image","twitter_misc":{"Tempo estimado de leitura":"2 minutos"},"schema":{"@context":"https:\/\/schema.org","@graph":[{"@type":"WebPage","@id":"https:\/\/elfsight.com\/pt\/social-media-share-buttons\/elementor\/","url":"https:\/\/elfsight.com\/pt\/social-media-share-buttons\/elementor\/","name":"Bot\u00f5es de compartilhamento social para o site Elementor (2025)","isPartOf":{"@id":"https:\/\/elfsight.com\/pt\/#website"},"datePublished":"1970-01-01T00:00:00+00:00","dateModified":"2024-11-13T12:06:06+00:00","description":"Integre bot\u00f5es de compartilhamento social em seu site Elementor em apenas alguns minutos. Configura\u00e7\u00e3o instant\u00e2nea e f\u00e1cil de v\u00e1rios plug-ins de sites pela Elfsight.","breadcrumb":{"@id":"https:\/\/elfsight.com\/pt\/social-media-share-buttons\/elementor\/#breadcrumb"},"inLanguage":"pt-PT","potentialAction":[{"@type":"ReadAction","target":["https:\/\/elfsight.com\/pt\/social-media-share-buttons\/elementor\/"]}]},{"@type":"BreadcrumbList","@id":"https:\/\/elfsight.com\/pt\/social-media-share-buttons\/elementor\/#breadcrumb","itemListElement":[{"@type":"ListItem","position":1,"name":"Home","item":"https:\/\/elfsight.com\/pt\/"},{"@type":"ListItem","position":2,"name":"Social Share Buttons","item":"https:\/\/elfsight.com\/pt\/social-media-share-buttons\/"},{"@type":"ListItem","position":3,"name":"Social Share Buttons &#8211; Elementor"}]},{"@type":"WebSite","@id":"https:\/\/elfsight.com\/pt\/#website","url":"https:\/\/elfsight.com\/pt\/","name":"Elfsight PT","description":"Just another Elfsight Sites site","potentialAction":[{"@type":"SearchAction","target":{"@type":"EntryPoint","urlTemplate":"https:\/\/elfsight.com\/pt\/?s={search_term_string}"},"query-input":{"@type":"PropertyValueSpecification","valueRequired":true,"valueName":"search_term_string"}}],"inLanguage":"pt-PT"}]}},"meta_box":{"industry":"","seo_heading":"","heading":"","description":"","cta_heading":"","cta_description":"","application":"1383","h1":"Bot\u00f5es de compartilhamento social Elementor","h1_caption":"Desenvolva sua marca facilmente em todos os servi\u00e7os populares de m\u00eddia social","application_category":[],"applications_title":"","applications_request_title":"","applications_request_button_text":"","hero_text":"","hero_video":"","hero_video_schema_markup":"","selling_points_title":"","selling_points_caption":"","selling_points":[],"selling_points_cta_text":"","features_title":"","features":"","ed_cta_examples_text":"","ed_cta_examples_hidden":"","ed_cta_demo_text":"","ed_cta_demo_hidden":"","why_caption":"","why_editor_title":"","why_editor_text":"","why_team_title":"","why_team_text":"","why_service_title":"","why_service_text":"","template_catalog_visible":"","template_catalog_title":"","template_catalog_text":"","template_catalog_categories_visible":"","demo_title":"Crie seu widget de bot\u00f5es de compartilhamento social","demo_caption":"Configure seus bot\u00f5es de compartilhamento social e adicione-os ao seu site Elementor gratuitamente!","default_faq_hidden":"","app_template_category":[],"platform":"100","template_public_id":"","codecanyon_url":"","codecanyon_item_id":"","codecanyon_price":"","pricing_caption":"","pricing_elfsight_apps_hide_column":"","pricing_elfsight_apps_url":"","pricing_codecanyon_price_caption":"","integration_category":[],"integration_request_title":"","integration_request_cta":"","integration_platform":"","integrations":[],"platform_category":[],"video_schema_markup":"","price":"a partir de US$ 0\/m\u00eas","trial":"","benefits":[{"text":"Ajuda de instala\u00e7\u00e3o gratuita"},{"text":"Suporte excepcional"},{"text":"Garantia de reembolso de 14 dias"},{"text":"Atualiza\u00e7\u00f5es vital\u00edcias"}],"button_url":"#demo","button_target_blank":"0","button_nofollow":"0","attributes":[{"name":"Instala\u00e7\u00f5es","content":"10,000 - 100,000","_state":"expanded"},{"name":"Responsivo","content":"Sim","_state":"expanded"},{"name":"Navegadores compat\u00edveis","content":"Firefox, Safari, Opera, Chrome, Edge"}],"tags":[],"tags_disable_links":"0","hide_more_platforms":"","video_object":"","demo_hide_cta":"0","demo_hide_cloud_options":"0","pricing_title":"","pricing":[{"pricing_icon":"platform","pricing_title":"Elfsight Apps","pricing_title_caption":"Solu\u00e7\u00e3o multiplataforma adequada para qualquer site","pricing_price":"a partir de US$ 0\/m\u00eas","pricing_price_caption":"comece com plano gratuito","pricing_benefits":[{"text":"Dom\u00ednios ilimitados"},{"text":"Suporte r\u00e1pido \u00e0 empresa"},{"text":"Suporte r\u00e1pido \u00e0 empresa"},{"text":"Pre\u00e7o especial para v\u00e1rios aplicativos"}],"pricing_button_text":"Adicionar ao site","pricing_button_url":"#demo","_state":"expanded"}],"related_apps_title":"","related_apps_hidden":"1","author":"","image":[],"title":"","job":"","social_networks":[]},"_links":{"self":[{"href":"https:\/\/elfsight.com\/pt\/wp-json\/wp\/v2\/pages\/4600","targetHints":{"allow":["GET"]}}],"collection":[{"href":"https:\/\/elfsight.com\/pt\/wp-json\/wp\/v2\/pages"}],"about":[{"href":"https:\/\/elfsight.com\/pt\/wp-json\/wp\/v2\/types\/page"}],"author":[{"embeddable":true,"href":"https:\/\/elfsight.com\/pt\/wp-json\/wp\/v2\/users\/9"}],"replies":[{"embeddable":true,"href":"https:\/\/elfsight.com\/pt\/wp-json\/wp\/v2\/comments?post=4600"}],"version-history":[{"count":2,"href":"https:\/\/elfsight.com\/pt\/wp-json\/wp\/v2\/pages\/4600\/revisions"}],"predecessor-version":[{"id":12242,"href":"https:\/\/elfsight.com\/pt\/wp-json\/wp\/v2\/pages\/4600\/revisions\/12242"}],"up":[{"embeddable":true,"href":"https:\/\/elfsight.com\/pt\/wp-json\/wp\/v2\/pages\/697"}],"wp:attachment":[{"href":"https:\/\/elfsight.com\/pt\/wp-json\/wp\/v2\/media?parent=4600"}],"curies":[{"name":"wp","href":"https:\/\/api.w.org\/{rel}","templated":true}]}}