{"id":4598,"date":"1970-01-01T00:00:00","date_gmt":"1970-01-01T00:00:00","guid":{"rendered":"https:\/\/elfsight.com\/pt\/?page_id=4598"},"modified":"2025-03-03T06:34:01","modified_gmt":"2025-03-03T06:34:01","slug":"elementor","status":"publish","type":"page","link":"https:\/\/elfsight.com\/pt\/testimonials-slider-widget\/elementor\/","title":{"rendered":"Testimonials Slider &#8211; Elementor"},"content":{"rendered":"\n<div class=\"application-platform-content-item-description application-platform-content-item\" id=\"description\" data-nav-section=\"description\"> <h2>Incorpore Testimonials Slider no Elementor com o widget Elfsight<\/h2><p>Testimonials Slider \u00e9 um plugin responsivo para mostrar feedbacks de seus usu\u00e1rios em seu site. Voc\u00ea \u00e9 livre para usar qualquer tipo de prova social para tornar as avalia\u00e7\u00f5es confi\u00e1veis: nome do autor, foto, s\u00edmbolo da organiza\u00e7\u00e3o e at\u00e9 mesmo um link para o site.<\/p><p><b>Aumente a confian\u00e7a em sua empresa mostrando aos visitantes suas avalia\u00e7\u00f5es verdadeiras e naturais.<\/b><\/p><p><b>Aprimore suas avalia\u00e7\u00f5es para torn\u00e1-las totalmente confi\u00e1veis<\/b><br> Revele todos os dados sobre o autor de cada um dos depoimentos, incluindo: nome, empresa, cargo. Prove aos leitores que eles veem depoimentos de pessoas existentes.<\/p> <p><b>Estimule os usu\u00e1rios a comprar<\/b><br> Demonstrar depoimentos verdadeiros de usu\u00e1rios com hist\u00f3rias felizes atrai clientes a compartilhar essa experi\u00eancia e os estimula para fazer compras, aumentando assim sua convers\u00e3o.<\/p> <p><b>Prova social convincente<\/b><br> Um link do feedback para o Twitter, LinkedIn ou site do autor dobrar\u00e1 a credibilidade e confirmar\u00e1 sua o neg\u00f3cio \u00e9 real.<\/p> <p><b>Aumente a convers\u00e3o em at\u00e9 200%<\/b><br> Transforme seu feedback em prova social, mostrando-o exatamente onde os espectadores tomam a decis\u00e3o de comprar ou fazer login.<\/p> <\/div><div class=\"application-platform-content-item-features application-platform-content-item\" id=\"features\" data-nav-section=\"features\"> <h2>Principais recursos do widget Testimonials Slider<\/h2><p>Aqui est\u00e3o os recursos de widget mais destacados que tornam nosso Testimonials Slider um plugin valioso para qualquer Elementor site.<\/p><ul><li>Escolha um dos seis modelos de depoimentos prontos;<\/li><li>Edite a legenda para exibir empresa, cargo e muito mais;<\/li><li>Layouts de controle deslizante e grade para uma ampla variedade de casos de uso;<\/li><li>Crie seu pr\u00f3prio t\u00edtulo de widget.<\/li><\/ul><p><a href=\"#demo\">Experimente esses recursos na demonstra\u00e7\u00e3o ao vivo<\/a> <\/p><\/div><div class=\"application-platform-content-item-installation application-platform-content-item\" id=\"installation\" data-nav-section=\"installation\"> <h2>Como adicionar o controle deslizante de depoimentos ao site Elementor<\/h2><div class=\"video-container\"><iframe width=\"720\" height=\"405\" src=\"https:\/\/www.youtube.com\/embed\/jgC-OSlXIT4\" frameborder=\"0\" allowfullscreen=\"\"><\/iframe><\/div><p>O plugin Elfsight \u00e9 um dos mais simples em termos de configura\u00e7\u00e3o e n\u00e3o requer nenhum conhecimento em desenvolvimento web. A conclus\u00e3o do tutorial levar\u00e1 apenas cerca de 1 minuto.<\/p><ol><li><b>Crie seu plugin de depoimentos personalizado<\/b><br> Por meio de nossa demonstra\u00e7\u00e3o gratuita, configure um plugin com layout e fun\u00e7\u00f5es personalizadas. <\/li><li><b>Adquira o c\u00f3digo individual para exibir o plugin<\/b><br> Depois de criar seu widget, voc\u00ea obter\u00e1 seu c\u00f3digo pessoal na janela pop-up nos aplicativos Elfsight. Copie este c\u00f3digo para uso posterior. <\/li> <li><b> O plugin em seu site Elementor<\/b><br> Escolha a \u00e1rea onde deseja exibir o plugin e cole o c\u00f3digo salvo l\u00e1. Salve as altera\u00e7\u00f5es. <\/li> <li><b>A instala\u00e7\u00e3o foi conclu\u00edda<\/b><br> Visite seu site para ver seu trabalho. <\/li> <\/ol><p>Encontrou algum problema ao exibir ou configurar o plugin? Verifique um guia detalhado sobre como construir o controle deslizante de depoimentos para o site Elementor ou deixe uma consulta em nosso Centro de suporte.<\/p><div class=\"faq\" data-component=\"FAQ\"> <div class=\"faq-item\">\r\n\t\t\t\t\t<div class=\"faq-item-question\">\r\n\t\t\t\t\t\t<h3 class=\"faq-item-question-text\">Como adicionar o controle deslizante de depoimentos ao meu site Elementor sem habilidades de codifica\u00e7\u00e3o?<\/h3>\r\n\r\n\t\t\t\t\t\t<div class=\"faq-item-question-icon\"><\/div>\r\n\t\t\t\t\t<\/div>\r\n\r\n\t\t\t\t\t<div class=\"faq-item-answer\">\r\n\t\t\t\t\t\t<div class=\"faq-item-answer-text\"> <p> A Elfsight fornece uma solu\u00e7\u00e3o SaaS que permite que voc\u00ea mesmo crie um widget Testimonials Slider, veja como o processo \u00e9 f\u00e1cil: Trabalhe diretamente no Editor online para criar um widget Testimonials Slider que voc\u00ea gostaria de ver em seu site Elementor. Escolha um dos modelos predefinidos e ajuste as configura\u00e7\u00f5es do controle deslizante de depoimentos, adicione seu conte\u00fado, altere o layout e o esquema de cores sem nenhuma habilidade de codifica\u00e7\u00e3o. Salve o controle deslizante de depoimentos e copie seu c\u00f3digo de instala\u00e7\u00e3o, que voc\u00ea pode simplesmente colar no seu site Elementor sem a necessidade de comprar uma vers\u00e3o paga. Com nosso editor intuitivo, qualquer usu\u00e1rio da Internet pode criar um widget Testimonials Slider online e incorpor\u00e1-lo facilmente em seu site Elementor. N\u00e3o h\u00e1 necessidade de pagar ou inserir as credenciais do seu cart\u00e3o para acessar o servi\u00e7o. Se voc\u00ea enfrentar qualquer problema em qualquer etapa, n\u00e3o hesite em entrar em contato com nossa equipe de suporte t\u00e9cnico.<\/p> <\/div>\r\n\t\t\t\t\t<\/div>\r\n\t\t\t\t<\/div> <\/div> <\/div>\n","protected":false},"excerpt":{"rendered":"","protected":false},"author":9,"featured_media":0,"parent":559,"menu_order":0,"comment_status":"closed","ping_status":"closed","template":"templates\/template-application-platform.php","meta":{"publish_to_discourse":"","publish_post_category":"","wpdc_auto_publish_overridden":"","wpdc_topic_tags":"","wpdc_pin_topic":"","wpdc_pin_until":"","discourse_post_id":"","discourse_permalink":"","wpdc_publishing_response":"","wpdc_publishing_error":"","footnotes":""},"class_list":["post-4598","page","type-page","status-publish","hentry"],"yoast_head":"<!-- This site is optimized with the Yoast SEO plugin v25.3.1 - https:\/\/yoast.com\/wordpress\/plugins\/seo\/ -->\n<title>Controle deslizante de depoimentos Elementor - adicione widget de depoimentos ao Elementor<\/title>\n<meta name=\"description\" content=\"Examine o melhor widget Testimonials Slider para Elementor gratuitamente. Uma configura\u00e7\u00e3o descomplicada e imediata, sem conhecimento de codifica\u00e7\u00e3o em apenas 3 minutos.\" \/>\n<meta name=\"robots\" content=\"index, follow, max-snippet:-1, max-image-preview:large, max-video-preview:-1\" \/>\n<link rel=\"canonical\" href=\"https:\/\/elfsight.com\/pt\/testimonials-slider-widget\/elementor\/\" \/>\n<meta property=\"og:locale\" content=\"pt_PT\" \/>\n<meta property=\"og:type\" content=\"article\" \/>\n<meta property=\"og:title\" content=\"Controle deslizante de depoimentos Elementor - adicione widget de depoimentos ao Elementor\" \/>\n<meta property=\"og:description\" content=\"Examine o melhor widget Testimonials Slider para Elementor gratuitamente. Uma configura\u00e7\u00e3o descomplicada e imediata, sem conhecimento de codifica\u00e7\u00e3o em apenas 3 minutos.\" \/>\n<meta property=\"og:url\" content=\"https:\/\/elfsight.com\/pt\/testimonials-slider-widget\/elementor\/\" \/>\n<meta property=\"og:site_name\" content=\"Elfsight PT\" \/>\n<meta property=\"article:modified_time\" content=\"2025-03-03T06:34:01+00:00\" \/>\n<meta name=\"twitter:card\" content=\"summary_large_image\" \/>\n<meta name=\"twitter:label1\" content=\"Tempo estimado de leitura\" \/>\n\t<meta name=\"twitter:data1\" content=\"4 minutos\" \/>\n<!-- \/ Yoast SEO plugin. -->","yoast_head_json":{"title":"Controle deslizante de depoimentos Elementor - adicione widget de depoimentos ao Elementor","description":"Examine o melhor widget Testimonials Slider para Elementor gratuitamente. Uma configura\u00e7\u00e3o descomplicada e imediata, sem conhecimento de codifica\u00e7\u00e3o em apenas 3 minutos.","robots":{"index":"index","follow":"follow","max-snippet":"max-snippet:-1","max-image-preview":"max-image-preview:large","max-video-preview":"max-video-preview:-1"},"canonical":"https:\/\/elfsight.com\/pt\/testimonials-slider-widget\/elementor\/","og_locale":"pt_PT","og_type":"article","og_title":"Controle deslizante de depoimentos Elementor - adicione widget de depoimentos ao Elementor","og_description":"Examine o melhor widget Testimonials Slider para Elementor gratuitamente. Uma configura\u00e7\u00e3o descomplicada e imediata, sem conhecimento de codifica\u00e7\u00e3o em apenas 3 minutos.","og_url":"https:\/\/elfsight.com\/pt\/testimonials-slider-widget\/elementor\/","og_site_name":"Elfsight PT","article_modified_time":"2025-03-03T06:34:01+00:00","twitter_card":"summary_large_image","twitter_misc":{"Tempo estimado de leitura":"4 minutos"},"schema":{"@context":"https:\/\/schema.org","@graph":[{"@type":"WebPage","@id":"https:\/\/elfsight.com\/pt\/testimonials-slider-widget\/elementor\/","url":"https:\/\/elfsight.com\/pt\/testimonials-slider-widget\/elementor\/","name":"Controle deslizante de depoimentos Elementor - adicione widget de depoimentos ao Elementor","isPartOf":{"@id":"https:\/\/elfsight.com\/pt\/#website"},"datePublished":"1970-01-01T00:00:00+00:00","dateModified":"2025-03-03T06:34:01+00:00","description":"Examine o melhor widget Testimonials Slider para Elementor gratuitamente. Uma configura\u00e7\u00e3o descomplicada e imediata, sem conhecimento de codifica\u00e7\u00e3o em apenas 3 minutos.","breadcrumb":{"@id":"https:\/\/elfsight.com\/pt\/testimonials-slider-widget\/elementor\/#breadcrumb"},"inLanguage":"pt-PT","potentialAction":[{"@type":"ReadAction","target":["https:\/\/elfsight.com\/pt\/testimonials-slider-widget\/elementor\/"]}]},{"@type":"BreadcrumbList","@id":"https:\/\/elfsight.com\/pt\/testimonials-slider-widget\/elementor\/#breadcrumb","itemListElement":[{"@type":"ListItem","position":1,"name":"Home","item":"https:\/\/elfsight.com\/pt\/"},{"@type":"ListItem","position":2,"name":"Testimonials Slider","item":"https:\/\/elfsight.com\/pt\/testimonials-slider-widget\/"},{"@type":"ListItem","position":3,"name":"Testimonials Slider &#8211; Elementor"}]},{"@type":"WebSite","@id":"https:\/\/elfsight.com\/pt\/#website","url":"https:\/\/elfsight.com\/pt\/","name":"Elfsight PT","description":"Just another Elfsight Sites site","potentialAction":[{"@type":"SearchAction","target":{"@type":"EntryPoint","urlTemplate":"https:\/\/elfsight.com\/pt\/?s={search_term_string}"},"query-input":{"@type":"PropertyValueSpecification","valueRequired":true,"valueName":"search_term_string"}}],"inLanguage":"pt-PT"}]}},"meta_box":{"industry":"","seo_heading":"","heading":"","description":"","cta_heading":"","cta_description":"","application":"947","h1":"Controle deslizante de depoimentos Elementor","h1_caption":"Demonstre a satisfa\u00e7\u00e3o do cliente em seu site e atraia novos usu\u00e1rios","application_category":[],"applications_title":"","applications_request_title":"","applications_request_button_text":"","hero_text":"","hero_video":"","hero_video_schema_markup":"","selling_points_title":"","selling_points_caption":"","selling_points":[],"selling_points_cta_text":"","features_title":"","features":"","ed_cta_examples_text":"","ed_cta_examples_hidden":"","ed_cta_demo_text":"","ed_cta_demo_hidden":"","why_caption":"","why_editor_title":"","why_editor_text":"","why_team_title":"","why_team_text":"","why_service_title":"","why_service_text":"","template_catalog_visible":"0","template_catalog_title":"","template_catalog_text":"","template_catalog_categories_visible":"","demo_title":"Crie seu widget deslizante de depoimentos","demo_caption":"Configure seu controle deslizante de depoimentos e adicione-o ao seu site Elementor gratuitamente!","default_faq_hidden":"","app_template_category":[],"platform":"100","template_public_id":"","codecanyon_url":"","codecanyon_item_id":"","codecanyon_price":"","pricing_caption":"","pricing_elfsight_apps_hide_column":"","pricing_elfsight_apps_url":"","pricing_codecanyon_price_caption":"","integration_category":[],"integration_request_title":"","integration_request_cta":"","integration_platform":"","integrations":[],"platform_category":[],"video_schema_markup":"","price":"a partir de US$ 0\/m\u00eas","trial":"","benefits":[{"text":"Assist\u00eancia de instala\u00e7\u00e3o gratuita"},{"text":"Atendimento ao cliente competente"},{"text":"Garantia de reembolso de 14 dias"},{"text":"Melhorias ao longo da vida"}],"button_url":"#demo","button_target_blank":"0","button_nofollow":"0","attributes":[{"name":"Instala\u00e7\u00f5es","content":"10,000 - 100,000","_state":"expanded"},{"name":"Responsivo","content":"Sim","_state":"expanded"},{"name":"Navegadores compat\u00edveis","content":"Firefox, Safari, Opera, Chrome, Edge"}],"tags":[],"tags_disable_links":"0","hide_more_platforms":"0","video_object":"","demo_hide_cta":"0","demo_hide_cloud_options":"0","pricing_title":"","pricing":[{"pricing_icon":"platform","pricing_title":"Elfsight Apps","pricing_title_caption":"Solu\u00e7\u00e3o independente de plataforma adequada para qualquer site","pricing_price":"a partir de US$ 0\/m\u00eas","pricing_price_caption":"comece com plano gratuito","pricing_benefits":[{"text":"Sites ilimitados"},{"text":"Suporte profissional e pontual"},{"text":"Suporte profissional e pontual"},{"text":"Oferta especial para v\u00e1rios aplicativos"}],"pricing_button_text":"Adicionar ao site","pricing_button_url":"#demo","_state":"expanded"}],"related_apps_title":"","related_apps_hidden":"1","author":"","image":[],"title":"","job":"","social_networks":[]},"_links":{"self":[{"href":"https:\/\/elfsight.com\/pt\/wp-json\/wp\/v2\/pages\/4598","targetHints":{"allow":["GET"]}}],"collection":[{"href":"https:\/\/elfsight.com\/pt\/wp-json\/wp\/v2\/pages"}],"about":[{"href":"https:\/\/elfsight.com\/pt\/wp-json\/wp\/v2\/types\/page"}],"author":[{"embeddable":true,"href":"https:\/\/elfsight.com\/pt\/wp-json\/wp\/v2\/users\/9"}],"replies":[{"embeddable":true,"href":"https:\/\/elfsight.com\/pt\/wp-json\/wp\/v2\/comments?post=4598"}],"version-history":[{"count":3,"href":"https:\/\/elfsight.com\/pt\/wp-json\/wp\/v2\/pages\/4598\/revisions"}],"predecessor-version":[{"id":14142,"href":"https:\/\/elfsight.com\/pt\/wp-json\/wp\/v2\/pages\/4598\/revisions\/14142"}],"up":[{"embeddable":true,"href":"https:\/\/elfsight.com\/pt\/wp-json\/wp\/v2\/pages\/559"}],"wp:attachment":[{"href":"https:\/\/elfsight.com\/pt\/wp-json\/wp\/v2\/media?parent=4598"}],"curies":[{"name":"wp","href":"https:\/\/api.w.org\/{rel}","templated":true}]}}