{"id":4592,"date":"1970-01-01T00:00:00","date_gmt":"1970-01-01T00:00:00","guid":{"rendered":"https:\/\/elfsight.com\/pt\/?page_id=4592"},"modified":"2024-11-13T12:14:45","modified_gmt":"2024-11-13T12:14:45","slug":"drupal","status":"publish","type":"page","link":"https:\/\/elfsight.com\/pt\/social-media-share-buttons\/drupal\/","title":{"rendered":"Social Share Buttons &#8211; Drupal"},"content":{"rendered":"<div class=\"application-platform-content-item-description application-platform-content-item\" id=\"description\" data-nav-section=\"description\"><h2>Descri\u00e7\u00e3o<\/h2><p>Um m\u00f3dulo de f\u00e1cil compartilhamento para qualquer site, que permite que seus usu\u00e1rios divulguem conte\u00fados, artigos em diversas redes sociais. Desenvolva a presen\u00e7a da sua empresa nas redes sociais e obtenha ainda mais assinantes e leitores com a ajuda de conte\u00fado personalizado no site pessoal.<\/p><p><b>Ganhe mais tr\u00e1fego e seguidores nas redes sociais!<\/b><\/p><ul><li><b>M\u00e1xima divulga\u00e7\u00e3o de publica\u00e7\u00f5es e itens nas redes sociais<\/b>.<br>Gra\u00e7as ao design claro e \u00e0s muitas fun\u00e7\u00f5es, com apenas um clique, seu conte\u00fado ter\u00e1 um compartilhamento ativo em todas as redes sociais. m\u00eddia sem muito esfor\u00e7o.<\/li><li><b>Promova suas postagens para um p\u00fablico maior<\/b>.<br>D\u00ea a seus leitores a chance de distribuir conte\u00fado de alta qualidade com facilidade e imediatamente para chegar a um p\u00fablico maior. p\u00fablico.<\/li><li><b>Melhore o n\u00famero de visualiza\u00e7\u00f5es do seu site<\/b>.<br>Atraia novos leitores para o seu site com presen\u00e7a ativa nas redes sociais e voc\u00ea ver\u00e1 um aumento no n\u00famero de visitas.<\/li><li><b>Aumentar a quantidade de assinantes nas redes sociais<\/b>.<br>Publicar postagens atraentes? Deixe que seus visitantes os espalhem, postando rapidamente para seus assinantes.<\/li><\/ul><\/div><div class=\"faq\" data-component=\"FAQ\"><div class=\"faq-item\">\r\n\t\t\t\t\t<div class=\"faq-item-question\">\r\n\t\t\t\t\t\t<h3 class=\"faq-item-question-text\">Como posso incorporar bot\u00f5es de compartilhamento social no site Drupal?<\/h3>\r\n\r\n\t\t\t\t\t\t<div class=\"faq-item-question-icon\"><\/div>\r\n\t\t\t\t\t<\/div>\r\n\r\n\t\t\t\t\t<div class=\"faq-item-answer\">\r\n\t\t\t\t\t\t<div class=\"faq-item-answer-text\"><p>A constru\u00e7\u00e3o do widget acontece dentro do site da Elfsight e voc\u00ea n\u00e3o precisa codificar. Aplique a demonstra\u00e7\u00e3o online para moldar seu widget pessoal, pegue o c\u00f3digo e cole-o em seu site. <\/p><\/div>\r\n\t\t\t\t\t<\/div>\r\n\t\t\t\t<\/div><div class=\"faq-item\">\r\n\t\t\t\t\t<div class=\"faq-item-question\">\r\n\t\t\t\t\t\t<h3 class=\"faq-item-question-text\">Posso obter bot\u00f5es de compartilhamento flutuantes ou pequenos com a ajuda dos m\u00f3dulos Elfsight?<\/h3>\r\n\r\n\t\t\t\t\t\t<div class=\"faq-item-question-icon\"><\/div>\r\n\t\t\t\t\t<\/div>\r\n\r\n\t\t\t\t\t<div class=\"faq-item-answer\">\r\n\t\t\t\t\t\t<div class=\"faq-item-answer-text\"><p>V\u00e1rios modelos s\u00e3o aplic\u00e1veis: galeria, lista, feed , grade, alvenaria e muitos outros, sem mencionar op\u00e7\u00f5es de layout flex\u00edveis para atender \u00e0s suas condi\u00e7\u00f5es. Voc\u00ea \u00e9 livre para criar praticamente qualquer widget que precisar. <\/p><\/div>\r\n\t\t\t\t\t<\/div>\r\n\t\t\t\t<\/div><div class=\"faq-item\">\r\n\t\t\t\t\t<div class=\"faq-item-question\">\r\n\t\t\t\t\t\t<h3 class=\"faq-item-question-text\">Meu m\u00f3dulo de bot\u00f5es de compartilhamento social n\u00e3o funciona\/n\u00e3o atualiza<\/h3>\r\n\r\n\t\t\t\t\t\t<div class=\"faq-item-question-icon\"><\/div>\r\n\t\t\t\t\t<\/div>\r\n\r\n\t\t\t\t\t<div class=\"faq-item-answer\">\r\n\t\t\t\t\t\t<div class=\"faq-item-answer-text\"><p>Se voc\u00ea tiver algum problema com os widgets de compartilhamento social, resolva o problema equipe de suporte ao cliente. O suporte \u00e9 totalmente gratuito para toda a clientela da Elfsight. <\/p><\/div>\r\n\t\t\t\t\t<\/div>\r\n\t\t\t\t<\/div><\/div><div class=\"application-platform-content-item-features application-platform-content-item\" id=\"features\" data-nav-section=\"features\"><h2>Recursos<\/h2><p>Por que nossos bot\u00f5es s\u00e3o os melhores entre os m\u00f3dulos de compartilhamento do Drupal? Explore nossos pontos principais:<\/p><ul><li>Mais de 40 redes sociais incorporadas;<\/li><li>Defina qualquer n\u00famero de colunas para organizar os bot\u00f5es;<\/li><li>Defina os elementos dos bot\u00f5es para serem mostrado;<\/li><li>5 tipos de anima\u00e7\u00e3o dispon\u00edveis;<\/li><li>Otimizado para celular com \u00edcone expans\u00edvel.<\/li><\/ul><p><a href=\"#demo\">A lista completa de recursos em um editor gratuito<\/a><\/p><\/div><div class=\"application-platform-content-item-installation application-platform-content-item\" id=\"installation\" data-nav-section=\"installation\"><h2>Como adicionar bot\u00f5es de compartilhamento ao Drupal<\/h2><div class=\"video-container\"> <iframe width=\"720\" height=\"405\" src=\"https:\/\/www.youtube.com\/embed\/owa8JT183yE\" frameborder=\"0\" allowfullscreen=\"\"><\/iframe><\/div><p> Basta seguir as instru\u00e7\u00f5es abaixo para ativar o widget no Drupal.<\/p> <ol><li><b>Inicie nosso configurador gratuito e comece a construir seu m\u00f3dulo exclusivo de bot\u00f5es de compartilhamento social. <\/b><br> Escolha o design e os aspectos adequados da ferramenta e aplique as modifica\u00e7\u00f5es. <\/li> <li><b>Obtenha seu c\u00f3digo individual que aparece na janela dos aplicativos Elfsight. <\/b><br> Assim que terminar a gera\u00e7\u00e3o do seu m\u00f3dulo, copie o c\u00f3digo individual na caixa exibida e guarde-o para futuras ocasi\u00f5es. <\/li> <li><b>Iniciar o uso da ferramenta no site Drupal. <\/b><br> Integre o c\u00f3digo salvo recentemente em seu site e aplique os ajustes. <\/li> <li><b>A configura\u00e7\u00e3o est\u00e1 totalmente conclu\u00edda. <\/b><br> Visite seu site para ver como o plugin est\u00e1 funcionando. <\/li><\/ol><p>Precisa de orienta\u00e7\u00e3o sobre configura\u00e7\u00e3o ou cria\u00e7\u00e3o do m\u00f3dulo? A equipa de suporte da Elfsight estar\u00e1 aqui para ajudar e propor uma solu\u00e7\u00e3o! Voc\u00ea tamb\u00e9m pode lidar com a consulta sozinho com nosso plano detalhado \u00ab<a href=\"https:\/\/elfsight.com\/tutorials\/how-to-add-social-share-buttons-to-drupal\/\">Como coloque bot\u00f5es de compartilhamento no site Drupal<\/a>\u00bb.<\/p><\/div>","protected":false},"excerpt":{"rendered":"","protected":false},"author":9,"featured_media":0,"parent":697,"menu_order":0,"comment_status":"closed","ping_status":"closed","template":"templates\/template-application-platform.php","meta":{"publish_to_discourse":"","publish_post_category":"","wpdc_auto_publish_overridden":"","wpdc_topic_tags":"","wpdc_pin_topic":"","wpdc_pin_until":"","discourse_post_id":"","discourse_permalink":"","wpdc_publishing_response":"","wpdc_publishing_error":"","footnotes":""},"class_list":["post-4592","page","type-page","status-publish","hentry"],"yoast_head":"<!-- This site is optimized with the Yoast SEO plugin v25.3.1 - https:\/\/yoast.com\/wordpress\/plugins\/seo\/ -->\n<title>Bot\u00f5es de compartilhamento social \u2013 Adicione bot\u00f5es de compartilhamento ao site Drupal<\/title>\n<meta name=\"description\" content=\"Configure bot\u00f5es de compartilhamento social em seu site Drupal em apenas alguns minutos. Desfrute da configura\u00e7\u00e3o instant\u00e2nea e simples de diversos m\u00f3dulos de website da Elfsight.\" \/>\n<meta name=\"robots\" content=\"index, follow, max-snippet:-1, max-image-preview:large, max-video-preview:-1\" \/>\n<link rel=\"canonical\" href=\"https:\/\/elfsight.com\/pt\/social-media-share-buttons\/drupal\/\" \/>\n<meta property=\"og:locale\" content=\"pt_PT\" \/>\n<meta property=\"og:type\" content=\"article\" \/>\n<meta property=\"og:title\" content=\"Bot\u00f5es de compartilhamento social \u2013 Adicione bot\u00f5es de compartilhamento ao site Drupal\" \/>\n<meta property=\"og:description\" content=\"Configure bot\u00f5es de compartilhamento social em seu site Drupal em apenas alguns minutos. Desfrute da configura\u00e7\u00e3o instant\u00e2nea e simples de diversos m\u00f3dulos de website da Elfsight.\" \/>\n<meta property=\"og:url\" content=\"https:\/\/elfsight.com\/pt\/social-media-share-buttons\/drupal\/\" \/>\n<meta property=\"og:site_name\" content=\"Elfsight PT\" \/>\n<meta property=\"article:modified_time\" content=\"2024-11-13T12:14:45+00:00\" \/>\n<meta name=\"twitter:card\" content=\"summary_large_image\" \/>\n<meta name=\"twitter:label1\" content=\"Tempo estimado de leitura\" \/>\n\t<meta name=\"twitter:data1\" content=\"2 minutos\" \/>\n<!-- \/ Yoast SEO plugin. -->","yoast_head_json":{"title":"Bot\u00f5es de compartilhamento social \u2013 Adicione bot\u00f5es de compartilhamento ao site Drupal","description":"Configure bot\u00f5es de compartilhamento social em seu site Drupal em apenas alguns minutos. Desfrute da configura\u00e7\u00e3o instant\u00e2nea e simples de diversos m\u00f3dulos de website da Elfsight.","robots":{"index":"index","follow":"follow","max-snippet":"max-snippet:-1","max-image-preview":"max-image-preview:large","max-video-preview":"max-video-preview:-1"},"canonical":"https:\/\/elfsight.com\/pt\/social-media-share-buttons\/drupal\/","og_locale":"pt_PT","og_type":"article","og_title":"Bot\u00f5es de compartilhamento social \u2013 Adicione bot\u00f5es de compartilhamento ao site Drupal","og_description":"Configure bot\u00f5es de compartilhamento social em seu site Drupal em apenas alguns minutos. Desfrute da configura\u00e7\u00e3o instant\u00e2nea e simples de diversos m\u00f3dulos de website da Elfsight.","og_url":"https:\/\/elfsight.com\/pt\/social-media-share-buttons\/drupal\/","og_site_name":"Elfsight PT","article_modified_time":"2024-11-13T12:14:45+00:00","twitter_card":"summary_large_image","twitter_misc":{"Tempo estimado de leitura":"2 minutos"},"schema":{"@context":"https:\/\/schema.org","@graph":[{"@type":"WebPage","@id":"https:\/\/elfsight.com\/pt\/social-media-share-buttons\/drupal\/","url":"https:\/\/elfsight.com\/pt\/social-media-share-buttons\/drupal\/","name":"Bot\u00f5es de compartilhamento social \u2013 Adicione bot\u00f5es de compartilhamento ao site Drupal","isPartOf":{"@id":"https:\/\/elfsight.com\/pt\/#website"},"datePublished":"1970-01-01T00:00:00+00:00","dateModified":"2024-11-13T12:14:45+00:00","description":"Configure bot\u00f5es de compartilhamento social em seu site Drupal em apenas alguns minutos. Desfrute da configura\u00e7\u00e3o instant\u00e2nea e simples de diversos m\u00f3dulos de website da Elfsight.","breadcrumb":{"@id":"https:\/\/elfsight.com\/pt\/social-media-share-buttons\/drupal\/#breadcrumb"},"inLanguage":"pt-PT","potentialAction":[{"@type":"ReadAction","target":["https:\/\/elfsight.com\/pt\/social-media-share-buttons\/drupal\/"]}]},{"@type":"BreadcrumbList","@id":"https:\/\/elfsight.com\/pt\/social-media-share-buttons\/drupal\/#breadcrumb","itemListElement":[{"@type":"ListItem","position":1,"name":"Home","item":"https:\/\/elfsight.com\/pt\/"},{"@type":"ListItem","position":2,"name":"Social Share Buttons","item":"https:\/\/elfsight.com\/pt\/social-media-share-buttons\/"},{"@type":"ListItem","position":3,"name":"Social Share Buttons &#8211; Drupal"}]},{"@type":"WebSite","@id":"https:\/\/elfsight.com\/pt\/#website","url":"https:\/\/elfsight.com\/pt\/","name":"Elfsight PT","description":"Just another Elfsight Sites site","potentialAction":[{"@type":"SearchAction","target":{"@type":"EntryPoint","urlTemplate":"https:\/\/elfsight.com\/pt\/?s={search_term_string}"},"query-input":{"@type":"PropertyValueSpecification","valueRequired":true,"valueName":"search_term_string"}}],"inLanguage":"pt-PT"}]}},"meta_box":{"industry":"","seo_heading":"","heading":"","description":"","cta_heading":"","cta_description":"","application":"1383","h1":"Bot\u00f5es de compartilhamento social para Drupal","h1_caption":"Desenvolva sua marca sem esfor\u00e7o nos servi\u00e7os de m\u00eddia social mais difundidos","application_category":[],"applications_title":"","applications_request_title":"","applications_request_button_text":"","hero_text":"","hero_video":"","hero_video_schema_markup":"","selling_points_title":"","selling_points_caption":"","selling_points":[],"selling_points_cta_text":"","features_title":"","features":"","ed_cta_examples_text":"","ed_cta_examples_hidden":"","ed_cta_demo_text":"","ed_cta_demo_hidden":"","why_caption":"","why_editor_title":"","why_editor_text":"","why_team_title":"","why_team_text":"","why_service_title":"","why_service_text":"","template_catalog_visible":"","template_catalog_title":"","template_catalog_text":"","template_catalog_categories_visible":"","demo_title":"Crie seu m\u00f3dulo de bot\u00f5es de compartilhamento social","demo_caption":"Configure seus bot\u00f5es de compartilhamento social e adicione-os ao seu site Drupal gratuitamente!","default_faq_hidden":"","app_template_category":[],"platform":"4905","template_public_id":"","codecanyon_url":"","codecanyon_item_id":"","codecanyon_price":"","pricing_caption":"","pricing_elfsight_apps_hide_column":"","pricing_elfsight_apps_url":"","pricing_codecanyon_price_caption":"","integration_category":[],"integration_request_title":"","integration_request_cta":"","integration_platform":"","integrations":[],"platform_category":[],"video_schema_markup":"","price":"a partir de US$ 0\/m\u00eas","trial":"","benefits":[{"text":"Servi\u00e7o de instala\u00e7\u00e3o gratuito"},{"text":"Atendimento ao cliente eficaz"},{"text":"Garantia de reembolso de 14 dias"},{"text":"Desenvolvimento cont\u00ednuo"}],"button_url":"#demo","button_target_blank":"0","button_nofollow":"0","attributes":[{"name":"Instala\u00e7\u00f5es","content":"10,000 - 100,000","_state":"expanded"},{"name":"Responsivo","content":"Sim","_state":"expanded"},{"name":"Navegadores compat\u00edveis","content":"Firefox, Safari, Opera, Chrome, Edge"}],"tags":[],"tags_disable_links":"0","hide_more_platforms":"","video_object":"","demo_hide_cta":"0","demo_hide_cloud_options":"0","pricing_title":"","pricing":[{"pricing_icon":"cloud","pricing_title":"Elfsight Apps","pricing_title_caption":"Solu\u00e7\u00e3o independente de plataforma adequada para qualquer site","pricing_price":"a partir de US$ 0\/m\u00eas","pricing_price_caption":"comece com plano gratuito","pricing_benefits":[{"text":"Sites ilimitados"},{"text":"Suporte r\u00e1pido"},{"text":"Suporte r\u00e1pido"},{"text":"Pre\u00e7o especial para v\u00e1rios aplicativos"}],"pricing_button_text":"Adicionar ao site","pricing_button_url":"#demo","_state":"expanded"}],"related_apps_title":"","related_apps_hidden":"1","author":"","image":[],"title":"","job":"","social_networks":[]},"_links":{"self":[{"href":"https:\/\/elfsight.com\/pt\/wp-json\/wp\/v2\/pages\/4592","targetHints":{"allow":["GET"]}}],"collection":[{"href":"https:\/\/elfsight.com\/pt\/wp-json\/wp\/v2\/pages"}],"about":[{"href":"https:\/\/elfsight.com\/pt\/wp-json\/wp\/v2\/types\/page"}],"author":[{"embeddable":true,"href":"https:\/\/elfsight.com\/pt\/wp-json\/wp\/v2\/users\/9"}],"replies":[{"embeddable":true,"href":"https:\/\/elfsight.com\/pt\/wp-json\/wp\/v2\/comments?post=4592"}],"version-history":[{"count":2,"href":"https:\/\/elfsight.com\/pt\/wp-json\/wp\/v2\/pages\/4592\/revisions"}],"predecessor-version":[{"id":12253,"href":"https:\/\/elfsight.com\/pt\/wp-json\/wp\/v2\/pages\/4592\/revisions\/12253"}],"up":[{"embeddable":true,"href":"https:\/\/elfsight.com\/pt\/wp-json\/wp\/v2\/pages\/697"}],"wp:attachment":[{"href":"https:\/\/elfsight.com\/pt\/wp-json\/wp\/v2\/media?parent=4592"}],"curies":[{"name":"wp","href":"https:\/\/api.w.org\/{rel}","templated":true}]}}