{"id":4590,"date":"1970-01-01T00:00:00","date_gmt":"1970-01-01T00:00:00","guid":{"rendered":"https:\/\/elfsight.com\/pt\/?page_id=4590"},"modified":"2024-11-13T12:18:13","modified_gmt":"2024-11-13T12:18:13","slug":"drupal","status":"publish","type":"page","link":"https:\/\/elfsight.com\/pt\/testimonials-slider-widget\/drupal\/","title":{"rendered":"Testimonials Slider &#8211; Drupal"},"content":{"rendered":"<div class=\"application-platform-content-item-description application-platform-content-item\" id=\"description\" data-nav-section=\"description\"><h2>Descri\u00e7\u00e3o<\/h2><p>Testimonials Slider \u00e9 um m\u00f3dulo intuitivo para mostrar feedback de seus compradores em seu site. Voc\u00ea pode adicionar qualquer prova social para tornar as avalia\u00e7\u00f5es realmente confi\u00e1veis: nome do autor, foto, s\u00edmbolo da empresa e at\u00e9 mesmo uma URL para o site.<\/p><p><b>Duplique o n\u00edvel de confian\u00e7a em seu servi\u00e7o mostrando aos usu\u00e1rios seu feedback genu\u00edno e brilhante.<\/b><\/p><ul><li><b>Transforme seus coment\u00e1rios em depoimentos absolutamente confi\u00e1veis<\/b>.<br>Revele todos os dados sobre o autor de cada um dos coment\u00e1rios, junto com seu nome, empresa e cargo &#8211; mostre aos visitantes que eles veem depoimentos de clientes existentes.<\/li><li><b>Motivar os visitantes a comprar<\/b>.<br>Revelar feedback genu\u00edno do cliente com uma hist\u00f3ria positiva inspira os usu\u00e1rios a compartilhar essa experi\u00eancia e os estimula a agir e aumentar sua convers\u00e3o.<\/li><li><b>Aumente a confian\u00e7a em seu site<\/b>.<br>Adicione coment\u00e1rios de seus clientes no site e mostre casos de experi\u00eancia de cliente satisfeitos para aumentar a confian\u00e7a em sua empresa.<\/li><\/ul><\/div><div class=\"faq\" data-component=\"FAQ\"><div class=\"faq-item\">\r\n\t\t\t\t\t<div class=\"faq-item-question\">\r\n\t\t\t\t\t\t<h3 class=\"faq-item-question-text\">Como posso incorporar um controle deslizante de depoimentos ao Drupal?<\/h3>\r\n\r\n\t\t\t\t\t\t<div class=\"faq-item-question-icon\"><\/div>\r\n\t\t\t\t\t<\/div>\r\n\r\n\t\t\t\t\t<div class=\"faq-item-answer\">\r\n\t\t\t\t\t\t<div class=\"faq-item-answer-text\"><p>A base da ferramenta ocorre dentro do servi\u00e7o Elfsight e voc\u00ea n\u00e3o precisa aprender a programar. Utilize a demonstra\u00e7\u00e3o online para personalizar seu pr\u00f3prio aplicativo, adquirir o c\u00f3digo e adicion\u00e1-lo ao seu site. <\/p><\/div>\r\n\t\t\t\t\t<\/div>\r\n\t\t\t\t<\/div><div class=\"faq-item\">\r\n\t\t\t\t\t<div class=\"faq-item-question\">\r\n\t\t\t\t\t\t<h3 class=\"faq-item-question-text\">Os melhores exemplos de uso da integra\u00e7\u00e3o do carrossel de depoimentos<\/h3>\r\n\r\n\t\t\t\t\t\t<div class=\"faq-item-question-icon\"><\/div>\r\n\t\t\t\t\t<\/div>\r\n\r\n\t\t\t\t\t<div class=\"faq-item-answer\">\r\n\t\t\t\t\t\t<div class=\"faq-item-answer-text\"><p>Forneceremos a voc\u00ea uma ampla gama de op\u00e7\u00f5es de personaliza\u00e7\u00e3o: widgets completos para inserir em a se\u00e7\u00e3o de conte\u00fado, plug-ins flutuantes com oportunidades de rolagem, miniaturas para rodap\u00e9, cabe\u00e7alho e todos os tipos de op\u00e7\u00f5es verticais para barras laterais e menus. <\/p><\/div>\r\n\t\t\t\t\t<\/div>\r\n\t\t\t\t<\/div><div class=\"faq-item\">\r\n\t\t\t\t\t<div class=\"faq-item-question\">\r\n\t\t\t\t\t\t<h3 class=\"faq-item-question-text\">Posso construir um widget de Lista ou Grade de Depoimentos por meio do editor? <\/h3>\r\n\r\n\t\t\t\t\t\t<div class=\"faq-item-question-icon\"><\/div>\r\n\t\t\t\t\t<\/div>\r\n\r\n\t\t\t\t\t<div class=\"faq-item-answer\">\r\n\t\t\t\t\t\t<div class=\"faq-item-answer-text\"><p>Voc\u00ea \u00e9 livre para construir altera\u00e7\u00f5es em qualquer widget. H\u00e1 uma grande variedade de layouts dispon\u00edveis no editor, e todos eles podem ser facilmente personalizados do jeito que voc\u00ea precisa. <\/p><\/div>\r\n\t\t\t\t\t<\/div>\r\n\t\t\t\t<\/div><\/div><div class=\"application-platform-content-item-features application-platform-content-item\" id=\"features\" data-nav-section=\"features\"><h2>Recursos<\/h2><p>Os principais recursos, que transformam o Elfsight Testimonials Slider em um m\u00f3dulo essencial para qualquer site Drupal.<\/p><ul><li>Forne\u00e7a um link para o site do autor para uma apresenta\u00e7\u00e3o mais confi\u00e1vel;<\/li><li>Adicione o logotipo da empresa do autor para fazer com que as informa\u00e7\u00f5es pare\u00e7am confi\u00e1veis;<\/li><li>Escolha o layout do controle deslizante ou da grade dependendo de suas necessidades;<\/li><li>Altere o t\u00edtulo do widget.<\/li><\/ul><p><a href=\"#demo\">Experimente esses recursos na demonstra\u00e7\u00e3o ao vivo<\/a><\/p><\/div><div class=\"application-platform-content-item-installation application-platform-content-item\" id=\"installation\" data-nav-section=\"installation\"><h2>Como adicionar o m\u00f3dulo Slider de Depoimentos ao site Drupal<\/h2><p>Basta seguir algumas etapas descritas abaixo para come\u00e7ar a usar o m\u00f3dulo no Drupal.<\/p> <ol><li><b>Use nosso editor gratuito e comece a criar seu widget exclusivo de controle deslizante de depoimentos. <\/b><br> Encontre o formul\u00e1rio personalizado e as op\u00e7\u00f5es do m\u00f3dulo e salve as corre\u00e7\u00f5es. <\/li> <li><b>Obtenha seu c\u00f3digo pessoal aparecendo na janela dos aplicativos Elfsight. <\/b><br> Logo ap\u00f3s a customiza\u00e7\u00e3o do seu m\u00f3dulo pessoal, copie o c\u00f3digo individual da janela exibida e salve-o para uso futuro. <\/li> <li><b>Comece a usar o plugin no seu site Drupal. <\/b><br> Cole o c\u00f3digo salvo recentemente em sua p\u00e1gina e salve as melhorias. <\/li> <li><b>A configura\u00e7\u00e3o foi totalmente executada. <\/b><br> Acesse seu site para observar como funciona a ferramenta. <\/li><\/ol><p>Est\u00e1 tendo problemas ao configurar ou ajustar o m\u00f3dulo? Explore o extenso tutorial sobre <a href=\"https:\/\/elfsight.com\/tutorials\/how-to-add-testimonials-slider-widget-to-drupal\/\" target=\"_blank\" rel=\"noopener noreferrer\">configura\u00e7\u00e3o do controle deslizante de depoimentos no Drupal<\/a> ou dirija-se ao nosso Centro de suporte.<\/p><\/div>","protected":false},"excerpt":{"rendered":"","protected":false},"author":9,"featured_media":0,"parent":559,"menu_order":0,"comment_status":"closed","ping_status":"closed","template":"templates\/template-application-platform.php","meta":{"publish_to_discourse":"","publish_post_category":"","wpdc_auto_publish_overridden":"","wpdc_topic_tags":"","wpdc_pin_topic":"","wpdc_pin_until":"","discourse_post_id":"","discourse_permalink":"","wpdc_publishing_response":"","wpdc_publishing_error":"","footnotes":""},"class_list":["post-4590","page","type-page","status-publish","hentry"],"yoast_head":"<!-- This site is optimized with the Yoast SEO plugin v25.3.1 - https:\/\/yoast.com\/wordpress\/plugins\/seo\/ -->\n<title>Controle deslizante de depoimentos \u2013 Adicionar m\u00f3dulo de depoimentos ao site Drupal<\/title>\n<meta name=\"description\" content=\"Experimente o melhor m\u00f3dulo Slider de Depoimentos para Drupal gratuitamente. Uma integra\u00e7\u00e3o f\u00e1cil e r\u00e1pida sem expertise em desenvolvimento em apenas 2 minutos.\" \/>\n<meta name=\"robots\" content=\"index, follow, max-snippet:-1, max-image-preview:large, max-video-preview:-1\" \/>\n<link rel=\"canonical\" href=\"https:\/\/elfsight.com\/pt\/testimonials-slider-widget\/drupal\/\" \/>\n<meta property=\"og:locale\" content=\"pt_PT\" \/>\n<meta property=\"og:type\" content=\"article\" \/>\n<meta property=\"og:title\" content=\"Controle deslizante de depoimentos \u2013 Adicionar m\u00f3dulo de depoimentos ao site Drupal\" \/>\n<meta property=\"og:description\" content=\"Experimente o melhor m\u00f3dulo Slider de Depoimentos para Drupal gratuitamente. Uma integra\u00e7\u00e3o f\u00e1cil e r\u00e1pida sem expertise em desenvolvimento em apenas 2 minutos.\" \/>\n<meta property=\"og:url\" content=\"https:\/\/elfsight.com\/pt\/testimonials-slider-widget\/drupal\/\" \/>\n<meta property=\"og:site_name\" content=\"Elfsight PT\" \/>\n<meta property=\"article:modified_time\" content=\"2024-11-13T12:18:13+00:00\" \/>\n<meta name=\"twitter:card\" content=\"summary_large_image\" \/>\n<meta name=\"twitter:label1\" content=\"Tempo estimado de leitura\" \/>\n\t<meta name=\"twitter:data1\" content=\"2 minutos\" \/>\n<!-- \/ Yoast SEO plugin. -->","yoast_head_json":{"title":"Controle deslizante de depoimentos \u2013 Adicionar m\u00f3dulo de depoimentos ao site Drupal","description":"Experimente o melhor m\u00f3dulo Slider de Depoimentos para Drupal gratuitamente. Uma integra\u00e7\u00e3o f\u00e1cil e r\u00e1pida sem expertise em desenvolvimento em apenas 2 minutos.","robots":{"index":"index","follow":"follow","max-snippet":"max-snippet:-1","max-image-preview":"max-image-preview:large","max-video-preview":"max-video-preview:-1"},"canonical":"https:\/\/elfsight.com\/pt\/testimonials-slider-widget\/drupal\/","og_locale":"pt_PT","og_type":"article","og_title":"Controle deslizante de depoimentos \u2013 Adicionar m\u00f3dulo de depoimentos ao site Drupal","og_description":"Experimente o melhor m\u00f3dulo Slider de Depoimentos para Drupal gratuitamente. Uma integra\u00e7\u00e3o f\u00e1cil e r\u00e1pida sem expertise em desenvolvimento em apenas 2 minutos.","og_url":"https:\/\/elfsight.com\/pt\/testimonials-slider-widget\/drupal\/","og_site_name":"Elfsight PT","article_modified_time":"2024-11-13T12:18:13+00:00","twitter_card":"summary_large_image","twitter_misc":{"Tempo estimado de leitura":"2 minutos"},"schema":{"@context":"https:\/\/schema.org","@graph":[{"@type":"WebPage","@id":"https:\/\/elfsight.com\/pt\/testimonials-slider-widget\/drupal\/","url":"https:\/\/elfsight.com\/pt\/testimonials-slider-widget\/drupal\/","name":"Controle deslizante de depoimentos \u2013 Adicionar m\u00f3dulo de depoimentos ao site Drupal","isPartOf":{"@id":"https:\/\/elfsight.com\/pt\/#website"},"datePublished":"1970-01-01T00:00:00+00:00","dateModified":"2024-11-13T12:18:13+00:00","description":"Experimente o melhor m\u00f3dulo Slider de Depoimentos para Drupal gratuitamente. Uma integra\u00e7\u00e3o f\u00e1cil e r\u00e1pida sem expertise em desenvolvimento em apenas 2 minutos.","breadcrumb":{"@id":"https:\/\/elfsight.com\/pt\/testimonials-slider-widget\/drupal\/#breadcrumb"},"inLanguage":"pt-PT","potentialAction":[{"@type":"ReadAction","target":["https:\/\/elfsight.com\/pt\/testimonials-slider-widget\/drupal\/"]}]},{"@type":"BreadcrumbList","@id":"https:\/\/elfsight.com\/pt\/testimonials-slider-widget\/drupal\/#breadcrumb","itemListElement":[{"@type":"ListItem","position":1,"name":"Home","item":"https:\/\/elfsight.com\/pt\/"},{"@type":"ListItem","position":2,"name":"Testimonials Slider","item":"https:\/\/elfsight.com\/pt\/testimonials-slider-widget\/"},{"@type":"ListItem","position":3,"name":"Testimonials Slider &#8211; Drupal"}]},{"@type":"WebSite","@id":"https:\/\/elfsight.com\/pt\/#website","url":"https:\/\/elfsight.com\/pt\/","name":"Elfsight PT","description":"Just another Elfsight Sites site","potentialAction":[{"@type":"SearchAction","target":{"@type":"EntryPoint","urlTemplate":"https:\/\/elfsight.com\/pt\/?s={search_term_string}"},"query-input":{"@type":"PropertyValueSpecification","valueRequired":true,"valueName":"search_term_string"}}],"inLanguage":"pt-PT"}]}},"meta_box":{"industry":"","seo_heading":"","heading":"","description":"","cta_heading":"","cta_description":"","application":"947","h1":"M\u00f3dulo deslizante de depoimentos para Drupal","h1_caption":"Aumente a credibilidade do seu site e fortale\u00e7a a imagem da sua marca","application_category":[],"applications_title":"","applications_request_title":"","applications_request_button_text":"","hero_text":"","hero_video":"","hero_video_schema_markup":"","selling_points_title":"","selling_points_caption":"","selling_points":[],"selling_points_cta_text":"","features_title":"","features":"","ed_cta_examples_text":"","ed_cta_examples_hidden":"","ed_cta_demo_text":"","ed_cta_demo_hidden":"","why_caption":"","why_editor_title":"","why_editor_text":"","why_team_title":"","why_team_text":"","why_service_title":"","why_service_text":"","template_catalog_visible":"","template_catalog_title":"","template_catalog_text":"","template_catalog_categories_visible":"","demo_title":"Crie seu m\u00f3dulo Slider de Depoimentos","demo_caption":"Configure seu controle deslizante de depoimentos e adicione-o ao seu site Drupal gratuitamente!","default_faq_hidden":"","app_template_category":[],"platform":"4905","template_public_id":"","codecanyon_url":"","codecanyon_item_id":"","codecanyon_price":"","pricing_caption":"","pricing_elfsight_apps_hide_column":"","pricing_elfsight_apps_url":"","pricing_codecanyon_price_caption":"","integration_category":[],"integration_request_title":"","integration_request_cta":"","integration_platform":"","integrations":[],"platform_category":[],"video_schema_markup":"","price":"a partir de US$ 0\/m\u00eas","trial":"","benefits":[{"text":"Assist\u00eancia de instala\u00e7\u00e3o gratuita"},{"text":"Atendimento ao cliente competente"},{"text":"Garantia de devolu\u00e7\u00e3o do dinheiro em 14 dias"},{"text":"Desenvolvimento cont\u00ednuo"}],"button_url":"#demo","button_target_blank":"0","button_nofollow":"0","attributes":[{"name":"Instala\u00e7\u00f5es","content":"10,000 - 100,000","_state":"expanded"},{"name":"Responsivo","content":"Sim","_state":"expanded"},{"name":"Navegadores compat\u00edveis","content":"IE11, Firefox, Safari, Opera, Chrome, Edge"}],"tags":[],"tags_disable_links":"0","hide_more_platforms":"","video_object":"","demo_hide_cta":"0","demo_hide_cloud_options":"0","pricing_title":"","pricing":[{"pricing_icon":"cloud","pricing_title":"Elfsight Apps","pricing_title_caption":"Solu\u00e7\u00e3o digital multiplataforma","pricing_price":"a partir de US$ 0\/m\u00eas","pricing_price_caption":"comece com plano gratuito","pricing_benefits":[{"text":"Sites ilimitados"},{"text":"Suporte profissional e pontual e bem documentado"},{"text":"Suporte profissional e pontual e bem documentado"},{"text":"Pre\u00e7o especial para v\u00e1rios aplicativos"}],"pricing_button_text":"Adicionar ao site","pricing_button_url":"#demo","_state":"expanded"}],"related_apps_title":"","related_apps_hidden":"1","author":"","image":[],"title":"","job":"","social_networks":[]},"_links":{"self":[{"href":"https:\/\/elfsight.com\/pt\/wp-json\/wp\/v2\/pages\/4590","targetHints":{"allow":["GET"]}}],"collection":[{"href":"https:\/\/elfsight.com\/pt\/wp-json\/wp\/v2\/pages"}],"about":[{"href":"https:\/\/elfsight.com\/pt\/wp-json\/wp\/v2\/types\/page"}],"author":[{"embeddable":true,"href":"https:\/\/elfsight.com\/pt\/wp-json\/wp\/v2\/users\/9"}],"replies":[{"embeddable":true,"href":"https:\/\/elfsight.com\/pt\/wp-json\/wp\/v2\/comments?post=4590"}],"version-history":[{"count":2,"href":"https:\/\/elfsight.com\/pt\/wp-json\/wp\/v2\/pages\/4590\/revisions"}],"predecessor-version":[{"id":12296,"href":"https:\/\/elfsight.com\/pt\/wp-json\/wp\/v2\/pages\/4590\/revisions\/12296"}],"up":[{"embeddable":true,"href":"https:\/\/elfsight.com\/pt\/wp-json\/wp\/v2\/pages\/559"}],"wp:attachment":[{"href":"https:\/\/elfsight.com\/pt\/wp-json\/wp\/v2\/media?parent=4590"}],"curies":[{"name":"wp","href":"https:\/\/api.w.org\/{rel}","templated":true}]}}