{"id":4588,"date":"1970-01-01T00:00:00","date_gmt":"1970-01-01T00:00:00","guid":{"rendered":"https:\/\/elfsight.com\/pt\/?page_id=4588"},"modified":"2024-11-13T11:19:38","modified_gmt":"2024-11-13T11:19:38","slug":"drupal","status":"publish","type":"page","link":"https:\/\/elfsight.com\/pt\/tiktok-feed-widget\/drupal\/","title":{"rendered":"TikTok Feed &#8211; Drupal"},"content":{"rendered":"<div class=\"application-platform-content-item-description application-platform-content-item\" id=\"description\" data-nav-section=\"description\"> <h2>Descri\u00e7\u00e3o<\/h2> <p>Elfsight TiKTok Feed para Drupal \u00e9 um m\u00f3dulo para marketing n\u00e3o apenas de coisas, mas de emo\u00e7\u00f5es e experi\u00eancias. Com ele voc\u00ea pode criar um feed individualizado com seu conte\u00fado do TikTok \u2013 e exibi-lo direto no seu site. Forme uma galeria de v\u00eddeos com apenas alguns cliques! Exer\u00e7a controle total sobre um conte\u00fado e livre-se de spam e qualquer conte\u00fado indesejado por meio de modera\u00e7\u00e3o manual. O editor online totalmente responsivo oferece diferentes modelos para voc\u00ea escolher. <\/p> <p><b>Torne seu site mais eficiente para alvos de com\u00e9rcio eletr\u00f4nico com o TikTok Feed<\/b><\/p> <\/div> <div class=\"application-platform-content-item-features application-platform-content-item\" id=\"features\" data-nav-section=\"features\"> <h2>Confira a lista dos recursos mais \u00fateis: <\/h2> <ul><li>Oculte o cabe\u00e7alho para fazer a ferramenta parecer minimalista. <\/li><li>Livre-se de qualquer spam e conte\u00fado indesejado por meio do modo de modera\u00e7\u00e3o manual. <\/li><li>Instale o bot\u00e3o Seguir nas postagens de ferramentas. <\/li><li>Fa\u00e7a com que suas postagens sejam visualizadas em um pop-up. <\/li><\/ul><p><a href=\"#demo\">Examine todas as configura\u00e7\u00f5es na demonstra\u00e7\u00e3o 100% funcional<\/a><\/p> <\/div> <div class=\"application-platform-content-item-installation application-platform-content-item\" id=\"installation\" data-nav-section=\"installation\"> <h2>Como incorporo o TikTok Feed em meu site Drupal? <\/h2> <p>Basta seguir as orienta\u00e7\u00f5es abaixo para integrar o m\u00f3dulo. <\/p> <ol><li><b>Gerencie nosso configurador gratuito e comece a criar seu m\u00f3dulo personalizado. <\/b><br> Escolha a interface e os par\u00e2metros preferidos do m\u00f3dulo e aplique as edi\u00e7\u00f5es. <\/li> <li><b>Obtenha seu c\u00f3digo individual aparecendo na janela dos aplicativos Elfsight. <\/b><br> Ap\u00f3s a conclus\u00e3o da cria\u00e7\u00e3o do seu m\u00f3dulo pessoal, copie o c\u00f3digo exclusivo na caixa exibida e guarde-o para futuras ocasi\u00f5es. <\/li> <li><b>Comece a usar o plugin no site Drupal. <\/b><br> Implemente o c\u00f3digo copiado anteriormente em seu site e aplique os ajustes. <\/li> <li><b>A configura\u00e7\u00e3o foi totalmente conclu\u00edda. <\/b><br> Acesse sua p\u00e1gina da web para observar o desempenho do m\u00f3dulo. <\/li><\/ol> <p>Caso tenha d\u00favidas ou se depare com algum problema, n\u00e3o hesite em recorrer ao nosso pessoal de atendimento ao cliente. Nossos especialistas ter\u00e3o prazer em ajud\u00e1-lo com todas as dificuldades que voc\u00ea possa ter com o produto. <\/p> <\/div><div class=\"faq\" data-component=\"FAQ\"><div class=\"faq-item\">\r\n\t\t\t\t\t<div class=\"faq-item-question\">\r\n\t\t\t\t\t\t<h3 class=\"faq-item-question-text\">De que forma \u00e9 poss\u00edvel adicionar o TikTok Feed ao meu Drupal sem codifica\u00e7\u00e3o?<\/h3>\r\n\r\n\t\t\t\t\t\t<div class=\"faq-item-question-icon\"><\/div>\r\n\t\t\t\t\t<\/div>\r\n\r\n\t\t\t\t\t<div class=\"faq-item-answer\">\r\n\t\t\t\t\t\t<div class=\"faq-item-answer-text\"><p>Ofertas da empresa Elfsight uma solu\u00e7\u00e3o em nuvem que permite ao usu\u00e1rio criar voc\u00ea mesmo um aplicativo TikTok Feed, assista ao guia f\u00e1cil:<\/p><ul><li>Comece a trabalhar diretamente na demonstra\u00e7\u00e3o on-line para criar um aplicativo TikTok Feed que voc\u00ea gostaria de incluir no Drupal.<\/li><li>Escolha um de nossos modelos predefinidos e ajuste as configura\u00e7\u00f5es do feed do TikTok, adicione seu conte\u00fado, altere o layout e o esquema de cores sem nenhum conhecimento de codifica\u00e7\u00e3o.<\/li><li>Salve as configura\u00e7\u00f5es que voc\u00ea fez no TikTok Feed e obtenha o c\u00f3digo de instala\u00e7\u00e3o, que pode ser simplesmente inclu\u00eddo no site Drupal sem a necessidade de comprar uma assinatura paga.<\/li><\/ul><p>Com a ajuda do configurador amig\u00e1vel, cada usu\u00e1rio da web pode gerar o TikTok Feed se\u00e7\u00e3o e cole na p\u00e1gina inicial do Drupal. N\u00e3o \u00e9 necess\u00e1rio pagar ou enviar as credenciais do seu cart\u00e3o para entrar no nosso Editor. Se voc\u00ea enfrentar algum problema em qualquer etapa, entre em contato com nossa equipe de suporte.<\/p><\/div>\r\n\t\t\t\t\t<\/div>\r\n\t\t\t\t<\/div><\/div>","protected":false},"excerpt":{"rendered":"","protected":false},"author":9,"featured_media":0,"parent":1491,"menu_order":0,"comment_status":"closed","ping_status":"closed","template":"templates\/template-application-platform.php","meta":{"publish_to_discourse":"","publish_post_category":"","wpdc_auto_publish_overridden":"","wpdc_topic_tags":"","wpdc_pin_topic":"","wpdc_pin_until":"","discourse_post_id":"","discourse_permalink":"","wpdc_publishing_response":"","wpdc_publishing_error":"","footnotes":""},"class_list":["post-4588","page","type-page","status-publish","hentry"],"yoast_head":"<!-- This site is optimized with the Yoast SEO plugin v25.3.1 - https:\/\/yoast.com\/wordpress\/plugins\/seo\/ -->\n<title>Adicione o m\u00f3dulo TikTok Feed ao site Drupal (r\u00e1pido e gratuito)<\/title>\n<meta name=\"description\" content=\"Integre um m\u00f3dulo Drupal TikTok Feed responsivo em seu site. Experimente a demonstra\u00e7\u00e3o pr\u00e1tica da Elfsight e modifique seu elegante widget TikTok com apenas alguns cliques\" \/>\n<meta name=\"robots\" content=\"index, follow, max-snippet:-1, max-image-preview:large, max-video-preview:-1\" \/>\n<link rel=\"canonical\" href=\"https:\/\/elfsight.com\/pt\/tiktok-feed-widget\/drupal\/\" \/>\n<meta property=\"og:locale\" content=\"pt_PT\" \/>\n<meta property=\"og:type\" content=\"article\" \/>\n<meta property=\"og:title\" content=\"Adicione o m\u00f3dulo TikTok Feed ao site Drupal (r\u00e1pido e gratuito)\" \/>\n<meta property=\"og:description\" content=\"Integre um m\u00f3dulo Drupal TikTok Feed responsivo em seu site. Experimente a demonstra\u00e7\u00e3o pr\u00e1tica da Elfsight e modifique seu elegante widget TikTok com apenas alguns cliques\" \/>\n<meta property=\"og:url\" content=\"https:\/\/elfsight.com\/pt\/tiktok-feed-widget\/drupal\/\" \/>\n<meta property=\"og:site_name\" content=\"Elfsight PT\" \/>\n<meta property=\"article:modified_time\" content=\"2024-11-13T11:19:38+00:00\" \/>\n<meta name=\"twitter:card\" content=\"summary_large_image\" \/>\n<meta name=\"twitter:label1\" content=\"Tempo estimado de leitura\" \/>\n\t<meta name=\"twitter:data1\" content=\"2 minutos\" \/>\n<!-- \/ Yoast SEO plugin. -->","yoast_head_json":{"title":"Adicione o m\u00f3dulo TikTok Feed ao site Drupal (r\u00e1pido e gratuito)","description":"Integre um m\u00f3dulo Drupal TikTok Feed responsivo em seu site. Experimente a demonstra\u00e7\u00e3o pr\u00e1tica da Elfsight e modifique seu elegante widget TikTok com apenas alguns cliques","robots":{"index":"index","follow":"follow","max-snippet":"max-snippet:-1","max-image-preview":"max-image-preview:large","max-video-preview":"max-video-preview:-1"},"canonical":"https:\/\/elfsight.com\/pt\/tiktok-feed-widget\/drupal\/","og_locale":"pt_PT","og_type":"article","og_title":"Adicione o m\u00f3dulo TikTok Feed ao site Drupal (r\u00e1pido e gratuito)","og_description":"Integre um m\u00f3dulo Drupal TikTok Feed responsivo em seu site. Experimente a demonstra\u00e7\u00e3o pr\u00e1tica da Elfsight e modifique seu elegante widget TikTok com apenas alguns cliques","og_url":"https:\/\/elfsight.com\/pt\/tiktok-feed-widget\/drupal\/","og_site_name":"Elfsight PT","article_modified_time":"2024-11-13T11:19:38+00:00","twitter_card":"summary_large_image","twitter_misc":{"Tempo estimado de leitura":"2 minutos"},"schema":{"@context":"https:\/\/schema.org","@graph":[{"@type":"WebPage","@id":"https:\/\/elfsight.com\/pt\/tiktok-feed-widget\/drupal\/","url":"https:\/\/elfsight.com\/pt\/tiktok-feed-widget\/drupal\/","name":"Adicione o m\u00f3dulo TikTok Feed ao site Drupal (r\u00e1pido e gratuito)","isPartOf":{"@id":"https:\/\/elfsight.com\/pt\/#website"},"datePublished":"1970-01-01T00:00:00+00:00","dateModified":"2024-11-13T11:19:38+00:00","description":"Integre um m\u00f3dulo Drupal TikTok Feed responsivo em seu site. Experimente a demonstra\u00e7\u00e3o pr\u00e1tica da Elfsight e modifique seu elegante widget TikTok com apenas alguns cliques","breadcrumb":{"@id":"https:\/\/elfsight.com\/pt\/tiktok-feed-widget\/drupal\/#breadcrumb"},"inLanguage":"pt-PT","potentialAction":[{"@type":"ReadAction","target":["https:\/\/elfsight.com\/pt\/tiktok-feed-widget\/drupal\/"]}]},{"@type":"BreadcrumbList","@id":"https:\/\/elfsight.com\/pt\/tiktok-feed-widget\/drupal\/#breadcrumb","itemListElement":[{"@type":"ListItem","position":1,"name":"Home","item":"https:\/\/elfsight.com\/pt\/"},{"@type":"ListItem","position":2,"name":"TikTok Feed","item":"https:\/\/elfsight.com\/pt\/tiktok-feed-widget\/"},{"@type":"ListItem","position":3,"name":"TikTok Feed &#8211; Drupal"}]},{"@type":"WebSite","@id":"https:\/\/elfsight.com\/pt\/#website","url":"https:\/\/elfsight.com\/pt\/","name":"Elfsight PT","description":"Just another Elfsight Sites site","potentialAction":[{"@type":"SearchAction","target":{"@type":"EntryPoint","urlTemplate":"https:\/\/elfsight.com\/pt\/?s={search_term_string}"},"query-input":{"@type":"PropertyValueSpecification","valueRequired":true,"valueName":"search_term_string"}}],"inLanguage":"pt-PT"}]}},"meta_box":{"industry":"","seo_heading":"","heading":"","description":"","cta_heading":"","cta_description":"","application":"1490","h1":"M\u00f3dulo Drupal TikTok Feed","h1_caption":"Apresente seus v\u00eddeos do TikTok em seu site com um clique!","application_category":[],"applications_title":"","applications_request_title":"","applications_request_button_text":"","hero_text":"","hero_video":"","hero_video_schema_markup":"","selling_points_title":"","selling_points_caption":"","selling_points":[],"selling_points_cta_text":"","features_title":"","features":"","ed_cta_examples_text":"","ed_cta_examples_hidden":"","ed_cta_demo_text":"","ed_cta_demo_hidden":"","why_caption":"","why_editor_title":"","why_editor_text":"","why_team_title":"","why_team_text":"","why_service_title":"","why_service_text":"","template_catalog_visible":"","template_catalog_title":"","template_catalog_text":"","template_catalog_categories_visible":"","demo_title":"Crie seu m\u00f3dulo TikTok Feed","demo_caption":"Configure seu feed TikTok e adicione-o ao seu site Drupal gratuitamente!","default_faq_hidden":"","app_template_category":[],"platform":"4905","template_public_id":"","codecanyon_url":"","codecanyon_item_id":"","codecanyon_price":"","pricing_caption":"","pricing_elfsight_apps_hide_column":"","pricing_elfsight_apps_url":"","pricing_codecanyon_price_caption":"","integration_category":[],"integration_request_title":"","integration_request_cta":"","integration_platform":"","integrations":[],"platform_category":[],"video_schema_markup":"","price":"a partir de US$ 0\/m\u00eas","trial":"","benefits":[{"text":"Ajuda de instala\u00e7\u00e3o gratuita"},{"text":"Atendimento ao cliente eficaz"},{"text":"Garantia de devolu\u00e7\u00e3o do dinheiro em 14 dias"},{"text":"Atualiza\u00e7\u00f5es cont\u00ednuas"}],"button_url":"#demo","button_target_blank":"0","button_nofollow":"0","attributes":[{"name":"Instala\u00e7\u00f5es","content":"10,000 - 100,000","_state":"expanded"},{"name":"Responsivo","content":"Sim","_state":"expanded"},{"name":"Navegadores compat\u00edveis","content":"Firefox, Safari, Opera, Chrome, Edge"}],"tags":[],"tags_disable_links":"0","hide_more_platforms":"","video_object":"","demo_hide_cta":"0","demo_hide_cloud_options":"0","pricing_title":"","pricing":[{"pricing_icon":"platform","pricing_title":"Elfsight Apps","pricing_title_caption":"Vers\u00e3o independente de plataforma","pricing_price":"a partir de US$ 0\/m\u00eas","pricing_price_caption":"comece com um plano gratuito","pricing_benefits":[{"text":"Sites ilimitados"},{"text":"Suporte 24 horas por dia, 7 dias por semana e bem documentado"},{"text":"Suporte 24 horas por dia, 7 dias por semana e bem documentado"},{"text":"100% personaliz\u00e1vel"}],"pricing_button_text":"Adicionar ao site","pricing_button_url":"#demo","_state":"expanded"}],"related_apps_title":"","related_apps_hidden":"1","author":"","image":[],"title":"","job":"","social_networks":[]},"_links":{"self":[{"href":"https:\/\/elfsight.com\/pt\/wp-json\/wp\/v2\/pages\/4588","targetHints":{"allow":["GET"]}}],"collection":[{"href":"https:\/\/elfsight.com\/pt\/wp-json\/wp\/v2\/pages"}],"about":[{"href":"https:\/\/elfsight.com\/pt\/wp-json\/wp\/v2\/types\/page"}],"author":[{"embeddable":true,"href":"https:\/\/elfsight.com\/pt\/wp-json\/wp\/v2\/users\/9"}],"replies":[{"embeddable":true,"href":"https:\/\/elfsight.com\/pt\/wp-json\/wp\/v2\/comments?post=4588"}],"version-history":[{"count":2,"href":"https:\/\/elfsight.com\/pt\/wp-json\/wp\/v2\/pages\/4588\/revisions"}],"predecessor-version":[{"id":12322,"href":"https:\/\/elfsight.com\/pt\/wp-json\/wp\/v2\/pages\/4588\/revisions\/12322"}],"up":[{"embeddable":true,"href":"https:\/\/elfsight.com\/pt\/wp-json\/wp\/v2\/pages\/1491"}],"wp:attachment":[{"href":"https:\/\/elfsight.com\/pt\/wp-json\/wp\/v2\/media?parent=4588"}],"curies":[{"name":"wp","href":"https:\/\/api.w.org\/{rel}","templated":true}]}}