{"id":4585,"date":"1970-01-01T00:00:00","date_gmt":"1970-01-01T00:00:00","guid":{"rendered":"https:\/\/elfsight.com\/pt\/?page_id=4585"},"modified":"2024-11-13T11:20:31","modified_gmt":"2024-11-13T11:20:31","slug":"blogger","status":"publish","type":"page","link":"https:\/\/elfsight.com\/pt\/social-feed-widget\/blogger\/","title":{"rendered":"Social Feed &#8211; Blogger"},"content":{"rendered":"<div class=\"application-platform-content-item-description application-platform-content-item\" id=\"description\" data-nav-section=\"description\"> <h2>Descri\u00e7\u00e3o<\/h2> <p>Elfsight Social Feed for Blogger \u00e9 um plugin exclusivo para vender n\u00e3o apenas produtos, mas tamb\u00e9m emo\u00e7\u00f5es e experi\u00eancias. Ao us\u00e1-lo voc\u00ea pode criar um feed personalizado composto por conte\u00fado de diferentes m\u00eddias sociais: Instagram, Pinterest, Facebook, Twitter, Tumblr, YouTube, Vimeo &#8211; e exibi-lo diretamente em sua p\u00e1gina web. Crie uma galeria ou cat\u00e1logo de produtos no 1-2-3! Exer\u00e7a controle absoluto sobre o conte\u00fado demonstrado com diversas op\u00e7\u00f5es de filtragem e elimine spam e qualquer conte\u00fado indesejado aplicando modera\u00e7\u00e3o manual. O configurador online totalmente responsivo oferece diferentes modelos para voc\u00ea escolher. <\/p> <p><b>Insira o Social Wall para alcan\u00e7ar seus objetivos de neg\u00f3cios! <\/b><\/p> <\/div> <div class=\"application-platform-content-item-features application-platform-content-item\" id=\"features\" data-nav-section=\"features\"> <h2>Veja a lista dos recursos mais \u00fateis: <\/h2> <ul><li>Apresente seu conte\u00fado de m\u00eddia social de v\u00e1rias redes sociais meios de comunica\u00e7\u00e3o. <\/li><li>Elimine qualquer spam e conte\u00fado indesejado por meio do modo de modera\u00e7\u00e3o manual. <\/li><li>Coloque o bot\u00e3o Seguir nos cart\u00f5es de widget. <\/li><li>Deixe suas postagens aparecerem em um pop-up. <\/li><\/ul><p><a href=\"#demo\">Voc\u00ea pode explorar todos os recursos do widget na demonstra\u00e7\u00e3o <\/a><\/p> <\/div> <div class=\"application-platform-content-item-installation  application-platform-content-item\" id=\"installation \" data-nav-section=\"installation \"> <h2>Como incorporo o widget Social Media Feed no meu site do Blogger? <\/h2> <p>Basta seguir algumas etapas apresentadas abaixo para adicionar o widget. <\/p> <ol><li><b>Inicie nosso editor gratuito e comece a criar seu widget personalizado. <\/b><br> Escolha o layout selecionado e as caracter\u00edsticas do widget e salve as edi\u00e7\u00f5es. <\/li> <li><b>Receba o c\u00f3digo individual que aparece na caixa nas aplica\u00e7\u00f5es Elfsight. <\/b><br> Assim que a configura\u00e7\u00e3o do seu plugin estiver conclu\u00edda, copie o c\u00f3digo individual da janela exibida e guarde-o para futuras ocasi\u00f5es. <\/li> <li><b>Comece a usar o widget Social Wall no site do Blogger. <\/b><br> Cole o c\u00f3digo que voc\u00ea copiou recentemente em seu site e aplique as modifica\u00e7\u00f5es. <\/li> <li><b>Conclu\u00eddo! A integra\u00e7\u00e3o foi realizada com sucesso. <\/b><br> Acesse sua p\u00e1gina da web para examinar o trabalho da ferramenta. <\/li><\/ol> <p>Caso tenha d\u00favidas ou encontre alguma dificuldade, escreva para nossa equipe de suporte. Nossos especialistas desejam ajud\u00e1-lo com todos os problemas que voc\u00ea possa ter com a ferramenta. <\/p> <\/div><div class=\"faq\" data-component=\"FAQ\"><div class=\"faq-item\">\r\n\t\t\t\t\t<div class=\"faq-item-question\">\r\n\t\t\t\t\t\t<h3 class=\"faq-item-question-text\">Existe uma op\u00e7\u00e3o para incorporar o Social Feed ao meu site do Blogger sem codifica\u00e7\u00e3o?<\/h3>\r\n\r\n\t\t\t\t\t\t<div class=\"faq-item-question-icon\"><\/div>\r\n\t\t\t\t\t<\/div>\r\n\r\n\t\t\t\t\t<div class=\"faq-item-answer\">\r\n\t\t\t\t\t\t<div class=\"faq-item-answer-text\"><p>Ofertas da empresa Elfsight uma solu\u00e7\u00e3o que permite que um grande p\u00fablico crie voc\u00ea mesmo um aplicativo de feed social. Veja as etapas f\u00e1ceis: <\/p><ul><li>Trabalhe no editor on-line para criar um aplicativo de feed social que voc\u00ea gostaria de adicionar ao seu site do Blogger.<\/li><li>Escolha um dos muitos modelos predefinidos e ajuste as configura\u00e7\u00f5es do Social Feed, altere o layout e a cor dos elementos, atualize seu conte\u00fado sem habilidades de codifica\u00e7\u00e3o.<\/li><li>Salve as configura\u00e7\u00f5es que voc\u00ea fez ao Social Feed e obtenha o c\u00f3digo do plug-in para incorpora\u00e7\u00e3o, que voc\u00ea pode colar facilmente em qualquer site do Blogger gratuitamente.<\/li><\/ul><p>Trabalhando no configurador amig\u00e1vel, qualquer usu\u00e1rio da web pode estabelecer o Social Feed on-line e inclua-o facilmente na p\u00e1gina inicial do Blogger. Voc\u00ea n\u00e3o deve pagar ou enviar os dados do seu cart\u00e3o para entrar no servi\u00e7o Elfsight. Se voc\u00ea enfrentar qualquer tipo de problema, n\u00e3o hesite em entrar em contato com nossa equipe de suporte t\u00e9cnico.<\/p><\/div>\r\n\t\t\t\t\t<\/div>\r\n\t\t\t\t<\/div><\/div>","protected":false},"excerpt":{"rendered":"","protected":false},"author":9,"featured_media":0,"parent":462,"menu_order":0,"comment_status":"closed","ping_status":"closed","template":"templates\/template-application-platform.php","meta":{"publish_to_discourse":"","publish_post_category":"","wpdc_auto_publish_overridden":"","wpdc_topic_tags":"","wpdc_pin_topic":"","wpdc_pin_until":"","discourse_post_id":"","discourse_permalink":"","wpdc_publishing_response":"","wpdc_publishing_error":"","footnotes":""},"class_list":["post-4585","page","type-page","status-publish","hentry"],"yoast_head":"<!-- This site is optimized with the Yoast SEO plugin v25.3.1 - https:\/\/yoast.com\/wordpress\/plugins\/seo\/ -->\n<title>Adicione o widget Social Wall ao site do Blogger (r\u00e1pido e gratuito)<\/title>\n<meta name=\"description\" content=\"Implemente um widget de feed social do Blogger f\u00e1cil de usar em seu site do Blogger. Use a demonstra\u00e7\u00e3o da Elfsight e modifique seu plugin exclusivo do Social Wall com apenas alguns cliques\" \/>\n<meta name=\"robots\" content=\"index, follow, max-snippet:-1, max-image-preview:large, max-video-preview:-1\" \/>\n<link rel=\"canonical\" href=\"https:\/\/elfsight.com\/pt\/social-feed-widget\/blogger\/\" \/>\n<meta property=\"og:locale\" content=\"pt_PT\" \/>\n<meta property=\"og:type\" content=\"article\" \/>\n<meta property=\"og:title\" content=\"Adicione o widget Social Wall ao site do Blogger (r\u00e1pido e gratuito)\" \/>\n<meta property=\"og:description\" content=\"Implemente um widget de feed social do Blogger f\u00e1cil de usar em seu site do Blogger. Use a demonstra\u00e7\u00e3o da Elfsight e modifique seu plugin exclusivo do Social Wall com apenas alguns cliques\" \/>\n<meta property=\"og:url\" content=\"https:\/\/elfsight.com\/pt\/social-feed-widget\/blogger\/\" \/>\n<meta property=\"og:site_name\" content=\"Elfsight PT\" \/>\n<meta property=\"article:modified_time\" content=\"2024-11-13T11:20:31+00:00\" \/>\n<meta name=\"twitter:card\" content=\"summary_large_image\" \/>\n<meta name=\"twitter:label1\" content=\"Tempo estimado de leitura\" \/>\n\t<meta name=\"twitter:data1\" content=\"2 minutos\" \/>\n<!-- \/ Yoast SEO plugin. -->","yoast_head_json":{"title":"Adicione o widget Social Wall ao site do Blogger (r\u00e1pido e gratuito)","description":"Implemente um widget de feed social do Blogger f\u00e1cil de usar em seu site do Blogger. Use a demonstra\u00e7\u00e3o da Elfsight e modifique seu plugin exclusivo do Social Wall com apenas alguns cliques","robots":{"index":"index","follow":"follow","max-snippet":"max-snippet:-1","max-image-preview":"max-image-preview:large","max-video-preview":"max-video-preview:-1"},"canonical":"https:\/\/elfsight.com\/pt\/social-feed-widget\/blogger\/","og_locale":"pt_PT","og_type":"article","og_title":"Adicione o widget Social Wall ao site do Blogger (r\u00e1pido e gratuito)","og_description":"Implemente um widget de feed social do Blogger f\u00e1cil de usar em seu site do Blogger. Use a demonstra\u00e7\u00e3o da Elfsight e modifique seu plugin exclusivo do Social Wall com apenas alguns cliques","og_url":"https:\/\/elfsight.com\/pt\/social-feed-widget\/blogger\/","og_site_name":"Elfsight PT","article_modified_time":"2024-11-13T11:20:31+00:00","twitter_card":"summary_large_image","twitter_misc":{"Tempo estimado de leitura":"2 minutos"},"schema":{"@context":"https:\/\/schema.org","@graph":[{"@type":"WebPage","@id":"https:\/\/elfsight.com\/pt\/social-feed-widget\/blogger\/","url":"https:\/\/elfsight.com\/pt\/social-feed-widget\/blogger\/","name":"Adicione o widget Social Wall ao site do Blogger (r\u00e1pido e gratuito)","isPartOf":{"@id":"https:\/\/elfsight.com\/pt\/#website"},"datePublished":"1970-01-01T00:00:00+00:00","dateModified":"2024-11-13T11:20:31+00:00","description":"Implemente um widget de feed social do Blogger f\u00e1cil de usar em seu site do Blogger. Use a demonstra\u00e7\u00e3o da Elfsight e modifique seu plugin exclusivo do Social Wall com apenas alguns cliques","breadcrumb":{"@id":"https:\/\/elfsight.com\/pt\/social-feed-widget\/blogger\/#breadcrumb"},"inLanguage":"pt-PT","potentialAction":[{"@type":"ReadAction","target":["https:\/\/elfsight.com\/pt\/social-feed-widget\/blogger\/"]}]},{"@type":"BreadcrumbList","@id":"https:\/\/elfsight.com\/pt\/social-feed-widget\/blogger\/#breadcrumb","itemListElement":[{"@type":"ListItem","position":1,"name":"Home","item":"https:\/\/elfsight.com\/pt\/"},{"@type":"ListItem","position":2,"name":"Social Feed","item":"https:\/\/elfsight.com\/pt\/social-feed-widget\/"},{"@type":"ListItem","position":3,"name":"Social Feed &#8211; Blogger"}]},{"@type":"WebSite","@id":"https:\/\/elfsight.com\/pt\/#website","url":"https:\/\/elfsight.com\/pt\/","name":"Elfsight PT","description":"Just another Elfsight Sites site","potentialAction":[{"@type":"SearchAction","target":{"@type":"EntryPoint","urlTemplate":"https:\/\/elfsight.com\/pt\/?s={search_term_string}"},"query-input":{"@type":"PropertyValueSpecification","valueRequired":true,"valueName":"search_term_string"}}],"inLanguage":"pt-PT"}]}},"meta_box":{"industry":"","seo_heading":"","heading":"","description":"","cta_heading":"","cta_description":"","application":"461","h1":"Widget de feed de m\u00eddia social do Blogger","h1_caption":"Exiba seu conte\u00fado em v\u00e1rias m\u00eddias sociais","application_category":[],"applications_title":"","applications_request_title":"","applications_request_button_text":"","hero_text":"","hero_video":"","hero_video_schema_markup":"","selling_points_title":"","selling_points_caption":"","selling_points":[],"selling_points_cta_text":"","features_title":"","features":"","ed_cta_examples_text":"","ed_cta_examples_hidden":"","ed_cta_demo_text":"","ed_cta_demo_hidden":"","why_caption":"","why_editor_title":"","why_editor_text":"","why_team_title":"","why_team_text":"","why_service_title":"","why_service_text":"","template_catalog_visible":"","template_catalog_title":"","template_catalog_text":"","template_catalog_categories_visible":"","demo_title":"Crie seu widget de feed social","demo_caption":"Configure seu feed social e adicione-o ao site do Blogger gratuitamente!","default_faq_hidden":"","app_template_category":[],"platform":"46","template_public_id":"","codecanyon_url":"","codecanyon_item_id":"","codecanyon_price":"","pricing_caption":"","pricing_elfsight_apps_hide_column":"","pricing_elfsight_apps_url":"","pricing_codecanyon_price_caption":"","integration_category":[],"integration_request_title":"","integration_request_cta":"","integration_platform":"","integrations":[],"platform_category":[],"video_schema_markup":"","price":"a partir de US$ 0\/m\u00eas","trial":"","benefits":[{"text":"Assist\u00eancia de instala\u00e7\u00e3o gratuita"},{"text":"Atendimento ao cliente eficaz"},{"text":"Garantia de devolu\u00e7\u00e3o do dinheiro em 14 dias"},{"text":"Atualizando constantemente"}],"button_url":"#demo","button_target_blank":"0","button_nofollow":"0","attributes":[{"name":"Instala\u00e7\u00f5es","content":"100,000 - 500,000","_state":"expanded"},{"name":"Responsivo","content":"Sim","_state":"expanded"},{"name":"Navegadores compat\u00edveis","content":"Firefox, Safari, Opera, Edge"}],"tags":[],"tags_disable_links":"0","hide_more_platforms":"","video_object":"","demo_hide_cta":"0","demo_hide_cloud_options":"0","pricing_title":"","pricing":[{"pricing_icon":"platform","pricing_title":"Elfsight Apps","pricing_title_caption":"Solu\u00e7\u00e3o multiplataforma que funciona em qualquer site","pricing_price":"a partir de US$ 0\/m\u00eas","pricing_price_caption":"comece com um plano gratuito","pricing_benefits":[{"text":"Dom\u00ednios ilimitados"},{"text":"Suporte ao cliente 24 horas por dia, 7 dias por semana"},{"text":"Suporte ao cliente 24 horas por dia, 7 dias por semana"},{"text":"Pre\u00e7o a ser pago para v\u00e1rios aplicativos"}],"pricing_button_text":"Adicionar ao site","pricing_button_url":"#demo","_state":"expanded"}],"related_apps_title":"","related_apps_hidden":"1","author":"","image":[],"title":"","job":"","social_networks":[]},"_links":{"self":[{"href":"https:\/\/elfsight.com\/pt\/wp-json\/wp\/v2\/pages\/4585","targetHints":{"allow":["GET"]}}],"collection":[{"href":"https:\/\/elfsight.com\/pt\/wp-json\/wp\/v2\/pages"}],"about":[{"href":"https:\/\/elfsight.com\/pt\/wp-json\/wp\/v2\/types\/page"}],"author":[{"embeddable":true,"href":"https:\/\/elfsight.com\/pt\/wp-json\/wp\/v2\/users\/9"}],"replies":[{"embeddable":true,"href":"https:\/\/elfsight.com\/pt\/wp-json\/wp\/v2\/comments?post=4585"}],"version-history":[{"count":2,"href":"https:\/\/elfsight.com\/pt\/wp-json\/wp\/v2\/pages\/4585\/revisions"}],"predecessor-version":[{"id":12220,"href":"https:\/\/elfsight.com\/pt\/wp-json\/wp\/v2\/pages\/4585\/revisions\/12220"}],"up":[{"embeddable":true,"href":"https:\/\/elfsight.com\/pt\/wp-json\/wp\/v2\/pages\/462"}],"wp:attachment":[{"href":"https:\/\/elfsight.com\/pt\/wp-json\/wp\/v2\/media?parent=4585"}],"curies":[{"name":"wp","href":"https:\/\/api.w.org\/{rel}","templated":true}]}}