{"id":4584,"date":"1970-01-01T00:00:00","date_gmt":"1970-01-01T00:00:00","guid":{"rendered":"https:\/\/elfsight.com\/pt\/?page_id=4584"},"modified":"2024-11-13T12:14:45","modified_gmt":"2024-11-13T12:14:45","slug":"blogger","status":"publish","type":"page","link":"https:\/\/elfsight.com\/pt\/social-media-share-buttons\/blogger\/","title":{"rendered":"Social Share Buttons &#8211; Blogger"},"content":{"rendered":"<div class=\"application-platform-content-item-description application-platform-content-item\" id=\"description\" data-nav-section=\"description\"><h2>Descri\u00e7\u00e3o<\/h2><p>Um widget de compartilhamento eficiente para qualquer site, que permite que seus visitantes compartilhem postagens em diversas m\u00eddias sociais. Aumente a promo\u00e7\u00e3o da sua empresa no Google+, Facebook, LinkedIn e outros, e obtenha novos assinantes e f\u00e3s com conte\u00fado eficaz no site pessoal.<\/p><p><b>Tenha visualiza\u00e7\u00f5es e seguidores adicionais nas redes sociais!<\/b><\/p><ul><li><b>M\u00e1xima promo\u00e7\u00e3o de conte\u00fados e produtos nas redes sociais<\/b>.<br>Usando um design claro e diversas fun\u00e7\u00f5es, em apenas 1 clique, seu conte\u00fado ter\u00e1 uma promo\u00e7\u00e3o ativa em todas as m\u00eddias sociais sem muito esfor\u00e7o.<\/li><li><b>Promova postagens atraentes para mais p\u00fablico<\/b>.<br>Forne\u00e7a aos seus leitores uma maneira de compartilhar o conte\u00fado mais popular com facilidade e abranger um p\u00fablico maior .<\/li><li><b>Aumente o n\u00famero de cliques em seu site<\/b>.<br>Traga novos visitantes para seu site com a ajuda de sua presen\u00e7a constante nas m\u00eddias sociais e aproveite o aumento nas visualiza\u00e7\u00f5es.<\/li> <li><b>Uma ferramenta eficaz para ter novos seguidores nas redes sociais<\/b>.<br>Coloque conte\u00fado interessante e d\u00ea aos seus usu\u00e1rios a chance de divulg\u00e1-lo em suas p\u00e1ginas pessoais de m\u00eddia social.<\/li><\/ul><\/div><div class=\"application-platform-content-item-features application-platform-content-item\" id=\"features\" data-nav-section=\"features\"><h2>Recursos<\/h2><p>Por que os bot\u00f5es da Elfsight s\u00e3o os melhores entre os widgets de compartilhamento do Blogger? Veja nossas caracter\u00edsticas mais importantes:<\/p><ul><li>Duplicar e reordenar os bot\u00f5es do jeito que voc\u00ea precisa;<\/li><li>Tamanho da medianiz ajust\u00e1vel;<\/li><li>3 op\u00e7\u00f5es de formato de bot\u00e3o;<\/li><li>3 esquemas de cores para \u00edcones, plano de fundo e foco;<\/li><li>Servi\u00e7o de instala\u00e7\u00e3o gratuito.<\/li><\/ul><p><a href=\"#demo\">Veja mais caracter\u00edsticas em um editor gratuito<\/a><\/p><\/div><div class=\"application-platform-content-item-installation application-platform-content-item\" id=\"installation\" data-nav-section=\"installation\"><h2>Como adicionar bot\u00f5es de compartilhamento ao Blogger<\/h2><div class=\"video-container\"><iframe width=\"720\" height=\"405\" src=\"https:\/\/www.youtube.com\/embed\/77zo4EcubG8\" frameborder=\"0\" allowfullscreen=\"\"><\/iframe><\/div><p>Um pequeno guia sobre integra\u00e7\u00e3o de bot\u00f5es sem conhecimento em desenvolvimento ou busca de desenvolvedor paralelo. Voc\u00ea s\u00f3 precisa de alguns minutos para realizar o tutorial.<\/p><ol><li><b>Construa seus bot\u00f5es de compartilhamento social personalizados<\/b>.<br>Por meio de nosso configurador gratuito, gere um plugin com o desejado modelo e fun\u00e7\u00f5es.<\/li><li><b>Receba um c\u00f3digo para exibir o plugin<\/b>.<br>Ap\u00f3s a personaliza\u00e7\u00e3o do widget, obtenha um c\u00f3digo para o plugin Share Buttons na notifica\u00e7\u00e3o pop-up nos aplicativos Elfsight.<\/li><li><b>Revele o plug-in no site do Blogger<\/b>.<br>Coloque o plug-in no local necess\u00e1rio da p\u00e1gina e aplique as edi\u00e7\u00f5es.<\/li><li><b>A configura\u00e7\u00e3o est\u00e1 conclu\u00edda <\/b>.<br>Visite o site do Blogger para verificar seus bot\u00f5es.<\/li><\/ol><p>Precisa de suporte para colocar ou criar o widget? A equipa do centro de ajuda da Elfsight ter\u00e1 todo o prazer em ajudar e propor uma solu\u00e7\u00e3o! Voc\u00ea tamb\u00e9m pode resolver o problema sozinho com a ajuda de nosso manual detalhado \u00ab<a href=\"https:\/\/elfsight.com\/tutorials\/how-to-add-social-share-buttons-to-blogger-website\/ \" target=\"_blank\" rel=\"noopener noreferrer\">Como configurar bot\u00f5es de compartilhamento no site do Blogger<\/a>\u00bb.<\/p><\/div><div class=\"faq\" data-component=\"FAQ\"><div class=\"faq-item\">\r\n\t\t\t\t\t<div class=\"faq-item-question\">\r\n\t\t\t\t\t\t<h3 class=\"faq-item-question-text\">De que forma \u00e9 poss\u00edvel adicionar Bot\u00f5es de Partilha Social ao meu Blogger sem conhecimentos de codifica\u00e7\u00e3o?<\/h3>\r\n\r\n\t\t\t\t\t\t<div class=\"faq-item-question-icon\"><\/div>\r\n\t\t\t\t\t<\/div>\r\n\r\n\t\t\t\t\t<div class=\"faq-item-answer\">\r\n\t\t\t\t\t\t<div class=\"faq-item-answer-text\"><p>A empresa Elfsight oferece uma solu\u00e7\u00e3o Cloud que permite aos utilizadores criarem voc\u00eas pr\u00f3prios um widget de Bot\u00f5es de Partilha Social, descubra os passos simples: <\/p><ul><li>Comece a trabalhar diretamente na demonstra\u00e7\u00e3o on-line para estabelecer um widget de bot\u00f5es de compartilhamento social que voc\u00ea gostaria de incluir em seu site do Blogger.<\/li><li>Escolha um dos modelos predefinidos e ajuste-o. Configura\u00e7\u00f5es dos bot\u00f5es de compartilhamento social, atualize seu conte\u00fado, altere o layout e as cores sem codifica\u00e7\u00e3o.<\/li><li>Salve as configura\u00e7\u00f5es feitas nos bot\u00f5es de compartilhamento social e obtenha o c\u00f3digo de instala\u00e7\u00e3o do plugin, que pode ser colado em seu site do Blogger gratuitamente.<\/li><\/ul><p>Com o configurador intuitivo, cada usu\u00e1rio da Internet pode criar o aplicativo Social Share Buttons e incorpor\u00e1-lo \u00e0 p\u00e1gina da web do Blogger. Voc\u00ea n\u00e3o deve pagar ou enviar as credenciais do seu cart\u00e3o para entrar no Editor. Se voc\u00ea encontrar algum obst\u00e1culo em qualquer etapa, n\u00e3o hesite em entrar em contato com nossa equipe de suporte.<\/p><\/div>\r\n\t\t\t\t\t<\/div>\r\n\t\t\t\t<\/div><\/div>","protected":false},"excerpt":{"rendered":"","protected":false},"author":9,"featured_media":0,"parent":697,"menu_order":0,"comment_status":"closed","ping_status":"closed","template":"templates\/template-application-platform.php","meta":{"publish_to_discourse":"","publish_post_category":"","wpdc_auto_publish_overridden":"","wpdc_topic_tags":"","wpdc_pin_topic":"","wpdc_pin_until":"","discourse_post_id":"","discourse_permalink":"","wpdc_publishing_response":"","wpdc_publishing_error":"","footnotes":""},"class_list":["post-4584","page","type-page","status-publish","hentry"],"yoast_head":"<!-- This site is optimized with the Yoast SEO plugin v25.3.1 - https:\/\/yoast.com\/wordpress\/plugins\/seo\/ -->\n<title>Bot\u00f5es de compartilhamento social \u2013 Adicione bot\u00f5es de compartilhamento ao site do Blogger<\/title>\n<meta name=\"description\" content=\"Instale bot\u00f5es de compartilhamento social em seu site Bigcommerce em apenas alguns minutos. Constru\u00e7\u00e3o r\u00e1pida e f\u00e1cil de v\u00e1rios aplicativos de sites da Elfsight.\" \/>\n<meta name=\"robots\" content=\"index, follow, max-snippet:-1, max-image-preview:large, max-video-preview:-1\" \/>\n<link rel=\"canonical\" href=\"https:\/\/elfsight.com\/pt\/social-media-share-buttons\/blogger\/\" \/>\n<meta property=\"og:locale\" content=\"pt_PT\" \/>\n<meta property=\"og:type\" content=\"article\" \/>\n<meta property=\"og:title\" content=\"Bot\u00f5es de compartilhamento social \u2013 Adicione bot\u00f5es de compartilhamento ao site do Blogger\" \/>\n<meta property=\"og:description\" content=\"Instale bot\u00f5es de compartilhamento social em seu site Bigcommerce em apenas alguns minutos. Constru\u00e7\u00e3o r\u00e1pida e f\u00e1cil de v\u00e1rios aplicativos de sites da Elfsight.\" \/>\n<meta property=\"og:url\" content=\"https:\/\/elfsight.com\/pt\/social-media-share-buttons\/blogger\/\" \/>\n<meta property=\"og:site_name\" content=\"Elfsight PT\" \/>\n<meta property=\"article:modified_time\" content=\"2024-11-13T12:14:45+00:00\" \/>\n<meta name=\"twitter:card\" content=\"summary_large_image\" \/>\n<meta name=\"twitter:label1\" content=\"Tempo estimado de leitura\" \/>\n\t<meta name=\"twitter:data1\" content=\"2 minutos\" \/>\n<!-- \/ Yoast SEO plugin. -->","yoast_head_json":{"title":"Bot\u00f5es de compartilhamento social \u2013 Adicione bot\u00f5es de compartilhamento ao site do Blogger","description":"Instale bot\u00f5es de compartilhamento social em seu site Bigcommerce em apenas alguns minutos. Constru\u00e7\u00e3o r\u00e1pida e f\u00e1cil de v\u00e1rios aplicativos de sites da Elfsight.","robots":{"index":"index","follow":"follow","max-snippet":"max-snippet:-1","max-image-preview":"max-image-preview:large","max-video-preview":"max-video-preview:-1"},"canonical":"https:\/\/elfsight.com\/pt\/social-media-share-buttons\/blogger\/","og_locale":"pt_PT","og_type":"article","og_title":"Bot\u00f5es de compartilhamento social \u2013 Adicione bot\u00f5es de compartilhamento ao site do Blogger","og_description":"Instale bot\u00f5es de compartilhamento social em seu site Bigcommerce em apenas alguns minutos. Constru\u00e7\u00e3o r\u00e1pida e f\u00e1cil de v\u00e1rios aplicativos de sites da Elfsight.","og_url":"https:\/\/elfsight.com\/pt\/social-media-share-buttons\/blogger\/","og_site_name":"Elfsight PT","article_modified_time":"2024-11-13T12:14:45+00:00","twitter_card":"summary_large_image","twitter_misc":{"Tempo estimado de leitura":"2 minutos"},"schema":{"@context":"https:\/\/schema.org","@graph":[{"@type":"WebPage","@id":"https:\/\/elfsight.com\/pt\/social-media-share-buttons\/blogger\/","url":"https:\/\/elfsight.com\/pt\/social-media-share-buttons\/blogger\/","name":"Bot\u00f5es de compartilhamento social \u2013 Adicione bot\u00f5es de compartilhamento ao site do Blogger","isPartOf":{"@id":"https:\/\/elfsight.com\/pt\/#website"},"datePublished":"1970-01-01T00:00:00+00:00","dateModified":"2024-11-13T12:14:45+00:00","description":"Instale bot\u00f5es de compartilhamento social em seu site Bigcommerce em apenas alguns minutos. Constru\u00e7\u00e3o r\u00e1pida e f\u00e1cil de v\u00e1rios aplicativos de sites da Elfsight.","breadcrumb":{"@id":"https:\/\/elfsight.com\/pt\/social-media-share-buttons\/blogger\/#breadcrumb"},"inLanguage":"pt-PT","potentialAction":[{"@type":"ReadAction","target":["https:\/\/elfsight.com\/pt\/social-media-share-buttons\/blogger\/"]}]},{"@type":"BreadcrumbList","@id":"https:\/\/elfsight.com\/pt\/social-media-share-buttons\/blogger\/#breadcrumb","itemListElement":[{"@type":"ListItem","position":1,"name":"Home","item":"https:\/\/elfsight.com\/pt\/"},{"@type":"ListItem","position":2,"name":"Social Share Buttons","item":"https:\/\/elfsight.com\/pt\/social-media-share-buttons\/"},{"@type":"ListItem","position":3,"name":"Social Share Buttons &#8211; Blogger"}]},{"@type":"WebSite","@id":"https:\/\/elfsight.com\/pt\/#website","url":"https:\/\/elfsight.com\/pt\/","name":"Elfsight PT","description":"Just another Elfsight Sites site","potentialAction":[{"@type":"SearchAction","target":{"@type":"EntryPoint","urlTemplate":"https:\/\/elfsight.com\/pt\/?s={search_term_string}"},"query-input":{"@type":"PropertyValueSpecification","valueRequired":true,"valueName":"search_term_string"}}],"inLanguage":"pt-PT"}]}},"meta_box":{"industry":"","seo_heading":"","heading":"","description":"","cta_heading":"","cta_description":"","application":"1383","h1":"Bot\u00f5es de compartilhamento social para Blogger","h1_caption":"Ferramenta n\u00ba 1 para integrar um widget de compartilhamento em seu site","application_category":[],"applications_title":"","applications_request_title":"","applications_request_button_text":"","hero_text":"","hero_video":"","hero_video_schema_markup":"","selling_points_title":"","selling_points_caption":"","selling_points":[],"selling_points_cta_text":"","features_title":"","features":"","ed_cta_examples_text":"","ed_cta_examples_hidden":"","ed_cta_demo_text":"","ed_cta_demo_hidden":"","why_caption":"","why_editor_title":"","why_editor_text":"","why_team_title":"","why_team_text":"","why_service_title":"","why_service_text":"","template_catalog_visible":"","template_catalog_title":"","template_catalog_text":"","template_catalog_categories_visible":"","demo_title":"Crie seu widget de bot\u00f5es de compartilhamento social","demo_caption":"Configure seus bot\u00f5es de compartilhamento social e adicione-os ao site do Blogger gratuitamente!","default_faq_hidden":"","app_template_category":[],"platform":"46","template_public_id":"","codecanyon_url":"","codecanyon_item_id":"","codecanyon_price":"","pricing_caption":"","pricing_elfsight_apps_hide_column":"","pricing_elfsight_apps_url":"","pricing_codecanyon_price_caption":"","integration_category":[],"integration_request_title":"","integration_request_cta":"","integration_platform":"","integrations":[],"platform_category":[],"video_schema_markup":"","price":"a partir de US$ 0\/m\u00eas","trial":"","benefits":[{"text":"Servi\u00e7o de instala\u00e7\u00e3o gratuito"},{"text":"Atendimento ao cliente profissional"},{"text":"Garantia de reembolso de 14 dias"},{"text":"Atualiza\u00e7\u00f5es futuras"}],"button_url":"#demo","button_target_blank":"0","button_nofollow":"0","attributes":[{"name":"Instala\u00e7\u00f5es","content":"10,000 - 100,000","_state":"expanded"},{"name":"Responsivo","content":"Sim","_state":"expanded"},{"name":"Navegadores compat\u00edveis","content":"Firefox, Safari, Opera, Chrome, Edge"}],"tags":[],"tags_disable_links":"0","hide_more_platforms":"","video_object":"","demo_hide_cta":"0","demo_hide_cloud_options":"0","pricing_title":"","pricing":[{"pricing_icon":"platform","pricing_title":"Elfsight Apps","pricing_title_caption":"Vers\u00e3o independente de plataforma que funciona em qualquer site","pricing_price":"a partir de US$ 0\/m\u00eas","pricing_price_caption":"comece com um plano gratuito","pricing_benefits":[{"text":"Sites ilimitados"},{"text":"Suporte r\u00e1pido da empresa e bem documentado"},{"text":"Suporte r\u00e1pido da empresa e bem documentado"},{"text":"100% personaliz\u00e1vel"}],"pricing_button_text":"Adicionar ao site","pricing_button_url":"#demo","_state":"expanded"}],"related_apps_title":"","related_apps_hidden":"1","author":"","image":[],"title":"","job":"","social_networks":[]},"_links":{"self":[{"href":"https:\/\/elfsight.com\/pt\/wp-json\/wp\/v2\/pages\/4584","targetHints":{"allow":["GET"]}}],"collection":[{"href":"https:\/\/elfsight.com\/pt\/wp-json\/wp\/v2\/pages"}],"about":[{"href":"https:\/\/elfsight.com\/pt\/wp-json\/wp\/v2\/types\/page"}],"author":[{"embeddable":true,"href":"https:\/\/elfsight.com\/pt\/wp-json\/wp\/v2\/users\/9"}],"replies":[{"embeddable":true,"href":"https:\/\/elfsight.com\/pt\/wp-json\/wp\/v2\/comments?post=4584"}],"version-history":[{"count":2,"href":"https:\/\/elfsight.com\/pt\/wp-json\/wp\/v2\/pages\/4584\/revisions"}],"predecessor-version":[{"id":12254,"href":"https:\/\/elfsight.com\/pt\/wp-json\/wp\/v2\/pages\/4584\/revisions\/12254"}],"up":[{"embeddable":true,"href":"https:\/\/elfsight.com\/pt\/wp-json\/wp\/v2\/pages\/697"}],"wp:attachment":[{"href":"https:\/\/elfsight.com\/pt\/wp-json\/wp\/v2\/media?parent=4584"}],"curies":[{"name":"wp","href":"https:\/\/api.w.org\/{rel}","templated":true}]}}