{"id":4581,"date":"1970-01-01T00:00:00","date_gmt":"1970-01-01T00:00:00","guid":{"rendered":"https:\/\/elfsight.com\/pt\/?page_id=4581"},"modified":"2024-11-13T12:18:13","modified_gmt":"2024-11-13T12:18:13","slug":"blogger","status":"publish","type":"page","link":"https:\/\/elfsight.com\/pt\/testimonials-slider-widget\/blogger\/","title":{"rendered":"Testimonials Slider &#8211; Blogger"},"content":{"rendered":"<div class=\"application-platform-content-item-description application-platform-content-item\" id=\"description\" data-nav-section=\"description\"><h2>Descri\u00e7\u00e3o<\/h2><p>Controle deslizante de depoimentos \u2013 um widget excelente para adicionar feedbacks de sua clientela em seu pr\u00f3prio site. Voc\u00ea pode anexar qualquer tipo de prova social para tornar as avalia\u00e7\u00f5es confi\u00e1veis: nome do autor, foto, s\u00edmbolo da empresa e at\u00e9 mesmo um URL para o site.<\/p><p><b>Aumente a confian\u00e7a em sua empresa demonstrando aos usu\u00e1rios sua clientela satisfeita.<\/b><\/p><ul><li><b>Transforme seus coment\u00e1rios em depoimentos confi\u00e1veis<\/b>.<br>Exiba informa\u00e7\u00f5es abrangentes sobre o autor de todos os seus coment\u00e1rios, por exemplo: nome, empresa e cargo; prove aos leitores que eles veem depoimentos de clientes reais.<\/li><li><b>Aumente a convers\u00e3o em at\u00e9 200%<\/b>.<br>Fa\u00e7a dos seus coment\u00e1rios o argumento de tomada de decis\u00e3o, inserindo-os exatamente onde os usu\u00e1rios tomar a decis\u00e3o sobre adquirir algo em seu site ou registrar-se nele.<\/li><li><b>Adicione opini\u00e3o confi\u00e1vel<\/b>.<br>Voc\u00ea tem usu\u00e1rios cuja vis\u00e3o sobre seu neg\u00f3cio ser\u00e1 realmente convincente para outros visitantes? Configure depoimentos abrangentes com dados sobre o autor e aumente suas vendas.<\/li><\/ul><\/div><div class=\"application-platform-content-item-features application-platform-content-item\" id=\"features\" data-nav-section=\"features\"><h2>Recursos<\/h2><p>Os principais aspectos que tornam Elfsight Testimonials Slider \u00e9 um widget \u00fatil para qualquer site do Blogger.<\/p><ul><li>Use legenda para nome da empresa, cargo e outros dados;<\/li><li>Adicione empresa, cargo e outras informa\u00e7\u00f5es na legenda;<\/li><li>Edite a legenda para exibir empresa, cargo e muito mais;<\/li><li>Forne\u00e7a um link para o site do autor para uma apresenta\u00e7\u00e3o mais confi\u00e1vel.<\/li><\/ul><p> <a href=\"#demo\">Experimente esses recursos na demonstra\u00e7\u00e3o ao vivo<\/a><\/p><\/div><div class=\"application-platform-content-item-installation application-platform-content-item\" id=\"installation\" data-nav-section=\"installation\"><h2>Como adicionar depoimentos ao site do Blogger<\/h2><div class=\"video-container\"><iframe width=\"720\" height=\"405\" src=\"https:\/\/www.youtube.com\/embed\/DGz8OlibzTs\"><\/iframe><\/div><p>O widget Elfsight \u00e9 extremamente simples em termos de integra\u00e7\u00e3o e n\u00e3o requer qualquer experi\u00eancia em desenvolvimento web. A conclus\u00e3o do tutorial n\u00e3o durar\u00e1 mais que 2 minutos.<\/p><ol><li><b>Construa seu controle deslizante de depoimentos personalizado<\/b>.<br>Com a ajuda de nossa demonstra\u00e7\u00e3o gratuita, crie um plugin com apar\u00eancia e capacidades prefer\u00edveis.<\/li><li><b>Adquira o c\u00f3digo para exibir o plugin<\/b>.<br>Ap\u00f3s a cria\u00e7\u00e3o do widget receba o c\u00f3digo do plugin Testimonials na janela exibida nos aplicativos Elfsight.<\/li><li><b>Revelar o plugin no site do Blogger<\/b>.<br>Exibir o plugin no local desejado da p\u00e1gina e aplicar as altera\u00e7\u00f5es.<\/li><li><b>A integra\u00e7\u00e3o foi um sucesso<\/b>!<br>Acesse o site do Blogger para ver seus depoimentos.<\/li><\/ol><p>Est\u00e1 enfrentando algum problema ao adicionar ou configurar o widget? Explore o tutorial detalhado sobre <a href=\"https:\/\/elfsight.com\/tutorials\/how-to-add-testimonials-slider-widget-to-blogger\/\" target=\"_blank\" rel=\"noopener noreferrer\">ajuste do controle deslizante de depoimentos para o Blogger<\/a> ou envie uma consulta para nossa Central de suporte.<\/p><div class=\"faq\" data-component=\"FAQ\"> <div class=\"faq-item\">\r\n\t\t\t\t\t<div class=\"faq-item-question\">\r\n\t\t\t\t\t\t<h3 class=\"faq-item-question-text\">Como posso adicionar o controle deslizante de depoimentos ao meu site do Blogger sem habilidades de codifica\u00e7\u00e3o?<\/h3>\r\n\r\n\t\t\t\t\t\t<div class=\"faq-item-question-icon\"><\/div>\r\n\t\t\t\t\t<\/div>\r\n\r\n\t\t\t\t\t<div class=\"faq-item-answer\">\r\n\t\t\t\t\t\t<div class=\"faq-item-answer-text\"> <p>Elfsight fornece uma solu\u00e7\u00e3o SaaS que permite que voc\u00ea mesmo crie um widget Testimonials Slider, veja como o processo \u00e9 f\u00e1cil: Trabalhe diretamente no Editor on-line para criar um widget Testimonials Slider que voc\u00ea gostaria de ver em seu site do Blogger. Escolha um dos modelos predefinidos e ajuste as configura\u00e7\u00f5es do controle deslizante de depoimentos, adicione seu conte\u00fado, altere o layout e o esquema de cores sem habilidades de codifica\u00e7\u00e3o. Salve o controle deslizante de depoimentos e copie seu c\u00f3digo de instala\u00e7\u00e3o, que voc\u00ea pode colar facilmente no site do Blogger, sem a necessidade de comprar uma assinatura paga. Com nosso editor intuitivo, qualquer usu\u00e1rio da Internet pode criar um widget Slider de Depoimentos online e incorpor\u00e1-lo facilmente ao site do Blogger. N\u00e3o h\u00e1 necessidade de pagar ou inserir as credenciais do seu cart\u00e3o para acessar o servi\u00e7o. Se voc\u00ea enfrentar qualquer problema em qualquer etapa, n\u00e3o hesite em entrar em contato com nossa equipe de suporte t\u00e9cnico.<\/p> <\/div>\r\n\t\t\t\t\t<\/div>\r\n\t\t\t\t<\/div> <\/div> <\/div>","protected":false},"excerpt":{"rendered":"","protected":false},"author":9,"featured_media":0,"parent":559,"menu_order":0,"comment_status":"closed","ping_status":"closed","template":"templates\/template-application-platform.php","meta":{"publish_to_discourse":"","publish_post_category":"","wpdc_auto_publish_overridden":"","wpdc_topic_tags":"","wpdc_pin_topic":"","wpdc_pin_until":"","discourse_post_id":"","discourse_permalink":"","wpdc_publishing_response":"","wpdc_publishing_error":"","footnotes":""},"class_list":["post-4581","page","type-page","status-publish","hentry"],"yoast_head":"<!-- This site is optimized with the Yoast SEO plugin v25.3.1 - https:\/\/yoast.com\/wordpress\/plugins\/seo\/ -->\n<title>Controle deslizante de depoimentos \u2013 Adicionar widget de depoimentos ao site do Blogger<\/title>\n<meta name=\"description\" content=\"Examine gratuitamente o melhor widget Slider de depoimentos para o Blogger. Uma integra\u00e7\u00e3o descomplicada e imediata sem habilidades de codifica\u00e7\u00e3o em apenas 2 minutos.\" \/>\n<meta name=\"robots\" content=\"index, follow, max-snippet:-1, max-image-preview:large, max-video-preview:-1\" \/>\n<link rel=\"canonical\" href=\"https:\/\/elfsight.com\/pt\/testimonials-slider-widget\/blogger\/\" \/>\n<meta property=\"og:locale\" content=\"pt_PT\" \/>\n<meta property=\"og:type\" content=\"article\" \/>\n<meta property=\"og:title\" content=\"Controle deslizante de depoimentos \u2013 Adicionar widget de depoimentos ao site do Blogger\" \/>\n<meta property=\"og:description\" content=\"Examine gratuitamente o melhor widget Slider de depoimentos para o Blogger. Uma integra\u00e7\u00e3o descomplicada e imediata sem habilidades de codifica\u00e7\u00e3o em apenas 2 minutos.\" \/>\n<meta property=\"og:url\" content=\"https:\/\/elfsight.com\/pt\/testimonials-slider-widget\/blogger\/\" \/>\n<meta property=\"og:site_name\" content=\"Elfsight PT\" \/>\n<meta property=\"article:modified_time\" content=\"2024-11-13T12:18:13+00:00\" \/>\n<meta name=\"twitter:card\" content=\"summary_large_image\" \/>\n<meta name=\"twitter:label1\" content=\"Tempo estimado de leitura\" \/>\n\t<meta name=\"twitter:data1\" content=\"2 minutos\" \/>\n<!-- \/ Yoast SEO plugin. -->","yoast_head_json":{"title":"Controle deslizante de depoimentos \u2013 Adicionar widget de depoimentos ao site do Blogger","description":"Examine gratuitamente o melhor widget Slider de depoimentos para o Blogger. Uma integra\u00e7\u00e3o descomplicada e imediata sem habilidades de codifica\u00e7\u00e3o em apenas 2 minutos.","robots":{"index":"index","follow":"follow","max-snippet":"max-snippet:-1","max-image-preview":"max-image-preview:large","max-video-preview":"max-video-preview:-1"},"canonical":"https:\/\/elfsight.com\/pt\/testimonials-slider-widget\/blogger\/","og_locale":"pt_PT","og_type":"article","og_title":"Controle deslizante de depoimentos \u2013 Adicionar widget de depoimentos ao site do Blogger","og_description":"Examine gratuitamente o melhor widget Slider de depoimentos para o Blogger. Uma integra\u00e7\u00e3o descomplicada e imediata sem habilidades de codifica\u00e7\u00e3o em apenas 2 minutos.","og_url":"https:\/\/elfsight.com\/pt\/testimonials-slider-widget\/blogger\/","og_site_name":"Elfsight PT","article_modified_time":"2024-11-13T12:18:13+00:00","twitter_card":"summary_large_image","twitter_misc":{"Tempo estimado de leitura":"2 minutos"},"schema":{"@context":"https:\/\/schema.org","@graph":[{"@type":"WebPage","@id":"https:\/\/elfsight.com\/pt\/testimonials-slider-widget\/blogger\/","url":"https:\/\/elfsight.com\/pt\/testimonials-slider-widget\/blogger\/","name":"Controle deslizante de depoimentos \u2013 Adicionar widget de depoimentos ao site do Blogger","isPartOf":{"@id":"https:\/\/elfsight.com\/pt\/#website"},"datePublished":"1970-01-01T00:00:00+00:00","dateModified":"2024-11-13T12:18:13+00:00","description":"Examine gratuitamente o melhor widget Slider de depoimentos para o Blogger. Uma integra\u00e7\u00e3o descomplicada e imediata sem habilidades de codifica\u00e7\u00e3o em apenas 2 minutos.","breadcrumb":{"@id":"https:\/\/elfsight.com\/pt\/testimonials-slider-widget\/blogger\/#breadcrumb"},"inLanguage":"pt-PT","potentialAction":[{"@type":"ReadAction","target":["https:\/\/elfsight.com\/pt\/testimonials-slider-widget\/blogger\/"]}]},{"@type":"BreadcrumbList","@id":"https:\/\/elfsight.com\/pt\/testimonials-slider-widget\/blogger\/#breadcrumb","itemListElement":[{"@type":"ListItem","position":1,"name":"Home","item":"https:\/\/elfsight.com\/pt\/"},{"@type":"ListItem","position":2,"name":"Testimonials Slider","item":"https:\/\/elfsight.com\/pt\/testimonials-slider-widget\/"},{"@type":"ListItem","position":3,"name":"Testimonials Slider &#8211; Blogger"}]},{"@type":"WebSite","@id":"https:\/\/elfsight.com\/pt\/#website","url":"https:\/\/elfsight.com\/pt\/","name":"Elfsight PT","description":"Just another Elfsight Sites site","potentialAction":[{"@type":"SearchAction","target":{"@type":"EntryPoint","urlTemplate":"https:\/\/elfsight.com\/pt\/?s={search_term_string}"},"query-input":{"@type":"PropertyValueSpecification","valueRequired":true,"valueName":"search_term_string"}}],"inLanguage":"pt-PT"}]}},"meta_box":{"industry":"","seo_heading":"","heading":"","description":"","cta_heading":"","cta_description":"","application":"947","h1":"Widget deslizante de depoimentos para Blogger","h1_caption":"Aumente a confian\u00e7a no seu site e aumente a reputa\u00e7\u00e3o do seu neg\u00f3cio.","application_category":[],"applications_title":"","applications_request_title":"","applications_request_button_text":"","hero_text":"","hero_video":"","hero_video_schema_markup":"","selling_points_title":"","selling_points_caption":"","selling_points":[],"selling_points_cta_text":"","features_title":"","features":"","ed_cta_examples_text":"","ed_cta_examples_hidden":"","ed_cta_demo_text":"","ed_cta_demo_hidden":"","why_caption":"","why_editor_title":"","why_editor_text":"","why_team_title":"","why_team_text":"","why_service_title":"","why_service_text":"","template_catalog_visible":"","template_catalog_title":"","template_catalog_text":"","template_catalog_categories_visible":"","demo_title":"Crie seu widget deslizante de depoimentos","demo_caption":"Configure seu controle deslizante de depoimentos e adicione-o ao site do Blogger gratuitamente!","default_faq_hidden":"","app_template_category":[],"platform":"46","template_public_id":"","codecanyon_url":"","codecanyon_item_id":"","codecanyon_price":"","pricing_caption":"","pricing_elfsight_apps_hide_column":"","pricing_elfsight_apps_url":"","pricing_codecanyon_price_caption":"","integration_category":[],"integration_request_title":"","integration_request_cta":"","integration_platform":"","integrations":[],"platform_category":[],"video_schema_markup":"","price":"a partir de US$ 0\/m\u00eas","trial":"","benefits":[{"text":"Ajuda de instala\u00e7\u00e3o gratuita"},{"text":"Suporte ao cliente experiente"},{"text":"Garantia de devolu\u00e7\u00e3o do dinheiro em 14 dias"},{"text":"Desenvolvimento cont\u00ednuo"}],"button_url":"#demo","button_target_blank":"0","button_nofollow":"0","attributes":[{"name":"Instala\u00e7\u00f5es","content":"10,000 - 100,000","_state":"expanded"},{"name":"Responsivo","content":"Sim","_state":"expanded"},{"name":"Navegadores compat\u00edveis","content":"Firefox, Safari, Opera, Chrome, Edge"}],"tags":[],"tags_disable_links":"0","hide_more_platforms":"","video_object":"","demo_hide_cta":"0","demo_hide_cloud_options":"0","pricing_title":"","pricing":[{"pricing_icon":"platform","pricing_title":"Blogger widget","pricing_title_caption":"Vers\u00e3o multiplataforma que funciona em qualquer site","pricing_price":"a partir de US$ 0\/m\u00eas","pricing_price_caption":"comece com plano gratuito","pricing_benefits":[{"text":"Dom\u00ednios ilimitados"},{"text":"Suporte dedicado e pontual"},{"text":"Suporte dedicado e pontual"},{"text":"Totalmente personaliz\u00e1vel"}],"pricing_button_text":"Adicionar ao site","pricing_button_url":"#demo","_state":"expanded"}],"related_apps_title":"","related_apps_hidden":"1","author":"","image":[],"title":"","job":"","social_networks":[]},"_links":{"self":[{"href":"https:\/\/elfsight.com\/pt\/wp-json\/wp\/v2\/pages\/4581","targetHints":{"allow":["GET"]}}],"collection":[{"href":"https:\/\/elfsight.com\/pt\/wp-json\/wp\/v2\/pages"}],"about":[{"href":"https:\/\/elfsight.com\/pt\/wp-json\/wp\/v2\/types\/page"}],"author":[{"embeddable":true,"href":"https:\/\/elfsight.com\/pt\/wp-json\/wp\/v2\/users\/9"}],"replies":[{"embeddable":true,"href":"https:\/\/elfsight.com\/pt\/wp-json\/wp\/v2\/comments?post=4581"}],"version-history":[{"count":2,"href":"https:\/\/elfsight.com\/pt\/wp-json\/wp\/v2\/pages\/4581\/revisions"}],"predecessor-version":[{"id":12297,"href":"https:\/\/elfsight.com\/pt\/wp-json\/wp\/v2\/pages\/4581\/revisions\/12297"}],"up":[{"embeddable":true,"href":"https:\/\/elfsight.com\/pt\/wp-json\/wp\/v2\/pages\/559"}],"wp:attachment":[{"href":"https:\/\/elfsight.com\/pt\/wp-json\/wp\/v2\/media?parent=4581"}],"curies":[{"name":"wp","href":"https:\/\/api.w.org\/{rel}","templated":true}]}}