{"id":4577,"date":"1970-01-01T00:00:00","date_gmt":"1970-01-01T00:00:00","guid":{"rendered":"https:\/\/elfsight.com\/pt\/?page_id=4577"},"modified":"2024-11-13T11:20:40","modified_gmt":"2024-11-13T11:20:40","slug":"bigcommerce","status":"publish","type":"page","link":"https:\/\/elfsight.com\/pt\/social-feed-widget\/bigcommerce\/","title":{"rendered":"Social Feed &#8211; BigCommerce"},"content":{"rendered":"<div class=\"application-platform-content-item-description application-platform-content-item\" id=\"description\" data-nav-section=\"description\"> <h2>Descri\u00e7\u00e3o<\/h2> <p>Elfsight Social Feed for BigCommerce \u00e9 um aplicativo para comercializar n\u00e3o apenas produtos, mas tamb\u00e9m emo\u00e7\u00f5es e experi\u00eancias. Com ele voc\u00ea pode formar um feed personalizado com conte\u00fado de diversas redes: Instagram, Pinterest, Facebook, Twitter, Tumblr, YouTube, Vimeo &#8211; e coloc\u00e1-lo diretamente no seu site. Crie uma galeria ou cat\u00e1logo de produtos no 1-2-3! Exer\u00e7a controle total sobre um conte\u00fado demonstrado com v\u00e1rias op\u00e7\u00f5es de filtragem e livre-se de spam e qualquer conte\u00fado indesejado aplicando modera\u00e7\u00e3o manual. O editor online totalmente responsivo oferece v\u00e1rios modelos para voc\u00ea escolher. <\/p> <p><b>Torne seu site mais eficaz para metas de com\u00e9rcio eletr\u00f4nico com o Social Wall<\/b><\/p> <\/div> <div class=\"application-platform-content-item-features application-platform-content-item\" id=\"features\" data-nav-section=\"features\"> <h2>Essas s\u00e3o apenas algumas das recursos avan\u00e7ados de widget: <\/h2> <ul><li>Exiba seu conte\u00fado de m\u00eddia social em diversas m\u00eddias sociais. <\/li><li>Remova qualquer spam e conte\u00fado indesejado aplicando o modo de modera\u00e7\u00e3o manual. <\/li><li>Defina o bot\u00e3o Seguir nas postagens do widget. <\/li><li>Deixe suas postagens aparecerem em modo pop-up. <\/li><\/ul><p><a href=\"#demo\">Examine todas as configura\u00e7\u00f5es na demonstra\u00e7\u00e3o 100% funcional<\/a><\/p> <\/div> <div class=\"application-platform-content-item-installation application-platform-content-item\" id=\"installation\" data-nav-section=\"installation\"> <h2>Como adiciono o aplicativo Social Media Feed ao meu site BigCommerce? <\/h2> <p>Basta seguir as instru\u00e7\u00f5es abaixo para come\u00e7ar a trabalhar com o widget. <\/p> <ol><li><b>Inicie nosso editor gratuito e comece a criar seu aplicativo personalizado. <\/b><br> Determine o design e os recursos adequados da ferramenta e aplique as corre\u00e7\u00f5es. <\/li> <li><b>Adquira o c\u00f3digo exclusivo mostrado na caixa dos aplicativos da Elfsight. <\/b><br> Assim que terminar o estabelecimento do seu widget pessoal, copie o c\u00f3digo exclusivo na caixa que aparece e guarde-o para futuras ocasi\u00f5es. <\/li> <li><b>Iniciar a utiliza\u00e7\u00e3o do aplicativo Social Wall no site BigCommerce. <\/b><br> Adicione o c\u00f3digo copiado anteriormente em sua p\u00e1gina inicial e salve as edi\u00e7\u00f5es. <\/li> <li><b>A configura\u00e7\u00e3o foi totalmente conclu\u00edda. <\/b><br> Acesse seu site para ver como o aplicativo funciona. <\/li><\/ol> <p>Supondo que voc\u00ea tenha algum problema, sinta-se \u00e0 vontade para escrever para nossa equipe de atendimento ao cliente. Nossos consultores est\u00e3o ansiosos para ajud\u00e1-lo com todas as dificuldades que voc\u00ea possa ter com a ferramenta. <\/p> <\/div><div class=\"faq\" data-component=\"FAQ\"><div class=\"faq-item\">\r\n\t\t\t\t\t<div class=\"faq-item-question\">\r\n\t\t\t\t\t\t<h3 class=\"faq-item-question-text\">Existe uma op\u00e7\u00e3o para adicionar Social Feed ao meu site BigCommerce sem codifica\u00e7\u00e3o?<\/h3>\r\n\r\n\t\t\t\t\t\t<div class=\"faq-item-question-icon\"><\/div>\r\n\t\t\t\t\t<\/div>\r\n\r\n\t\t\t\t\t<div class=\"faq-item-answer\">\r\n\t\t\t\t\t\t<div class=\"faq-item-answer-text\"><p>A empresa Elfsight oferece uma solu\u00e7\u00e3o em nuvem que permite aos usu\u00e1rios gerar voc\u00ea mesmo um widget de feed social, veja como \u00e9 descomplicado: <\/p><ul><li>Comece a trabalhar diretamente no editor ao vivo para formar um widget de feed social que voc\u00ea gostaria de incluir na p\u00e1gina inicial do BigCommerce .<\/li><li>Selecione um dos modelos prontos e altere as configura\u00e7\u00f5es do Social Feed, inclua seu conte\u00fado, transforme o layout e as cores sem codifica\u00e7\u00e3o.<\/li><li>Clique para salvar o Social Feed e copiar c\u00f3digo do widget para instala\u00e7\u00e3o, que pode ser facilmente incorporado no site BigCommerce gratuitamente.<\/li><\/ul><p>Com a ajuda de nosso editor simples, cada usu\u00e1rio da Internet pode criar um aplicativo Social Feed on-line e inclu\u00ed-lo facilmente na web do BigCommerce p\u00e1gina. Voc\u00ea n\u00e3o deve pagar ou divulgar os dados do seu cart\u00e3o para entrar no Elfsight Editor. Se voc\u00ea tiver qualquer tipo de problema, entre em contato com nossa equipe de suporte.<\/p><\/div>\r\n\t\t\t\t\t<\/div>\r\n\t\t\t\t<\/div><\/div>","protected":false},"excerpt":{"rendered":"","protected":false},"author":9,"featured_media":0,"parent":462,"menu_order":0,"comment_status":"closed","ping_status":"closed","template":"templates\/template-application-platform.php","meta":{"publish_to_discourse":"","publish_post_category":"","wpdc_auto_publish_overridden":"","wpdc_topic_tags":"","wpdc_pin_topic":"","wpdc_pin_until":"","discourse_post_id":"","discourse_permalink":"","wpdc_publishing_response":"","wpdc_publishing_error":"","footnotes":""},"class_list":["post-4577","page","type-page","status-publish","hentry"],"yoast_head":"<!-- This site is optimized with the Yoast SEO plugin v25.3.1 - https:\/\/yoast.com\/wordpress\/plugins\/seo\/ -->\n<title>Adicionar widget Social Wall ao site BigCommerce (r\u00e1pido e gratuito)<\/title>\n<meta name=\"description\" content=\"Integre um aplicativo BigCommerce Social Feed compat\u00edvel com dispositivos m\u00f3veis em seu site BigCommerce. Experimente a demonstra\u00e7\u00e3o pr\u00e1tica da Elfsight e gere seu incr\u00edvel widget de Social Wall.\" \/>\n<meta name=\"robots\" content=\"index, follow, max-snippet:-1, max-image-preview:large, max-video-preview:-1\" \/>\n<link rel=\"canonical\" href=\"https:\/\/elfsight.com\/pt\/social-feed-widget\/bigcommerce\/\" \/>\n<meta property=\"og:locale\" content=\"pt_PT\" \/>\n<meta property=\"og:type\" content=\"article\" \/>\n<meta property=\"og:title\" content=\"Adicionar widget Social Wall ao site BigCommerce (r\u00e1pido e gratuito)\" \/>\n<meta property=\"og:description\" content=\"Integre um aplicativo BigCommerce Social Feed compat\u00edvel com dispositivos m\u00f3veis em seu site BigCommerce. Experimente a demonstra\u00e7\u00e3o pr\u00e1tica da Elfsight e gere seu incr\u00edvel widget de Social Wall.\" \/>\n<meta property=\"og:url\" content=\"https:\/\/elfsight.com\/pt\/social-feed-widget\/bigcommerce\/\" \/>\n<meta property=\"og:site_name\" content=\"Elfsight PT\" \/>\n<meta property=\"article:modified_time\" content=\"2024-11-13T11:20:40+00:00\" \/>\n<meta name=\"twitter:card\" content=\"summary_large_image\" \/>\n<meta name=\"twitter:label1\" content=\"Tempo estimado de leitura\" \/>\n\t<meta name=\"twitter:data1\" content=\"2 minutos\" \/>\n<!-- \/ Yoast SEO plugin. -->","yoast_head_json":{"title":"Adicionar widget Social Wall ao site BigCommerce (r\u00e1pido e gratuito)","description":"Integre um aplicativo BigCommerce Social Feed compat\u00edvel com dispositivos m\u00f3veis em seu site BigCommerce. Experimente a demonstra\u00e7\u00e3o pr\u00e1tica da Elfsight e gere seu incr\u00edvel widget de Social Wall.","robots":{"index":"index","follow":"follow","max-snippet":"max-snippet:-1","max-image-preview":"max-image-preview:large","max-video-preview":"max-video-preview:-1"},"canonical":"https:\/\/elfsight.com\/pt\/social-feed-widget\/bigcommerce\/","og_locale":"pt_PT","og_type":"article","og_title":"Adicionar widget Social Wall ao site BigCommerce (r\u00e1pido e gratuito)","og_description":"Integre um aplicativo BigCommerce Social Feed compat\u00edvel com dispositivos m\u00f3veis em seu site BigCommerce. Experimente a demonstra\u00e7\u00e3o pr\u00e1tica da Elfsight e gere seu incr\u00edvel widget de Social Wall.","og_url":"https:\/\/elfsight.com\/pt\/social-feed-widget\/bigcommerce\/","og_site_name":"Elfsight PT","article_modified_time":"2024-11-13T11:20:40+00:00","twitter_card":"summary_large_image","twitter_misc":{"Tempo estimado de leitura":"2 minutos"},"schema":{"@context":"https:\/\/schema.org","@graph":[{"@type":"WebPage","@id":"https:\/\/elfsight.com\/pt\/social-feed-widget\/bigcommerce\/","url":"https:\/\/elfsight.com\/pt\/social-feed-widget\/bigcommerce\/","name":"Adicionar widget Social Wall ao site BigCommerce (r\u00e1pido e gratuito)","isPartOf":{"@id":"https:\/\/elfsight.com\/pt\/#website"},"datePublished":"1970-01-01T00:00:00+00:00","dateModified":"2024-11-13T11:20:40+00:00","description":"Integre um aplicativo BigCommerce Social Feed compat\u00edvel com dispositivos m\u00f3veis em seu site BigCommerce. Experimente a demonstra\u00e7\u00e3o pr\u00e1tica da Elfsight e gere seu incr\u00edvel widget de Social Wall.","breadcrumb":{"@id":"https:\/\/elfsight.com\/pt\/social-feed-widget\/bigcommerce\/#breadcrumb"},"inLanguage":"pt-PT","potentialAction":[{"@type":"ReadAction","target":["https:\/\/elfsight.com\/pt\/social-feed-widget\/bigcommerce\/"]}]},{"@type":"BreadcrumbList","@id":"https:\/\/elfsight.com\/pt\/social-feed-widget\/bigcommerce\/#breadcrumb","itemListElement":[{"@type":"ListItem","position":1,"name":"Home","item":"https:\/\/elfsight.com\/pt\/"},{"@type":"ListItem","position":2,"name":"Social Feed","item":"https:\/\/elfsight.com\/pt\/social-feed-widget\/"},{"@type":"ListItem","position":3,"name":"Social Feed &#8211; BigCommerce"}]},{"@type":"WebSite","@id":"https:\/\/elfsight.com\/pt\/#website","url":"https:\/\/elfsight.com\/pt\/","name":"Elfsight PT","description":"Just another Elfsight Sites site","potentialAction":[{"@type":"SearchAction","target":{"@type":"EntryPoint","urlTemplate":"https:\/\/elfsight.com\/pt\/?s={search_term_string}"},"query-input":{"@type":"PropertyValueSpecification","valueRequired":true,"valueName":"search_term_string"}}],"inLanguage":"pt-PT"}]}},"meta_box":{"industry":"","seo_heading":"","heading":"","description":"","cta_heading":"","cta_description":"","application":"461","h1":"Aplicativo BigCommerce de feed de m\u00eddia social","h1_caption":"Revele seu conte\u00fado de m\u00faltiplas redes sociais","application_category":[],"applications_title":"","applications_request_title":"","applications_request_button_text":"","hero_text":"","hero_video":"","hero_video_schema_markup":"","selling_points_title":"","selling_points_caption":"","selling_points":[],"selling_points_cta_text":"","features_title":"","features":"","ed_cta_examples_text":"","ed_cta_examples_hidden":"","ed_cta_demo_text":"","ed_cta_demo_hidden":"","why_caption":"","why_editor_title":"","why_editor_text":"","why_team_title":"","why_team_text":"","why_service_title":"","why_service_text":"","template_catalog_visible":"","template_catalog_title":"","template_catalog_text":"","template_catalog_categories_visible":"","demo_title":"Crie seu aplicativo de feed social","demo_caption":"Configure seu feed social e adicione-o ao seu site BigCommerce gratuitamente!","default_faq_hidden":"","app_template_category":[],"platform":"43","template_public_id":"","codecanyon_url":"","codecanyon_item_id":"","codecanyon_price":"","pricing_caption":"","pricing_elfsight_apps_hide_column":"","pricing_elfsight_apps_url":"","pricing_codecanyon_price_caption":"","integration_category":[],"integration_request_title":"","integration_request_cta":"","integration_platform":"","integrations":[],"platform_category":[],"video_schema_markup":"","price":"a partir de US$ 0\/m\u00eas","trial":"","benefits":[{"text":"Assist\u00eancia de instala\u00e7\u00e3o gratuita"},{"text":"Suporte ao cliente experiente"},{"text":"Garantia de reembolso de 14 dias"},{"text":"Melhorias gratuitas vital\u00edcias"}],"button_url":"#demo","button_target_blank":"0","button_nofollow":"0","attributes":[{"name":"Instala\u00e7\u00f5es","content":"100,000 - 500,000","_state":"expanded"},{"name":"Responsivo","content":"Sim","_state":"expanded"},{"name":"Navegadores compat\u00edveis","content":"Firefox, Safari, Opera, Edge"}],"tags":[],"tags_disable_links":"0","hide_more_platforms":"","video_object":"","demo_hide_cta":"0","demo_hide_cloud_options":"0","pricing_title":"","pricing":[{"pricing_icon":"platform","pricing_title":"Elfsight Apps","pricing_title_caption":"Vers\u00e3o multiplataforma adequada para qualquer site","pricing_price":"a partir de US$ 0\/m\u00eas","pricing_price_caption":"comece com um plano gratuito","pricing_benefits":[{"text":"Sites ilimitados"},{"text":"Suporte ao cliente premium"},{"text":"Suporte ao cliente premium"},{"text":"Pre\u00e7o a ser pago para v\u00e1rios aplicativos"}],"pricing_button_text":"Adicionar ao site","pricing_button_url":"#demo","_state":"expanded"}],"related_apps_title":"","related_apps_hidden":"1","author":"","image":[],"title":"","job":"","social_networks":[]},"_links":{"self":[{"href":"https:\/\/elfsight.com\/pt\/wp-json\/wp\/v2\/pages\/4577","targetHints":{"allow":["GET"]}}],"collection":[{"href":"https:\/\/elfsight.com\/pt\/wp-json\/wp\/v2\/pages"}],"about":[{"href":"https:\/\/elfsight.com\/pt\/wp-json\/wp\/v2\/types\/page"}],"author":[{"embeddable":true,"href":"https:\/\/elfsight.com\/pt\/wp-json\/wp\/v2\/users\/9"}],"replies":[{"embeddable":true,"href":"https:\/\/elfsight.com\/pt\/wp-json\/wp\/v2\/comments?post=4577"}],"version-history":[{"count":2,"href":"https:\/\/elfsight.com\/pt\/wp-json\/wp\/v2\/pages\/4577\/revisions"}],"predecessor-version":[{"id":12221,"href":"https:\/\/elfsight.com\/pt\/wp-json\/wp\/v2\/pages\/4577\/revisions\/12221"}],"up":[{"embeddable":true,"href":"https:\/\/elfsight.com\/pt\/wp-json\/wp\/v2\/pages\/462"}],"wp:attachment":[{"href":"https:\/\/elfsight.com\/pt\/wp-json\/wp\/v2\/media?parent=4577"}],"curies":[{"name":"wp","href":"https:\/\/api.w.org\/{rel}","templated":true}]}}