{"id":4573,"date":"1970-01-01T00:00:00","date_gmt":"1970-01-01T00:00:00","guid":{"rendered":"https:\/\/elfsight.com\/pt\/?page_id=4573"},"modified":"2024-11-13T12:18:13","modified_gmt":"2024-11-13T12:18:13","slug":"bigcommerce","status":"publish","type":"page","link":"https:\/\/elfsight.com\/pt\/testimonials-slider-widget\/bigcommerce\/","title":{"rendered":"Testimonials Slider &#8211; BigCommerce"},"content":{"rendered":"<div class=\"application-platform-content-item-description application-platform-content-item\" id=\"description\" data-nav-section=\"description\"><h2>Descri\u00e7\u00e3o<\/h2><p>Controle deslizante de depoimentos \u2013 um aplicativo simples para adicionar depoimentos de seus clientes em seu pr\u00f3prio site. Voc\u00ea pode adicionar diferentes tipos de prova social para tornar as avalia\u00e7\u00f5es confi\u00e1veis: nome do autor, foto, logotipo da empresa e at\u00e9 mesmo uma URL para o site.<\/p><p><b>Aumente a confian\u00e7a em seu servi\u00e7o demonstrando aos usu\u00e1rios sua clientela satisfeita.<\/b><\/p><ul><li><b>Prova social poderosa<\/b>.<br>Um link de depoimento para o Twitter, Google ou blog do autor \u00e9 uma mensagem importante para visitantes, o que aumentar\u00e1 a credibilidade e demonstrar\u00e1 que seu neg\u00f3cio \u00e9 real.<\/li><li><b>Nivele a convers\u00e3o em at\u00e9 200%<\/b>.<br>Fa\u00e7a de seus coment\u00e1rios o argumento principal na intera\u00e7\u00e3o com o cliente, mostrando-os corretos no local onde os visitantes tomam decis\u00f5es sobre comprar ou iniciar uma assinatura.<\/li><li><b>Fideliza\u00e7\u00e3o de seus clientes<\/b>.<br>Um cliente fez uma boa avalia\u00e7\u00e3o sobre sua empresa? Aproveite ao m\u00e1ximo e demonstre sua gratid\u00e3o, colocando o depoimento na p\u00e1gina do site.<\/li><\/ul><\/div><div class=\"application-platform-content-item-features application-platform-content-item\" id=\"features\" data-nav-section=\"features\"><h2>Recursos<\/h2><p>O caracter\u00edsticas proeminentes de nosso aplicativo, que o transformar\u00e3o em um aplicativo \u00fatil para qualquer site BigCommerce.<\/p><ul><li>Mostrar informa\u00e7\u00f5es do autor para credibilidade: nome e foto;<\/li><li>Para adicionar confian\u00e7a, mostrar o logotipo da empresa do autor;<\/li><li>Setas deslizantes e op\u00e7\u00f5es de pagina\u00e7\u00e3o;<\/li><li>Responsivo e adequado para qualquer design.<\/li><\/ul><p><a href=\"#demo\">Experimente esses recursos na demonstra\u00e7\u00e3o ao vivo<\/a><\/p><\/div><div class=\"application-platform-content-item-installation application-platform-content-item\" id=\"installation\" data-nav-section=\"installation\"><h2>Como adicionar depoimentos ao site BigCommerce<\/h2><div class=\" video-container\"><iframe width=\"720\" height=\"405\" src=\"https:\/\/www.youtube.com\/embed\/2yzmzOguRmY\" frameborder=\"0\" allowfullscreen=\"\"><\/iframe><\/div><p>Basta seguir as orienta\u00e7\u00f5es abaixo para inserir o aplicativo no BigCommerce.<\/p> <ol><li><b>Inicie nosso configurador gratuito e comece a moldar seu widget personalizado. <\/b><br> Encontre o layout e os aspectos preferidos do aplicativo e salve as edi\u00e7\u00f5es. <\/li> <li><b>Obtenha o c\u00f3digo pessoal que aparece no formul\u00e1rio especial nas aplica\u00e7\u00f5es Elfsight. <\/b><br> Logo ap\u00f3s a conclus\u00e3o da gera\u00e7\u00e3o do seu widget, copie o c\u00f3digo pessoal na janela que aparece e salve-o para uso posterior. <\/li> <li><b>Entre usando o controle deslizante de depoimentos em seu site BigCommerce. <\/b><br> Cole o c\u00f3digo que voc\u00ea copiou recentemente em seu site e salve as corre\u00e7\u00f5es. <\/li> <li><b>Conclu\u00eddo! A incorpora\u00e7\u00e3o \u00e9 totalmente executada. <\/b><br> Acesse seu site para inspecionar como o plugin est\u00e1 funcionando. <\/li><\/ol><p>Ocorreu algum problema ao inserir ou configurar o aplicativo? Verifique o guia detalhado sobre <a href=\"https:\/\/elfsight.com\/tutorials\/how-to-add-testimonials-slider-widget-to-bigcommerce\/\" target=\"_blank\" rel=\"noopener noreferrer\">instala\u00e7\u00e3o Controle deslizante de depoimentos no site BigCommerce<\/a> ou deixe uma pergunta no Centro de suporte.<\/p><div class=\"faq\" data-component=\"FAQ\"> <div class=\"faq-item\">\r\n\t\t\t\t\t<div class=\"faq-item-question\">\r\n\t\t\t\t\t\t<h3 class=\"faq-item-question-text\">Como posso adicionar o controle deslizante de depoimentos ao meu site BigCommerce sem habilidades de codifica\u00e7\u00e3o?<\/h3>\r\n\r\n\t\t\t\t\t\t<div class=\"faq-item-question-icon\"><\/div>\r\n\t\t\t\t\t<\/div>\r\n\r\n\t\t\t\t\t<div class=\"faq-item-answer\">\r\n\t\t\t\t\t\t<div class=\"faq-item-answer-text\"> <p>A Elfsight fornece uma solu\u00e7\u00e3o SaaS que permite que voc\u00ea mesmo crie um widget Testimonials Slider, veja como o processo \u00e9 f\u00e1cil: Trabalhe diretamente no Editor online para criar um widget Testimonials Slider que voc\u00ea gostaria de ver em seu site BigCommerce. Escolha um dos modelos predefinidos e ajuste as configura\u00e7\u00f5es do controle deslizante de depoimentos, adicione seu conte\u00fado, altere o layout e as cores sem nenhuma habilidade de codifica\u00e7\u00e3o. Salve o controle deslizante de depoimentos e copie seu c\u00f3digo de instala\u00e7\u00e3o, que voc\u00ea pode incorporar facilmente em seu site BigCommerce sem comprar um plano pago. Com nosso editor intuitivo, qualquer usu\u00e1rio da Internet pode criar um widget Testimonials Slider online e incorpor\u00e1-lo facilmente em seu site BigCommerce. N\u00e3o h\u00e1 necessidade de pagar ou inserir as credenciais do seu cart\u00e3o para acessar o servi\u00e7o. Se voc\u00ea enfrentar qualquer problema em qualquer etapa, n\u00e3o hesite em entrar em contato com nossa equipe de suporte t\u00e9cnico.<\/p> <\/div>\r\n\t\t\t\t\t<\/div>\r\n\t\t\t\t<\/div> <\/div> <\/div>","protected":false},"excerpt":{"rendered":"","protected":false},"author":9,"featured_media":0,"parent":559,"menu_order":0,"comment_status":"closed","ping_status":"closed","template":"templates\/template-application-platform.php","meta":{"publish_to_discourse":"","publish_post_category":"","wpdc_auto_publish_overridden":"","wpdc_topic_tags":"","wpdc_pin_topic":"","wpdc_pin_until":"","discourse_post_id":"","discourse_permalink":"","wpdc_publishing_response":"","wpdc_publishing_error":"","footnotes":""},"class_list":["post-4573","page","type-page","status-publish","hentry"],"yoast_head":"<!-- This site is optimized with the Yoast SEO plugin v25.3.1 - https:\/\/yoast.com\/wordpress\/plugins\/seo\/ -->\n<title>Controle deslizante de depoimentos \u2013 Adicionar aplicativo de depoimentos ao site BigCommerce<\/title>\n<meta name=\"description\" content=\"Experimente gratuitamente o melhor aplicativo Testimonials Slider para BigCommerce. Uma instala\u00e7\u00e3o simples e r\u00e1pida sem experi\u00eancia em desenvolvimento web em apenas 3 minutos.\" \/>\n<meta name=\"robots\" content=\"index, follow, max-snippet:-1, max-image-preview:large, max-video-preview:-1\" \/>\n<link rel=\"canonical\" href=\"https:\/\/elfsight.com\/pt\/testimonials-slider-widget\/bigcommerce\/\" \/>\n<meta property=\"og:locale\" content=\"pt_PT\" \/>\n<meta property=\"og:type\" content=\"article\" \/>\n<meta property=\"og:title\" content=\"Controle deslizante de depoimentos \u2013 Adicionar aplicativo de depoimentos ao site BigCommerce\" \/>\n<meta property=\"og:description\" content=\"Experimente gratuitamente o melhor aplicativo Testimonials Slider para BigCommerce. Uma instala\u00e7\u00e3o simples e r\u00e1pida sem experi\u00eancia em desenvolvimento web em apenas 3 minutos.\" \/>\n<meta property=\"og:url\" content=\"https:\/\/elfsight.com\/pt\/testimonials-slider-widget\/bigcommerce\/\" \/>\n<meta property=\"og:site_name\" content=\"Elfsight PT\" \/>\n<meta property=\"article:modified_time\" content=\"2024-11-13T12:18:13+00:00\" \/>\n<meta name=\"twitter:card\" content=\"summary_large_image\" \/>\n<meta name=\"twitter:label1\" content=\"Tempo estimado de leitura\" \/>\n\t<meta name=\"twitter:data1\" content=\"2 minutos\" \/>\n<!-- \/ Yoast SEO plugin. -->","yoast_head_json":{"title":"Controle deslizante de depoimentos \u2013 Adicionar aplicativo de depoimentos ao site BigCommerce","description":"Experimente gratuitamente o melhor aplicativo Testimonials Slider para BigCommerce. Uma instala\u00e7\u00e3o simples e r\u00e1pida sem experi\u00eancia em desenvolvimento web em apenas 3 minutos.","robots":{"index":"index","follow":"follow","max-snippet":"max-snippet:-1","max-image-preview":"max-image-preview:large","max-video-preview":"max-video-preview:-1"},"canonical":"https:\/\/elfsight.com\/pt\/testimonials-slider-widget\/bigcommerce\/","og_locale":"pt_PT","og_type":"article","og_title":"Controle deslizante de depoimentos \u2013 Adicionar aplicativo de depoimentos ao site BigCommerce","og_description":"Experimente gratuitamente o melhor aplicativo Testimonials Slider para BigCommerce. Uma instala\u00e7\u00e3o simples e r\u00e1pida sem experi\u00eancia em desenvolvimento web em apenas 3 minutos.","og_url":"https:\/\/elfsight.com\/pt\/testimonials-slider-widget\/bigcommerce\/","og_site_name":"Elfsight PT","article_modified_time":"2024-11-13T12:18:13+00:00","twitter_card":"summary_large_image","twitter_misc":{"Tempo estimado de leitura":"2 minutos"},"schema":{"@context":"https:\/\/schema.org","@graph":[{"@type":"WebPage","@id":"https:\/\/elfsight.com\/pt\/testimonials-slider-widget\/bigcommerce\/","url":"https:\/\/elfsight.com\/pt\/testimonials-slider-widget\/bigcommerce\/","name":"Controle deslizante de depoimentos \u2013 Adicionar aplicativo de depoimentos ao site BigCommerce","isPartOf":{"@id":"https:\/\/elfsight.com\/pt\/#website"},"datePublished":"1970-01-01T00:00:00+00:00","dateModified":"2024-11-13T12:18:13+00:00","description":"Experimente gratuitamente o melhor aplicativo Testimonials Slider para BigCommerce. Uma instala\u00e7\u00e3o simples e r\u00e1pida sem experi\u00eancia em desenvolvimento web em apenas 3 minutos.","breadcrumb":{"@id":"https:\/\/elfsight.com\/pt\/testimonials-slider-widget\/bigcommerce\/#breadcrumb"},"inLanguage":"pt-PT","potentialAction":[{"@type":"ReadAction","target":["https:\/\/elfsight.com\/pt\/testimonials-slider-widget\/bigcommerce\/"]}]},{"@type":"BreadcrumbList","@id":"https:\/\/elfsight.com\/pt\/testimonials-slider-widget\/bigcommerce\/#breadcrumb","itemListElement":[{"@type":"ListItem","position":1,"name":"Home","item":"https:\/\/elfsight.com\/pt\/"},{"@type":"ListItem","position":2,"name":"Testimonials Slider","item":"https:\/\/elfsight.com\/pt\/testimonials-slider-widget\/"},{"@type":"ListItem","position":3,"name":"Testimonials Slider &#8211; BigCommerce"}]},{"@type":"WebSite","@id":"https:\/\/elfsight.com\/pt\/#website","url":"https:\/\/elfsight.com\/pt\/","name":"Elfsight PT","description":"Just another Elfsight Sites site","potentialAction":[{"@type":"SearchAction","target":{"@type":"EntryPoint","urlTemplate":"https:\/\/elfsight.com\/pt\/?s={search_term_string}"},"query-input":{"@type":"PropertyValueSpecification","valueRequired":true,"valueName":"search_term_string"}}],"inLanguage":"pt-PT"}]}},"meta_box":{"industry":"","seo_heading":"","heading":"","description":"","cta_heading":"","cta_description":"","application":"947","h1":"Aplicativo Slider de depoimentos para BigCommerce","h1_caption":"Uma ferramenta simples para adicionar coment\u00e1rios de seus clientes no site","application_category":[],"applications_title":"","applications_request_title":"","applications_request_button_text":"","hero_text":"","hero_video":"","hero_video_schema_markup":"","selling_points_title":"","selling_points_caption":"","selling_points":[],"selling_points_cta_text":"","features_title":"","features":"","ed_cta_examples_text":"","ed_cta_examples_hidden":"","ed_cta_demo_text":"","ed_cta_demo_hidden":"","why_caption":"","why_editor_title":"","why_editor_text":"","why_team_title":"","why_team_text":"","why_service_title":"","why_service_text":"","template_catalog_visible":"","template_catalog_title":"","template_catalog_text":"","template_catalog_categories_visible":"","demo_title":"Crie seu aplicativo Slider de Depoimentos","demo_caption":"Configure seu controle deslizante de depoimentos e adicione-o ao seu site BigCommerce gratuitamente!","default_faq_hidden":"","app_template_category":[],"platform":"43","template_public_id":"","codecanyon_url":"","codecanyon_item_id":"","codecanyon_price":"","pricing_caption":"","pricing_elfsight_apps_hide_column":"","pricing_elfsight_apps_url":"","pricing_codecanyon_price_caption":"","integration_category":[],"integration_request_title":"","integration_request_cta":"","integration_platform":"","integrations":[],"platform_category":[],"video_schema_markup":"","price":"a partir de US$ 0\/m\u00eas","trial":"","benefits":[{"text":"Servi\u00e7o de instala\u00e7\u00e3o gratuito"},{"text":"Atendimento ao cliente competente"},{"text":"Garantia de devolu\u00e7\u00e3o do dinheiro em 14 dias"},{"text":"Melhorias cont\u00ednuas"}],"button_url":"#demo","button_target_blank":"0","button_nofollow":"0","attributes":[{"name":"Instala\u00e7\u00f5es","content":"10,000 - 100,000","_state":"expanded"},{"name":"Responsivo","content":"Sim","_state":"expanded"},{"name":"Navegadores compat\u00edveis","content":"Firefox, Safari, Opera, Chrome, Edge"}],"tags":[],"tags_disable_links":"0","hide_more_platforms":"","video_object":"","demo_hide_cta":"0","demo_hide_cloud_options":"0","pricing_title":"","pricing":[{"pricing_icon":"platform","pricing_title":"Elfsight Apps","pricing_title_caption":"Software multiplataforma que funciona em qualquer site","pricing_price":"a partir de US$ 0\/m\u00eas","pricing_price_caption":"comece com um plano gratuito","pricing_benefits":[{"text":"Sites ilimitados"},{"text":"Suporte r\u00e1pido e bem documentado"},{"text":"Suporte r\u00e1pido e bem documentado"},{"text":"Design flex\u00edvel"}],"pricing_button_text":"Adicionar ao site","pricing_button_url":"#demo","_state":"expanded"}],"related_apps_title":"","related_apps_hidden":"1","author":"","image":[],"title":"","job":"","social_networks":[]},"_links":{"self":[{"href":"https:\/\/elfsight.com\/pt\/wp-json\/wp\/v2\/pages\/4573","targetHints":{"allow":["GET"]}}],"collection":[{"href":"https:\/\/elfsight.com\/pt\/wp-json\/wp\/v2\/pages"}],"about":[{"href":"https:\/\/elfsight.com\/pt\/wp-json\/wp\/v2\/types\/page"}],"author":[{"embeddable":true,"href":"https:\/\/elfsight.com\/pt\/wp-json\/wp\/v2\/users\/9"}],"replies":[{"embeddable":true,"href":"https:\/\/elfsight.com\/pt\/wp-json\/wp\/v2\/comments?post=4573"}],"version-history":[{"count":2,"href":"https:\/\/elfsight.com\/pt\/wp-json\/wp\/v2\/pages\/4573\/revisions"}],"predecessor-version":[{"id":12298,"href":"https:\/\/elfsight.com\/pt\/wp-json\/wp\/v2\/pages\/4573\/revisions\/12298"}],"up":[{"embeddable":true,"href":"https:\/\/elfsight.com\/pt\/wp-json\/wp\/v2\/pages\/559"}],"wp:attachment":[{"href":"https:\/\/elfsight.com\/pt\/wp-json\/wp\/v2\/media?parent=4573"}],"curies":[{"name":"wp","href":"https:\/\/api.w.org\/{rel}","templated":true}]}}