{"id":4555,"date":"1970-01-01T00:00:00","date_gmt":"1970-01-01T00:00:00","guid":{"rendered":"https:\/\/elfsight.com\/pt\/?page_id=4555"},"modified":"2025-03-07T08:03:27","modified_gmt":"2025-03-07T08:03:27","slug":"wordpress","status":"publish","type":"page","link":"https:\/\/elfsight.com\/pt\/slider-widget\/wordpress\/","title":{"rendered":"Slider &#8211; WordPress"},"content":{"rendered":"\n<div class=\"application-platform-content-item-description application-platform-content-item\" id=\"description\" data-nav-section=\"description\"><h2>Incorpore o Slider no WordPress com o widget Elfsight<\/h2> <p>Elfsight Photo &amp; Image Slider \u00e9 uma ferramenta simples e \u00e1gil que permite chamar a aten\u00e7\u00e3o dos visitantes do site, exibindo-lhes v\u00e1rias imagens, v\u00eddeos ou as melhores ofertas do seu site. Sinta-se \u00e0 vontade para usar qualquer quantidade de slides necess\u00e1ria para mostrar seus produtos e marcar ofertas interessantes. Adicione efeitos especiais e dimensione o tamanho da imagem\/v\u00eddeo da maneira que voc\u00ea precisa. Com a ajuda de nossa ferramenta voc\u00ea conseguir\u00e1 criar um controle deslizante bem marcado que chamar\u00e1 a aten\u00e7\u00e3o dos usu\u00e1rios e n\u00e3o os deixar\u00e1 sair do seu site com pressa.<\/p><p><b>Fa\u00e7a com que suas propostas pare\u00e7am tentadoras e cumpra seus objetivos de neg\u00f3cios com o plugin Slider!<\/b><\/p><p><b>Maior envolvimento do usu\u00e1rio<\/b><br>O widget Image Slider fornece efeitos visuais encantadores que tornar\u00e3o seu conte\u00fado imperd\u00edvel para usu\u00e1rios, motivando-os a interagir com ele e realizar as a\u00e7\u00f5es desejadas.<\/p><p><b>Revise a experi\u00eancia do usu\u00e1rio<\/b><br>Incorpore os recursos visuais mais envolventes em um local atraente para tornar a visita ao seu site tranquila e descomplicado, atraindo assim novos p\u00fablicos.<\/p><p><b>Aumente suas vendas<\/b><br>Concentre-se em seus planos, nos melhores trabalhos ou nos problemas em destaque usando um plug-in Slider que leva os usu\u00e1rios diretamente para o compra.<\/p><\/div><div class=\"faq\" data-component=\"FAQ\"><div class=\"faq-item\">\r\n\t\t\t\t\t<div class=\"faq-item-question\">\r\n\t\t\t\t\t\t<h3 class=\"faq-item-question-text\">Como posso incorporar um Slider ao meu site WordPress? <\/h3>\r\n\r\n\t\t\t\t\t\t<div class=\"faq-item-question-icon\"><\/div>\r\n\t\t\t\t\t<\/div>\r\n\r\n\t\t\t\t\t<div class=\"faq-item-answer\">\r\n\t\t\t\t\t\t<div class=\"faq-item-answer-text\"><p>A constru\u00e7\u00e3o do widget acontece dentro do site da Elfsight e n\u00e3o h\u00e1 necessidade de codifica\u00e7\u00e3o. Use a demonstra\u00e7\u00e3o online para criar sua pr\u00f3pria ferramenta, pegue o c\u00f3digo e cole em seu site. <\/p><\/div>\r\n\t\t\t\t\t<\/div>\r\n\t\t\t\t<\/div><div class=\"faq-item\">\r\n\t\t\t\t\t<div class=\"faq-item-question\">\r\n\t\t\t\t\t\t<h3 class=\"faq-item-question-text\">Os melhores exemplos de uso de integra\u00e7\u00e3o responsiva de controle deslizante de imagem<\/h3>\r\n\r\n\t\t\t\t\t\t<div class=\"faq-item-question-icon\"><\/div>\r\n\t\t\t\t\t<\/div>\r\n\r\n\t\t\t\t\t<div class=\"faq-item-answer\">\r\n\t\t\t\t\t\t<div class=\"faq-item-answer-text\"><p>Oferecemos uma s\u00e9rie de oportunidades de personaliza\u00e7\u00e3o: widgets completos para incorpora\u00e7\u00e3o na se\u00e7\u00e3o de conte\u00fado, widgets flutuantes com op\u00e7\u00f5es de rolagem, layouts de rodap\u00e9, cabe\u00e7alho e todos os tipos de op\u00e7\u00f5es verticais para barras laterais e menus. <\/p><\/div>\r\n\t\t\t\t\t<\/div>\r\n\t\t\t\t<\/div><div class=\"faq-item\">\r\n\t\t\t\t\t<div class=\"faq-item-question\">\r\n\t\t\t\t\t\t<h3 class=\"faq-item-question-text\">Existe a op\u00e7\u00e3o de criar um v\u00eddeo ou Slider de v\u00eddeo atrav\u00e9s da ag\u00eancia do editor? <\/h3>\r\n\r\n\t\t\t\t\t\t<div class=\"faq-item-question-icon\"><\/div>\r\n\t\t\t\t\t<\/div>\r\n\r\n\t\t\t\t\t<div class=\"faq-item-answer\">\r\n\t\t\t\t\t\t<div class=\"faq-item-answer-text\"><p>Voc\u00ea \u00e9 livre para criar qualquer altera\u00e7\u00e3o no widget. Existem v\u00e1rios layouts \u00e0 sua disposi\u00e7\u00e3o no editor, e todos eles podem ser facilmente customizados conforme sua necessidade. <\/p><\/div>\r\n\t\t\t\t\t<\/div>\r\n\t\t\t\t<\/div><\/div><div class=\"application-platform-content-item-features application-platform-content-item\" id=\"features\" data-nav-section=\"features\"><h2>Principais recursos do widget Slider<\/h2><p>Veja todos os recursos do produto. Eles est\u00e3o dispon\u00edveis diretamente no editor e ajudar\u00e3o voc\u00ea a definir o plug-in mais adequado para seu caso de uso.<\/p><ul><li>Use CTAs para orientar os visitantes do site em dire\u00e7\u00e3o ao seu objetivo.<\/li><li> Altere a dura\u00e7\u00e3o da troca de slides.<\/li><li>Escolha entre as op\u00e7\u00f5es de pagina\u00e7\u00e3o.<\/li><li>Coloque seu conte\u00fado em qualquer lugar da p\u00e1gina com a ajuda da posi\u00e7\u00e3o avan\u00e7ada.<\/li><li>Modifique cinco conte\u00fados fun\u00e7\u00f5es.<\/li><\/ul><p><a href=\"#demo\">Experimente todas as outras fun\u00e7\u00f5es na demonstra\u00e7\u00e3o<\/a><\/p><\/div><div class=\"application-platform-content-item-installation application-platform-content-item\" id=\"installation\" data-nav-section=\"installation\"><h2>Como adicionar o plugin Image Slider ao meu site WordPress? <\/h2><div class=\"video-container\"><iframe width=\"720\" height=\"405\" src=\"https:\/\/www.youtube.com\/embed\/t9CJZRbFXaA\" frameborder=\"0\" allowfullscreen=\"\"><\/iframe><\/div>Para incorporar o produto, basta seguir estas etapas r\u00e1pidas:<ol><li><b>Gerencie nosso editor gratuito e comece a criar seu plugin Slider responsivo personalizado. <\/b><br> Especifique a forma e funcionalidade preferidas do plugin e aplique todas as modifica\u00e7\u00f5es. <\/li> <li><b>Adquira o seu c\u00f3digo pessoal que aparece no formul\u00e1rio especial nas aplica\u00e7\u00f5es Elfsight. <\/b><br> Assim que a configura\u00e7\u00e3o do seu plugin pessoal for conclu\u00edda, copie o seu c\u00f3digo na janela exibida e salve-o para futuras ocasi\u00f5es. <\/li> <li><b>Comece a utilizar o plugin em seu site WordPress. <\/b><br> Insira o c\u00f3digo copiado recentemente em sua p\u00e1gina e aplique as modifica\u00e7\u00f5es. <\/li> <li><b>A instala\u00e7\u00e3o foi finalizada com sucesso. <\/b><br> Visite seu site para ver em a\u00e7\u00e3o como o plugin funciona. <\/li><\/ol><p>N\u00e3o hesite em contactar o suporte aos clientes da Elfsight caso necessite de assist\u00eancia ou tenha d\u00favidas. Nossos especialistas ter\u00e3o prazer em ajudar com todas as d\u00favidas.<\/p><\/div>\n","protected":false},"excerpt":{"rendered":"","protected":false},"author":9,"featured_media":0,"parent":948,"menu_order":0,"comment_status":"closed","ping_status":"closed","template":"templates\/template-application-platform.php","meta":{"publish_to_discourse":"","publish_post_category":"","wpdc_auto_publish_overridden":"","wpdc_topic_tags":"","wpdc_pin_topic":"","wpdc_pin_until":"","discourse_post_id":"","discourse_permalink":"","wpdc_publishing_response":"","wpdc_publishing_error":"","footnotes":""},"class_list":["post-4555","page","type-page","status-publish","hentry"],"yoast_head":"<!-- This site is optimized with the Yoast SEO plugin v25.3.1 - https:\/\/yoast.com\/wordpress\/plugins\/seo\/ -->\n<title>WordPress Slider \u2013 Adicionar plugin Image Slider ao site WordPress [2025]<\/title>\n<meta name=\"description\" content=\"Com a Elfsight, crie seu plugin Image Slider responsivo e adicione-o ao site WordPress. Oferecemos atendimento gratuito ao cliente e mais b\u00f4nus.\" \/>\n<meta name=\"robots\" content=\"index, follow, max-snippet:-1, max-image-preview:large, max-video-preview:-1\" \/>\n<link rel=\"canonical\" href=\"https:\/\/elfsight.com\/pt\/slider-widget\/wordpress\/\" \/>\n<meta property=\"og:locale\" content=\"pt_PT\" \/>\n<meta property=\"og:type\" content=\"article\" \/>\n<meta property=\"og:title\" content=\"WordPress Slider \u2013 Adicionar plugin Image Slider ao site WordPress [2025]\" \/>\n<meta property=\"og:description\" content=\"Com a Elfsight, crie seu plugin Image Slider responsivo e adicione-o ao site WordPress. Oferecemos atendimento gratuito ao cliente e mais b\u00f4nus.\" \/>\n<meta property=\"og:url\" content=\"https:\/\/elfsight.com\/pt\/slider-widget\/wordpress\/\" \/>\n<meta property=\"og:site_name\" content=\"Elfsight PT\" \/>\n<meta property=\"article:modified_time\" content=\"2025-03-07T08:03:27+00:00\" \/>\n<meta name=\"twitter:card\" content=\"summary_large_image\" \/>\n<meta name=\"twitter:label1\" content=\"Tempo estimado de leitura\" \/>\n\t<meta name=\"twitter:data1\" content=\"4 minutos\" \/>\n<!-- \/ Yoast SEO plugin. -->","yoast_head_json":{"title":"WordPress Slider \u2013 Adicionar plugin Image Slider ao site WordPress [2025]","description":"Com a Elfsight, crie seu plugin Image Slider responsivo e adicione-o ao site WordPress. Oferecemos atendimento gratuito ao cliente e mais b\u00f4nus.","robots":{"index":"index","follow":"follow","max-snippet":"max-snippet:-1","max-image-preview":"max-image-preview:large","max-video-preview":"max-video-preview:-1"},"canonical":"https:\/\/elfsight.com\/pt\/slider-widget\/wordpress\/","og_locale":"pt_PT","og_type":"article","og_title":"WordPress Slider \u2013 Adicionar plugin Image Slider ao site WordPress [2025]","og_description":"Com a Elfsight, crie seu plugin Image Slider responsivo e adicione-o ao site WordPress. Oferecemos atendimento gratuito ao cliente e mais b\u00f4nus.","og_url":"https:\/\/elfsight.com\/pt\/slider-widget\/wordpress\/","og_site_name":"Elfsight PT","article_modified_time":"2025-03-07T08:03:27+00:00","twitter_card":"summary_large_image","twitter_misc":{"Tempo estimado de leitura":"4 minutos"},"schema":{"@context":"https:\/\/schema.org","@graph":[{"@type":"WebPage","@id":"https:\/\/elfsight.com\/pt\/slider-widget\/wordpress\/","url":"https:\/\/elfsight.com\/pt\/slider-widget\/wordpress\/","name":"WordPress Slider \u2013 Adicionar plugin Image Slider ao site WordPress [2025]","isPartOf":{"@id":"https:\/\/elfsight.com\/pt\/#website"},"datePublished":"1970-01-01T00:00:00+00:00","dateModified":"2025-03-07T08:03:27+00:00","description":"Com a Elfsight, crie seu plugin Image Slider responsivo e adicione-o ao site WordPress. Oferecemos atendimento gratuito ao cliente e mais b\u00f4nus.","breadcrumb":{"@id":"https:\/\/elfsight.com\/pt\/slider-widget\/wordpress\/#breadcrumb"},"inLanguage":"pt-PT","potentialAction":[{"@type":"ReadAction","target":["https:\/\/elfsight.com\/pt\/slider-widget\/wordpress\/"]}]},{"@type":"BreadcrumbList","@id":"https:\/\/elfsight.com\/pt\/slider-widget\/wordpress\/#breadcrumb","itemListElement":[{"@type":"ListItem","position":1,"name":"Home","item":"https:\/\/elfsight.com\/pt\/"},{"@type":"ListItem","position":2,"name":"Slider","item":"https:\/\/elfsight.com\/pt\/slider-widget\/"},{"@type":"ListItem","position":3,"name":"Slider &#8211; WordPress"}]},{"@type":"WebSite","@id":"https:\/\/elfsight.com\/pt\/#website","url":"https:\/\/elfsight.com\/pt\/","name":"Elfsight PT","description":"Just another Elfsight Sites site","potentialAction":[{"@type":"SearchAction","target":{"@type":"EntryPoint","urlTemplate":"https:\/\/elfsight.com\/pt\/?s={search_term_string}"},"query-input":{"@type":"PropertyValueSpecification","valueRequired":true,"valueName":"search_term_string"}}],"inLanguage":"pt-PT"}]}},"meta_box":{"industry":"","seo_heading":"","heading":"","description":"","cta_heading":"","cta_description":"","application":"947","h1":"Plug-in de controle deslizante de imagem para WordPress","h1_caption":"Crie seu lindo controle deslizante facilmente","application_category":[],"applications_title":"","applications_request_title":"","applications_request_button_text":"","hero_text":"","hero_video":"","hero_video_schema_markup":"","selling_points_title":"","selling_points_caption":"","selling_points":[],"selling_points_cta_text":"","features_title":"","features":"","ed_cta_examples_text":"","ed_cta_examples_hidden":"","ed_cta_demo_text":"","ed_cta_demo_hidden":"","why_caption":"","why_editor_title":"","why_editor_text":"","why_team_title":"","why_team_text":"","why_service_title":"","why_service_text":"","template_catalog_visible":"0","template_catalog_title":"","template_catalog_text":"","template_catalog_categories_visible":"","demo_title":"Crie seu plugin Slider","demo_caption":"Configure seu Slider e adicione-o ao seu site WordPress gratuitamente!","default_faq_hidden":"","app_template_category":[],"platform":"34","template_public_id":"","codecanyon_url":"","codecanyon_item_id":"","codecanyon_price":"","pricing_caption":"","pricing_elfsight_apps_hide_column":"","pricing_elfsight_apps_url":"","pricing_codecanyon_price_caption":"","integration_category":[],"integration_request_title":"","integration_request_cta":"","integration_platform":"","integrations":[],"platform_category":[],"video_schema_markup":"","price":"a partir de US$ 0\/m\u00eas","trial":"","benefits":[{"text":"Ajuda de instala\u00e7\u00e3o gratuita"},{"text":"Suporte excepcional"},{"text":"Garantia de devolu\u00e7\u00e3o do dinheiro em 14 dias"},{"text":"Melhorias gratuitas cont\u00ednuas"}],"button_url":"#demo","button_target_blank":"0","button_nofollow":"0","attributes":[{"name":"Instala\u00e7\u00f5es","content":"10,000 - 100,000","_state":"expanded"},{"name":"Responsivo","content":"Sim","_state":"expanded"},{"name":"Navegadores compat\u00edveis","content":"Firefox, Safari, Opera, Chrome, Edge"}],"tags":[],"tags_disable_links":"0","hide_more_platforms":"0","video_object":"","demo_hide_cta":"0","demo_hide_cloud_options":"0","pricing_title":"","pricing":[{"pricing_icon":"platform","pricing_title":"Elfsight Apps","pricing_title_caption":"Solu\u00e7\u00e3o independente de plataforma","pricing_price":"a partir de US$ 0\/m\u00eas","pricing_price_caption":"comece com plano gratuito","pricing_benefits":[{"text":"Sites ilimitados"},{"text":"Suporte premium para empresas"},{"text":"Suporte premium para empresas"},{"text":"Pre\u00e7o a ser pago para v\u00e1rios aplicativos"}],"pricing_button_text":"Adicionar ao site","pricing_button_url":"#demo","_state":"expanded"}],"related_apps_title":"","related_apps_hidden":"1","author":"","image":[],"title":"","job":"","social_networks":[]},"_links":{"self":[{"href":"https:\/\/elfsight.com\/pt\/wp-json\/wp\/v2\/pages\/4555","targetHints":{"allow":["GET"]}}],"collection":[{"href":"https:\/\/elfsight.com\/pt\/wp-json\/wp\/v2\/pages"}],"about":[{"href":"https:\/\/elfsight.com\/pt\/wp-json\/wp\/v2\/types\/page"}],"author":[{"embeddable":true,"href":"https:\/\/elfsight.com\/pt\/wp-json\/wp\/v2\/users\/9"}],"replies":[{"embeddable":true,"href":"https:\/\/elfsight.com\/pt\/wp-json\/wp\/v2\/comments?post=4555"}],"version-history":[{"count":3,"href":"https:\/\/elfsight.com\/pt\/wp-json\/wp\/v2\/pages\/4555\/revisions"}],"predecessor-version":[{"id":14578,"href":"https:\/\/elfsight.com\/pt\/wp-json\/wp\/v2\/pages\/4555\/revisions\/14578"}],"up":[{"embeddable":true,"href":"https:\/\/elfsight.com\/pt\/wp-json\/wp\/v2\/pages\/948"}],"wp:attachment":[{"href":"https:\/\/elfsight.com\/pt\/wp-json\/wp\/v2\/media?parent=4555"}],"curies":[{"name":"wp","href":"https:\/\/api.w.org\/{rel}","templated":true}]}}