{"id":4553,"date":"1970-01-01T00:00:00","date_gmt":"1970-01-01T00:00:00","guid":{"rendered":"https:\/\/elfsight.com\/pt\/?page_id=4553"},"modified":"2025-03-06T14:19:32","modified_gmt":"2025-03-06T14:19:32","slug":"woocommerce","status":"publish","type":"page","link":"https:\/\/elfsight.com\/pt\/photo-gallery-widget\/woocommerce\/","title":{"rendered":"Photo Gallery &#8211; WooCommerce"},"content":{"rendered":"\n<div class=\"application-platform-content-item-description application-platform-content-item\" id=\"description\" data-nav-section=\"description\"><h2>Descri\u00e7\u00e3o<\/h2><p>A Galeria de Fotos da Elfsight \u00e9 a melhor forma de coletar materiais visuais ou criar uma galeria brilhante em seu site. Use qualquer n\u00famero de imagens, redija coment\u00e1rios e encontre a melhor forma de posicion\u00e1-los na p\u00e1gina. Este widget inclui 6 variantes de layout e v\u00e1rios recursos de interface adicionais. Cada foto \u00e9 exibida no modo pop-up, os usu\u00e1rios podem deslizar por elas ou iniciar uma apresenta\u00e7\u00e3o de slides, aumentar e diminuir o zoom e ver as imagens em tela cheia. Voc\u00ea pode pintar a interface do widget e aplicar um plano de fundo personalizado, usar configura\u00e7\u00f5es de texto e mais recursos de estilo.<\/p><p><b>Impressione seus usu\u00e1rios com galerias de fotos tentadoras!<\/b><\/p> <p><b>Destaque o que faz sentido<\/b><br>Aplique nosso plug-in responsivo da Galeria de imagens para apresentar suas ofertas mais tentadoras ou exibir suas incr\u00edveis fotos de produtos.<\/p><p><b>Exponha seus melhores trabalhos ou produtos<\/b><br>Suas fotos e imagens imperd\u00edveis atrair\u00e3o mais visualiza\u00e7\u00f5es e capturar\u00e3o pessoas por um longo per\u00edodo de tempo, aumentando o engajamento no site.<\/b><p><b>Obtenha mais vendas facilmente<\/b><br>Ao demonstrar sua experi\u00eancia por meio do widget Foto, voc\u00ea deixar\u00e1 seus usu\u00e1rios sem capacidade de resistir a fazer uma compra, aumentando assim suas vendas.<\/b><\/div> <div class=\"application-platform-content-item-recursos application-platform-content-item\" id=\"recursos\" data-nav-section=\"recursos\"><h2>Estes s\u00e3o apenas alguns dos valiosos recursos do widget:<\/h2><ul> <li>Utilize bot\u00f5es de CTA para orientar os usu\u00e1rios em dire\u00e7\u00e3o \u00e0 convers\u00e3o;<\/li> <li>Altere a dura\u00e7\u00e3o da troca de slides;<\/li> <li>Escolha entre v\u00e1rios recursos de pagina\u00e7\u00e3o;<\/li> <li>Coloque sua mensagem em qualquer lugar da p\u00e1gina com a ajuda da posi\u00e7\u00e3o avan\u00e7ada;<\/li> <li>Modifique 5 fun\u00e7\u00f5es de conte\u00fado.<\/li> <\/ul> <p><a href=\"#demo\">Voc\u00ea pode descobrir todas as funcionalidades do widget na demonstra\u00e7\u00e3o<\/a><\/p><\/div><div class=\"application-platform-content-item-installation application-platform-content-item\" id=\"installation\" data-nav-section=\"installation\"><h2>Como incorporar a Galeria de Fotos no meu site WooCommerce?<\/h2><p>Basta seguir as instru\u00e7\u00f5es abaixo para inserir o widget.<\/p><ol><li><b>Inicie nossa demonstra\u00e7\u00e3o gratuita e comece a moldar seu widget exclusivo.<\/b><br>Escolha a apar\u00eancia preferida e as caracter\u00edsticas funcionais do plugin e aplique as modifica\u00e7\u00f5es.<\/li><li><b>Adquira o c\u00f3digo individual que \u00e9 mostrado no formul\u00e1rio especial nos aplicativos Elfsight. <\/b><br>Quando a personaliza\u00e7\u00e3o da sua ferramenta estiver conclu\u00edda, copie o c\u00f3digo individual na caixa exibida e salve-o para ocasi\u00f5es futuras.<\/li><li><b>Inicie o uso do widget no site WooCommerce. <\/b><br>Integre o c\u00f3digo salvo anteriormente em sua p\u00e1gina e aplique as corre\u00e7\u00f5es.<\/li><li><b>Pronto! A integra\u00e7\u00e3o \u00e9 totalmente realizada.<\/b><br>Visite seu site para observar como est\u00e1 o funcionamento da ferramenta.<\/li><\/ol><p>Se voc\u00ea encontrar alguma dificuldade, n\u00e3o tenha medo de entrar em contato com nossa equipe de atendimento ao cliente. Nosso pessoal ficar\u00e1 feliz em ajud\u00e1-lo com todos os problemas que voc\u00ea possa ter com o produto.<\/p><div class=\"faq\" data-component=\"FAQ\"><div class=\"faq-item\">\r\n\t\t\t\t\t<div class=\"faq-item-question\">\r\n\t\t\t\t\t\t<h3 class=\"faq-item-question-text\">Existe uma maneira de incorporar uma galeria de fotos ao meu site WooCommerce sem nenhuma experi\u00eancia em codifica\u00e7\u00e3o?<\/h3>\r\n\r\n\t\t\t\t\t\t<div class=\"faq-item-question-icon\"><\/div>\r\n\t\t\t\t\t<\/div>\r\n\r\n\t\t\t\t\t<div class=\"faq-item-answer\">\r\n\t\t\t\t\t\t<div class=\"faq-item-answer-text\"> <p>A Elfsight oferece uma solu\u00e7\u00e3o que permite aos usu\u00e1rios criar voc\u00ea mesmo uma se\u00e7\u00e3o de Galeria de Fotos. Descubra as etapas simples: Trabalhe diretamente na demonstra\u00e7\u00e3o ao vivo para criar um aplicativo de Galeria de Fotos que voc\u00ea gostaria de adicionar ao seu site WooCommerce. Escolha um dos modelos prontos e altere as configura\u00e7\u00f5es da Galeria de Fotos, transforme o layout e as cores incluindo o seu conte\u00fado, sem nenhuma experi\u00eancia de codifica\u00e7\u00e3o. Salve as configura\u00e7\u00f5es feitas na Galeria de Fotos e obtenha o c\u00f3digo de instala\u00e7\u00e3o do widget, que voc\u00ea pode simplesmente colar em qualquer site WooCommerce sem a necessidade de adquirir um plano pago. Com a ajuda do Editor f\u00e1cil de usar, qualquer usu\u00e1rio da Internet pode criar um aplicativo Galeria de Fotos e incorpor\u00e1-lo facilmente em qualquer site WooCommerce. N\u00e3o h\u00e1 necessidade de adquirir um plano pago ou enviar os dados do seu cart\u00e3o para entrar em nosso servi\u00e7o. Se voc\u00ea enfrentar qualquer tipo de problema, sinta-se \u00e0 vontade para entrar em contato com nossa equipe de suporte.<\/p> <\/div>\r\n\t\t\t\t\t<\/div>\r\n\t\t\t\t<\/div> <\/div><\/div>\n","protected":false},"excerpt":{"rendered":"","protected":false},"author":9,"featured_media":0,"parent":965,"menu_order":0,"comment_status":"closed","ping_status":"closed","template":"templates\/template-application-platform.php","meta":{"publish_to_discourse":"","publish_post_category":"","wpdc_auto_publish_overridden":"","wpdc_topic_tags":"","wpdc_pin_topic":"","wpdc_pin_until":"","discourse_post_id":"","discourse_permalink":"","wpdc_publishing_response":"","wpdc_publishing_error":"","footnotes":""},"class_list":["post-4553","page","type-page","status-publish","hentry"],"yoast_head":"<!-- This site is optimized with the Yoast SEO plugin v25.3.1 - https:\/\/yoast.com\/wordpress\/plugins\/seo\/ -->\n<title>Galeria de fotos \u2013 Adicionar widget de galeria ao WooCommerce [2025]<\/title>\n<meta name=\"description\" content=\"Aproveite a oportunidade de personalizar o plugin responsivo da Galeria de Fotos agora mesmo e integr\u00e1-lo ao seu site WooCommerce diretamente por meio da demonstra\u00e7\u00e3o.\" \/>\n<meta name=\"robots\" content=\"index, follow, max-snippet:-1, max-image-preview:large, max-video-preview:-1\" \/>\n<link rel=\"canonical\" href=\"https:\/\/elfsight.com\/pt\/photo-gallery-widget\/woocommerce\/\" \/>\n<meta property=\"og:locale\" content=\"pt_PT\" \/>\n<meta property=\"og:type\" content=\"article\" \/>\n<meta property=\"og:title\" content=\"Galeria de fotos \u2013 Adicionar widget de galeria ao WooCommerce [2025]\" \/>\n<meta property=\"og:description\" content=\"Aproveite a oportunidade de personalizar o plugin responsivo da Galeria de Fotos agora mesmo e integr\u00e1-lo ao seu site WooCommerce diretamente por meio da demonstra\u00e7\u00e3o.\" \/>\n<meta property=\"og:url\" content=\"https:\/\/elfsight.com\/pt\/photo-gallery-widget\/woocommerce\/\" \/>\n<meta property=\"og:site_name\" content=\"Elfsight PT\" \/>\n<meta property=\"article:modified_time\" content=\"2025-03-06T14:19:32+00:00\" \/>\n<meta name=\"twitter:card\" content=\"summary_large_image\" \/>\n<meta name=\"twitter:label1\" content=\"Tempo estimado de leitura\" \/>\n\t<meta name=\"twitter:data1\" content=\"4 minutos\" \/>\n<!-- \/ Yoast SEO plugin. -->","yoast_head_json":{"title":"Galeria de fotos \u2013 Adicionar widget de galeria ao WooCommerce [2025]","description":"Aproveite a oportunidade de personalizar o plugin responsivo da Galeria de Fotos agora mesmo e integr\u00e1-lo ao seu site WooCommerce diretamente por meio da demonstra\u00e7\u00e3o.","robots":{"index":"index","follow":"follow","max-snippet":"max-snippet:-1","max-image-preview":"max-image-preview:large","max-video-preview":"max-video-preview:-1"},"canonical":"https:\/\/elfsight.com\/pt\/photo-gallery-widget\/woocommerce\/","og_locale":"pt_PT","og_type":"article","og_title":"Galeria de fotos \u2013 Adicionar widget de galeria ao WooCommerce [2025]","og_description":"Aproveite a oportunidade de personalizar o plugin responsivo da Galeria de Fotos agora mesmo e integr\u00e1-lo ao seu site WooCommerce diretamente por meio da demonstra\u00e7\u00e3o.","og_url":"https:\/\/elfsight.com\/pt\/photo-gallery-widget\/woocommerce\/","og_site_name":"Elfsight PT","article_modified_time":"2025-03-06T14:19:32+00:00","twitter_card":"summary_large_image","twitter_misc":{"Tempo estimado de leitura":"4 minutos"},"schema":{"@context":"https:\/\/schema.org","@graph":[{"@type":"WebPage","@id":"https:\/\/elfsight.com\/pt\/photo-gallery-widget\/woocommerce\/","url":"https:\/\/elfsight.com\/pt\/photo-gallery-widget\/woocommerce\/","name":"Galeria de fotos \u2013 Adicionar widget de galeria ao WooCommerce [2025]","isPartOf":{"@id":"https:\/\/elfsight.com\/pt\/#website"},"datePublished":"1970-01-01T00:00:00+00:00","dateModified":"2025-03-06T14:19:32+00:00","description":"Aproveite a oportunidade de personalizar o plugin responsivo da Galeria de Fotos agora mesmo e integr\u00e1-lo ao seu site WooCommerce diretamente por meio da demonstra\u00e7\u00e3o.","breadcrumb":{"@id":"https:\/\/elfsight.com\/pt\/photo-gallery-widget\/woocommerce\/#breadcrumb"},"inLanguage":"pt-PT","potentialAction":[{"@type":"ReadAction","target":["https:\/\/elfsight.com\/pt\/photo-gallery-widget\/woocommerce\/"]}]},{"@type":"BreadcrumbList","@id":"https:\/\/elfsight.com\/pt\/photo-gallery-widget\/woocommerce\/#breadcrumb","itemListElement":[{"@type":"ListItem","position":1,"name":"Home","item":"https:\/\/elfsight.com\/pt\/"},{"@type":"ListItem","position":2,"name":"Photo Gallery","item":"https:\/\/elfsight.com\/pt\/photo-gallery-widget\/"},{"@type":"ListItem","position":3,"name":"Photo Gallery &#8211; WooCommerce"}]},{"@type":"WebSite","@id":"https:\/\/elfsight.com\/pt\/#website","url":"https:\/\/elfsight.com\/pt\/","name":"Elfsight PT","description":"Just another Elfsight Sites site","potentialAction":[{"@type":"SearchAction","target":{"@type":"EntryPoint","urlTemplate":"https:\/\/elfsight.com\/pt\/?s={search_term_string}"},"query-input":{"@type":"PropertyValueSpecification","valueRequired":true,"valueName":"search_term_string"}}],"inLanguage":"pt-PT"}]}},"meta_box":{"industry":"","seo_heading":"","heading":"","description":"","cta_heading":"","cta_description":"","application":"964","h1":"Plug-in da Galeria de Fotos WooCommerce","h1_caption":"Mostre suas fotos surpreendentes em seu site","application_category":[],"applications_title":"","applications_request_title":"","applications_request_button_text":"","hero_text":"","hero_video":"","hero_video_schema_markup":"","selling_points_title":"","selling_points_caption":"","selling_points":[],"selling_points_cta_text":"","features_title":"","features":"","ed_cta_examples_text":"","ed_cta_examples_hidden":"","ed_cta_demo_text":"","ed_cta_demo_hidden":"","why_caption":"","why_editor_title":"","why_editor_text":"","why_team_title":"","why_team_text":"","why_service_title":"","why_service_text":"","template_catalog_visible":"0","template_catalog_title":"","template_catalog_text":"","template_catalog_categories_visible":"","demo_title":"Crie seu aplicativo Galeria de Fotos","demo_caption":"Configure sua galeria de fotos e adicione-a ao seu site WooCommerce gratuitamente!","default_faq_hidden":"","app_template_category":[],"platform":"4920","template_public_id":"","codecanyon_url":"","codecanyon_item_id":"","codecanyon_price":"","pricing_caption":"","pricing_elfsight_apps_hide_column":"","pricing_elfsight_apps_url":"","pricing_codecanyon_price_caption":"","integration_category":[],"integration_request_title":"","integration_request_cta":"","integration_platform":"","integrations":[],"platform_category":[],"video_schema_markup":"","price":"a partir de US$ 0\/m\u00eas","trial":"","benefits":[{"text":"Servi\u00e7o de instala\u00e7\u00e3o gratuito"},{"text":"Atendimento ao cliente competente"},{"text":"Garantia de reembolso de 14 dias"},{"text":"Melhorias gratuitas cont\u00ednuas"}],"button_url":"#demo","button_target_blank":"0","button_nofollow":"0","attributes":[{"name":"Instala\u00e7\u00f5es","content":"10,000 - 100,000","_state":"expanded"},{"name":"Responsivo","content":"Sim","_state":"expanded"},{"name":"Navegadores compat\u00edveis","content":"Firefox, Safari, Opera, Chrome, Edge"}],"tags":[],"tags_disable_links":"0","hide_more_platforms":"0","video_object":"","demo_hide_cta":"0","demo_hide_cloud_options":"0","pricing_title":"","pricing":[{"pricing_icon":"platform","pricing_title":"Elfsight Apps","pricing_title_caption":"Solu\u00e7\u00e3o independente de plataforma que funciona em qualquer site","pricing_price":"a partir de US$ 0\/m\u00eas","pricing_price_caption":"comece com um plano gratuito","pricing_benefits":[{"text":"Sites ilimitados"},{"text":"Suporte r\u00e1pido \u00e0 empresa"},{"text":"Suporte r\u00e1pido \u00e0 empresa"},{"text":"Design flex\u00edvel"}],"pricing_button_text":"Adicionar ao site","pricing_button_url":"#demo","_state":"expanded"}],"related_apps_title":"","related_apps_hidden":"1","author":"","image":[],"title":"","job":"","social_networks":[]},"_links":{"self":[{"href":"https:\/\/elfsight.com\/pt\/wp-json\/wp\/v2\/pages\/4553","targetHints":{"allow":["GET"]}}],"collection":[{"href":"https:\/\/elfsight.com\/pt\/wp-json\/wp\/v2\/pages"}],"about":[{"href":"https:\/\/elfsight.com\/pt\/wp-json\/wp\/v2\/types\/page"}],"author":[{"embeddable":true,"href":"https:\/\/elfsight.com\/pt\/wp-json\/wp\/v2\/users\/9"}],"replies":[{"embeddable":true,"href":"https:\/\/elfsight.com\/pt\/wp-json\/wp\/v2\/comments?post=4553"}],"version-history":[{"count":3,"href":"https:\/\/elfsight.com\/pt\/wp-json\/wp\/v2\/pages\/4553\/revisions"}],"predecessor-version":[{"id":14487,"href":"https:\/\/elfsight.com\/pt\/wp-json\/wp\/v2\/pages\/4553\/revisions\/14487"}],"up":[{"embeddable":true,"href":"https:\/\/elfsight.com\/pt\/wp-json\/wp\/v2\/pages\/965"}],"wp:attachment":[{"href":"https:\/\/elfsight.com\/pt\/wp-json\/wp\/v2\/media?parent=4553"}],"curies":[{"name":"wp","href":"https:\/\/api.w.org\/{rel}","templated":true}]}}