{"id":4552,"date":"2024-05-03T06:43:50","date_gmt":"2024-05-03T06:43:50","guid":{"rendered":"https:\/\/elfsight.com\/pt\/?page_id=4552"},"modified":"2025-01-31T11:50:34","modified_gmt":"2025-01-31T11:50:34","slug":"woocommerce","status":"publish","type":"page","link":"https:\/\/elfsight.com\/pt\/popup-widget\/woocommerce\/","title":{"rendered":"Popup &#8211; WooCommerce"},"content":{"rendered":"\n<div class=\"application-platform-content-item-description application-platform-content-item\" id=\"description\" data-nav-section=\"description\"><h2>Descri\u00e7\u00e3o<\/h2><p><p>Com o plugin Elfsight Popup, todos s\u00e3o capazes de criar seu pr\u00f3prio pop-up personalizado para qualquer finalidade e mostre-o em sua p\u00e1gina WooCommerce. Crie o pop-up mais adequado, usando uma variedade de elementos. Defina a interface e o posicionamento perfeitos; atribua o gatilho de abertura e encontre a frequ\u00eancia certa para atingir seus objetivos. Pop-ups de diversos tipos permitem que os usu\u00e1rios assinem correspond\u00eancias, descubram seus produtos, utilizem cupons de desconto, participem de promo\u00e7\u00f5es e ofertas especiais, sejam notificados sobre os pr\u00f3ximos eventos em seu site e muito mais. <\/p><\/p><p><b>Os pop-ups ajudam voc\u00ea a vender mais r\u00e1pido, promover eventos planejados, obter feedback e leads e muito mais.<\/b><\/p><\/div> <div class=\"faq\" data-component=\"FAQ\"><div class=\"faq-item\">\r\n\t\t\t\t\t<div class=\"faq-item-question\">\r\n\t\t\t\t\t\t<h3 class=\"faq-item-question-text\">Como posso incorporar um pop-up no meu site WooCommerce?<\/h3>\r\n\r\n\t\t\t\t\t\t<div class=\"faq-item-question-icon\"><\/div>\r\n\t\t\t\t\t<\/div>\r\n\r\n\t\t\t\t\t<div class=\"faq-item-answer\">\r\n\t\t\t\t\t\t<div class=\"faq-item-answer-text\"><p>A cria\u00e7\u00e3o da ferramenta ocorre dentro do site da Elfsight e voc\u00ea n\u00e3o precisa aprender codifica\u00e7\u00e3o. Use nossa demonstra\u00e7\u00e3o ao vivo para personalizar seu aplicativo pessoal, adquirir o c\u00f3digo e col\u00e1-lo em seu site. <\/p><\/div>\r\n\t\t\t\t\t<\/div>\r\n\t\t\t\t<\/div><div class=\"faq-item\">\r\n\t\t\t\t\t<div class=\"faq-item-question\">\r\n\t\t\t\t\t\t<h3 class=\"faq-item-question-text\">Os melhores exemplos de uso de integra\u00e7\u00e3o de banner pop-up<\/h3>\r\n\r\n\t\t\t\t\t\t<div class=\"faq-item-question-icon\"><\/div>\r\n\t\t\t\t\t<\/div>\r\n\r\n\t\t\t\t\t<div class=\"faq-item-answer\">\r\n\t\t\t\t\t\t<div class=\"faq-item-answer-text\"><p>Oferecemos muitas oportunidades de ajuste: widgets completos para implementa\u00e7\u00e3o na se\u00e7\u00e3o de conte\u00fado, widgets flutuantes para oportunidades de rolagem, miniaturas para o rodap\u00e9, se\u00e7\u00e3o principal e todos os tipos de op\u00e7\u00f5es verticais para barras laterais e menus do site Woocommerce. <\/p><\/div>\r\n\t\t\t\t\t<\/div>\r\n\t\t\t\t<\/div><div class=\"faq-item\">\r\n\t\t\t\t\t<div class=\"faq-item-question\">\r\n\t\t\t\t\t\t<h3 class=\"faq-item-question-text\">Como fa\u00e7o para criar um pop-up de venda ou oferta por meio do seu editor? <\/h3>\r\n\r\n\t\t\t\t\t\t<div class=\"faq-item-question-icon\"><\/div>\r\n\t\t\t\t\t<\/div>\r\n\r\n\t\t\t\t\t<div class=\"faq-item-answer\">\r\n\t\t\t\t\t\t<div class=\"faq-item-answer-text\"><p>Voc\u00ea pode fazer altera\u00e7\u00f5es em qualquer widget. H\u00e1 uma infinidade de layouts \u00e0 sua disposi\u00e7\u00e3o no editor, e todos eles podem ser facilmente personalizados da maneira que voc\u00ea desejar. <\/p><\/div>\r\n\t\t\t\t\t<\/div>\r\n\t\t\t\t<\/div><\/div><div class=\"application-platform-content-item-features application-platform-content-item\" id=\"features\" data-nav-section=\"features\"><h2>Principais recursos do plugin Popup<\/h2><ul><li>Doze componentes diferentes para construir um pop-up;<\/li> <li>5 layouts pop-up inclu\u00eddos para casos variados;<\/li><li>Incorpore bot\u00f5es para redirecionar os visitantes para qualquer p\u00e1gina WooCommerce;<\/li><li>Op\u00e7\u00e3o para fazer upload de uma imagem para o plano de fundo;<\/li><li>Popup pode aparecem ap\u00f3s um determinado tempo gasto na p\u00e1gina ou porcentagem de rolagem;<\/li><li>Acionadores de pop-up: clicar no elemento selecionado ou rolar para baixo at\u00e9 ele.<\/li><\/ul><p><a href=\"#demo \">Voc\u00ea pode ver a lista completa dos recursos do widget na demonstra\u00e7\u00e3o aqui<\/a><\/p><\/div><div class=\"application-platform-content-item-installation application-platform-content-item\" id=\"installation\" data-nav-section=\"installation\"><h2>Como adicionar Popup no meu site WooCommerce?<\/h2><p>Basta seguir as orienta\u00e7\u00f5es abaixo para inserir a ferramenta.<\/p><ol><li><b>Utilize nossa demonstra\u00e7\u00e3o gratuita e comece a construir seu plugin personalizado.<\/b><br>Escolha o selecionado layout e funcionalidade do widget e aplique as edi\u00e7\u00f5es.<\/li><li><b>Obtenha o c\u00f3digo individual da caixa nos aplicativos Elfsight.<\/b><br>Assim que o estabelecimento do seu widget terminar, copie o c\u00f3digo exclusivo na janela exibida e guarde-o para uso futuro.<\/li><li><b>Inicie a utiliza\u00e7\u00e3o do widget em seu site WooCommerce.<\/b><br>Insira o c\u00f3digo que voc\u00ea salvou recentemente. na sua p\u00e1gina inicial e aplique as melhorias.<\/li><li><b>Pronto! A configura\u00e7\u00e3o est\u00e1 totalmente conclu\u00edda.<\/b><br>Acesse seu site para ver como funciona a mensagem pop-up do WooCommerce.<\/li><\/ol><p>Na condi\u00e7\u00e3o de lidar com d\u00favidas ou enfrentar alguns problemas, sinta-se livre para entrar em contato com nossa equipe de atendimento ao cliente. Nossos consultores est\u00e3o ansiosos para ajud\u00e1-lo com todas as d\u00favidas que voc\u00ea possa ter com a mensagem pop-up do WooCommerce.<\/p><\/div>\n","protected":false},"excerpt":{"rendered":"","protected":false},"author":9,"featured_media":0,"parent":542,"menu_order":0,"comment_status":"closed","ping_status":"closed","template":"templates\/template-application-platform.php","meta":{"publish_to_discourse":"","publish_post_category":"","wpdc_auto_publish_overridden":"","wpdc_topic_tags":"","wpdc_pin_topic":"","wpdc_pin_until":"","discourse_post_id":"","discourse_permalink":"","wpdc_publishing_response":"","wpdc_publishing_error":"","footnotes":""},"class_list":["post-4552","page","type-page","status-publish","hentry"],"yoast_head":"<!-- This site is optimized with the Yoast SEO plugin v25.3.1 - https:\/\/yoast.com\/wordpress\/plugins\/seo\/ -->\n<title>Adicione um plugin Popup a um site WooCommerce<\/title>\n<meta name=\"description\" content=\"Crie um pop-up no WooCommerce sem codifica\u00e7\u00e3o!\" \/>\n<meta name=\"robots\" content=\"index, follow, max-snippet:-1, max-image-preview:large, max-video-preview:-1\" \/>\n<link rel=\"canonical\" href=\"https:\/\/elfsight.com\/pt\/popup-widget\/woocommerce\/\" \/>\n<meta property=\"og:locale\" content=\"pt_PT\" \/>\n<meta property=\"og:type\" content=\"article\" \/>\n<meta property=\"og:title\" content=\"Adicione um plugin Popup a um site WooCommerce\" \/>\n<meta property=\"og:description\" content=\"Crie um pop-up no WooCommerce sem codifica\u00e7\u00e3o!\" \/>\n<meta property=\"og:url\" content=\"https:\/\/elfsight.com\/pt\/popup-widget\/woocommerce\/\" \/>\n<meta property=\"og:site_name\" content=\"Elfsight PT\" \/>\n<meta property=\"article:modified_time\" content=\"2025-01-31T11:50:34+00:00\" \/>\n<meta name=\"twitter:card\" content=\"summary_large_image\" \/>\n<meta name=\"twitter:label1\" content=\"Tempo estimado de leitura\" \/>\n\t<meta name=\"twitter:data1\" content=\"3 minutos\" \/>\n<!-- \/ Yoast SEO plugin. -->","yoast_head_json":{"title":"Adicione um plugin Popup a um site WooCommerce","description":"Crie um pop-up no WooCommerce sem codifica\u00e7\u00e3o!","robots":{"index":"index","follow":"follow","max-snippet":"max-snippet:-1","max-image-preview":"max-image-preview:large","max-video-preview":"max-video-preview:-1"},"canonical":"https:\/\/elfsight.com\/pt\/popup-widget\/woocommerce\/","og_locale":"pt_PT","og_type":"article","og_title":"Adicione um plugin Popup a um site WooCommerce","og_description":"Crie um pop-up no WooCommerce sem codifica\u00e7\u00e3o!","og_url":"https:\/\/elfsight.com\/pt\/popup-widget\/woocommerce\/","og_site_name":"Elfsight PT","article_modified_time":"2025-01-31T11:50:34+00:00","twitter_card":"summary_large_image","twitter_misc":{"Tempo estimado de leitura":"3 minutos"},"schema":{"@context":"https:\/\/schema.org","@graph":[{"@type":"WebPage","@id":"https:\/\/elfsight.com\/pt\/popup-widget\/woocommerce\/","url":"https:\/\/elfsight.com\/pt\/popup-widget\/woocommerce\/","name":"Adicione um plugin Popup a um site WooCommerce","isPartOf":{"@id":"https:\/\/elfsight.com\/pt\/#website"},"datePublished":"2024-05-03T06:43:50+00:00","dateModified":"2025-01-31T11:50:34+00:00","description":"Crie um pop-up no WooCommerce sem codifica\u00e7\u00e3o!","breadcrumb":{"@id":"https:\/\/elfsight.com\/pt\/popup-widget\/woocommerce\/#breadcrumb"},"inLanguage":"pt-PT","potentialAction":[{"@type":"ReadAction","target":["https:\/\/elfsight.com\/pt\/popup-widget\/woocommerce\/"]}]},{"@type":"BreadcrumbList","@id":"https:\/\/elfsight.com\/pt\/popup-widget\/woocommerce\/#breadcrumb","itemListElement":[{"@type":"ListItem","position":1,"name":"Home","item":"https:\/\/elfsight.com\/pt\/"},{"@type":"ListItem","position":2,"name":"Popup","item":"https:\/\/elfsight.com\/pt\/popup-widget\/"},{"@type":"ListItem","position":3,"name":"Popup &#8211; WooCommerce"}]},{"@type":"WebSite","@id":"https:\/\/elfsight.com\/pt\/#website","url":"https:\/\/elfsight.com\/pt\/","name":"Elfsight PT","description":"Just another Elfsight Sites site","potentialAction":[{"@type":"SearchAction","target":{"@type":"EntryPoint","urlTemplate":"https:\/\/elfsight.com\/pt\/?s={search_term_string}"},"query-input":{"@type":"PropertyValueSpecification","valueRequired":true,"valueName":"search_term_string"}}],"inLanguage":"pt-PT"}]}},"meta_box":{"industry":"","seo_heading":"","heading":"","description":"","cta_heading":"","cta_description":"","application":"541","h1":"Plug-in pop-up WooCommerce","h1_caption":"Crie uma variedade de pop-ups para anunciar ofertas especiais e aumentar as vendas.","application_category":[],"applications_title":"","applications_request_title":"","applications_request_button_text":"","hero_text":"","hero_video":"","hero_video_schema_markup":"","selling_points_title":"","selling_points_caption":"","selling_points":[],"selling_points_cta_text":"","features_title":"","features":"","ed_cta_examples_text":"","ed_cta_examples_hidden":"","ed_cta_demo_text":"","ed_cta_demo_hidden":"","why_caption":"","why_editor_title":"","why_editor_text":"","why_team_title":"","why_team_text":"","why_service_title":"","why_service_text":"","template_catalog_visible":"0","template_catalog_title":"","template_catalog_text":"","template_catalog_categories_visible":"","demo_title":"Crie seu aplicativo pop-up","demo_caption":"Configure seu Popup e adicione-o ao seu site WooCommerce gratuitamente!","default_faq_hidden":"","app_template_category":[],"platform":"4920","template_public_id":"","codecanyon_url":"","codecanyon_item_id":"","codecanyon_price":"","pricing_caption":"","pricing_elfsight_apps_hide_column":"","pricing_elfsight_apps_url":"","pricing_codecanyon_price_caption":"","integration_category":[],"integration_request_title":"","integration_request_cta":"","integration_platform":"","integrations":[],"platform_category":[],"video_schema_markup":"","price":"a partir de US$ 0\/m\u00eas","trial":"","benefits":[{"text":"Ajuda de instala\u00e7\u00e3o gratuita"},{"text":"Atendimento ao cliente profissional"},{"text":"Garantia de reembolso de 14 dias"},{"text":"Melhorias gratuitas cont\u00ednuas"}],"button_url":"#demo","button_target_blank":"0","button_nofollow":"0","attributes":[{"name":"Instala\u00e7\u00f5es","content":"100,000 - 500,000","_state":"expanded"},{"name":"Responsivo","content":"Sim","_state":"expanded"},{"name":"Navegadores compat\u00edveis","content":"Firefox, Safari, Opera, Chrome, Edge"}],"tags":[],"tags_disable_links":"0","hide_more_platforms":"","video_object":"","demo_hide_cta":"0","demo_hide_cloud_options":"0","pricing_title":"","pricing":[{"pricing_icon":"platform","pricing_title":"Elfsight Apps","pricing_title_caption":"Solu\u00e7\u00e3o multiplataforma que se adapta a qualquer site","pricing_price":"a partir de US$ 0\/m\u00eas","pricing_price_caption":"comece com um plano gratuito","pricing_benefits":[{"text":"Dom\u00ednios ilimitados"},{"text":"Suporte profissional ao cliente e bem documentado"},{"text":"Suporte profissional ao cliente e bem documentado"},{"text":"Design flex\u00edvel"}],"pricing_button_text":"Adicionar ao site","pricing_button_url":"#demo","_state":"expanded"}],"related_apps_title":"","related_apps_hidden":"1","author":"","image":[],"title":"","job":"","social_networks":[]},"_links":{"self":[{"href":"https:\/\/elfsight.com\/pt\/wp-json\/wp\/v2\/pages\/4552","targetHints":{"allow":["GET"]}}],"collection":[{"href":"https:\/\/elfsight.com\/pt\/wp-json\/wp\/v2\/pages"}],"about":[{"href":"https:\/\/elfsight.com\/pt\/wp-json\/wp\/v2\/types\/page"}],"author":[{"embeddable":true,"href":"https:\/\/elfsight.com\/pt\/wp-json\/wp\/v2\/users\/9"}],"replies":[{"embeddable":true,"href":"https:\/\/elfsight.com\/pt\/wp-json\/wp\/v2\/comments?post=4552"}],"version-history":[{"count":3,"href":"https:\/\/elfsight.com\/pt\/wp-json\/wp\/v2\/pages\/4552\/revisions"}],"predecessor-version":[{"id":13723,"href":"https:\/\/elfsight.com\/pt\/wp-json\/wp\/v2\/pages\/4552\/revisions\/13723"}],"up":[{"embeddable":true,"href":"https:\/\/elfsight.com\/pt\/wp-json\/wp\/v2\/pages\/542"}],"wp:attachment":[{"href":"https:\/\/elfsight.com\/pt\/wp-json\/wp\/v2\/media?parent=4552"}],"curies":[{"name":"wp","href":"https:\/\/api.w.org\/{rel}","templated":true}]}}