{"id":4547,"date":"1970-01-01T00:00:00","date_gmt":"1970-01-01T00:00:00","guid":{"rendered":"https:\/\/elfsight.com\/pt\/?page_id=4547"},"modified":"2025-03-07T08:04:42","modified_gmt":"2025-03-07T08:04:42","slug":"woocommerce","status":"publish","type":"page","link":"https:\/\/elfsight.com\/pt\/slider-widget\/woocommerce\/","title":{"rendered":"Slider &#8211; WooCommerce"},"content":{"rendered":"\n<div class=\"application-platform-content-item-description application-platform-content-item\" id=\"description\" data-nav-section=\"description\"><h2>Descri\u00e7\u00e3o<\/h2><p>O Elfsight Image Slider \u00e9 um widget simples que permite capturar a aten\u00e7\u00e3o dos usu\u00e1rios exibindo m\u00faltiplas imagens, v\u00eddeos ou as melhores ofertas em seu site. Sinta-se \u00e0 vontade para usar qualquer n\u00famero de slides necess\u00e1rios para exibir seu plugin Product Image Slider e marcar neg\u00f3cios interessantes. Adicione efeitos visuais e dimensione a dimens\u00e3o da imagem\/v\u00eddeo da maneira que desejar. Usando nossa ferramenta, voc\u00ea poder\u00e1 criar um slider vibrante que chamar\u00e1 a aten\u00e7\u00e3o dos usu\u00e1rios e n\u00e3o os deixar\u00e1 sair da p\u00e1gina muito cedo.<\/p><p><b>Aplique um plugin Slider acompanhado de conte\u00fado interativo para atrair seu p\u00fablico. aten\u00e7\u00e3o dos clientes!<\/b><\/p><p><b>Maior envolvimento do usu\u00e1rio<\/b><br>Nosso widget Image Slider apresenta efeitos visuais encantadores que transformar\u00e3o seu conte\u00fado em algo imposs\u00edvel de perder para os usu\u00e1rios que o conduzem. para trabalhar com ele e realizar as a\u00e7\u00f5es desejadas.<\/p><p><b>Retrabalhe a experi\u00eancia do usu\u00e1rio<\/b><br>Incorpore os recursos visuais mais envolventes em um local atraente para tornar a navega\u00e7\u00e3o em seu site tranquila e simples, desenhando assim novos p\u00fablicos.<\/p><p><b>Aumente suas vendas<\/b><br>Destaque suas atividades, os trabalhos mais memor\u00e1veis \u200b\u200bou os problemas em destaque aplicando um plug-in Slider que leva os usu\u00e1rios diretamente \u00e0 compra<\/p> <\/div> <div class=\"faq\" data-component=\"FAQ\"><div class=\"faq-item\">\r\n\t\t\t\t\t<div class=\"faq-item-question\">\r\n\t\t\t\t\t\t<h3 class=\"faq-item-question-text\">Como adiciono um Slider ao site WooCommerce? <\/h3>\r\n\r\n\t\t\t\t\t\t<div class=\"faq-item-question-icon\"><\/div>\r\n\t\t\t\t\t<\/div>\r\n\r\n\t\t\t\t\t<div class=\"faq-item-answer\">\r\n\t\t\t\t\t\t<div class=\"faq-item-answer-text\"><p>A base do widget acontece dentro do site da Elfsight e n\u00e3o h\u00e1 necessidade de aprender codifica\u00e7\u00e3o. Utilize nossa demonstra\u00e7\u00e3o ativa para ajustar sua ferramenta, adquirir o c\u00f3digo e inseri-lo em seu site. <\/p><\/div>\r\n\t\t\t\t\t<\/div>\r\n\t\t\t\t<\/div><div class=\"faq-item\">\r\n\t\t\t\t\t<div class=\"faq-item-question\">\r\n\t\t\t\t\t\t<h3 class=\"faq-item-question-text\">Os melhores exemplos de uso da integra\u00e7\u00e3o do Gallery Slider<\/h3>\r\n\r\n\t\t\t\t\t\t<div class=\"faq-item-question-icon\"><\/div>\r\n\t\t\t\t\t<\/div>\r\n\r\n\t\t\t\t\t<div class=\"faq-item-answer\">\r\n\t\t\t\t\t\t<div class=\"faq-item-answer-text\"><p>Oferecemos a voc\u00ea uma ampla gama de possibilidades de personaliza\u00e7\u00e3o: widgets completos para inser\u00e7\u00e3o na \u00e1rea de conte\u00fado , widgets flutuantes para oportunidades de rolagem, layouts para rodap\u00e9, se\u00e7\u00e3o principal e todos os tipos de op\u00e7\u00f5es verticais para barras laterais e menus. <\/p><\/div>\r\n\t\t\t\t\t<\/div>\r\n\t\t\t\t<\/div><div class=\"faq-item\">\r\n\t\t\t\t\t<div class=\"faq-item-question\">\r\n\t\t\t\t\t\t<h3 class=\"faq-item-question-text\">Como fa\u00e7o para construir uma apresenta\u00e7\u00e3o de hotel ou ofertas de caf\u00e9 com a ajuda do seu editor? <\/h3>\r\n\r\n\t\t\t\t\t\t<div class=\"faq-item-question-icon\"><\/div>\r\n\t\t\t\t\t<\/div>\r\n\r\n\t\t\t\t\t<div class=\"faq-item-answer\">\r\n\t\t\t\t\t\t<div class=\"faq-item-answer-text\"><p>Voc\u00ea pode moldar as modifica\u00e7\u00f5es de qualquer widget. Existem muitos layouts dispon\u00edveis no editor, e todos eles podem ser facilmente customizados da maneira que voc\u00ea precisar. <\/p><\/div>\r\n\t\t\t\t\t<\/div>\r\n\t\t\t\t<\/div><\/div><div class=\"application-platform-content-item-features application-platform-content-item\" id=\"features\" data-nav-section=\"features\"><h2>Os principais recursos do widget incluem<\/h2><ul><li>Adicionar CTAs para orientar os usu\u00e1rios em dire\u00e7\u00e3o \u00e0 convers\u00e3o;<\/li> <li>Ajuste a dura\u00e7\u00e3o da mudan\u00e7a de slide;<\/li><li>Escolha entre diversas variantes;<\/li><li>Coloque o texto em qualquer lugar que desejar na p\u00e1gina com a ajuda da posi\u00e7\u00e3o avan\u00e7ada;<\/li><li>Modifique 5 elementos de conte\u00fado.<\/li><\/ul><p><a href=\"#demo\">Voc\u00ea pode testar todos os recursos do widget na demonstra\u00e7\u00e3o nesta p\u00e1gina<\/a><\/p><\/div><div class=\"application-platform-content-item-installation application-platform-content-item\" id=\"installation\" data-nav-section=\"installation\"><h2>Como incorporar o plugin Image Slider em meu site WooCommerce?<\/h2><p>Basta seguir as etapas abaixo para inserir o widget.<\/p><ol><li><b>Gerenciando nosso configurador gratuito, comece a formar seu widget personalizado.<\/b><br>Especifique a interface e funcionalidade adequadas da ferramenta e aplique as edi\u00e7\u00f5es.<\/li><li><b>Obtenha seu c\u00f3digo pessoal aparecendo no formul\u00e1rio especial nas aplica\u00e7\u00f5es Elfsight.<\/b><br>Logo ap\u00f3s terminar a configura\u00e7\u00e3o do seu plugin pessoal, copie o c\u00f3digo exclusivo da janela que aparece e guarde-o para futuras ocasi\u00f5es.<\/li><li> <b>Comece a usar o widget no site WooCommerce.<\/b><br>Incorpore o c\u00f3digo que voc\u00ea copiou recentemente em sua p\u00e1gina da web e aplique os ajustes.<\/li><li><b>Pronto! A incorpora\u00e7\u00e3o foi finalizada com sucesso.<\/b><br>Visite sua p\u00e1gina para revisar como est\u00e1 o funcionamento da ferramenta.<\/li><\/ol><p>Se voc\u00ea enfrentar algum obst\u00e1culo, n\u00e3o tenha medo de recorrer ao nosso suporte. funcion\u00e1rios. Nossos consultores ter\u00e3o prazer em ajud\u00e1-lo com todas as dificuldades que voc\u00ea possa ter com o plugin.<\/p><\/div>\n","protected":false},"excerpt":{"rendered":"","protected":false},"author":9,"featured_media":0,"parent":948,"menu_order":0,"comment_status":"closed","ping_status":"closed","template":"templates\/template-application-platform.php","meta":{"publish_to_discourse":"","publish_post_category":"","wpdc_auto_publish_overridden":"","wpdc_topic_tags":"","wpdc_pin_topic":"","wpdc_pin_until":"","discourse_post_id":"","discourse_permalink":"","wpdc_publishing_response":"","wpdc_publishing_error":"","footnotes":""},"class_list":["post-4547","page","type-page","status-publish","hentry"],"yoast_head":"<!-- This site is optimized with the Yoast SEO plugin v25.3.1 - https:\/\/yoast.com\/wordpress\/plugins\/seo\/ -->\n<title>Controle deslizante WooCommerce | Adicionar widget Image Slider ao site WooCommerce<\/title>\n<meta name=\"description\" content=\"Voc\u00ea pode ajustar o plugin responsivo Image Slider no editor e incorpor\u00e1-lo em seu site WooCommerce diretamente da demonstra\u00e7\u00e3o.\" \/>\n<meta name=\"robots\" content=\"index, follow, max-snippet:-1, max-image-preview:large, max-video-preview:-1\" \/>\n<link rel=\"canonical\" href=\"https:\/\/elfsight.com\/pt\/slider-widget\/woocommerce\/\" \/>\n<meta property=\"og:locale\" content=\"pt_PT\" \/>\n<meta property=\"og:type\" content=\"article\" \/>\n<meta property=\"og:title\" content=\"Controle deslizante WooCommerce | Adicionar widget Image Slider ao site WooCommerce\" \/>\n<meta property=\"og:description\" content=\"Voc\u00ea pode ajustar o plugin responsivo Image Slider no editor e incorpor\u00e1-lo em seu site WooCommerce diretamente da demonstra\u00e7\u00e3o.\" \/>\n<meta property=\"og:url\" content=\"https:\/\/elfsight.com\/pt\/slider-widget\/woocommerce\/\" \/>\n<meta property=\"og:site_name\" content=\"Elfsight PT\" \/>\n<meta property=\"article:modified_time\" content=\"2025-03-07T08:04:42+00:00\" \/>\n<meta name=\"twitter:card\" content=\"summary_large_image\" \/>\n<meta name=\"twitter:label1\" content=\"Tempo estimado de leitura\" \/>\n\t<meta name=\"twitter:data1\" content=\"4 minutos\" \/>\n<!-- \/ Yoast SEO plugin. -->","yoast_head_json":{"title":"Controle deslizante WooCommerce | Adicionar widget Image Slider ao site WooCommerce","description":"Voc\u00ea pode ajustar o plugin responsivo Image Slider no editor e incorpor\u00e1-lo em seu site WooCommerce diretamente da demonstra\u00e7\u00e3o.","robots":{"index":"index","follow":"follow","max-snippet":"max-snippet:-1","max-image-preview":"max-image-preview:large","max-video-preview":"max-video-preview:-1"},"canonical":"https:\/\/elfsight.com\/pt\/slider-widget\/woocommerce\/","og_locale":"pt_PT","og_type":"article","og_title":"Controle deslizante WooCommerce | Adicionar widget Image Slider ao site WooCommerce","og_description":"Voc\u00ea pode ajustar o plugin responsivo Image Slider no editor e incorpor\u00e1-lo em seu site WooCommerce diretamente da demonstra\u00e7\u00e3o.","og_url":"https:\/\/elfsight.com\/pt\/slider-widget\/woocommerce\/","og_site_name":"Elfsight PT","article_modified_time":"2025-03-07T08:04:42+00:00","twitter_card":"summary_large_image","twitter_misc":{"Tempo estimado de leitura":"4 minutos"},"schema":{"@context":"https:\/\/schema.org","@graph":[{"@type":"WebPage","@id":"https:\/\/elfsight.com\/pt\/slider-widget\/woocommerce\/","url":"https:\/\/elfsight.com\/pt\/slider-widget\/woocommerce\/","name":"Controle deslizante WooCommerce | Adicionar widget Image Slider ao site WooCommerce","isPartOf":{"@id":"https:\/\/elfsight.com\/pt\/#website"},"datePublished":"1970-01-01T00:00:00+00:00","dateModified":"2025-03-07T08:04:42+00:00","description":"Voc\u00ea pode ajustar o plugin responsivo Image Slider no editor e incorpor\u00e1-lo em seu site WooCommerce diretamente da demonstra\u00e7\u00e3o.","breadcrumb":{"@id":"https:\/\/elfsight.com\/pt\/slider-widget\/woocommerce\/#breadcrumb"},"inLanguage":"pt-PT","potentialAction":[{"@type":"ReadAction","target":["https:\/\/elfsight.com\/pt\/slider-widget\/woocommerce\/"]}]},{"@type":"BreadcrumbList","@id":"https:\/\/elfsight.com\/pt\/slider-widget\/woocommerce\/#breadcrumb","itemListElement":[{"@type":"ListItem","position":1,"name":"Home","item":"https:\/\/elfsight.com\/pt\/"},{"@type":"ListItem","position":2,"name":"Slider","item":"https:\/\/elfsight.com\/pt\/slider-widget\/"},{"@type":"ListItem","position":3,"name":"Slider &#8211; WooCommerce"}]},{"@type":"WebSite","@id":"https:\/\/elfsight.com\/pt\/#website","url":"https:\/\/elfsight.com\/pt\/","name":"Elfsight PT","description":"Just another Elfsight Sites site","potentialAction":[{"@type":"SearchAction","target":{"@type":"EntryPoint","urlTemplate":"https:\/\/elfsight.com\/pt\/?s={search_term_string}"},"query-input":{"@type":"PropertyValueSpecification","valueRequired":true,"valueName":"search_term_string"}}],"inLanguage":"pt-PT"}]}},"meta_box":{"industry":"","seo_heading":"","heading":"","description":"","cta_heading":"","cta_description":"","application":"947","h1":"Plug-in de controle deslizante de imagem WooCommerce","h1_caption":"a partir de US$ 0\/m\u00eas","application_category":[],"applications_title":"","applications_request_title":"","applications_request_button_text":"","hero_text":"","hero_video":"","hero_video_schema_markup":"","selling_points_title":"","selling_points_caption":"","selling_points":[],"selling_points_cta_text":"","features_title":"","features":"","ed_cta_examples_text":"","ed_cta_examples_hidden":"","ed_cta_demo_text":"","ed_cta_demo_hidden":"","why_caption":"","why_editor_title":"","why_editor_text":"","why_team_title":"","why_team_text":"","why_service_title":"","why_service_text":"","template_catalog_visible":"0","template_catalog_title":"","template_catalog_text":"","template_catalog_categories_visible":"","demo_title":"Crie seu aplicativo Slider","demo_caption":"Configure seu Slider e adicione-o ao seu site WooCommerce gratuitamente!","default_faq_hidden":"","app_template_category":[],"platform":"4920","template_public_id":"","codecanyon_url":"","codecanyon_item_id":"","codecanyon_price":"","pricing_caption":"","pricing_elfsight_apps_hide_column":"","pricing_elfsight_apps_url":"","pricing_codecanyon_price_caption":"","integration_category":[],"integration_request_title":"","integration_request_cta":"","integration_platform":"","integrations":[],"platform_category":[],"video_schema_markup":"","price":"a partir de US$ 0\/m\u00eas","trial":"","benefits":[{"text":"Ajuda de instala\u00e7\u00e3o gratuita"},{"text":"Atendimento ao cliente competente"},{"text":"Garantia de reembolso de 14 dias"},{"text":"Atualiza\u00e7\u00f5es gratuitas regulares"}],"button_url":"#demo","button_target_blank":"0","button_nofollow":"0","attributes":[{"name":"Instala\u00e7\u00f5es","content":"10,000 - 100,000","_state":"expanded"},{"name":"Responsivo","content":"Sim","_state":"expanded"},{"name":"Navegadores compat\u00edveis","content":"Firefox, Safari, Opera, Chrome, Edge"}],"tags":[],"tags_disable_links":"0","hide_more_platforms":"0","video_object":"","demo_hide_cta":"0","demo_hide_cloud_options":"0","pricing_title":"","pricing":[{"pricing_icon":"platform","pricing_title":"Elfsight Apps","pricing_title_caption":"Solu\u00e7\u00e3o digital multiplataforma que se adapta a qualquer site","pricing_price":"a partir de US$ 0\/m\u00eas","pricing_price_caption":"comece com um plano gratuito","pricing_benefits":[{"text":"Dom\u00ednios ilimitados"},{"text":"Suporte 24 horas por dia, 7 dias por semana e pontual"},{"text":"Suporte 24 horas por dia, 7 dias por semana e pontual"},{"text":"Design flex\u00edvel"}],"pricing_button_text":"Adicionar ao site","pricing_button_url":"#demo","_state":"expanded"}],"related_apps_title":"","related_apps_hidden":"1","author":"","image":[],"title":"","job":"","social_networks":[]},"_links":{"self":[{"href":"https:\/\/elfsight.com\/pt\/wp-json\/wp\/v2\/pages\/4547","targetHints":{"allow":["GET"]}}],"collection":[{"href":"https:\/\/elfsight.com\/pt\/wp-json\/wp\/v2\/pages"}],"about":[{"href":"https:\/\/elfsight.com\/pt\/wp-json\/wp\/v2\/types\/page"}],"author":[{"embeddable":true,"href":"https:\/\/elfsight.com\/pt\/wp-json\/wp\/v2\/users\/9"}],"replies":[{"embeddable":true,"href":"https:\/\/elfsight.com\/pt\/wp-json\/wp\/v2\/comments?post=4547"}],"version-history":[{"count":3,"href":"https:\/\/elfsight.com\/pt\/wp-json\/wp\/v2\/pages\/4547\/revisions"}],"predecessor-version":[{"id":14579,"href":"https:\/\/elfsight.com\/pt\/wp-json\/wp\/v2\/pages\/4547\/revisions\/14579"}],"up":[{"embeddable":true,"href":"https:\/\/elfsight.com\/pt\/wp-json\/wp\/v2\/pages\/948"}],"wp:attachment":[{"href":"https:\/\/elfsight.com\/pt\/wp-json\/wp\/v2\/media?parent=4547"}],"curies":[{"name":"wp","href":"https:\/\/api.w.org\/{rel}","templated":true}]}}