{"id":4545,"date":"1970-01-01T00:00:00","date_gmt":"1970-01-01T00:00:00","guid":{"rendered":"https:\/\/elfsight.com\/pt\/?page_id=4545"},"modified":"2025-03-06T14:17:00","modified_gmt":"2025-03-06T14:17:00","slug":"wix","status":"publish","type":"page","link":"https:\/\/elfsight.com\/pt\/photo-gallery-widget\/wix\/","title":{"rendered":"Photo Gallery &#8211; Wix"},"content":{"rendered":"\n<div class=\"application-platform-content-item-description application-platform-content-item\" id=\"description\" data-nav-section=\"description\"><h2>Descri\u00e7\u00e3o<\/h2> <p>Elfsight Gallery \u00e9 a maneira mais r\u00e1pida de organizar seus recursos visuais ou criar \u00e1lbuns espl\u00eandidos em seu site. Insira qualquer n\u00famero de fotos, escreva coment\u00e1rios e encontre a melhor maneira de coloc\u00e1-las na p\u00e1gina. Este widget oferece 6 layouts e v\u00e1rias outras op\u00e7\u00f5es de interface. Cada imagem pode ser aberta no modo pop-up, os usu\u00e1rios podem deslizar por elas ou ver uma apresenta\u00e7\u00e3o de slides, usar a op\u00e7\u00e3o de zoom e ver as fotos em tela cheia. Voc\u00ea tem a op\u00e7\u00e3o de colorir a interface do widget e fazer upload de um plano de fundo exclusivo, aplicar configura\u00e7\u00f5es de texto e mais varia\u00e7\u00f5es de estilo. <\/p> <p><b>Construa uma cole\u00e7\u00e3o de fotos imperd\u00edvel! <\/b><\/p> <div class=\"faq\" data-component=\"FAQ\"> <div class=\"faq-item\">\r\n\t\t\t\t\t<div class=\"faq-item-question\">\r\n\t\t\t\t\t\t<h3 class=\"faq-item-question-text\">Quais outras ferramentas para Wix voc\u00ea tem a oferecer? <\/h3>\r\n\r\n\t\t\t\t\t\t<div class=\"faq-item-question-icon\"><\/div>\r\n\t\t\t\t\t<\/div>\r\n\r\n\t\t\t\t\t<div class=\"faq-item-answer\">\r\n\t\t\t\t\t\t<div class=\"faq-item-answer-text\"> <p>Podemos oferecer diversas ferramentas diferentes para voc\u00ea atingir qualquer tipo de objetivo em seu site . Por exemplo, voc\u00ea pode usar estes widgets no in\u00edcio: <a href=\"https:\/\/elfsight.com\/pdf-embed-widget\/wix\/\">PDF Embed<\/a>, <a href=\"https:\/\/elfsight.com\/instagram-feed-instashow\/wix\/\">Feed do Instagram<\/a>, <a href=\"https:\/\/elfsight.com\/google-reviews-widget\/wix\/\">Google Reviews<\/a>, <a href=\"https:\/\/elfsight.com\/whatsapp-chat-widget\/wix\/\">Bate-papo do WhatsApp<\/a>, <a href=\"https:\/\/elfsight.com\/popup-widget\/wix\/\">Popup<\/a>.<\/p> <\/div>\r\n\t\t\t\t\t<\/div>\r\n\t\t\t\t<\/div> <div class=\"faq-item\">\r\n\t\t\t\t\t<div class=\"faq-item-question\">\r\n\t\t\t\t\t\t<h3 class=\"faq-item-question-text\">Como fa\u00e7o para incorporar o widget Galeria de Fotos no meu site Wix<\/h3>\r\n\r\n\t\t\t\t\t\t<div class=\"faq-item-question-icon\"><\/div>\r\n\t\t\t\t\t<\/div>\r\n\r\n\t\t\t\t\t<div class=\"faq-item-answer\">\r\n\t\t\t\t\t\t<div class=\"faq-item-answer-text\"> <p>Voc\u00ea pode adicionar o widget responsivo Galeria de Fotos? seu site Wix facilmente, para come\u00e7ar a exibir instantaneamente uma galeria responsiva com imagens e imagens em sua p\u00e1gina inicial. Basta abrir o tour gratuito do configurador e realizar as seguintes a\u00e7\u00f5es em seu site Wix: <\/p><ol><li>V\u00e1 para as configura\u00e7\u00f5es do tema. <\/li><li>Escolha o elemento onde deseja implementar a Galeria de Fotos. <\/li><li>Cole o c\u00f3digo do servi\u00e7o Elfsight Apps e aplique as altera\u00e7\u00f5es. <\/li><li>Voc\u00ea terminou. <\/li><\/ol><p>E <a href=\"https:\/\/elfsight.com\/tutorials\/how-to-add-photo-gallery-to-website\/#how-to-add-gallery-to-wix\">aqui<\/a> voc\u00ea tamb\u00e9m pode observar o guia de instala\u00e7\u00e3o completo para cada plataforma popular.<\/p><\/div>\r\n\t\t\t\t\t<\/div>\r\n\t\t\t\t<\/div> <div class=\"faq-item\">\r\n\t\t\t\t\t<div class=\"faq-item-question\">\r\n\t\t\t\t\t\t<h3 class=\"faq-item-question-text\">Existe uma maneira de ver seu widget Wix Photo Gallery em a\u00e7\u00e3o? <\/h3>\r\n\r\n\t\t\t\t\t\t<div class=\"faq-item-question-icon\"><\/div>\r\n\t\t\t\t\t<\/div>\r\n\r\n\t\t\t\t\t<div class=\"faq-item-answer\">\r\n\t\t\t\t\t\t<div class=\"faq-item-answer-text\"><p>Sim, criamos nossa <a href=\"https:\/\/elfsight.com\/photo-gallery-widget\/#demo\">demonstra\u00e7\u00e3o<\/a> ativa para que voc\u00ea possa faz\u00ea-la a qualquer momento querer. Al\u00e9m disso, voc\u00ea pode usar a demonstra\u00e7\u00e3o para adicionar o widget Galeria de Fotos ao seu site Wix.<\/p> <\/div>\r\n\t\t\t\t\t<\/div>\r\n\t\t\t\t<\/div> <\/div><\/div> <div class=\"application-platform-content-item-features application-platform-content-item\" id=\"features\" data-nav-section=\"features\"><h2>Recursos<\/h2> <p>Aqui est\u00e1 uma lista de todas as caracter\u00edsticas funcionais da Galeria de Fotos para Wix. Voc\u00ea pode ajust\u00e1-los diretamente no editor e eles o ajudar\u00e3o a moldar o widget mais adequado ao seu caso. <\/p> <ul> <li>Utilize CTAs para orientar seu p\u00fablico em dire\u00e7\u00e3o \u00e0 convers\u00e3o. <\/li> <li>Ajuste a dura\u00e7\u00e3o da mudan\u00e7a de slide. <\/li> <li>Escolha entre v\u00e1rios recursos de pagina\u00e7\u00e3o. <\/li> <li>Coloque o texto em qualquer lugar da p\u00e1gina por meio da posi\u00e7\u00e3o avan\u00e7ada. <\/li> <li>Ajuste 5 op\u00e7\u00f5es de conte\u00fado. <\/li> <\/ul> <p><a href=\"#demo\">Voc\u00ea pode testar todos os recursos do widget diretamente na demonstra\u00e7\u00e3o<\/a><\/p> <\/div> <div class=\"application-platform-content-item-installation application-platform-content-item\" id=\"installation\" data-nav-section=\"installation\"> <h2>Como adicionar uma galeria de fotos ao site Wix?<\/h2> <div class=\"video-container\"><iframe width=\"720\" height=\"405\" src=\"https:\/\/www.youtube.com\/embed\/SQ-3sdfQ6KU\" frameborder=\"0\" allowfullscreen=\"\"><\/iframe><\/div><p>Para adicionar um aplicativo, basta seguir estas etapas r\u00e1pidas. <\/p> <ol><li><b>Gere seu aplicativo Gallery personalizado<\/b><br> Usando nossa demonstra\u00e7\u00e3o gratuita, obtenha um widget com design e fun\u00e7\u00f5es preferidos. <\/li> <li><b>Adquira o c\u00f3digo pessoal para instalar a aplica\u00e7\u00e3o<\/b><br> Depois de configurar o seu widget, receber\u00e1 o seu c\u00f3digo de instala\u00e7\u00e3o a partir da notifica\u00e7\u00e3o que aparece nas aplica\u00e7\u00f5es Elfsight. Copie esse c\u00f3digo. <\/li> <li><b>Publique o aplicativo em seu site Wix<\/b><br> Escolha o local onde deseja revelar o widget e cole o c\u00f3digo salvo l\u00e1. Publique os resultados. <\/li> <li><b>Voc\u00ea concluiu a instala\u00e7\u00e3o com sucesso<\/b><br> Entre no seu site para ver seu aplicativo. <\/li> <\/ol> <p>Voc\u00ea pode entrar em contato com nosso atendimento ao cliente caso precise de ajuda ou tenha algo a perguntar. Daremos uma ajuda em todas as d\u00favidas. <\/p> <\/div>\n","protected":false},"excerpt":{"rendered":"","protected":false},"author":9,"featured_media":0,"parent":965,"menu_order":0,"comment_status":"closed","ping_status":"closed","template":"templates\/template-application-platform.php","meta":{"publish_to_discourse":"","publish_post_category":"","wpdc_auto_publish_overridden":"","wpdc_topic_tags":"","wpdc_pin_topic":"","wpdc_pin_until":"","discourse_post_id":"","discourse_permalink":"","wpdc_publishing_response":"","wpdc_publishing_error":"","footnotes":""},"class_list":["post-4545","page","type-page","status-publish","hentry"],"yoast_head":"<!-- This site is optimized with the Yoast SEO plugin v25.3.1 - https:\/\/yoast.com\/wordpress\/plugins\/seo\/ -->\n<title>Melhor widget de galeria de fotos para site Wix (gratuito e sem codifica\u00e7\u00e3o)<\/title>\n<meta name=\"description\" content=\"Adicione um plugin responsivo de Galeria de Fotos ao seu site Wix e obtenha confian\u00e7a total. Utilize a demonstra\u00e7\u00e3o f\u00e1cil de usar da Elfsight para criar o seu exclusivo.\" \/>\n<meta name=\"robots\" content=\"index, follow, max-snippet:-1, max-image-preview:large, max-video-preview:-1\" \/>\n<link rel=\"canonical\" href=\"https:\/\/elfsight.com\/pt\/photo-gallery-widget\/wix\/\" \/>\n<meta property=\"og:locale\" content=\"pt_PT\" \/>\n<meta property=\"og:type\" content=\"article\" \/>\n<meta property=\"og:title\" content=\"Melhor widget de galeria de fotos para site Wix (gratuito e sem codifica\u00e7\u00e3o)\" \/>\n<meta property=\"og:description\" content=\"Adicione um plugin responsivo de Galeria de Fotos ao seu site Wix e obtenha confian\u00e7a total. Utilize a demonstra\u00e7\u00e3o f\u00e1cil de usar da Elfsight para criar o seu exclusivo.\" \/>\n<meta property=\"og:url\" content=\"https:\/\/elfsight.com\/pt\/photo-gallery-widget\/wix\/\" \/>\n<meta property=\"og:site_name\" content=\"Elfsight PT\" \/>\n<meta property=\"article:modified_time\" content=\"2025-03-06T14:17:00+00:00\" \/>\n<meta name=\"twitter:card\" content=\"summary_large_image\" \/>\n<meta name=\"twitter:label1\" content=\"Tempo estimado de leitura\" \/>\n\t<meta name=\"twitter:data1\" content=\"3 minutos\" \/>\n<!-- \/ Yoast SEO plugin. -->","yoast_head_json":{"title":"Melhor widget de galeria de fotos para site Wix (gratuito e sem codifica\u00e7\u00e3o)","description":"Adicione um plugin responsivo de Galeria de Fotos ao seu site Wix e obtenha confian\u00e7a total. Utilize a demonstra\u00e7\u00e3o f\u00e1cil de usar da Elfsight para criar o seu exclusivo.","robots":{"index":"index","follow":"follow","max-snippet":"max-snippet:-1","max-image-preview":"max-image-preview:large","max-video-preview":"max-video-preview:-1"},"canonical":"https:\/\/elfsight.com\/pt\/photo-gallery-widget\/wix\/","og_locale":"pt_PT","og_type":"article","og_title":"Melhor widget de galeria de fotos para site Wix (gratuito e sem codifica\u00e7\u00e3o)","og_description":"Adicione um plugin responsivo de Galeria de Fotos ao seu site Wix e obtenha confian\u00e7a total. Utilize a demonstra\u00e7\u00e3o f\u00e1cil de usar da Elfsight para criar o seu exclusivo.","og_url":"https:\/\/elfsight.com\/pt\/photo-gallery-widget\/wix\/","og_site_name":"Elfsight PT","article_modified_time":"2025-03-06T14:17:00+00:00","twitter_card":"summary_large_image","twitter_misc":{"Tempo estimado de leitura":"3 minutos"},"schema":{"@context":"https:\/\/schema.org","@graph":[{"@type":"WebPage","@id":"https:\/\/elfsight.com\/pt\/photo-gallery-widget\/wix\/","url":"https:\/\/elfsight.com\/pt\/photo-gallery-widget\/wix\/","name":"Melhor widget de galeria de fotos para site Wix (gratuito e sem codifica\u00e7\u00e3o)","isPartOf":{"@id":"https:\/\/elfsight.com\/pt\/#website"},"datePublished":"1970-01-01T00:00:00+00:00","dateModified":"2025-03-06T14:17:00+00:00","description":"Adicione um plugin responsivo de Galeria de Fotos ao seu site Wix e obtenha confian\u00e7a total. Utilize a demonstra\u00e7\u00e3o f\u00e1cil de usar da Elfsight para criar o seu exclusivo.","breadcrumb":{"@id":"https:\/\/elfsight.com\/pt\/photo-gallery-widget\/wix\/#breadcrumb"},"inLanguage":"pt-PT","potentialAction":[{"@type":"ReadAction","target":["https:\/\/elfsight.com\/pt\/photo-gallery-widget\/wix\/"]}]},{"@type":"BreadcrumbList","@id":"https:\/\/elfsight.com\/pt\/photo-gallery-widget\/wix\/#breadcrumb","itemListElement":[{"@type":"ListItem","position":1,"name":"Home","item":"https:\/\/elfsight.com\/pt\/"},{"@type":"ListItem","position":2,"name":"Photo Gallery","item":"https:\/\/elfsight.com\/pt\/photo-gallery-widget\/"},{"@type":"ListItem","position":3,"name":"Photo Gallery &#8211; Wix"}]},{"@type":"WebSite","@id":"https:\/\/elfsight.com\/pt\/#website","url":"https:\/\/elfsight.com\/pt\/","name":"Elfsight PT","description":"Just another Elfsight Sites site","potentialAction":[{"@type":"SearchAction","target":{"@type":"EntryPoint","urlTemplate":"https:\/\/elfsight.com\/pt\/?s={search_term_string}"},"query-input":{"@type":"PropertyValueSpecification","valueRequired":true,"valueName":"search_term_string"}}],"inLanguage":"pt-PT"}]}},"meta_box":{"industry":"","seo_heading":"","heading":"","description":"","cta_heading":"","cta_description":"","application":"964","h1":"Aplicativo Galeria de Fotos Wix","h1_caption":"Revele suas fotos incr\u00edveis na p\u00e1gina","application_category":[],"applications_title":"","applications_request_title":"","applications_request_button_text":"","hero_text":"","hero_video":"","hero_video_schema_markup":"","selling_points_title":"","selling_points_caption":"","selling_points":[],"selling_points_cta_text":"","features_title":"","features":"","ed_cta_examples_text":"","ed_cta_examples_hidden":"","ed_cta_demo_text":"","ed_cta_demo_hidden":"","why_caption":"","why_editor_title":"","why_editor_text":"","why_team_title":"","why_team_text":"","why_service_title":"","why_service_text":"","template_catalog_visible":"0","template_catalog_title":"","template_catalog_text":"","template_catalog_categories_visible":"","demo_title":"Crie seu aplicativo Galeria de Fotos","demo_caption":"Configure sua Galeria de Fotos e adicione-a ao seu site Wix gratuitamente!","default_faq_hidden":"","app_template_category":[],"platform":"37","template_public_id":"","codecanyon_url":"","codecanyon_item_id":"","codecanyon_price":"","pricing_caption":"","pricing_elfsight_apps_hide_column":"","pricing_elfsight_apps_url":"","pricing_codecanyon_price_caption":"","integration_category":[],"integration_request_title":"","integration_request_cta":"","integration_platform":"","integrations":[],"platform_category":[],"video_schema_markup":"","price":"a partir de US$ 0\/m\u00eas","trial":"","benefits":[{"text":"Ajuda de instala\u00e7\u00e3o gratuita"},{"text":"Atendimento ao cliente competente"},{"text":"Garantia de devolu\u00e7\u00e3o do dinheiro em 14 dias"},{"text":"Desenvolvimento cont\u00ednuo"}],"button_url":"#demo","button_target_blank":"0","button_nofollow":"0","attributes":[{"name":"Instala\u00e7\u00f5es","content":"10,000 - 100,000","_state":"expanded"},{"name":"Responsivo","content":"Sim","_state":"expanded"},{"name":"Navegadores compat\u00edveis","content":"Safari, Edge, Chrome, Opera, Firefox"}],"tags":[],"tags_disable_links":"0","hide_more_platforms":"0","video_object":"","demo_hide_cta":"0","demo_hide_cloud_options":"0","pricing_title":"","pricing":[{"pricing_icon":"platform","pricing_title":"Elfsight Apps","pricing_title_caption":"Software multiplataforma que se adapta a qualquer site","pricing_price":"a partir de US$ 0\/m\u00eas","pricing_price_caption":"comece com plano gratuito","pricing_benefits":[{"text":"Sites ilimitados"},{"text":"Suporte gratuito e pontual"},{"text":"Suporte gratuito e pontual"},{"text":"Oferta especial para v\u00e1rios aplicativos"}],"pricing_button_text":"Adicionar ao site","pricing_button_url":"#demo","_state":"expanded"}],"related_apps_title":"","related_apps_hidden":"1","author":"","image":[],"title":"","job":"","social_networks":[]},"_links":{"self":[{"href":"https:\/\/elfsight.com\/pt\/wp-json\/wp\/v2\/pages\/4545","targetHints":{"allow":["GET"]}}],"collection":[{"href":"https:\/\/elfsight.com\/pt\/wp-json\/wp\/v2\/pages"}],"about":[{"href":"https:\/\/elfsight.com\/pt\/wp-json\/wp\/v2\/types\/page"}],"author":[{"embeddable":true,"href":"https:\/\/elfsight.com\/pt\/wp-json\/wp\/v2\/users\/9"}],"replies":[{"embeddable":true,"href":"https:\/\/elfsight.com\/pt\/wp-json\/wp\/v2\/comments?post=4545"}],"version-history":[{"count":3,"href":"https:\/\/elfsight.com\/pt\/wp-json\/wp\/v2\/pages\/4545\/revisions"}],"predecessor-version":[{"id":14484,"href":"https:\/\/elfsight.com\/pt\/wp-json\/wp\/v2\/pages\/4545\/revisions\/14484"}],"up":[{"embeddable":true,"href":"https:\/\/elfsight.com\/pt\/wp-json\/wp\/v2\/pages\/965"}],"wp:attachment":[{"href":"https:\/\/elfsight.com\/pt\/wp-json\/wp\/v2\/media?parent=4545"}],"curies":[{"name":"wp","href":"https:\/\/api.w.org\/{rel}","templated":true}]}}