{"id":4537,"date":"1970-01-01T00:00:00","date_gmt":"1970-01-01T00:00:00","guid":{"rendered":"https:\/\/elfsight.com\/pt\/?page_id=4537"},"modified":"2025-03-06T14:14:18","modified_gmt":"2025-03-06T14:14:18","slug":"weebly","status":"publish","type":"page","link":"https:\/\/elfsight.com\/pt\/photo-gallery-widget\/weebly\/","title":{"rendered":"Photo Gallery &#8211; Weebly"},"content":{"rendered":"\n<div class=\"application-platform-content-item-description application-platform-content-item\" id=\"description\" data-nav-section=\"description\"><h2>Descri\u00e7\u00e3o<\/h2> <p>A Galeria Elfsight \u00e9 a melhor forma de demonstrar imagens ou criar \u00e1lbuns elegantes no seu website. Coloque qualquer quantidade de fotos, coloque legendas e escolha a melhor forma de organiz\u00e1-las na p\u00e1gina. Nosso widget oferece seis variantes de layout e diversos outros recursos de interface. Cada imagem pode ser aberta em modo pop-up, os visitantes podem navegar por elas ou ver uma apresenta\u00e7\u00e3o de slides, usar a op\u00e7\u00e3o de zoom e abrir as imagens em tela cheia. Voc\u00ea pode pintar os elementos do widget e fazer upload de um plano de fundo personalizado, alterar op\u00e7\u00f5es de texto e mais oportunidades de estilo.<\/p> <p><b>Forme uma cole\u00e7\u00e3o de fotos imposs\u00edvel de perder! <\/b><\/p> <div class=\"faq\" data-component=\"FAQ\"> <div class=\"faq-item\">\r\n\t\t\t\t\t<div class=\"faq-item-question\">\r\n\t\t\t\t\t\t<h3 class=\"faq-item-question-text\">Quais exatamente outras ferramentas para o Weebly voc\u00ea pode oferecer? <\/h3>\r\n\r\n\t\t\t\t\t\t<div class=\"faq-item-question-icon\"><\/div>\r\n\t\t\t\t\t<\/div>\r\n\r\n\t\t\t\t\t<div class=\"faq-item-answer\">\r\n\t\t\t\t\t\t<div class=\"faq-item-answer-text\"> <p>Voc\u00ea pode experimentar v\u00e1rios aplicativos para qualquer finalidade em seu site, independentemente da sua esfera de neg\u00f3cios. . Escolha o que melhor combina com voc\u00ea: <a href=\"https:\/\/elfsight.com\/qr-code-widget\/weebly\/\">QR Code<\/a>, <a href=\"https:\/\/elfsight.com\/youtube-channel-plugin-yottie\/weebly\/\">Galeria do YouTube<\/a>, <a href=\"https:\/\/elfsight.com\/google-reviews-widget\/weebly\/\">Google Reviews<\/a>, <a href=\"https:\/\/elfsight.com\/pdf-embed-widget\/weebly\">Feed PDF<\/a>, <a href=\"https:\/\/elfsight.com\/search-widget\/weebly\/\"> Pesquise<\/a>.<\/p> <\/div>\r\n\t\t\t\t\t<\/div>\r\n\t\t\t\t<\/div> <div class=\"faq-item\">\r\n\t\t\t\t\t<div class=\"faq-item-question\">\r\n\t\t\t\t\t\t<h3 class=\"faq-item-question-text\">Como posso incorporar o aplicativo Weebly Photo Gallery em meu site? <\/h3>\r\n\r\n\t\t\t\t\t\t<div class=\"faq-item-question-icon\"><\/div>\r\n\t\t\t\t\t<\/div>\r\n\r\n\t\t\t\t\t<div class=\"faq-item-answer\">\r\n\t\t\t\t\t\t<div class=\"faq-item-answer-text\"> <p>Voc\u00ea pode adicionar nosso aplicativo Photo Gallery ao seu site Weebly para apresentar fotos e imagens em uma galeria responsiva. Basta abrir nosso configurador gratuito e realizar as seguintes a\u00e7\u00f5es para adicionar o widget ao seu site do Weebly: <\/p><ol><li>Clique nas configura\u00e7\u00f5es do tema. <\/li><li>Escolha o bloco onde deseja incorporar o aplicativo. <\/li><li>Incorpore o c\u00f3digo do servi\u00e7o Elfsight Apps e aplique as altera\u00e7\u00f5es. <\/li><li>Simples assim. <\/li><\/ol><p>E se voc\u00ea estiver procurando um guia completo sobre a instala\u00e7\u00e3o do widget em todas as plataformas populares, poder\u00e1 encontr\u00e1-lo <a href=\"https:\/\/elfsight.com\/tutorials\/how-to-add-photo-gallery-to-website\/#how-to-add-gallery-to-weebly\">aqui<\/a>.<\/p><\/div>\r\n\t\t\t\t\t<\/div>\r\n\t\t\t\t<\/div> <div class=\"faq-item\">\r\n\t\t\t\t\t<div class=\"faq-item-question\">\r\n\t\t\t\t\t\t<h3 class=\"faq-item-question-text\">Existe uma maneira testar seu aplicativo Weebly Photo Gallery quando estiver em uso <\/h3>\r\n\r\n\t\t\t\t\t\t<div class=\"faq-item-question-icon\"><\/div>\r\n\t\t\t\t\t<\/div>\r\n\r\n\t\t\t\t\t<div class=\"faq-item-answer\">\r\n\t\t\t\t\t\t<div class=\"faq-item-answer-text\"> <p>Claro! Voc\u00ea pode aplicar nossa <a href=\"https:\/\/elfsight.com\/photo-gallery-widget\/#demo\">demonstra\u00e7\u00e3o<\/a> ao vivo e tamb\u00e9m pode ajud\u00e1-lo a adicionar o aplicativo Galeria de Fotos ao seu site do Weebly. <\/div>\r\n\t\t\t\t\t<\/div>\r\n\t\t\t\t<\/div> <\/div><\/div> <div class=\"application-platform-content-item-features application-platform-content-item\" id=\"features\" data-nav-section=\"features\"><h2>Recursos<\/h2> <p>Veja todas as fun\u00e7\u00f5es da Galeria de Fotos do Weebly. Eles est\u00e3o dispon\u00edveis diretamente no editor e ajudar\u00e3o voc\u00ea a construir o widget de acordo com suas necessidades.<\/p> <ul> <li>Adicione CTAs para orientar os visitantes do site em dire\u00e7\u00e3o \u00e0 convers\u00e3o.<\/li> <li>Acostume a dura\u00e7\u00e3o da troca de slides. <\/li> <li>Escolha entre v\u00e1rios recursos de pagina\u00e7\u00e3o.<\/li> <li>Coloque seu conte\u00fado em qualquer lugar da p\u00e1gina por meio de posi\u00e7\u00e3o avan\u00e7ada.<\/li> <li>Ajuste 5 fun\u00e7\u00f5es de conte\u00fado.<\/li> <\/ul> <p><a href=\"#demo\">Teste todas as outras fun\u00e7\u00f5es na demonstra\u00e7\u00e3o<\/a><\/p> <\/div> <div class=\"application-platform-content-item-installation application-platform-content-item\" id=\"installation\" data-nav-section=\"installation\"><h2>Como adicionar um Galeria de fotos para o Weebly?<\/h2><div class=\"video-container\"><iframe width=\"720\" height=\"405\" src=\"https:\/\/www.youtube.com\/embed\/bVfGSyv6xVs\" frameborder=\"0\" allowfullscreen=\"\"><\/iframe><\/div><p>Para incorporar o widget, siga as diretrizes abaixo. <\/p> <ol><li><b>Gerencie nosso configurador gratuito e comece a criar seu pr\u00f3prio aplicativo. <\/b><br> Encontre a forma e funcionalidade adequadas do aplicativo e salve todas as modifica\u00e7\u00f5es. <\/li> <li><b>Receba o seu c\u00f3digo pessoal que aparece no formul\u00e1rio especial nas aplica\u00e7\u00f5es Elfsight. <\/b><br> Quando a configura\u00e7\u00e3o do seu aplicativo estiver conclu\u00edda, copie o c\u00f3digo pessoal no pop-up exibido e salve-o para uso posterior. <\/li> <li><b>Inicie a utiliza\u00e7\u00e3o do aplicativo em seu site do Weebly. <\/b><br> Adicione o c\u00f3digo que voc\u00ea salvou recentemente em seu site e salve as corre\u00e7\u00f5es. <\/li> <li><b>A configura\u00e7\u00e3o est\u00e1 totalmente conclu\u00edda. <\/b><br> Abra sua p\u00e1gina da web para examinar como o aplicativo est\u00e1 funcionando. <\/li><\/ol><p>N\u00e3o hesite em entrar em contato com o atendimento ao cliente da Elfsight caso precise de ajuda ou tenha d\u00favidas. Teremos o maior prazer em ajudar com todas as solicita\u00e7\u00f5es. <\/p> <\/div>\n","protected":false},"excerpt":{"rendered":"","protected":false},"author":9,"featured_media":0,"parent":965,"menu_order":0,"comment_status":"closed","ping_status":"closed","template":"templates\/template-application-platform.php","meta":{"publish_to_discourse":"","publish_post_category":"","wpdc_auto_publish_overridden":"","wpdc_topic_tags":"","wpdc_pin_topic":"","wpdc_pin_until":"","discourse_post_id":"","discourse_permalink":"","wpdc_publishing_response":"","wpdc_publishing_error":"","footnotes":""},"class_list":["post-4537","page","type-page","status-publish","hentry"],"yoast_head":"<!-- This site is optimized with the Yoast SEO plugin v25.3.1 - https:\/\/yoast.com\/wordpress\/plugins\/seo\/ -->\n<title>Galeria de fotos \u2013 Adicionar widget de galeria de fotos ao Weebly [2025]<\/title>\n<meta name=\"description\" content=\"Experimente gratuitamente o melhor plugin de galeria de fotos para Weebly. Um widget de galeria simples e r\u00e1pido que se integra sem habilidades de desenvolvimento.\" \/>\n<meta name=\"robots\" content=\"index, follow, max-snippet:-1, max-image-preview:large, max-video-preview:-1\" \/>\n<link rel=\"canonical\" href=\"https:\/\/elfsight.com\/pt\/photo-gallery-widget\/weebly\/\" \/>\n<meta property=\"og:locale\" content=\"pt_PT\" \/>\n<meta property=\"og:type\" content=\"article\" \/>\n<meta property=\"og:title\" content=\"Galeria de fotos \u2013 Adicionar widget de galeria de fotos ao Weebly [2025]\" \/>\n<meta property=\"og:description\" content=\"Experimente gratuitamente o melhor plugin de galeria de fotos para Weebly. Um widget de galeria simples e r\u00e1pido que se integra sem habilidades de desenvolvimento.\" \/>\n<meta property=\"og:url\" content=\"https:\/\/elfsight.com\/pt\/photo-gallery-widget\/weebly\/\" \/>\n<meta property=\"og:site_name\" content=\"Elfsight PT\" \/>\n<meta property=\"article:modified_time\" content=\"2025-03-06T14:14:18+00:00\" \/>\n<meta name=\"twitter:card\" content=\"summary_large_image\" \/>\n<meta name=\"twitter:label1\" content=\"Tempo estimado de leitura\" \/>\n\t<meta name=\"twitter:data1\" content=\"3 minutos\" \/>\n<!-- \/ Yoast SEO plugin. -->","yoast_head_json":{"title":"Galeria de fotos \u2013 Adicionar widget de galeria de fotos ao Weebly [2025]","description":"Experimente gratuitamente o melhor plugin de galeria de fotos para Weebly. Um widget de galeria simples e r\u00e1pido que se integra sem habilidades de desenvolvimento.","robots":{"index":"index","follow":"follow","max-snippet":"max-snippet:-1","max-image-preview":"max-image-preview:large","max-video-preview":"max-video-preview:-1"},"canonical":"https:\/\/elfsight.com\/pt\/photo-gallery-widget\/weebly\/","og_locale":"pt_PT","og_type":"article","og_title":"Galeria de fotos \u2013 Adicionar widget de galeria de fotos ao Weebly [2025]","og_description":"Experimente gratuitamente o melhor plugin de galeria de fotos para Weebly. Um widget de galeria simples e r\u00e1pido que se integra sem habilidades de desenvolvimento.","og_url":"https:\/\/elfsight.com\/pt\/photo-gallery-widget\/weebly\/","og_site_name":"Elfsight PT","article_modified_time":"2025-03-06T14:14:18+00:00","twitter_card":"summary_large_image","twitter_misc":{"Tempo estimado de leitura":"3 minutos"},"schema":{"@context":"https:\/\/schema.org","@graph":[{"@type":"WebPage","@id":"https:\/\/elfsight.com\/pt\/photo-gallery-widget\/weebly\/","url":"https:\/\/elfsight.com\/pt\/photo-gallery-widget\/weebly\/","name":"Galeria de fotos \u2013 Adicionar widget de galeria de fotos ao Weebly [2025]","isPartOf":{"@id":"https:\/\/elfsight.com\/pt\/#website"},"datePublished":"1970-01-01T00:00:00+00:00","dateModified":"2025-03-06T14:14:18+00:00","description":"Experimente gratuitamente o melhor plugin de galeria de fotos para Weebly. Um widget de galeria simples e r\u00e1pido que se integra sem habilidades de desenvolvimento.","breadcrumb":{"@id":"https:\/\/elfsight.com\/pt\/photo-gallery-widget\/weebly\/#breadcrumb"},"inLanguage":"pt-PT","potentialAction":[{"@type":"ReadAction","target":["https:\/\/elfsight.com\/pt\/photo-gallery-widget\/weebly\/"]}]},{"@type":"BreadcrumbList","@id":"https:\/\/elfsight.com\/pt\/photo-gallery-widget\/weebly\/#breadcrumb","itemListElement":[{"@type":"ListItem","position":1,"name":"Home","item":"https:\/\/elfsight.com\/pt\/"},{"@type":"ListItem","position":2,"name":"Photo Gallery","item":"https:\/\/elfsight.com\/pt\/photo-gallery-widget\/"},{"@type":"ListItem","position":3,"name":"Photo Gallery &#8211; Weebly"}]},{"@type":"WebSite","@id":"https:\/\/elfsight.com\/pt\/#website","url":"https:\/\/elfsight.com\/pt\/","name":"Elfsight PT","description":"Just another Elfsight Sites site","potentialAction":[{"@type":"SearchAction","target":{"@type":"EntryPoint","urlTemplate":"https:\/\/elfsight.com\/pt\/?s={search_term_string}"},"query-input":{"@type":"PropertyValueSpecification","valueRequired":true,"valueName":"search_term_string"}}],"inLanguage":"pt-PT"}]}},"meta_box":{"industry":"","seo_heading":"","heading":"","description":"","cta_heading":"","cta_description":"","application":"964","h1":"Widget da Galeria de Fotos do Weebly","h1_caption":"Revele suas fotos maravilhosas na p\u00e1gina","application_category":[],"applications_title":"","applications_request_title":"","applications_request_button_text":"","hero_text":"","hero_video":"","hero_video_schema_markup":"","selling_points_title":"","selling_points_caption":"","selling_points":[],"selling_points_cta_text":"","features_title":"","features":"","ed_cta_examples_text":"","ed_cta_examples_hidden":"","ed_cta_demo_text":"","ed_cta_demo_hidden":"","why_caption":"","why_editor_title":"","why_editor_text":"","why_team_title":"","why_team_text":"","why_service_title":"","why_service_text":"","template_catalog_visible":"0","template_catalog_title":"","template_catalog_text":"","template_catalog_categories_visible":"","demo_title":"Crie seu aplicativo Galeria de Fotos","demo_caption":"Configure sua galeria de fotos e adicione-a ao seu site do Weebly gratuitamente!","default_faq_hidden":"","app_template_category":[],"platform":"73","template_public_id":"","codecanyon_url":"","codecanyon_item_id":"","codecanyon_price":"","pricing_caption":"","pricing_elfsight_apps_hide_column":"","pricing_elfsight_apps_url":"","pricing_codecanyon_price_caption":"","integration_category":[],"integration_request_title":"","integration_request_cta":"","integration_platform":"","integrations":[],"platform_category":[],"video_schema_markup":"","price":"a partir de US$ 0\/m\u00eas","trial":"","benefits":[{"text":"Ajuda de instala\u00e7\u00e3o gratuita"},{"text":"Suporte ao cliente experiente"},{"text":"Garantia de reembolso de 14 dias"},{"text":"Atualiza\u00e7\u00f5es gratuitas cont\u00ednuas"}],"button_url":"#demo","button_target_blank":"0","button_nofollow":"0","attributes":[{"name":"Instala\u00e7\u00f5es","content":"10,000 - 100,000","_state":"expanded"},{"name":"Responsivo","content":"Sim","_state":"expanded"},{"name":"Navegadores compat\u00edveis","content":"Firefox, Safari, Opera, Chrome, Edge"}],"tags":[],"tags_disable_links":"0","hide_more_platforms":"0","video_object":"","demo_hide_cta":"0","demo_hide_cloud_options":"0","pricing_title":"","pricing":[{"pricing_icon":"platform","pricing_title":"Elfsight Apps","pricing_title_caption":"Software multiplataforma adequado para qualquer site","pricing_price":"a partir de US$ 0\/m\u00eas","pricing_price_caption":"comece com um plano gratuito","pricing_benefits":[{"text":"Dom\u00ednios ilimitados"},{"text":"Suporte 24 horas por dia, 7 dias por semana e bem documentado"},{"text":"Suporte 24 horas por dia, 7 dias por semana e bem documentado"},{"text":"Design flex\u00edvel"}],"pricing_button_text":"Adicionar ao site","pricing_button_url":"#demo","_state":"expanded"}],"related_apps_title":"","related_apps_hidden":"1","author":"","image":[],"title":"","job":"","social_networks":[]},"_links":{"self":[{"href":"https:\/\/elfsight.com\/pt\/wp-json\/wp\/v2\/pages\/4537","targetHints":{"allow":["GET"]}}],"collection":[{"href":"https:\/\/elfsight.com\/pt\/wp-json\/wp\/v2\/pages"}],"about":[{"href":"https:\/\/elfsight.com\/pt\/wp-json\/wp\/v2\/types\/page"}],"author":[{"embeddable":true,"href":"https:\/\/elfsight.com\/pt\/wp-json\/wp\/v2\/users\/9"}],"replies":[{"embeddable":true,"href":"https:\/\/elfsight.com\/pt\/wp-json\/wp\/v2\/comments?post=4537"}],"version-history":[{"count":4,"href":"https:\/\/elfsight.com\/pt\/wp-json\/wp\/v2\/pages\/4537\/revisions"}],"predecessor-version":[{"id":14482,"href":"https:\/\/elfsight.com\/pt\/wp-json\/wp\/v2\/pages\/4537\/revisions\/14482"}],"up":[{"embeddable":true,"href":"https:\/\/elfsight.com\/pt\/wp-json\/wp\/v2\/pages\/965"}],"wp:attachment":[{"href":"https:\/\/elfsight.com\/pt\/wp-json\/wp\/v2\/media?parent=4537"}],"curies":[{"name":"wp","href":"https:\/\/api.w.org\/{rel}","templated":true}]}}