{"id":4536,"date":"1970-01-01T00:00:00","date_gmt":"1970-01-01T00:00:00","guid":{"rendered":"https:\/\/elfsight.com\/pt\/?page_id=4536"},"modified":"2025-01-31T12:02:27","modified_gmt":"2025-01-31T12:02:27","slug":"weebly","status":"publish","type":"page","link":"https:\/\/elfsight.com\/pt\/popup-widget\/weebly\/","title":{"rendered":"Popup &#8211; Weebly"},"content":{"rendered":"\n<div class=\"application-platform-content-item-description application-platform-content-item\" id=\"description\" data-nav-section=\"description\"> <h2>Descri\u00e7\u00e3o<\/h2> <p>Atrav\u00e9s do widget Popup da Elfsight, todos t\u00eam a oportunidade de criar pop-ups personalizados de todos os tipos e apresent\u00e1-los no P\u00e1ginas da web do Weebly. Construa um pop-up aut\u00eantico, com a ajuda de diversos elementos. Defina o estilo e posicionamento perfeitos; atribua o gatilho de ativa\u00e7\u00e3o e ajuste a frequ\u00eancia para aumentar sua efic\u00e1cia. Os pop-ups permitir\u00e3o que as pessoas assinem seus e-mails, conhe\u00e7am seus produtos ou servi\u00e7os, usem cupons de desconto, participem de suas vendas e ofertas especiais, sejam notificados sobre eventos importantes em seu site do Weebly e muito mais.<\/p> <p><b>Os pop-ups ajudar\u00e3o voc\u00ea a vender com mais efici\u00eancia, anunciar atividades futuras, coletar impress\u00f5es e inscritos e muito mais.<\/b><\/p><\/div><div class=\"application-platform-content-item-features application-platform-content-item\" id=\"features\" data-nav-section=\"features\"> <h2>Principais caracter\u00edsticas do plugin Popup<\/h2> <p>Verifique todas as fun\u00e7\u00f5es do widget. Voc\u00ea pode configur\u00e1-los diretamente no editor e eles o ajudar\u00e3o a moldar o widget especialmente para o seu caso. <\/p> <ul><li>12 componentes de conte\u00fado para configurar um pop-up;<\/li> <li>5 layouts de pop-up inclu\u00eddos para v\u00e1rios casos;<\/li> <li>Colocar bot\u00f5es para redirecionar usu\u00e1rios para qualquer endere\u00e7o;<\/li> <li>Fazer upload de uma imagem para o plano de fundo;<\/li> <li>O pop-up pode aparecer ap\u00f3s um certo tempo na p\u00e1gina ou quantidade de rolagem;<\/li> <li>Acionadores de pop-up: clicar em um determinado elemento ou rolando para baixo at\u00e9 ele.<\/li> <\/ul> <p><a href=\"#demo\">Voc\u00ea pode experimentar todas as caracter\u00edsticas funcionais do widget diretamente na demonstra\u00e7\u00e3o<\/a><\/p> <\/div><div class=\"application-platform-content-item-instala\u00e7\u00e3o application-platform-content-item\" id=\"instala\u00e7\u00e3o\" data-nav-section=\"instala\u00e7\u00e3o\"><h2>Como adicionar um pop-up no site do Weebly?<\/h2> <div class=\"video-container\"><iframe width=\"720\" height=\"405\" src=\"https:\/\/www.youtube.com\/embed\/u_FgjQxT7Kg\" frameborder=\"0\" allowfullscreen=\"\"><\/iframe><\/div><p>Para adicionar o widget, basta seguir estas etapas r\u00e1pidas:<\/p> <ol> <li><b>Execute nosso editor gratuito e comece a criar seu aplicativo personalizado. <\/b><br> Escolha o layout preferido para sua janela pop-up do Weebly e aspectos do aplicativo e aplique todas as modifica\u00e7\u00f5es. <\/li> <li><b>Receba o seu c\u00f3digo pessoal demonstrado na janela das Apps Elfsight. <\/b><br> Assim que o estabelecimento do seu aplicativo pessoal for conclu\u00eddo, copie o seu c\u00f3digo no pop-up exibido e salve-o para uso posterior. <\/li> <li><b>Inicie o uso do aplicativo em sua p\u00e1gina do Weebly. <\/b><br> Implemente o c\u00f3digo que voc\u00ea copiou recentemente em seu site e aplique as modifica\u00e7\u00f5es. <\/li> <li><b>A instala\u00e7\u00e3o foi realizada com sucesso. <\/b><br> Abra seu site para inspecionar o desempenho do aplicativo. O widget aparecer\u00e1 em um site do Weebly assim que isso<\/li><\/ol><p>N\u00e3o hesite em entrar em contato com o atendimento ao cliente da Elfsight caso precise de ajuda com a instala\u00e7\u00e3o do Weebly ou tenha alguma d\u00favida. Ficaremos felizes em ajudar com qualquer d\u00favida.<\/p> \n<div class=\"faq\" data-component=\"FAQ\"> \n<div class=\"faq-item\">\r\n\t\t\t\t\t<div class=\"faq-item-question\">\r\n\t\t\t\t\t\t<h3 class=\"faq-item-question-text\">Como posso adicionar um Popup ao meu site Weebly?<\/h3>\r\n\r\n\t\t\t\t\t\t<div class=\"faq-item-question-icon\"><\/div>\r\n\t\t\t\t\t<\/div>\r\n\r\n\t\t\t\t\t<div class=\"faq-item-answer\">\r\n\t\t\t\t\t\t<div class=\"faq-item-answer-text\">\n<p>Para adicionar um popup ao seu site Weebly, use o editor Elfsight para criar seu aplicativo. N\u00e3o \u00e9 necess\u00e1rio ter habilidades de programa\u00e7\u00e3o, pois o construtor de popups possui uma interface f\u00e1cil de usar, permitindo que qualquer pessoa crie e personalize a notifica\u00e7\u00e3o. Basta copiar o trecho de c\u00f3digo HTML gerado e inseri-lo no seu CMS Weebly.<\/p> \n<\/div>\r\n\t\t\t\t\t<\/div>\r\n\t\t\t\t<\/div>\n\n<div class=\"faq-item\">\r\n\t\t\t\t\t<div class=\"faq-item-question\">\r\n\t\t\t\t\t\t<h3 class=\"faq-item-question-text\">O criador de popups \u00e9 gratuito?<\/h3>\r\n\r\n\t\t\t\t\t\t<div class=\"faq-item-question-icon\"><\/div>\r\n\t\t\t\t\t<\/div>\r\n\r\n\t\t\t\t\t<div class=\"faq-item-answer\">\r\n\t\t\t\t\t\t<div class=\"faq-item-answer-text\">\n<p>Sim, a ferramenta de popups para Weebly est\u00e1 dispon\u00edvel gratuitamente, permitindo que clientes com or\u00e7amento limitado aproveitem essa ferramenta \u00fatil. Tamb\u00e9m existem planos pagos que oferecem benef\u00edcios adicionais.<\/p>\n<\/div>\r\n\t\t\t\t\t<\/div>\r\n\t\t\t\t<\/div>\n\n<div class=\"faq-item\">\r\n\t\t\t\t\t<div class=\"faq-item-question\">\r\n\t\t\t\t\t\t<h3 class=\"faq-item-question-text\">Qual \u00e9 o melhor local para adicionar o banner popup no meu site?<\/h3>\r\n\r\n\t\t\t\t\t\t<div class=\"faq-item-question-icon\"><\/div>\r\n\t\t\t\t\t<\/div>\r\n\r\n\t\t\t\t\t<div class=\"faq-item-answer\">\r\n\t\t\t\t\t\t<div class=\"faq-item-answer-text\">\n<p>Com o nosso criador de popups, voc\u00ea pode desenvolver:\n<ul>\n <li>Aplicativo de popup em tela cheia para captar a aten\u00e7\u00e3o instant\u00e2nea dos seus usu\u00e1rios;<\/li>\n <li>Popup flutuante para engajar os usu\u00e1rios enquanto navegam pelo seu site;<\/li> \n<li>Aplicativo no rodap\u00e9, cabe\u00e7alho e barra lateral para manter sua mensagem em destaque sem interromper a experi\u00eancia do usu\u00e1rio.<\/li> \n<\/ul>\n <p>Esses posicionamentos din\u00e2micos permitem um posicionamento estrat\u00e9gico, garantindo que seus popups de banner chamem a aten\u00e7\u00e3o e aumentem o engajamento.<\/p>\n<\/div>\r\n\t\t\t\t\t<\/div>\r\n\t\t\t\t<\/div>\n\n<div class=\"faq-item\">\r\n\t\t\t\t\t<div class=\"faq-item-question\">\r\n\t\t\t\t\t\t<h3 class=\"faq-item-question-text\">Que tipos de aplicativos de popup no Weebly posso criar com o Elfsight?<\/h3>\r\n\r\n\t\t\t\t\t\t<div class=\"faq-item-question-icon\"><\/div>\r\n\t\t\t\t\t<\/div>\r\n\r\n\t\t\t\t\t<div class=\"faq-item-answer\">\r\n\t\t\t\t\t\t<div class=\"faq-item-answer-text\">\n<p>Voc\u00ea pode criar uma variedade de popups voltados para diferentes objetivos.<\/p>\n<p>Por exemplo, voc\u00ea pode criar um popup de inscri\u00e7\u00e3o na newsletter para incentivar os visitantes a se inscreverem na sua lista de e-mails, um popup promocional para aumentar as vendas oferecendo ofertas VIP, ou um popup de desconto para destacar ofertas rel\u00e2mpago e motivar compras.<\/p>\n<p>No total, mais de <a href=\"https:\/\/elfsight.com\/popup-widget\/templates\/\" target=\"_blank\" rel=\"noopener\">100+ templates de popups<\/a> est\u00e3o dispon\u00edveis, para que voc\u00ea possa facilmente escolher o melhor design para seus objetivos.<\/p>\n<\/div>\r\n\t\t\t\t\t<\/div>\r\n\t\t\t\t<\/div>\n\n<div class=\"faq-item\">\r\n\t\t\t\t\t<div class=\"faq-item-question\">\r\n\t\t\t\t\t\t<h3 class=\"faq-item-question-text\">Quais gatilhos est\u00e3o dispon\u00edveis para abrir o popup?<\/h3>\r\n\r\n\t\t\t\t\t\t<div class=\"faq-item-question-icon\"><\/div>\r\n\t\t\t\t\t<\/div>\r\n\r\n\t\t\t\t\t<div class=\"faq-item-answer\">\r\n\t\t\t\t\t\t<div class=\"faq-item-answer-text\">\n<p>Com o aplicativo de popup do Elfsight, voc\u00ea tem v\u00e1rios gatilhos para controlar quando sua notifica\u00e7\u00e3o ser\u00e1 aberta. Voc\u00ea pode configur\u00e1-lo para aparecer ao carregar a p\u00e1gina, ap\u00f3s um tempo espec\u00edfico na p\u00e1gina ou quando o usu\u00e1rio navegar at\u00e9 um determinado local na p\u00e1gina.<\/p>\n<p>Al\u00e9m disso, os popups podem ser ativados por clique, quando o cliente tentar sair do site, ou por um bot\u00e3o de CTA para ativar manualmente o popup. Esses gatilhos flex\u00edveis ajudam a personalizar o agendamento do aplicativo para maximizar o engajamento.<\/p>\n<\/div>\r\n\t\t\t\t\t<\/div>\r\n\t\t\t\t<\/div>\n<\/div>\n<\/div>\n","protected":false},"excerpt":{"rendered":"","protected":false},"author":9,"featured_media":0,"parent":542,"menu_order":0,"comment_status":"closed","ping_status":"closed","template":"templates\/template-application-platform.php","meta":{"publish_to_discourse":"","publish_post_category":"","wpdc_auto_publish_overridden":"","wpdc_topic_tags":"","wpdc_pin_topic":"","wpdc_pin_until":"","discourse_post_id":"","discourse_permalink":"","wpdc_publishing_response":"","wpdc_publishing_error":"","footnotes":""},"class_list":["post-4536","page","type-page","status-publish","hentry"],"yoast_head":"<!-- This site is optimized with the Yoast SEO plugin v25.3.1 - https:\/\/yoast.com\/wordpress\/plugins\/seo\/ -->\n<title>Adicione um plugin Popup a um site do Weebly<\/title>\n<meta name=\"description\" content=\"Crie um pop-up no Weebly sem codifica\u00e7\u00e3o!\" \/>\n<meta name=\"robots\" content=\"index, follow, max-snippet:-1, max-image-preview:large, max-video-preview:-1\" \/>\n<link rel=\"canonical\" href=\"https:\/\/elfsight.com\/pt\/popup-widget\/weebly\/\" \/>\n<meta property=\"og:locale\" content=\"pt_PT\" \/>\n<meta property=\"og:type\" content=\"article\" \/>\n<meta property=\"og:title\" content=\"Adicione um plugin Popup a um site do Weebly\" \/>\n<meta property=\"og:description\" content=\"Crie um pop-up no Weebly sem codifica\u00e7\u00e3o!\" \/>\n<meta property=\"og:url\" content=\"https:\/\/elfsight.com\/pt\/popup-widget\/weebly\/\" \/>\n<meta property=\"og:site_name\" content=\"Elfsight PT\" \/>\n<meta property=\"article:modified_time\" content=\"2025-01-31T12:02:27+00:00\" \/>\n<meta name=\"twitter:card\" content=\"summary_large_image\" \/>\n<meta name=\"twitter:label1\" content=\"Tempo estimado de leitura\" \/>\n\t<meta name=\"twitter:data1\" content=\"5 minutos\" \/>\n<!-- \/ Yoast SEO plugin. -->","yoast_head_json":{"title":"Adicione um plugin Popup a um site do Weebly","description":"Crie um pop-up no Weebly sem codifica\u00e7\u00e3o!","robots":{"index":"index","follow":"follow","max-snippet":"max-snippet:-1","max-image-preview":"max-image-preview:large","max-video-preview":"max-video-preview:-1"},"canonical":"https:\/\/elfsight.com\/pt\/popup-widget\/weebly\/","og_locale":"pt_PT","og_type":"article","og_title":"Adicione um plugin Popup a um site do Weebly","og_description":"Crie um pop-up no Weebly sem codifica\u00e7\u00e3o!","og_url":"https:\/\/elfsight.com\/pt\/popup-widget\/weebly\/","og_site_name":"Elfsight PT","article_modified_time":"2025-01-31T12:02:27+00:00","twitter_card":"summary_large_image","twitter_misc":{"Tempo estimado de leitura":"5 minutos"},"schema":{"@context":"https:\/\/schema.org","@graph":[{"@type":"WebPage","@id":"https:\/\/elfsight.com\/pt\/popup-widget\/weebly\/","url":"https:\/\/elfsight.com\/pt\/popup-widget\/weebly\/","name":"Adicione um plugin Popup a um site do Weebly","isPartOf":{"@id":"https:\/\/elfsight.com\/pt\/#website"},"datePublished":"1970-01-01T00:00:00+00:00","dateModified":"2025-01-31T12:02:27+00:00","description":"Crie um pop-up no Weebly sem codifica\u00e7\u00e3o!","breadcrumb":{"@id":"https:\/\/elfsight.com\/pt\/popup-widget\/weebly\/#breadcrumb"},"inLanguage":"pt-PT","potentialAction":[{"@type":"ReadAction","target":["https:\/\/elfsight.com\/pt\/popup-widget\/weebly\/"]}]},{"@type":"BreadcrumbList","@id":"https:\/\/elfsight.com\/pt\/popup-widget\/weebly\/#breadcrumb","itemListElement":[{"@type":"ListItem","position":1,"name":"Home","item":"https:\/\/elfsight.com\/pt\/"},{"@type":"ListItem","position":2,"name":"Popup","item":"https:\/\/elfsight.com\/pt\/popup-widget\/"},{"@type":"ListItem","position":3,"name":"Popup &#8211; Weebly"}]},{"@type":"WebSite","@id":"https:\/\/elfsight.com\/pt\/#website","url":"https:\/\/elfsight.com\/pt\/","name":"Elfsight PT","description":"Just another Elfsight Sites site","potentialAction":[{"@type":"SearchAction","target":{"@type":"EntryPoint","urlTemplate":"https:\/\/elfsight.com\/pt\/?s={search_term_string}"},"query-input":{"@type":"PropertyValueSpecification","valueRequired":true,"valueName":"search_term_string"}}],"inLanguage":"pt-PT"}]}},"meta_box":{"industry":"","seo_heading":"","heading":"","description":"","cta_heading":"","cta_description":"","application":"541","h1":"Weebly pop-up","h1_caption":"Organize qualquer tipo de pop-up para anunciar ofertas especiais e aumentar as vendas","application_category":[],"applications_title":"","applications_request_title":"","applications_request_button_text":"","hero_text":"","hero_video":"","hero_video_schema_markup":"","selling_points_title":"","selling_points_caption":"","selling_points":[],"selling_points_cta_text":"","features_title":"","features":"","ed_cta_examples_text":"","ed_cta_examples_hidden":"","ed_cta_demo_text":"","ed_cta_demo_hidden":"","why_caption":"","why_editor_title":"","why_editor_text":"","why_team_title":"","why_team_text":"","why_service_title":"","why_service_text":"","template_catalog_visible":"0","template_catalog_title":"","template_catalog_text":"","template_catalog_categories_visible":"","demo_title":"Crie seu aplicativo pop-up","demo_caption":"Configure seu Popup e adicione-o ao seu site do Weebly gratuitamente!","default_faq_hidden":"","app_template_category":[],"platform":"73","template_public_id":"","codecanyon_url":"","codecanyon_item_id":"","codecanyon_price":"","pricing_caption":"","pricing_elfsight_apps_hide_column":"","pricing_elfsight_apps_url":"","pricing_codecanyon_price_caption":"","integration_category":[],"integration_request_title":"","integration_request_cta":"","integration_platform":"","integrations":[],"platform_category":[],"video_schema_markup":"","price":"a partir de US$ 0\/m\u00eas","trial":"","benefits":[{"text":"Assist\u00eancia de instala\u00e7\u00e3o gratuita"},{"text":"Suporte excepcional"},{"text":"Garantia de reembolso de 14 dias"},{"text":"Atualizando constantemente"}],"button_url":"#demo","button_target_blank":"0","button_nofollow":"0","attributes":[{"name":"Instala\u00e7\u00f5es","content":"100,000 - 500,000","_state":"expanded"},{"name":"Responsivo","content":"Sim","_state":"expanded"},{"name":"Navegadores compat\u00edveis","content":"Firefox, Safari, Opera, Chrome, Edge"}],"tags":[],"tags_disable_links":"0","hide_more_platforms":"","video_object":"","demo_hide_cta":"0","demo_hide_cloud_options":"0","pricing_title":"","pricing":[{"pricing_icon":"platform","pricing_title":"Elfsight Apps","pricing_title_caption":"Solu\u00e7\u00e3o multiplataforma","pricing_price":"a partir de US$ 0\/m\u00eas","pricing_price_caption":"comece com um plano gratuito","pricing_benefits":[{"text":"Dom\u00ednios ilimitados"},{"text":"Suporte gratuito da empresa e bem documentado"},{"text":"Suporte gratuito da empresa e bem documentado"},{"text":"100% personaliz\u00e1vel"}],"pricing_button_text":"Adicionar ao site","pricing_button_url":"#demo","_state":"expanded"}],"related_apps_title":"","related_apps_hidden":"1","author":"","image":[],"title":"","job":"","social_networks":[]},"_links":{"self":[{"href":"https:\/\/elfsight.com\/pt\/wp-json\/wp\/v2\/pages\/4536","targetHints":{"allow":["GET"]}}],"collection":[{"href":"https:\/\/elfsight.com\/pt\/wp-json\/wp\/v2\/pages"}],"about":[{"href":"https:\/\/elfsight.com\/pt\/wp-json\/wp\/v2\/types\/page"}],"author":[{"embeddable":true,"href":"https:\/\/elfsight.com\/pt\/wp-json\/wp\/v2\/users\/9"}],"replies":[{"embeddable":true,"href":"https:\/\/elfsight.com\/pt\/wp-json\/wp\/v2\/comments?post=4536"}],"version-history":[{"count":4,"href":"https:\/\/elfsight.com\/pt\/wp-json\/wp\/v2\/pages\/4536\/revisions"}],"predecessor-version":[{"id":13726,"href":"https:\/\/elfsight.com\/pt\/wp-json\/wp\/v2\/pages\/4536\/revisions\/13726"}],"up":[{"embeddable":true,"href":"https:\/\/elfsight.com\/pt\/wp-json\/wp\/v2\/pages\/542"}],"wp:attachment":[{"href":"https:\/\/elfsight.com\/pt\/wp-json\/wp\/v2\/media?parent=4536"}],"curies":[{"name":"wp","href":"https:\/\/api.w.org\/{rel}","templated":true}]}}