{"id":4531,"date":"1970-01-01T00:00:00","date_gmt":"1970-01-01T00:00:00","guid":{"rendered":"https:\/\/elfsight.com\/pt\/?page_id=4531"},"modified":"2025-03-07T08:01:19","modified_gmt":"2025-03-07T08:01:19","slug":"weebly","status":"publish","type":"page","link":"https:\/\/elfsight.com\/pt\/slider-widget\/weebly\/","title":{"rendered":"Slider &#8211; Weebly"},"content":{"rendered":"\n<div class=\"application-platform-content-item-description application-platform-content-item\" id=\"description\" data-nav-section=\"description\"><h2>Descri\u00e7\u00e3o<\/h2> <p>Elfsight Photo &amp; Image Slider \u00e9 um plugin simples e responsivo que permite atrair a aten\u00e7\u00e3o dos visitantes do site, mostrando v\u00e1rias imagens, v\u00eddeos ou as melhores ofertas em seu site. Use quantos slides voc\u00ea precisar para demonstrar seus produtos e destacar neg\u00f3cios importantes. Adicione efeitos especiais e dimensione a dimens\u00e3o da imagem\/v\u00eddeo da maneira que desejar. Usando nossa ferramenta, voc\u00ea conseguir\u00e1 criar um controle deslizante not\u00e1vel que chamar\u00e1 a aten\u00e7\u00e3o dos visitantes do site e n\u00e3o permitir\u00e1 que eles saiam de sua p\u00e1gina t\u00e3o cedo.<\/p><\/div><div class=\"application-platform-content-item-features application-platform-content-item\" id=\"features\" data-nav-section=\"features\"><h2>Recursos <\/h2><p>Confira uma lista de todas as caracter\u00edsticas funcionais do produto. Eles est\u00e3o dispon\u00edveis diretamente no editor e ajudar\u00e3o voc\u00ea a moldar o plug-in para atender \u00e0s suas necessidades.<\/p><ul><li>Use bot\u00f5es de CTA para orientar os usu\u00e1rios em dire\u00e7\u00e3o \u00e0 convers\u00e3o.<\/li><li>Alterar a troca de slides dura\u00e7\u00e3o.<\/li><li>Escolha entre variantes de pagina\u00e7\u00e3o.<\/li><li>Coloque seu conte\u00fado em qualquer lugar da p\u00e1gina com a ajuda da posi\u00e7\u00e3o avan\u00e7ada.<\/li><li>Modifique 5 elementos de conte\u00fado.<\/li><\/ul><p><a href=\"#demo\">Veja como todos os recursos funcionam em nossa demonstra\u00e7\u00e3o<\/a><\/p><\/div><div class=\"application-platform-content-item-installation application-platform-content-item\" id=\"installation\" data-nav-section=\"installation\"><h2>Como integrar o Image Slider ao site do Weebly?<\/h2><div class=\"video-container\"><iframe width=\"720\" height=\"405\" src=\"https:\/\/www.youtube.com\/embed\/T3gJwAAAwiI\" frameborder=\"0\" allowfullscreen><\/iframe><\/div> <p>Para apresentar o produto, basta seguir as orienta\u00e7\u00f5es abaixo.<\/p><ol><li><b>Gerencie nossa demonstra\u00e7\u00e3o gratuita e comece a criar seu aplicativo exclusivo. <\/b><br> Especifique a interface selecionada e o desempenho do aplicativo e aplique todas as edi\u00e7\u00f5es. <\/li> <li><b>Adquira o seu c\u00f3digo individual demonstrado na janela das aplica\u00e7\u00f5es Elfsight. <\/b><br> Logo ap\u00f3s a gera\u00e7\u00e3o do seu aplicativo pessoal, copie o c\u00f3digo individual na janela que aparece e guarde-o para uso futuro. <\/li> <li><b>Comece a aplicar o aplicativo na sua p\u00e1gina do Weebly. <\/b><br> Coloque o c\u00f3digo salvo anteriormente em seu site e aplique as modifica\u00e7\u00f5es. <\/li> <li><b>Pronto! A incorpora\u00e7\u00e3o est\u00e1 totalmente conclu\u00edda. <\/b><br> Acesse seu site para inspecionar o funcionamento do aplicativo. <\/li><\/ol><p>N\u00e3o hesite em entrar em contato com o atendimento ao cliente da Elfsight quando precisar de assist\u00eancia ou tiver d\u00favidas. Teremos todo o prazer em ajudar com todas as quest\u00f5es.<\/p><div class=\"faq\" data-component=\"FAQ\"><div class=\"faq-item\">\r\n\t\t\t\t\t<div class=\"faq-item-question\">\r\n\t\t\t\t\t\t<h3 class=\"faq-item-question-text\">Como posso adicionar o Slider ao meu site Weebly sem experi\u00eancia em codifica\u00e7\u00e3o?<\/h3>\r\n\r\n\t\t\t\t\t\t<div class=\"faq-item-question-icon\"><\/div>\r\n\t\t\t\t\t<\/div>\r\n\r\n\t\t\t\t\t<div class=\"faq-item-answer\">\r\n\t\t\t\t\t\t<div class=\"faq-item-answer-text\"> <p>A empresa Elfsight oferece uma solu\u00e7\u00e3o que permite aos propriet\u00e1rios de sites gerar um aplicativo Slider voc\u00ea mesmo, descubra as etapas simples: Comece a trabalhar diretamente no Editor on-line para gerar um aplicativo Slider que voc\u00ea gostaria de adicionar ao seu site do Weebly. Clique em um dos diversos modelos prontos e ajuste as configura\u00e7\u00f5es do Slider, altere o layout e as cores, adicione seu conte\u00fado, sem codifica\u00e7\u00e3o. Clique para salvar as configura\u00e7\u00f5es feitas no Slider e obter seu c\u00f3digo de instala\u00e7\u00e3o, que pode ser inclu\u00eddo em qualquer site do Weebly sem comprar uma vers\u00e3o paga. Com a ajuda do Editor simples, cada usu\u00e1rio da Internet pode criar o Slider e simplesmente col\u00e1-lo em qualquer site do Weebly. Voc\u00ea n\u00e3o deve obter uma assinatura paga ou enviar as credenciais do seu cart\u00e3o para entrar no servi\u00e7o. Se voc\u00ea encontrar algum obst\u00e1culo em qualquer etapa, n\u00e3o hesite em falar com nossa equipe de suporte t\u00e9cnico.<\/p> <\/div>\r\n\t\t\t\t\t<\/div>\r\n\t\t\t\t<\/div> <\/div><\/div>\n","protected":false},"excerpt":{"rendered":"","protected":false},"author":9,"featured_media":0,"parent":948,"menu_order":0,"comment_status":"closed","ping_status":"closed","template":"templates\/template-application-platform.php","meta":{"publish_to_discourse":"","publish_post_category":"","wpdc_auto_publish_overridden":"","wpdc_topic_tags":"","wpdc_pin_topic":"","wpdc_pin_until":"","discourse_post_id":"","discourse_permalink":"","wpdc_publishing_response":"","wpdc_publishing_error":"","footnotes":""},"class_list":["post-4531","page","type-page","status-publish","hentry"],"yoast_head":"<!-- This site is optimized with the Yoast SEO plugin v25.3.1 - https:\/\/yoast.com\/wordpress\/plugins\/seo\/ -->\n<title>Weebly Slider \u2013 Adicionar widget de controle deslizante de imagem ao site do Weebly [2025]<\/title>\n<meta name=\"description\" content=\"Com a Elfsight, crie seu plugin responsivo Photo and Image Slider e publique-o em seu site do Weebly. Oferecemos atendimento gratuito ao cliente e mais b\u00f4nus.\" \/>\n<meta name=\"robots\" content=\"index, follow, max-snippet:-1, max-image-preview:large, max-video-preview:-1\" \/>\n<link rel=\"canonical\" href=\"https:\/\/elfsight.com\/pt\/slider-widget\/weebly\/\" \/>\n<meta property=\"og:locale\" content=\"pt_PT\" \/>\n<meta property=\"og:type\" content=\"article\" \/>\n<meta property=\"og:title\" content=\"Weebly Slider \u2013 Adicionar widget de controle deslizante de imagem ao site do Weebly [2025]\" \/>\n<meta property=\"og:description\" content=\"Com a Elfsight, crie seu plugin responsivo Photo and Image Slider e publique-o em seu site do Weebly. Oferecemos atendimento gratuito ao cliente e mais b\u00f4nus.\" \/>\n<meta property=\"og:url\" content=\"https:\/\/elfsight.com\/pt\/slider-widget\/weebly\/\" \/>\n<meta property=\"og:site_name\" content=\"Elfsight PT\" \/>\n<meta property=\"article:modified_time\" content=\"2025-03-07T08:01:19+00:00\" \/>\n<meta name=\"twitter:card\" content=\"summary_large_image\" \/>\n<meta name=\"twitter:label1\" content=\"Tempo estimado de leitura\" \/>\n\t<meta name=\"twitter:data1\" content=\"3 minutos\" \/>\n<!-- \/ Yoast SEO plugin. -->","yoast_head_json":{"title":"Weebly Slider \u2013 Adicionar widget de controle deslizante de imagem ao site do Weebly [2025]","description":"Com a Elfsight, crie seu plugin responsivo Photo and Image Slider e publique-o em seu site do Weebly. Oferecemos atendimento gratuito ao cliente e mais b\u00f4nus.","robots":{"index":"index","follow":"follow","max-snippet":"max-snippet:-1","max-image-preview":"max-image-preview:large","max-video-preview":"max-video-preview:-1"},"canonical":"https:\/\/elfsight.com\/pt\/slider-widget\/weebly\/","og_locale":"pt_PT","og_type":"article","og_title":"Weebly Slider \u2013 Adicionar widget de controle deslizante de imagem ao site do Weebly [2025]","og_description":"Com a Elfsight, crie seu plugin responsivo Photo and Image Slider e publique-o em seu site do Weebly. Oferecemos atendimento gratuito ao cliente e mais b\u00f4nus.","og_url":"https:\/\/elfsight.com\/pt\/slider-widget\/weebly\/","og_site_name":"Elfsight PT","article_modified_time":"2025-03-07T08:01:19+00:00","twitter_card":"summary_large_image","twitter_misc":{"Tempo estimado de leitura":"3 minutos"},"schema":{"@context":"https:\/\/schema.org","@graph":[{"@type":"WebPage","@id":"https:\/\/elfsight.com\/pt\/slider-widget\/weebly\/","url":"https:\/\/elfsight.com\/pt\/slider-widget\/weebly\/","name":"Weebly Slider \u2013 Adicionar widget de controle deslizante de imagem ao site do Weebly [2025]","isPartOf":{"@id":"https:\/\/elfsight.com\/pt\/#website"},"datePublished":"1970-01-01T00:00:00+00:00","dateModified":"2025-03-07T08:01:19+00:00","description":"Com a Elfsight, crie seu plugin responsivo Photo and Image Slider e publique-o em seu site do Weebly. Oferecemos atendimento gratuito ao cliente e mais b\u00f4nus.","breadcrumb":{"@id":"https:\/\/elfsight.com\/pt\/slider-widget\/weebly\/#breadcrumb"},"inLanguage":"pt-PT","potentialAction":[{"@type":"ReadAction","target":["https:\/\/elfsight.com\/pt\/slider-widget\/weebly\/"]}]},{"@type":"BreadcrumbList","@id":"https:\/\/elfsight.com\/pt\/slider-widget\/weebly\/#breadcrumb","itemListElement":[{"@type":"ListItem","position":1,"name":"Home","item":"https:\/\/elfsight.com\/pt\/"},{"@type":"ListItem","position":2,"name":"Slider","item":"https:\/\/elfsight.com\/pt\/slider-widget\/"},{"@type":"ListItem","position":3,"name":"Slider &#8211; Weebly"}]},{"@type":"WebSite","@id":"https:\/\/elfsight.com\/pt\/#website","url":"https:\/\/elfsight.com\/pt\/","name":"Elfsight PT","description":"Just another Elfsight Sites site","potentialAction":[{"@type":"SearchAction","target":{"@type":"EntryPoint","urlTemplate":"https:\/\/elfsight.com\/pt\/?s={search_term_string}"},"query-input":{"@type":"PropertyValueSpecification","valueRequired":true,"valueName":"search_term_string"}}],"inLanguage":"pt-PT"}]}},"meta_box":{"industry":"","seo_heading":"","heading":"","description":"","cta_heading":"","cta_description":"","application":"947","h1":"Plug-in de controle deslizante de imagem do Weebly","h1_caption":"Crie seu controle deslizante impressionante facilmente","application_category":[],"applications_title":"","applications_request_title":"","applications_request_button_text":"","hero_text":"","hero_video":"","hero_video_schema_markup":"","selling_points_title":"","selling_points_caption":"","selling_points":[],"selling_points_cta_text":"","features_title":"","features":"","ed_cta_examples_text":"","ed_cta_examples_hidden":"","ed_cta_demo_text":"","ed_cta_demo_hidden":"","why_caption":"","why_editor_title":"","why_editor_text":"","why_team_title":"","why_team_text":"","why_service_title":"","why_service_text":"","template_catalog_visible":"0","template_catalog_title":"","template_catalog_text":"","template_catalog_categories_visible":"","demo_title":"Crie seu aplicativo Slider","demo_caption":"Configure seu Slider e adicione-o ao seu site do Weebly gratuitamente!","default_faq_hidden":"","app_template_category":[],"platform":"73","template_public_id":"","codecanyon_url":"","codecanyon_item_id":"","codecanyon_price":"","pricing_caption":"","pricing_elfsight_apps_hide_column":"","pricing_elfsight_apps_url":"","pricing_codecanyon_price_caption":"","integration_category":[],"integration_request_title":"","integration_request_cta":"","integration_platform":"","integrations":[],"platform_category":[],"video_schema_markup":"","price":"a partir de US$ 0\/m\u00eas","trial":"","benefits":[{"text":"Assist\u00eancia de instala\u00e7\u00e3o gratuita"},{"text":"Suporte premium"},{"text":"Garantia de reembolso de 14 dias"},{"text":"Melhorias futuras"}],"button_url":"#demo","button_target_blank":"0","button_nofollow":"0","attributes":[{"name":"Instala\u00e7\u00f5es","content":"10,000 - 100,000","_state":"expanded"},{"name":"Responsivo","content":"Sim","_state":"expanded"},{"name":"Navegadores compat\u00edveis","content":"Firefox, Safari, Opera, Chrome, Edge"}],"tags":[],"tags_disable_links":"0","hide_more_platforms":"0","video_object":"","demo_hide_cta":"0","demo_hide_cloud_options":"0","pricing_title":"","pricing":[{"pricing_icon":"platform","pricing_title":"Elfsight Apps","pricing_title_caption":"Solu\u00e7\u00e3o independente da plataforma Elfsight Apps que funciona em qualquer site","pricing_price":"a partir de US$ 0\/m\u00eas","pricing_price_caption":"comece com um plano gratuito","pricing_benefits":[{"text":"Dom\u00ednios ilimitados"},{"text":"Suporte profissional ao cliente e bem documentado"},{"text":"Suporte profissional ao cliente e bem documentado"},{"text":"100% personaliz\u00e1vel"}],"pricing_button_text":"Adicionar ao site","pricing_button_url":"#demo","_state":"expanded"}],"related_apps_title":"","related_apps_hidden":"1","author":"","image":[],"title":"","job":"","social_networks":[]},"_links":{"self":[{"href":"https:\/\/elfsight.com\/pt\/wp-json\/wp\/v2\/pages\/4531","targetHints":{"allow":["GET"]}}],"collection":[{"href":"https:\/\/elfsight.com\/pt\/wp-json\/wp\/v2\/pages"}],"about":[{"href":"https:\/\/elfsight.com\/pt\/wp-json\/wp\/v2\/types\/page"}],"author":[{"embeddable":true,"href":"https:\/\/elfsight.com\/pt\/wp-json\/wp\/v2\/users\/9"}],"replies":[{"embeddable":true,"href":"https:\/\/elfsight.com\/pt\/wp-json\/wp\/v2\/comments?post=4531"}],"version-history":[{"count":3,"href":"https:\/\/elfsight.com\/pt\/wp-json\/wp\/v2\/pages\/4531\/revisions"}],"predecessor-version":[{"id":14576,"href":"https:\/\/elfsight.com\/pt\/wp-json\/wp\/v2\/pages\/4531\/revisions\/14576"}],"up":[{"embeddable":true,"href":"https:\/\/elfsight.com\/pt\/wp-json\/wp\/v2\/pages\/948"}],"wp:attachment":[{"href":"https:\/\/elfsight.com\/pt\/wp-json\/wp\/v2\/media?parent=4531"}],"curies":[{"name":"wp","href":"https:\/\/api.w.org\/{rel}","templated":true}]}}