{"id":4530,"date":"1970-01-01T00:00:00","date_gmt":"1970-01-01T00:00:00","guid":{"rendered":"https:\/\/elfsight.com\/pt\/?page_id=4530"},"modified":"2024-11-13T11:41:39","modified_gmt":"2024-11-13T11:41:39","slug":"webnode","status":"publish","type":"page","link":"https:\/\/elfsight.com\/pt\/photo-gallery-widget\/webnode\/","title":{"rendered":"Photo Gallery &#8211; Webnode"},"content":{"rendered":"<div class=\"application-platform-content-item-description application-platform-content-item\" id=\"description\" data-nav-section=\"description\"><h2>Descri\u00e7\u00e3o<\/h2> <p>A Galeria de Fotografias da Elfsight \u00e9 a sua melhor forma de demonstrar as suas fotografias ou criar uma espl\u00eandida galeria no seu website. Insira qualquer quantidade de imagens, redija legendas e escolha a melhor forma de posicion\u00e1-las na p\u00e1gina. Nosso widget apresenta seis variantes de layout e muitas outras fun\u00e7\u00f5es de interface. Cada foto pode ser aberta no modo pop-up, as pessoas podem deslizar por elas ou ativar uma apresenta\u00e7\u00e3o de slides, usar a op\u00e7\u00e3o de zoom e abrir as imagens em tela cheia. Voc\u00ea pode colorir os elementos do widget e adicionar um plano de fundo personalizado, alterar as configura\u00e7\u00f5es de texto e mais varia\u00e7\u00f5es de estilo. <\/p> <p><b>Impressione os visitantes do site com galerias de fotos tentadoras! <\/b><\/p> <\/div> <div class=\"application-platform-content-item-features application-platform-content-item\" id=\"features\" data-nav-section=\"features\"><h2>Recursos<\/h2> <p>Aqui voc\u00ea pode ver todos os recursos da Galeria de Fotos para Webnode. Voc\u00ea pode gerenci\u00e1-los diretamente no editor e eles o ajudar\u00e3o a moldar o widget de acordo com suas necessidades. <\/p> <ul> <li>Utilize bot\u00f5es de CTA para orientar os usu\u00e1rios em dire\u00e7\u00e3o \u00e0 convers\u00e3o. <\/li> <li>Personalize a dura\u00e7\u00e3o da troca de slides. <\/li> <li>Escolha entre diversas op\u00e7\u00f5es de pagina\u00e7\u00e3o. <\/li> <li>Coloque seu texto em qualquer lugar da p\u00e1gina por meio da posi\u00e7\u00e3o avan\u00e7ada. <\/li> <li>Modifique 5 fun\u00e7\u00f5es de conte\u00fado. <\/li> <\/ul> <p><a href=\"#demo\">Veja como todos os recursos funcionam em nossa demonstra\u00e7\u00e3o<\/a><\/p> <\/div> <div class=\"application-platform-content-item-installation application-platform-content-item\" id=\"installation\" data-nav-section=\"installation\"> <h2>Como integrar a Galeria de Fotos ao meu site Webnode? <\/h2> <p>Para incorporar o widget, basta aplicar as instru\u00e7\u00f5es abaixo. <\/p> <ol><li><b>Crie seu plugin exclusivo da Galeria<\/b><br> Em nossa demonstra\u00e7\u00e3o gratuita, gere um plugin com uma interface selecionada e caracter\u00edsticas funcionais. <\/li> <li><b>Copie o c\u00f3digo individual para configurar o plugin<\/b><br> Depois de personalizar o seu widget, voc\u00ea obter\u00e1 o c\u00f3digo individual na notifica\u00e7\u00e3o que aparece nos aplicativos da Elfsight. Copie. <\/li> <li><b>Adicione o plugin em seu site Webnode<\/b><br> Encontre a \u00e1rea onde deseja revelar o plugin e insira o c\u00f3digo salvo l\u00e1. Publique as edi\u00e7\u00f5es. <\/li> <li><b>A integra\u00e7\u00e3o foi bem-sucedida! <\/b><br> Visite o site para verificar seu plugin. <\/li> <\/ol> <p>Voc\u00ea pode entrar em contato com o servi\u00e7o de suporte da Elfsight quando precisar de assist\u00eancia ou tiver d\u00favidas. Daremos uma ajuda em cada solicita\u00e7\u00e3o. <\/p> <div class=\"faq\" data-component=\"FAQ\"><div class=\"faq-item\">\r\n\t\t\t\t\t<div class=\"faq-item-question\">\r\n\t\t\t\t\t\t<h3 class=\"faq-item-question-text\">Como adicionar uma galeria de fotos ao meu site Webnode sem experi\u00eancia em codifica\u00e7\u00e3o?<\/h3>\r\n\r\n\t\t\t\t\t\t<div class=\"faq-item-question-icon\"><\/div>\r\n\t\t\t\t\t<\/div>\r\n\r\n\t\t\t\t\t<div class=\"faq-item-answer\">\r\n\t\t\t\t\t\t<div class=\"faq-item-answer-text\"> <p>A Elfsight apresenta uma solu\u00e7\u00e3o que permite que voc\u00ea mesmo crie um plugin de galeria de fotos, veja como \u00e9 descomplicado \u00e9: V\u00e1 para a demonstra\u00e7\u00e3o ao vivo para estabelecer uma se\u00e7\u00e3o da Galeria de Fotos que voc\u00ea gostaria de ver na p\u00e1gina Webnode. Selecione um de nossos modelos prontos e altere as configura\u00e7\u00f5es da Galeria de Fotos, altere o layout e os esquemas de cores incluindo o seu conte\u00fado, sem nenhuma habilidade de codifica\u00e7\u00e3o. Salve a Galeria de Fotos e obtenha o c\u00f3digo de instala\u00e7\u00e3o, que voc\u00ea pode simplesmente colar em qualquer p\u00e1gina Webnode usando um plano gratuito. Com nosso editor simples, cada usu\u00e1rio da web pode criar uma se\u00e7\u00e3o de galeria de fotos e incorpor\u00e1-la facilmente ao seu site Webnode. Voc\u00ea n\u00e3o deve obter uma assinatura paga ou enviar as credenciais do seu cart\u00e3o para entrar no servi\u00e7o. Se voc\u00ea encontrar algum problema em qualquer etapa, entre em contato com nosso suporte t\u00e9cnico ao cliente.<\/p> <\/div>\r\n\t\t\t\t\t<\/div>\r\n\t\t\t\t<\/div> <\/div><\/div>","protected":false},"excerpt":{"rendered":"","protected":false},"author":9,"featured_media":0,"parent":965,"menu_order":0,"comment_status":"closed","ping_status":"closed","template":"templates\/template-application-platform.php","meta":{"publish_to_discourse":"","publish_post_category":"","wpdc_auto_publish_overridden":"","wpdc_topic_tags":"","wpdc_pin_topic":"","wpdc_pin_until":"","discourse_post_id":"","discourse_permalink":"","wpdc_publishing_response":"","wpdc_publishing_error":"","footnotes":""},"class_list":["post-4530","page","type-page","status-publish","hentry"],"yoast_head":"<!-- This site is optimized with the Yoast SEO plugin v25.3.1 - https:\/\/yoast.com\/wordpress\/plugins\/seo\/ -->\n<title>Galeria de fotos \u2014 Adicionar widget de galeria de fotos ao Webnode [2025]<\/title>\n<meta name=\"description\" content=\"Experimente gratuitamente o melhor plugin de Galeria de Fotos para Webnode. Um widget de galeria simples e r\u00e1pido que se integra sem habilidades de desenvolvimento.\" \/>\n<meta name=\"robots\" content=\"index, follow, max-snippet:-1, max-image-preview:large, max-video-preview:-1\" \/>\n<link rel=\"canonical\" href=\"https:\/\/elfsight.com\/pt\/photo-gallery-widget\/webnode\/\" \/>\n<meta property=\"og:locale\" content=\"pt_PT\" \/>\n<meta property=\"og:type\" content=\"article\" \/>\n<meta property=\"og:title\" content=\"Galeria de fotos \u2014 Adicionar widget de galeria de fotos ao Webnode [2025]\" \/>\n<meta property=\"og:description\" content=\"Experimente gratuitamente o melhor plugin de Galeria de Fotos para Webnode. Um widget de galeria simples e r\u00e1pido que se integra sem habilidades de desenvolvimento.\" \/>\n<meta property=\"og:url\" content=\"https:\/\/elfsight.com\/pt\/photo-gallery-widget\/webnode\/\" \/>\n<meta property=\"og:site_name\" content=\"Elfsight PT\" \/>\n<meta property=\"article:modified_time\" content=\"2024-11-13T11:41:39+00:00\" \/>\n<meta name=\"twitter:card\" content=\"summary_large_image\" \/>\n<meta name=\"twitter:label1\" content=\"Tempo estimado de leitura\" \/>\n\t<meta name=\"twitter:data1\" content=\"2 minutos\" \/>\n<!-- \/ Yoast SEO plugin. -->","yoast_head_json":{"title":"Galeria de fotos \u2014 Adicionar widget de galeria de fotos ao Webnode [2025]","description":"Experimente gratuitamente o melhor plugin de Galeria de Fotos para Webnode. Um widget de galeria simples e r\u00e1pido que se integra sem habilidades de desenvolvimento.","robots":{"index":"index","follow":"follow","max-snippet":"max-snippet:-1","max-image-preview":"max-image-preview:large","max-video-preview":"max-video-preview:-1"},"canonical":"https:\/\/elfsight.com\/pt\/photo-gallery-widget\/webnode\/","og_locale":"pt_PT","og_type":"article","og_title":"Galeria de fotos \u2014 Adicionar widget de galeria de fotos ao Webnode [2025]","og_description":"Experimente gratuitamente o melhor plugin de Galeria de Fotos para Webnode. Um widget de galeria simples e r\u00e1pido que se integra sem habilidades de desenvolvimento.","og_url":"https:\/\/elfsight.com\/pt\/photo-gallery-widget\/webnode\/","og_site_name":"Elfsight PT","article_modified_time":"2024-11-13T11:41:39+00:00","twitter_card":"summary_large_image","twitter_misc":{"Tempo estimado de leitura":"2 minutos"},"schema":{"@context":"https:\/\/schema.org","@graph":[{"@type":"WebPage","@id":"https:\/\/elfsight.com\/pt\/photo-gallery-widget\/webnode\/","url":"https:\/\/elfsight.com\/pt\/photo-gallery-widget\/webnode\/","name":"Galeria de fotos \u2014 Adicionar widget de galeria de fotos ao Webnode [2025]","isPartOf":{"@id":"https:\/\/elfsight.com\/pt\/#website"},"datePublished":"1970-01-01T00:00:00+00:00","dateModified":"2024-11-13T11:41:39+00:00","description":"Experimente gratuitamente o melhor plugin de Galeria de Fotos para Webnode. Um widget de galeria simples e r\u00e1pido que se integra sem habilidades de desenvolvimento.","breadcrumb":{"@id":"https:\/\/elfsight.com\/pt\/photo-gallery-widget\/webnode\/#breadcrumb"},"inLanguage":"pt-PT","potentialAction":[{"@type":"ReadAction","target":["https:\/\/elfsight.com\/pt\/photo-gallery-widget\/webnode\/"]}]},{"@type":"BreadcrumbList","@id":"https:\/\/elfsight.com\/pt\/photo-gallery-widget\/webnode\/#breadcrumb","itemListElement":[{"@type":"ListItem","position":1,"name":"Home","item":"https:\/\/elfsight.com\/pt\/"},{"@type":"ListItem","position":2,"name":"Photo Gallery","item":"https:\/\/elfsight.com\/pt\/photo-gallery-widget\/"},{"@type":"ListItem","position":3,"name":"Photo Gallery &#8211; Webnode"}]},{"@type":"WebSite","@id":"https:\/\/elfsight.com\/pt\/#website","url":"https:\/\/elfsight.com\/pt\/","name":"Elfsight PT","description":"Just another Elfsight Sites site","potentialAction":[{"@type":"SearchAction","target":{"@type":"EntryPoint","urlTemplate":"https:\/\/elfsight.com\/pt\/?s={search_term_string}"},"query-input":{"@type":"PropertyValueSpecification","valueRequired":true,"valueName":"search_term_string"}}],"inLanguage":"pt-PT"}]}},"meta_box":{"industry":"","seo_heading":"","heading":"","description":"","cta_heading":"","cta_description":"","application":"964","h1":"Widget Galeria de Fotos Webnode","h1_caption":"Exiba suas fotos maravilhosas no site","application_category":[],"applications_title":"","applications_request_title":"","applications_request_button_text":"","hero_text":"","hero_video":"","hero_video_schema_markup":"","selling_points_title":"","selling_points_caption":"","selling_points":[],"selling_points_cta_text":"","features_title":"","features":"","ed_cta_examples_text":"","ed_cta_examples_hidden":"","ed_cta_demo_text":"","ed_cta_demo_hidden":"","why_caption":"","why_editor_title":"","why_editor_text":"","why_team_title":"","why_team_text":"","why_service_title":"","why_service_text":"","template_catalog_visible":"","template_catalog_title":"","template_catalog_text":"","template_catalog_categories_visible":"","demo_title":"Crie seu widget de Galeria de Fotos","demo_caption":"Configure sua Galeria de Fotos e adicione-a ao seu site Webnode gratuitamente!","default_faq_hidden":"","app_template_category":[],"platform":"4917","template_public_id":"","codecanyon_url":"","codecanyon_item_id":"","codecanyon_price":"","pricing_caption":"","pricing_elfsight_apps_hide_column":"","pricing_elfsight_apps_url":"","pricing_codecanyon_price_caption":"","integration_category":[],"integration_request_title":"","integration_request_cta":"","integration_platform":"","integrations":[],"platform_category":[],"video_schema_markup":"","price":"a partir de US$ 0\/m\u00eas","trial":"","benefits":[{"text":"Assist\u00eancia de instala\u00e7\u00e3o gratuita"},{"text":"Suporte premium"},{"text":"Garantia de devolu\u00e7\u00e3o do dinheiro em 14 dias"},{"text":"Atualizando constantemente"}],"button_url":"#demo","button_target_blank":"0","button_nofollow":"0","attributes":[{"name":"Instala\u00e7\u00f5es","content":"10,000 - 100,000","_state":"expanded"},{"name":"Responsivo","content":"Sim","_state":"expanded"},{"name":"Navegadores compat\u00edveis","content":"Firefox, Safari, Opera, Chrome, Edge"}],"tags":[],"tags_disable_links":"0","hide_more_platforms":"","video_object":"","demo_hide_cta":"0","demo_hide_cloud_options":"0","pricing_title":"","pricing":[{"pricing_icon":"platform","pricing_title":"Elfsight Apps","pricing_title_caption":"Vers\u00e3o independente de plataforma","pricing_price":"a partir de US$ 0\/m\u00eas","pricing_price_caption":"comece com plano gratuito","pricing_benefits":[{"text":"Sites ilimitados"},{"text":"Suporte premium e pontual"},{"text":"Suporte premium e pontual"},{"text":"Pre\u00e7o a ser pago para v\u00e1rios aplicativos"}],"pricing_button_text":"Adicionar ao site","pricing_button_url":"#demo","_state":"expanded"}],"related_apps_title":"","related_apps_hidden":"1","author":"","image":[],"title":"","job":"","social_networks":[]},"_links":{"self":[{"href":"https:\/\/elfsight.com\/pt\/wp-json\/wp\/v2\/pages\/4530","targetHints":{"allow":["GET"]}}],"collection":[{"href":"https:\/\/elfsight.com\/pt\/wp-json\/wp\/v2\/pages"}],"about":[{"href":"https:\/\/elfsight.com\/pt\/wp-json\/wp\/v2\/types\/page"}],"author":[{"embeddable":true,"href":"https:\/\/elfsight.com\/pt\/wp-json\/wp\/v2\/users\/9"}],"replies":[{"embeddable":true,"href":"https:\/\/elfsight.com\/pt\/wp-json\/wp\/v2\/comments?post=4530"}],"version-history":[{"count":2,"href":"https:\/\/elfsight.com\/pt\/wp-json\/wp\/v2\/pages\/4530\/revisions"}],"predecessor-version":[{"id":12041,"href":"https:\/\/elfsight.com\/pt\/wp-json\/wp\/v2\/pages\/4530\/revisions\/12041"}],"up":[{"embeddable":true,"href":"https:\/\/elfsight.com\/pt\/wp-json\/wp\/v2\/pages\/965"}],"wp:attachment":[{"href":"https:\/\/elfsight.com\/pt\/wp-json\/wp\/v2\/media?parent=4530"}],"curies":[{"name":"wp","href":"https:\/\/api.w.org\/{rel}","templated":true}]}}