{"id":4528,"date":"1970-01-01T00:00:00","date_gmt":"1970-01-01T00:00:00","guid":{"rendered":"https:\/\/elfsight.com\/pt\/?page_id=4528"},"modified":"2025-01-31T11:15:37","modified_gmt":"2025-01-31T11:15:37","slug":"webnode","status":"publish","type":"page","link":"https:\/\/elfsight.com\/pt\/popup-widget\/webnode\/","title":{"rendered":"Popup &#8211; Webnode"},"content":{"rendered":"\n<div class=\"application-platform-content-item-description application-platform-content-item\" id=\"description\" data-nav-section=\"description\"> <h2>Descri\u00e7\u00e3o<\/h2> <p>Usando a ferramenta Elfsight Popup, voc\u00ea pode criar seus pop-ups personalizados para qualquer tarefa e integr\u00e1-los no site. D\u00ea forma a um pop-up \u00fanico, com a ajuda de uma variedade de elementos. Ajuste a apar\u00eancia e a posi\u00e7\u00e3o; escolha o gatilho de abertura e ajuste o tempo para obter maior efic\u00e1cia do pop-up. Os pop-ups permitem que as pessoas assinem e-mails, saibam mais sobre suas ofertas, utilizem seus cupons, participem de vendas e ofertas especiais, sejam notificadas sobre os pr\u00f3ximos eventos em seu site e muito mais. <\/p> <p><b>Os pop-ups ajudar\u00e3o voc\u00ea a vender com mais efici\u00eancia, anunciar ocasi\u00f5es planejadas, receber feedback e assinaturas e muito mais. <\/b><\/p> <\/div><div class=\"application-platform-content-item-features application-platform-content-item\" id=\"features\" data-nav-section=\"features\"> <h2>Recursos<\/h2> <p>Aqui est\u00e1 uma lista de todas as fun\u00e7\u00f5es do widget. Eles est\u00e3o dispon\u00edveis diretamente no editor e ajudar\u00e3o voc\u00ea a moldar o widget certo para o seu caso de uso. <\/p> <ul><li>Doze blocos inclu\u00eddos para moldar um pop-up; <\/li> <li>Cinco layouts pop-up inclu\u00eddos para v\u00e1rios casos; <\/li> <li>Adicionar bot\u00f5es para levar os usu\u00e1rios a qualquer p\u00e1gina; <\/li> <li>Op\u00e7\u00e3o de upload de imagem para fundo; <\/li> <li>O pop-up pode ser ativado ap\u00f3s um tempo definido na p\u00e1gina ou porcentagem de rolagem; <\/li> <li>Acionar pop-up clicando em um elemento ou rolando para baixo at\u00e9 ele. <\/li> <\/ul> <p><a href=\"#demo\">Teste todas as outras fun\u00e7\u00f5es na demonstra\u00e7\u00e3o<\/a><\/p> <\/div><div class=\"application-platform-content-item-installation application-platform-content-item\" id=\"installation\" data-nav-section=\"installation\"><h2> Como integro o widget Popup ao meu site Webnode? <\/h2> <p>Para apresentar o widget, siga estas etapas r\u00e1pidas:<p> <ol><li><b>Crie seu plugin Pop up pessoal<\/b><br> Em nossa demonstra\u00e7\u00e3o gratuita, crie um widget com apar\u00eancia e funcionalidade preferidas. <\/li><li><b>Obtenha o c\u00f3digo pessoal para exibir o plugin<\/b><br> Depois de criar o seu widget, voc\u00ea obter\u00e1 o c\u00f3digo de instala\u00e7\u00e3o na janela que aparece nos aplicativos Elfsight. Copie o c\u00f3digo. <\/li> <li><b>Integrar o plugin no seu site Webnode<\/b><br> Defina a \u00e1rea onde deseja exibir o widget e adicione o c\u00f3digo copiado l\u00e1. Publique as altera\u00e7\u00f5es. <\/li> <li><b>Parab\u00e9ns! Voc\u00ea acabou de integrar o widget! <\/b><br> Acesse a p\u00e1gina da web para conferir seu trabalho. <\/li> <\/ol><p>N\u00e3o hesite em entrar em contato com o suporte ao cliente caso precise de conselhos ou tenha d\u00favidas. N\u00f3s lhe daremos ajuda em todas as d\u00favidas.<\/p> \n<div class=\"faq\" data-component=\"FAQ\">\n<div class=\"faq-item\">\r\n\t\t\t\t\t<div class=\"faq-item-question\">\r\n\t\t\t\t\t\t<h3 class=\"faq-item-question-text\">Como posso adicionar um Popup ao meu site Webnode?<\/h3>\r\n\r\n\t\t\t\t\t\t<div class=\"faq-item-question-icon\"><\/div>\r\n\t\t\t\t\t<\/div>\r\n\r\n\t\t\t\t\t<div class=\"faq-item-answer\">\r\n\t\t\t\t\t\t<div class=\"faq-item-answer-text\">\n<p>Para adicionar um popup \u00e0 sua p\u00e1gina Webnode, use o editor Elfsight para criar seu widget. N\u00e3o \u00e9 necess\u00e1rio ter conhecimentos de programa\u00e7\u00e3o, pois o criador de popups possui uma interface f\u00e1cil de usar, permitindo que qualquer pessoa crie e personalize a notifica\u00e7\u00e3o popup. Basta copiar o c\u00f3digo HTML gerado e col\u00e1-lo no seu CMS Webnode.<\/p> \n<\/div>\r\n\t\t\t\t\t<\/div>\r\n\t\t\t\t<\/div>\n\n<div class=\"faq-item\">\r\n\t\t\t\t\t<div class=\"faq-item-question\">\r\n\t\t\t\t\t\t<h3 class=\"faq-item-question-text\">O criador de popups \u00e9 gratuito?<\/h3>\r\n\r\n\t\t\t\t\t\t<div class=\"faq-item-question-icon\"><\/div>\r\n\t\t\t\t\t<\/div>\r\n\r\n\t\t\t\t\t<div class=\"faq-item-answer\">\r\n\t\t\t\t\t\t<div class=\"faq-item-answer-text\">\n<p>Sim, a ferramenta de popups para Webnode est\u00e1 dispon\u00edvel gratuitamente, permitindo que clientes com or\u00e7amento limitado aproveitem essa ferramenta valiosa. Tamb\u00e9m existem planos de assinatura que oferecem benef\u00edcios adicionais.<\/p>\n<\/div>\r\n\t\t\t\t\t<\/div>\r\n\t\t\t\t<\/div>\n\n<div class=\"faq-item\">\r\n\t\t\t\t\t<div class=\"faq-item-question\">\r\n\t\t\t\t\t\t<h3 class=\"faq-item-question-text\">Qual \u00e9 o melhor local para adicionar o banner popup no meu site?<\/h3>\r\n\r\n\t\t\t\t\t\t<div class=\"faq-item-question-icon\"><\/div>\r\n\t\t\t\t\t<\/div>\r\n\r\n\t\t\t\t\t<div class=\"faq-item-answer\">\r\n\t\t\t\t\t\t<div class=\"faq-item-answer-text\">\n<p>Com a nossa ferramenta de popups, voc\u00ea pode criar:\n<ul>\n <li>Widget de popup em tela cheia para captar a aten\u00e7\u00e3o instant\u00e2nea dos seus visitantes;<\/li>\n <li>Popup flutuante para engajar os usu\u00e1rios enquanto eles navegam pelo seu site;<\/li> \n<li>Widget no rodap\u00e9, cabe\u00e7alho e barra lateral para manter sua mensagem em destaque sem interromper o fluxo de navega\u00e7\u00e3o.<\/li> \n<\/ul>\n <p>Esses posicionamentos flex\u00edveis permitem uma posi\u00e7\u00e3o ideal, garantindo que seus popups de banner chamem a aten\u00e7\u00e3o e aumentem o engajamento.<\/p>\n<\/div>\r\n\t\t\t\t\t<\/div>\r\n\t\t\t\t<\/div>\n\n<div class=\"faq-item\">\r\n\t\t\t\t\t<div class=\"faq-item-question\">\r\n\t\t\t\t\t\t<h3 class=\"faq-item-question-text\">Que tipos de widgets de popup no Webnode posso criar com o Elfsight?<\/h3>\r\n\r\n\t\t\t\t\t\t<div class=\"faq-item-question-icon\"><\/div>\r\n\t\t\t\t\t<\/div>\r\n\r\n\t\t\t\t\t<div class=\"faq-item-answer\">\r\n\t\t\t\t\t\t<div class=\"faq-item-answer-text\">\n<p>Voc\u00ea pode criar uma variedade de popups voltados para diferentes objetivos.<\/p>\n<p>Por exemplo, voc\u00ea pode criar um popup de inscri\u00e7\u00e3o na newsletter para incentivar o p\u00fablico a se inscrever na sua lista de e-mails, um popup promocional para aumentar as convers\u00f5es oferecendo ofertas VIP, ou um popup de desconto para destacar ofertas rel\u00e2mpago e impulsionar compras.<\/p>\n<p>No total, s\u00e3o oferecidos mais de <a href=\"https:\/\/elfsight.com\/popup-widget\/templates\/\" target=\"_blank\" rel=\"noopener\">100+ templates de popups<\/a>, para que voc\u00ea possa facilmente encontrar o design certo para suas necessidades.<\/p>\n<\/div>\r\n\t\t\t\t\t<\/div>\r\n\t\t\t\t<\/div>\n\n<div class=\"faq-item\">\r\n\t\t\t\t\t<div class=\"faq-item-question\">\r\n\t\t\t\t\t\t<h3 class=\"faq-item-question-text\">Quais gatilhos est\u00e3o dispon\u00edveis para abrir o popup?<\/h3>\r\n\r\n\t\t\t\t\t\t<div class=\"faq-item-question-icon\"><\/div>\r\n\t\t\t\t\t<\/div>\r\n\r\n\t\t\t\t\t<div class=\"faq-item-answer\">\r\n\t\t\t\t\t\t<div class=\"faq-item-answer-text\">\n<p>Com o widget de popup do Elfsight, voc\u00ea tem v\u00e1rios gatilhos para controlar quando sua notifica\u00e7\u00e3o ser\u00e1 exibida. Voc\u00ea pode configur\u00e1-lo para ser exibido ao entrar na p\u00e1gina, ap\u00f3s um tempo determinado na p\u00e1gina ou quando o usu\u00e1rio rolar uma certa dist\u00e2ncia para baixo na p\u00e1gina.<\/p>\n<p>Al\u00e9m disso, os popups podem ser ativados por clique, quando o usu\u00e1rio tentar sair do site ou por um bot\u00e3o de CTA para ativar manualmente o popup. Esses gatilhos vers\u00e1teis ajudam a ajustar o lan\u00e7amento do widget para otimizar o engajamento.<\/p>\n<\/div>\r\n\t\t\t\t\t<\/div>\r\n\t\t\t\t<\/div>\n<\/div>\n<\/div>\n","protected":false},"excerpt":{"rendered":"","protected":false},"author":9,"featured_media":0,"parent":542,"menu_order":0,"comment_status":"closed","ping_status":"closed","template":"templates\/template-application-platform.php","meta":{"publish_to_discourse":"","publish_post_category":"","wpdc_auto_publish_overridden":"","wpdc_topic_tags":"","wpdc_pin_topic":"","wpdc_pin_until":"","discourse_post_id":"","discourse_permalink":"","wpdc_publishing_response":"","wpdc_publishing_error":"","footnotes":""},"class_list":["post-4528","page","type-page","status-publish","hentry"],"yoast_head":"<!-- This site is optimized with the Yoast SEO plugin v25.3.1 - https:\/\/yoast.com\/wordpress\/plugins\/seo\/ -->\n<title>Adicione widget Popup ao site Webnode (gr\u00e1tis e r\u00e1pido)<\/title>\n<meta name=\"description\" content=\"Com a Elfsight, crie seu widget Popup e exiba-o rapidamente em seu site Webnode. Oferecemos suporte gratuito ao cliente e outros b\u00f4nus.\" \/>\n<meta name=\"robots\" content=\"index, follow, max-snippet:-1, max-image-preview:large, max-video-preview:-1\" \/>\n<link rel=\"canonical\" href=\"https:\/\/elfsight.com\/pt\/popup-widget\/webnode\/\" \/>\n<meta property=\"og:locale\" content=\"pt_PT\" \/>\n<meta property=\"og:type\" content=\"article\" \/>\n<meta property=\"og:title\" content=\"Adicione widget Popup ao site Webnode (gr\u00e1tis e r\u00e1pido)\" \/>\n<meta property=\"og:description\" content=\"Com a Elfsight, crie seu widget Popup e exiba-o rapidamente em seu site Webnode. Oferecemos suporte gratuito ao cliente e outros b\u00f4nus.\" \/>\n<meta property=\"og:url\" content=\"https:\/\/elfsight.com\/pt\/popup-widget\/webnode\/\" \/>\n<meta property=\"og:site_name\" content=\"Elfsight PT\" \/>\n<meta property=\"article:modified_time\" content=\"2025-01-31T11:15:37+00:00\" \/>\n<meta name=\"twitter:card\" content=\"summary_large_image\" \/>\n<meta name=\"twitter:label1\" content=\"Tempo estimado de leitura\" \/>\n\t<meta name=\"twitter:data1\" content=\"5 minutos\" \/>\n<!-- \/ Yoast SEO plugin. -->","yoast_head_json":{"title":"Adicione widget Popup ao site Webnode (gr\u00e1tis e r\u00e1pido)","description":"Com a Elfsight, crie seu widget Popup e exiba-o rapidamente em seu site Webnode. Oferecemos suporte gratuito ao cliente e outros b\u00f4nus.","robots":{"index":"index","follow":"follow","max-snippet":"max-snippet:-1","max-image-preview":"max-image-preview:large","max-video-preview":"max-video-preview:-1"},"canonical":"https:\/\/elfsight.com\/pt\/popup-widget\/webnode\/","og_locale":"pt_PT","og_type":"article","og_title":"Adicione widget Popup ao site Webnode (gr\u00e1tis e r\u00e1pido)","og_description":"Com a Elfsight, crie seu widget Popup e exiba-o rapidamente em seu site Webnode. Oferecemos suporte gratuito ao cliente e outros b\u00f4nus.","og_url":"https:\/\/elfsight.com\/pt\/popup-widget\/webnode\/","og_site_name":"Elfsight PT","article_modified_time":"2025-01-31T11:15:37+00:00","twitter_card":"summary_large_image","twitter_misc":{"Tempo estimado de leitura":"5 minutos"},"schema":{"@context":"https:\/\/schema.org","@graph":[{"@type":"WebPage","@id":"https:\/\/elfsight.com\/pt\/popup-widget\/webnode\/","url":"https:\/\/elfsight.com\/pt\/popup-widget\/webnode\/","name":"Adicione widget Popup ao site Webnode (gr\u00e1tis e r\u00e1pido)","isPartOf":{"@id":"https:\/\/elfsight.com\/pt\/#website"},"datePublished":"1970-01-01T00:00:00+00:00","dateModified":"2025-01-31T11:15:37+00:00","description":"Com a Elfsight, crie seu widget Popup e exiba-o rapidamente em seu site Webnode. Oferecemos suporte gratuito ao cliente e outros b\u00f4nus.","breadcrumb":{"@id":"https:\/\/elfsight.com\/pt\/popup-widget\/webnode\/#breadcrumb"},"inLanguage":"pt-PT","potentialAction":[{"@type":"ReadAction","target":["https:\/\/elfsight.com\/pt\/popup-widget\/webnode\/"]}]},{"@type":"BreadcrumbList","@id":"https:\/\/elfsight.com\/pt\/popup-widget\/webnode\/#breadcrumb","itemListElement":[{"@type":"ListItem","position":1,"name":"Home","item":"https:\/\/elfsight.com\/pt\/"},{"@type":"ListItem","position":2,"name":"Popup","item":"https:\/\/elfsight.com\/pt\/popup-widget\/"},{"@type":"ListItem","position":3,"name":"Popup &#8211; Webnode"}]},{"@type":"WebSite","@id":"https:\/\/elfsight.com\/pt\/#website","url":"https:\/\/elfsight.com\/pt\/","name":"Elfsight PT","description":"Just another Elfsight Sites site","potentialAction":[{"@type":"SearchAction","target":{"@type":"EntryPoint","urlTemplate":"https:\/\/elfsight.com\/pt\/?s={search_term_string}"},"query-input":{"@type":"PropertyValueSpecification","valueRequired":true,"valueName":"search_term_string"}}],"inLanguage":"pt-PT"}]}},"meta_box":{"industry":"","seo_heading":"","heading":"","description":"","cta_heading":"","cta_description":"","application":"541","h1":"Widget pop-up Webnode","h1_caption":"Configure qualquer tipo de pop-up para anunciar ofertas especiais e aumentar as vendas","application_category":[],"applications_title":"","applications_request_title":"","applications_request_button_text":"","hero_text":"","hero_video":"","hero_video_schema_markup":"","selling_points_title":"","selling_points_caption":"","selling_points":[],"selling_points_cta_text":"","features_title":"","features":"","ed_cta_examples_text":"","ed_cta_examples_hidden":"","ed_cta_demo_text":"","ed_cta_demo_hidden":"","why_caption":"","why_editor_title":"","why_editor_text":"","why_team_title":"","why_team_text":"","why_service_title":"","why_service_text":"","template_catalog_visible":"0","template_catalog_title":"","template_catalog_text":"","template_catalog_categories_visible":"","demo_title":"Crie seu widget pop-up","demo_caption":"Configure seu Popup e adicione-o ao seu site Webnode gratuitamente!","default_faq_hidden":"","app_template_category":[],"platform":"4917","template_public_id":"","codecanyon_url":"","codecanyon_item_id":"","codecanyon_price":"","pricing_caption":"","pricing_elfsight_apps_hide_column":"","pricing_elfsight_apps_url":"","pricing_codecanyon_price_caption":"","integration_category":[],"integration_request_title":"","integration_request_cta":"","integration_platform":"","integrations":[],"platform_category":[],"video_schema_markup":"","price":"a partir de US$ 0\/m\u00eas","trial":"","benefits":[{"text":"Ajuda de instala\u00e7\u00e3o gratuita"},{"text":"Suporte ao cliente experiente"},{"text":"Garantia de devolu\u00e7\u00e3o do dinheiro em 14 dias"},{"text":"Atualizando constantemente"}],"button_url":"#demo","button_target_blank":"0","button_nofollow":"0","attributes":[{"name":"Instala\u00e7\u00f5es","content":"100,000 - 500,000","_state":"expanded"},{"name":"Responsivo","content":"Sim","_state":"expanded"},{"name":"Navegadores compat\u00edveis","content":"Firefox, Safari, Opera, Chrome, Edge"}],"tags":[],"tags_disable_links":"0","hide_more_platforms":"","video_object":"","demo_hide_cta":"0","demo_hide_cloud_options":"0","pricing_title":"","pricing":[{"pricing_icon":"platform","pricing_title":"Elfsight Apps","pricing_title_caption":"Solu\u00e7\u00e3o digital multiplataforma","pricing_price":"a partir de US$ 0\/m\u00eas","pricing_price_caption":"comece com plano gratuito","pricing_benefits":[{"text":"Sites ilimitados"},{"text":"Suporte r\u00e1pido da empresa e bem documentado"},{"text":"Suporte r\u00e1pido da empresa e bem documentado"},{"text":"Oferta especial para v\u00e1rios aplicativos"}],"pricing_button_text":"Adicionar ao site","pricing_button_url":"#demo","_state":"expanded"}],"related_apps_title":"","related_apps_hidden":"1","author":"","image":[],"title":"","job":"","social_networks":[]},"_links":{"self":[{"href":"https:\/\/elfsight.com\/pt\/wp-json\/wp\/v2\/pages\/4528","targetHints":{"allow":["GET"]}}],"collection":[{"href":"https:\/\/elfsight.com\/pt\/wp-json\/wp\/v2\/pages"}],"about":[{"href":"https:\/\/elfsight.com\/pt\/wp-json\/wp\/v2\/types\/page"}],"author":[{"embeddable":true,"href":"https:\/\/elfsight.com\/pt\/wp-json\/wp\/v2\/users\/9"}],"replies":[{"embeddable":true,"href":"https:\/\/elfsight.com\/pt\/wp-json\/wp\/v2\/comments?post=4528"}],"version-history":[{"count":3,"href":"https:\/\/elfsight.com\/pt\/wp-json\/wp\/v2\/pages\/4528\/revisions"}],"predecessor-version":[{"id":13716,"href":"https:\/\/elfsight.com\/pt\/wp-json\/wp\/v2\/pages\/4528\/revisions\/13716"}],"up":[{"embeddable":true,"href":"https:\/\/elfsight.com\/pt\/wp-json\/wp\/v2\/pages\/542"}],"wp:attachment":[{"href":"https:\/\/elfsight.com\/pt\/wp-json\/wp\/v2\/media?parent=4528"}],"curies":[{"name":"wp","href":"https:\/\/api.w.org\/{rel}","templated":true}]}}