{"id":4515,"date":"1970-01-01T00:00:00","date_gmt":"1970-01-01T00:00:00","guid":{"rendered":"https:\/\/elfsight.com\/pt\/?page_id=4515"},"modified":"2026-01-29T09:29:15","modified_gmt":"2026-01-29T09:29:15","slug":"webflow","status":"publish","type":"page","link":"https:\/\/elfsight.com\/pt\/slider-widget\/webflow\/","title":{"rendered":"Slider &#8211; Webflow"},"content":{"rendered":"\n<div class=\"application-platform-content-item-description application-platform-content-item\" id=\"description\" data-nav-section=\"description\"><h2>Incorporar Slider no Webflow com o widget Elfsight<\/h2> <p>Elfsight Photo and Image Slider \u00e9 um widget simples e responsivo que permite que voc\u00ea atraia a aten\u00e7\u00e3o dos usu\u00e1rios mostrando v\u00e1rias imagens, v\u00eddeos ou as melhores ofertas em seu site. Use qualquer quantidade de slides necess\u00e1rios para divulgar sua marca e marcar ofertas interessantes. Adicione efeitos especiais e altere o tamanho da imagem\/v\u00eddeo conforme necess\u00e1rio. Usando nossa ferramenta voc\u00ea conseguir\u00e1 criar um controle deslizante espetacular que chamar\u00e1 a aten\u00e7\u00e3o dos usu\u00e1rios e n\u00e3o permitir\u00e1 que eles saiam de sua p\u00e1gina web t\u00e3o cedo.<\/p><\/div><div class=\"application-platform-content-item-features application-platform-content-item\" id=\"features\" data-nav-section=\"features\"><h2>Principal recursos do widget Slider<\/h2><p>Aqui voc\u00ea pode ver todas as fun\u00e7\u00f5es do produto. Voc\u00ea pode gerenci\u00e1-los diretamente no editor e eles ajudar\u00e3o voc\u00ea a construir o widget exatamente para seu caso de uso.<\/p><ul><li>Use CTAs para orientar os usu\u00e1rios em dire\u00e7\u00e3o \u00e0 convers\u00e3o.<\/li><li>Acostume a troca de slides. dura\u00e7\u00e3o.<\/li><li>Escolha entre diversas op\u00e7\u00f5es.<\/li><li>Coloque sua mensagem em qualquer lugar da p\u00e1gina com a ajuda da posi\u00e7\u00e3o avan\u00e7ada.<\/li><li>Ajuste cinco elementos de conte\u00fado.<\/li> <\/ul><p><a href=\"#demo\">Veja como todos os recursos funcionam em nossa demonstra\u00e7\u00e3o<\/a><\/p><\/div><div class=\"application-platform-content-item-installation application-platform-content-item\" id=\"installation\" data-nav-section=\"installation\"><h2>Como posso adicionar o Image Slider ao site do Webflow?<\/h2><div class=\"video-container\"><iframe allowfullscreen=\" \" frameborder=\"0\" height=\"405\" src=\"https:\/\/www.youtube.com\/embed\/zaVVH3FokzI?si=egfe4T5L9rAuicCQ\" width=\"720\"><\/iframe><\/div><p>Para adicionar o produto, siga estas etapas r\u00e1pidas<\/p><ol><li><b>Crie seu plugin Photo Slider personalizado<\/b><br> Por meio de nosso editor gratuito, obtenha um plugin com apar\u00eancia e fun\u00e7\u00f5es selecionadas.<\/li><li><b>Adquira o c\u00f3digo individual para instalar o plugin<\/b><br> Depois de criar seu widget, voc\u00ea receber\u00e1 o seu c\u00f3digo de instala\u00e7\u00e3o a partir da notifica\u00e7\u00e3o que aparece nas aplica\u00e7\u00f5es Elfsight. Copie este c\u00f3digo para uso posterior.<\/li> <li><b> O plugin em seu site do Muse<\/b><br> Encontre o local onde deseja colocar o plugin e adicione o c\u00f3digo salvo l\u00e1. Publique os resultados.<\/li> <li><b>Parab\u00e9ns! Voc\u00ea acabou de publicar o widget!<\/b><br> Entre na loja para ver seu trabalho. <\/li> <\/ol><p>N\u00e3o hesite em entrar em contato com nosso servi\u00e7o de suporte se precisar de assist\u00eancia ou tiver problemas. Teremos todo o gosto em ajudar com todas as quest\u00f5es.<\/p><div class=\"faq\" data-component=\"FAQ\"><div class=\"faq-item\">\r\n\t\t\t\t\t<div class=\"faq-item-question\">\r\n\t\t\t\t\t\t<h3 class=\"faq-item-question-text\">Existe uma op\u00e7\u00e3o para incorporar o Slider no meu site Webflow sem experi\u00eancia em codifica\u00e7\u00e3o?<\/h3>\r\n\r\n\t\t\t\t\t\t<div class=\"faq-item-question-icon\"><\/div>\r\n\t\t\t\t\t<\/div>\r\n\r\n\t\t\t\t\t<div class=\"faq-item-answer\">\r\n\t\t\t\t\t\t<div class=\"faq-item-answer-text\"> <p>A empresa Elfsight fornece uma solu\u00e7\u00e3o SaaS que permite que as pessoas estabele\u00e7am uma se\u00e7\u00e3o Slider por conta pr\u00f3pria, descubra as instru\u00e7\u00f5es simples: Comece a trabalhar diretamente na demonstra\u00e7\u00e3o ao vivo para criar um aplicativo Slider que voc\u00ea gostaria de ver em sua p\u00e1gina da Webflow. Escolha um de nossos modelos prontos e modifique as configura\u00e7\u00f5es do Slider, atualize seu conte\u00fado, altere o layout e as cores sem codifica\u00e7\u00e3o. Salve o Slider e obtenha o c\u00f3digo de instala\u00e7\u00e3o do plugin, que voc\u00ea pode incluir na p\u00e1gina inicial do Webflow sem adquirir um plano pago. Usando o editor f\u00e1cil de usar, qualquer usu\u00e1rio da Internet pode criar um aplicativo Slider online e incorpor\u00e1-lo facilmente ao seu site Webflow. N\u00e3o \u00e9 necess\u00e1rio pagar ou enviar as credenciais do seu cart\u00e3o para acessar nosso servi\u00e7o. Se voc\u00ea encontrar algum obst\u00e1culo de qualquer tipo, n\u00e3o hesite em entrar em contato com nossa equipe de suporte.<\/p> <\/div>\r\n\t\t\t\t\t<\/div>\r\n\t\t\t\t<\/div> <\/div><\/div>\n","protected":false},"excerpt":{"rendered":"","protected":false},"author":9,"featured_media":0,"parent":948,"menu_order":0,"comment_status":"closed","ping_status":"closed","template":"templates\/template-application-platform.php","meta":{"publish_to_discourse":"","publish_post_category":"","wpdc_auto_publish_overridden":"","wpdc_topic_tags":"","wpdc_pin_topic":"","wpdc_pin_until":"","discourse_post_id":"","discourse_permalink":"","wpdc_publishing_response":"","wpdc_publishing_error":"","footnotes":""},"class_list":["post-4515","page","type-page","status-publish","hentry"],"yoast_head":"<!-- This site is optimized with the Yoast SEO plugin v25.3.1 - https:\/\/yoast.com\/wordpress\/plugins\/seo\/ -->\n<title>Webflow Slider \u2013 Adicionar widget Image Slider ao site Webflow [ 2025 ]<\/title>\n<meta name=\"description\" content=\"\u00c9 absolutamente simples formar seu widget Photo Slider responsivo e public\u00e1-lo em seu site Webflow. O suporte ao cliente da Elfsight \u00e9 gratuito.\" \/>\n<meta name=\"robots\" content=\"index, follow, max-snippet:-1, max-image-preview:large, max-video-preview:-1\" \/>\n<link rel=\"canonical\" href=\"https:\/\/elfsight.com\/pt\/slider-widget\/webflow\/\" \/>\n<meta property=\"og:locale\" content=\"pt_PT\" \/>\n<meta property=\"og:type\" content=\"article\" \/>\n<meta property=\"og:title\" content=\"Webflow Slider \u2013 Adicionar widget Image Slider ao site Webflow [ 2025 ]\" \/>\n<meta property=\"og:description\" content=\"\u00c9 absolutamente simples formar seu widget Photo Slider responsivo e public\u00e1-lo em seu site Webflow. O suporte ao cliente da Elfsight \u00e9 gratuito.\" \/>\n<meta property=\"og:url\" content=\"https:\/\/elfsight.com\/pt\/slider-widget\/webflow\/\" \/>\n<meta property=\"og:site_name\" content=\"Elfsight PT\" \/>\n<meta property=\"article:modified_time\" content=\"2026-01-29T09:29:15+00:00\" \/>\n<meta name=\"twitter:card\" content=\"summary_large_image\" \/>\n<meta name=\"twitter:label1\" content=\"Tempo estimado de leitura\" \/>\n\t<meta name=\"twitter:data1\" content=\"3 minutos\" \/>\n<!-- \/ Yoast SEO plugin. -->","yoast_head_json":{"title":"Webflow Slider \u2013 Adicionar widget Image Slider ao site Webflow [ 2025 ]","description":"\u00c9 absolutamente simples formar seu widget Photo Slider responsivo e public\u00e1-lo em seu site Webflow. O suporte ao cliente da Elfsight \u00e9 gratuito.","robots":{"index":"index","follow":"follow","max-snippet":"max-snippet:-1","max-image-preview":"max-image-preview:large","max-video-preview":"max-video-preview:-1"},"canonical":"https:\/\/elfsight.com\/pt\/slider-widget\/webflow\/","og_locale":"pt_PT","og_type":"article","og_title":"Webflow Slider \u2013 Adicionar widget Image Slider ao site Webflow [ 2025 ]","og_description":"\u00c9 absolutamente simples formar seu widget Photo Slider responsivo e public\u00e1-lo em seu site Webflow. O suporte ao cliente da Elfsight \u00e9 gratuito.","og_url":"https:\/\/elfsight.com\/pt\/slider-widget\/webflow\/","og_site_name":"Elfsight PT","article_modified_time":"2026-01-29T09:29:15+00:00","twitter_card":"summary_large_image","twitter_misc":{"Tempo estimado de leitura":"3 minutos"},"schema":{"@context":"https:\/\/schema.org","@graph":[{"@type":"WebPage","@id":"https:\/\/elfsight.com\/pt\/slider-widget\/webflow\/","url":"https:\/\/elfsight.com\/pt\/slider-widget\/webflow\/","name":"Webflow Slider \u2013 Adicionar widget Image Slider ao site Webflow [ 2025 ]","isPartOf":{"@id":"https:\/\/elfsight.com\/pt\/#website"},"datePublished":"1970-01-01T00:00:00+00:00","dateModified":"2026-01-29T09:29:15+00:00","description":"\u00c9 absolutamente simples formar seu widget Photo Slider responsivo e public\u00e1-lo em seu site Webflow. O suporte ao cliente da Elfsight \u00e9 gratuito.","breadcrumb":{"@id":"https:\/\/elfsight.com\/pt\/slider-widget\/webflow\/#breadcrumb"},"inLanguage":"pt-PT","potentialAction":[{"@type":"ReadAction","target":["https:\/\/elfsight.com\/pt\/slider-widget\/webflow\/"]}]},{"@type":"BreadcrumbList","@id":"https:\/\/elfsight.com\/pt\/slider-widget\/webflow\/#breadcrumb","itemListElement":[{"@type":"ListItem","position":1,"name":"Home","item":"https:\/\/elfsight.com\/pt\/"},{"@type":"ListItem","position":2,"name":"Slider","item":"https:\/\/elfsight.com\/pt\/slider-widget\/"},{"@type":"ListItem","position":3,"name":"Slider &#8211; Webflow"}]},{"@type":"WebSite","@id":"https:\/\/elfsight.com\/pt\/#website","url":"https:\/\/elfsight.com\/pt\/","name":"Elfsight PT","description":"Just another Elfsight Sites site","potentialAction":[{"@type":"SearchAction","target":{"@type":"EntryPoint","urlTemplate":"https:\/\/elfsight.com\/pt\/?s={search_term_string}"},"query-input":{"@type":"PropertyValueSpecification","valueRequired":true,"valueName":"search_term_string"}}],"inLanguage":"pt-PT"}]}},"meta_box":{"industry":"","seo_heading":"","heading":"","description":"","cta_heading":"","cta_description":"","application":"947","h1":"Widget de controle deslizante de imagem do Webflow","h1_caption":"Crie seu controle deslizante impressionante com facilidade.","application_category":[],"applications_title":"","applications_request_title":"","applications_request_button_text":"","hero_text":"","hero_video":"","hero_video_schema_markup":"","selling_points_title":"","selling_points_caption":"","selling_points":[],"selling_points_cta_text":"","features_title":"","features":"","ed_cta_examples_text":"","ed_cta_examples_hidden":"","ed_cta_demo_text":"","ed_cta_demo_hidden":"","why_caption":"","why_editor_title":"","why_editor_text":"","why_team_title":"","why_team_text":"","why_service_title":"","why_service_text":"","template_catalog_visible":"0","template_catalog_title":"","template_catalog_text":"","template_catalog_categories_visible":"","demo_title":"Crie seu widget deslizante","demo_caption":"Configure seu Slider e adicione-o ao seu site Webflow gratuitamente!","default_faq_hidden":"","app_template_category":[],"platform":"70","template_public_id":"","codecanyon_url":"","codecanyon_item_id":"","codecanyon_price":"","pricing_caption":"","pricing_elfsight_apps_hide_column":"","pricing_elfsight_apps_url":"","pricing_codecanyon_price_caption":"","integration_category":[],"integration_request_title":"","integration_request_cta":"","integration_platform":"","integrations":[],"platform_category":[],"video_schema_markup":"","price":"a partir de US$ 0\/m\u00eas","trial":"","benefits":[{"text":"Ajuda de instala\u00e7\u00e3o gratuita"},{"text":"Suporte premium"},{"text":"Garantia de reembolso de 14 dias"},{"text":"Atualiza\u00e7\u00f5es futuras"}],"button_url":"#demo","button_target_blank":"0","button_nofollow":"0","attributes":[{"name":"Instala\u00e7\u00f5es","content":"10,000 - 100,000","_state":"expanded"},{"name":"Responsivo","content":"Sim","_state":"expanded"},{"name":"Navegadores compat\u00edveis","content":"Firefox, Opera, Safari, Edge, Chrome"}],"tags":[],"tags_disable_links":"0","hide_more_platforms":"0","video_object":"","demo_hide_cta":"0","demo_hide_cloud_options":"0","pricing_title":"","pricing":[{"pricing_icon":"platform","pricing_title":"Elfsight Apps","pricing_title_caption":"Solu\u00e7\u00e3o digital independente de plataforma que funciona em qualquer site","pricing_price":"a partir de US$ 0\/m\u00eas","pricing_price_caption":"comece com plano gratuito","pricing_benefits":[{"text":"Dom\u00ednios ilimitados"},{"text":"Suporte ao cliente premium"},{"text":"Suporte ao cliente premium"},{"text":"Oferta especial para v\u00e1rios aplicativos"}],"pricing_button_text":"Adicionar ao site","pricing_button_url":"#demo","_state":"expanded"}],"related_apps_title":"","related_apps_hidden":"1","author":"","image":[],"title":"","job":"","social_networks":[]},"_links":{"self":[{"href":"https:\/\/elfsight.com\/pt\/wp-json\/wp\/v2\/pages\/4515","targetHints":{"allow":["GET"]}}],"collection":[{"href":"https:\/\/elfsight.com\/pt\/wp-json\/wp\/v2\/pages"}],"about":[{"href":"https:\/\/elfsight.com\/pt\/wp-json\/wp\/v2\/types\/page"}],"author":[{"embeddable":true,"href":"https:\/\/elfsight.com\/pt\/wp-json\/wp\/v2\/users\/9"}],"replies":[{"embeddable":true,"href":"https:\/\/elfsight.com\/pt\/wp-json\/wp\/v2\/comments?post=4515"}],"version-history":[{"count":4,"href":"https:\/\/elfsight.com\/pt\/wp-json\/wp\/v2\/pages\/4515\/revisions"}],"predecessor-version":[{"id":15224,"href":"https:\/\/elfsight.com\/pt\/wp-json\/wp\/v2\/pages\/4515\/revisions\/15224"}],"up":[{"embeddable":true,"href":"https:\/\/elfsight.com\/pt\/wp-json\/wp\/v2\/pages\/948"}],"wp:attachment":[{"href":"https:\/\/elfsight.com\/pt\/wp-json\/wp\/v2\/media?parent=4515"}],"curies":[{"name":"wp","href":"https:\/\/api.w.org\/{rel}","templated":true}]}}