{"id":4513,"date":"1970-01-01T00:00:00","date_gmt":"1970-01-01T00:00:00","guid":{"rendered":"https:\/\/elfsight.com\/pt\/?page_id=4513"},"modified":"2025-03-06T14:10:29","modified_gmt":"2025-03-06T14:10:29","slug":"squarespace","status":"publish","type":"page","link":"https:\/\/elfsight.com\/pt\/photo-gallery-widget\/squarespace\/","title":{"rendered":"Photo Gallery &#8211; Squarespace"},"content":{"rendered":"\n<div class=\"application-platform-content-item-description application-platform-content-item\" id=\"description\" data-nav-section=\"description\"><h2>Incorpore a Galeria de Fotos no Squarespace com o widget Elfsight<\/h2> <p>A Galeria Elfsight \u00e9 a melhor maneira de organizar seus recursos visuais ou criar um \u00e1lbuns elegantes em seu site. Fa\u00e7a upload de qualquer quantidade de fotos, coloque legendas e selecione a maneira ideal de coloc\u00e1-las na p\u00e1gina. Nosso plugin inclui seis layouts e diversas outras op\u00e7\u00f5es de design. Cada foto abre em modo pop-up, os visitantes podem navegar por elas ou usar uma apresenta\u00e7\u00e3o de slides, aumentar e diminuir o zoom e admirar as imagens em tela cheia. Voc\u00ea pode selecionar as cores mais adequadas para a interface do widget e adicionar um plano de fundo personalizado, alterar as configura\u00e7\u00f5es de texto e mais oportunidades de estilo. <\/p> <p><b>Inspire os clientes com lindas galerias de fotos!<\/b><br><\/p><p>Aplique nosso plugin responsivo de Galeria de Imagens para exibir suas ofertas mais impressionantes ou exibir as fotos de seus produtos. <\/p><p><b>Exponha seus excelentes trabalhos ou produtos<\/b><br><\/p><p>Suas fotos e imagens vis\u00edveis obter\u00e3o mais visualiza\u00e7\u00f5es e capturar\u00e3o as pessoas por mais tempo, aumentando o envolvimento geral em seu site.<\/p><p><b>Tenha mais vendas com apenas alguns cliques<\/b><br>Ao exibir suas habilidades no widget Foto, voc\u00ea deixar\u00e1 o p\u00fablico do seu site incapaz de resistir a fazer uma compra em tal aumentando muito suas vendas.<div class=\"faq\" data-component=\"FAQ\"> <div class=\"faq-item\">\r\n\t\t\t\t\t<div class=\"faq-item-question\">\r\n\t\t\t\t\t\t<h3 class=\"faq-item-question-text\">Quais outras ferramentas para Squarespace voc\u00ea tem? <\/h3>\r\n\r\n\t\t\t\t\t\t<div class=\"faq-item-question-icon\"><\/div>\r\n\t\t\t\t\t<\/div>\r\n\r\n\t\t\t\t\t<div class=\"faq-item-answer\">\r\n\t\t\t\t\t\t<div class=\"faq-item-answer-text\"> <\/p><p>N\u00e3o h\u00e1 fim para diferentes ferramentas para voc\u00ea realizar qualquer tipo de tarefa em seu site. Veja alguns deles: <a href=\"https:\/\/elfsight.com\/qr-code-widget\/squarespace\/\">QR Code<\/a>, <a href=\"https:\/\/elfsight.com\/google-reviews-widget\/squarespace\/\">Google Reviews<\/a>, <a href=\"https:\/\/elfsight.com\/whatsapp-chat-widget\/squarespace\/\">WhatsApp Chat<\/a>, <a href=\"https:\/\/elfsight.com\/event-calendar-widget\/squarespace\/\">Calend\u00e1rio de eventos<\/a>, <a href=\"https:\/\/elfsight.com\/countdown-timer-widget\/squarespace\/\">Contagem regressiva Cron\u00f4metro<\/a>.<\/p> <\/div>\r\n\t\t\t\t\t<\/div>\r\n\t\t\t\t<\/div> <div class=\"faq-item\">\r\n\t\t\t\t\t<div class=\"faq-item-question\">\r\n\t\t\t\t\t\t<h3 class=\"faq-item-question-text\">Como posso incorporar o plugin da Galeria de Fotos ao meu site do Squarespace? <\/h3>\r\n\r\n\t\t\t\t\t\t<div class=\"faq-item-question-icon\"><\/div>\r\n\t\t\t\t\t<\/div>\r\n\r\n\t\t\t\t\t<div class=\"faq-item-answer\">\r\n\t\t\t\t\t\t<div class=\"faq-item-answer-text\"> <p>Voc\u00ea pode facilmente adicionar o plugin da Galeria de Fotos ao seu site do Squarespace e voc\u00ea n\u00e3o precisa se preocupar com a exibi\u00e7\u00e3o de fotos e imagens da sua galeria &#8211; o plugin \u00e9 altamente responsivo. Para incorporar o plugin ao seu site Squarespace, basta abrir nosso configurador gratuito e realizar as seguintes a\u00e7\u00f5es: <\/p><ol><li>Selecionar as configura\u00e7\u00f5es do tema. <\/li><li>selecione a parte onde deseja integrar a Galeria de Fotos. <\/li><li>Incorpore o c\u00f3digo do servi\u00e7o Elfsight Apps e aplique as suas altera\u00e7\u00f5es. <\/li><li>Conclu\u00eddo. <\/li><\/ol><p>Voc\u00ea tamb\u00e9m pode consultar nosso guia informativo sobre os recursos e a instala\u00e7\u00e3o do widget <a href=\"https:\/\/elfsight.com\/tutorials\/how-to-add-photo-gallery-to-website\/#how-to-add-gallery-to-squarespace\">aqui<\/a>.<\/p><\/div>\r\n\t\t\t\t\t<\/div>\r\n\t\t\t\t<\/div> <div class=\"faq-item\">\r\n\t\t\t\t\t<div class=\"faq-item-question\">\r\n\t\t\t\t\t\t<h3 class=\"faq-item-question-text\">Existe uma maneira de testar seu widget da Galeria de Fotos do Squarespace afoot? <\/h3>\r\n\r\n\t\t\t\t\t\t<div class=\"faq-item-question-icon\"><\/div>\r\n\t\t\t\t\t<\/div>\r\n\r\n\t\t\t\t\t<div class=\"faq-item-answer\">\r\n\t\t\t\t\t\t<div class=\"faq-item-answer-text\"> Voc\u00ea pode ver nosso plugin da Galeria de Fotos para Squarespace em nosso ativo <a href=\"https:\/\/elfsight.com\/photo-gallery-widget\/#demo\">aqui<\/a>. E como b\u00f4nus, voc\u00ea tamb\u00e9m pode usar a demonstra\u00e7\u00e3o para adicionar o plug-in ao seu site.<\/div>\r\n\t\t\t\t\t<\/div>\r\n\t\t\t\t<\/div> <\/div><\/div> <div class=\"application-platform-content-item-features application-platform-content-item\" id=\"features\" data-nav-section=\"features\"><p><\/p><h2>Principais recursos do widget Galeria de Fotos<\/h2> <p>Veja todos os recursos e exemplos da Galeria de Fotos do Squarespace. Voc\u00ea pode gerenci\u00e1-los diretamente no editor e eles o ajudar\u00e3o a configurar o widget exatamente para o seu caso. <\/p> <ul> <li>Use CTAs para orientar seu p\u00fablico em dire\u00e7\u00e3o ao seu objetivo. <\/li> <li>Personalize a dura\u00e7\u00e3o da troca de slides. <\/li> <li>Escolha entre diversas variantes de pagina\u00e7\u00e3o. <\/li> <li>Coloque o texto em qualquer lugar da p\u00e1gina por meio da posi\u00e7\u00e3o avan\u00e7ada. <\/li> <li>Ajuste 5 op\u00e7\u00f5es de conte\u00fado. <\/li> <\/ul> <p><a href=\"#demo\">Veja como todos os recursos funcionam em nossa demonstra\u00e7\u00e3o<\/a><\/p> <\/div> <div class=\"application-platform-content-item-installation application-platform-content-item\" id=\"installation\" data-nav-section=\"installation\"> <h2>Como incorporar a Galeria de Fotos no meu site Squarespace? <\/h2> <div class=\"video-container\"><iframe width=\"720\" height=\"405\" src=\"https:\/\/www.youtube.com\/embed\/NInaeiXPyv0\" frameborder=\"0\" allowfullscreen=\"\"><\/iframe><\/div><p>Para adicionar um plugin, siga as orienta\u00e7\u00f5es abaixo.<\/p> <ol><li><b>Construa seu plugin de Galeria pessoal<\/b><br> Por meio do nosso editor gratuito, crie um widget com layout e fun\u00e7\u00f5es personalizadas. <\/li> <li><b>Copie o c\u00f3digo pessoal para incorporar o plugin<\/b><br> Depois de personalizar o seu widget, voc\u00ea adquirir\u00e1 o c\u00f3digo individual na janela pop-up nos aplicativos da Elfsight. Copie esse c\u00f3digo. <\/li> <li><b>Integre o plug-in ao seu site Squarespace<\/b><br> Encontre o local onde voc\u00ea planeja adicionar o widget e cole o c\u00f3digo salvo l\u00e1. Aplique as altera\u00e7\u00f5es. <\/li> <li><b>A configura\u00e7\u00e3o foi bem-sucedida! <\/b><br> V\u00e1 at\u00e9 a loja para ver seu plugin. <\/li> <\/ol> <p>Sinta-se \u00e0 vontade para entrar em contato com o servi\u00e7o de suporte da Elfsight se precisar de ajuda ou tiver algo a perguntar. Ficaremos felizes em ajudar com todas as d\u00favidas. <\/p> <\/div>\n","protected":false},"excerpt":{"rendered":"","protected":false},"author":9,"featured_media":0,"parent":965,"menu_order":0,"comment_status":"closed","ping_status":"closed","template":"templates\/template-application-platform.php","meta":{"publish_to_discourse":"","publish_post_category":"","wpdc_auto_publish_overridden":"","wpdc_topic_tags":"","wpdc_pin_topic":"","wpdc_pin_until":"","discourse_post_id":"","discourse_permalink":"","wpdc_publishing_response":"","wpdc_publishing_error":"","footnotes":""},"class_list":["post-4513","page","type-page","status-publish","hentry"],"yoast_head":"<!-- This site is optimized with the Yoast SEO plugin v25.3.1 - https:\/\/yoast.com\/wordpress\/plugins\/seo\/ -->\n<title>Melhor widget de galeria de fotos para o site Squarespace (gratuito e sem codifica\u00e7\u00e3o)<\/title>\n<meta name=\"description\" content=\"Adicione um plugin responsivo de Galeria de Fotos ao seu site Squarespace e obtenha confian\u00e7a total. Utilize a demonstra\u00e7\u00e3o f\u00e1cil de usar da Elfsight para criar o seu exclusivo.\" \/>\n<meta name=\"robots\" content=\"index, follow, max-snippet:-1, max-image-preview:large, max-video-preview:-1\" \/>\n<link rel=\"canonical\" href=\"https:\/\/elfsight.com\/pt\/photo-gallery-widget\/squarespace\/\" \/>\n<meta property=\"og:locale\" content=\"pt_PT\" \/>\n<meta property=\"og:type\" content=\"article\" \/>\n<meta property=\"og:title\" content=\"Melhor widget de galeria de fotos para o site Squarespace (gratuito e sem codifica\u00e7\u00e3o)\" \/>\n<meta property=\"og:description\" content=\"Adicione um plugin responsivo de Galeria de Fotos ao seu site Squarespace e obtenha confian\u00e7a total. Utilize a demonstra\u00e7\u00e3o f\u00e1cil de usar da Elfsight para criar o seu exclusivo.\" \/>\n<meta property=\"og:url\" content=\"https:\/\/elfsight.com\/pt\/photo-gallery-widget\/squarespace\/\" \/>\n<meta property=\"og:site_name\" content=\"Elfsight PT\" \/>\n<meta property=\"article:modified_time\" content=\"2025-03-06T14:10:29+00:00\" \/>\n<meta name=\"twitter:card\" content=\"summary_large_image\" \/>\n<meta name=\"twitter:label1\" content=\"Tempo estimado de leitura\" \/>\n\t<meta name=\"twitter:data1\" content=\"4 minutos\" \/>\n<!-- \/ Yoast SEO plugin. -->","yoast_head_json":{"title":"Melhor widget de galeria de fotos para o site Squarespace (gratuito e sem codifica\u00e7\u00e3o)","description":"Adicione um plugin responsivo de Galeria de Fotos ao seu site Squarespace e obtenha confian\u00e7a total. Utilize a demonstra\u00e7\u00e3o f\u00e1cil de usar da Elfsight para criar o seu exclusivo.","robots":{"index":"index","follow":"follow","max-snippet":"max-snippet:-1","max-image-preview":"max-image-preview:large","max-video-preview":"max-video-preview:-1"},"canonical":"https:\/\/elfsight.com\/pt\/photo-gallery-widget\/squarespace\/","og_locale":"pt_PT","og_type":"article","og_title":"Melhor widget de galeria de fotos para o site Squarespace (gratuito e sem codifica\u00e7\u00e3o)","og_description":"Adicione um plugin responsivo de Galeria de Fotos ao seu site Squarespace e obtenha confian\u00e7a total. Utilize a demonstra\u00e7\u00e3o f\u00e1cil de usar da Elfsight para criar o seu exclusivo.","og_url":"https:\/\/elfsight.com\/pt\/photo-gallery-widget\/squarespace\/","og_site_name":"Elfsight PT","article_modified_time":"2025-03-06T14:10:29+00:00","twitter_card":"summary_large_image","twitter_misc":{"Tempo estimado de leitura":"4 minutos"},"schema":{"@context":"https:\/\/schema.org","@graph":[{"@type":"WebPage","@id":"https:\/\/elfsight.com\/pt\/photo-gallery-widget\/squarespace\/","url":"https:\/\/elfsight.com\/pt\/photo-gallery-widget\/squarespace\/","name":"Melhor widget de galeria de fotos para o site Squarespace (gratuito e sem codifica\u00e7\u00e3o)","isPartOf":{"@id":"https:\/\/elfsight.com\/pt\/#website"},"datePublished":"1970-01-01T00:00:00+00:00","dateModified":"2025-03-06T14:10:29+00:00","description":"Adicione um plugin responsivo de Galeria de Fotos ao seu site Squarespace e obtenha confian\u00e7a total. Utilize a demonstra\u00e7\u00e3o f\u00e1cil de usar da Elfsight para criar o seu exclusivo.","breadcrumb":{"@id":"https:\/\/elfsight.com\/pt\/photo-gallery-widget\/squarespace\/#breadcrumb"},"inLanguage":"pt-PT","potentialAction":[{"@type":"ReadAction","target":["https:\/\/elfsight.com\/pt\/photo-gallery-widget\/squarespace\/"]}]},{"@type":"BreadcrumbList","@id":"https:\/\/elfsight.com\/pt\/photo-gallery-widget\/squarespace\/#breadcrumb","itemListElement":[{"@type":"ListItem","position":1,"name":"Home","item":"https:\/\/elfsight.com\/pt\/"},{"@type":"ListItem","position":2,"name":"Photo Gallery","item":"https:\/\/elfsight.com\/pt\/photo-gallery-widget\/"},{"@type":"ListItem","position":3,"name":"Photo Gallery &#8211; Squarespace"}]},{"@type":"WebSite","@id":"https:\/\/elfsight.com\/pt\/#website","url":"https:\/\/elfsight.com\/pt\/","name":"Elfsight PT","description":"Just another Elfsight Sites site","potentialAction":[{"@type":"SearchAction","target":{"@type":"EntryPoint","urlTemplate":"https:\/\/elfsight.com\/pt\/?s={search_term_string}"},"query-input":{"@type":"PropertyValueSpecification","valueRequired":true,"valueName":"search_term_string"}}],"inLanguage":"pt-PT"}]}},"meta_box":{"industry":"","seo_heading":"","heading":"","description":"","cta_heading":"","cta_description":"","application":"964","h1":"Plug-in da Galeria de Fotos do Squarespace","h1_caption":"Mostre suas fotos maravilhosas no site","application_category":[],"applications_title":"","applications_request_title":"","applications_request_button_text":"","hero_text":"","hero_video":"","hero_video_schema_markup":"","selling_points_title":"","selling_points_caption":"","selling_points":[],"selling_points_cta_text":"","features_title":"","features":"","ed_cta_examples_text":"","ed_cta_examples_hidden":"","ed_cta_demo_text":"","ed_cta_demo_hidden":"","why_caption":"","why_editor_title":"","why_editor_text":"","why_team_title":"","why_team_text":"","why_service_title":"","why_service_text":"","template_catalog_visible":"0","template_catalog_title":"","template_catalog_text":"","template_catalog_categories_visible":"","demo_title":"Crie seu plugin da Galeria de Fotos","demo_caption":"Configure sua Galeria de Fotos e adicione-a ao seu site Squarespace gratuitamente!","default_faq_hidden":"","app_template_category":[],"platform":"67","template_public_id":"","codecanyon_url":"","codecanyon_item_id":"","codecanyon_price":"","pricing_caption":"","pricing_elfsight_apps_hide_column":"","pricing_elfsight_apps_url":"","pricing_codecanyon_price_caption":"","integration_category":[],"integration_request_title":"","integration_request_cta":"","integration_platform":"","integrations":[],"platform_category":[],"video_schema_markup":"","price":"a partir de US$ 0\/m\u00eas","trial":"","benefits":[{"text":"Assist\u00eancia de instala\u00e7\u00e3o gratuita"},{"text":"Atendimento ao cliente competente"},{"text":"Garantia de devolu\u00e7\u00e3o do dinheiro em 14 dias"},{"text":"Melhorias cont\u00ednuas"}],"button_url":"#demo","button_target_blank":"0","button_nofollow":"0","attributes":[{"name":"Instala\u00e7\u00f5es","content":"10,000 - 100,000","_state":"expanded"},{"name":"Responsivo","content":"Sim","_state":"expanded"},{"name":"Navegadores compat\u00edveis","content":"Firefox, Safari, Opera, Chrome, Edge"}],"tags":[],"tags_disable_links":"0","hide_more_platforms":"0","video_object":"","demo_hide_cta":"0","demo_hide_cloud_options":"0","pricing_title":"","pricing":[{"pricing_icon":"platform","pricing_title":"Elfsight Apps","pricing_title_caption":"Solu\u00e7\u00e3o multiplataforma que funciona em qualquer site","pricing_price":"a partir de US$ 0\/m\u00eas","pricing_price_caption":"comece com um plano gratuito","pricing_benefits":[{"text":"Sites ilimitados"},{"text":"Suporte profissional da empresa e bem documentado"},{"text":"Suporte profissional da empresa e bem documentado"},{"text":"Design flex\u00edvel"}],"pricing_button_text":"Adicionar ao site","pricing_button_url":"#demo","_state":"expanded"}],"related_apps_title":"","related_apps_hidden":"1","author":"","image":[],"title":"","job":"","social_networks":[]},"_links":{"self":[{"href":"https:\/\/elfsight.com\/pt\/wp-json\/wp\/v2\/pages\/4513","targetHints":{"allow":["GET"]}}],"collection":[{"href":"https:\/\/elfsight.com\/pt\/wp-json\/wp\/v2\/pages"}],"about":[{"href":"https:\/\/elfsight.com\/pt\/wp-json\/wp\/v2\/types\/page"}],"author":[{"embeddable":true,"href":"https:\/\/elfsight.com\/pt\/wp-json\/wp\/v2\/users\/9"}],"replies":[{"embeddable":true,"href":"https:\/\/elfsight.com\/pt\/wp-json\/wp\/v2\/comments?post=4513"}],"version-history":[{"count":4,"href":"https:\/\/elfsight.com\/pt\/wp-json\/wp\/v2\/pages\/4513\/revisions"}],"predecessor-version":[{"id":14480,"href":"https:\/\/elfsight.com\/pt\/wp-json\/wp\/v2\/pages\/4513\/revisions\/14480"}],"up":[{"embeddable":true,"href":"https:\/\/elfsight.com\/pt\/wp-json\/wp\/v2\/pages\/965"}],"wp:attachment":[{"href":"https:\/\/elfsight.com\/pt\/wp-json\/wp\/v2\/media?parent=4513"}],"curies":[{"name":"wp","href":"https:\/\/api.w.org\/{rel}","templated":true}]}}