{"id":4512,"date":"1970-01-01T00:00:00","date_gmt":"1970-01-01T00:00:00","guid":{"rendered":"https:\/\/elfsight.com\/pt\/?page_id=4512"},"modified":"2025-11-18T14:02:02","modified_gmt":"2025-11-18T14:02:02","slug":"squarespace","status":"publish","type":"page","link":"https:\/\/elfsight.com\/pt\/popup-widget\/squarespace\/","title":{"rendered":"Popup &#8211; Squarespace"},"content":{"rendered":"<div class=\"application-platform-content-item-description application-platform-content-item\" id=\"description\" data-nav-section=\"description\"> <h2>Incorporar pop-up no Squarespace com o widget Elfsight<\/h2> <p>Usando o plugin Elfsight Popup, voc\u00ea pode criar seu pop-up personalizado -ups de v\u00e1rios tipos e incorpor\u00e1-los na p\u00e1gina da web. Crie um pop-up exclusivo usando uma variedade de elementos integrados. Ajuste o estilo e a disposi\u00e7\u00e3o; aplique o gatilho de abertura e ajuste a frequ\u00eancia para maximizar a efic\u00e1cia. Os pop-ups permitir\u00e3o que os visitantes assinem e-mails, explorem suas ofertas, copiem cupons de desconto, conhe\u00e7am suas vendas e ofertas especiais, fiquem atentos \u00e0s novidades do seu site e muito mais. <\/p> <p><b>Os pop-ups permitir\u00e3o que voc\u00ea venda mais, promova suas atividades futuras, receba feedback e assinantes e muito mais.<\/b><\/p> <\/div><div class=\"faq\" data-component=\"FAQ\"><div class=\"faq-item\">\r\n\t\t\t\t\t<div class=\"faq-item-question\">\r\n\t\t\t\t\t\t<h3 class=\"faq-item-question-text\">Como posso incorporar um pop-up no site Squarespace?<\/h3>\r\n\r\n\t\t\t\t\t\t<div class=\"faq-item-question-icon\"><\/div>\r\n\t\t\t\t\t<\/div>\r\n\r\n\t\t\t\t\t<div class=\"faq-item-answer\">\r\n\t\t\t\t\t\t<div class=\"faq-item-answer-text\"><p>A cria\u00e7\u00e3o do formul\u00e1rio Squarespace acontece dentro do site da Elfsight e n\u00e3o h\u00e1 necessidade de aprender codifica\u00e7\u00e3o. Use a demonstra\u00e7\u00e3o online para ajustar seu pr\u00f3prio plugin, obter o c\u00f3digo e incorpor\u00e1-lo em seu site. <\/p><\/div>\r\n\t\t\t\t\t<\/div>\r\n\t\t\t\t<\/div><div class=\"faq-item\">\r\n\t\t\t\t\t<div class=\"faq-item-question\">\r\n\t\t\t\t\t\t<h3 class=\"faq-item-question-text\">Os melhores exemplos de uso de integra\u00e7\u00e3o pop-up<\/h3>\r\n\r\n\t\t\t\t\t\t<div class=\"faq-item-question-icon\"><\/div>\r\n\t\t\t\t\t<\/div>\r\n\r\n\t\t\t\t\t<div class=\"faq-item-answer\">\r\n\t\t\t\t\t\t<div class=\"faq-item-answer-text\"><p>Temos in\u00fameras oportunidades de personaliza\u00e7\u00e3o: pop-up completo do boletim informativo do Squarespace para implementa\u00e7\u00e3o na \u00e1rea de conte\u00fado, widgets flutuantes com op\u00e7\u00f5es de rolagem, layouts de rodap\u00e9, cabe\u00e7alho e todos os tipos de possibilidades verticais para barras laterais e menus de sites. Al\u00e9m disso, voc\u00ea pode configurar seu pop-up do Squarespace para aparecer ao clicar.<\/p><\/div>\r\n\t\t\t\t\t<\/div>\r\n\t\t\t\t<\/div><div class=\"faq-item\">\r\n\t\t\t\t\t<div class=\"faq-item-question\">\r\n\t\t\t\t\t\t<h3 class=\"faq-item-question-text\">Posso criar um pop-up de notifica\u00e7\u00e3o ou boletim informativo com a ajuda do seu editor? <\/h3>\r\n\r\n\t\t\t\t\t\t<div class=\"faq-item-question-icon\"><\/div>\r\n\t\t\t\t\t<\/div>\r\n\r\n\t\t\t\t\t<div class=\"faq-item-answer\">\r\n\t\t\t\t\t\t<div class=\"faq-item-answer-text\"><p> Voc\u00ea \u00e9 livre para fazer modifica\u00e7\u00f5es em qualquer widget. Existem v\u00e1rios layouts do Squarespace Newsletter no editor, e todos eles podem ser facilmente ajustados conforme sua necessidade. <\/p><\/div>\r\n\t\t\t\t\t<\/div>\r\n\t\t\t\t<\/div><\/div><div class=\"application-platform-content-item-features application-platform-content-item\" id=\"features\" data-nav-section=\"features\"> <h2>Principais recursos de um plugin Popup<\/h2> <p>Confira uma lista de todos os recursos do widget. Voc\u00ea pode configur\u00e1-los diretamente no editor e eles o ajudar\u00e3o a construir o widget mais adequado para o seu caso. <\/p> <ul><li>Doze blocos diferentes para moldar um pop-up;<\/li> <li>5 layouts de pop-up inclu\u00eddos para casos variados;<\/li> <li>Coloque bot\u00f5es no formul\u00e1rio pop-up do Squarespace para tirar visitantes de qualquer p\u00e1gina;<\/li> <li>Fazer upload de uma imagem para o plano de fundo;<\/li> <li>Pop-up pode aparecer ap\u00f3s um determinado tempo na p\u00e1gina ou porcentagem de rolagem;<\/li> <li>Pop-up pode ser acionado clicando em um determinado elemento ou rolando para baixo at\u00e9 ele.<\/li> <\/ul> <p><a href=\"#demo\">Voc\u00ea pode testar todos os recursos do widget diretamente na demonstra\u00e7\u00e3o<\/a><\/p> <\/div><div class=\"application-platform-content-item-installation application-platform-content-item\" id=\"installation\" data-nav-section=\"installation\"><h2>Como adicionar pop-up ao site do Squarespace?<\/h2> <div class=\"video-container\">\n<iframe width=\"720\" height=\"405\" src=\"https:\/\/www.youtube.com\/embed\/qDVxHclSg_4?si=0Cvy3xXhqcmkZK5g\" frameborder=\"0\" allowfullscreen=\"\"><\/iframe>\n<\/div><p>Para ativar o widget em seu site, basta siga as orienta\u00e7\u00f5es abaixo:<\/p> <ol><li><b>Crie seu plugin Popup pessoal<\/b><br> Gerenciando nosso configurador gratuito, crie um plugin com composi\u00e7\u00e3o e fun\u00e7\u00f5es personalizadas. <\/li><li><b>Obtenha o c\u00f3digo pessoal para incorporar o plugin<\/b><br> Depois de personalizar o seu widget, voc\u00ea adquirir\u00e1 um c\u00f3digo de instala\u00e7\u00e3o da Elfsight Apps. Copie o c\u00f3digo da caixa de texto pop-up do Squarespace para uso posterior. <\/li> <li><b>Adicione o plugin em seu site do Squarespace<\/b><br> V\u00e1 at\u00e9 a \u00e1rea onde voc\u00ea planeja mostrar o plugin e insira o c\u00f3digo salvo l\u00e1. Publique as altera\u00e7\u00f5es. <\/li> <li><b>A configura\u00e7\u00e3o foi conclu\u00edda<\/b><br> Entre no site para dar uma olhada no seu pop-up. <\/li> <\/ol><p>Voc\u00ea pode entrar em contato com o suporte ao cliente quando precisar de assist\u00eancia ou tiver alguma d\u00favida com a caixa de texto pop-up do Squarespace. Nossos especialistas ter\u00e3o prazer em ajudar com cada solicita\u00e7\u00e3o.<\/p> <\/div>","protected":false},"excerpt":{"rendered":"","protected":false},"author":9,"featured_media":0,"parent":542,"menu_order":0,"comment_status":"closed","ping_status":"closed","template":"templates\/template-application-platform.php","meta":{"publish_to_discourse":"","publish_post_category":"","wpdc_auto_publish_overridden":"","wpdc_topic_tags":"","wpdc_pin_topic":"","wpdc_pin_until":"","discourse_post_id":"","discourse_permalink":"","wpdc_publishing_response":"","wpdc_publishing_error":"","footnotes":""},"class_list":["post-4512","page","type-page","status-publish","hentry"],"yoast_head":"<!-- This site is optimized with the Yoast SEO plugin v25.3.1 - https:\/\/yoast.com\/wordpress\/plugins\/seo\/ -->\n<title>Adicione um plugin Popup a um site do Squarespace<\/title>\n<meta name=\"description\" content=\"Crie Popup no Squarespace sem codifica\u00e7\u00e3o!\" \/>\n<meta name=\"robots\" content=\"index, follow, max-snippet:-1, max-image-preview:large, max-video-preview:-1\" \/>\n<link rel=\"canonical\" href=\"https:\/\/elfsight.com\/pt\/popup-widget\/squarespace\/\" \/>\n<meta property=\"og:locale\" content=\"pt_PT\" \/>\n<meta property=\"og:type\" content=\"article\" \/>\n<meta property=\"og:title\" content=\"Adicione um plugin Popup a um site do Squarespace\" \/>\n<meta property=\"og:description\" content=\"Crie Popup no Squarespace sem codifica\u00e7\u00e3o!\" \/>\n<meta property=\"og:url\" content=\"https:\/\/elfsight.com\/pt\/popup-widget\/squarespace\/\" \/>\n<meta property=\"og:site_name\" content=\"Elfsight PT\" \/>\n<meta property=\"article:modified_time\" content=\"2025-11-18T14:02:02+00:00\" \/>\n<meta name=\"twitter:card\" content=\"summary_large_image\" \/>\n<meta name=\"twitter:label1\" content=\"Tempo estimado de leitura\" \/>\n\t<meta name=\"twitter:data1\" content=\"3 minutos\" \/>\n<!-- \/ Yoast SEO plugin. -->","yoast_head_json":{"title":"Adicione um plugin Popup a um site do Squarespace","description":"Crie Popup no Squarespace sem codifica\u00e7\u00e3o!","robots":{"index":"index","follow":"follow","max-snippet":"max-snippet:-1","max-image-preview":"max-image-preview:large","max-video-preview":"max-video-preview:-1"},"canonical":"https:\/\/elfsight.com\/pt\/popup-widget\/squarespace\/","og_locale":"pt_PT","og_type":"article","og_title":"Adicione um plugin Popup a um site do Squarespace","og_description":"Crie Popup no Squarespace sem codifica\u00e7\u00e3o!","og_url":"https:\/\/elfsight.com\/pt\/popup-widget\/squarespace\/","og_site_name":"Elfsight PT","article_modified_time":"2025-11-18T14:02:02+00:00","twitter_card":"summary_large_image","twitter_misc":{"Tempo estimado de leitura":"3 minutos"},"schema":{"@context":"https:\/\/schema.org","@graph":[{"@type":"WebPage","@id":"https:\/\/elfsight.com\/pt\/popup-widget\/squarespace\/","url":"https:\/\/elfsight.com\/pt\/popup-widget\/squarespace\/","name":"Adicione um plugin Popup a um site do Squarespace","isPartOf":{"@id":"https:\/\/elfsight.com\/pt\/#website"},"datePublished":"1970-01-01T00:00:00+00:00","dateModified":"2025-11-18T14:02:02+00:00","description":"Crie Popup no Squarespace sem codifica\u00e7\u00e3o!","breadcrumb":{"@id":"https:\/\/elfsight.com\/pt\/popup-widget\/squarespace\/#breadcrumb"},"inLanguage":"pt-PT","potentialAction":[{"@type":"ReadAction","target":["https:\/\/elfsight.com\/pt\/popup-widget\/squarespace\/"]}]},{"@type":"BreadcrumbList","@id":"https:\/\/elfsight.com\/pt\/popup-widget\/squarespace\/#breadcrumb","itemListElement":[{"@type":"ListItem","position":1,"name":"Home","item":"https:\/\/elfsight.com\/pt\/"},{"@type":"ListItem","position":2,"name":"Popup","item":"https:\/\/elfsight.com\/pt\/popup-widget\/"},{"@type":"ListItem","position":3,"name":"Popup &#8211; Squarespace"}]},{"@type":"WebSite","@id":"https:\/\/elfsight.com\/pt\/#website","url":"https:\/\/elfsight.com\/pt\/","name":"Elfsight PT","description":"Just another Elfsight Sites site","potentialAction":[{"@type":"SearchAction","target":{"@type":"EntryPoint","urlTemplate":"https:\/\/elfsight.com\/pt\/?s={search_term_string}"},"query-input":{"@type":"PropertyValueSpecification","valueRequired":true,"valueName":"search_term_string"}}],"inLanguage":"pt-PT"}]}},"meta_box":{"industry":"","seo_heading":"","heading":"","description":"","cta_heading":"","cta_description":"","application":"541","h1":"Plug-in de pop-up do Squarespace","h1_caption":"Configure qualquer tipo de pop-up para anunciar eventos e aumentar as vendas","application_category":[],"applications_title":"","applications_request_title":"","applications_request_button_text":"","hero_text":"","hero_video":"","hero_video_schema_markup":"","selling_points_title":"","selling_points_caption":"","selling_points":[],"selling_points_cta_text":"","features_title":"","features":"","ed_cta_examples_text":"","ed_cta_examples_hidden":"","ed_cta_demo_text":"","ed_cta_demo_hidden":"","why_caption":"","why_editor_title":"","why_editor_text":"","why_team_title":"","why_team_text":"","why_service_title":"","why_service_text":"","template_catalog_visible":"0","template_catalog_title":"","template_catalog_text":"","template_catalog_categories_visible":"","demo_title":"Crie seu plugin Popup","demo_caption":"Configure seu Popup e adicione-o ao seu site Squarespace gratuitamente!","default_faq_hidden":"","app_template_category":[],"platform":"67","template_public_id":"","codecanyon_url":"","codecanyon_item_id":"","codecanyon_price":"","pricing_caption":"","pricing_elfsight_apps_hide_column":"","pricing_elfsight_apps_url":"","pricing_codecanyon_price_caption":"","integration_category":[],"integration_request_title":"","integration_request_cta":"","integration_platform":"","integrations":[],"platform_category":[],"video_schema_markup":"","price":"a partir de US$ 0\/m\u00eas","trial":"","benefits":[{"text":"Ajuda de instala\u00e7\u00e3o gratuita"},{"text":"Atendimento ao cliente competente"},{"text":"Garantia de reembolso de 14 dias"},{"text":"Melhorias futuras"}],"button_url":"#demo","button_target_blank":"0","button_nofollow":"0","attributes":[{"name":"Instala\u00e7\u00f5es","content":"100,000 - 500,000","_state":"expanded"},{"name":"Responsivo","content":"Sim","_state":"expanded"},{"name":"Navegadores compat\u00edveis","content":"Firefox, Safari, Opera, Chrome, Edge Tags"}],"tags":[],"tags_disable_links":"0","hide_more_platforms":"0","video_object":"","demo_hide_cta":"0","demo_hide_cloud_options":"0","pricing_title":"","pricing":[{"pricing_icon":"cloud","pricing_title":"Cross-platform version that works on any website","pricing_title_caption":"Solu\u00e7\u00e3o multiplataforma adequada para qualquer site","pricing_price":"a partir de US$ 0\/m\u00eas","pricing_price_caption":"comece com plano gratuito","pricing_benefits":[{"text":"Sites ilimitados"},{"text":"Suporte 24 horas por dia, 7 dias por semana"},{"text":"Suporte 24 horas por dia, 7 dias por semana"},{"text":"Oferta especial para v\u00e1rios aplicativos"}],"pricing_button_text":"Adicionar ao site","pricing_button_url":"#demo","_state":"expanded"}],"related_apps_title":"","related_apps_hidden":"1","author":"","image":[],"title":"","job":"","social_networks":[]},"_links":{"self":[{"href":"https:\/\/elfsight.com\/pt\/wp-json\/wp\/v2\/pages\/4512","targetHints":{"allow":["GET"]}}],"collection":[{"href":"https:\/\/elfsight.com\/pt\/wp-json\/wp\/v2\/pages"}],"about":[{"href":"https:\/\/elfsight.com\/pt\/wp-json\/wp\/v2\/types\/page"}],"author":[{"embeddable":true,"href":"https:\/\/elfsight.com\/pt\/wp-json\/wp\/v2\/users\/9"}],"replies":[{"embeddable":true,"href":"https:\/\/elfsight.com\/pt\/wp-json\/wp\/v2\/comments?post=4512"}],"version-history":[{"count":3,"href":"https:\/\/elfsight.com\/pt\/wp-json\/wp\/v2\/pages\/4512\/revisions"}],"predecessor-version":[{"id":15170,"href":"https:\/\/elfsight.com\/pt\/wp-json\/wp\/v2\/pages\/4512\/revisions\/15170"}],"up":[{"embeddable":true,"href":"https:\/\/elfsight.com\/pt\/wp-json\/wp\/v2\/pages\/542"}],"wp:attachment":[{"href":"https:\/\/elfsight.com\/pt\/wp-json\/wp\/v2\/media?parent=4512"}],"curies":[{"name":"wp","href":"https:\/\/api.w.org\/{rel}","templated":true}]}}