{"id":4507,"date":"1970-01-01T00:00:00","date_gmt":"1970-01-01T00:00:00","guid":{"rendered":"https:\/\/elfsight.com\/pt\/?page_id=4507"},"modified":"2025-12-01T10:00:15","modified_gmt":"2025-12-01T10:00:15","slug":"squarespace","status":"publish","type":"page","link":"https:\/\/elfsight.com\/pt\/slider-widget\/squarespace\/","title":{"rendered":"Slider &#8211; Squarespace"},"content":{"rendered":"\n<div class=\"application-platform-content-item-description application-platform-content-item\" id=\"description\" data-nav-section=\"description\"><h2>Incorpore o Slider no Squarespace com o widget Elfsight<\/h2> <p>O Elfsight Photo and Image Slider \u00e9 um instrumento simples e \u00e1gil que permite que voc\u00ea chame a aten\u00e7\u00e3o dos visitantes do site exibindo v\u00e1rias imagens, v\u00eddeos ou as melhores ofertas em seu site. Use qualquer quantidade de slides que seja essencial para demonstrar seus produtos e destacar neg\u00f3cios importantes. Adicione efeitos visuais e altere a dimens\u00e3o da imagem\/v\u00eddeo como desejar. Com nossa ferramenta, voc\u00ea poder\u00e1 criar um controle deslizante saliente que chamar\u00e1 a aten\u00e7\u00e3o dos visitantes do site e n\u00e3o os deixar\u00e1 sair do site com pressa.<\/p><\/div><div class=\"application-platform-content-item-features application-platform-content-item\" id=\"features\" data-nav-section=\"features\"><h2>Principais caracter\u00edsticas do widget Slider<\/h2><p>Aqui voc\u00ea pode ver todas as fun\u00e7\u00f5es do produto. Voc\u00ea pode configur\u00e1-los diretamente no editor e eles o ajudar\u00e3o a construir o plug-in exatamente de acordo com suas necessidades.<\/p><ul><li>Use CTAs para orientar os usu\u00e1rios em dire\u00e7\u00e3o \u00e0 convers\u00e3o.<\/li><li>Modifique a dura\u00e7\u00e3o da altern\u00e2ncia de slides .<\/li><li>Escolha entre v\u00e1rios recursos.<\/li><li>Coloque sua mensagem em qualquer lugar da p\u00e1gina com a ajuda da posi\u00e7\u00e3o avan\u00e7ada.<\/li><li>Ajuste 5 fun\u00e7\u00f5es de conte\u00fado.<\/li><\/ul><p><a href=\"#demo\">Verifique todas as outras fun\u00e7\u00f5es na demonstra\u00e7\u00e3o<\/a><\/p><\/div><div class=\"application-platform-content-item-installation application-platform-content-item\" id=\"installation\" data-nav-section=\"installation\"><h2>Como posso adicionar o Image Slider ao meu site do Squarespace?<\/h2><div class=\"video-container\"><iframe allowfullscreen=\"\" frameborder=\"0\" height=\"405\" src=\"https:\/\/www.youtube.com\/embed\/JHtg6tNMNsU?si=C0p7bh6DtAkV5fJ1\" width=\"720\"> <\/iframe><\/div><p>Para integrar o produto, siga as instru\u00e7\u00f5es abaixo.<\/p><ol><li><b>Construa seu plugin Photo Slider exclusivo<\/b><br> Em nosso site gratuito editor, obtenha um plugin com layout e funcionalidade selecionados.<\/li><li><b>Obtenha o c\u00f3digo pessoal para publicar o plugin<\/b><br> Depois de configurar seu plugin, voc\u00ea obter\u00e1 sua instala\u00e7\u00e3o c\u00f3digo da notifica\u00e7\u00e3o exibida nas aplica\u00e7\u00f5es Elfsight. Copie este c\u00f3digo.<\/li> <li><b>Publique o plugin no seu site do Squarespace<\/b><br> Escolha a \u00e1rea onde voc\u00ea precisa integrar o plugin e cole o c\u00f3digo salvo l\u00e1. Salve as edi\u00e7\u00f5es.<\/li> <li><b>A configura\u00e7\u00e3o foi bem-sucedida! <\/b><br> Visite sua p\u00e1gina para visualizar seu plugin. <\/li> <\/ol><p>N\u00e3o hesite em entrar em contato com nosso suporte ao cliente se precisar de conselhos ou tiver d\u00favidas. Teremos prazer em ajudar com todas as d\u00favidas.<\/p><div class=\"faq\" data-component=\"FAQ\"><div class=\"faq-item\">\r\n\t\t\t\t\t<div class=\"faq-item-question\">\r\n\t\t\t\t\t\t<h3 class=\"faq-item-question-text\">Existe uma op\u00e7\u00e3o para incorporar o Slider na minha p\u00e1gina do Squarespace sem nenhum conhecimento de codifica\u00e7\u00e3o?<\/h3>\r\n\r\n\t\t\t\t\t\t<div class=\"faq-item-question-icon\"><\/div>\r\n\t\t\t\t\t<\/div>\r\n\r\n\t\t\t\t\t<div class=\"faq-item-answer\">\r\n\t\t\t\t\t\t<div class=\"faq-item-answer-text\"> <p>A Elfsight apresenta uma solu\u00e7\u00e3o Cloud que permite que voc\u00ea mesmo estabele\u00e7a um plugin Slider, descubra como ele \u00e9 simples: V\u00e1 para o Editor online para criar um plugin Slider que voc\u00ea gostaria de incluir em sua p\u00e1gina inicial do Squarespace. Escolha um dos modelos pr\u00e9-desenhados e adapte as configura\u00e7\u00f5es do Slider, altere o layout e o esquema de cores, adicione seu conte\u00fado, sem nenhum conhecimento de codifica\u00e7\u00e3o. Salve o Slider e copie o c\u00f3digo do plugin para instala\u00e7\u00e3o, que pode ser facilmente colado na p\u00e1gina inicial do Squarespace dentro de um plano gratuito. Com o configurador f\u00e1cil de usar, qualquer usu\u00e1rio da Internet pode criar o Slider e adicion\u00e1-lo facilmente a qualquer site do Squarespace. N\u00e3o \u00e9 necess\u00e1rio obter uma assinatura paga ou enviar as credenciais do seu cart\u00e3o para entrar no servi\u00e7o. Se voc\u00ea enfrentar algum problema em qualquer etapa, entre em contato com nosso suporte ao cliente.<\/p> <\/div>\r\n\t\t\t\t\t<\/div>\r\n\t\t\t\t<\/div> <\/div><\/div>\n","protected":false},"excerpt":{"rendered":"","protected":false},"author":9,"featured_media":0,"parent":948,"menu_order":0,"comment_status":"closed","ping_status":"closed","template":"templates\/template-application-platform.php","meta":{"publish_to_discourse":"","publish_post_category":"","wpdc_auto_publish_overridden":"","wpdc_topic_tags":"","wpdc_pin_topic":"","wpdc_pin_until":"","discourse_post_id":"","discourse_permalink":"","wpdc_publishing_response":"","wpdc_publishing_error":"","footnotes":""},"class_list":["post-4507","page","type-page","status-publish","hentry"],"yoast_head":"<!-- This site is optimized with the Yoast SEO plugin v25.3.1 - https:\/\/yoast.com\/wordpress\/plugins\/seo\/ -->\n<title>Adicionar plugin Image Slider ao site Squarespace [ 2025 ]<\/title>\n<meta name=\"description\" content=\"Aproveite a chance de ajustar o plug-in Slider personalizado agora mesmo e adicion\u00e1-lo ao seu site Squarespace diretamente da demonstra\u00e7\u00e3o ao vivo.\" \/>\n<meta name=\"robots\" content=\"index, follow, max-snippet:-1, max-image-preview:large, max-video-preview:-1\" \/>\n<link rel=\"canonical\" href=\"https:\/\/elfsight.com\/pt\/slider-widget\/squarespace\/\" \/>\n<meta property=\"og:locale\" content=\"pt_PT\" \/>\n<meta property=\"og:type\" content=\"article\" \/>\n<meta property=\"og:title\" content=\"Adicionar plugin Image Slider ao site Squarespace [ 2025 ]\" \/>\n<meta property=\"og:description\" content=\"Aproveite a chance de ajustar o plug-in Slider personalizado agora mesmo e adicion\u00e1-lo ao seu site Squarespace diretamente da demonstra\u00e7\u00e3o ao vivo.\" \/>\n<meta property=\"og:url\" content=\"https:\/\/elfsight.com\/pt\/slider-widget\/squarespace\/\" \/>\n<meta property=\"og:site_name\" content=\"Elfsight PT\" \/>\n<meta property=\"article:modified_time\" content=\"2025-12-01T10:00:15+00:00\" \/>\n<meta name=\"twitter:card\" content=\"summary_large_image\" \/>\n<meta name=\"twitter:label1\" content=\"Tempo estimado de leitura\" \/>\n\t<meta name=\"twitter:data1\" content=\"3 minutos\" \/>\n<!-- \/ Yoast SEO plugin. -->","yoast_head_json":{"title":"Adicionar plugin Image Slider ao site Squarespace [ 2025 ]","description":"Aproveite a chance de ajustar o plug-in Slider personalizado agora mesmo e adicion\u00e1-lo ao seu site Squarespace diretamente da demonstra\u00e7\u00e3o ao vivo.","robots":{"index":"index","follow":"follow","max-snippet":"max-snippet:-1","max-image-preview":"max-image-preview:large","max-video-preview":"max-video-preview:-1"},"canonical":"https:\/\/elfsight.com\/pt\/slider-widget\/squarespace\/","og_locale":"pt_PT","og_type":"article","og_title":"Adicionar plugin Image Slider ao site Squarespace [ 2025 ]","og_description":"Aproveite a chance de ajustar o plug-in Slider personalizado agora mesmo e adicion\u00e1-lo ao seu site Squarespace diretamente da demonstra\u00e7\u00e3o ao vivo.","og_url":"https:\/\/elfsight.com\/pt\/slider-widget\/squarespace\/","og_site_name":"Elfsight PT","article_modified_time":"2025-12-01T10:00:15+00:00","twitter_card":"summary_large_image","twitter_misc":{"Tempo estimado de leitura":"3 minutos"},"schema":{"@context":"https:\/\/schema.org","@graph":[{"@type":"WebPage","@id":"https:\/\/elfsight.com\/pt\/slider-widget\/squarespace\/","url":"https:\/\/elfsight.com\/pt\/slider-widget\/squarespace\/","name":"Adicionar plugin Image Slider ao site Squarespace [ 2025 ]","isPartOf":{"@id":"https:\/\/elfsight.com\/pt\/#website"},"datePublished":"1970-01-01T00:00:00+00:00","dateModified":"2025-12-01T10:00:15+00:00","description":"Aproveite a chance de ajustar o plug-in Slider personalizado agora mesmo e adicion\u00e1-lo ao seu site Squarespace diretamente da demonstra\u00e7\u00e3o ao vivo.","breadcrumb":{"@id":"https:\/\/elfsight.com\/pt\/slider-widget\/squarespace\/#breadcrumb"},"inLanguage":"pt-PT","potentialAction":[{"@type":"ReadAction","target":["https:\/\/elfsight.com\/pt\/slider-widget\/squarespace\/"]}]},{"@type":"BreadcrumbList","@id":"https:\/\/elfsight.com\/pt\/slider-widget\/squarespace\/#breadcrumb","itemListElement":[{"@type":"ListItem","position":1,"name":"Home","item":"https:\/\/elfsight.com\/pt\/"},{"@type":"ListItem","position":2,"name":"Slider","item":"https:\/\/elfsight.com\/pt\/slider-widget\/"},{"@type":"ListItem","position":3,"name":"Slider &#8211; Squarespace"}]},{"@type":"WebSite","@id":"https:\/\/elfsight.com\/pt\/#website","url":"https:\/\/elfsight.com\/pt\/","name":"Elfsight PT","description":"Just another Elfsight Sites site","potentialAction":[{"@type":"SearchAction","target":{"@type":"EntryPoint","urlTemplate":"https:\/\/elfsight.com\/pt\/?s={search_term_string}"},"query-input":{"@type":"PropertyValueSpecification","valueRequired":true,"valueName":"search_term_string"}}],"inLanguage":"pt-PT"}]}},"meta_box":{"industry":"","seo_heading":"","heading":"","description":"","cta_heading":"","cta_description":"","application":"947","h1":"Plug-in de controle deslizante de imagem do Squarespace","h1_caption":"D\u00ea forma ao seu controle deslizante atraente com apenas alguns cliques","application_category":[],"applications_title":"","applications_request_title":"","applications_request_button_text":"","hero_text":"","hero_video":"","hero_video_schema_markup":"","selling_points_title":"","selling_points_caption":"","selling_points":[],"selling_points_cta_text":"","features_title":"","features":"","ed_cta_examples_text":"","ed_cta_examples_hidden":"","ed_cta_demo_text":"","ed_cta_demo_hidden":"","why_caption":"","why_editor_title":"","why_editor_text":"","why_team_title":"","why_team_text":"","why_service_title":"","why_service_text":"","template_catalog_visible":"0","template_catalog_title":"","template_catalog_text":"","template_catalog_categories_visible":"","demo_title":"Crie seu plugin Slider","demo_caption":"Configure seu Slider e adicione-o ao seu site Squarespace gratuitamente!","default_faq_hidden":"","app_template_category":[],"platform":"67","template_public_id":"","codecanyon_url":"","codecanyon_item_id":"","codecanyon_price":"","pricing_caption":"","pricing_elfsight_apps_hide_column":"","pricing_elfsight_apps_url":"","pricing_codecanyon_price_caption":"","integration_category":[],"integration_request_title":"","integration_request_cta":"","integration_platform":"","integrations":[],"platform_category":[],"video_schema_markup":"","price":"a partir de US$ 0\/m\u00eas","trial":"","benefits":[{"text":"Servi\u00e7o de instala\u00e7\u00e3o gratuito"},{"text":"Atendimento ao cliente competente"},{"text":"Garantia de devolu\u00e7\u00e3o do dinheiro em 14 dias"},{"text":"Atualizando constantemente"}],"button_url":"#demo","button_target_blank":"0","button_nofollow":"0","attributes":[{"name":"Instala\u00e7\u00f5es","content":"10,000 - 100,000","_state":"expanded"},{"name":"Responsivo","content":"Sim","_state":"expanded"},{"name":"Navegadores compat\u00edveis","content":"Firefox, Safari, Opera, Chrome, Edge"}],"tags":[],"tags_disable_links":"0","hide_more_platforms":"0","video_object":"","demo_hide_cta":"0","demo_hide_cloud_options":"0","pricing_title":"","pricing":[{"pricing_icon":"platform","pricing_title":"Elfsight Apps","pricing_title_caption":"Solu\u00e7\u00e3o digital multiplataforma que funciona em qualquer site","pricing_price":"a partir de US$ 0\/m\u00eas","pricing_price_caption":"comece com um plano gratuito","pricing_benefits":[{"text":"Sites ilimitados"},{"text":"Suporte 24 horas por dia, 7 dias por semana, pontual e bem documentado"},{"text":"Suporte 24 horas por dia, 7 dias por semana, pontual e bem documentado"},{"text":"Totalmente personaliz\u00e1vel"}],"pricing_button_text":"Adicionar ao site","pricing_button_url":"#demo","_state":"expanded"}],"related_apps_title":"","related_apps_hidden":"1","author":"","image":[],"title":"","job":"","social_networks":[]},"_links":{"self":[{"href":"https:\/\/elfsight.com\/pt\/wp-json\/wp\/v2\/pages\/4507","targetHints":{"allow":["GET"]}}],"collection":[{"href":"https:\/\/elfsight.com\/pt\/wp-json\/wp\/v2\/pages"}],"about":[{"href":"https:\/\/elfsight.com\/pt\/wp-json\/wp\/v2\/types\/page"}],"author":[{"embeddable":true,"href":"https:\/\/elfsight.com\/pt\/wp-json\/wp\/v2\/users\/9"}],"replies":[{"embeddable":true,"href":"https:\/\/elfsight.com\/pt\/wp-json\/wp\/v2\/comments?post=4507"}],"version-history":[{"count":4,"href":"https:\/\/elfsight.com\/pt\/wp-json\/wp\/v2\/pages\/4507\/revisions"}],"predecessor-version":[{"id":15176,"href":"https:\/\/elfsight.com\/pt\/wp-json\/wp\/v2\/pages\/4507\/revisions\/15176"}],"up":[{"embeddable":true,"href":"https:\/\/elfsight.com\/pt\/wp-json\/wp\/v2\/pages\/948"}],"wp:attachment":[{"href":"https:\/\/elfsight.com\/pt\/wp-json\/wp\/v2\/media?parent=4507"}],"curies":[{"name":"wp","href":"https:\/\/api.w.org\/{rel}","templated":true}]}}