{"id":4505,"date":"1970-01-01T00:00:00","date_gmt":"1970-01-01T00:00:00","guid":{"rendered":"https:\/\/elfsight.com\/pt\/?page_id=4505"},"modified":"2025-03-06T14:08:16","modified_gmt":"2025-03-06T14:08:16","slug":"shopify","status":"publish","type":"page","link":"https:\/\/elfsight.com\/pt\/photo-gallery-widget\/shopify\/","title":{"rendered":"Photo Gallery &#8211; Shopify"},"content":{"rendered":"\n<div class=\"application-platform-content-item-description application-platform-content-item\" id=\"description\" data-nav-section=\"description\"><h2>Incorpore a Galeria de Fotos no Shopify com o widget Elfsight<\/h2> <p>A Galeria Elfsight \u00e9 a maneira mais conveniente de mostrar seus recursos visuais ou fazer \u00e1lbuns estilosos em seu site. Coloque qualquer quantidade de imagens, escreva legendas e selecione a melhor forma de organiz\u00e1-las na p\u00e1gina. Nosso aplicativo possui 6 layouts e diversas op\u00e7\u00f5es de design adicionais. Cada imagem abre em pop-up, as pessoas podem deslizar por elas ou ver uma apresenta\u00e7\u00e3o de slides, usar a op\u00e7\u00e3o de zoom e apreciar as imagens em tela cheia. Voc\u00ea pode encontrar cores personalizadas para a interface do widget e aplicar um plano de fundo exclusivo, aplicar configura\u00e7\u00f5es de texto e mais recursos de estilo. <\/p> <p><b>Construa galerias de fotos imperd\u00edveis! <\/b><\/p> <div class=\"faq\" data-component=\"FAQ\"> <div class=\"faq-item\">\r\n\t\t\t\t\t<div class=\"faq-item-question\">\r\n\t\t\t\t\t\t<h3 class=\"faq-item-question-text\">Quais exatamente outros aplicativos para Shopify voc\u00ea tem a oferecer? <\/h3>\r\n\r\n\t\t\t\t\t\t<div class=\"faq-item-question-icon\"><\/div>\r\n\t\t\t\t\t<\/div>\r\n\r\n\t\t\t\t\t<div class=\"faq-item-answer\">\r\n\t\t\t\t\t\t<div class=\"faq-item-answer-text\"> <p>Podemos oferecer uma grande variedade de ferramentas diferentes para voc\u00ea realizar qualquer tipo de tarefa em seu site. Veja voc\u00ea mesmo: <a href=\"https:\/\/elfsight.com\/slider-widget\/shopify\/\">Slider<\/a>, <a href=\"https:\/\/elfsight.com\/google-reviews-widget\/shopify\/\">Google Reviews<\/a>, <a href=\"https:\/\/elfsight.com\/instagram-feed-instashow\/shopify\/\">Feed do Instagram<\/a>, <a href=\"https:\/\/elfsight.com\/pdf-embed-widget\/shopify\">Feed PDF<\/a>, <a href=\"https:\/\/elfsight.com\/logo-showcase-widget\/shopify\/\">Mostru\u00e1rio de logotipo<\/a>. <\/p> <\/div>\r\n\t\t\t\t\t<\/div>\r\n\t\t\t\t<\/div> <div class=\"faq-item\">\r\n\t\t\t\t\t<div class=\"faq-item-question\">\r\n\t\t\t\t\t\t<h3 class=\"faq-item-question-text\">Como fa\u00e7o para incorporar o aplicativo Galeria de Fotos ao meu site da Shopify? <\/h3>\r\n\r\n\t\t\t\t\t\t<div class=\"faq-item-question-icon\"><\/div>\r\n\t\t\t\t\t<\/div>\r\n\r\n\t\t\t\t\t<div class=\"faq-item-answer\">\r\n\t\t\t\t\t\t<div class=\"faq-item-answer-text\"> <p>Voc\u00ea pode adicionar facilmente o aplicativo Galeria de Fotos ao seu site da Shopify e come\u00e7ar a exibir lindas imagens instantaneamente imagens e fotos via galeria responsiva. Basta abrir nosso configurador gratuito e seguir estas etapas: <\/p><ol><li>Clique em configura\u00e7\u00f5es do tema. <\/li><li>Selecione a parte onde deseja implementar a Galeria de Fotos. <\/li><li>Incorpore o c\u00f3digo das aplica\u00e7\u00f5es Elfsight e guarde as modifica\u00e7\u00f5es. <\/li><li>Simples assim. <\/li><\/ol><p>Se voc\u00ea precisar adicionar o widget a alguma outra plataforma, recomendamos que voc\u00ea consulte <a href=\"https:\/\/elfsight.com\/tutorials\/how-to-add-photo-gallery-to-website\/#how-to-add-gallery-to-shopify\">este guia<\/a>.<\/p><\/div>\r\n\t\t\t\t\t<\/div>\r\n\t\t\t\t<\/div> <div class=\"faq-item\">\r\n\t\t\t\t\t<div class=\"faq-item-question\">\r\n\t\t\t\t\t\t<h3 class=\"faq-item-question-text\">Como posso testar seu aplicativo Shopify Photo Gallery quando em uso? <\/h3>\r\n\r\n\t\t\t\t\t\t<div class=\"faq-item-question-icon\"><\/div>\r\n\t\t\t\t\t<\/div>\r\n\r\n\t\t\t\t\t<div class=\"faq-item-answer\">\r\n\t\t\t\t\t\t<div class=\"faq-item-answer-text\"> <p>Isso ser\u00e1 f\u00e1cil, pois temos uma <a href=\"https:\/\/elfsight.com\/photo-gallery-widget\/#demo\">demonstra\u00e7\u00e3o<\/a> ao vivo para voc\u00ea ! Voc\u00ea tamb\u00e9m pode us\u00e1-lo para adicionar o widget ao seu site da Shopify.<\/p><\/div>\r\n\t\t\t\t\t<\/div>\r\n\t\t\t\t<\/div> <\/div><\/div> <div class=\"application-platform-content-item-features application-platform-content-item\" id=\"features\" data-nav-section=\"features\"><h2>Principais recursos do widget Galeria de fotos<\/h2> <p>Confira todas as fun\u00e7\u00f5es da Galeria de Fotos do Shopify. Eles est\u00e3o dispon\u00edveis diretamente no editor gratuito e ajudar\u00e3o voc\u00ea a criar o aplicativo exatamente de acordo com suas necessidades. <\/p> <ul> <li>Use CTAs para orientar os usu\u00e1rios em dire\u00e7\u00e3o \u00e0 convers\u00e3o. <\/li> <li>Regule a dura\u00e7\u00e3o da mudan\u00e7a de slide. <\/li> <li>Escolha entre diversas op\u00e7\u00f5es de pagina\u00e7\u00e3o. <\/li> <li>Coloque sua mensagem em qualquer lugar da p\u00e1gina com a ajuda da posi\u00e7\u00e3o avan\u00e7ada. <\/li> <li>Ajuste 5 elementos de conte\u00fado. <\/li> <\/ul> <p><a href=\"#demo\">Teste todas as outras fun\u00e7\u00f5es na demonstra\u00e7\u00e3o<\/a><\/p> <\/div> <div class=\"application-platform-content-item-installation application-platform-content-item\" id=\"installation\" data-nav-section=\"installation\"><h2> Como adicionar a Galeria de Fotos ao Shopify?<\/h2> <div class=\"video-container\"><iframe width=\"720\" height=\"405\" src=\"https:\/\/www.youtube.com\/embed\/6J3NWZRfiV8\" frameborder=\"0\" allowfullscreen=\"\"><\/iframe><\/div><p>Para ativar o widget, basta seguir as instru\u00e7\u00f5es abaixo. <\/p> <ol><li><b>Utilize nosso configurador gratuito e comece a criar seu aplicativo personalizado. <\/b><br> Escolha o layout preferido e as caracter\u00edsticas funcionais do aplicativo e aplique todas as edi\u00e7\u00f5es. <\/li> <li><b>Receba o c\u00f3digo individual mostrado na caixa nas aplica\u00e7\u00f5es Elfsight. <\/b><br> Logo ap\u00f3s a conclus\u00e3o da configura\u00e7\u00e3o do seu aplicativo, copie o c\u00f3digo exclusivo na janela exibida e guarde-o para uso posterior. <\/li> <li><b>Comece a usar o aplicativo na sua p\u00e1gina da Shopify. <\/b><br> Implemente o c\u00f3digo que voc\u00ea copiou anteriormente em sua p\u00e1gina e aplique as corre\u00e7\u00f5es. <\/li> <li><b>A configura\u00e7\u00e3o foi totalmente executada. <\/b><br> Visite seu site para ver como o aplicativo est\u00e1 funcionando. <\/li><\/ol><p>Reserve um minuto para entrar em contato com o suporte aos clientes da Elfsight quando precisar de assist\u00eancia ou tiver problemas. Daremos uma ajuda em todas as d\u00favidas. <\/p> <\/div>\n","protected":false},"excerpt":{"rendered":"","protected":false},"author":9,"featured_media":0,"parent":965,"menu_order":0,"comment_status":"closed","ping_status":"closed","template":"templates\/template-application-platform.php","meta":{"publish_to_discourse":"","publish_post_category":"","wpdc_auto_publish_overridden":"","wpdc_topic_tags":"","wpdc_pin_topic":"","wpdc_pin_until":"","discourse_post_id":"","discourse_permalink":"","wpdc_publishing_response":"","wpdc_publishing_error":"","footnotes":""},"class_list":["post-4505","page","type-page","status-publish","hentry"],"yoast_head":"<!-- This site is optimized with the Yoast SEO plugin v25.3.1 - https:\/\/yoast.com\/wordpress\/plugins\/seo\/ -->\n<title>Galeria de fotos \u2013 Adicionar widget Galeria de fotos ao site Shopify [2025]<\/title>\n<meta name=\"description\" content=\"Experimente gratuitamente o melhor aplicativo de Galeria de Fotos para Shopify. Um widget de galeria simples e r\u00e1pido que se integra sem habilidades de desenvolvimento.\" \/>\n<meta name=\"robots\" content=\"index, follow, max-snippet:-1, max-image-preview:large, max-video-preview:-1\" \/>\n<link rel=\"canonical\" href=\"https:\/\/elfsight.com\/pt\/photo-gallery-widget\/shopify\/\" \/>\n<meta property=\"og:locale\" content=\"pt_PT\" \/>\n<meta property=\"og:type\" content=\"article\" \/>\n<meta property=\"og:title\" content=\"Galeria de fotos \u2013 Adicionar widget Galeria de fotos ao site Shopify [2025]\" \/>\n<meta property=\"og:description\" content=\"Experimente gratuitamente o melhor aplicativo de Galeria de Fotos para Shopify. Um widget de galeria simples e r\u00e1pido que se integra sem habilidades de desenvolvimento.\" \/>\n<meta property=\"og:url\" content=\"https:\/\/elfsight.com\/pt\/photo-gallery-widget\/shopify\/\" \/>\n<meta property=\"og:site_name\" content=\"Elfsight PT\" \/>\n<meta property=\"article:modified_time\" content=\"2025-03-06T14:08:16+00:00\" \/>\n<meta name=\"twitter:card\" content=\"summary_large_image\" \/>\n<meta name=\"twitter:label1\" content=\"Tempo estimado de leitura\" \/>\n\t<meta name=\"twitter:data1\" content=\"3 minutos\" \/>\n<!-- \/ Yoast SEO plugin. -->","yoast_head_json":{"title":"Galeria de fotos \u2013 Adicionar widget Galeria de fotos ao site Shopify [2025]","description":"Experimente gratuitamente o melhor aplicativo de Galeria de Fotos para Shopify. Um widget de galeria simples e r\u00e1pido que se integra sem habilidades de desenvolvimento.","robots":{"index":"index","follow":"follow","max-snippet":"max-snippet:-1","max-image-preview":"max-image-preview:large","max-video-preview":"max-video-preview:-1"},"canonical":"https:\/\/elfsight.com\/pt\/photo-gallery-widget\/shopify\/","og_locale":"pt_PT","og_type":"article","og_title":"Galeria de fotos \u2013 Adicionar widget Galeria de fotos ao site Shopify [2025]","og_description":"Experimente gratuitamente o melhor aplicativo de Galeria de Fotos para Shopify. Um widget de galeria simples e r\u00e1pido que se integra sem habilidades de desenvolvimento.","og_url":"https:\/\/elfsight.com\/pt\/photo-gallery-widget\/shopify\/","og_site_name":"Elfsight PT","article_modified_time":"2025-03-06T14:08:16+00:00","twitter_card":"summary_large_image","twitter_misc":{"Tempo estimado de leitura":"3 minutos"},"schema":{"@context":"https:\/\/schema.org","@graph":[{"@type":"WebPage","@id":"https:\/\/elfsight.com\/pt\/photo-gallery-widget\/shopify\/","url":"https:\/\/elfsight.com\/pt\/photo-gallery-widget\/shopify\/","name":"Galeria de fotos \u2013 Adicionar widget Galeria de fotos ao site Shopify [2025]","isPartOf":{"@id":"https:\/\/elfsight.com\/pt\/#website"},"datePublished":"1970-01-01T00:00:00+00:00","dateModified":"2025-03-06T14:08:16+00:00","description":"Experimente gratuitamente o melhor aplicativo de Galeria de Fotos para Shopify. Um widget de galeria simples e r\u00e1pido que se integra sem habilidades de desenvolvimento.","breadcrumb":{"@id":"https:\/\/elfsight.com\/pt\/photo-gallery-widget\/shopify\/#breadcrumb"},"inLanguage":"pt-PT","potentialAction":[{"@type":"ReadAction","target":["https:\/\/elfsight.com\/pt\/photo-gallery-widget\/shopify\/"]}]},{"@type":"BreadcrumbList","@id":"https:\/\/elfsight.com\/pt\/photo-gallery-widget\/shopify\/#breadcrumb","itemListElement":[{"@type":"ListItem","position":1,"name":"Home","item":"https:\/\/elfsight.com\/pt\/"},{"@type":"ListItem","position":2,"name":"Photo Gallery","item":"https:\/\/elfsight.com\/pt\/photo-gallery-widget\/"},{"@type":"ListItem","position":3,"name":"Photo Gallery &#8211; Shopify"}]},{"@type":"WebSite","@id":"https:\/\/elfsight.com\/pt\/#website","url":"https:\/\/elfsight.com\/pt\/","name":"Elfsight PT","description":"Just another Elfsight Sites site","potentialAction":[{"@type":"SearchAction","target":{"@type":"EntryPoint","urlTemplate":"https:\/\/elfsight.com\/pt\/?s={search_term_string}"},"query-input":{"@type":"PropertyValueSpecification","valueRequired":true,"valueName":"search_term_string"}}],"inLanguage":"pt-PT"}]}},"meta_box":{"industry":"","seo_heading":"","heading":"","description":"","cta_heading":"","cta_description":"","application":"964","h1":"Aplicativo Galeria de fotos do Shopify","h1_caption":"Mostre suas fotos incr\u00edveis na p\u00e1gina","application_category":[],"applications_title":"","applications_request_title":"","applications_request_button_text":"","hero_text":"","hero_video":"","hero_video_schema_markup":"","selling_points_title":"","selling_points_caption":"","selling_points":[],"selling_points_cta_text":"","features_title":"","features":"","ed_cta_examples_text":"","ed_cta_examples_hidden":"","ed_cta_demo_text":"","ed_cta_demo_hidden":"","why_caption":"","why_editor_title":"","why_editor_text":"","why_team_title":"","why_team_text":"","why_service_title":"","why_service_text":"","template_catalog_visible":"0","template_catalog_title":"","template_catalog_text":"","template_catalog_categories_visible":"","demo_title":"Crie seu aplicativo Galeria de Fotos","demo_caption":"Configure sua Galeria de Fotos e adicione-a ao seu site Shopify gratuitamente!","default_faq_hidden":"","app_template_category":[],"platform":"64","template_public_id":"","codecanyon_url":"","codecanyon_item_id":"","codecanyon_price":"","pricing_caption":"","pricing_elfsight_apps_hide_column":"","pricing_elfsight_apps_url":"","pricing_codecanyon_price_caption":"","integration_category":[],"integration_request_title":"","integration_request_cta":"","integration_platform":"","integrations":[],"platform_category":[],"video_schema_markup":"","price":"a partir de US$ 0\/m\u00eas","trial":"","benefits":[{"text":"Servi\u00e7o de instala\u00e7\u00e3o gratuito"},{"text":"Suporte premium"},{"text":"Garantia de devolu\u00e7\u00e3o do dinheiro em 14 dias"},{"text":"Atualiza\u00e7\u00f5es gratuitas cont\u00ednuas"}],"button_url":"#demo","button_target_blank":"0","button_nofollow":"0","attributes":[{"name":"Instala\u00e7\u00f5es","content":"10,000 - 100,000","_state":"expanded"},{"name":"Responsivo","content":"Sim","_state":"expanded"},{"name":"Navegadores compat\u00edveis","content":"Firefox, Safari, Opera, Chrome, Edge"}],"tags":[],"tags_disable_links":"0","hide_more_platforms":"0","video_object":"","demo_hide_cta":"0","demo_hide_cloud_options":"0","pricing_title":"","pricing":[{"pricing_icon":"cloud","pricing_title":"Elfsight Apps","pricing_title_caption":"Vers\u00e3o multiplataforma que funciona em qualquer site","pricing_price":"a partir de US$ 0\/m\u00eas","pricing_price_caption":"comece com plano gratuito","pricing_benefits":[{"text":"Sites ilimitados"},{"text":"Suporte premium"},{"text":"Suporte premium"},{"text":"Oferta especial para v\u00e1rios aplicativos"}],"pricing_button_text":"Adicionar ao site","pricing_button_url":"#demo","_state":"expanded"}],"related_apps_title":"","related_apps_hidden":"1","author":"","image":[],"title":"","job":"","social_networks":[]},"_links":{"self":[{"href":"https:\/\/elfsight.com\/pt\/wp-json\/wp\/v2\/pages\/4505","targetHints":{"allow":["GET"]}}],"collection":[{"href":"https:\/\/elfsight.com\/pt\/wp-json\/wp\/v2\/pages"}],"about":[{"href":"https:\/\/elfsight.com\/pt\/wp-json\/wp\/v2\/types\/page"}],"author":[{"embeddable":true,"href":"https:\/\/elfsight.com\/pt\/wp-json\/wp\/v2\/users\/9"}],"replies":[{"embeddable":true,"href":"https:\/\/elfsight.com\/pt\/wp-json\/wp\/v2\/comments?post=4505"}],"version-history":[{"count":4,"href":"https:\/\/elfsight.com\/pt\/wp-json\/wp\/v2\/pages\/4505\/revisions"}],"predecessor-version":[{"id":14478,"href":"https:\/\/elfsight.com\/pt\/wp-json\/wp\/v2\/pages\/4505\/revisions\/14478"}],"up":[{"embeddable":true,"href":"https:\/\/elfsight.com\/pt\/wp-json\/wp\/v2\/pages\/965"}],"wp:attachment":[{"href":"https:\/\/elfsight.com\/pt\/wp-json\/wp\/v2\/media?parent=4505"}],"curies":[{"name":"wp","href":"https:\/\/api.w.org\/{rel}","templated":true}]}}