{"id":4504,"date":"1970-01-01T00:00:00","date_gmt":"1970-01-01T00:00:00","guid":{"rendered":"https:\/\/elfsight.com\/pt\/?page_id=4504"},"modified":"2025-01-31T11:09:17","modified_gmt":"2025-01-31T11:09:17","slug":"shopify","status":"publish","type":"page","link":"https:\/\/elfsight.com\/pt\/popup-widget\/shopify\/","title":{"rendered":"Popup &#8211; Shopify"},"content":{"rendered":"\n<div class=\"application-platform-content-item-description application-platform-content-item\" id=\"description\" data-nav-section=\"description\"> <h2>Incorporar Popup no Shopify com o widget Elfsight<\/h2> <p>Atrav\u00e9s do aplicativo Elfsight Popup, voc\u00ea \u00e9 capaz de configurar seu pop-up personalizado ups de v\u00e1rios tipos e exibi-los em sua p\u00e1gina da web. Construa um pop up personalizado, utilizando diferentes tipos de componentes. Alterar o design e a disposi\u00e7\u00e3o; selecione o melhor gatilho pop-up e ajuste o tempo para aumentar sua efici\u00eancia. Os pop-ups permitir\u00e3o que os visitantes criem uma assinatura, explorem seus produtos e servi\u00e7os, utilizem seus cupons, utilizem vendas e ofertas especiais, sejam notificados sobre novas ocasi\u00f5es em seu site e muito mais. Por exemplo, um pop-up de boletim informativo para Shopify pode ajud\u00e1-lo a coletar e-mails de usu\u00e1rios em troca de um boletim informativo.<\/p> <p><b>Os pop-ups ajudar\u00e3o voc\u00ea a vender mais, anunciar eventos futuros, obter feedback e assinaturas e muito mais. <\/b><\/p> <\/div><div class=\"faq\" data-component=\"FAQ\"><div class=\"faq-item\">\r\n\t\t\t\t\t<div class=\"faq-item-question\">\r\n\t\t\t\t\t\t<h3 class=\"faq-item-question-text\">Como posso incorporar um pop-up ao site do Shopify?<\/h3>\r\n\r\n\t\t\t\t\t\t<div class=\"faq-item-question-icon\"><\/div>\r\n\t\t\t\t\t<\/div>\r\n\r\n\t\t\t\t\t<div class=\"faq-item-answer\">\r\n\t\t\t\t\t\t<div class=\"faq-item-answer-text\"><p>A constru\u00e7\u00e3o do widget ocorre dentro do servi\u00e7o Elfsight e voc\u00ea n\u00e3o precisa aprender a programar. Utilize a demonstra\u00e7\u00e3o ao vivo para ajustar sua pr\u00f3pria ferramenta, obter o c\u00f3digo e incorpor\u00e1-lo ao seu site. <\/p><\/div>\r\n\t\t\t\t\t<\/div>\r\n\t\t\t\t<\/div><div class=\"faq-item\">\r\n\t\t\t\t\t<div class=\"faq-item-question\">\r\n\t\t\t\t\t\t<h3 class=\"faq-item-question-text\">Os melhores exemplos de uso de integra\u00e7\u00e3o de imagens pop-up<\/h3>\r\n\r\n\t\t\t\t\t\t<div class=\"faq-item-question-icon\"><\/div>\r\n\t\t\t\t\t<\/div>\r\n\r\n\t\t\t\t\t<div class=\"faq-item-answer\">\r\n\t\t\t\t\t\t<div class=\"faq-item-answer-text\"><p>Forneceremos a voc\u00ea uma infinidade de possibilidades de personaliza\u00e7\u00e3o: widgets em tamanho real para incorpora\u00e7\u00e3o na se\u00e7\u00e3o de conte\u00fado, plug-ins flutuantes com oportunidades de rolagem, layouts para o rodap\u00e9 do seu site, se\u00e7\u00e3o principal e todos os tipos de oportunidades verticais para barras laterais e menus. Al\u00e9m disso, voc\u00ea pode adicionar um pop-up de e-mail ao Shopify e coletar endere\u00e7os de usu\u00e1rios com facilidade.<\/p><\/div>\r\n\t\t\t\t\t<\/div>\r\n\t\t\t\t<\/div><div class=\"faq-item\">\r\n\t\t\t\t\t<div class=\"faq-item-question\">\r\n\t\t\t\t\t\t<h3 class=\"faq-item-question-text\">Como fa\u00e7o para criar um boletim informativo ou atualizar um pop-up por meio do editor? <\/h3>\r\n\r\n\t\t\t\t\t\t<div class=\"faq-item-question-icon\"><\/div>\r\n\t\t\t\t\t<\/div>\r\n\r\n\t\t\t\t\t<div class=\"faq-item-answer\">\r\n\t\t\t\t\t\t<div class=\"faq-item-answer-text\"> <p>Voc\u00ea \u00e9 livre para criar modifica\u00e7\u00f5es em qualquer widget. H\u00e1 uma s\u00e9rie de layouts \u00e0 sua disposi\u00e7\u00e3o no editor, e todos eles podem ser facilmente ajustados conforme sua necessidade. Basta procurar um modelo de newsletter que funcione perfeitamente no Shopify, personaliz\u00e1-lo um pouco e adicionar o c\u00f3digo ao seu site. Esta sequ\u00eancia f\u00e1cil de a\u00e7\u00f5es ajudar\u00e1 voc\u00ea a mostrar um modal do Shopify em seu site.<\/p><\/div>\r\n\t\t\t\t\t<\/div>\r\n\t\t\t\t<\/div><\/div><div class=\"application-platform-content-item-features application-platform-content-item\" id=\"features\" data-nav-section=\"features\"> <h2>Principais recursos de um aplicativo pop-up<\/h2> <p>Aqui est\u00e1 uma lista de todas as fun\u00e7\u00f5es do widget. Eles est\u00e3o dispon\u00edveis diretamente no editor para ajud\u00e1-lo a moldar o widget exatamente de acordo com suas necessidades.<\/p> <ul><li>Doze elementos diferentes para construir um pop-up.<\/li> <li>Cinco layouts de pop-up inclu\u00eddos para v\u00e1rios casos.<\/li> <li>Incorpore bot\u00f5es para redirecionar para qualquer p\u00e1gina.<\/li> <li>Fazer upload de uma imagem para o plano de fundo do pop-up.<\/li> <li>O pop-up pode ocorrer ap\u00f3s um tempo preciso que o usu\u00e1rio passou na p\u00e1gina ou porcentagem de rolagem.<\/li> <li>O pop-up pode ser acionado clicando na p\u00e1gina selecionada elemento ou rolar para baixo at\u00e9 ele.<\/li><li>Colete e-mails em uma loja do Shopify com um pop-up.<\/li><li>Inser\u00e7\u00e3o de c\u00f3digo pop-up em segundos.<\/li><\/ul> <p><a href=\" #demo\">Voc\u00ea pode experimentar todos os recursos do widget diretamente na demonstra\u00e7\u00e3o<\/a><\/p> <\/div><div class=\"application-platform-content-item-installation application-platform-content-item\" id=\"installation\" data-nav-section=\"installation\"><h2>Como adicionar o aplicativo pop-up \u00e0 loja Shopify?<\/h2> <div class=\"video-container\"><iframe width=\"720\" height=\"405\" src=\"https:\/\/www.youtube.com\/embed\/8j6PPtBn5lw\" frameborder=\"0\" allowfullscreen=\"\"><\/iframe><\/div><p>Para come\u00e7ar a usar o widget, siga estas etapas r\u00e1pidas:<\/p> <ol><li><b>Use nossa demonstra\u00e7\u00e3o gratuita e comece a criar seu aplicativo personalizado. <\/b><br> Encontre o design e as caracter\u00edsticas selecionadas do aplicativo e aplique todas as corre\u00e7\u00f5es. N\u00e3o h\u00e1 necessidade de codificar nesta fase!<\/li> <li><b>Receba o c\u00f3digo exclusivo mostrado no formul\u00e1rio especial nas aplica\u00e7\u00f5es Elfsight. <\/b><br> Ap\u00f3s a personaliza\u00e7\u00e3o do seu aplicativo pessoal, copie o c\u00f3digo pessoal na caixa exibida e salve-o para uso posterior. <\/li> <li><b>Comece a usar o aplicativo na sua p\u00e1gina da Shopify. <\/b><br> <a href=\"https:\/\/elfsight.com\/blog\/how-to-add-popup-app-to-shopify-for-free\/\" target=\"_blank\" rel=\"noopener\">Adicione o c\u00f3digo do Popup ao seu site do Shopify<\/a> e aplique as melhorias. <\/li> <li><b>Conclu\u00eddo! A incorpora\u00e7\u00e3o do pop-up modal do Shopify \u00e9 realizada. <\/b><br> Abra seu site para ver o funcionamento do aplicativo.<\/li><\/ol><p>Depois disso, voc\u00ea n\u00e3o precisar\u00e1 aplicar nenhuma altera\u00e7\u00e3o no c\u00f3digo do Shopify: elas ser\u00e3o refletem automaticamente depois de cri\u00e1-los na Elfsight. N\u00e3o hesite em entrar em contato com o suporte aos clientes da Elfsight se precisar de ajuda para inserir um c\u00f3digo pop-up do Shopify. Ajudaremos com qualquer d\u00favida ou solicita\u00e7\u00e3o de c\u00f3digo personalizado.<\/p> <\/div>\n","protected":false},"excerpt":{"rendered":"","protected":false},"author":9,"featured_media":0,"parent":542,"menu_order":0,"comment_status":"closed","ping_status":"closed","template":"templates\/template-application-platform.php","meta":{"publish_to_discourse":"","publish_post_category":"","wpdc_auto_publish_overridden":"","wpdc_topic_tags":"","wpdc_pin_topic":"","wpdc_pin_until":"","discourse_post_id":"","discourse_permalink":"","wpdc_publishing_response":"","wpdc_publishing_error":"","footnotes":""},"class_list":["post-4504","page","type-page","status-publish","hentry"],"yoast_head":"<!-- This site is optimized with the Yoast SEO plugin v25.3.1 - https:\/\/yoast.com\/wordpress\/plugins\/seo\/ -->\n<title>Adicione um aplicativo Popup a um site do Shopify<\/title>\n<meta name=\"description\" content=\"Crie um pop-up no Shopify sem codifica\u00e7\u00e3o!\" \/>\n<meta name=\"robots\" content=\"index, follow, max-snippet:-1, max-image-preview:large, max-video-preview:-1\" \/>\n<link rel=\"canonical\" href=\"https:\/\/elfsight.com\/pt\/popup-widget\/shopify\/\" \/>\n<meta property=\"og:locale\" content=\"pt_PT\" \/>\n<meta property=\"og:type\" content=\"article\" \/>\n<meta property=\"og:title\" content=\"Adicione um aplicativo Popup a um site do Shopify\" \/>\n<meta property=\"og:description\" content=\"Crie um pop-up no Shopify sem codifica\u00e7\u00e3o!\" \/>\n<meta property=\"og:url\" content=\"https:\/\/elfsight.com\/pt\/popup-widget\/shopify\/\" \/>\n<meta property=\"og:site_name\" content=\"Elfsight PT\" \/>\n<meta property=\"article:modified_time\" content=\"2025-01-31T11:09:17+00:00\" \/>\n<meta name=\"twitter:card\" content=\"summary_large_image\" \/>\n<meta name=\"twitter:label1\" content=\"Tempo estimado de leitura\" \/>\n\t<meta name=\"twitter:data1\" content=\"4 minutos\" \/>\n<!-- \/ Yoast SEO plugin. -->","yoast_head_json":{"title":"Adicione um aplicativo Popup a um site do Shopify","description":"Crie um pop-up no Shopify sem codifica\u00e7\u00e3o!","robots":{"index":"index","follow":"follow","max-snippet":"max-snippet:-1","max-image-preview":"max-image-preview:large","max-video-preview":"max-video-preview:-1"},"canonical":"https:\/\/elfsight.com\/pt\/popup-widget\/shopify\/","og_locale":"pt_PT","og_type":"article","og_title":"Adicione um aplicativo Popup a um site do Shopify","og_description":"Crie um pop-up no Shopify sem codifica\u00e7\u00e3o!","og_url":"https:\/\/elfsight.com\/pt\/popup-widget\/shopify\/","og_site_name":"Elfsight PT","article_modified_time":"2025-01-31T11:09:17+00:00","twitter_card":"summary_large_image","twitter_misc":{"Tempo estimado de leitura":"4 minutos"},"schema":{"@context":"https:\/\/schema.org","@graph":[{"@type":"WebPage","@id":"https:\/\/elfsight.com\/pt\/popup-widget\/shopify\/","url":"https:\/\/elfsight.com\/pt\/popup-widget\/shopify\/","name":"Adicione um aplicativo Popup a um site do Shopify","isPartOf":{"@id":"https:\/\/elfsight.com\/pt\/#website"},"datePublished":"1970-01-01T00:00:00+00:00","dateModified":"2025-01-31T11:09:17+00:00","description":"Crie um pop-up no Shopify sem codifica\u00e7\u00e3o!","breadcrumb":{"@id":"https:\/\/elfsight.com\/pt\/popup-widget\/shopify\/#breadcrumb"},"inLanguage":"pt-PT","potentialAction":[{"@type":"ReadAction","target":["https:\/\/elfsight.com\/pt\/popup-widget\/shopify\/"]}]},{"@type":"BreadcrumbList","@id":"https:\/\/elfsight.com\/pt\/popup-widget\/shopify\/#breadcrumb","itemListElement":[{"@type":"ListItem","position":1,"name":"Home","item":"https:\/\/elfsight.com\/pt\/"},{"@type":"ListItem","position":2,"name":"Popup","item":"https:\/\/elfsight.com\/pt\/popup-widget\/"},{"@type":"ListItem","position":3,"name":"Popup &#8211; Shopify"}]},{"@type":"WebSite","@id":"https:\/\/elfsight.com\/pt\/#website","url":"https:\/\/elfsight.com\/pt\/","name":"Elfsight PT","description":"Just another Elfsight Sites site","potentialAction":[{"@type":"SearchAction","target":{"@type":"EntryPoint","urlTemplate":"https:\/\/elfsight.com\/pt\/?s={search_term_string}"},"query-input":{"@type":"PropertyValueSpecification","valueRequired":true,"valueName":"search_term_string"}}],"inLanguage":"pt-PT"}]}},"meta_box":{"industry":"","seo_heading":"","heading":"","description":"","cta_heading":"","cta_description":"","application":"541","h1":"Aplicativo pop-up Shopify","h1_caption":"Crie todos os tipos de pop-ups para anunciar eventos e aumentar as vendas","application_category":[],"applications_title":"","applications_request_title":"","applications_request_button_text":"","hero_text":"","hero_video":"","hero_video_schema_markup":"","selling_points_title":"","selling_points_caption":"","selling_points":[],"selling_points_cta_text":"","features_title":"","features":"","ed_cta_examples_text":"","ed_cta_examples_hidden":"","ed_cta_demo_text":"","ed_cta_demo_hidden":"","why_caption":"","why_editor_title":"","why_editor_text":"","why_team_title":"","why_team_text":"","why_service_title":"","why_service_text":"","template_catalog_visible":"0","template_catalog_title":"","template_catalog_text":"","template_catalog_categories_visible":"","demo_title":"Crie seu aplicativo pop-up","demo_caption":"Configure seu Popup e adicione-o ao seu site Shopify gratuitamente!","default_faq_hidden":"","app_template_category":[],"platform":"64","template_public_id":"","codecanyon_url":"","codecanyon_item_id":"","codecanyon_price":"","pricing_caption":"","pricing_elfsight_apps_hide_column":"","pricing_elfsight_apps_url":"","pricing_codecanyon_price_caption":"","integration_category":[],"integration_request_title":"","integration_request_cta":"","integration_platform":"","integrations":[],"platform_category":[],"video_schema_markup":"","price":"a partir de US$ 0\/m\u00eas","trial":"","benefits":[{"text":"Servi\u00e7o de instala\u00e7\u00e3o gratuito"},{"text":"Suporte premium"},{"text":"Garantia de devolu\u00e7\u00e3o do dinheiro em 14 dias"},{"text":"Atualiza\u00e7\u00f5es gratuitas cont\u00ednuas"}],"button_url":"#demo","button_target_blank":"0","button_nofollow":"0","attributes":[{"name":"Instala\u00e7\u00f5es","content":"100,000 - 500,000","_state":"expanded"},{"name":"Responsivo","content":"Sim","_state":"expanded"},{"name":"Navegadores compat\u00edveis","content":"Firefox, Safari, Opera, Chrome, Edge"}],"tags":[],"tags_disable_links":"0","hide_more_platforms":"","video_object":"","demo_hide_cta":"0","demo_hide_cloud_options":"0","pricing_title":"","pricing":[{"pricing_icon":"cloud","pricing_title":"Elfsight Apps","pricing_title_caption":"Vers\u00e3o multiplataforma que funciona em qualquer site","pricing_price":"a partir de US$ 0\/m\u00eas","pricing_price_caption":"comece com plano gratuito","pricing_benefits":[{"text":"Sites ilimitados"},{"text":"Suporte premium"},{"text":"Suporte premium"},{"text":"Oferta especial para v\u00e1rios aplicativos"}],"pricing_button_text":"Adicionar ao site","pricing_button_url":"#demo","_state":"expanded"}],"related_apps_title":"","related_apps_hidden":"1","author":"","image":[],"title":"","job":"","social_networks":[]},"_links":{"self":[{"href":"https:\/\/elfsight.com\/pt\/wp-json\/wp\/v2\/pages\/4504","targetHints":{"allow":["GET"]}}],"collection":[{"href":"https:\/\/elfsight.com\/pt\/wp-json\/wp\/v2\/pages"}],"about":[{"href":"https:\/\/elfsight.com\/pt\/wp-json\/wp\/v2\/types\/page"}],"author":[{"embeddable":true,"href":"https:\/\/elfsight.com\/pt\/wp-json\/wp\/v2\/users\/9"}],"replies":[{"embeddable":true,"href":"https:\/\/elfsight.com\/pt\/wp-json\/wp\/v2\/comments?post=4504"}],"version-history":[{"count":4,"href":"https:\/\/elfsight.com\/pt\/wp-json\/wp\/v2\/pages\/4504\/revisions"}],"predecessor-version":[{"id":13714,"href":"https:\/\/elfsight.com\/pt\/wp-json\/wp\/v2\/pages\/4504\/revisions\/13714"}],"up":[{"embeddable":true,"href":"https:\/\/elfsight.com\/pt\/wp-json\/wp\/v2\/pages\/542"}],"wp:attachment":[{"href":"https:\/\/elfsight.com\/pt\/wp-json\/wp\/v2\/media?parent=4504"}],"curies":[{"name":"wp","href":"https:\/\/api.w.org\/{rel}","templated":true}]}}