{"id":4502,"date":"1970-01-01T00:00:00","date_gmt":"1970-01-01T00:00:00","guid":{"rendered":"https:\/\/elfsight.com\/pt\/?page_id=4502"},"modified":"2025-03-04T11:48:08","modified_gmt":"2025-03-04T11:48:08","slug":"shopify","status":"publish","type":"page","link":"https:\/\/elfsight.com\/pt\/pricing-table-plugin\/shopify\/","title":{"rendered":"Pricing Table &#8211; Shopify"},"content":{"rendered":"\n<div class=\"application-platform-content-item-description application-platform-content-item\" id=\"description\" data-nav-section=\"description\"><h2>Incorpore a tabela de pre\u00e7os no Shopify com o widget Elfsight<\/h2><p>O pre\u00e7o desempenha um dos pap\u00e9is principais em levar os visitantes a comprar ou pedindo algo. O App da Elfsight n\u00e3o s\u00f3 permite que os clientes do site examinem e analisem v\u00e1rias op\u00e7\u00f5es de pre\u00e7os muito rapidamente. Tamb\u00e9m contribui para aumentar a convers\u00e3o por ter as \u00faltimas tend\u00eancias em interface e modelagem.<\/p><p><b>Leve as vendas do seu site a outro patamar, com a ajuda de uma precifica\u00e7\u00e3o eficaz.<\/b><\/p><p>&nbsp;<\/p><ul><li><b>Encontre mais clientes<\/b>.<br>Use todas as ferramentas poderosas do design para eliminar quaisquer equ\u00edvocos e d\u00favidas do seu cliente enquanto faz seus passos para comprar no seu site &#8211; e alcan\u00e7ar a convers\u00e3o m\u00e1xima.<\/li><li><b>Personaliza\u00e7\u00e3o instant\u00e2nea e eficaz<\/b>.<br>Devido ao grande n\u00famero de op\u00e7\u00f5es que permitem criar diversos pre\u00e7os em um Em alguns minutos, voc\u00ea obter\u00e1 aquele que \u00e9 altamente eficaz para o seu site.<\/li><li><b>Escreva mais sobre suas ofertas<\/b>.<br>Conte mais sobre cada um de seus planos de pre\u00e7os e exibi\u00e7\u00e3o por meio de um aplicativo personalizado, para que os usu\u00e1rios possam examinar e analisar rapidamente seus planos.<\/li><\/ul><\/div><div class=\"application-platform-content-item-features application-platform-content-item\" id=\"features\" data-nav-section=\"features\"><h2>Principais recursos do widget Tabela de pre\u00e7os<\/h2><p>As vantagens que transformam nosso aplicativo na melhor tabela de pre\u00e7os para sites Shopify.<\/p><ul><li>2 tipos predefinidos de raio de borda e 4 tipos predefinidos de largura de borda;<\/li><li>Lista de recursos ajust\u00e1veis, completa com \u00edcones de recursos, dicas e n\u00famero ilimitado de recursos;<\/li><li>Os elementos de cor de cada coluna podem ser personalizados individualmente;<\/li><li>Raio e largura da borda do bot\u00e3o personaliz\u00e1veis;<\/li> <li>Layout otimizado para dispositivos m\u00f3veis.<\/li><\/ul><p><a href=\"#demo\">Voc\u00ea pode verificar todas as vantagens usando a demonstra\u00e7\u00e3o ao vivo<\/a><\/p><\/div> <div class=\"application-platform-content-item-installation application-platform-content-item\" id=\"installation\" data-nav-section=\"installation\"><h2>Como adicionar tabela de pre\u00e7os ao site do Shopify<\/h2><div class=\"video-container\"><iframe width=\"720\" height=\"405\" src=\"https:\/\/www.youtube.com\/embed\/4RUBRdMHAc8\" frameborder=\"0\" allowfullscreen=\"\"><\/iframe><\/div><p>Um tutorial sobre como configurar o aplicativo. Para cumpri-lo n\u00e3o \u00e9 necess\u00e1rio experi\u00eancia em programa\u00e7\u00e3o nem muito tempo. Execute 3 etapas f\u00e1ceis que levar\u00e3o 1 minuto do seu tempo.<\/p><ol><li><b>Gerencie nosso configurador gratuito e comece a trabalhar com seu aplicativo personalizado. <\/b><br> Escolha a interface e as op\u00e7\u00f5es preferidas do aplicativo e salve todas as edi\u00e7\u00f5es. <\/li> <li><b>Obtenha seu c\u00f3digo exclusivo que aparece na caixa dos aplicativos Elfsight. <\/b><br> Logo ap\u00f3s a conclus\u00e3o da gera\u00e7\u00e3o do seu aplicativo pessoal, copie o c\u00f3digo individual do pop-up exibido e salve-o para uso posterior. <\/li> <li><b>Iniciar a utiliza\u00e7\u00e3o do aplicativo no site da Shopify. <\/b><br> Insira o c\u00f3digo que voc\u00ea salvou recentemente em seu site e salve as edi\u00e7\u00f5es. <\/li> <li><b>A instala\u00e7\u00e3o foi totalmente conclu\u00edda. <\/b><br> Visite seu site para examinar como o aplicativo est\u00e1 funcionando. <\/li><\/ol><p>Tem d\u00favidas com a instala\u00e7\u00e3o do aplicativo? Leia nosso extenso manual \u00ab<a href=\"https:\/\/elfsight.com\/tutorials\/how-to-add-pricing-table-to-shopify\/\" target=\"_blank\" rel=\"noopener noreferrer\">Como inserir tabela de pre\u00e7os em um Shopify<\/a>\u00bb ou entre em contato com nossa equipe de suporte, que resolver\u00e1 qualquer tipo de problema rapidamente.<\/p><div class=\"faq\" data-component=\"FAQ\"> <div class=\"faq-item\">\r\n\t\t\t\t\t<div class=\"faq-item-question\">\r\n\t\t\t\t\t\t<h3 class=\"faq-item-question-text\">Como posso adicionar uma tabela de pre\u00e7os ao meu Shopify site sem habilidades de codifica\u00e7\u00e3o?<\/h3>\r\n\r\n\t\t\t\t\t\t<div class=\"faq-item-question-icon\"><\/div>\r\n\t\t\t\t\t<\/div>\r\n\r\n\t\t\t\t\t<div class=\"faq-item-answer\">\r\n\t\t\t\t\t\t<div class=\"faq-item-answer-text\"> <p>A Elfsight fornece uma solu\u00e7\u00e3o SaaS que permite que voc\u00ea mesmo crie um widget de Tabela de Pre\u00e7os. Veja como o processo \u00e9 f\u00e1cil: Trabalhe diretamente no Editor on-line para criar um widget de Tabela de Pre\u00e7os que voc\u00ea gostaria de ver seu site Shopify. Escolha um dos modelos predefinidos e ajuste as configura\u00e7\u00f5es da Tabela de Pre\u00e7os, adicione seu conte\u00fado, altere o layout e as cores sem nenhuma habilidade de codifica\u00e7\u00e3o. Salve a tabela de pre\u00e7os e copie seu c\u00f3digo de instala\u00e7\u00e3o, que voc\u00ea pode incorporar facilmente ao seu site do Shopify sem adquirir um plano pago. Com nosso editor intuitivo, qualquer usu\u00e1rio da Internet pode criar um widget de tabela de pre\u00e7os online e incorpor\u00e1-lo facilmente ao site do Shopify. N\u00e3o h\u00e1 necessidade de pagar ou inserir as credenciais do seu cart\u00e3o para acessar o servi\u00e7o. Se voc\u00ea enfrentar qualquer problema em qualquer etapa, n\u00e3o hesite em entrar em contato com nossa equipe de suporte t\u00e9cnico.<\/p> <\/div>\r\n\t\t\t\t\t<\/div>\r\n\t\t\t\t<\/div> <\/div> <\/div>\n","protected":false},"excerpt":{"rendered":"","protected":false},"author":9,"featured_media":0,"parent":793,"menu_order":0,"comment_status":"closed","ping_status":"closed","template":"templates\/template-application-platform.php","meta":{"publish_to_discourse":"","publish_post_category":"","wpdc_auto_publish_overridden":"","wpdc_topic_tags":"","wpdc_pin_topic":"","wpdc_pin_until":"","discourse_post_id":"","discourse_permalink":"","wpdc_publishing_response":"","wpdc_publishing_error":"","footnotes":""},"class_list":["post-4502","page","type-page","status-publish","hentry"],"yoast_head":"<!-- This site is optimized with the Yoast SEO plugin v25.3.1 - https:\/\/yoast.com\/wordpress\/plugins\/seo\/ -->\n<title>Tabela de pre\u00e7os - Adicionar aplicativo de pre\u00e7os \u00e0 loja Shopify (em 2 minutos)<\/title>\n<meta name=\"description\" content=\"Obtenha o aplicativo Tabela de pre\u00e7os para Shopify em apenas 1 minuto. Verifique todos os principais benef\u00edcios do widget de melhor pre\u00e7o no painel gratuito.\" \/>\n<meta name=\"robots\" content=\"index, follow, max-snippet:-1, max-image-preview:large, max-video-preview:-1\" \/>\n<link rel=\"canonical\" href=\"https:\/\/elfsight.com\/pt\/pricing-table-plugin\/shopify\/\" \/>\n<meta property=\"og:locale\" content=\"pt_PT\" \/>\n<meta property=\"og:type\" content=\"article\" \/>\n<meta property=\"og:title\" content=\"Tabela de pre\u00e7os - Adicionar aplicativo de pre\u00e7os \u00e0 loja Shopify (em 2 minutos)\" \/>\n<meta property=\"og:description\" content=\"Obtenha o aplicativo Tabela de pre\u00e7os para Shopify em apenas 1 minuto. Verifique todos os principais benef\u00edcios do widget de melhor pre\u00e7o no painel gratuito.\" \/>\n<meta property=\"og:url\" content=\"https:\/\/elfsight.com\/pt\/pricing-table-plugin\/shopify\/\" \/>\n<meta property=\"og:site_name\" content=\"Elfsight PT\" \/>\n<meta property=\"article:modified_time\" content=\"2025-03-04T11:48:08+00:00\" \/>\n<meta name=\"twitter:card\" content=\"summary_large_image\" \/>\n<meta name=\"twitter:label1\" content=\"Tempo estimado de leitura\" \/>\n\t<meta name=\"twitter:data1\" content=\"4 minutos\" \/>\n<!-- \/ Yoast SEO plugin. -->","yoast_head_json":{"title":"Tabela de pre\u00e7os - Adicionar aplicativo de pre\u00e7os \u00e0 loja Shopify (em 2 minutos)","description":"Obtenha o aplicativo Tabela de pre\u00e7os para Shopify em apenas 1 minuto. Verifique todos os principais benef\u00edcios do widget de melhor pre\u00e7o no painel gratuito.","robots":{"index":"index","follow":"follow","max-snippet":"max-snippet:-1","max-image-preview":"max-image-preview:large","max-video-preview":"max-video-preview:-1"},"canonical":"https:\/\/elfsight.com\/pt\/pricing-table-plugin\/shopify\/","og_locale":"pt_PT","og_type":"article","og_title":"Tabela de pre\u00e7os - Adicionar aplicativo de pre\u00e7os \u00e0 loja Shopify (em 2 minutos)","og_description":"Obtenha o aplicativo Tabela de pre\u00e7os para Shopify em apenas 1 minuto. Verifique todos os principais benef\u00edcios do widget de melhor pre\u00e7o no painel gratuito.","og_url":"https:\/\/elfsight.com\/pt\/pricing-table-plugin\/shopify\/","og_site_name":"Elfsight PT","article_modified_time":"2025-03-04T11:48:08+00:00","twitter_card":"summary_large_image","twitter_misc":{"Tempo estimado de leitura":"4 minutos"},"schema":{"@context":"https:\/\/schema.org","@graph":[{"@type":"WebPage","@id":"https:\/\/elfsight.com\/pt\/pricing-table-plugin\/shopify\/","url":"https:\/\/elfsight.com\/pt\/pricing-table-plugin\/shopify\/","name":"Tabela de pre\u00e7os - Adicionar aplicativo de pre\u00e7os \u00e0 loja Shopify (em 2 minutos)","isPartOf":{"@id":"https:\/\/elfsight.com\/pt\/#website"},"datePublished":"1970-01-01T00:00:00+00:00","dateModified":"2025-03-04T11:48:08+00:00","description":"Obtenha o aplicativo Tabela de pre\u00e7os para Shopify em apenas 1 minuto. Verifique todos os principais benef\u00edcios do widget de melhor pre\u00e7o no painel gratuito.","breadcrumb":{"@id":"https:\/\/elfsight.com\/pt\/pricing-table-plugin\/shopify\/#breadcrumb"},"inLanguage":"pt-PT","potentialAction":[{"@type":"ReadAction","target":["https:\/\/elfsight.com\/pt\/pricing-table-plugin\/shopify\/"]}]},{"@type":"BreadcrumbList","@id":"https:\/\/elfsight.com\/pt\/pricing-table-plugin\/shopify\/#breadcrumb","itemListElement":[{"@type":"ListItem","position":1,"name":"Home","item":"https:\/\/elfsight.com\/pt\/"},{"@type":"ListItem","position":2,"name":"Pricing Table","item":"https:\/\/elfsight.com\/pt\/pricing-table-plugin\/"},{"@type":"ListItem","position":3,"name":"Pricing Table &#8211; Shopify"}]},{"@type":"WebSite","@id":"https:\/\/elfsight.com\/pt\/#website","url":"https:\/\/elfsight.com\/pt\/","name":"Elfsight PT","description":"Just another Elfsight Sites site","potentialAction":[{"@type":"SearchAction","target":{"@type":"EntryPoint","urlTemplate":"https:\/\/elfsight.com\/pt\/?s={search_term_string}"},"query-input":{"@type":"PropertyValueSpecification","valueRequired":true,"valueName":"search_term_string"}}],"inLanguage":"pt-PT"}]}},"meta_box":{"industry":"","seo_heading":"","heading":"","description":"","cta_heading":"","cta_description":"","application":"792","h1":"Aplicativo Tabela de pre\u00e7os para Shopify","h1_caption":"Aumente a convers\u00e3o de uma p\u00e1gina com pre\u00e7os no site de at\u00e9 200%","application_category":[],"applications_title":"","applications_request_title":"","applications_request_button_text":"","hero_text":"","hero_video":"","hero_video_schema_markup":"","selling_points_title":"","selling_points_caption":"","selling_points":[],"selling_points_cta_text":"","features_title":"","features":"","ed_cta_examples_text":"","ed_cta_examples_hidden":"","ed_cta_demo_text":"","ed_cta_demo_hidden":"","why_caption":"","why_editor_title":"","why_editor_text":"","why_team_title":"","why_team_text":"","why_service_title":"","why_service_text":"","template_catalog_visible":"0","template_catalog_title":"","template_catalog_text":"","template_catalog_categories_visible":"","demo_title":"Crie seu aplicativo Tabela de pre\u00e7os","demo_caption":"Configure sua Tabela de Pre\u00e7os e adicione-a ao seu site Shopify gratuitamente!","default_faq_hidden":"","app_template_category":[],"platform":"64","template_public_id":"","codecanyon_url":"","codecanyon_item_id":"","codecanyon_price":"","pricing_caption":"","pricing_elfsight_apps_hide_column":"","pricing_elfsight_apps_url":"","pricing_codecanyon_price_caption":"","integration_category":[],"integration_request_title":"","integration_request_cta":"","integration_platform":"","integrations":[],"platform_category":[],"video_schema_markup":"","price":"a partir de US$ 0\/m\u00eas","trial":"","benefits":[{"text":"Servi\u00e7o de instala\u00e7\u00e3o gratuito"},{"text":"Suporte premium"},{"text":"Garantia de devolu\u00e7\u00e3o do dinheiro em 14 dias"},{"text":"Atualiza\u00e7\u00f5es gratuitas cont\u00ednuas"}],"button_url":"#demo","button_target_blank":"0","button_nofollow":"0","attributes":[{"name":"Instala\u00e7\u00f5es","content":"10,000 - 100,000","_state":"expanded"},{"name":"Responsivo","content":"Sim","_state":"expanded"},{"name":"Navegadores compat\u00edveis","content":"Firefox, Safari, Opera, Chrome, Edge"}],"tags":[],"tags_disable_links":"0","hide_more_platforms":"0","video_object":"","demo_hide_cta":"0","demo_hide_cloud_options":"0","pricing_title":"","pricing":[{"pricing_icon":"cloud","pricing_title":"Elfsight Apps","pricing_title_caption":"Vers\u00e3o multiplataforma que funciona em qualquer site (incluindo Shopify)","pricing_price":"a partir de US$ 0\/m\u00eas","pricing_price_caption":"Comece com um plano gratuito","pricing_benefits":[{"text":"Sites ilimitados"},{"text":"Oferta especial para v\u00e1rios aplicativos"},{"text":"Oferta especial para v\u00e1rios aplicativos"},{"text":"Servi\u00e7o de instala\u00e7\u00e3o gratuito"}],"pricing_button_text":"Adicionar ao site","pricing_button_url":"#demo","_state":"expanded"}],"related_apps_title":"","related_apps_hidden":"1","author":"","image":[],"title":"","job":"","social_networks":[]},"_links":{"self":[{"href":"https:\/\/elfsight.com\/pt\/wp-json\/wp\/v2\/pages\/4502","targetHints":{"allow":["GET"]}}],"collection":[{"href":"https:\/\/elfsight.com\/pt\/wp-json\/wp\/v2\/pages"}],"about":[{"href":"https:\/\/elfsight.com\/pt\/wp-json\/wp\/v2\/types\/page"}],"author":[{"embeddable":true,"href":"https:\/\/elfsight.com\/pt\/wp-json\/wp\/v2\/users\/9"}],"replies":[{"embeddable":true,"href":"https:\/\/elfsight.com\/pt\/wp-json\/wp\/v2\/comments?post=4502"}],"version-history":[{"count":3,"href":"https:\/\/elfsight.com\/pt\/wp-json\/wp\/v2\/pages\/4502\/revisions"}],"predecessor-version":[{"id":14317,"href":"https:\/\/elfsight.com\/pt\/wp-json\/wp\/v2\/pages\/4502\/revisions\/14317"}],"up":[{"embeddable":true,"href":"https:\/\/elfsight.com\/pt\/wp-json\/wp\/v2\/pages\/793"}],"wp:attachment":[{"href":"https:\/\/elfsight.com\/pt\/wp-json\/wp\/v2\/media?parent=4502"}],"curies":[{"name":"wp","href":"https:\/\/api.w.org\/{rel}","templated":true}]}}